{"id":74595,"date":"2025-02-06T11:12:58","date_gmt":"2025-02-06T11:12:58","guid":{"rendered":"https:\/\/jackpotlotteryonline.com\/?page_id=74595"},"modified":"2025-02-06T11:12:58","modified_gmt":"2025-02-06T11:12:58","slug":"her-er-den-norske-oversettelsen-av-teksten","status":"publish","type":"page","link":"https:\/\/jackpotlotteryonline.com\/no\/lotterieresultater\/her-er-den-norske-oversettelsen-av-teksten\/","title":{"rendered":"Her er den norske oversettelsen av teksten:"},"content":{"rendered":"<h3><strong>Lottoresultater for Saturday Lotto<\/strong><\/h3>\n<p>Saturday Lotto, ogs\u00e5 kjent som Tatts Lotto, er et av de mest popul\u00e6re lotteriene i Australia. N\u00e5 som spillere fra hele verden kan delta, er det enda viktigere \u00e5 sjekke vinnernumrene. Hvis du vinner denne australske lottotrekningen, kan du ta med deg minst 5 millioner australske dollar hjem. Denne premien \u00f8ker hvis det ikke er noen vinnere etter trekningen. I tillegg, hvis du deltar i Mega Draw, som arrangeres \u00e9n gang i \u00e5ret til jul, kan du vinne hele 30 millioner dollar!<\/p>\n<p>Hvis du enn\u00e5 ikke har kj\u00f8pt en vinnerkupong, bes\u00f8k <a href=\"https:\/\/jackpotlotteryonline.com\/buy-tickets\/saturday-lotto\">jackpotlotteryonline.com<\/a> og <strong>skaff deg en lottokupong n\u00e5<\/strong>. Deretter kan du komme tilbake for \u00e5 sjekke de vinnende numrene.<\/p>\n<h3><strong>Slik vinner du i Saturday Lotto<\/strong><\/h3>\n<p>Tatts Lotto er enkelt \u00e5 spille, spesielt hvis du spiller p\u00e5 nettet. Spillere m\u00e5 velge <strong>6 hovedtall mellom 1 og 45<\/strong>. I tillegg trekkes det <strong>2 tilleggstall<\/strong> mellom 1 og 6. Disse p\u00e5virker ikke hovedgevinsten, men spiller en rolle i de andre premieklassene.<\/p>\n<p>For \u00e5 vinne hovedgevinsten m\u00e5 lottokupongen din <strong>matche alle 6 hovedtallene<\/strong> som trekkes. I tillegg trekkes det to ekstra tall fra en egen trekningstrommel, som brukes i de lavere premieklassene.<\/p>\n<p>Lottotrekningene holdes \u00e9n gang i uken, <strong>hver l\u00f8rdag<\/strong>. Hvis du vil delta, m\u00e5 du s\u00f8rge for \u00e5 kj\u00f8pe en kupong i tide. Trekningen finner sted <strong>l\u00f8rdag kl. 19:25 AEST<\/strong>, s\u00e5 husk \u00e5 kj\u00f8pe kupongen f\u00f8r dette tidspunktet.<\/p>\n<h3><strong>Spill p\u00e5 nettet<\/strong><\/h3>\n<p>Her er en rask guide til hvordan du spiller p\u00e5 nettet. N\u00e5r du bes\u00f8ker <strong>Saturday Lotto<\/strong>-siden p\u00e5 <a href=\"https:\/\/jackpotlotteryonline.com\/buy-tickets\/saturday-lotto\">jackpotlotteryonline.com<\/a>, kan du velge dine lykketall. Hvis du har <strong>spesielle datoer eller favorittnumre<\/strong>, kan du bruke disse.<\/p>\n<p>Hvis du ikke vet hvilke tall du skal velge \u2013 ingen problem! V\u00e5r <strong>tilfeldige tallgenerator<\/strong> velger tilfeldige vinnertall for deg. Mange lottovinnere har f\u00e5tt sine premier ved \u00e5 bruke tilfeldige tall.<\/p>\n<p>N\u00e5r du har valgt tallene dine, er du med i ukens trekning. F\u00f8r du fullf\u00f8rer betalingen, m\u00e5 du <strong>registrere deg<\/strong>, slik at du kan sikre billetten din og motta premien hvis du vinner.<\/p>\n<hr \/>\n<h3><strong>Se trekningen direkte<\/strong><\/h3>\n<p>Vil du se lottotrekningen i sanntid? Finn ut hvordan du kan gj\u00f8re det <a href=\"https:\/\/jackpotlotteryonline.com\/watch-your-lottery-numbers-being-drawn-live\">her<\/a>.<\/p>\n<hr \/>\n<h3><strong>Premieklasser<\/strong><\/h3>\n<p>Saturday Lotto handler ikke bare om hovedgevinsten. Dette lotteriet har totalt <strong>\u00e5tte premieklasser<\/strong>. N\u00e5r du kj\u00f8per en kupong, har du sjansen til \u00e5 vinne en premie i en av disse kategoriene:<\/p>\n<ul>\n<li><strong>Divisjon 1:<\/strong> 6 riktige tall (Jackpot)<\/li>\n<li><strong>Divisjon 2:<\/strong> 5 riktige tall + 1 tilleggstall<\/li>\n<li><strong>Divisjon 3:<\/strong> 5 riktige tall<\/li>\n<li><strong>Divisjon 4:<\/strong> 4 riktige tall<\/li>\n<li><strong>Divisjon 5:<\/strong> 3 riktige tall + 1 tilleggstall<\/li>\n<li><strong>Divisjon 6:<\/strong> 3 riktige tall<\/li>\n<\/ul>\n<p>En av grunnene til at australiere elsker dette lotteriet er de gode vinnersjansene. Med en <strong>minimumspremie p\u00e5 5 millioner australske dollar<\/strong>, er dette et av de mest attraktive lotteriene. Hvis du enn\u00e5 ikke har kj\u00f8pt en kupong, er dette det perfekte tidspunktet \u00e5 gj\u00f8re det!<\/p>\n<h3><strong>Tilleggstall<\/strong><\/h3>\n<p>Som nevnt tidligere brukes <strong>tilleggstallene<\/strong> i noen premieklasser. Disse trekkes tilfeldig og gjelder for <strong>Divisjon 2 og Divisjon 5<\/strong>. Spillere <strong>kan ikke<\/strong> velge disse tallene selv.<\/p>\n<h3><strong>Slik sjekker du resultatene<\/strong><\/h3>\n<p>Etter at du har kj\u00f8pt en kupong, er den beste m\u00e5ten \u00e5 sjekke resultatene p\u00e5 \u00e5 g\u00e5 tilbake til nettstedet v\u00e5rt. Etter trekningen publiserer vi <strong>alle vinnertallene<\/strong> for Saturday Lotto.<\/p>\n<p>Vi publiserer ikke bare hovednumrene, men ogs\u00e5 resultatene for alle premieklassene. Dermed kan du raskt se hvor n\u00e6r du var en gevinst.<\/p>\n<p>Hvis du er en registrert bruker, blir det enda enklere! <strong>Du f\u00e5r en e-postvarsling<\/strong> hvis du har vunnet en premie. Du trenger ikke \u00e5 lete etter resultatene \u2013 vi gir deg beskjed!<\/p>\n<h3><strong>Slik henter du premien din<\/strong><\/h3>\n<p>Hvis du vinner en premie, er neste steg <strong>\u00e5 f\u00e5 pengene dine utbetalt<\/strong>. Det er jo ingen vits i \u00e5 vinne i lotto hvis du ikke kan f\u00e5 premien din, ikke sant?<\/p>\n<ul>\n<li><strong>Hvis du vinner opptil 2 500 euro<\/strong>, kan du <strong>ta ut pengene direkte til bankkontoen din<\/strong>.<\/li>\n<li><strong>Hvis du vinner mer enn 2 500 euro<\/strong>, m\u00e5 du sende inn et krav direkte til lotteriet. Vi gir deg <strong>et skjema for premiekrav<\/strong> og veileder deg gjennom prosessen. Det er enkelt og problemfritt.<\/li>\n<\/ul>\n<h3><strong>Konklusjon<\/strong><\/h3>\n<p>N\u00e5r du kj\u00f8per en lottokupong via <strong>jackpotlotteryonline.com<\/strong>, f\u00e5r du en <strong>ekte kupong<\/strong>, ikke bare et veddem\u00e5l p\u00e5 resultatet. Hvis du vinner, f\u00e5r du premien din!<\/p>\n<p>V\u00e5r plattform gj\u00f8r det enkelt og trygt \u00e5 spille lotto. Du kan kj\u00f8pe billetter, sjekke resultater og enkelt ta ut gevinstene dine. Alt du trenger \u00e5 gj\u00f8re er \u00e5 spille og ha det g\u00f8y!<\/p>\n<p>\ud83c\udf9f <strong><a href=\"https:\/\/jackpotlotteryonline.com\/play-online\/saturday-lotto\">Spill Saturday Lotto n\u00e5!<\/a><\/strong> \ud83c\udf9f<\/p>\n<hr \/>\n<p>H\u00e5per denne oversettelsen passer! \ud83d\ude0a<\/p>\n","protected":false},"excerpt":{"rendered":"<p>Lottoresultater for Saturday Lotto Saturday Lotto, ogs\u00e5 kjent som Tatts Lotto, er et av de mest popul\u00e6re lotteriene i Australia. N\u00e5 som spillere fra hele verden kan delta, er det enda viktigere \u00e5 sjekke vinnernumrene. Hvis du vinner denne australske lottotrekningen, kan du ta med deg minst 5 millioner australske dollar hjem. Denne premien \u00f8ker [&hellip;]<\/p>\n","protected":false},"author":7,"featured_media":0,"parent":74032,"menu_order":18,"comment_status":"closed","ping_status":"closed","template":"saturday-lotto-results.php","meta":{"_et_pb_use_builder":"","_et_pb_old_content":"","_et_gb_content_width":"","exclude_from_search":false,"footnotes":""},"class_list":["post-74595","page","type-page","status-publish","hentry"],"yoast_head":"<!-- This site is optimized with the Yoast SEO plugin v23.3 - https:\/\/yoast.com\/wordpress\/plugins\/seo\/ -->\n<title>L\u00f8rdag Lotto vinnertall og trekningresultater<\/title>\n<meta name=\"description\" content=\"Sammenlign lottokupongen din med resultatene fra den nyeste L\u00f8rdag Lotto-trekningen \u2013 se vinnertallene her!\" \/>\n<meta name=\"robots\" content=\"index, follow, max-snippet:-1, max-image-preview:large, max-video-preview:-1\" \/>\n<link rel=\"canonical\" href=\"https:\/\/jackpotlotteryonline.com\/no\/lotterieresultater\/her-er-den-norske-oversettelsen-av-teksten\/\" \/>\n<meta property=\"og:locale\" content=\"nb_NO\" \/>\n<meta property=\"og:type\" content=\"article\" \/>\n<meta property=\"og:title\" content=\"L\u00f8rdag Lotto vinnertall og trekningresultater\" \/>\n<meta property=\"og:description\" content=\"Sammenlign lottokupongen din med resultatene fra den nyeste L\u00f8rdag Lotto-trekningen \u2013 se vinnertallene her!\" \/>\n<meta property=\"og:url\" content=\"https:\/\/jackpotlotteryonline.com\/no\/lotterieresultater\/her-er-den-norske-oversettelsen-av-teksten\/\" \/>\n<meta property=\"og:site_name\" content=\"Lotto Online - Crack The International Lottery Jackpots\" \/>\n<meta name=\"twitter:card\" content=\"summary_large_image\" \/>\n<meta name=\"twitter:label1\" content=\"Ansl. lesetid\" \/>\n\t<meta name=\"twitter:data1\" content=\"4 minutter\" \/>\n<!-- \/ Yoast SEO plugin. -->","yoast_head_json":{"title":"L\u00f8rdag Lotto vinnertall og trekningresultater","description":"Sammenlign lottokupongen din med resultatene fra den nyeste L\u00f8rdag Lotto-trekningen \u2013 se vinnertallene her!","robots":{"index":"index","follow":"follow","max-snippet":"max-snippet:-1","max-image-preview":"max-image-preview:large","max-video-preview":"max-video-preview:-1"},"canonical":"https:\/\/jackpotlotteryonline.com\/no\/lotterieresultater\/her-er-den-norske-oversettelsen-av-teksten\/","og_locale":"nb_NO","og_type":"article","og_title":"L\u00f8rdag Lotto vinnertall og trekningresultater","og_description":"Sammenlign lottokupongen din med resultatene fra den nyeste L\u00f8rdag Lotto-trekningen \u2013 se vinnertallene her!","og_url":"https:\/\/jackpotlotteryonline.com\/no\/lotterieresultater\/her-er-den-norske-oversettelsen-av-teksten\/","og_site_name":"Lotto Online - Crack The International Lottery Jackpots","twitter_card":"summary_large_image","twitter_misc":{"Ansl. lesetid":"4 minutter"},"schema":{"@context":"https:\/\/schema.org","@graph":[{"@type":"WebPage","@id":"https:\/\/jackpotlotteryonline.com\/no\/lotterieresultater\/her-er-den-norske-oversettelsen-av-teksten\/","url":"https:\/\/jackpotlotteryonline.com\/no\/lotterieresultater\/her-er-den-norske-oversettelsen-av-teksten\/","name":"L\u00f8rdag Lotto vinnertall og trekningresultater","isPartOf":{"@id":"https:\/\/jackpotlotteryonline.com\/#website"},"datePublished":"2025-02-06T11:12:58+00:00","dateModified":"2025-02-06T11:12:58+00:00","description":"Sammenlign lottokupongen din med resultatene fra den nyeste L\u00f8rdag Lotto-trekningen \u2013 se vinnertallene her!","breadcrumb":{"@id":"https:\/\/jackpotlotteryonline.com\/no\/lotterieresultater\/her-er-den-norske-oversettelsen-av-teksten\/#breadcrumb"},"inLanguage":"nb-NO","potentialAction":[{"@type":"ReadAction","target":["https:\/\/jackpotlotteryonline.com\/no\/lotterieresultater\/her-er-den-norske-oversettelsen-av-teksten\/"]}]},{"@type":"BreadcrumbList","@id":"https:\/\/jackpotlotteryonline.com\/no\/lotterieresultater\/her-er-den-norske-oversettelsen-av-teksten\/#breadcrumb","itemListElement":[{"@type":"ListItem","position":1,"name":"Home","item":"https:\/\/jackpotlotteryonline.com\/no\/"},{"@type":"ListItem","position":2,"name":"Lotterieresultater","item":"https:\/\/jackpotlotteryonline.com\/no\/lotterieresultater\/"},{"@type":"ListItem","position":3,"name":"Her er den norske oversettelsen av teksten:"}]},{"@type":"WebSite","@id":"https:\/\/jackpotlotteryonline.com\/#website","url":"https:\/\/jackpotlotteryonline.com\/","name":"Lotto Online - Crack The International Lottery Jackpots","description":"","potentialAction":[{"@type":"SearchAction","target":{"@type":"EntryPoint","urlTemplate":"https:\/\/jackpotlotteryonline.com\/?s={search_term_string}"},"query-input":"required name=search_term_string"}],"inLanguage":"nb-NO"}]}},"_links":{"self":[{"href":"https:\/\/jackpotlotteryonline.com\/no\/wp-json\/wp\/v2\/pages\/74595","targetHints":{"allow":["GET"]}}],"collection":[{"href":"https:\/\/jackpotlotteryonline.com\/no\/wp-json\/wp\/v2\/pages"}],"about":[{"href":"https:\/\/jackpotlotteryonline.com\/no\/wp-json\/wp\/v2\/types\/page"}],"author":[{"embeddable":true,"href":"https:\/\/jackpotlotteryonline.com\/no\/wp-json\/wp\/v2\/users\/7"}],"replies":[{"embeddable":true,"href":"https:\/\/jackpotlotteryonline.com\/no\/wp-json\/wp\/v2\/comments?post=74595"}],"version-history":[{"count":0,"href":"https:\/\/jackpotlotteryonline.com\/no\/wp-json\/wp\/v2\/pages\/74595\/revisions"}],"up":[{"embeddable":true,"href":"https:\/\/jackpotlotteryonline.com\/no\/wp-json\/wp\/v2\/pages\/74032"}],"wp:attachment":[{"href":"https:\/\/jackpotlotteryonline.com\/no\/wp-json\/wp\/v2\/media?parent=74595"}],"curies":[{"name":"wp","href":"https:\/\/api.w.org\/{rel}","templated":true}]}}