{"id":74611,"date":"2025-02-06T11:22:35","date_gmt":"2025-02-06T11:22:35","guid":{"rendered":"https:\/\/jackpotlotteryonline.com\/?page_id=74611"},"modified":"2025-02-06T11:22:35","modified_gmt":"2025-02-06T11:22:35","slug":"resultater-fra-oz-lotto-trekking","status":"publish","type":"page","link":"https:\/\/jackpotlotteryonline.com\/no\/lotterieresultater\/resultater-fra-oz-lotto-trekking\/","title":{"rendered":"Resultater fra Oz Lotto trekking"},"content":{"rendered":"<h2>Informasjon om Oz Lotto trekking resultater<\/h2>\n<p><img loading=\"lazy\" decoding=\"async\" class=\"alignright size-full wp-image-26942\" src=\"http:\/\/jackpotlotteryonline.com\/wp-content\/uploads\/2022\/11\/1_euromillions_results.jpg\" alt=\"oz lotto trekking resultater\" width=\"300\" height=\"200\" \/>Er du nysgjerrig p\u00e5 resultatene fra Oz Lotto-trekningen eller hva som skjer etter at noen vinner? Vel, denne artikkelen vil veilede deg i hvordan du finner svar p\u00e5 disse sp\u00f8rsm\u00e5lene.<\/p>\n<p>Dette australske lotteriet trekkes hver tirsdag og l\u00f8rdag kl. 19:30 AEST, s\u00e5 etter at du har valgt tallene dine, kan du lene deg tilbake og vente p\u00e5 trekningen. Trekningene gjennomf\u00f8res i Sydney via en datagenerert tallgenerator.<\/p>\n<p>Oz Lotto er et sv\u00e6rt bel\u00f8nnende spill som har syv premieklasser der, hvis klasse 1 (jackpoten) ikke vinnes, kan andre premier vinnes hvis en spiller f\u00e5r fem eller fire tall. I tillegg tildeles ti premier p\u00e5 2 millioner dollar hver n\u00e5r ingen spiller kan matche alle de syv trukne tallene.<\/p>\n<p>Trekningens resultater publiseres en uke etter trekningen p\u00e5 den viktorianske regjeringens nettside. Trekningstiden holdes privat for \u00e5 beskytte deltakerens personvern.<\/p>\n<h2>Hvordan kan jeg vinne i det australske Oz Lotto?<\/h2>\n<p>For \u00e5 vinne en premie i Oz Lotto, b\u00f8r du vite f\u00f8lgende:<\/p>\n<ol>\n<li>For \u00e5 <a href=\"https:\/\/jackpotlotteryonline.com\/play-online\/oz-lotto\">spille Oz Lotto<\/a>, m\u00e5 en spiller trekke ti tall fra en pulje p\u00e5 47.<\/li>\n<li>De f\u00f8rste syv tallene som trekkes, regnes som vinnernumrene for jackpot-premien.<\/li>\n<li>De resterende tre tallene som trekkes, er tilleggstallene som brukes for \u00e5 bestemme premiene for de andre klassene.<\/li>\n<li>Jo flere tall en spiller har som matcher, jo st\u00f8rre blir premien.<\/li>\n<li>\u00c5 delta i Oz Lotto er et spill med tilfeldigheter; du kan enten vinne eller tape.<\/li>\n<\/ol>\n<h2>Hvordan kan jeg sjekke om jeg har vunnet i en bestemt trekking?<\/h2>\n<p><img loading=\"lazy\" decoding=\"async\" class=\"alignright size-full wp-image-26159\" src=\"http:\/\/jackpotlotteryonline.com\/wp-content\/uploads\/2022\/11\/1_buy_lottery_online.jpg\" alt=\"oz lotto trekking resultater\" width=\"212\" height=\"142\" \/>Hvis du har <a href=\"https:\/\/jackpotlotteryonline.com\/buy-tickets\/oz-lotto\">kj\u00f8pt et billett hos oss<\/a>, vennligst sjekk trekningens resultater p\u00e5 v\u00e5r nettside. Den enkleste m\u00e5ten \u00e5 finne ut om du har vunnet, er ved \u00e5 logge inn p\u00e5 spillerkontoen din p\u00e5 v\u00e5r nettside. G\u00e5 deretter til &#8220;mine billetter&#8221;, og du vil se skanningen av billetten din med tallene du har valgt. Etter trekningen vil alle matchende tall bli uthevet.<\/p>\n<p>En annen m\u00e5te \u00e5 finne ut om du har vunnet, er ved \u00e5 sjekke e-posten din. Rett etter trekningen vil du motta en e-post som informerer deg om resultatene. Bruk informasjonen til \u00e5 finne ut om du har vunnet i den trekningen.<\/p>\n<p>Du kan ogs\u00e5 bes\u00f8ke den offisielle nettsiden for australske Oz Lotto for \u00e5 l\u00e6re mer om tidligere resultater og generell informasjon om lotteriet.<\/p>\n<h2>Hvordan kan jeg forbedre mine sjanser for \u00e5 vinne?<\/h2>\n<p>For \u00e5 \u00f8ke sjansene for \u00e5 vinne jackpoten, kan du delta i flere trekninger ved \u00e5 kj\u00f8pe billetter for p\u00e5f\u00f8lgende trekninger. Dette gj\u00f8r det mulig \u00e5 spille de samme tallene i flere uker. Vel, \u00e5 spille p\u00e5 denne m\u00e5ten vil \u00f8ke kostnadene for bestillingene dine, men det gir deg muligheten til \u00e5 spille i flere trekninger.<\/p>\n<section class=\"layout\" style=\"border: solid 1px; width: 100%;\">\n<div class=\"img-div\" style=\"margin-top: 5px;\"><img decoding=\"async\" class=\"wp-image-17212 alignleft\" style=\"height: 45px; margin: 8px 8px 0px;\" src=\"http:\/\/jackpotlotteryonline.com\/wp-content\/uploads\/2022\/11\/read1.jpg\" alt=\"les\" width=\"\" height=\"\" \/><\/div>\n<div style=\"padding-left: 5px;\">\n<div style=\"font-size: 1.1em;\">\n<strong>Velg vinnende lotto tall manuelt eller bruk RNG<\/strong><\/p>\n<p style=\"font-size: 0.85em; margin-top: -1.5em;\">Hvordan generere vinnende lotto tall? <a href=\"https:\/\/jackpotlotteryonline.com\/how-to-generate-winning-lotto-numbers\">les mer<\/a><\/p>\n<\/div>\n<\/div>\n<\/section>\n<h2>Hvordan kan jeg motta min premie?<\/h2>\n<p>I tilfelle du vinner en premie, v\u00e6r oppmerksom p\u00e5 f\u00f8lgende:<\/p>\n<ul>\n<li>Premiene under \u20ac2500 vil automatisk bli overf\u00f8rt til spillerkontoen din. Du kan ta ut eller fortsette \u00e5 kj\u00f8pe billetter med premiebel\u00f8pet.<\/li>\n<li>For premier h\u00f8yere enn \u20ac2500, vil premien bli betalt direkte fra lotterikommisjonen, og du kan enten motta den via bankoverf\u00f8ring eller sjekk.<\/li>\n<\/ul>\n<p>V\u00e6r sikker p\u00e5 \u00e5 ikke g\u00e5 glipp av trekningene. For \u00e5 v\u00e6re sikker p\u00e5 at du ikke g\u00e5r glipp av noen informasjon, anbefales det at du setter jackpotlotteryonline.com som en betrodd e-postleverand\u00f8r.<\/p>\n<h2>For \u00e5 oppsummere&#8230;<\/h2>\n<p>Oz Lotto har v\u00e6rt et av de mest popul\u00e6re lotterispillene i Australia siden 1994. Mange mennesker har blitt million\u00e6rer over natten takket v\u00e6re dette. S\u00e5 hva venter du p\u00e5? Delta i dette australske lotteriet og f\u00e5 en sjanse til \u00e5 vinne en av de mange premiene, om ikke jackpoten.<\/p>\n<p><strong>Registrer deg i dag for \u00e5 vinne!<\/strong><\/p>\n","protected":false},"excerpt":{"rendered":"<p>Informasjon om Oz Lotto trekking resultater Er du nysgjerrig p\u00e5 resultatene fra Oz Lotto-trekningen eller hva som skjer etter at noen vinner? Vel, denne artikkelen vil veilede deg i hvordan du finner svar p\u00e5 disse sp\u00f8rsm\u00e5lene. Dette australske lotteriet trekkes hver tirsdag og l\u00f8rdag kl. 19:30 AEST, s\u00e5 etter at du har valgt tallene dine, [&hellip;]<\/p>\n","protected":false},"author":7,"featured_media":0,"parent":74032,"menu_order":16,"comment_status":"closed","ping_status":"closed","template":"","meta":{"_et_pb_use_builder":"","_et_pb_old_content":"","_et_gb_content_width":"","exclude_from_search":false,"footnotes":""},"class_list":["post-74611","page","type-page","status-publish","hentry"],"yoast_head":"<!-- This site is optimized with the Yoast SEO plugin v23.3 - https:\/\/yoast.com\/wordpress\/plugins\/seo\/ -->\n<title>Oz Lotto vinnende tall og trekning resultater<\/title>\n<meta name=\"description\" content=\"Se vinnertallene og tidligere resultater for Australias Oz Lotto p\u00e5 v\u00e5r trekkingsresultatside. S\u00f8rg for at du ikke g\u00e5r glipp av det!\" \/>\n<meta name=\"robots\" content=\"index, follow, max-snippet:-1, max-image-preview:large, max-video-preview:-1\" \/>\n<link rel=\"canonical\" href=\"https:\/\/jackpotlotteryonline.com\/no\/lotterieresultater\/resultater-fra-oz-lotto-trekking\/\" \/>\n<meta property=\"og:locale\" content=\"nb_NO\" \/>\n<meta property=\"og:type\" content=\"article\" \/>\n<meta property=\"og:title\" content=\"Oz Lotto vinnende tall og trekning resultater\" \/>\n<meta property=\"og:description\" content=\"Se vinnertallene og tidligere resultater for Australias Oz Lotto p\u00e5 v\u00e5r trekkingsresultatside. S\u00f8rg for at du ikke g\u00e5r glipp av det!\" \/>\n<meta property=\"og:url\" content=\"https:\/\/jackpotlotteryonline.com\/no\/lotterieresultater\/resultater-fra-oz-lotto-trekking\/\" \/>\n<meta property=\"og:site_name\" content=\"Lotto Online - Crack The International Lottery Jackpots\" \/>\n<meta property=\"og:image\" content=\"http:\/\/jackpotlotteryonline.com\/wp-content\/uploads\/2022\/11\/1_euromillions_results.jpg\" \/>\n<meta name=\"twitter:card\" content=\"summary_large_image\" \/>\n<!-- \/ Yoast SEO plugin. -->","yoast_head_json":{"title":"Oz Lotto vinnende tall og trekning resultater","description":"Se vinnertallene og tidligere resultater for Australias Oz Lotto p\u00e5 v\u00e5r trekkingsresultatside. S\u00f8rg for at du ikke g\u00e5r glipp av det!","robots":{"index":"index","follow":"follow","max-snippet":"max-snippet:-1","max-image-preview":"max-image-preview:large","max-video-preview":"max-video-preview:-1"},"canonical":"https:\/\/jackpotlotteryonline.com\/no\/lotterieresultater\/resultater-fra-oz-lotto-trekking\/","og_locale":"nb_NO","og_type":"article","og_title":"Oz Lotto vinnende tall og trekning resultater","og_description":"Se vinnertallene og tidligere resultater for Australias Oz Lotto p\u00e5 v\u00e5r trekkingsresultatside. S\u00f8rg for at du ikke g\u00e5r glipp av det!","og_url":"https:\/\/jackpotlotteryonline.com\/no\/lotterieresultater\/resultater-fra-oz-lotto-trekking\/","og_site_name":"Lotto Online - Crack The International Lottery Jackpots","og_image":[{"url":"http:\/\/jackpotlotteryonline.com\/wp-content\/uploads\/2022\/11\/1_euromillions_results.jpg"}],"twitter_card":"summary_large_image","schema":{"@context":"https:\/\/schema.org","@graph":[{"@type":"WebPage","@id":"https:\/\/jackpotlotteryonline.com\/no\/lotterieresultater\/resultater-fra-oz-lotto-trekking\/","url":"https:\/\/jackpotlotteryonline.com\/no\/lotterieresultater\/resultater-fra-oz-lotto-trekking\/","name":"Oz Lotto vinnende tall og trekning resultater","isPartOf":{"@id":"https:\/\/jackpotlotteryonline.com\/#website"},"primaryImageOfPage":{"@id":"https:\/\/jackpotlotteryonline.com\/no\/lotterieresultater\/resultater-fra-oz-lotto-trekking\/#primaryimage"},"image":{"@id":"https:\/\/jackpotlotteryonline.com\/no\/lotterieresultater\/resultater-fra-oz-lotto-trekking\/#primaryimage"},"thumbnailUrl":"http:\/\/jackpotlotteryonline.com\/wp-content\/uploads\/2022\/11\/1_euromillions_results.jpg","datePublished":"2025-02-06T11:22:35+00:00","dateModified":"2025-02-06T11:22:35+00:00","description":"Se vinnertallene og tidligere resultater for Australias Oz Lotto p\u00e5 v\u00e5r trekkingsresultatside. S\u00f8rg for at du ikke g\u00e5r glipp av det!","breadcrumb":{"@id":"https:\/\/jackpotlotteryonline.com\/no\/lotterieresultater\/resultater-fra-oz-lotto-trekking\/#breadcrumb"},"inLanguage":"nb-NO","potentialAction":[{"@type":"ReadAction","target":["https:\/\/jackpotlotteryonline.com\/no\/lotterieresultater\/resultater-fra-oz-lotto-trekking\/"]}]},{"@type":"ImageObject","inLanguage":"nb-NO","@id":"https:\/\/jackpotlotteryonline.com\/no\/lotterieresultater\/resultater-fra-oz-lotto-trekking\/#primaryimage","url":"http:\/\/jackpotlotteryonline.com\/wp-content\/uploads\/2022\/11\/1_euromillions_results.jpg","contentUrl":"http:\/\/jackpotlotteryonline.com\/wp-content\/uploads\/2022\/11\/1_euromillions_results.jpg"},{"@type":"BreadcrumbList","@id":"https:\/\/jackpotlotteryonline.com\/no\/lotterieresultater\/resultater-fra-oz-lotto-trekking\/#breadcrumb","itemListElement":[{"@type":"ListItem","position":1,"name":"Home","item":"https:\/\/jackpotlotteryonline.com\/no\/"},{"@type":"ListItem","position":2,"name":"Lotterieresultater","item":"https:\/\/jackpotlotteryonline.com\/no\/lotterieresultater\/"},{"@type":"ListItem","position":3,"name":"Resultater fra Oz Lotto trekking"}]},{"@type":"WebSite","@id":"https:\/\/jackpotlotteryonline.com\/#website","url":"https:\/\/jackpotlotteryonline.com\/","name":"Lotto Online - Crack The International Lottery Jackpots","description":"","potentialAction":[{"@type":"SearchAction","target":{"@type":"EntryPoint","urlTemplate":"https:\/\/jackpotlotteryonline.com\/?s={search_term_string}"},"query-input":"required name=search_term_string"}],"inLanguage":"nb-NO"}]}},"_links":{"self":[{"href":"https:\/\/jackpotlotteryonline.com\/no\/wp-json\/wp\/v2\/pages\/74611","targetHints":{"allow":["GET"]}}],"collection":[{"href":"https:\/\/jackpotlotteryonline.com\/no\/wp-json\/wp\/v2\/pages"}],"about":[{"href":"https:\/\/jackpotlotteryonline.com\/no\/wp-json\/wp\/v2\/types\/page"}],"author":[{"embeddable":true,"href":"https:\/\/jackpotlotteryonline.com\/no\/wp-json\/wp\/v2\/users\/7"}],"replies":[{"embeddable":true,"href":"https:\/\/jackpotlotteryonline.com\/no\/wp-json\/wp\/v2\/comments?post=74611"}],"version-history":[{"count":0,"href":"https:\/\/jackpotlotteryonline.com\/no\/wp-json\/wp\/v2\/pages\/74611\/revisions"}],"up":[{"embeddable":true,"href":"https:\/\/jackpotlotteryonline.com\/no\/wp-json\/wp\/v2\/pages\/74032"}],"wp:attachment":[{"href":"https:\/\/jackpotlotteryonline.com\/no\/wp-json\/wp\/v2\/media?parent=74611"}],"curies":[{"name":"wp","href":"https:\/\/api.w.org\/{rel}","templated":true}]}}