{"id":74623,"date":"2025-02-06T11:33:47","date_gmt":"2025-02-06T11:33:47","guid":{"rendered":"https:\/\/jackpotlotteryonline.com\/?page_id=74623"},"modified":"2025-02-06T11:33:47","modified_gmt":"2025-02-06T11:33:47","slug":"powerball-australia-trekning-resultater","status":"publish","type":"page","link":"https:\/\/jackpotlotteryonline.com\/no\/lotterieresultater\/powerball-australia-trekning-resultater\/","title":{"rendered":"Powerball Australia trekning resultater"},"content":{"rendered":"<p><span style=\"font-weight: 400;\"><a href=\"https:\/\/jackpotlotteryonline.com\/play-online\/powerball-australia\">\u00c5 spille Powerball Australia<\/a> er enkelt n\u00e5r du kj\u00f8per billettene dine p\u00e5 nett. P\u00e5 den m\u00e5ten kan du f\u00e5 tilgang til Powerball fra hvor som helst i verden. Men \u00e5 kj\u00f8pe billetten er bare en del av \u00e5 spille Powerball. Du m\u00e5 ogs\u00e5 sjekke trekningens resultater for \u00e5 finne ut hvilke tall som vant. P\u00e5 denne m\u00e5ten f\u00e5r du vite om du har vunnet lotteriet eller ikke. Her gir vi tips og informasjon om hvordan du kan sjekke trekningens resultater og hente gevinsten din.<\/span><\/p>\n<h2><span style=\"font-weight: 400;\">Hvordan sjekke Powerball Australia vinnertall<\/span><\/h2>\n<p><span style=\"font-weight: 400;\">For \u00e5 spille Powerball m\u00e5 du velge 7 tall fra 1 til 35, pluss et Powerball tall fra 1 til 20. Under trekningene trekkes 8 tall tilfeldig. Den som matcher de trukkede tallene, har den vinnende Powerball billetten.<\/span><\/p>\n<p><span style=\"font-weight: 400;\">Kanskje du ikke kan se Powerball trekningene p\u00e5 TV. Men du kan sjekke Powerball vinnertall p\u00e5 nett nyhetssider. Disse sidene legger vanligvis ut kun kombinasjonen som vinner jackpotten. Powerball har imidlertid flere andre premie niv\u00e5er.<\/span><\/p>\n<p><span style=\"font-weight: 400;\">S\u00e5, for \u00e5 vite Powerball vinnertall for alle premie niv\u00e5er, kan du sjekke tilbake her etter hver trekning. Vi publiserer Powerball vinnertall p\u00e5 v\u00e5r nettside. I tillegg, hvis du har kj\u00f8pt Powerball billetten fra oss, vil vi varsle deg hvis du har noen av de vinnende tallene. Vi sender deg en e-post og legger ut et varsel p\u00e5 kontoen din. P\u00e5 den m\u00e5ten trenger du ikke \u00e5 v\u00e6re redd for \u00e5 g\u00e5 glipp av gevinsten din.<\/span><\/p>\n<h2><span style=\"font-weight: 400;\"><img loading=\"lazy\" decoding=\"async\" class=\"alignright size-full wp-image-31181\" src=\"http:\/\/jackpotlotteryonline.com\/wp-content\/uploads\/2022\/11\/logo_powerball-300x50-1.jpg\" alt=\"odds of winning Powerball\" width=\"300\" height=\"50\" \/>Hva er oddsene for \u00e5 vinne Powerball?<\/span><\/h2>\n<p><span style=\"font-weight: 400;\">\u00c5 vinne lotteriet er ikke en enkel sak. De fleste ville si at oddsene er utrolig h\u00f8ye. Likevel h\u00f8rer vi om folk som har vunnet livsendrende bel\u00f8p. Powerball Australia spesielt har en lang liste over lotterivinnere, og det er sannsynligvis p\u00e5 grunn av oddsene.<\/span><\/p>\n<p><span style=\"font-weight: 400;\">Oddsen for \u00e5 vinne Powerball lotteriet er 1 av 70 millioner. Det betyr at bokstavelig talt hvem som helst kan vinne Powerball lotteriet.<\/span><\/p>\n<p><span style=\"font-weight: 400;\">I tillegg har Powerball totalt 9 premie niv\u00e5er, noe som \u00f8ker sjansene for \u00e5 vinne i dette lotteriet.<\/span><\/p>\n<h2><span style=\"font-weight: 400;\">Powerball premier<\/span><\/h2>\n<p><span style=\"font-weight: 400;\">Powerball jackpotten er vanligvis et gjennomsnitt p\u00e5 AU$ 8 millioner. Men det er flere andre premier du kan vinne hvis du har Powerball Australia vinnertallene.<\/span><\/p>\n<p><span style=\"font-weight: 400;\">Her er premie niv\u00e5ene og utbetalingene for en av Powerball trekningene. Merk at utbetalingen ikke vil v\u00e6re den samme i hver trekning, ettersom premiene avhenger av lotteribassenget. Men dette er bare for \u00e5 gi deg en id\u00e9 om hva du kan forvente n\u00e5r du f\u00e5r Powerball vinnertallene.<\/span><\/p>\n<p><span style=\"font-weight: 400;\">Divisjon 1: treff 7 + Powerball &#8211; $8,000,000.00 (jackpot)<\/span><\/p>\n<p><span style=\"font-weight: 400;\">Divisjon 2: treff 7 tall &#8211; $95,726.15<\/span><\/p>\n<p><span style=\"font-weight: 400;\">Divisjon 3: treff 6 + Powerball &#8211; $5,661.20<\/span><\/p>\n<p><span style=\"font-weight: 400;\">Divisjon 4: treff 6 tall &#8211; $501.70<\/span><\/p>\n<p><span style=\"font-weight: 400;\">Divisjon 5: treff 5 + Powerball &#8211; $166.75<\/span><\/p>\n<p><span style=\"font-weight: 400;\">Divisjon 6: treff 5 tall &#8211; $73.10<\/span><\/p>\n<p><span style=\"font-weight: 400;\">Divisjon 7: treff 4 + Powerball &#8211; $41.60<\/span><\/p>\n<p><span style=\"font-weight: 400;\">Divisjon 8: treff 3 + Powerball &#8211; $18.05<\/span><\/p>\n<p><span style=\"font-weight: 400;\">Divisjon 9: treff 2 + Powerball &#8211; $10.95<\/span><\/p>\n<h2><span style=\"font-weight: 400;\">Hva du b\u00f8r gj\u00f8re hvis du har de vinnende tallene<\/span><\/h2>\n<p><span style=\"font-weight: 400;\">Hvis du sjekker trekningens resultater og ser at du har Powerball vinnertallene, er neste steg hvordan du kan f\u00e5 tilgang til gevinsten din. Siden du spiller Powerball utenfor Australia, ser du kanskje etter en praktisk m\u00e5te \u00e5 hente ut gevinstene dine.<\/span><\/p>\n<p><span style=\"font-weight: 400;\">N\u00e5r du <a href=\"https:\/\/jackpotlotteryonline.com\/buy-tickets\/powerball-australia\">kj\u00f8per Powerball billetten fra oss<\/a>, f\u00e5r du ogs\u00e5 tilgang til gevinstene dine fra hvor som helst. For premier under et visst bel\u00f8p, trenger du bare \u00e5 trekke gevinsten fra plattformen v\u00e5r. Du kan f\u00e5 pengene direkte inn p\u00e5 bankkontoen din.<\/span><\/p>\n<p><span style=\"font-weight: 400;\">N\u00e5r gevinsten din er h\u00f8yere enn det angitte bel\u00f8pet, vil vi gi deg et kravskjema \u00e5 fylle ut. P\u00e5 den m\u00e5ten kan du kreve gevinsten din direkte fra Powerball lotteriselskapet uten problemer.<\/span><\/p>\n<section class=\"layout\" style=\"border: solid 1px; width: 100%;\">\n<div class=\"img-div\" style=\"margin-top: 5px;\"><img decoding=\"async\" class=\"wp-image-17212 alignleft\" style=\"height: 45px; margin: 8px 8px 0px;\" src=\"http:\/\/jackpotlotteryonline.com\/wp-content\/uploads\/2022\/11\/read1.jpg\" alt=\"read\" width=\"\" height=\"\" \/><\/div>\n<div style=\"padding-left: 5px;\">\n<div style=\"font-size: 1.1em;\">\n<strong>Hvilken bil ville du kj\u00f8pt hvis du vant p\u00e5 lotteriet?<\/strong><\/p>\n<p style=\"font-size: 0.85em; margin-top: -1.5em;\">Vinn p\u00e5 lotteriet og f\u00e5 en ny bil <a href=\"https:\/\/jackpotlotteryonline.com\/what-car-would-you-buy-if-you-win-the-lottery\">les mer<\/a><\/p>\n<\/div>\n<\/div>\n<\/section>\n<h2><span style=\"font-weight: 400;\">Fordeler med \u00e5 spille Powerball p\u00e5 Jackpotlotteryonline.com<\/span><\/h2>\n<ul>\n<li><span style=\"font-weight: 400;\">Du f\u00e5r rask og umiddelbar tilgang til lotteriet. Du trenger ikke \u00e5 bo i Australia for \u00e5 spille Powerball.<\/span><\/li>\n<li><span style=\"font-weight: 400;\">Det er superpraktisk da du ikke trenger \u00e5 forlate komforten av ditt eget hjem. Sjekk de vinnende tallene fra datamaskinen eller mobilen.<\/span><\/li>\n<li><span style=\"font-weight: 400;\">Det er ogs\u00e5 tryggere fordi billetten din er lagret digitalt. Det er viktig da det er den eneste m\u00e5ten \u00e5 kreve gevinsten p\u00e5.<\/span><\/li>\n<li><span style=\"font-weight: 400;\">Du trenger ikke \u00e5 bekymre deg for \u00e5 g\u00e5 glipp av gevinsten, fordi vi vil varsle deg umiddelbart dersom du vinner en premie.<\/span><\/li>\n<li><span style=\"font-weight: 400;\">Du kan enkelt trekke ut gevinsten din p\u00e5 nett uten \u00e5 g\u00e5 noe sted.<\/span><\/li>\n<\/ul>\n<h2><span style=\"font-weight: 400;\">Sjekk de vinnende tallene dine med oss<\/span><\/h2>\n<p><span style=\"font-weight: 400;\">Gjennom tidene har vi investert mye ressurser og innsats for \u00e5 sikre at v\u00e5re spillere f\u00e5r den beste opplevelsen. Vi gj\u00f8r det ikke bare enkelt for deg \u00e5 kj\u00f8pe billetter til topp internasjonale lotterier, men vi g\u00e5r flere skritt videre. Vi gj\u00f8r dette ved \u00e5 gi oppdaterte trekningresultater slik at du enkelt kan sjekke de vinnende tallene.<\/span><\/p>\n<p><span style=\"font-weight: 400;\">Til slutt, du trenger ikke \u00e5 bekymre deg om hvordan du skal f\u00e5 tilgang til gevinsten din hvis du vinner en premie. Vi har tenkt p\u00e5 alt s\u00e5 du kan fokusere p\u00e5 det som betyr noe. Registrer deg hos oss i dag.<\/span><\/p>\n<p>Powerball Australia vinnertall og trekningresultater<br \/>\nSer du etter Powerball Australia vinnertallene? Finn trekningresultatene for australske lotterier p\u00e5 denne nettsiden<\/p>\n<p>&#8212;<\/p>\n<p>Let me know if you need anything else!<\/p>\n","protected":false},"excerpt":{"rendered":"<p>\u00c5 spille Powerball Australia er enkelt n\u00e5r du kj\u00f8per billettene dine p\u00e5 nett. P\u00e5 den m\u00e5ten kan du f\u00e5 tilgang til Powerball fra hvor som helst i verden. Men \u00e5 kj\u00f8pe billetten er bare en del av \u00e5 spille Powerball. Du m\u00e5 ogs\u00e5 sjekke trekningens resultater for \u00e5 finne ut hvilke tall som vant. P\u00e5 [&hellip;]<\/p>\n","protected":false},"author":7,"featured_media":0,"parent":74032,"menu_order":17,"comment_status":"closed","ping_status":"closed","template":"powerball-au-results.php","meta":{"_et_pb_use_builder":"","_et_pb_old_content":"","_et_gb_content_width":"","exclude_from_search":false,"footnotes":""},"class_list":["post-74623","page","type-page","status-publish","hentry"],"yoast_head":"<!-- This site is optimized with the Yoast SEO plugin v23.3 - https:\/\/yoast.com\/wordpress\/plugins\/seo\/ -->\n<title>Vinnende numre og trekningresultater for Powerball Australia<\/title>\n<meta name=\"description\" content=\"Leter du etter de vinnende numrene for Powerball Australia? Finn trekningresultatene for de australske lotteriene p\u00e5 denne siden\" \/>\n<meta name=\"robots\" content=\"index, follow, max-snippet:-1, max-image-preview:large, max-video-preview:-1\" \/>\n<link rel=\"canonical\" href=\"https:\/\/jackpotlotteryonline.com\/no\/lotterieresultater\/powerball-australia-trekning-resultater\/\" \/>\n<meta property=\"og:locale\" content=\"nb_NO\" \/>\n<meta property=\"og:type\" content=\"article\" \/>\n<meta property=\"og:title\" content=\"Vinnende numre og trekningresultater for Powerball Australia\" \/>\n<meta property=\"og:description\" content=\"Leter du etter de vinnende numrene for Powerball Australia? Finn trekningresultatene for de australske lotteriene p\u00e5 denne siden\" \/>\n<meta property=\"og:url\" content=\"https:\/\/jackpotlotteryonline.com\/no\/lotterieresultater\/powerball-australia-trekning-resultater\/\" \/>\n<meta property=\"og:site_name\" content=\"Lotto Online - Crack The International Lottery Jackpots\" \/>\n<meta property=\"og:image\" content=\"http:\/\/jackpotlotteryonline.com\/wp-content\/uploads\/2022\/11\/logo_powerball-300x50-1.jpg\" \/>\n<meta name=\"twitter:card\" content=\"summary_large_image\" \/>\n<!-- \/ Yoast SEO plugin. -->","yoast_head_json":{"title":"Vinnende numre og trekningresultater for Powerball Australia","description":"Leter du etter de vinnende numrene for Powerball Australia? Finn trekningresultatene for de australske lotteriene p\u00e5 denne siden","robots":{"index":"index","follow":"follow","max-snippet":"max-snippet:-1","max-image-preview":"max-image-preview:large","max-video-preview":"max-video-preview:-1"},"canonical":"https:\/\/jackpotlotteryonline.com\/no\/lotterieresultater\/powerball-australia-trekning-resultater\/","og_locale":"nb_NO","og_type":"article","og_title":"Vinnende numre og trekningresultater for Powerball Australia","og_description":"Leter du etter de vinnende numrene for Powerball Australia? Finn trekningresultatene for de australske lotteriene p\u00e5 denne siden","og_url":"https:\/\/jackpotlotteryonline.com\/no\/lotterieresultater\/powerball-australia-trekning-resultater\/","og_site_name":"Lotto Online - Crack The International Lottery Jackpots","og_image":[{"url":"http:\/\/jackpotlotteryonline.com\/wp-content\/uploads\/2022\/11\/logo_powerball-300x50-1.jpg"}],"twitter_card":"summary_large_image","schema":{"@context":"https:\/\/schema.org","@graph":[{"@type":"WebPage","@id":"https:\/\/jackpotlotteryonline.com\/no\/lotterieresultater\/powerball-australia-trekning-resultater\/","url":"https:\/\/jackpotlotteryonline.com\/no\/lotterieresultater\/powerball-australia-trekning-resultater\/","name":"Vinnende numre og trekningresultater for Powerball Australia","isPartOf":{"@id":"https:\/\/jackpotlotteryonline.com\/#website"},"primaryImageOfPage":{"@id":"https:\/\/jackpotlotteryonline.com\/no\/lotterieresultater\/powerball-australia-trekning-resultater\/#primaryimage"},"image":{"@id":"https:\/\/jackpotlotteryonline.com\/no\/lotterieresultater\/powerball-australia-trekning-resultater\/#primaryimage"},"thumbnailUrl":"http:\/\/jackpotlotteryonline.com\/wp-content\/uploads\/2022\/11\/logo_powerball-300x50-1.jpg","datePublished":"2025-02-06T11:33:47+00:00","dateModified":"2025-02-06T11:33:47+00:00","description":"Leter du etter de vinnende numrene for Powerball Australia? Finn trekningresultatene for de australske lotteriene p\u00e5 denne siden","breadcrumb":{"@id":"https:\/\/jackpotlotteryonline.com\/no\/lotterieresultater\/powerball-australia-trekning-resultater\/#breadcrumb"},"inLanguage":"nb-NO","potentialAction":[{"@type":"ReadAction","target":["https:\/\/jackpotlotteryonline.com\/no\/lotterieresultater\/powerball-australia-trekning-resultater\/"]}]},{"@type":"ImageObject","inLanguage":"nb-NO","@id":"https:\/\/jackpotlotteryonline.com\/no\/lotterieresultater\/powerball-australia-trekning-resultater\/#primaryimage","url":"http:\/\/jackpotlotteryonline.com\/wp-content\/uploads\/2022\/11\/logo_powerball-300x50-1.jpg","contentUrl":"http:\/\/jackpotlotteryonline.com\/wp-content\/uploads\/2022\/11\/logo_powerball-300x50-1.jpg"},{"@type":"BreadcrumbList","@id":"https:\/\/jackpotlotteryonline.com\/no\/lotterieresultater\/powerball-australia-trekning-resultater\/#breadcrumb","itemListElement":[{"@type":"ListItem","position":1,"name":"Home","item":"https:\/\/jackpotlotteryonline.com\/no\/"},{"@type":"ListItem","position":2,"name":"Lotterieresultater","item":"https:\/\/jackpotlotteryonline.com\/no\/lotterieresultater\/"},{"@type":"ListItem","position":3,"name":"Powerball Australia trekning resultater"}]},{"@type":"WebSite","@id":"https:\/\/jackpotlotteryonline.com\/#website","url":"https:\/\/jackpotlotteryonline.com\/","name":"Lotto Online - Crack The International Lottery Jackpots","description":"","potentialAction":[{"@type":"SearchAction","target":{"@type":"EntryPoint","urlTemplate":"https:\/\/jackpotlotteryonline.com\/?s={search_term_string}"},"query-input":"required name=search_term_string"}],"inLanguage":"nb-NO"}]}},"_links":{"self":[{"href":"https:\/\/jackpotlotteryonline.com\/no\/wp-json\/wp\/v2\/pages\/74623","targetHints":{"allow":["GET"]}}],"collection":[{"href":"https:\/\/jackpotlotteryonline.com\/no\/wp-json\/wp\/v2\/pages"}],"about":[{"href":"https:\/\/jackpotlotteryonline.com\/no\/wp-json\/wp\/v2\/types\/page"}],"author":[{"embeddable":true,"href":"https:\/\/jackpotlotteryonline.com\/no\/wp-json\/wp\/v2\/users\/7"}],"replies":[{"embeddable":true,"href":"https:\/\/jackpotlotteryonline.com\/no\/wp-json\/wp\/v2\/comments?post=74623"}],"version-history":[{"count":0,"href":"https:\/\/jackpotlotteryonline.com\/no\/wp-json\/wp\/v2\/pages\/74623\/revisions"}],"up":[{"embeddable":true,"href":"https:\/\/jackpotlotteryonline.com\/no\/wp-json\/wp\/v2\/pages\/74032"}],"wp:attachment":[{"href":"https:\/\/jackpotlotteryonline.com\/no\/wp-json\/wp\/v2\/media?parent=74623"}],"curies":[{"name":"wp","href":"https:\/\/api.w.org\/{rel}","templated":true}]}}