{"id":77621,"date":"2025-03-21T17:46:07","date_gmt":"2025-03-21T17:46:07","guid":{"rendered":"https:\/\/jackpotlotteryonline.com\/?page_id=77621"},"modified":"2025-03-21T17:46:07","modified_gmt":"2025-03-21T17:46:07","slug":"hvor-kan-du-kjope-new-york-lotteribilletter-utenfor-usa","status":"publish","type":"page","link":"https:\/\/jackpotlotteryonline.com\/no\/hvordan-kjope-lotteribilletter-online\/hvor-kan-du-kjope-new-york-lotteribilletter-utenfor-usa\/","title":{"rendered":"Hvor kan du kj\u00f8pe New York-lotteribilletter utenfor USA?"},"content":{"rendered":"<p>Disse New York-jackpottene er helt enorme \u2013 de er praktisk talt legendariske. Folk over hele verden jager dem! Hva med folk som ikke er i USA? Kan du kj\u00f8pe New York Lottery-lodd fra utenfor USA Absolutt! Gjett hva? JackpotLottery lar deg skaffe ekte New York Lottery-lodd online, som, fra hvor som helst p\u00e5 planeten!<\/p>\n<h2>Kan du kj\u00f8pe New York-lotteribilletter utenfor USA?<\/h2>\n<p>Helt! S\u00e5 selv om du ikke er i New York eller til og med Amerika, kan du fortsatt delta i New York Lottery. Med JackpotLottery kan internasjonale spillere trygt kj\u00f8pe lodd fra hvor som helst. Dette utjevner spillefeltet, og gir deg like sjanser til \u00e5 vinne som om du skulle kj\u00f8pe en billett personlig. I utgangspunktet lar JackpotLottery noen kj\u00f8pe billetten din for deg, som en personlig lotteri-shopper. Du vil motta en skannet kopi av den offisielle billetten din p\u00e5 kontoen din, som gir tydelig bevis p\u00e5 kj\u00f8pet ditt og ekstra sikkerhet.<\/p>\n<h3>Hvordan kj\u00f8per du New York-lotteribilletter p\u00e5 nett med JackpotLottery<img loading=\"lazy\" decoding=\"async\" class=\" wp-image-29318 alignright\" src=\"https:\/\/jackpotlotteryonline.com\/wp-content\/uploads\/2022\/11\/1_play_onlinelottery4-300x200.jpg\" New York Lotterany.jpg\" alt=\"Cside US Lotterany Ticket\" width=\"262\" height=\"174\" srcset=\"https:\/\/jackpotlotteryonline.com\/wp-content\/uploads\/2022\/11\/1_play_onlinelottery4-300x200.jpg 300w, https:\/\/jackpotlotteryonline.com\/wp-content\/uploads\/2022\/11\/1_play_onlinelottery4.jpg 320w\" sizes=\"auto, (max-width: 262px) 100vw, 262px\" \/><\/h3>\n<p>\u00c5 spille New York-lotteriet internasjonalt er veldig tilgjengelig n\u00e5r du bruker Jackpotlotteri. Disse enkle instruksjonene vil veilede deg:<\/p>\n<p>1. Kom i gang ved \u00e5 registrere deg. Kom i gang med JackpotLottery ved \u00e5 skrive inn detaljene dine og bekrefte identiteten din n\u00e5. P\u00e5 denne m\u00e5ten er alt sikkert og du vil ikke ha noen problemer med \u00e5 f\u00e5 gevinstene dine.<br \/>\n2. Under lotteri-delen velg New York Lottery. Hvis du er ute etter en stor jackpot, er New York Lotto et sv\u00e6rt popul\u00e6rt alternativ.<br \/>\n3. Velg n\u00e5 tallene dine. Du har muligheten til \u00e5 manuelt velge seks tall fra 1 til 59, eller du kan bruke Quick Pick-funksjonen for \u00e5 f\u00e5 systemet til \u00e5 generere dem tilfeldig for deg.<br \/>\n4. Fortsett til billettkj\u00f8p. Velg blant v\u00e5re tilgjengelige betalingsm\u00e5ter for \u00e5 enkelt kj\u00f8pe billetten din. Etter vellykket kj\u00f8psbekreftelse vil JackpotLottery fortsette med anskaffelsen av en offisiell billett i ditt navn.<\/p>\n<p>5. Finn ut resultatene av trekningen.<br \/>\nFinn ut med en gang om du har f\u00e5tt jackpot.<br \/>\n6. Verifisert betalingsgaranti<br \/>\nSm\u00e5 gevinster g\u00e5r rett inn p\u00e5 kontoen din, og for de store tar JackpotLottery seg av alt.<\/p>\n<p><strong>Spill New York Lottery i dag<\/strong><br \/>\nN\u00e5 vet du hvordan du spiller fra utlandet, fortsett og pr\u00f8v \u00e5 vinne stort i New York Lottery. Bli med p\u00e5 handlingen! Registrer deg med JackpotLottery, kj\u00f8p billetten din og bli en del av USAs spennende lotteritrekning! Du er bare \u00e9n billett unna \u00e5 gj\u00f8re jackpotdr\u00f8mmene dine til virkelighet.<\/p>\n","protected":false},"excerpt":{"rendered":"<p>Disse New York-jackpottene er helt enorme \u2013 de er praktisk talt legendariske. Folk over hele verden jager dem! Hva med folk som ikke er i USA? Kan du kj\u00f8pe New York Lottery-lodd fra utenfor USA Absolutt! Gjett hva? JackpotLottery lar deg skaffe ekte New York Lottery-lodd online, som, fra hvor som helst p\u00e5 planeten! Kan [&hellip;]<\/p>\n","protected":false},"author":7,"featured_media":0,"parent":73590,"menu_order":0,"comment_status":"closed","ping_status":"closed","template":"","meta":{"_et_pb_use_builder":"","_et_pb_old_content":"","_et_gb_content_width":"","exclude_from_search":false,"footnotes":""},"class_list":["post-77621","page","type-page","status-publish","hentry"],"yoast_head":"<!-- This site is optimized with the Yoast SEO plugin v23.3 - https:\/\/yoast.com\/wordpress\/plugins\/seo\/ -->\n<title>Kan du kj\u00f8pe New York-lotteribilletter utenfor USA?<\/title>\n<meta name=\"description\" content=\"Lurer du p\u00e5 om du kan kj\u00f8pe New York Lottery-lodd fra utenfor USA? Oppdag de beste m\u00e5tene \u00e5 spille online og f\u00e5 premier internasjonalt!\" \/>\n<meta name=\"robots\" content=\"index, follow, max-snippet:-1, max-image-preview:large, max-video-preview:-1\" \/>\n<link rel=\"canonical\" href=\"https:\/\/jackpotlotteryonline.com\/where-can-you-buy-new-york-lottery-tickets-outside-the-usa\/\" \/>\n<meta property=\"og:locale\" content=\"nb_NO\" \/>\n<meta property=\"og:type\" content=\"article\" \/>\n<meta property=\"og:title\" content=\"Kan du kj\u00f8pe New York-lotteribilletter utenfor USA?\" \/>\n<meta property=\"og:description\" content=\"Lurer du p\u00e5 om du kan kj\u00f8pe New York Lottery-lodd fra utenfor USA? Oppdag de beste m\u00e5tene \u00e5 spille online og f\u00e5 premier internasjonalt!\" \/>\n<meta property=\"og:url\" content=\"https:\/\/jackpotlotteryonline.com\/where-can-you-buy-new-york-lottery-tickets-outside-the-usa\/\" \/>\n<meta property=\"og:site_name\" content=\"Lotto Online - Crack The International Lottery Jackpots\" \/>\n<meta property=\"og:image\" content=\"https:\/\/jackpotlotteryonline.com\/wp-content\/uploads\/2022\/11\/1_play_onlinelottery4-300x200.jpg\" \/>\n<meta name=\"twitter:card\" content=\"summary_large_image\" \/>\n<!-- \/ Yoast SEO plugin. -->","yoast_head_json":{"title":"Kan du kj\u00f8pe New York-lotteribilletter utenfor USA?","description":"Lurer du p\u00e5 om du kan kj\u00f8pe New York Lottery-lodd fra utenfor USA? Oppdag de beste m\u00e5tene \u00e5 spille online og f\u00e5 premier internasjonalt!","robots":{"index":"index","follow":"follow","max-snippet":"max-snippet:-1","max-image-preview":"max-image-preview:large","max-video-preview":"max-video-preview:-1"},"canonical":"https:\/\/jackpotlotteryonline.com\/where-can-you-buy-new-york-lottery-tickets-outside-the-usa\/","og_locale":"nb_NO","og_type":"article","og_title":"Kan du kj\u00f8pe New York-lotteribilletter utenfor USA?","og_description":"Lurer du p\u00e5 om du kan kj\u00f8pe New York Lottery-lodd fra utenfor USA? Oppdag de beste m\u00e5tene \u00e5 spille online og f\u00e5 premier internasjonalt!","og_url":"https:\/\/jackpotlotteryonline.com\/where-can-you-buy-new-york-lottery-tickets-outside-the-usa\/","og_site_name":"Lotto Online - Crack The International Lottery Jackpots","og_image":[{"url":"https:\/\/jackpotlotteryonline.com\/wp-content\/uploads\/2022\/11\/1_play_onlinelottery4-300x200.jpg"}],"twitter_card":"summary_large_image","schema":{"@context":"https:\/\/schema.org","@graph":[{"@type":"WebPage","@id":"https:\/\/jackpotlotteryonline.com\/where-can-you-buy-new-york-lottery-tickets-outside-the-usa\/","url":"https:\/\/jackpotlotteryonline.com\/where-can-you-buy-new-york-lottery-tickets-outside-the-usa\/","name":"Kan du kj\u00f8pe New York-lotteribilletter utenfor USA?","isPartOf":{"@id":"https:\/\/jackpotlotteryonline.com\/#website"},"primaryImageOfPage":{"@id":"https:\/\/jackpotlotteryonline.com\/where-can-you-buy-new-york-lottery-tickets-outside-the-usa\/#primaryimage"},"image":{"@id":"https:\/\/jackpotlotteryonline.com\/where-can-you-buy-new-york-lottery-tickets-outside-the-usa\/#primaryimage"},"thumbnailUrl":"https:\/\/jackpotlotteryonline.com\/wp-content\/uploads\/2022\/11\/1_play_onlinelottery4-300x200.jpg","datePublished":"2025-03-21T17:46:07+00:00","dateModified":"2025-03-21T17:46:07+00:00","description":"Lurer du p\u00e5 om du kan kj\u00f8pe New York Lottery-lodd fra utenfor USA? Oppdag de beste m\u00e5tene \u00e5 spille online og f\u00e5 premier internasjonalt!","breadcrumb":{"@id":"https:\/\/jackpotlotteryonline.com\/where-can-you-buy-new-york-lottery-tickets-outside-the-usa\/#breadcrumb"},"inLanguage":"nb-NO","potentialAction":[{"@type":"ReadAction","target":["https:\/\/jackpotlotteryonline.com\/where-can-you-buy-new-york-lottery-tickets-outside-the-usa\/"]}]},{"@type":"ImageObject","inLanguage":"nb-NO","@id":"https:\/\/jackpotlotteryonline.com\/where-can-you-buy-new-york-lottery-tickets-outside-the-usa\/#primaryimage","url":"https:\/\/jackpotlotteryonline.com\/wp-content\/uploads\/2022\/11\/1_play_onlinelottery4-300x200.jpg","contentUrl":"https:\/\/jackpotlotteryonline.com\/wp-content\/uploads\/2022\/11\/1_play_onlinelottery4-300x200.jpg"},{"@type":"BreadcrumbList","@id":"https:\/\/jackpotlotteryonline.com\/where-can-you-buy-new-york-lottery-tickets-outside-the-usa\/#breadcrumb","itemListElement":[{"@type":"ListItem","position":1,"name":"Home","item":"https:\/\/jackpotlotteryonline.com\/no\/"},{"@type":"ListItem","position":2,"name":"Hvor kan du kj\u00f8pe New York-lotteribilletter utenfor USA?"}]},{"@type":"WebSite","@id":"https:\/\/jackpotlotteryonline.com\/#website","url":"https:\/\/jackpotlotteryonline.com\/","name":"Lotto Online - Crack The International Lottery Jackpots","description":"","potentialAction":[{"@type":"SearchAction","target":{"@type":"EntryPoint","urlTemplate":"https:\/\/jackpotlotteryonline.com\/?s={search_term_string}"},"query-input":"required name=search_term_string"}],"inLanguage":"nb-NO"}]}},"_links":{"self":[{"href":"https:\/\/jackpotlotteryonline.com\/no\/wp-json\/wp\/v2\/pages\/77621","targetHints":{"allow":["GET"]}}],"collection":[{"href":"https:\/\/jackpotlotteryonline.com\/no\/wp-json\/wp\/v2\/pages"}],"about":[{"href":"https:\/\/jackpotlotteryonline.com\/no\/wp-json\/wp\/v2\/types\/page"}],"author":[{"embeddable":true,"href":"https:\/\/jackpotlotteryonline.com\/no\/wp-json\/wp\/v2\/users\/7"}],"replies":[{"embeddable":true,"href":"https:\/\/jackpotlotteryonline.com\/no\/wp-json\/wp\/v2\/comments?post=77621"}],"version-history":[{"count":2,"href":"https:\/\/jackpotlotteryonline.com\/no\/wp-json\/wp\/v2\/pages\/77621\/revisions"}],"predecessor-version":[{"id":77623,"href":"https:\/\/jackpotlotteryonline.com\/no\/wp-json\/wp\/v2\/pages\/77621\/revisions\/77623"}],"up":[{"embeddable":true,"href":"https:\/\/jackpotlotteryonline.com\/no\/wp-json\/wp\/v2\/pages\/73590"}],"wp:attachment":[{"href":"https:\/\/jackpotlotteryonline.com\/no\/wp-json\/wp\/v2\/media?parent=77621"}],"curies":[{"name":"wp","href":"https:\/\/api.w.org\/{rel}","templated":true}]}}