{"id":77695,"date":"2025-03-22T07:53:35","date_gmt":"2025-03-22T07:53:35","guid":{"rendered":"https:\/\/jackpotlotteryonline.com\/?page_id=77695"},"modified":"2025-03-22T07:53:35","modified_gmt":"2025-03-22T07:53:35","slug":"finn-ut-dagens-resultater-for-new-york-lottery","status":"publish","type":"page","link":"https:\/\/jackpotlotteryonline.com\/no\/lotterieresultater\/finn-ut-dagens-resultater-for-new-york-lottery\/","title":{"rendered":"Finn ut dagens resultater for New York Lottery"},"content":{"rendered":"<p>Folk er alltid begeistret for New York Lottery, og venter p\u00e5 \u00e5 se den siste trekningen. Hvis du trenger dagens New York Lottery-nummer, er du akkurat der du b\u00f8r v\u00e6re. \u00c5 sjekke New York Lotto-numrene er raskt og enkelt, bare noen f\u00e5 klikk.<\/p>\n<h2>Hvor kan jeg se New York Lottery-resultatene for i dag?<\/h2>\n<p>Det er b\u00e5de enkelt og praktisk \u00e5 sjekke dagens New York Lottery-resultater. Her kan du se etter vinnertallene;<br \/>\nStol p\u00e5 JackpotLottery for oppdaterte lotteriresultater og muligheten til \u00e5 kj\u00f8pe billetter direkte online. Umiddelbart etter at resultatene er kunngjort, er de vanligvis tilgjengelige p\u00e5 denne plattformen. Dessuten vil du umiddelbart bli varslet i tilfelle en gevinst, slik at du ikke g\u00e5r glipp av gevinstene dine.<\/p>\n<p><strong>N\u00e5r trekkes New York Lottery?<img loading=\"lazy\" decoding=\"async\" class=\" wp-image-51568 alignright\" src=\"https:\/\/jackpotlotteryonline.com\/wp-content\/uploads\/2023\/09\/8.png\" alt=\"Hvor kan jeg se New York Lottery-resultatene for i dag?\" width=\"233\" height=\"233\" srcset=\"https:\/\/jackpotlotteryonline.com\/wp-content\/uploads\/2023\/09\/8.png 300w, https:\/\/jackpotlotteryonline.com\/wp-content\/uploads\/2023\/09\/8-100x100.png 100w, https:\/\/jackpotlotteryonline.com\/wp-content\/uploads\/2023\/09\/8-150x150.png 150w\" sizes=\"auto, (max-width: 233px) 100vw, 233px\" \/><\/strong><\/p>\n<p>Du kan se New York Lotto-trekningen hver onsdag og l\u00f8rdag klokken 23:21 Eastern Time. N\u00e5r du bruker denne plattformen vil du alltid v\u00e6re oppdatert. Nedtellingen for \u00e5 trekke vises alltid ved siden av lotteriet.<\/p>\n<h3>Hvordan sjekke om du vant New York-lotteriet<\/h3>\n<ul>\n<li>N\u00e5r du har f\u00e5tt dagens resultater for lotteriet i New York, vil disse trinnene veilede deg gjennom \u00e5 bekrefte billetten din.<\/li>\n<li>Sammenlign tallene dine: Kontroller om de valgte tallene er de samme som tallene som er trukket.<\/li>\n<li>Se om du har ekstrautstyr: Noen spill har bonustall og multiplikatorer.<\/li>\n<li>For \u00e5 kreve gevinster, f\u00f8lg kravsprosedyren v\u00e5r, som varierer basert p\u00e5 premiebel\u00f8pet, som potensielt kan involvere krav p\u00e5 nett for mindre summer eller personlig verifisering for store jackpotter.<\/li>\n<\/ul>\n<h2>Retningslinjer for lotterivinnere i New York<\/h2>\n<p>Hvis du vinner i lotto, er livet ditt i ferd med \u00e5 endre seg, s\u00e5 du m\u00e5 gj\u00f8re ting p\u00e5 riktig m\u00e5te.<\/p>\n<ul>\n<li>Hold deg rett og bekreft: S\u00f8rg for at billetten din samsvarer med de offisielle tallene f\u00f8r du feirer.<\/li>\n<li>Velg hvordan du vil ha gevinstene dine: Jackpotter utbetales vanligvis som en enkeltbetaling eller gjennom en serie med \u00e5rlige utbetalinger.<\/li>\n<li>S\u00f8rg for langsiktig sikkerhet: S\u00f8k r\u00e5d fra en finansiell r\u00e5dgiver for \u00e5 administrere lotterigevinstene dine p\u00e5 en fornuftig m\u00e5te.<\/li>\n<li>V\u00e6r oppmerksom p\u00e5 kravfrister: S\u00f8rg for at du gj\u00f8r krav p\u00e5 premien innen den angitte tiden, siden hvert spill har en grense.<\/li>\n<\/ul>\n<p><strong>F\u00e5 de siste New York-lotteriresultatene umiddelbart!<\/strong><\/p>\n<p>N\u00e5 som du vet svaret p\u00e5; Hvor kan jeg se New York Lottery-resultatene for i dag, s\u00f8rg for at du sjekker billettene dine ofte. \u00c5 holde seg informert om de siste trekningene \u00f8ker sjansene dine for \u00e5 lykkes, uansett om du spiller tilfeldig eller for en jackpot. F\u00e5 alle de siste oppdateringene fra JackpotLottery og \u00f8k vinnersjansene dine! Vi \u00f8nsker deg alt godt.<\/p>\n","protected":false},"excerpt":{"rendered":"<p>Folk er alltid begeistret for New York Lottery, og venter p\u00e5 \u00e5 se den siste trekningen. Hvis du trenger dagens New York Lottery-nummer, er du akkurat der du b\u00f8r v\u00e6re. \u00c5 sjekke New York Lotto-numrene er raskt og enkelt, bare noen f\u00e5 klikk. Hvor kan jeg se New York Lottery-resultatene for i dag? Det er [&hellip;]<\/p>\n","protected":false},"author":7,"featured_media":0,"parent":74032,"menu_order":0,"comment_status":"closed","ping_status":"closed","template":"","meta":{"_et_pb_use_builder":"","_et_pb_old_content":"","_et_gb_content_width":"","exclude_from_search":false,"footnotes":""},"class_list":["post-77695","page","type-page","status-publish","hentry"],"yoast_head":"<!-- This site is optimized with the Yoast SEO plugin v23.3 - https:\/\/yoast.com\/wordpress\/plugins\/seo\/ -->\n<title>Hvor kan jeg se New York Lottery-resultatene for i dag<\/title>\n<meta name=\"description\" content=\"Hvor kan jeg se New York Lottery-resultatene for i dag? Finn ut hvor du kan sjekke de siste vinnertallene umiddelbart og hold deg oppdatert\" \/>\n<meta name=\"robots\" content=\"index, follow, max-snippet:-1, max-image-preview:large, max-video-preview:-1\" \/>\n<link rel=\"canonical\" href=\"https:\/\/jackpotlotteryonline.com\/find-out-todays-results-for-new-york-lottery-2\/\" \/>\n<meta property=\"og:locale\" content=\"nb_NO\" \/>\n<meta property=\"og:type\" content=\"article\" \/>\n<meta property=\"og:title\" content=\"Hvor kan jeg se New York Lottery-resultatene for i dag\" \/>\n<meta property=\"og:description\" content=\"Hvor kan jeg se New York Lottery-resultatene for i dag? Finn ut hvor du kan sjekke de siste vinnertallene umiddelbart og hold deg oppdatert\" \/>\n<meta property=\"og:url\" content=\"https:\/\/jackpotlotteryonline.com\/find-out-todays-results-for-new-york-lottery-2\/\" \/>\n<meta property=\"og:site_name\" content=\"Lotto Online - Crack The International Lottery Jackpots\" \/>\n<meta property=\"og:image\" content=\"https:\/\/jackpotlotteryonline.com\/wp-content\/uploads\/2023\/09\/8.png\" \/>\n<meta name=\"twitter:card\" content=\"summary_large_image\" \/>\n<meta name=\"twitter:label1\" content=\"Ansl. lesetid\" \/>\n\t<meta name=\"twitter:data1\" content=\"3 minutter\" \/>\n<!-- \/ Yoast SEO plugin. -->","yoast_head_json":{"title":"Hvor kan jeg se New York Lottery-resultatene for i dag","description":"Hvor kan jeg se New York Lottery-resultatene for i dag? Finn ut hvor du kan sjekke de siste vinnertallene umiddelbart og hold deg oppdatert","robots":{"index":"index","follow":"follow","max-snippet":"max-snippet:-1","max-image-preview":"max-image-preview:large","max-video-preview":"max-video-preview:-1"},"canonical":"https:\/\/jackpotlotteryonline.com\/find-out-todays-results-for-new-york-lottery-2\/","og_locale":"nb_NO","og_type":"article","og_title":"Hvor kan jeg se New York Lottery-resultatene for i dag","og_description":"Hvor kan jeg se New York Lottery-resultatene for i dag? Finn ut hvor du kan sjekke de siste vinnertallene umiddelbart og hold deg oppdatert","og_url":"https:\/\/jackpotlotteryonline.com\/find-out-todays-results-for-new-york-lottery-2\/","og_site_name":"Lotto Online - Crack The International Lottery Jackpots","og_image":[{"url":"https:\/\/jackpotlotteryonline.com\/wp-content\/uploads\/2023\/09\/8.png"}],"twitter_card":"summary_large_image","twitter_misc":{"Ansl. lesetid":"3 minutter"},"schema":{"@context":"https:\/\/schema.org","@graph":[{"@type":"WebPage","@id":"https:\/\/jackpotlotteryonline.com\/find-out-todays-results-for-new-york-lottery-2\/","url":"https:\/\/jackpotlotteryonline.com\/find-out-todays-results-for-new-york-lottery-2\/","name":"Hvor kan jeg se New York Lottery-resultatene for i dag","isPartOf":{"@id":"https:\/\/jackpotlotteryonline.com\/#website"},"primaryImageOfPage":{"@id":"https:\/\/jackpotlotteryonline.com\/find-out-todays-results-for-new-york-lottery-2\/#primaryimage"},"image":{"@id":"https:\/\/jackpotlotteryonline.com\/find-out-todays-results-for-new-york-lottery-2\/#primaryimage"},"thumbnailUrl":"https:\/\/jackpotlotteryonline.com\/wp-content\/uploads\/2023\/09\/8.png","datePublished":"2025-03-22T07:53:35+00:00","dateModified":"2025-03-22T07:53:35+00:00","description":"Hvor kan jeg se New York Lottery-resultatene for i dag? Finn ut hvor du kan sjekke de siste vinnertallene umiddelbart og hold deg oppdatert","breadcrumb":{"@id":"https:\/\/jackpotlotteryonline.com\/find-out-todays-results-for-new-york-lottery-2\/#breadcrumb"},"inLanguage":"nb-NO","potentialAction":[{"@type":"ReadAction","target":["https:\/\/jackpotlotteryonline.com\/find-out-todays-results-for-new-york-lottery-2\/"]}]},{"@type":"ImageObject","inLanguage":"nb-NO","@id":"https:\/\/jackpotlotteryonline.com\/find-out-todays-results-for-new-york-lottery-2\/#primaryimage","url":"https:\/\/jackpotlotteryonline.com\/wp-content\/uploads\/2023\/09\/8.png","contentUrl":"https:\/\/jackpotlotteryonline.com\/wp-content\/uploads\/2023\/09\/8.png"},{"@type":"BreadcrumbList","@id":"https:\/\/jackpotlotteryonline.com\/find-out-todays-results-for-new-york-lottery-2\/#breadcrumb","itemListElement":[{"@type":"ListItem","position":1,"name":"Home","item":"https:\/\/jackpotlotteryonline.com\/no\/"},{"@type":"ListItem","position":2,"name":"Finn ut dagens resultater for New York Lottery"}]},{"@type":"WebSite","@id":"https:\/\/jackpotlotteryonline.com\/#website","url":"https:\/\/jackpotlotteryonline.com\/","name":"Lotto Online - Crack The International Lottery Jackpots","description":"","potentialAction":[{"@type":"SearchAction","target":{"@type":"EntryPoint","urlTemplate":"https:\/\/jackpotlotteryonline.com\/?s={search_term_string}"},"query-input":"required name=search_term_string"}],"inLanguage":"nb-NO"}]}},"_links":{"self":[{"href":"https:\/\/jackpotlotteryonline.com\/no\/wp-json\/wp\/v2\/pages\/77695","targetHints":{"allow":["GET"]}}],"collection":[{"href":"https:\/\/jackpotlotteryonline.com\/no\/wp-json\/wp\/v2\/pages"}],"about":[{"href":"https:\/\/jackpotlotteryonline.com\/no\/wp-json\/wp\/v2\/types\/page"}],"author":[{"embeddable":true,"href":"https:\/\/jackpotlotteryonline.com\/no\/wp-json\/wp\/v2\/users\/7"}],"replies":[{"embeddable":true,"href":"https:\/\/jackpotlotteryonline.com\/no\/wp-json\/wp\/v2\/comments?post=77695"}],"version-history":[{"count":1,"href":"https:\/\/jackpotlotteryonline.com\/no\/wp-json\/wp\/v2\/pages\/77695\/revisions"}],"predecessor-version":[{"id":77696,"href":"https:\/\/jackpotlotteryonline.com\/no\/wp-json\/wp\/v2\/pages\/77695\/revisions\/77696"}],"up":[{"embeddable":true,"href":"https:\/\/jackpotlotteryonline.com\/no\/wp-json\/wp\/v2\/pages\/74032"}],"wp:attachment":[{"href":"https:\/\/jackpotlotteryonline.com\/no\/wp-json\/wp\/v2\/media?parent=77695"}],"curies":[{"name":"wp","href":"https:\/\/api.w.org\/{rel}","templated":true}]}}