{"id":77762,"date":"2025-03-22T08:54:41","date_gmt":"2025-03-22T08:54:41","guid":{"rendered":"https:\/\/jackpotlotteryonline.com\/?page_id=77762"},"modified":"2025-03-22T08:54:41","modified_gmt":"2025-03-22T08:54:41","slug":"finn-ut-hvordan-du-spiller-new-york-lottery-fra-utenfor-usa","status":"publish","type":"page","link":"https:\/\/jackpotlotteryonline.com\/no\/finn-ut-hvordan-du-spiller-new-york-lottery-fra-utenfor-usa\/","title":{"rendered":"Finn ut hvordan du spiller New York Lottery fra utenfor USA"},"content":{"rendered":"<p>S\u00e5 du vil spille New York Lottery selv om du er halvveis over hele kloden? Disse New York-jackpottene er s\u00e5 enorme. De er ingen sp\u00f8k. Folk fra hele verden dr\u00f8mmer om \u00e5 vinne. Ok, se for deg dette: New York Lottery, ikke sant? Store premier, livsendrende gevinster. Men du henger ikke akkurat p\u00e5 Times Square. Ingen svette! Takk til Jackpotlotteryonline; hvor du kan kj\u00f8pe New York Lottery-lodd utenfor USA, kan du hoppe inn i spillet uansett hvor du er.<\/p>\n<h2>Kan du spille New York Lottery fra utenfor USA<img loading=\"lazy\" decoding=\"async\" class=\" wp-image-28535 alignright\" src=\"http:\/\/jackpotlotteryonline.com\/wp-content\/uploads\/2022\/11\/1_online_lottery_success-300x213.jpg Play\" alt=\"How to the US Lottery\" width=\"220\" height=\"156\" srcset=\"https:\/\/jackpotlotteryonline.com\/wp-content\/uploads\/2022\/11\/1_online_lottery_success-300x213.jpg 300w, https:\/\/jackpotlotteryonline.com\/wp-content\/uploads\/2022\/11\/1_online_lottery_success.jpg 320w\" sizes=\"auto, (max-width: 220px) 100vw, 220px\" \/><\/h2>\n<p>Ja, og du trenger ikke v\u00e6re i New York, eller til og med i USA. Plattformen v\u00e5r lar deg kj\u00f8pe billetter og bli med p\u00e5 moroa, akkurat som noen kj\u00f8per en billett i hj\u00f8rnebutikken. Du har samme sjanse til \u00e5 treffe den jackpotten.<\/p>\n<h3>Hvordan spille The New York Lottery fra utenfor USA<\/h3>\n<p>Det er superenkelt med Jackpotlotteryonline:<\/p>\n<ul>\n<li>Opprett en konto: Registrer deg, legg inn informasjonen din og bevis at du er deg. Hold billettene og kontantene dine trygt.<\/li>\n<li>Begynn med \u00e5 finne Lotteri-delen og velg deretter spillet New York Lotto.<\/li>\n<li>Velg lykketall: Velg seks tall (1-59) eller trykk p\u00e5 &#8220;hurtigvalgsfunksjonen&#8221;-knappen.<\/li>\n<li>Kj\u00f8p billetten din: Betal med det som fungerer, s\u00e5 sender vi deg en skanning av den offisielle billetten din.<\/li>\n<li>Vent p\u00e5 trekningen: Trekningene er onsdag og l\u00f8rdag kveld. Sjekk resultatene p\u00e5 denne plattformen.<\/li>\n<\/ul>\n<h3>Hvorfor spille online likevel?<\/h3>\n<ul>\n<li>Enkelt: Spill fra sofaen, ingen reise n\u00f8dvendig.<\/li>\n<li>Raske billetter: Kj\u00f8p dem raskt, ingen linjer.<\/li>\n<li>Ingen tapte billetter: Billettene dine live online, trygt og godt.<\/li>\n<li>Du vant!: Vi forteller deg det med en gang, og sm\u00e5 gevinster g\u00e5r rett til kontoen din.<br \/>\nTrygge penger: Vi s\u00f8rger for at du f\u00e5r gevinstene dine, ingen morsomme saker.<\/li>\n<\/ul>\n<p><strong>F\u00e5 pengene dine n\u00e5r du vinner:<\/strong><\/p>\n<ul>\n<li>Sm\u00e5 gevinster: Vi slipper den rett p\u00e5 kontoen din.<\/li>\n<li>Store gevinster: Vi hjelper deg \u00e5 f\u00e5 det, kanskje til og med personlig.<\/li>\n<li>Helt trygt: Vi holder gevinstene dine l\u00e5st.<\/li>\n<\/ul>\n<p><strong>Klar til \u00e5 pr\u00f8ve lykken?<\/strong><br \/>\n\u00c5 spille New York Lottery globalt er n\u00e5 utrolig enkelt. Jackpotlotteryonline bringer spenningen til New York Lottery til deg, uansett hvor du er. \u00c5 velge tallene dine er en lek, enten du velger dem selv eller bruker Quick Pick, og det er alltid trygt og enkelt. N\u00e5 som du kan spille New York Lottery-lodd utenfor USA, registrer deg eller logg inn p\u00e5 plattformen v\u00e5r hvis du allerede har en konto hos oss og bli med p\u00e5 moroa. Hvem vet, kanskje du vinner stort! Din jackpotdr\u00f8m kan v\u00e6re bare noen f\u00e5 klikk unna.<\/p>\n","protected":false},"excerpt":{"rendered":"<p>S\u00e5 du vil spille New York Lottery selv om du er halvveis over hele kloden? Disse New York-jackpottene er s\u00e5 enorme. De er ingen sp\u00f8k. Folk fra hele verden dr\u00f8mmer om \u00e5 vinne. Ok, se for deg dette: New York Lottery, ikke sant? Store premier, livsendrende gevinster. Men du henger ikke akkurat p\u00e5 Times Square. [&hellip;]<\/p>\n","protected":false},"author":7,"featured_media":0,"parent":0,"menu_order":0,"comment_status":"closed","ping_status":"closed","template":"","meta":{"_et_pb_use_builder":"","_et_pb_old_content":"","_et_gb_content_width":"","exclude_from_search":false,"footnotes":""},"class_list":["post-77762","page","type-page","status-publish","hentry"],"yoast_head":"<!-- This site is optimized with the Yoast SEO plugin v23.3 - https:\/\/yoast.com\/wordpress\/plugins\/seo\/ -->\n<title>Hvordan spille New York Lottery fra utenfor USA<\/title>\n<meta name=\"description\" content=\"L\u00e6r hvordan du spiller New York Lottery fra utenfor USA. Oppdag alternativer p\u00e5 nettet, og hvordan du henter premier fra hvor som helst.\" \/>\n<meta name=\"robots\" content=\"index, follow, max-snippet:-1, max-image-preview:large, max-video-preview:-1\" \/>\n<link rel=\"canonical\" href=\"https:\/\/jackpotlotteryonline.com\/find-out-how-to-play-the-new-york-lottery-from-outside-the-us\/\" \/>\n<meta property=\"og:locale\" content=\"nb_NO\" \/>\n<meta property=\"og:type\" content=\"article\" \/>\n<meta property=\"og:title\" content=\"Hvordan spille New York Lottery fra utenfor USA\" \/>\n<meta property=\"og:description\" content=\"L\u00e6r hvordan du spiller New York Lottery fra utenfor USA. Oppdag alternativer p\u00e5 nettet, og hvordan du henter premier fra hvor som helst.\" \/>\n<meta property=\"og:url\" content=\"https:\/\/jackpotlotteryonline.com\/find-out-how-to-play-the-new-york-lottery-from-outside-the-us\/\" \/>\n<meta property=\"og:site_name\" content=\"Lotto Online - Crack The International Lottery Jackpots\" \/>\n<meta name=\"twitter:card\" content=\"summary_large_image\" \/>\n<!-- \/ Yoast SEO plugin. -->","yoast_head_json":{"title":"Hvordan spille New York Lottery fra utenfor USA","description":"L\u00e6r hvordan du spiller New York Lottery fra utenfor USA. Oppdag alternativer p\u00e5 nettet, og hvordan du henter premier fra hvor som helst.","robots":{"index":"index","follow":"follow","max-snippet":"max-snippet:-1","max-image-preview":"max-image-preview:large","max-video-preview":"max-video-preview:-1"},"canonical":"https:\/\/jackpotlotteryonline.com\/find-out-how-to-play-the-new-york-lottery-from-outside-the-us\/","og_locale":"nb_NO","og_type":"article","og_title":"Hvordan spille New York Lottery fra utenfor USA","og_description":"L\u00e6r hvordan du spiller New York Lottery fra utenfor USA. Oppdag alternativer p\u00e5 nettet, og hvordan du henter premier fra hvor som helst.","og_url":"https:\/\/jackpotlotteryonline.com\/find-out-how-to-play-the-new-york-lottery-from-outside-the-us\/","og_site_name":"Lotto Online - Crack The International Lottery Jackpots","twitter_card":"summary_large_image","schema":{"@context":"https:\/\/schema.org","@graph":[{"@type":"WebPage","@id":"https:\/\/jackpotlotteryonline.com\/find-out-how-to-play-the-new-york-lottery-from-outside-the-us\/","url":"https:\/\/jackpotlotteryonline.com\/find-out-how-to-play-the-new-york-lottery-from-outside-the-us\/","name":"Hvordan spille New York Lottery fra utenfor USA","isPartOf":{"@id":"https:\/\/jackpotlotteryonline.com\/#website"},"datePublished":"2025-03-22T08:54:41+00:00","dateModified":"2025-03-22T08:54:41+00:00","description":"L\u00e6r hvordan du spiller New York Lottery fra utenfor USA. Oppdag alternativer p\u00e5 nettet, og hvordan du henter premier fra hvor som helst.","breadcrumb":{"@id":"https:\/\/jackpotlotteryonline.com\/find-out-how-to-play-the-new-york-lottery-from-outside-the-us\/#breadcrumb"},"inLanguage":"nb-NO","potentialAction":[{"@type":"ReadAction","target":["https:\/\/jackpotlotteryonline.com\/find-out-how-to-play-the-new-york-lottery-from-outside-the-us\/"]}]},{"@type":"BreadcrumbList","@id":"https:\/\/jackpotlotteryonline.com\/find-out-how-to-play-the-new-york-lottery-from-outside-the-us\/#breadcrumb","itemListElement":[{"@type":"ListItem","position":1,"name":"Home","item":"https:\/\/jackpotlotteryonline.com\/no\/"},{"@type":"ListItem","position":2,"name":"Finn ut hvordan du spiller New York Lottery fra utenfor USA"}]},{"@type":"WebSite","@id":"https:\/\/jackpotlotteryonline.com\/#website","url":"https:\/\/jackpotlotteryonline.com\/","name":"Lotto Online - Crack The International Lottery Jackpots","description":"","potentialAction":[{"@type":"SearchAction","target":{"@type":"EntryPoint","urlTemplate":"https:\/\/jackpotlotteryonline.com\/?s={search_term_string}"},"query-input":"required name=search_term_string"}],"inLanguage":"nb-NO"}]}},"_links":{"self":[{"href":"https:\/\/jackpotlotteryonline.com\/no\/wp-json\/wp\/v2\/pages\/77762","targetHints":{"allow":["GET"]}}],"collection":[{"href":"https:\/\/jackpotlotteryonline.com\/no\/wp-json\/wp\/v2\/pages"}],"about":[{"href":"https:\/\/jackpotlotteryonline.com\/no\/wp-json\/wp\/v2\/types\/page"}],"author":[{"embeddable":true,"href":"https:\/\/jackpotlotteryonline.com\/no\/wp-json\/wp\/v2\/users\/7"}],"replies":[{"embeddable":true,"href":"https:\/\/jackpotlotteryonline.com\/no\/wp-json\/wp\/v2\/comments?post=77762"}],"version-history":[{"count":1,"href":"https:\/\/jackpotlotteryonline.com\/no\/wp-json\/wp\/v2\/pages\/77762\/revisions"}],"predecessor-version":[{"id":77763,"href":"https:\/\/jackpotlotteryonline.com\/no\/wp-json\/wp\/v2\/pages\/77762\/revisions\/77763"}],"wp:attachment":[{"href":"https:\/\/jackpotlotteryonline.com\/no\/wp-json\/wp\/v2\/media?parent=77762"}],"curies":[{"name":"wp","href":"https:\/\/api.w.org\/{rel}","templated":true}]}}