{"id":31967,"date":"2022-11-01T09:19:32","date_gmt":"2022-11-01T09:19:32","guid":{"rendered":"https:\/\/jackpotlotteryonline.com\/?page_id=31967"},"modified":"2023-01-06T11:46:38","modified_gmt":"2023-01-06T11:46:38","slug":"home","status":"publish","type":"page","link":"https:\/\/jackpotlotteryonline.com\/pl\/","title":{"rendered":"Home"},"content":{"rendered":"<h2>Zagraj w lotto online i zwi\u0119ksz swoje szanse<\/h2>\n<p>Przedstawiamy sposoby na \u0142atw\u0105<a href=\"https:\/\/jackpotlotteryonline.com\/pl\/jak-grac\"> gr\u0119 w lotto online<\/a> &#8211; na WSZYSTKIE te ogromne Jackpoty, na loterie nie tylko w Twoim kraju, ale wsz\u0119dzie na \u015bwiecie. W Twoim kraju nie ma atrakcyjnych loterii? Ju\u017c nie problem, po prostu si\u0119gnij po naprawd\u0119 du\u017ce nagrody. Nie marnuj pieni\u0119dzy na ma\u0142e nagrody &#8211; istniej\u0105 loterie z ogromnymi jackpotami.<\/p>\n<p><strong>Sprawd\u017a banery na naszej stronie, aby zobaczy\u0107 najwi\u0119ksze jackpoty, o kt\u00f3re mo\u017cesz obecnie gra\u0107.<\/strong><br \/>\n<img loading=\"lazy\" decoding=\"async\" class=\"size-full wp-image-18302 alignright\" src=\"https:\/\/jackpotlotteryonline.com\/wp-content\/uploads\/2022\/10\/ticket_balls.jpg\" alt=\"gra\u0107 w lotto online\" width=\"297\" height=\"101\" \/><\/p>\n<p>Wszystkie te wspania\u0142e loterie z jackpotami s\u0105 teraz \u0142atwo dost\u0119pne, bez wzgl\u0119du na to gdzie mieszkasz. Wystarczy klikn\u0105\u0107 jeden z link\u00f3w, aby zagra\u0107 w lotto online i zarejestrowa\u0107 si\u0119 w RedFoxLotto, gdzie mo\u017cna kupi\u0107 bilet przez internet na ka\u017cdy z tych wielkich jackpot\u00f3w! RedFoxLotto umo\u017cliwia zakup biletu na ka\u017cdy z najwi\u0119kszych \u015bwiatowych jackpot\u00f3w, bez wzgl\u0119du na to, gdzie mieszkasz. Niezawodnie kupi\u0105 dla Ciebie bilet i upewni\u0105 si\u0119, \u017ce otrzymasz swoj\u0105 wygran\u0105.<\/p>\n<h2>Uzyskaj dost\u0119p do mi\u0119dzynarodowych loterii<\/h2>\n<p>Na naszej stronie internetowej, dajemy Ci szczeg\u00f3\u0142owe informacje o wszystkich wielkich loteriach jackpotowych \u015awiata, jak gra\u0107 online, jak p\u0142aci\u0107, jak otrzyma\u0107 wygrane i co musisz zrobi\u0107, je\u015bli p\u0119knie Ci Jackpot. Wystarczy przeczyta\u0107 artyku\u0142y o tym, jak uczestniczy\u0107 i recenzje loterii na tej stronie (sprawd\u017a g\u00f3rne menu), a b\u0119dziesz m\u00f3g\u0142 \u0142atwo wybra\u0107 odpowiednie wydarzenie dla siebie.<\/p>\n<h2>\u0141atwo jest gra\u0107 online<\/h2>\n<p>Niezale\u017cnie od tego, czy chcia\u0142by\u015b zagra\u0107 w ameryka\u0144skiego Powerball Jackpot, EuroMillions Jackpot, hiszpa\u0144skie El Gordo, w\u0142oskie SuperEnaLotto, czy jak\u0105kolwiek inn\u0105 loteri\u0119, mo\u017cesz<a href=\"https:\/\/jackpotlotteryonline.com\/pl\/kupic-bilety\"> kupi\u0107 wszystkie swoje bilety w jednym miejscu<\/a> &#8211; w\u0142a\u015bnie tutaj na naszej stronie.<\/p>\n<p>Z nasz\u0105 pomoc\u0105 nie jeste\u015b ju\u017c ograniczony do swojego krajowego lotto &#8211; teraz masz mo\u017cliwo\u015b\u0107 zagrania w lotto online na dowolne wydarzenie, przez internet. W ten spos\u00f3b mo\u017cesz wybra\u0107 jackpot, kt\u00f3ry jest w danym momencie najwy\u017cszy, zwi\u0119kszaj\u0105c tym samym swoje szanse na du\u017c\u0105 wygran\u0105. Mo\u017cesz te\u017c wybra\u0107 lotto, kt\u00f3re b\u0119dzie losowane w nast\u0119pnej kolejno\u015bci &#8211; w ten spos\u00f3b nie b\u0119dziesz musia\u0142 czeka\u0107 wiecznie, aby dowiedzie\u0107 si\u0119, czy wygra\u0142e\u015b! To wszystko jest tak proste, jak tylko mo\u017ce by\u0107, od wyboru loterii do wybrania swoich numer\u00f3w i zap\u0142acenia.<\/p>\n<section class=\"layout\" style=\"border: solid 1px; width: 100%;\">\n<div class=\"img-div\" style=\"margin-top: 5px;\"><img decoding=\"async\" class=\"wp-image-17212 alignleft\" style=\"height: 45px; margin: 8px 8px 0px;\" src=\"https:\/\/jackpotlotteryonline.com\/wp-content\/uploads\/2022\/11\/read1.jpg\" alt=\"czytaj\" width=\"\" height=\"\" \/><\/div>\n<div style=\"padding-left: 5px;\">\n<div style=\"font-size: 1.1em;\">\n<p><strong>Czy to legalne, aby gra\u0107 na loteriach z innych kraj\u00f3w online?<\/strong><\/p>\n<p style=\"font-size: 0.85em; margin-top: -1.5em;\">Czy to legalne, aby uzyska\u0107 bilet na loteri\u0119 online, i czy rzeczywi\u015bcie otrzymam pieni\u0105dze?\u00a0<a href=\"https:\/\/jackpotlotteryonline.com\/pl\/czy-granie-na-loteriach-z-innych-krajow-online-jest-legalne\"> wi\u0119cej<\/a><\/p>\n<\/div>\n<\/div>\n<\/section>\n<h2>Serwis Bilet\u00f3w Online<\/h2>\n<p><strong>Oto jak to dzia\u0142a:<\/strong> Oferujemy us\u0142ug\u0119 kuriersk\u0105 dla mi\u0119dzynarodowych bilet\u00f3w lotto. Wybierasz loteri\u0119, w kt\u00f3r\u0105 chcesz gra\u0107 online, klikaj\u0105c na jeden z baner\u00f3w powy\u017cej. Nast\u0119pnie wybierasz swoje numery online. Je\u015bli wolisz, aby Twoje numery lotto zosta\u0142y wybrane przez generator liczb losowych, mo\u017cesz to zrobi\u0107 r\u00f3wnie\u017c. Kiedy ju\u017c zdecydujesz si\u0119 na swoje numery, zarejestruj si\u0119 na koncie i wybierz metod\u0119 zap\u0142aty za sw\u00f3j kupon lotto. Dost\u0119pnych jest kilka bezpiecznych metod p\u0142atno\u015bci.<\/p>\n<p>Nasi agenci nast\u0119pnie kupi\u0107 bilet dla Ciebie i wys\u0142a\u0107 e-mail potwierdzaj\u0105cy jako dow\u00f3d zakupu. Zeskanowana kopia biletu lotto pojawi si\u0119 na Twoim koncie wkr\u00f3tce po zakupie.<\/p>\n<h2>Zalety gry na mi\u0119dzynarodowych loteriach online<\/h2>\n<ul>\n<li>Wi\u0119kszy wyb\u00f3r &#8211; zamiast by\u0107 zmuszonym do gry na lokalnej loterii, bez wzgl\u0119du na to, jak du\u017cy jest aktualny jackpot, mo\u017cesz wybiera\u0107 spo\u015br\u00f3d wielu loterii<\/li>\n<li>Lepszy stosunek jako\u015bci do ceny &#8211; zamiast np. p\u0142aci\u0107 2 euro za los, kt\u00f3ry mo\u017ce wygra\u0107 1 mln euro, mo\u017cesz gra\u0107 o Mega-Jackpot w wysoko\u015bci 100 mln euro lub znacznie wi\u0119cej. Nawet je\u015bli zap\u0142acisz wy\u017csz\u0105 cen\u0119 za los na t\u0119 wi\u0119ksz\u0105 loteri\u0119, matematycznie Twoje pieni\u0105dze b\u0119d\u0105 lepiej wydane graj\u0105c o wi\u0119ksz\u0105 nagrod\u0119.<\/li>\n<li>Wygoda &#8211; nie musisz ju\u017c wychodzi\u0107 z domu, aby zdoby\u0107 bilet. Mo\u017cesz kupi\u0107 bilet z domu, lub u\u017cy\u0107 telefonu kom\u00f3rkowego do gry na loterii.<\/li>\n<li>Bezpiecze\u0144stwo &#8211; kupon loteryjny online nie mo\u017ce zosta\u0107 zgubiony, tak jak fizyczny kupon lotto. Twoje bilety loteryjne s\u0105 bezpiecznie przechowywane na Twoim koncie online.<\/li>\n<\/ul>\n<h2>Kiedy odbywaj\u0105 si\u0119 losowania tych wszystkich loterii?<\/h2>\n<p>Sprawd\u017a obrazek poni\u017cej. Pokazuje on przegl\u0105d dni tygodnia dla losowa\u0144 najwi\u0119kszych loterii.<br \/>\n<img loading=\"lazy\" decoding=\"async\" class=\"wp-image-17843 aligncenter\" src=\"https:\/\/jackpotlotteryonline.com\/wp-content\/uploads\/2022\/10\/Lotto-draw-calendar-UTC-300x50.jpg\" alt=\"czas losowania loterii\" width=\"684\" height=\"114\" srcset=\"https:\/\/jackpotlotteryonline.com\/wp-content\/uploads\/2022\/10\/Lotto-draw-calendar-UTC-300x50.jpg 300w, https:\/\/jackpotlotteryonline.com\/wp-content\/uploads\/2022\/10\/Lotto-draw-calendar-UTC-600x101.jpg 600w, https:\/\/jackpotlotteryonline.com\/wp-content\/uploads\/2022\/10\/Lotto-draw-calendar-UTC-1024x172.jpg 1024w, https:\/\/jackpotlotteryonline.com\/wp-content\/uploads\/2022\/10\/Lotto-draw-calendar-UTC-768x129.jpg 768w, https:\/\/jackpotlotteryonline.com\/wp-content\/uploads\/2022\/10\/Lotto-draw-calendar-UTC.jpg 1287w\" sizes=\"auto, (max-width: 684px) 100vw, 684px\" \/><\/p>\n<h2>Co je\u015bli wygrasz nagrod\u0119 na loterii?<\/h2>\n<p>Je\u015bli wygrasz, wy\u015blemy Ci powiadomienie e-mail o Twojej wygranej. Nigdy nie mo\u017cesz przegapi\u0107 wygranej, ani zgubi\u0107 swojego kuponu. Przetworzymy Twoje roszczenie poprzez przekazanie wniosku o wyp\u0142at\u0119 do firmy loteryjnej, kt\u00f3ra nast\u0119pnie wystawi Ci czek lub przeka\u017ce wygran\u0105 na Twoje konto bankowe. Je\u015bli wygrasz du\u017cy jackpot, w niekt\u00f3rych przypadkach mo\u017cesz by\u0107 zobowi\u0105zany do osobistego stawienia si\u0119 w siedzibie loterii. Nie jest to problem, prawda?<\/p>\n<p>Mniejsze wygrane do \u20ac2500 zostan\u0105 dodane do Twojego konta gracza od razu, a Ty mo\u017cesz je spieni\u0119\u017cy\u0107 lub wykorzysta\u0107 te \u015brodki na zakup kolejnych los\u00f3w lotto.<\/p>\n<p><strong>Tak to w\u0142a\u015bnie dzia\u0142a. Czy jeste\u015b gotowy na wielk\u0105 wygran\u0105? Zdob\u0105d\u017a swoje losy ju\u017c dzi\u015b!<\/strong><\/p>\n","protected":false},"excerpt":{"rendered":"<p>Zagraj w lotto online i zwi\u0119ksz swoje szanse Przedstawiamy sposoby na \u0142atw\u0105 gr\u0119 w lotto online &#8211; na WSZYSTKIE te ogromne Jackpoty, na loterie nie tylko w Twoim kraju, ale wsz\u0119dzie na \u015bwiecie. W Twoim kraju nie ma atrakcyjnych loterii? Ju\u017c nie problem, po prostu si\u0119gnij po naprawd\u0119 du\u017ce nagrody. Nie marnuj pieni\u0119dzy na ma\u0142e [&hellip;]<\/p>\n","protected":false},"author":1,"featured_media":0,"parent":0,"menu_order":1,"comment_status":"closed","ping_status":"closed","template":"lotto.php","meta":{"_et_pb_use_builder":"","_et_pb_old_content":"","_et_gb_content_width":"","exclude_from_search":false,"footnotes":""},"class_list":["post-31967","page","type-page","status-publish","hentry"],"yoast_head":"<!-- This site is optimized with the Yoast SEO plugin v23.3 - https:\/\/yoast.com\/wordpress\/plugins\/seo\/ -->\n<title>Zagraj w Lotto Online - Rozbij Mi\u0119dzynarodowe Jackpoty w Loterii!<\/title>\n<meta name=\"description\" content=\"Zdob\u0105d\u017a sw\u00f3j bilet na loteryjne jackpoty na ca\u0142ym \u015bwiecie - zagraj w nie wszystkie online i wygraj miliony\" \/>\n<meta name=\"robots\" content=\"index, follow, max-snippet:-1, max-image-preview:large, max-video-preview:-1\" \/>\n<link rel=\"canonical\" href=\"https:\/\/jackpotlotteryonline.com\/pl\/\" \/>\n<meta property=\"og:locale\" content=\"pl_PL\" \/>\n<meta property=\"og:type\" content=\"article\" \/>\n<meta property=\"og:title\" content=\"Zagraj w Lotto Online - Rozbij Mi\u0119dzynarodowe Jackpoty w Loterii!\" \/>\n<meta property=\"og:description\" content=\"Zdob\u0105d\u017a sw\u00f3j bilet na loteryjne jackpoty na ca\u0142ym \u015bwiecie - zagraj w nie wszystkie online i wygraj miliony\" \/>\n<meta property=\"og:url\" content=\"https:\/\/jackpotlotteryonline.com\/pl\/\" \/>\n<meta property=\"og:site_name\" content=\"Lotto Online - Crack The International Lottery Jackpots\" \/>\n<meta property=\"article:modified_time\" content=\"2023-01-06T11:46:38+00:00\" \/>\n<meta property=\"og:image\" content=\"https:\/\/jackpotlotteryonline.com\/wp-content\/uploads\/2022\/10\/ticket_balls.jpg\" \/>\n<meta name=\"twitter:card\" content=\"summary_large_image\" \/>\n<meta name=\"twitter:label1\" content=\"Szacowany czas czytania\" \/>\n\t<meta name=\"twitter:data1\" content=\"4 minuty\" \/>\n<!-- \/ Yoast SEO plugin. -->","yoast_head_json":{"title":"Zagraj w Lotto Online - Rozbij Mi\u0119dzynarodowe Jackpoty w Loterii!","description":"Zdob\u0105d\u017a sw\u00f3j bilet na loteryjne jackpoty na ca\u0142ym \u015bwiecie - zagraj w nie wszystkie online i wygraj miliony","robots":{"index":"index","follow":"follow","max-snippet":"max-snippet:-1","max-image-preview":"max-image-preview:large","max-video-preview":"max-video-preview:-1"},"canonical":"https:\/\/jackpotlotteryonline.com\/pl\/","og_locale":"pl_PL","og_type":"article","og_title":"Zagraj w Lotto Online - Rozbij Mi\u0119dzynarodowe Jackpoty w Loterii!","og_description":"Zdob\u0105d\u017a sw\u00f3j bilet na loteryjne jackpoty na ca\u0142ym \u015bwiecie - zagraj w nie wszystkie online i wygraj miliony","og_url":"https:\/\/jackpotlotteryonline.com\/pl\/","og_site_name":"Lotto Online - Crack The International Lottery Jackpots","article_modified_time":"2023-01-06T11:46:38+00:00","og_image":[{"url":"https:\/\/jackpotlotteryonline.com\/wp-content\/uploads\/2022\/10\/ticket_balls.jpg"}],"twitter_card":"summary_large_image","twitter_misc":{"Szacowany czas czytania":"4 minuty"},"schema":{"@context":"https:\/\/schema.org","@graph":[{"@type":"WebPage","@id":"https:\/\/jackpotlotteryonline.com\/pl\/","url":"https:\/\/jackpotlotteryonline.com\/pl\/","name":"Zagraj w Lotto Online - Rozbij Mi\u0119dzynarodowe Jackpoty w Loterii!","isPartOf":{"@id":"https:\/\/jackpotlotteryonline.com\/#website"},"primaryImageOfPage":{"@id":"https:\/\/jackpotlotteryonline.com\/pl\/#primaryimage"},"image":{"@id":"https:\/\/jackpotlotteryonline.com\/pl\/#primaryimage"},"thumbnailUrl":"https:\/\/jackpotlotteryonline.com\/wp-content\/uploads\/2022\/10\/ticket_balls.jpg","datePublished":"2022-11-01T09:19:32+00:00","dateModified":"2023-01-06T11:46:38+00:00","description":"Zdob\u0105d\u017a sw\u00f3j bilet na loteryjne jackpoty na ca\u0142ym \u015bwiecie - zagraj w nie wszystkie online i wygraj miliony","breadcrumb":{"@id":"https:\/\/jackpotlotteryonline.com\/pl\/#breadcrumb"},"inLanguage":"pl-PL","potentialAction":[{"@type":"ReadAction","target":["https:\/\/jackpotlotteryonline.com\/pl\/"]}]},{"@type":"ImageObject","inLanguage":"pl-PL","@id":"https:\/\/jackpotlotteryonline.com\/pl\/#primaryimage","url":"https:\/\/jackpotlotteryonline.com\/wp-content\/uploads\/2022\/10\/ticket_balls.jpg","contentUrl":"https:\/\/jackpotlotteryonline.com\/wp-content\/uploads\/2022\/10\/ticket_balls.jpg"},{"@type":"BreadcrumbList","@id":"https:\/\/jackpotlotteryonline.com\/pl\/#breadcrumb","itemListElement":[{"@type":"ListItem","position":1,"name":"Home","item":"https:\/\/jackpotlotteryonline.com\/pl\/"},{"@type":"ListItem","position":2,"name":"Home"}]},{"@type":"WebSite","@id":"https:\/\/jackpotlotteryonline.com\/#website","url":"https:\/\/jackpotlotteryonline.com\/","name":"Lotto Online - Crack The International Lottery Jackpots","description":"","potentialAction":[{"@type":"SearchAction","target":{"@type":"EntryPoint","urlTemplate":"https:\/\/jackpotlotteryonline.com\/?s={search_term_string}"},"query-input":"required name=search_term_string"}],"inLanguage":"pl-PL"}]}},"_links":{"self":[{"href":"https:\/\/jackpotlotteryonline.com\/pl\/wp-json\/wp\/v2\/pages\/31967","targetHints":{"allow":["GET"]}}],"collection":[{"href":"https:\/\/jackpotlotteryonline.com\/pl\/wp-json\/wp\/v2\/pages"}],"about":[{"href":"https:\/\/jackpotlotteryonline.com\/pl\/wp-json\/wp\/v2\/types\/page"}],"author":[{"embeddable":true,"href":"https:\/\/jackpotlotteryonline.com\/pl\/wp-json\/wp\/v2\/users\/1"}],"replies":[{"embeddable":true,"href":"https:\/\/jackpotlotteryonline.com\/pl\/wp-json\/wp\/v2\/comments?post=31967"}],"version-history":[{"count":0,"href":"https:\/\/jackpotlotteryonline.com\/pl\/wp-json\/wp\/v2\/pages\/31967\/revisions"}],"wp:attachment":[{"href":"https:\/\/jackpotlotteryonline.com\/pl\/wp-json\/wp\/v2\/media?parent=31967"}],"curies":[{"name":"wp","href":"https:\/\/api.w.org\/{rel}","templated":true}]}}