{"id":35709,"date":"2022-11-01T10:51:08","date_gmt":"2022-11-01T10:51:08","guid":{"rendered":"https:\/\/jackpotlotteryonline.com\/?page_id=35709"},"modified":"2022-12-19T07:45:28","modified_gmt":"2022-12-19T07:45:28","slug":"jak-grac","status":"publish","type":"page","link":"https:\/\/jackpotlotteryonline.com\/pl\/jak-grac\/","title":{"rendered":"Jak gra\u0107"},"content":{"rendered":"<h2>Loterie online i gry<\/h2>\n<p>Czy chcesz mie\u0107 szans\u0119 na zostanie milionerem? Je\u015bli tak, to do\u0142\u0105cz do milion\u00f3w ludzi na ca\u0142ym \u015bwiecie i zacznij gra\u0107 na loterii online. Niezale\u017cnie od tego, gdzie si\u0119 znajdujesz, czy to w Stanach Zjednoczonych, Wielkiej Brytanii, Australii czy Nowej Zelandii, istnieje wiele r\u00f3\u017cnych rodzaj\u00f3w mi\u0119dzynarodowych gier lotto online, z kt\u00f3rych wszystkie maj\u0105 du\u017ce jackpoty, aby\u015b mia\u0142 szans\u0119 na wygran\u0105.<br \/>\n<img loading=\"lazy\" decoding=\"async\" class=\"size-full wp-image-17816 alignright\" src=\"https:\/\/jackpotlotteryonline.com\/wp-content\/uploads\/2022\/10\/lotteryticket.jpg\" alt=\"gra\u0107 na loterii online\" width=\"212\" height=\"142\" \/><\/p>\n<p>Aby zacz\u0105\u0107 gra\u0107 w lotto online jest bardzo proste. Jedn\u0105 z pierwszych rzeczy, kt\u00f3re musisz zrobi\u0107 jest odwiedzenie naszej strony i przejrzenie r\u00f3\u017cnych dost\u0119pnych loterii. Mo\u017cesz to \u0142atwo zrobi\u0107, wybieraj\u0105c jedn\u0105 lub kilka z wymienionych loterii, z kt\u00f3rych niekt\u00f3re obejmuj\u0105 El Gordo Lottery, UK National Lottery, Thunderball Lotto, New York Lottery i wiele innych.<\/p>\n<p>To w\u0142a\u015bnie w ramach ka\u017cdego rodzaju loterii b\u0119dziesz m\u00f3g\u0142 dowiedzie\u0107 si\u0119 wszystkiego, co musisz wiedzie\u0107. Nast\u0119pnie mo\u017cesz skorzysta\u0107 z naszego serwisu, aby <a href=\"https:\/\/jackpotlotteryonline.com\/pl\/kupic-bilety\">kupi\u0107 bilet online.<\/a><\/p>\n<p>Z ka\u017cdego opisu loterii, znajdziesz szczeg\u00f3\u0142y, takie jak to, co jackpot jest obecnie, co zaczyna si\u0119 na po wygranej, jak r\u00f3wnie\u017c ile numer\u00f3w trzeba dopasowa\u0107, aby wygra\u0107 nagrod\u0119 jackpot, a co inne poziomy nagr\u00f3d s\u0105. B\u0119dziesz m\u00f3g\u0142 r\u00f3wnie\u017c znale\u017a\u0107 informacje, takie jak to, ile trzeba mie\u0107 lat, aby m\u00f3c gra\u0107 w gry loteryjne online dla ka\u017cdego typu, a tak\u017ce jakie dni i godziny odbywaj\u0105 si\u0119 losowania.<\/p>\n<section class=\"layout\" style=\"border: solid 1px; width: 100%;\">\n<div class=\"img-div\" style=\"margin-top: 5px;\"><img decoding=\"async\" class=\"wp-image-17212 alignleft\" style=\"height: 45px; margin: 8px 8px 0px;\" src=\"https:\/\/jackpotlotteryonline.com\/wp-content\/uploads\/2022\/11\/read1.jpg\" alt=\"jak gra\u0107\" width=\"\" height=\"\" \/><\/div>\n<div style=\"padding-left: 5px;\">\n<div style=\"font-size: 1.1em;\">\n<p><strong>Kilka sztuczek i wskaz\u00f3wek dotycz\u0105cych wyboru liczb<\/strong><\/p>\n<p style=\"font-size: 0.85em; margin-top: -1.5em;\">Zwi\u0119ksz swoje szanse na wygran\u0105 &#8211; u\u017cyj strategii, aby wybra\u0107 swoje numery<a href=\"https:\/\/jackpotlotteryonline.com\/pl\/jak-grac\">Wi\u0119cej<\/a><\/p>\n<\/div>\n<\/div>\n<\/section>\n<h2>Mi\u0119dzynarodowe lotto<\/h2>\n<p>Aby zmaksymalizowa\u0107 swoje szanse na zdobycie jak najwy\u017cszego jackpota, znajdziesz informacje o tym, jakie s\u0105 aktualne jackpoty. Oznacza to, \u017ce strategicznie wybierasz, w kt\u00f3re gry loteryjne gra\u0107 online i wybierasz te z najwy\u017cszymi dost\u0119pnymi jackpotami.<\/p>\n<p>B\u0119dziesz m\u00f3g\u0142 r\u00f3wnie\u017c gra\u0107 w kilka gier loteryjnych online. Oznacza to, \u017ce nie musisz umieszcza\u0107 kuponu tylko na jednym rodzaju loterii, ale mo\u017cesz gra\u0107 w r\u00f3\u017cne rodzaje, je\u015bli chcesz w tym samym czasie. Na przyk\u0142ad, mo\u017cesz gra\u0107 w loterie ameryka\u0144skie i brytyjskie w tym samym czasie, co znacznie zwi\u0119kszy Twoje szanse na wygranie nagrody pieni\u0119\u017cnej.<\/p>\n<p>Opr\u00f3cz mo\u017cliwo\u015bci grania w mi\u0119dzynarodowe gry loteryjne online niezale\u017cnie od miejsca, w kt\u00f3rym si\u0119 znajdujesz, b\u0119dziesz m\u00f3g\u0142 r\u00f3wnie\u017c sprawdzi\u0107 wyniki gier loteryjnych. Wszystkie<a href=\"https:\/\/jackpotlotteryonline.com\/pl\/zwycieskie-numery\"> wyniki dla ka\u017cdej gry loteryjnej<\/a>, niezale\u017cnie od tego, kt\u00f3ra to jest, b\u0119d\u0105 mia\u0142y wyniki aktualizowane online w czasie rzeczywistym. Oznacza to, \u017ce jak tylko losowanie wybranej przez Ciebie gry zostanie przeprowadzone, wyniki b\u0119d\u0105 dost\u0119pne dla Ciebie bardzo szybko.<br \/>\n<img loading=\"lazy\" decoding=\"async\" class=\"alignright size-full wp-image-18329\" src=\"https:\/\/jackpotlotteryonline.com\/wp-content\/uploads\/2022\/10\/ticket_numbers_pick.jpg\" alt=\"online bilet lotto\" width=\"212\" height=\"142\" \/><\/p>\n<p>Ponadto, znajdziesz szczeg\u00f3\u0142y dotycz\u0105ce tego, jak dok\u0142adnie gra\u0107 w ka\u017cd\u0105 z gier loteryjnych online. Na przyk\u0142ad, nigdy nie mo\u017cesz wytypowa\u0107 zbyt ma\u0142o lub zbyt du\u017co liczb &#8211; nasz system los\u00f3w poka\u017ce Ci wiadomo\u015b\u0107, gdy pope\u0142nisz taki b\u0142\u0105d i poka\u017ce Ci, jak go poprawi\u0107.<\/p>\n<p>Dlatego nawet je\u015bli nigdy nie gra\u0142e\u015b w loterie danego kraju w przesz\u0142o\u015bci, b\u0119dziesz mia\u0142 wszystkie szczeg\u00f3\u0142y \u0142atwo dost\u0119pne, aby gra\u0107 jak zawodowiec!<\/p>\n","protected":false},"excerpt":{"rendered":"<p>Loterie online i gry Czy chcesz mie\u0107 szans\u0119 na zostanie milionerem? Je\u015bli tak, to do\u0142\u0105cz do milion\u00f3w ludzi na ca\u0142ym \u015bwiecie i zacznij gra\u0107 na loterii online. Niezale\u017cnie od tego, gdzie si\u0119 znajdujesz, czy to w Stanach Zjednoczonych, Wielkiej Brytanii, Australii czy Nowej Zelandii, istnieje wiele r\u00f3\u017cnych rodzaj\u00f3w mi\u0119dzynarodowych gier lotto online, z kt\u00f3rych wszystkie [&hellip;]<\/p>\n","protected":false},"author":1,"featured_media":0,"parent":0,"menu_order":2,"comment_status":"closed","ping_status":"closed","template":"Play-all.php","meta":{"_et_pb_use_builder":"","_et_pb_old_content":"","_et_gb_content_width":"","exclude_from_search":false,"footnotes":""},"class_list":["post-35709","page","type-page","status-publish","hentry"],"yoast_head":"<!-- This site is optimized with the Yoast SEO plugin v23.3 - https:\/\/yoast.com\/wordpress\/plugins\/seo\/ -->\n<title>Czy mog\u0119 bra\u0107 udzia\u0142 w mi\u0119dzynarodowych loteriach online?<\/title>\n<meta name=\"description\" content=\"Nie musisz by\u0107 rezydentem, aby wzi\u0105\u0107 udzia\u0142 w loterii jackpot ka\u017cdego kraju\" \/>\n<meta name=\"robots\" content=\"index, follow, max-snippet:-1, max-image-preview:large, max-video-preview:-1\" \/>\n<link rel=\"canonical\" href=\"https:\/\/jackpotlotteryonline.com\/pl\/jak-grac\/\" \/>\n<meta property=\"og:locale\" content=\"pl_PL\" \/>\n<meta property=\"og:type\" content=\"article\" \/>\n<meta property=\"og:title\" content=\"Czy mog\u0119 bra\u0107 udzia\u0142 w mi\u0119dzynarodowych loteriach online?\" \/>\n<meta property=\"og:description\" content=\"Nie musisz by\u0107 rezydentem, aby wzi\u0105\u0107 udzia\u0142 w loterii jackpot ka\u017cdego kraju\" \/>\n<meta property=\"og:url\" content=\"https:\/\/jackpotlotteryonline.com\/pl\/jak-grac\/\" \/>\n<meta property=\"og:site_name\" content=\"Lotto Online - Crack The International Lottery Jackpots\" \/>\n<meta property=\"article:modified_time\" content=\"2022-12-19T07:45:28+00:00\" \/>\n<meta property=\"og:image\" content=\"https:\/\/jackpotlotteryonline.com\/wp-content\/uploads\/2022\/10\/lotteryticket.jpg\" \/>\n<meta name=\"twitter:card\" content=\"summary_large_image\" \/>\n<meta name=\"twitter:label1\" content=\"Szacowany czas czytania\" \/>\n\t<meta name=\"twitter:data1\" content=\"3 minuty\" \/>\n<!-- \/ Yoast SEO plugin. -->","yoast_head_json":{"title":"Czy mog\u0119 bra\u0107 udzia\u0142 w mi\u0119dzynarodowych loteriach online?","description":"Nie musisz by\u0107 rezydentem, aby wzi\u0105\u0107 udzia\u0142 w loterii jackpot ka\u017cdego kraju","robots":{"index":"index","follow":"follow","max-snippet":"max-snippet:-1","max-image-preview":"max-image-preview:large","max-video-preview":"max-video-preview:-1"},"canonical":"https:\/\/jackpotlotteryonline.com\/pl\/jak-grac\/","og_locale":"pl_PL","og_type":"article","og_title":"Czy mog\u0119 bra\u0107 udzia\u0142 w mi\u0119dzynarodowych loteriach online?","og_description":"Nie musisz by\u0107 rezydentem, aby wzi\u0105\u0107 udzia\u0142 w loterii jackpot ka\u017cdego kraju","og_url":"https:\/\/jackpotlotteryonline.com\/pl\/jak-grac\/","og_site_name":"Lotto Online - Crack The International Lottery Jackpots","article_modified_time":"2022-12-19T07:45:28+00:00","og_image":[{"url":"https:\/\/jackpotlotteryonline.com\/wp-content\/uploads\/2022\/10\/lotteryticket.jpg"}],"twitter_card":"summary_large_image","twitter_misc":{"Szacowany czas czytania":"3 minuty"},"schema":{"@context":"https:\/\/schema.org","@graph":[{"@type":"WebPage","@id":"https:\/\/jackpotlotteryonline.com\/pl\/jak-grac\/","url":"https:\/\/jackpotlotteryonline.com\/pl\/jak-grac\/","name":"Czy mog\u0119 bra\u0107 udzia\u0142 w mi\u0119dzynarodowych loteriach online?","isPartOf":{"@id":"https:\/\/jackpotlotteryonline.com\/#website"},"primaryImageOfPage":{"@id":"https:\/\/jackpotlotteryonline.com\/pl\/jak-grac\/#primaryimage"},"image":{"@id":"https:\/\/jackpotlotteryonline.com\/pl\/jak-grac\/#primaryimage"},"thumbnailUrl":"https:\/\/jackpotlotteryonline.com\/wp-content\/uploads\/2022\/10\/lotteryticket.jpg","datePublished":"2022-11-01T10:51:08+00:00","dateModified":"2022-12-19T07:45:28+00:00","description":"Nie musisz by\u0107 rezydentem, aby wzi\u0105\u0107 udzia\u0142 w loterii jackpot ka\u017cdego kraju","breadcrumb":{"@id":"https:\/\/jackpotlotteryonline.com\/pl\/jak-grac\/#breadcrumb"},"inLanguage":"pl-PL","potentialAction":[{"@type":"ReadAction","target":["https:\/\/jackpotlotteryonline.com\/pl\/jak-grac\/"]}]},{"@type":"ImageObject","inLanguage":"pl-PL","@id":"https:\/\/jackpotlotteryonline.com\/pl\/jak-grac\/#primaryimage","url":"https:\/\/jackpotlotteryonline.com\/wp-content\/uploads\/2022\/10\/lotteryticket.jpg","contentUrl":"https:\/\/jackpotlotteryonline.com\/wp-content\/uploads\/2022\/10\/lotteryticket.jpg"},{"@type":"BreadcrumbList","@id":"https:\/\/jackpotlotteryonline.com\/pl\/jak-grac\/#breadcrumb","itemListElement":[{"@type":"ListItem","position":1,"name":"Home","item":"https:\/\/jackpotlotteryonline.com\/pl\/"},{"@type":"ListItem","position":2,"name":"Jak gra\u0107"}]},{"@type":"WebSite","@id":"https:\/\/jackpotlotteryonline.com\/#website","url":"https:\/\/jackpotlotteryonline.com\/","name":"Lotto Online - Crack The International Lottery Jackpots","description":"","potentialAction":[{"@type":"SearchAction","target":{"@type":"EntryPoint","urlTemplate":"https:\/\/jackpotlotteryonline.com\/?s={search_term_string}"},"query-input":"required name=search_term_string"}],"inLanguage":"pl-PL"}]}},"_links":{"self":[{"href":"https:\/\/jackpotlotteryonline.com\/pl\/wp-json\/wp\/v2\/pages\/35709","targetHints":{"allow":["GET"]}}],"collection":[{"href":"https:\/\/jackpotlotteryonline.com\/pl\/wp-json\/wp\/v2\/pages"}],"about":[{"href":"https:\/\/jackpotlotteryonline.com\/pl\/wp-json\/wp\/v2\/types\/page"}],"author":[{"embeddable":true,"href":"https:\/\/jackpotlotteryonline.com\/pl\/wp-json\/wp\/v2\/users\/1"}],"replies":[{"embeddable":true,"href":"https:\/\/jackpotlotteryonline.com\/pl\/wp-json\/wp\/v2\/comments?post=35709"}],"version-history":[{"count":0,"href":"https:\/\/jackpotlotteryonline.com\/pl\/wp-json\/wp\/v2\/pages\/35709\/revisions"}],"wp:attachment":[{"href":"https:\/\/jackpotlotteryonline.com\/pl\/wp-json\/wp\/v2\/media?parent=35709"}],"curies":[{"name":"wp","href":"https:\/\/api.w.org\/{rel}","templated":true}]}}