{"id":35770,"date":"2022-11-01T13:22:12","date_gmt":"2022-11-01T13:22:12","guid":{"rendered":"https:\/\/jackpotlotteryonline.com\/?page_id=35770"},"modified":"2022-12-19T11:10:49","modified_gmt":"2022-12-19T11:10:49","slug":"kupic-bilety","status":"publish","type":"page","link":"https:\/\/jackpotlotteryonline.com\/pl\/kupic-bilety\/","title":{"rendered":"Jak kupi\u0107 bilety na loteri\u0119 online"},"content":{"rendered":"<p>Kupowanie los\u00f3w loteryjnych online sta\u0142o si\u0119 teraz niezwykle popularne. Fani lotto z ca\u0142ego \u015bwiata korzystaj\u0105 z naszego serwisu kupon\u00f3w loteryjnych online. I jest wiele dobrych powod\u00f3w, aby to zrobi\u0107.<\/p>\n<p>Dla niekt\u00f3rych graczy lotto jest to jedyny spos\u00f3b, aby kupi\u0107 bilety loteryjne w og\u00f3le, poniewa\u017c nie ma loterii dost\u0119pnej w ich kraju zamieszkania. Szukaj\u0105 wi\u0119c sposob\u00f3w, aby mie\u0107 szans\u0119 na wygranie du\u017cych sum pieni\u0119dzy, a w tym celu zagl\u0105daj\u0105 na loterie w innych krajach. A na naszej stronie jest wiele loteryjnych jackpot\u00f3w do wyboru.<\/p>\n<p>Inni fani lotto maj\u0105 loterie w swoich krajach, ale te loterie mog\u0105 nie by\u0107 dla nich tak atrakcyjne. Cz\u0119sto te lokalne loterie maj\u0105 mniejsze nagrody g\u0142\u00f3wne i jackpoty, lub s\u0105 one grane tylko raz w tygodniu. Gracze b\u0119d\u0105 wi\u0119c szuka\u0107 innych, <a href=\"https:\/\/jackpotlotteryonline.com\/pl\/jak-grac\">bardziej lukratywnych opcji<\/a>.<\/p>\n<h2>Wy\u017csze wyp\u0142aty oferowane przez loterie w innych krajach<\/h2>\n<p><img loading=\"lazy\" decoding=\"async\" class=\"alignright wp-image-17212\" src=\"https:\/\/jackpotlotteryonline.com\/wp-content\/uploads\/2022\/10\/1_buy_ticket_online.jpg\" alt=\"kupi\u0107 loterii online\" width=\"272\" height=\"204\" \/><\/p>\n<p>Jest to znana zasada, \u017ce bardziej sensowne jest inwestowanie pieni\u0119dzy w losy loteryjne, gdy jackpoty s\u0105 bardzo wysokie. W ko\u0144cu, kiedy kupujesz sw\u00f3j bilet, chcesz mie\u0107 maksymaln\u0105 warto\u015b\u0107 za pieni\u0105dze. Oznacza to, \u017ce je\u015bli cena biletu jest taka sama, potencjalnie wy\u017csza nagroda daje Ci lepszy stosunek jako\u015bci do ceny.<\/p>\n<p>Ale nawet je\u015bli bilet online na loteri\u0119, w kt\u00f3r\u0105 chcesz gra\u0107, by\u0142by dwa razy dro\u017cszy od biletu na lokaln\u0105 loteri\u0119, w wi\u0119kszo\u015bci przypadk\u00f3w nadal mia\u0142oby sens kupienie dro\u017cszego biletu online. Je\u015bli mo\u017cliwy jackpot jest ponad dwa razy wi\u0119kszy ni\u017c lokalny jackpot, to matematyczne szanse na wygran\u0105 s\u0105 wi\u0119ksze w przypadku loterii, na kt\u00f3r\u0105 musisz kupi\u0107 bilet online.<\/p>\n<h2>Zawsze gdzie\u015b na \u015bwiecie jest du\u017cy jackpot<\/h2>\n<p>I to jest g\u0142\u00f3wny pow\u00f3d, aby kupi\u0107 bilety loteryjne online. Z tak wieloma loteriami dost\u0119pnymi dla Ciebie za po\u015brednictwem us\u0142ugi biletu online, zawsze znajdziesz du\u017cy jackpot, w kt\u00f3ry warto zainwestowa\u0107. W rzeczywisto\u015bci, du\u017ca cz\u0119\u015b\u0107 naszych klient\u00f3w pod\u0105\u017ca za prost\u0105 strategi\u0105: Kt\u00f3rakolwiek loteria ma obecnie najwi\u0119kszy jackpot, jest loteri\u0105, na kt\u00f3r\u0105 kupuj\u0105 sw\u00f3j bilet. To ma sens, prawda?<\/p>\n<section class=\"layout\" style=\"border: solid 1px; width: 100%;\">\n<div class=\"img-div\" style=\"margin-top: 5px;\"><img decoding=\"async\" class=\"wp-image-17212 alignleft\" style=\"height: 45px; margin: 8px 8px 0px;\" src=\"https:\/\/jackpotlotteryonline.com\/wp-content\/uploads\/2022\/11\/read1.jpg\" alt=\"uwaga na oszustwa loterii\" width=\"\" height=\"\" \/><\/div>\n<div style=\"padding-left: 5px;\">\n<div style=\"font-size: 1.1em;\">\n<p><strong>Oszustwa loteryjne, kt\u00f3rych powiniene\u015b by\u0107 \u015bwiadomy<\/strong><\/p>\n<p style=\"font-size: 0.85em; margin-top: -1.5em;\">Nie daj si\u0119 nabra\u0107 na te loteryjne pu\u0142apki \u00a0<a href=\"https:\/\/jackpotlotteryonline.com\/pl\/uwazaj-na-oszustwa-loterii-online\">wi\u0119cej<\/a><\/p>\n<\/div>\n<\/div>\n<\/section>\n<h2>Czy to legalne, aby kupi\u0107 bilet online na jedn\u0105 z tych loterii?<\/h2>\n<p>Tak, jest. Wyobra\u017a sobie, \u017ce jeste\u015b w USA, a lokalna loteria Powerball ma ogromny jackpot. Idziesz i kupi\u0107 bilet, a ten bilet wygrywa. Oczywi\u015bcie, loteria musi Ci zap\u0142aci\u0107, nawet je\u015bli nie ma Ci\u0119 ju\u017c w kraju w czasie,<a href=\"https:\/\/jackpotlotteryonline.com\/pl\/zwycieskie-numery\"> gdy odbywa si\u0119 losowanie<\/a>. Masz legalnie kupi\u0142 bilet. Nie ma znaczenia czy mieszkasz w USA czy nie. I dzia\u0142a to w ten sam spos\u00f3b z wszystkimi innymi \u015bwiatowymi loteriami.<\/p>\n<p>R\u00f3\u017cnica w naszej us\u0142udze online polega na tym, \u017ce my kupujemy bilet w Twoim imieniu. Zamawiasz go online, a jeden z naszych lokalnych agent\u00f3w kupuje dla Ciebie fizyczny bilet. Zeskanuj\u0105 oni r\u00f3wnie\u017c Tw\u00f3j kupon i zostanie on przes\u0142any na Twoje konto gracza, aby\u015b m\u00f3g\u0142 zobaczy\u0107, \u017ce kupili\u015bmy dla Ciebie prawdziwy kupon.<br \/>\n<img loading=\"lazy\" decoding=\"async\" class=\"alignright size-medium wp-image-25854\" src=\"https:\/\/jackpotlotteryonline.com\/wp-content\/uploads\/2022\/10\/1_results_tickets_lotto-300x212.jpg\" alt=\"bilet na loteri\u0119\" width=\"300\" height=\"212\" srcset=\"https:\/\/jackpotlotteryonline.com\/wp-content\/uploads\/2022\/10\/1_results_tickets_lotto-300x212.jpg 300w, https:\/\/jackpotlotteryonline.com\/wp-content\/uploads\/2022\/10\/1_results_tickets_lotto.jpg 320w\" sizes=\"auto, (max-width: 300px) 100vw, 300px\" \/><\/p>\n<p>Je\u015bli wygrasz du\u017c\u0105 sum\u0119, to od Ciebie zale\u017cy, czy b\u0119dziesz chcia\u0142 pojecha\u0107 do kraju, w kt\u00f3rym odbywa si\u0119 loteria. Je\u015bli chcesz, mo\u017cesz odebra\u0107 od nas sw\u00f3j los i osobi\u015bcie przedstawi\u0107 go komisji loteryjnej. Sk\u0105d b\u0119d\u0105 wiedzie\u0107, kto go kupi\u0142?<\/p>\n<p>Ale tak naprawd\u0119, nie musisz tego robi\u0107 w ten spos\u00f3b. Poniewa\u017c cz\u0119\u015bci\u0105 naszych us\u0142ug online loterii bilet jest to, \u017ce mo\u017cemy r\u00f3wnie\u017c obs\u0142ugiwa\u0107 wyp\u0142at\u0119 dla Ciebie. My przetwarzamy Twoje wygrane, a komisja loteryjna albo wysy\u0142a Ci czek, albo przekazuje wygrane na Twoje konto bankowe.<\/p>\n<p>A czy wiesz, \u017ce wszystkie mniejsze wygrane (poni\u017cej \u20ac 2500,00) zostan\u0105 natychmiast zaksi\u0119gowane na Twoim koncie gracza na naszej stronie? Nie musisz nic robi\u0107, aby otrzyma\u0107 te mniejsze wygrane. Mo\u017cesz poprosi\u0107 o wyp\u0142at\u0119 w dowolnym momencie, a my wyp\u0142acimy te \u015brodki na Twoje konto bankowe, kart\u0119 kredytow\u0105 lub do portfela kryptowalutowego (je\u015bli go posiadasz).<\/p>\n<h2>Inne zalety kupowania los\u00f3w loteryjnych online<\/h2>\n<p>Nasz serwis biletowy ma jeszcze kilka innych, do\u015b\u0107 oczywistych zalet, kt\u00f3rymi s\u0105:<\/p>\n<ul>\n<li>Brak konieczno\u015bci wychodzenia z domu, aby otrzyma\u0107 sw\u00f3j bilet<\/li>\n<li>Brak kolejek do agenta loterii lub sklepu (wa\u017cne zw\u0142aszcza, gdy jackpoty s\u0105 du\u017ce!)<\/li>\n<li>Tw\u00f3j kupon nie mo\u017ce si\u0119 zgubi\u0107, poniewa\u017c zosta\u0142 zeskanowany i jest przechowywany w naszych bezpiecznych skarbcach.<\/li>\n<\/ul>\n<p>Na co wi\u0119c czekasz? Wybierz loteri\u0119 i kup swoje bilety online ju\u017c dzi\u015b &#8211; przy odrobinie szcz\u0119\u015bcia mo\u017cesz by\u0107 jutrzejszym zwyci\u0119zc\u0105 jackpota!<\/p>\n","protected":false},"excerpt":{"rendered":"<p>Kupowanie los\u00f3w loteryjnych online sta\u0142o si\u0119 teraz niezwykle popularne. Fani lotto z ca\u0142ego \u015bwiata korzystaj\u0105 z naszego serwisu kupon\u00f3w loteryjnych online. I jest wiele dobrych powod\u00f3w, aby to zrobi\u0107. Dla niekt\u00f3rych graczy lotto jest to jedyny spos\u00f3b, aby kupi\u0107 bilety loteryjne w og\u00f3le, poniewa\u017c nie ma loterii dost\u0119pnej w ich kraju zamieszkania. Szukaj\u0105 wi\u0119c sposob\u00f3w, [&hellip;]<\/p>\n","protected":false},"author":1,"featured_media":0,"parent":0,"menu_order":3,"comment_status":"closed","ping_status":"closed","template":"Information.php","meta":{"_et_pb_use_builder":"","_et_pb_old_content":"","_et_gb_content_width":"","exclude_from_search":false,"footnotes":""},"class_list":["post-35770","page","type-page","status-publish","hentry"],"yoast_head":"<!-- This site is optimized with the Yoast SEO plugin v23.3 - https:\/\/yoast.com\/wordpress\/plugins\/seo\/ -->\n<title>Jak kupi\u0107 losy online na \u015bwiatowe loterie<\/title>\n<meta name=\"description\" content=\"Na co zwr\u00f3ci\u0107 uwag\u0119 kupuj\u0105c bilety na mi\u0119dzynarodowe loterie online. Niekt\u00f3re serwisy biletowe s\u0105 mniej godne polecenia, dowiedz si\u0119, kt\u00f3re\" \/>\n<meta name=\"robots\" content=\"index, follow, max-snippet:-1, max-image-preview:large, max-video-preview:-1\" \/>\n<link rel=\"canonical\" href=\"https:\/\/jackpotlotteryonline.com\/buy-tickets\/\" \/>\n<meta property=\"og:locale\" content=\"pl_PL\" \/>\n<meta property=\"og:type\" content=\"article\" \/>\n<meta property=\"og:title\" content=\"Jak kupi\u0107 losy online na \u015bwiatowe loterie\" \/>\n<meta property=\"og:description\" content=\"Na co zwr\u00f3ci\u0107 uwag\u0119 kupuj\u0105c bilety na mi\u0119dzynarodowe loterie online. Niekt\u00f3re serwisy biletowe s\u0105 mniej godne polecenia, dowiedz si\u0119, kt\u00f3re\" \/>\n<meta property=\"og:url\" content=\"https:\/\/jackpotlotteryonline.com\/buy-tickets\/\" \/>\n<meta property=\"og:site_name\" content=\"Lotto Online - Crack The International Lottery Jackpots\" \/>\n<meta property=\"article:modified_time\" content=\"2022-12-19T11:10:49+00:00\" \/>\n<meta property=\"og:image\" content=\"https:\/\/jackpotlotteryonline.com\/wp-content\/uploads\/2022\/10\/1_buy_ticket_online.jpg\" \/>\n<meta name=\"twitter:card\" content=\"summary_large_image\" \/>\n<meta name=\"twitter:label1\" content=\"Szacowany czas czytania\" \/>\n\t<meta name=\"twitter:data1\" content=\"4 minuty\" \/>\n<!-- \/ Yoast SEO plugin. -->","yoast_head_json":{"title":"Jak kupi\u0107 losy online na \u015bwiatowe loterie","description":"Na co zwr\u00f3ci\u0107 uwag\u0119 kupuj\u0105c bilety na mi\u0119dzynarodowe loterie online. Niekt\u00f3re serwisy biletowe s\u0105 mniej godne polecenia, dowiedz si\u0119, kt\u00f3re","robots":{"index":"index","follow":"follow","max-snippet":"max-snippet:-1","max-image-preview":"max-image-preview:large","max-video-preview":"max-video-preview:-1"},"canonical":"https:\/\/jackpotlotteryonline.com\/buy-tickets\/","og_locale":"pl_PL","og_type":"article","og_title":"Jak kupi\u0107 losy online na \u015bwiatowe loterie","og_description":"Na co zwr\u00f3ci\u0107 uwag\u0119 kupuj\u0105c bilety na mi\u0119dzynarodowe loterie online. Niekt\u00f3re serwisy biletowe s\u0105 mniej godne polecenia, dowiedz si\u0119, kt\u00f3re","og_url":"https:\/\/jackpotlotteryonline.com\/buy-tickets\/","og_site_name":"Lotto Online - Crack The International Lottery Jackpots","article_modified_time":"2022-12-19T11:10:49+00:00","og_image":[{"url":"https:\/\/jackpotlotteryonline.com\/wp-content\/uploads\/2022\/10\/1_buy_ticket_online.jpg"}],"twitter_card":"summary_large_image","twitter_misc":{"Szacowany czas czytania":"4 minuty"},"schema":{"@context":"https:\/\/schema.org","@graph":[{"@type":"WebPage","@id":"https:\/\/jackpotlotteryonline.com\/buy-tickets\/","url":"https:\/\/jackpotlotteryonline.com\/buy-tickets\/","name":"Jak kupi\u0107 losy online na \u015bwiatowe loterie","isPartOf":{"@id":"https:\/\/jackpotlotteryonline.com\/#website"},"primaryImageOfPage":{"@id":"https:\/\/jackpotlotteryonline.com\/buy-tickets\/#primaryimage"},"image":{"@id":"https:\/\/jackpotlotteryonline.com\/buy-tickets\/#primaryimage"},"thumbnailUrl":"https:\/\/jackpotlotteryonline.com\/wp-content\/uploads\/2022\/10\/1_buy_ticket_online.jpg","datePublished":"2022-11-01T13:22:12+00:00","dateModified":"2022-12-19T11:10:49+00:00","description":"Na co zwr\u00f3ci\u0107 uwag\u0119 kupuj\u0105c bilety na mi\u0119dzynarodowe loterie online. Niekt\u00f3re serwisy biletowe s\u0105 mniej godne polecenia, dowiedz si\u0119, kt\u00f3re","breadcrumb":{"@id":"https:\/\/jackpotlotteryonline.com\/buy-tickets\/#breadcrumb"},"inLanguage":"pl-PL","potentialAction":[{"@type":"ReadAction","target":["https:\/\/jackpotlotteryonline.com\/buy-tickets\/"]}]},{"@type":"ImageObject","inLanguage":"pl-PL","@id":"https:\/\/jackpotlotteryonline.com\/buy-tickets\/#primaryimage","url":"https:\/\/jackpotlotteryonline.com\/wp-content\/uploads\/2022\/10\/1_buy_ticket_online.jpg","contentUrl":"https:\/\/jackpotlotteryonline.com\/wp-content\/uploads\/2022\/10\/1_buy_ticket_online.jpg"},{"@type":"BreadcrumbList","@id":"https:\/\/jackpotlotteryonline.com\/buy-tickets\/#breadcrumb","itemListElement":[{"@type":"ListItem","position":1,"name":"Home","item":"https:\/\/jackpotlotteryonline.com\/pl\/"},{"@type":"ListItem","position":2,"name":"Jak kupi\u0107 bilety na loteri\u0119 online"}]},{"@type":"WebSite","@id":"https:\/\/jackpotlotteryonline.com\/#website","url":"https:\/\/jackpotlotteryonline.com\/","name":"Lotto Online - Crack The International Lottery Jackpots","description":"","potentialAction":[{"@type":"SearchAction","target":{"@type":"EntryPoint","urlTemplate":"https:\/\/jackpotlotteryonline.com\/?s={search_term_string}"},"query-input":"required name=search_term_string"}],"inLanguage":"pl-PL"}]}},"_links":{"self":[{"href":"https:\/\/jackpotlotteryonline.com\/pl\/wp-json\/wp\/v2\/pages\/35770","targetHints":{"allow":["GET"]}}],"collection":[{"href":"https:\/\/jackpotlotteryonline.com\/pl\/wp-json\/wp\/v2\/pages"}],"about":[{"href":"https:\/\/jackpotlotteryonline.com\/pl\/wp-json\/wp\/v2\/types\/page"}],"author":[{"embeddable":true,"href":"https:\/\/jackpotlotteryonline.com\/pl\/wp-json\/wp\/v2\/users\/1"}],"replies":[{"embeddable":true,"href":"https:\/\/jackpotlotteryonline.com\/pl\/wp-json\/wp\/v2\/comments?post=35770"}],"version-history":[{"count":0,"href":"https:\/\/jackpotlotteryonline.com\/pl\/wp-json\/wp\/v2\/pages\/35770\/revisions"}],"wp:attachment":[{"href":"https:\/\/jackpotlotteryonline.com\/pl\/wp-json\/wp\/v2\/media?parent=35770"}],"curies":[{"name":"wp","href":"https:\/\/api.w.org\/{rel}","templated":true}]}}