{"id":35844,"date":"2022-11-02T07:22:18","date_gmt":"2022-11-02T07:22:18","guid":{"rendered":"https:\/\/jackpotlotteryonline.com\/?page_id=35844"},"modified":"2022-12-26T08:17:50","modified_gmt":"2022-12-26T08:17:50","slug":"zwycieskie-numery","status":"publish","type":"page","link":"https:\/\/jackpotlotteryonline.com\/pl\/zwycieskie-numery\/","title":{"rendered":"Wyniki loterii"},"content":{"rendered":"<h2>Wyniki loterii online<\/h2>\n<p>Przy tak szerokiej gamie loterii dost\u0119pnych do gry oraz \u0142atwym dost\u0119pie do Internetu w dzisiejszych czasach wiele os\u00f3b woli szybko sprawdzi\u0107 wyniki loterii online. Je\u015bli kupi\u0142e\u015b bilet na loteri\u0119, to b\u0119dziesz chcia\u0142 si\u0119 dowiedzie\u0107, jakie s\u0105 zwyci\u0119skie numery dla tego konkretnego losowania. <strong>Teraz mo\u017cesz \u0142atwo sprawdzi\u0107 wyniki mi\u0119dzynarodowych jackpot\u00f3w lotto online w kilka sekund.<\/strong><\/p>\n<p>Us\u0142uga ta jest dost\u0119pna na ca\u0142ym \u015bwiecie, dlatego nie wa\u017cne gdzie jeste\u015b, czy jeste\u015b na wakacjach, w podr\u00f3\u017cy s\u0142u\u017cbowej za granic\u0105, czy po prostu w pracy lub z przyjaci\u00f3\u0142mi nie musisz ju\u017c szuka\u0107 informacji w lokalnej gazecie lub czeka\u0107 kilka dni, aby dowiedzie\u0107 si\u0119 czy jeste\u015b zwyci\u0119zc\u0105 jackpota. Teraz mo\u017cesz po prostu odwiedzi\u0107 nasz\u0105 stron\u0119 internetow\u0105 i wybra\u0107 wyniki dla loterii, na kt\u00f3r\u0105 postawi\u0142e\u015b zak\u0142ad i szybko dowiedzie\u0107 si\u0119, czy dopasowa\u0142e\u015b jakie\u015b liczby.<\/p>\n<section class=\"layout\" style=\"border: solid 1px; width: 100%;\">\n<div class=\"img-div\" style=\"margin-top: 5px;\"><img decoding=\"async\" class=\"wp-image-17212 alignleft\" style=\"height: 45px; margin: 8px 8px 0px;\" src=\"https:\/\/jackpotlotteryonline.com\/wp-content\/uploads\/2022\/11\/read1.jpg\" alt=\"czytaj\" width=\"\" height=\"\" \/><\/div>\n<div style=\"padding-left: 5px;\">\n<div style=\"font-size: 1.1em;\">\n<p><strong>Ogl\u0105daj swoje numery loterii s\u0105 rysowane na \u017cywo<\/strong><\/p>\n<p style=\"font-size: 0.85em; margin-top: -1.5em;\">Jak ogl\u0105da\u0107 na \u017cywo losowania swoich ulubionych loterii <a href=\"https:\/\/jackpotlotteryonline.com\/pl\/watch-your-lottery-numbers-being-drawn-live\">wi\u0119cej<\/a><\/p>\n<\/div>\n<\/div>\n<\/section>\n<h2>Mi\u0119dzynarodowe numery lotto wygrywaj\u0105ce jackpoty<\/h2>\n<p>Sprawd\u017a tegotygodniowe zwyci\u0119skie numery lotto dla najwi\u0119kszych mi\u0119dzynarodowych jackpot\u00f3w, codziennie aktualizowane na naszej stronie. Wymieniamy najlepsze i najwi\u0119ksze lottos na planecie, w tym El Gordo, Euromillions, Mega Millions, Powerball, SuperEnaLotto i wiele innych.<br \/>\n<img loading=\"lazy\" decoding=\"async\" class=\"alignright size-medium wp-image-19277\" src=\"https:\/\/jackpotlotteryonline.com\/wp-content\/uploads\/2022\/10\/2_ticket_powerball_au2-163x300.jpg\" alt=\"skan biletu loteryjnego\" width=\"163\" height=\"300\" srcset=\"https:\/\/jackpotlotteryonline.com\/wp-content\/uploads\/2022\/10\/2_ticket_powerball_au2-163x300.jpg 163w, https:\/\/jackpotlotteryonline.com\/wp-content\/uploads\/2022\/10\/2_ticket_powerball_au2.jpg 250w\" sizes=\"auto, (max-width: 163px) 100vw, 163px\" \/><\/p>\n<p><strong>Mo\u017cesz my\u015ble\u0107, \u017ce wi\u0119kszo\u015b\u0107 z tych loterii jest niedost\u0119pna dla Ciebie do gry, ale to nieprawda!<\/strong> W dzisiejszych czasach \u0142atwo jest <a href=\"https:\/\/jackpotlotteryonline.com\/pl\/kupic-bilety\">kupi\u0107 bilety online<\/a> na niemal ka\u017cd\u0105 loteri\u0119. Oznacza to, \u017ce nie musisz mieszka\u0107 w kraju, w kt\u00f3rym odbywa si\u0119 dana loteria.<\/p>\n<p><strong>Jest to mo\u017cliwe dzi\u0119ki \u015bwiadczonej przez nas us\u0142udze.<\/strong><\/p>\n<p>Wystarczy klikn\u0105\u0107 na kt\u00f3rykolwiek z<a href=\"https:\/\/jackpotlotteryonline.com\/pl\/jak-grac\"> przycisk\u00f3w &#8220;Zagraj&#8221;<\/a> powy\u017cej, a zostaniesz przeniesiony na stron\u0119 z wyborem liczb dla tej konkretnej loterii. Wybierz swoje numery, zarejestruj si\u0119 i zap\u0142a\u0107 online &#8211; to takie proste! Otrzymasz potwierdzenie swojego osobistego losu zaraz po dokonaniu zakupu, a skan swojego losu nieco p\u00f3\u017aniej. Upewnimy si\u0119 r\u00f3wnie\u017c, \u017ce otrzymasz to, co wygrasz. Te \u015bwiatowe jackpoty mog\u0105 by\u0107 cz\u0119sto 100 razy wi\u0119ksze ni\u017c Twoja lokalna loteria, wi\u0119c na co czekasz? Wybieraj!<\/p>\n<h2>Sprawd\u017a, czy wygra\u0142e\u015b &#8211; por\u00f3wnaj sw\u00f3j kupon ze zwyci\u0119skimi numerami<\/h2>\n<p>Nie tylko mo\u017cesz sprawdzi\u0107 wyniki loterii online z laptopa, komputera stacjonarnego lub nawet iPhone&#8217;a w domu lub w biurze, ale tak\u017ce mo\u017cesz sprawdzi\u0107 wyniki dla tak wielu loterii od razu, na jednej stronie.<\/p>\n<p>Po ka\u017cdym losowaniu lotto, wyniki ka\u017cdego z nich s\u0105 aktualizowane w czasie rzeczywistym. Oznacza to, \u017ce wyniki mi\u0119dzynarodowych jackpot\u00f3w online s\u0105 dost\u0119pne dla Ciebie w ci\u0105gu kilku chwil od losowania.<br \/>\n<img loading=\"lazy\" decoding=\"async\" class=\"alignright wp-image-19599\" src=\"https:\/\/jackpotlotteryonline.com\/wp-content\/uploads\/2022\/10\/1_balls_draw_lotto_numbers-200x300.jpg\" alt=\"zwyci\u0119skie numery loterii\" width=\"154\" height=\"231\" srcset=\"https:\/\/jackpotlotteryonline.com\/wp-content\/uploads\/2022\/10\/1_balls_draw_lotto_numbers-200x300.jpg 200w, https:\/\/jackpotlotteryonline.com\/wp-content\/uploads\/2022\/10\/1_balls_draw_lotto_numbers.jpg 320w\" sizes=\"auto, (max-width: 154px) 100vw, 154px\" \/><\/p>\n<p>Je\u015bli zdecydowa\u0142e\u015b si\u0119 na zakup losu lotto online, bez wzgl\u0119du na to, jakiego rodzaju jest to lotto, sprawdzenie wynik\u00f3w loterii online tutaj na naszej stronie jest jeszcze \u0142atwiejsze. Dzieje si\u0119 tak dlatego, \u017ce w momencie, gdy sk\u0142adasz sw\u00f3j kupon lotto online, b\u0119dziesz musia\u0142 poda\u0107 sw\u00f3j adres e-mail. Jest on potrzebny nie tylko do tego, aby\u015b m\u00f3g\u0142 otworzy\u0107 konto do gry, ale tak\u017ce do tego, aby powiadomi\u0107 Ci\u0119 o wygranej.<\/p>\n<p>Gdy losowanie lotto odb\u0119dzie si\u0119, zostaniesz automatycznie powiadomiony przez e-mail, je\u015bli dopasowa\u0142e\u015b numery, kt\u00f3re mog\u0142y wygra\u0107 nagrod\u0119 pieni\u0119\u017cn\u0105. Po prostu sprawd\u017a swoj\u0105 skrzynk\u0119 e-mail.<\/p>\n<p>Ponadto, je\u015bli kupi\u0142e\u015b sw\u00f3j kupon online tutaj, mo\u017cesz zalogowa\u0107 si\u0119 na swoje konto klienta, a wyniki b\u0119d\u0105 wy\u015bwietlane tu\u017c obok Twojego kuponu dla por\u00f3wnania. Te numery na Twoim kuponie, kt\u00f3re pasuj\u0105 do losowania b\u0119d\u0105 pod\u015bwietlone. To jest tak wygodne, jak to tylko mo\u017cliwe!<\/p>\n<p>Z tak wieloma zaletami i por\u0119cznymi funkcjami, takimi jak mo\u017cliwo\u015b\u0107 szybkiego sprawdzenia wynik\u00f3w loterii online,<strong> wiele os\u00f3b decyduje si\u0119 teraz na zakup los\u00f3w lotto online zamiast w sklepach.<\/strong><\/p>\n","protected":false},"excerpt":{"rendered":"<p>Wyniki loterii online Przy tak szerokiej gamie loterii dost\u0119pnych do gry oraz \u0142atwym dost\u0119pie do Internetu w dzisiejszych czasach wiele os\u00f3b woli szybko sprawdzi\u0107 wyniki loterii online. Je\u015bli kupi\u0142e\u015b bilet na loteri\u0119, to b\u0119dziesz chcia\u0142 si\u0119 dowiedzie\u0107, jakie s\u0105 zwyci\u0119skie numery dla tego konkretnego losowania. Teraz mo\u017cesz \u0142atwo sprawdzi\u0107 wyniki mi\u0119dzynarodowych jackpot\u00f3w lotto online w [&hellip;]<\/p>\n","protected":false},"author":1,"featured_media":0,"parent":0,"menu_order":4,"comment_status":"closed","ping_status":"closed","template":"Results.php","meta":{"_et_pb_use_builder":"","_et_pb_old_content":"","_et_gb_content_width":"","exclude_from_search":false,"footnotes":""},"class_list":["post-35844","page","type-page","status-publish","hentry"],"yoast_head":"<!-- This site is optimized with the Yoast SEO plugin v23.3 - https:\/\/yoast.com\/wordpress\/plugins\/seo\/ -->\n<title>Zwyci\u0119skie numery i wyniki mi\u0119dzynarodowych jackpot\u00f3w lotto<\/title>\n<meta name=\"description\" content=\"Ta strona pokazuje wyniki i zwyci\u0119skie numery wi\u0119kszo\u015bci mi\u0119dzynarodowych loterii jackpot online\" \/>\n<meta name=\"robots\" content=\"index, follow, max-snippet:-1, max-image-preview:large, max-video-preview:-1\" \/>\n<link rel=\"canonical\" href=\"https:\/\/jackpotlotteryonline.com\/winning-numbers\/\" \/>\n<meta property=\"og:locale\" content=\"pl_PL\" \/>\n<meta property=\"og:type\" content=\"article\" \/>\n<meta property=\"og:title\" content=\"Zwyci\u0119skie numery i wyniki mi\u0119dzynarodowych jackpot\u00f3w lotto\" \/>\n<meta property=\"og:description\" content=\"Ta strona pokazuje wyniki i zwyci\u0119skie numery wi\u0119kszo\u015bci mi\u0119dzynarodowych loterii jackpot online\" \/>\n<meta property=\"og:url\" content=\"https:\/\/jackpotlotteryonline.com\/winning-numbers\/\" \/>\n<meta property=\"og:site_name\" content=\"Lotto Online - Crack The International Lottery Jackpots\" \/>\n<meta property=\"article:modified_time\" content=\"2022-12-26T08:17:50+00:00\" \/>\n<meta property=\"og:image\" content=\"https:\/\/jackpotlotteryonline.com\/wp-content\/uploads\/2022\/11\/read1.jpg\" \/>\n<meta name=\"twitter:card\" content=\"summary_large_image\" \/>\n<meta name=\"twitter:label1\" content=\"Szacowany czas czytania\" \/>\n\t<meta name=\"twitter:data1\" content=\"3 minuty\" \/>\n<!-- \/ Yoast SEO plugin. -->","yoast_head_json":{"title":"Zwyci\u0119skie numery i wyniki mi\u0119dzynarodowych jackpot\u00f3w lotto","description":"Ta strona pokazuje wyniki i zwyci\u0119skie numery wi\u0119kszo\u015bci mi\u0119dzynarodowych loterii jackpot online","robots":{"index":"index","follow":"follow","max-snippet":"max-snippet:-1","max-image-preview":"max-image-preview:large","max-video-preview":"max-video-preview:-1"},"canonical":"https:\/\/jackpotlotteryonline.com\/winning-numbers\/","og_locale":"pl_PL","og_type":"article","og_title":"Zwyci\u0119skie numery i wyniki mi\u0119dzynarodowych jackpot\u00f3w lotto","og_description":"Ta strona pokazuje wyniki i zwyci\u0119skie numery wi\u0119kszo\u015bci mi\u0119dzynarodowych loterii jackpot online","og_url":"https:\/\/jackpotlotteryonline.com\/winning-numbers\/","og_site_name":"Lotto Online - Crack The International Lottery Jackpots","article_modified_time":"2022-12-26T08:17:50+00:00","og_image":[{"url":"https:\/\/jackpotlotteryonline.com\/wp-content\/uploads\/2022\/11\/read1.jpg"}],"twitter_card":"summary_large_image","twitter_misc":{"Szacowany czas czytania":"3 minuty"},"schema":{"@context":"https:\/\/schema.org","@graph":[{"@type":"WebPage","@id":"https:\/\/jackpotlotteryonline.com\/winning-numbers\/","url":"https:\/\/jackpotlotteryonline.com\/winning-numbers\/","name":"Zwyci\u0119skie numery i wyniki mi\u0119dzynarodowych jackpot\u00f3w lotto","isPartOf":{"@id":"https:\/\/jackpotlotteryonline.com\/#website"},"primaryImageOfPage":{"@id":"https:\/\/jackpotlotteryonline.com\/winning-numbers\/#primaryimage"},"image":{"@id":"https:\/\/jackpotlotteryonline.com\/winning-numbers\/#primaryimage"},"thumbnailUrl":"https:\/\/jackpotlotteryonline.com\/wp-content\/uploads\/2022\/11\/read1.jpg","datePublished":"2022-11-02T07:22:18+00:00","dateModified":"2022-12-26T08:17:50+00:00","description":"Ta strona pokazuje wyniki i zwyci\u0119skie numery wi\u0119kszo\u015bci mi\u0119dzynarodowych loterii jackpot online","breadcrumb":{"@id":"https:\/\/jackpotlotteryonline.com\/winning-numbers\/#breadcrumb"},"inLanguage":"pl-PL","potentialAction":[{"@type":"ReadAction","target":["https:\/\/jackpotlotteryonline.com\/winning-numbers\/"]}]},{"@type":"ImageObject","inLanguage":"pl-PL","@id":"https:\/\/jackpotlotteryonline.com\/winning-numbers\/#primaryimage","url":"https:\/\/jackpotlotteryonline.com\/wp-content\/uploads\/2022\/11\/read1.jpg","contentUrl":"https:\/\/jackpotlotteryonline.com\/wp-content\/uploads\/2022\/11\/read1.jpg"},{"@type":"BreadcrumbList","@id":"https:\/\/jackpotlotteryonline.com\/winning-numbers\/#breadcrumb","itemListElement":[{"@type":"ListItem","position":1,"name":"Home","item":"https:\/\/jackpotlotteryonline.com\/pl\/"},{"@type":"ListItem","position":2,"name":"Wyniki loterii"}]},{"@type":"WebSite","@id":"https:\/\/jackpotlotteryonline.com\/#website","url":"https:\/\/jackpotlotteryonline.com\/","name":"Lotto Online - Crack The International Lottery Jackpots","description":"","potentialAction":[{"@type":"SearchAction","target":{"@type":"EntryPoint","urlTemplate":"https:\/\/jackpotlotteryonline.com\/?s={search_term_string}"},"query-input":"required name=search_term_string"}],"inLanguage":"pl-PL"}]}},"_links":{"self":[{"href":"https:\/\/jackpotlotteryonline.com\/pl\/wp-json\/wp\/v2\/pages\/35844","targetHints":{"allow":["GET"]}}],"collection":[{"href":"https:\/\/jackpotlotteryonline.com\/pl\/wp-json\/wp\/v2\/pages"}],"about":[{"href":"https:\/\/jackpotlotteryonline.com\/pl\/wp-json\/wp\/v2\/types\/page"}],"author":[{"embeddable":true,"href":"https:\/\/jackpotlotteryonline.com\/pl\/wp-json\/wp\/v2\/users\/1"}],"replies":[{"embeddable":true,"href":"https:\/\/jackpotlotteryonline.com\/pl\/wp-json\/wp\/v2\/comments?post=35844"}],"version-history":[{"count":0,"href":"https:\/\/jackpotlotteryonline.com\/pl\/wp-json\/wp\/v2\/pages\/35844\/revisions"}],"wp:attachment":[{"href":"https:\/\/jackpotlotteryonline.com\/pl\/wp-json\/wp\/v2\/media?parent=35844"}],"curies":[{"name":"wp","href":"https:\/\/api.w.org\/{rel}","templated":true}]}}