{"id":35897,"date":"2022-11-02T09:31:34","date_gmt":"2022-11-02T09:31:34","guid":{"rendered":"https:\/\/jackpotlotteryonline.com\/?page_id=35897"},"modified":"2022-12-19T09:19:09","modified_gmt":"2022-12-19T09:19:09","slug":"powerball","status":"publish","type":"page","link":"https:\/\/jackpotlotteryonline.com\/pl\/jak-grac\/powerball\/","title":{"rendered":"Powerball USA"},"content":{"rendered":"<h2>Jackpot loterii Powerball online<\/h2>\n<p><img loading=\"lazy\" decoding=\"async\" class=\"alignright size-full wp-image-19358\" src=\"https:\/\/jackpotlotteryonline.com\/wp-content\/uploads\/2022\/10\/2_ticket_powerball3.jpg\" alt=\"bilet na powerball\" width=\"180\" height=\"194\" \/><\/p>\n<p>Patrzysz na jedn\u0105 z najstarszych i najwi\u0119kszych ameryka\u0144skich loterii. Jackpot Loterii Powerball oferowany jest przez wielostanow\u0105 komisj\u0119 loterii utworzon\u0105 przez 41 stan\u00f3w USA. Jest on prowadzony we wszystkich stanach (w tym Wyspy Dziewicze i Dystrykt Kolumbia) USA opr\u00f3cz 8 (Nevada, California, Utah, Mississippi, Wyoming, Alabama, Hawaje i Alaska).<\/p>\n<p>Jackpot loterii Powerball online kilkakrotnie przekroczy\u0142 kwot\u0119 300 milion\u00f3w dolar\u00f3w, a najwy\u017cszy jackpot w historii wyni\u00f3s\u0142 1500 milion\u00f3w dolar\u00f3w. Normalnie, jackpoty zaczynaj\u0105 si\u0119 od 20 milion\u00f3w dolar\u00f3w i i\u015b\u0107 w g\u00f3r\u0119 co najmniej 5 milion\u00f3w dolar\u00f3w za ka\u017cdym razem, gdy jackpot nie zosta\u0142 trafiony.<\/p>\n<section class=\"layout\" style=\"border: solid 1px; width: 100%;\">\n<div class=\"img-div\" style=\"margin-top: 5px;\"><img decoding=\"async\" class=\"wp-image-17212 alignleft\" style=\"height: 45px; margin: 8px 8px 0px;\" src=\"https:\/\/jackpotlotteryonline.com\/wp-content\/uploads\/2022\/11\/read1.jpg\" alt=\"najwi\u0119kszy jackpot lotto\" width=\"\" height=\"\" \/><\/div>\n<div style=\"padding-left: 5px;\">\n<div style=\"font-size: 1.1em;\">\n<p><strong>Historyczne, rekordowe jackpoty loterii<\/strong><\/p>\n<p style=\"font-size: 0.85em; margin-top: -1.5em;\">Najwi\u0119ksze jackpoty lotto w historii przyprawi\u0105 Ci\u0119 o zawr\u00f3t g\u0142owy <a href=\"https:\/\/jackpotlotteryonline.com\/pl\/najwieksze-jackpoty-lotto-w-historii\">wi\u0119cej<\/a><\/p>\n<\/div>\n<\/div>\n<\/section>\n<h2>Jak gra\u0107 na loterii Powerball<\/h2>\n<p>Mo\u017cesz \u0142atwo <strong><a href=\"https:\/\/jackpotlotteryonline.com\/pl\/kupic-bilety\/powerball\">uzyska\u0107 bilet na loteri\u0119 online<\/a> za po\u015brednictwem naszej strony internetowej. Aby gra\u0107 i wygra\u0107 jackpota loterii Powerball<\/strong>, nie musisz by\u0107 obywatelem USA &#8211; mo\u017cesz mieszka\u0107 poza USA, ale musisz mie\u0107 co najmniej 18 lat. Wszystko co musisz zrobi\u0107 to klikn\u0105\u0107 na jeden z baner\u00f3w loterii, zarejestrowa\u0107 si\u0119 i zweryfikowa\u0107 oraz dokona\u0107 p\u0142atno\u015bci. My zajmiemy si\u0119 reszt\u0105, gdy tylko z\u0142o\u017cysz zam\u00f3wienie. Zakup bilet\u00f3w, dostawa i pomoc w logistyce pieni\u0119dzy to obszary, w kt\u00f3rych mo\u017cesz uzyska\u0107 pomoc.<br \/>\n<img loading=\"lazy\" decoding=\"async\" class=\"alignright size-full wp-image-18167\" src=\"https:\/\/jackpotlotteryonline.com\/wp-content\/uploads\/2022\/10\/powerball_globe_logo.png\" alt=\"gra\u0107 w powerball online\" width=\"200\" height=\"212\" \/><\/p>\n<p>Aby trafi\u0107 Powerball Lottery Jackpot, trzeba dosta\u0107 pi\u0119\u0107 numer\u00f3w z 59 prawo, plus numer Powerball mi\u0119dzy 1 i 39. Istnieje dziewi\u0119\u0107 sposob\u00f3w na wygran\u0105, a ty masz ju\u017c jedn\u0105 cen\u0119, je\u015bli trafisz numer Powerball.<\/p>\n<p><a href=\"https:\/\/jackpotlotteryonline.com\/pl\/kupic-bilety\/powerball\">Loteria Powerball online<\/a> to tradycyjna gra na dwa b\u0119bny. Jeden b\u0119ben zawiera 59 bia\u0142ych kul, drugi b\u0119ben zawiera 39 czerwonych kul. B\u0119dziesz musia\u0142 wybra\u0107 5 bia\u0142ych kulek i jedn\u0105 czerwon\u0105. Kulki mog\u0105 by\u0107 wybrane losowo, a kolejno\u015b\u0107 wyboru nie ma \u017cadnego wp\u0142ywu na wynik.<\/p>\n<p>Zdecydowanie gra w Powerball online ma swoje zalety i ze wzgl\u0119du na niesamowite szanse na wygran\u0105, istnieje du\u017ce zapotrzebowanie na t\u0119 loteri\u0119.<\/p>\n<h2>Nadszed\u0142 czas, aby spr\u00f3bowa\u0107 szcz\u0119\u015bcia w Powerball<\/h2>\n<p>Je\u015bli jeste\u015b osob\u0105, kt\u00f3ra lubi pr\u00f3bowa\u0107 swojego szcz\u0119\u015bcia w grach losowych, loteria Powerball jest z pewno\u015bci\u0105 miejscem, w kt\u00f3rym warto zacz\u0105\u0107. Na naszej stronie internetowej dost\u0119pnych jest o wiele wi\u0119cej informacji, kt\u00f3re pomog\u0105 Ci zdecydowa\u0107, kt\u00f3re numery wybra\u0107 i zagra\u0107.<\/p>\n<p>Wiele os\u00f3b ma tendencj\u0119 do my\u015blenia, \u017ce loteria jest gr\u0105 losow\u0105. Jednak gdy zrozumiej\u0105, jak dzia\u0142a loteria Powerball, mog\u0105 my\u015ble\u0107 nieco inaczej. <strong>Jest wielu, kt\u00f3rzy ju\u017c wygrali w Powerball i nie ma powodu, dla kt\u00f3rego Ty nie mo\u017cesz by\u0107 jednym z nich. Zacznij teraz&#8230;!<\/strong><\/p>\n","protected":false},"excerpt":{"rendered":"<p>Jackpot loterii Powerball online Patrzysz na jedn\u0105 z najstarszych i najwi\u0119kszych ameryka\u0144skich loterii. Jackpot Loterii Powerball oferowany jest przez wielostanow\u0105 komisj\u0119 loterii utworzon\u0105 przez 41 stan\u00f3w USA. Jest on prowadzony we wszystkich stanach (w tym Wyspy Dziewicze i Dystrykt Kolumbia) USA opr\u00f3cz 8 (Nevada, California, Utah, Mississippi, Wyoming, Alabama, Hawaje i Alaska). Jackpot loterii Powerball [&hellip;]<\/p>\n","protected":false},"author":1,"featured_media":0,"parent":35709,"menu_order":1,"comment_status":"closed","ping_status":"closed","template":"powerball-usa.php","meta":{"_et_pb_use_builder":"","_et_pb_old_content":"","_et_gb_content_width":"","exclude_from_search":false,"footnotes":""},"class_list":["post-35897","page","type-page","status-publish","hentry"],"yoast_head":"<!-- This site is optimized with the Yoast SEO plugin v23.3 - https:\/\/yoast.com\/wordpress\/plugins\/seo\/ -->\n<title>Zagraj w Powerball Lottery Online, spoza USA<\/title>\n<meta name=\"description\" content=\"Loteria Powerball jest jedn\u0105 z najstarszych loterii w USA - przeczytaj to, aby dowiedzie\u0107 si\u0119 jak mo\u017cesz gra\u0107 online i to z kraju spoza USA ju\u017c dzi\u015b!\" \/>\n<meta name=\"robots\" content=\"index, follow, max-snippet:-1, max-image-preview:large, max-video-preview:-1\" \/>\n<link rel=\"canonical\" href=\"https:\/\/jackpotlotteryonline.com\/play-online\/powerball\/\" \/>\n<meta property=\"og:locale\" content=\"pl_PL\" \/>\n<meta property=\"og:type\" content=\"article\" \/>\n<meta property=\"og:title\" content=\"Zagraj w Powerball Lottery Online, spoza USA\" \/>\n<meta property=\"og:description\" content=\"Loteria Powerball jest jedn\u0105 z najstarszych loterii w USA - przeczytaj to, aby dowiedzie\u0107 si\u0119 jak mo\u017cesz gra\u0107 online i to z kraju spoza USA ju\u017c dzi\u015b!\" \/>\n<meta property=\"og:url\" content=\"https:\/\/jackpotlotteryonline.com\/play-online\/powerball\/\" \/>\n<meta property=\"og:site_name\" content=\"Lotto Online - Crack The International Lottery Jackpots\" \/>\n<meta property=\"article:modified_time\" content=\"2022-12-19T09:19:09+00:00\" \/>\n<meta property=\"og:image\" content=\"https:\/\/jackpotlotteryonline.com\/wp-content\/uploads\/2022\/10\/2_ticket_powerball3.jpg\" \/>\n<meta name=\"twitter:card\" content=\"summary_large_image\" \/>\n<meta name=\"twitter:label1\" content=\"Szacowany czas czytania\" \/>\n\t<meta name=\"twitter:data1\" content=\"3 minuty\" \/>\n<!-- \/ Yoast SEO plugin. -->","yoast_head_json":{"title":"Zagraj w Powerball Lottery Online, spoza USA","description":"Loteria Powerball jest jedn\u0105 z najstarszych loterii w USA - przeczytaj to, aby dowiedzie\u0107 si\u0119 jak mo\u017cesz gra\u0107 online i to z kraju spoza USA ju\u017c dzi\u015b!","robots":{"index":"index","follow":"follow","max-snippet":"max-snippet:-1","max-image-preview":"max-image-preview:large","max-video-preview":"max-video-preview:-1"},"canonical":"https:\/\/jackpotlotteryonline.com\/play-online\/powerball\/","og_locale":"pl_PL","og_type":"article","og_title":"Zagraj w Powerball Lottery Online, spoza USA","og_description":"Loteria Powerball jest jedn\u0105 z najstarszych loterii w USA - przeczytaj to, aby dowiedzie\u0107 si\u0119 jak mo\u017cesz gra\u0107 online i to z kraju spoza USA ju\u017c dzi\u015b!","og_url":"https:\/\/jackpotlotteryonline.com\/play-online\/powerball\/","og_site_name":"Lotto Online - Crack The International Lottery Jackpots","article_modified_time":"2022-12-19T09:19:09+00:00","og_image":[{"url":"https:\/\/jackpotlotteryonline.com\/wp-content\/uploads\/2022\/10\/2_ticket_powerball3.jpg"}],"twitter_card":"summary_large_image","twitter_misc":{"Szacowany czas czytania":"3 minuty"},"schema":{"@context":"https:\/\/schema.org","@graph":[{"@type":"WebPage","@id":"https:\/\/jackpotlotteryonline.com\/play-online\/powerball\/","url":"https:\/\/jackpotlotteryonline.com\/play-online\/powerball\/","name":"Zagraj w Powerball Lottery Online, spoza USA","isPartOf":{"@id":"https:\/\/jackpotlotteryonline.com\/#website"},"primaryImageOfPage":{"@id":"https:\/\/jackpotlotteryonline.com\/play-online\/powerball\/#primaryimage"},"image":{"@id":"https:\/\/jackpotlotteryonline.com\/play-online\/powerball\/#primaryimage"},"thumbnailUrl":"https:\/\/jackpotlotteryonline.com\/wp-content\/uploads\/2022\/10\/2_ticket_powerball3.jpg","datePublished":"2022-11-02T09:31:34+00:00","dateModified":"2022-12-19T09:19:09+00:00","description":"Loteria Powerball jest jedn\u0105 z najstarszych loterii w USA - przeczytaj to, aby dowiedzie\u0107 si\u0119 jak mo\u017cesz gra\u0107 online i to z kraju spoza USA ju\u017c dzi\u015b!","breadcrumb":{"@id":"https:\/\/jackpotlotteryonline.com\/play-online\/powerball\/#breadcrumb"},"inLanguage":"pl-PL","potentialAction":[{"@type":"ReadAction","target":["https:\/\/jackpotlotteryonline.com\/play-online\/powerball\/"]}]},{"@type":"ImageObject","inLanguage":"pl-PL","@id":"https:\/\/jackpotlotteryonline.com\/play-online\/powerball\/#primaryimage","url":"https:\/\/jackpotlotteryonline.com\/wp-content\/uploads\/2022\/10\/2_ticket_powerball3.jpg","contentUrl":"https:\/\/jackpotlotteryonline.com\/wp-content\/uploads\/2022\/10\/2_ticket_powerball3.jpg"},{"@type":"BreadcrumbList","@id":"https:\/\/jackpotlotteryonline.com\/play-online\/powerball\/#breadcrumb","itemListElement":[{"@type":"ListItem","position":1,"name":"Home","item":"https:\/\/jackpotlotteryonline.com\/pl\/"},{"@type":"ListItem","position":2,"name":"Jak gra\u0107","item":"https:\/\/jackpotlotteryonline.com\/pl\/jak-grac\/"},{"@type":"ListItem","position":3,"name":"Powerball USA"}]},{"@type":"WebSite","@id":"https:\/\/jackpotlotteryonline.com\/#website","url":"https:\/\/jackpotlotteryonline.com\/","name":"Lotto Online - Crack The International Lottery Jackpots","description":"","potentialAction":[{"@type":"SearchAction","target":{"@type":"EntryPoint","urlTemplate":"https:\/\/jackpotlotteryonline.com\/?s={search_term_string}"},"query-input":"required name=search_term_string"}],"inLanguage":"pl-PL"}]}},"_links":{"self":[{"href":"https:\/\/jackpotlotteryonline.com\/pl\/wp-json\/wp\/v2\/pages\/35897","targetHints":{"allow":["GET"]}}],"collection":[{"href":"https:\/\/jackpotlotteryonline.com\/pl\/wp-json\/wp\/v2\/pages"}],"about":[{"href":"https:\/\/jackpotlotteryonline.com\/pl\/wp-json\/wp\/v2\/types\/page"}],"author":[{"embeddable":true,"href":"https:\/\/jackpotlotteryonline.com\/pl\/wp-json\/wp\/v2\/users\/1"}],"replies":[{"embeddable":true,"href":"https:\/\/jackpotlotteryonline.com\/pl\/wp-json\/wp\/v2\/comments?post=35897"}],"version-history":[{"count":0,"href":"https:\/\/jackpotlotteryonline.com\/pl\/wp-json\/wp\/v2\/pages\/35897\/revisions"}],"up":[{"embeddable":true,"href":"https:\/\/jackpotlotteryonline.com\/pl\/wp-json\/wp\/v2\/pages\/35709"}],"wp:attachment":[{"href":"https:\/\/jackpotlotteryonline.com\/pl\/wp-json\/wp\/v2\/media?parent=35897"}],"curies":[{"name":"wp","href":"https:\/\/api.w.org\/{rel}","templated":true}]}}