{"id":35961,"date":"2022-11-02T12:23:01","date_gmt":"2022-11-02T12:23:01","guid":{"rendered":"https:\/\/jackpotlotteryonline.com\/?page_id=35961"},"modified":"2022-12-30T19:23:46","modified_gmt":"2022-12-30T19:23:46","slug":"mega-millions","status":"publish","type":"page","link":"https:\/\/jackpotlotteryonline.com\/pl\/jak-grac\/mega-millions\/","title":{"rendered":"Mega Millions USA"},"content":{"rendered":"<h2>Jackpot Mega Millions Online Lotto<\/h2>\n<p>Mega Millions Jackpot Lotto siedzi w Michigan USA i jest odtwarzany w 12 federalnych stan\u00f3w USA. Z losowaniami zaplanowanymi na ka\u017cdy wtorek i pi\u0105tek wieczorem o 8 PM, cz\u0119stotliwo\u015b\u0107 wygranej mo\u017ce by\u0107 do\u015b\u0107 wysoka dla szcz\u0119\u015bliwego gracza. Bilet Mega Millions jest stosunkowo tani, a najwi\u0119kszy jackpot kiedykolwiek wyp\u0142acony by\u0142 na ponad $1500 milion\u00f3w.<br \/>\n<img loading=\"lazy\" decoding=\"async\" class=\"alignright size-full wp-image-17546\" src=\"http:\/\/jackpotlotteryonline.com\/wp-content\/uploads\/2022\/10\/logo_Mega_Millions_233x110.png\" alt=\"zagraj w mega miliony online\" width=\"232\" height=\"110\" \/><\/p>\n<p>Je\u015bli rozwa\u017casz gr\u0119 w Mega Millions, i to regularnie, mo\u017cesz sobie wyobrazi\u0107 czas i energi\u0119 zwi\u0105zane z bieganiem na loteri\u0119 dwa razy w tygodniu. Najlepszym sposobem na usuni\u0119cie komplikacji i zaoszcz\u0119dzenie czasu jest gra online.<a href=\"https:\/\/jackpotlotteryonline.com\/pl\/zwycieskie-numery\/mega-millions\"> Kupno losu<\/a> z ulubionymi numerami i dostarczenie go pod drzwi nigdy nie by\u0142o tak proste. Z nasz\u0105 pomoc\u0105, Jackpot Mega Millions Lotto mo\u017ce by\u0107 wygrany online przez ka\u017cdego na \u015bwiecie!<\/p>\n<h2>Jak gra\u0107 w Mega Millions online<\/h2>\n<p>Loteria Mega Millions zaczyna si\u0119 od kwoty 20 milion\u00f3w dolar\u00f3w i przesz\u0142a do historii, gdy osi\u0105gn\u0119\u0142a 1,5 miliarda dolar\u00f3w, czyli najwy\u017cszy jackpot w historii USA! Gracze mog\u0105 wybra\u0107 pi\u0119\u0107 numer\u00f3w od 1 do 56 (bia\u0142a kula) plus jeden tak zwany Mega numer od 1 do 46 (z\u0142ota kula).<br \/>\n<img loading=\"lazy\" decoding=\"async\" class=\"alignright size-full wp-image-19115\" src=\"http:\/\/jackpotlotteryonline.com\/wp-content\/uploads\/2022\/10\/2_ticket_mega_millions3.jpg\" alt=\"mega miliony skan biletu\" width=\"180\" height=\"193\" \/><\/p>\n<p>Aby zdoby\u0107 tego jackpota, musisz trafi\u0107 wszystkie pi\u0119\u0107 liczb oraz mega liczb\u0119. Ale nawet je\u015bli nie uda Ci si\u0119 zdoby\u0107 jackpota, masz du\u017ce szanse na wygran\u0105, poniewa\u017c 1 z 40 los\u00f3w wygrywa. Ka\u017cdy zgodzi si\u0119, \u017ce s\u0105 to bardzo dobre szanse na wygran\u0105 w loterii.<\/p>\n<p>Jackpot zostanie wyp\u0142acony w 26 rocznych p\u0142atno\u015bciach zwanych r\u00f3wnie\u017c opcj\u0105 annuitetu lub mo\u017cesz zdecydowa\u0107 si\u0119 na rozliczenie got\u00f3wkowe, gdzie otrzymasz obecn\u0105 warto\u015b\u0107 annuitetu. <a href=\"http:\/\/jackpotlotteryonline.com\/pl\/zwycieskie-numery\/mega-millions\">Losowania<\/a> odbywaj\u0105 si\u0119 zazwyczaj w Idaho (Georgia), ale kiedy jackpot przekracza granic\u0119 200 milion\u00f3w dolar\u00f3w, losowanie odbywa si\u0119 na Times Square (Nowy Jork).<\/p>\n<p>Musisz mie\u0107 co najmniej 18 lat, aby gra\u0107 w t\u0119 loteri\u0119, ale nie musisz by\u0107 obywatelem lub mieszka\u0144cem USA. Z nasz\u0105 pomoc\u0105 mo\u017cesz gra\u0107 spoza USA, w\u0142a\u015bciwie z ka\u017cdego miejsca na \u015bwiecie. W rzeczywisto\u015bci pomo\u017cemy Ci r\u00f3wnie\u017c bezpiecznie dostarczy\u0107 wygrane nagrody pieni\u0119\u017cne do Ciebie bez \u017cadnych problem\u00f3w.<\/p>\n<h2>Dodatki<\/h2>\n<p>W prawie wszystkich jurysdykcjach (42 z 43, z wyj\u0105tkiem Kalifornii) Mega Millions, gracze maj\u0105 mo\u017cliwo\u015b\u0107 aktywowania dodatku zwanego Megaplier. Megaplier podwaja zak\u0142ad w grze, a gracze mog\u0105 pomno\u017cy\u0107 nie-jackpotowe nagrody przez 2,3 lub 4. Oczywi\u015bcie nie trzeba tu wspomina\u0107, \u017ce kursy malej\u0105.<\/p>\n<p>Tak wi\u0119c, maj\u0105c tak wiele do stracenia, nadszed\u0142 czas, aby\u015b rozwa\u017cy\u0142 gr\u0119 w Mega Millions, mo\u017ce ona sprawi\u0107, \u017ce zrealizujesz swoje marzenia. Zarejestruj si\u0119 na naszej stronie i we\u017a udzia\u0142 w najwi\u0119kszej ameryka\u0144skiej loterii w historii.<\/p>\n<section class=\"layout\" style=\"border: solid 1px; width: 100%;\">\n<div class=\"img-div\" style=\"margin-top: 5px;\"><img decoding=\"async\" class=\"wp-image-17212 alignleft\" style=\"height: 45px; margin: 8px 8px 0px;\" src=\"http:\/\/jackpotlotteryonline.com\/wp-content\/uploads\/2022\/11\/read1.jpg\" alt=\"czytaj\" width=\"\" height=\"\" \/><\/div>\n<div style=\"padding-left: 5px;\">\n<div style=\"font-size: 1.1em;\">\n<p><strong>Twoja narodowa loteria w mi\u0119dzynarodowym por\u00f3wnaniu<\/strong><\/p>\n<p style=\"font-size: 0.85em; margin-top: -1.5em;\">Twoja lokalna loteria mo\u017ce by\u0107 najgorsz\u0105 opcj\u0105 &#8211; dlaczego warto zap\u0142aci\u0107 wi\u0119cej, ale trafi\u0107 wi\u0119ksze jackpoty\u00a0 <a href=\"https:\/\/jackpotlotteryonline.com\/lt\/jusu-vietine-loterija-tautiniame-lyginime\"> wi\u0119cej<\/a><\/p>\n<\/div>\n<\/div>\n<\/section>\n","protected":false},"excerpt":{"rendered":"<p>Jackpot Mega Millions Online Lotto Mega Millions Jackpot Lotto siedzi w Michigan USA i jest odtwarzany w 12 federalnych stan\u00f3w USA. Z losowaniami zaplanowanymi na ka\u017cdy wtorek i pi\u0105tek wieczorem o 8 PM, cz\u0119stotliwo\u015b\u0107 wygranej mo\u017ce by\u0107 do\u015b\u0107 wysoka dla szcz\u0119\u015bliwego gracza. Bilet Mega Millions jest stosunkowo tani, a najwi\u0119kszy jackpot kiedykolwiek wyp\u0142acony by\u0142 na [&hellip;]<\/p>\n","protected":false},"author":1,"featured_media":0,"parent":35709,"menu_order":2,"comment_status":"closed","ping_status":"closed","template":"megamillion.php","meta":{"_et_pb_use_builder":"","_et_pb_old_content":"","_et_gb_content_width":"","exclude_from_search":false,"footnotes":""},"class_list":["post-35961","page","type-page","status-publish","hentry"],"yoast_head":"<!-- This site is optimized with the Yoast SEO plugin v23.3 - https:\/\/yoast.com\/wordpress\/plugins\/seo\/ -->\n<title>Zagraj w Mega Millions Online spoza USA<\/title>\n<meta name=\"description\" content=\"Ameryka\u0144ski Mega Millions lotto jest matk\u0105 wszystkich loterii i mo\u017cesz gra\u0107 online teraz, nawet je\u015bli mieszkasz poza USA.\" \/>\n<meta name=\"robots\" content=\"index, follow, max-snippet:-1, max-image-preview:large, max-video-preview:-1\" \/>\n<link rel=\"canonical\" href=\"https:\/\/jackpotlotteryonline.com\/play-online\/mega-millions\/\" \/>\n<meta property=\"og:locale\" content=\"pl_PL\" \/>\n<meta property=\"og:type\" content=\"article\" \/>\n<meta property=\"og:title\" content=\"Zagraj w Mega Millions Online spoza USA\" \/>\n<meta property=\"og:description\" content=\"Ameryka\u0144ski Mega Millions lotto jest matk\u0105 wszystkich loterii i mo\u017cesz gra\u0107 online teraz, nawet je\u015bli mieszkasz poza USA.\" \/>\n<meta property=\"og:url\" content=\"https:\/\/jackpotlotteryonline.com\/play-online\/mega-millions\/\" \/>\n<meta property=\"og:site_name\" content=\"Lotto Online - Crack The International Lottery Jackpots\" \/>\n<meta property=\"article:modified_time\" content=\"2022-12-30T19:23:46+00:00\" \/>\n<meta property=\"og:image\" content=\"http:\/\/jackpotlotteryonline.com\/wp-content\/uploads\/2022\/10\/logo_Mega_Millions_233x110.png\" \/>\n<meta name=\"twitter:card\" content=\"summary_large_image\" \/>\n<meta name=\"twitter:label1\" content=\"Szacowany czas czytania\" \/>\n\t<meta name=\"twitter:data1\" content=\"3 minuty\" \/>\n<!-- \/ Yoast SEO plugin. -->","yoast_head_json":{"title":"Zagraj w Mega Millions Online spoza USA","description":"Ameryka\u0144ski Mega Millions lotto jest matk\u0105 wszystkich loterii i mo\u017cesz gra\u0107 online teraz, nawet je\u015bli mieszkasz poza USA.","robots":{"index":"index","follow":"follow","max-snippet":"max-snippet:-1","max-image-preview":"max-image-preview:large","max-video-preview":"max-video-preview:-1"},"canonical":"https:\/\/jackpotlotteryonline.com\/play-online\/mega-millions\/","og_locale":"pl_PL","og_type":"article","og_title":"Zagraj w Mega Millions Online spoza USA","og_description":"Ameryka\u0144ski Mega Millions lotto jest matk\u0105 wszystkich loterii i mo\u017cesz gra\u0107 online teraz, nawet je\u015bli mieszkasz poza USA.","og_url":"https:\/\/jackpotlotteryonline.com\/play-online\/mega-millions\/","og_site_name":"Lotto Online - Crack The International Lottery Jackpots","article_modified_time":"2022-12-30T19:23:46+00:00","og_image":[{"url":"http:\/\/jackpotlotteryonline.com\/wp-content\/uploads\/2022\/10\/logo_Mega_Millions_233x110.png"}],"twitter_card":"summary_large_image","twitter_misc":{"Szacowany czas czytania":"3 minuty"},"schema":{"@context":"https:\/\/schema.org","@graph":[{"@type":"WebPage","@id":"https:\/\/jackpotlotteryonline.com\/play-online\/mega-millions\/","url":"https:\/\/jackpotlotteryonline.com\/play-online\/mega-millions\/","name":"Zagraj w Mega Millions Online spoza USA","isPartOf":{"@id":"https:\/\/jackpotlotteryonline.com\/#website"},"primaryImageOfPage":{"@id":"https:\/\/jackpotlotteryonline.com\/play-online\/mega-millions\/#primaryimage"},"image":{"@id":"https:\/\/jackpotlotteryonline.com\/play-online\/mega-millions\/#primaryimage"},"thumbnailUrl":"http:\/\/jackpotlotteryonline.com\/wp-content\/uploads\/2022\/10\/logo_Mega_Millions_233x110.png","datePublished":"2022-11-02T12:23:01+00:00","dateModified":"2022-12-30T19:23:46+00:00","description":"Ameryka\u0144ski Mega Millions lotto jest matk\u0105 wszystkich loterii i mo\u017cesz gra\u0107 online teraz, nawet je\u015bli mieszkasz poza USA.","breadcrumb":{"@id":"https:\/\/jackpotlotteryonline.com\/play-online\/mega-millions\/#breadcrumb"},"inLanguage":"pl-PL","potentialAction":[{"@type":"ReadAction","target":["https:\/\/jackpotlotteryonline.com\/play-online\/mega-millions\/"]}]},{"@type":"ImageObject","inLanguage":"pl-PL","@id":"https:\/\/jackpotlotteryonline.com\/play-online\/mega-millions\/#primaryimage","url":"http:\/\/jackpotlotteryonline.com\/wp-content\/uploads\/2022\/10\/logo_Mega_Millions_233x110.png","contentUrl":"http:\/\/jackpotlotteryonline.com\/wp-content\/uploads\/2022\/10\/logo_Mega_Millions_233x110.png"},{"@type":"BreadcrumbList","@id":"https:\/\/jackpotlotteryonline.com\/play-online\/mega-millions\/#breadcrumb","itemListElement":[{"@type":"ListItem","position":1,"name":"Home","item":"https:\/\/jackpotlotteryonline.com\/pl\/"},{"@type":"ListItem","position":2,"name":"Jak gra\u0107","item":"https:\/\/jackpotlotteryonline.com\/pl\/jak-grac\/"},{"@type":"ListItem","position":3,"name":"Mega Millions USA"}]},{"@type":"WebSite","@id":"https:\/\/jackpotlotteryonline.com\/#website","url":"https:\/\/jackpotlotteryonline.com\/","name":"Lotto Online - Crack The International Lottery Jackpots","description":"","potentialAction":[{"@type":"SearchAction","target":{"@type":"EntryPoint","urlTemplate":"https:\/\/jackpotlotteryonline.com\/?s={search_term_string}"},"query-input":"required name=search_term_string"}],"inLanguage":"pl-PL"}]}},"_links":{"self":[{"href":"https:\/\/jackpotlotteryonline.com\/pl\/wp-json\/wp\/v2\/pages\/35961","targetHints":{"allow":["GET"]}}],"collection":[{"href":"https:\/\/jackpotlotteryonline.com\/pl\/wp-json\/wp\/v2\/pages"}],"about":[{"href":"https:\/\/jackpotlotteryonline.com\/pl\/wp-json\/wp\/v2\/types\/page"}],"author":[{"embeddable":true,"href":"https:\/\/jackpotlotteryonline.com\/pl\/wp-json\/wp\/v2\/users\/1"}],"replies":[{"embeddable":true,"href":"https:\/\/jackpotlotteryonline.com\/pl\/wp-json\/wp\/v2\/comments?post=35961"}],"version-history":[{"count":0,"href":"https:\/\/jackpotlotteryonline.com\/pl\/wp-json\/wp\/v2\/pages\/35961\/revisions"}],"up":[{"embeddable":true,"href":"https:\/\/jackpotlotteryonline.com\/pl\/wp-json\/wp\/v2\/pages\/35709"}],"wp:attachment":[{"href":"https:\/\/jackpotlotteryonline.com\/pl\/wp-json\/wp\/v2\/media?parent=35961"}],"curies":[{"name":"wp","href":"https:\/\/api.w.org\/{rel}","templated":true}]}}