{"id":36030,"date":"2022-11-03T08:24:32","date_gmt":"2022-11-03T08:24:32","guid":{"rendered":"https:\/\/jackpotlotteryonline.com\/?page_id=36030"},"modified":"2022-12-30T20:14:55","modified_gmt":"2022-12-30T20:14:55","slug":"euromillions","status":"publish","type":"page","link":"https:\/\/jackpotlotteryonline.com\/pl\/jak-grac\/euromillions\/","title":{"rendered":"Zagraj w Euro Millions"},"content":{"rendered":"<h2>Zdob\u0105d\u017a bilet na Euromillions online<\/h2>\n<p><img loading=\"lazy\" decoding=\"async\" class=\"alignright wp-image-18926\" src=\"http:\/\/jackpotlotteryonline.com\/wp-content\/uploads\/2022\/10\/2_ticket_euromillions3-111x300.jpg\" alt=\"euromillions bilet\" width=\"83\" height=\"224\" srcset=\"https:\/\/jackpotlotteryonline.com\/wp-content\/uploads\/2022\/10\/2_ticket_euromillions3-111x300.jpg 111w, https:\/\/jackpotlotteryonline.com\/wp-content\/uploads\/2022\/10\/2_ticket_euromillions3.jpg 180w\" sizes=\"auto, (max-width: 83px) 100vw, 83px\" \/><\/p>\n<p>Euromillions to loteria, kt\u00f3ra odbywa si\u0119 w kilku europejskich krajach, takich jak Francja, Wielka Brytania, Hiszpania, Irlandia, Belgia, Luksemburg i Szwajcaria. Jackpot Euromillions Online zaczyna si\u0119 od kwoty 15 milion\u00f3w euro, a rekordowy jackpot wynosi 190 milion\u00f3w euro.<\/p>\n<p>Aby zagra\u0107 w loteri\u0119 Euromillions jackpot musisz mie\u0107 co najmniej 18 lat, ale mo\u017cesz gra\u0107 w ni\u0105 z ka\u017cdego kraju na \u015bwiecie, korzystaj\u0105c z us\u0142ugi, kt\u00f3r\u0105 oferujemy na tej stronie. To co oferujemy jest do\u015b\u0107 wyj\u0105tkowe w tym sensie, \u017ce daje wszystkim na ca\u0142ym \u015bwiecie, w tym w krajach takich jak Niemcy, Holandia, W\u0142ochy, a nawet poza Europ\u0105 i nie tylko, mo\u017cliwo\u015b\u0107 gry i wygrania jackpota online. Poprzez zapewnienie opcji lucky pick, \u0142atwiej jest wybra\u0107 losowe liczby, zamiast wywiera\u0107 presj\u0119 na w\u0142asne szare kom\u00f3rki.<\/p>\n<h2>Jak kupi\u0107 los na Euromillions spoza Europy<\/h2>\n<p><a href=\"https:\/\/jackpotlotteryonline.com\/pl\/kupic-bilety\/euromillions\">Kupno los\u00f3w na loteri\u0119 Euromillions online<\/a> mo\u017ce by\u0107 mniej uci\u0105\u017cliwe dzi\u0119ki nam. Po rejestracji na naszej stronie i weryfikacji, wystarczy wybra\u0107 loteri\u0119 i dokona\u0107 wymaganej p\u0142atno\u015bci. Gdy to zrobisz, kupon loteryjny zostanie zakupiony w Twoim imieniu, a skan zostanie przes\u0142any na Twoje konto, gdy ju\u017c zap\u0142acisz za pomoc\u0105 wybranego \u015brodka p\u0142atniczego.<\/p>\n<p>Co wi\u0119cej, je\u015bli jeste\u015b zainteresowany kontynuowaniem gry w Euromillions online jackpot przez jaki\u015b czas, mo\u017cesz wybra\u0107 swoje liczby lub losowo je wybra\u0107 i mo\u017cesz wzi\u0105\u0107 udzia\u0142 w wielu losowaniach, ale b\u0119dziesz musia\u0142 zap\u0142aci\u0107 tylko raz na kilka tygodni.<\/p>\n<h2>Jak dzia\u0142a Euromillions loteria online jackpot<\/h2>\n<p><img loading=\"lazy\" decoding=\"async\" class=\"alignright wp-image-17411\" src=\"http:\/\/jackpotlotteryonline.com\/wp-content\/uploads\/2022\/10\/euromillions.png\" alt=\"zagraj w euromillions online\" width=\"143\" height=\"152\" \/><\/p>\n<p>Musisz wybra\u0107 pi\u0119\u0107 numer\u00f3w od 1 do 50 plus 2 dodatkowe numery Lucky Star (od 1 do 9) aby wygra\u0107 jackpota. <a href=\"http:\/\/jackpotlotteryonline.com\/pl\/zwycieskie-numery\/euromillions\">Losowanie Euromillions<\/a> odbywa si\u0119 w ka\u017cdy pi\u0105tek wieczorem, a opr\u00f3cz jackpota, istnieje 11 poziom\u00f3w nagr\u00f3d. Szanse na wygranie przynajmniej jednej nagrody s\u0105 jak jeden na 24.<\/p>\n<h2>Sprawdzanie wynik\u00f3w<\/h2>\n<p>Mo\u017cesz sprawdzi\u0107 wyniki online w dowolnym momencie po zako\u0144czeniu losowania. Mo\u017cesz u\u017cy\u0107 iPada, iPhone&#8217;a lub innego urz\u0105dzenia, aby by\u0107 na bie\u017c\u0105co. Gdy ju\u017c b\u0119dziesz mia\u0142 szcz\u0119\u015bcie wygra\u0107 nagrod\u0119 lub jackpot loterii Euromillions online, pomo\u017cemy Ci r\u00f3wnie\u017c odebra\u0107 nagrod\u0119 i upewnimy si\u0119, \u017ce zostanie ona do Ciebie dostarczona.<\/p>\n<section class=\"layout\" style=\"border: solid 1px; width: 100%;\">\n<div class=\"img-div\" style=\"margin-top: 5px;\"><img decoding=\"async\" class=\"wp-image-17212 alignleft\" style=\"height: 45px; margin: 8px 8px 0px;\" src=\"http:\/\/jackpotlotteryonline.com\/wp-content\/uploads\/2022\/11\/read1.jpg\" alt=\"czytaj\" width=\"\" height=\"\" \/><\/div>\n<div style=\"padding-left: 5px;\">\n<div style=\"font-size: 1.1em;\">\n<p><strong>Loterie, kt\u00f3re maj\u0105 najwi\u0119ksze szanse na wygran\u0105<\/strong><\/p>\n<p style=\"font-size: 0.85em; margin-top: -1.5em;\">Kt\u00f3ra loteria ma najwi\u0119ksze szanse na wygran\u0105?\u00a0<a href=\"https:\/\/jackpotlotteryonline.com\/pl\/ktora-loteria-ma-najwieksze-szanse-na-wygrana\"> wi\u0119cej<\/a><\/p>\n<\/div>\n<\/div>\n<\/section>\n<h2>Euromillions loteria online jackpot<\/h2>\n<p>Euromillions jackpot zosta\u0142 pocz\u0105tkowo uruchomiony na 7 lutego 2004 i odby\u0142a si\u0119 jego pierwsze losowanie w Pary\u017cu na 13 lutego 2004. Najbardziej godne uwagi wygrana by\u0142a w jednym z ostatnich losowa\u0144 (12 lipca 2011), a kwota \u20ac 185.000.000 zosta\u0142 pocketed przez Colin i Chris Weir z Glasgow (Wielka Brytania).<\/p>\n<p>Euromillions Lottery online nie by\u0142 bez w\u0142asnego udzia\u0142u skandali &#8211; g\u0142\u00f3wnie ten, kt\u00f3ry pojawi\u0142 si\u0119 w Belgii w 2009 roku. Jednak by\u0142y one bez \u017cadnego trwa\u0142ego uzasadnienia i od tego czasu zosta\u0142y st\u0142umione. Nadszed\u0142 wi\u0119c czas, aby\u015b spr\u00f3bowa\u0142 swojego szcz\u0119\u015bcia w jednej z najwi\u0119kszych ofert pieni\u0119\u017cnych w historii.<\/p>\n","protected":false},"excerpt":{"rendered":"<p>Zdob\u0105d\u017a bilet na Euromillions online Euromillions to loteria, kt\u00f3ra odbywa si\u0119 w kilku europejskich krajach, takich jak Francja, Wielka Brytania, Hiszpania, Irlandia, Belgia, Luksemburg i Szwajcaria. Jackpot Euromillions Online zaczyna si\u0119 od kwoty 15 milion\u00f3w euro, a rekordowy jackpot wynosi 190 milion\u00f3w euro. Aby zagra\u0107 w loteri\u0119 Euromillions jackpot musisz mie\u0107 co najmniej 18 lat, [&hellip;]<\/p>\n","protected":false},"author":1,"featured_media":0,"parent":35709,"menu_order":3,"comment_status":"closed","ping_status":"closed","template":"euromillions.php","meta":{"_et_pb_use_builder":"","_et_pb_old_content":"","_et_gb_content_width":"","exclude_from_search":false,"footnotes":""},"class_list":["post-36030","page","type-page","status-publish","hentry"],"yoast_head":"<!-- This site is optimized with the Yoast SEO plugin v23.3 - https:\/\/yoast.com\/wordpress\/plugins\/seo\/ -->\n<title>Zagraj w Euromillions online z dowolnego miejsca, nawet poza Europ\u0105<\/title>\n<meta name=\"description\" content=\"Loteria Euromillions jest jedn\u0105 z najbardziej poszukiwanych loterii. Mo\u017cesz zagra\u0107 teraz z kuponem online, nawet je\u015bli jeste\u015b poza Europ\u0105\" \/>\n<meta name=\"robots\" content=\"index, follow, max-snippet:-1, max-image-preview:large, max-video-preview:-1\" \/>\n<link rel=\"canonical\" href=\"https:\/\/jackpotlotteryonline.com\/play-online\/euromillions\/\" \/>\n<meta property=\"og:locale\" content=\"pl_PL\" \/>\n<meta property=\"og:type\" content=\"article\" \/>\n<meta property=\"og:title\" content=\"Zagraj w Euromillions online z dowolnego miejsca, nawet poza Europ\u0105\" \/>\n<meta property=\"og:description\" content=\"Loteria Euromillions jest jedn\u0105 z najbardziej poszukiwanych loterii. Mo\u017cesz zagra\u0107 teraz z kuponem online, nawet je\u015bli jeste\u015b poza Europ\u0105\" \/>\n<meta property=\"og:url\" content=\"https:\/\/jackpotlotteryonline.com\/play-online\/euromillions\/\" \/>\n<meta property=\"og:site_name\" content=\"Lotto Online - Crack The International Lottery Jackpots\" \/>\n<meta property=\"article:modified_time\" content=\"2022-12-30T20:14:55+00:00\" \/>\n<meta property=\"og:image\" content=\"http:\/\/jackpotlotteryonline.com\/wp-content\/uploads\/2022\/10\/2_ticket_euromillions3-111x300.jpg\" \/>\n<meta name=\"twitter:card\" content=\"summary_large_image\" \/>\n<meta name=\"twitter:label1\" content=\"Szacowany czas czytania\" \/>\n\t<meta name=\"twitter:data1\" content=\"3 minuty\" \/>\n<!-- \/ Yoast SEO plugin. -->","yoast_head_json":{"title":"Zagraj w Euromillions online z dowolnego miejsca, nawet poza Europ\u0105","description":"Loteria Euromillions jest jedn\u0105 z najbardziej poszukiwanych loterii. Mo\u017cesz zagra\u0107 teraz z kuponem online, nawet je\u015bli jeste\u015b poza Europ\u0105","robots":{"index":"index","follow":"follow","max-snippet":"max-snippet:-1","max-image-preview":"max-image-preview:large","max-video-preview":"max-video-preview:-1"},"canonical":"https:\/\/jackpotlotteryonline.com\/play-online\/euromillions\/","og_locale":"pl_PL","og_type":"article","og_title":"Zagraj w Euromillions online z dowolnego miejsca, nawet poza Europ\u0105","og_description":"Loteria Euromillions jest jedn\u0105 z najbardziej poszukiwanych loterii. Mo\u017cesz zagra\u0107 teraz z kuponem online, nawet je\u015bli jeste\u015b poza Europ\u0105","og_url":"https:\/\/jackpotlotteryonline.com\/play-online\/euromillions\/","og_site_name":"Lotto Online - Crack The International Lottery Jackpots","article_modified_time":"2022-12-30T20:14:55+00:00","og_image":[{"url":"http:\/\/jackpotlotteryonline.com\/wp-content\/uploads\/2022\/10\/2_ticket_euromillions3-111x300.jpg"}],"twitter_card":"summary_large_image","twitter_misc":{"Szacowany czas czytania":"3 minuty"},"schema":{"@context":"https:\/\/schema.org","@graph":[{"@type":"WebPage","@id":"https:\/\/jackpotlotteryonline.com\/play-online\/euromillions\/","url":"https:\/\/jackpotlotteryonline.com\/play-online\/euromillions\/","name":"Zagraj w Euromillions online z dowolnego miejsca, nawet poza Europ\u0105","isPartOf":{"@id":"https:\/\/jackpotlotteryonline.com\/#website"},"primaryImageOfPage":{"@id":"https:\/\/jackpotlotteryonline.com\/play-online\/euromillions\/#primaryimage"},"image":{"@id":"https:\/\/jackpotlotteryonline.com\/play-online\/euromillions\/#primaryimage"},"thumbnailUrl":"http:\/\/jackpotlotteryonline.com\/wp-content\/uploads\/2022\/10\/2_ticket_euromillions3-111x300.jpg","datePublished":"2022-11-03T08:24:32+00:00","dateModified":"2022-12-30T20:14:55+00:00","description":"Loteria Euromillions jest jedn\u0105 z najbardziej poszukiwanych loterii. Mo\u017cesz zagra\u0107 teraz z kuponem online, nawet je\u015bli jeste\u015b poza Europ\u0105","breadcrumb":{"@id":"https:\/\/jackpotlotteryonline.com\/play-online\/euromillions\/#breadcrumb"},"inLanguage":"pl-PL","potentialAction":[{"@type":"ReadAction","target":["https:\/\/jackpotlotteryonline.com\/play-online\/euromillions\/"]}]},{"@type":"ImageObject","inLanguage":"pl-PL","@id":"https:\/\/jackpotlotteryonline.com\/play-online\/euromillions\/#primaryimage","url":"http:\/\/jackpotlotteryonline.com\/wp-content\/uploads\/2022\/10\/2_ticket_euromillions3-111x300.jpg","contentUrl":"http:\/\/jackpotlotteryonline.com\/wp-content\/uploads\/2022\/10\/2_ticket_euromillions3-111x300.jpg"},{"@type":"BreadcrumbList","@id":"https:\/\/jackpotlotteryonline.com\/play-online\/euromillions\/#breadcrumb","itemListElement":[{"@type":"ListItem","position":1,"name":"Home","item":"https:\/\/jackpotlotteryonline.com\/pl\/"},{"@type":"ListItem","position":2,"name":"Jak gra\u0107","item":"https:\/\/jackpotlotteryonline.com\/pl\/jak-grac\/"},{"@type":"ListItem","position":3,"name":"Zagraj w Euro Millions"}]},{"@type":"WebSite","@id":"https:\/\/jackpotlotteryonline.com\/#website","url":"https:\/\/jackpotlotteryonline.com\/","name":"Lotto Online - Crack The International Lottery Jackpots","description":"","potentialAction":[{"@type":"SearchAction","target":{"@type":"EntryPoint","urlTemplate":"https:\/\/jackpotlotteryonline.com\/?s={search_term_string}"},"query-input":"required name=search_term_string"}],"inLanguage":"pl-PL"}]}},"_links":{"self":[{"href":"https:\/\/jackpotlotteryonline.com\/pl\/wp-json\/wp\/v2\/pages\/36030","targetHints":{"allow":["GET"]}}],"collection":[{"href":"https:\/\/jackpotlotteryonline.com\/pl\/wp-json\/wp\/v2\/pages"}],"about":[{"href":"https:\/\/jackpotlotteryonline.com\/pl\/wp-json\/wp\/v2\/types\/page"}],"author":[{"embeddable":true,"href":"https:\/\/jackpotlotteryonline.com\/pl\/wp-json\/wp\/v2\/users\/1"}],"replies":[{"embeddable":true,"href":"https:\/\/jackpotlotteryonline.com\/pl\/wp-json\/wp\/v2\/comments?post=36030"}],"version-history":[{"count":0,"href":"https:\/\/jackpotlotteryonline.com\/pl\/wp-json\/wp\/v2\/pages\/36030\/revisions"}],"up":[{"embeddable":true,"href":"https:\/\/jackpotlotteryonline.com\/pl\/wp-json\/wp\/v2\/pages\/35709"}],"wp:attachment":[{"href":"https:\/\/jackpotlotteryonline.com\/pl\/wp-json\/wp\/v2\/media?parent=36030"}],"curies":[{"name":"wp","href":"https:\/\/api.w.org\/{rel}","templated":true}]}}