{"id":36083,"date":"2022-11-03T09:57:56","date_gmt":"2022-11-03T09:57:56","guid":{"rendered":"https:\/\/jackpotlotteryonline.com\/?page_id=36083"},"modified":"2022-12-30T21:02:37","modified_gmt":"2022-12-30T21:02:37","slug":"eurojackpot","status":"publish","type":"page","link":"https:\/\/jackpotlotteryonline.com\/pl\/jak-grac\/eurojackpot\/","title":{"rendered":"EuroJackpot"},"content":{"rendered":"<h2>Jak wzi\u0105\u0107 udzia\u0142 w Eurojackpot z dowolnego kraju<\/h2>\n<p><strong>Eurojackpot<\/strong>, wraz z Euromillions, jest jedn\u0105 z najwi\u0119kszych i najbardziej popularnych loterii w ca\u0142ej Europie i jest grana przez miliony ludzi na ca\u0142ym \u015bwiecie ka\u017cdego tygodnia. Eurojackpot zosta\u0142a po raz pierwszy stworzona w 1994 roku, jednak z powodu kilku zmian w zasadach i formacie, by\u0142a op\u00f3\u017aniona o kilka lat, a\u017c w ko\u0144cu zosta\u0142a uruchomiona i gotowa do gry w Europie w roku 2004.<br \/>\n<img loading=\"lazy\" decoding=\"async\" class=\"alignright wp-image-18574\" src=\"https:\/\/jackpotlotteryonline.com\/wp-content\/uploads\/2022\/10\/1_online_ticket_eurojackpot2.jpg\" alt=\"zagraj w eurojackpot online\" width=\"260\" height=\"173\" \/><\/p>\n<p>Odk\u0105d pierwsze losowanie odby\u0142o si\u0119 w 2004 roku, miliony ludzi gra\u0142o w t\u0119 niesamowit\u0105 gr\u0119 losow\u0105 i by\u0142o wielu zwyci\u0119zc\u00f3w jackpot\u00f3w, z kt\u00f3rych niekt\u00f3rzy mieli szcz\u0119\u015bcie zgarn\u0105\u0107 nagrody w wysoko\u015bci ponad 180 milion\u00f3w euro!<\/p>\n<p>Ze standardow\u0105 wygran\u0105 w wysoko\u015bci 15 milion\u00f3w euro, nic dziwnego, \u017ce EuroJackpot jest r\u00f3wnie\u017c grany online przez miliony ludzi ka\u017cdego tygodnia. Zasady s\u0105 bardzo proste &#8211; aby zagra\u0107 i wygra\u0107 jackpota, musisz poprawnie wytypowa\u0107 5 liczb, z zakresu od 1 do 50, dodatkowo poprawnie dopasowa\u0107 2 kolejne liczby nazwane &#8220;szcz\u0119\u015bliwymi gwiazdami&#8221; z zakresu od 1 do 11.<\/p>\n<p><a href=\"https:\/\/jackpotlotteryonline.com\/pl\/kupic-bilety\/eurojackpot\">Zdob\u0105d\u017a sw\u00f3j bilet online teraz<\/a> za po\u015brednictwem naszego serwisu &#8211; ka\u017cdy mo\u017ce wzi\u0105\u0107 udzia\u0142 i wygra\u0107!<\/p>\n<section class=\"layout\" style=\"border: solid 1px; width: 100%;\">\n<div class=\"img-div\" style=\"margin-top: 5px;\"><img decoding=\"async\" class=\"wp-image-17212 alignleft\" style=\"height: 45px; margin: 8px 8px 0px;\" src=\"https:\/\/jackpotlotteryonline.com\/wp-content\/uploads\/2022\/11\/read1.jpg\" alt=\"czytaj\" width=\"\" height=\"\" \/><\/div>\n<div style=\"padding-left: 5px;\">\n<div style=\"font-size: 1.1em;\">\n<p><strong>Kt\u00f3ra mi\u0119dzynarodowa loteria jest najlepsza?<\/strong><\/p>\n<p style=\"font-size: 0.85em; margin-top: -1.5em;\">Kt\u00f3re z Mi\u0119dzynarodowych Loterii maj\u0105 najwi\u0119ksze szanse na wygran\u0105 <a href=\"https:\/\/jackpotlotteryonline.com\/pl\/ktora-loteria-miedzynarodowa-jest-najlepsza\">\u00a0wi\u0119cej<\/a><\/p>\n<\/div>\n<\/div>\n<\/section>\n<h2>Kup bilet na EuroJackpot online<\/h2>\n<p><strong>Wspania\u0142\u0105 rzecz\u0105 w grze EuroJackpot online<\/strong> jest to, \u017ce istnieje wiele nagr\u00f3d do wygrania, wi\u0119c je\u015bli nie jeste\u015b zwyci\u0119zc\u0105 jackpota, nie martw si\u0119, poniewa\u017c mo\u017cesz nadal mie\u0107 szans\u0119 na wygranie du\u017cych nagr\u00f3d pieni\u0119\u017cnych. Opr\u00f3cz du\u017cego jackpota, kt\u00f3ry mo\u017cesz wygra\u0107, gdy kupisz bilet na EuroJackpot online, istnieje 13 r\u00f3\u017cnych nagr\u00f3d, kt\u00f3re mo\u017cesz wygra\u0107.<br \/>\n<img loading=\"lazy\" decoding=\"async\" class=\"alignright size-medium wp-image-18736\" src=\"https:\/\/jackpotlotteryonline.com\/wp-content\/uploads\/2022\/10\/2_ticket_eurojackpot-141x300.jpg\" alt=\"eurojackpot bilet\" width=\"141\" height=\"300\" srcset=\"https:\/\/jackpotlotteryonline.com\/wp-content\/uploads\/2022\/10\/2_ticket_eurojackpot-141x300.jpg 141w, https:\/\/jackpotlotteryonline.com\/wp-content\/uploads\/2022\/10\/2_ticket_eurojackpot.jpg 150w\" sizes=\"auto, (max-width: 141px) 100vw, 141px\" \/><\/p>\n<p>Je\u015bli nie ma zwyci\u0119zcy nagrody g\u0142\u00f3wnej, Eurojackpot przechodzi na kolejny tydzie\u0144. To dlatego w przesz\u0142o\u015bci zdarza\u0142y si\u0119 ogromne jackpoty w wysoko\u015bci 100 milion\u00f3w euro lub wi\u0119cej. Loteria jest zazwyczaj grana przez mieszka\u0144c\u00f3w kraj\u00f3w europejskich, wi\u0119c ka\u017cdego tygodnia uczestnicy w takich miejscach jak Wielka Brytania, Francja, Niemcy i Szwajcaria kupuj\u0105 bilety na EuroJackpot online.<\/p>\n<p>Kupno losu online szybko staje si\u0119 najpopularniejszym sposobem na gr\u0119 w loterii Eurojackpot. Zasady s\u0105 takie same, jednak ca\u0142y proces gry jest znacznie szybszy i \u0142atwiejszy pod wzgl\u0119dem zakupu biletu. Na przyk\u0142ad, zamiast udawa\u0107 si\u0119 do lokalnego sklepu, aby kupi\u0107 fizyczny bilet, mo\u017cesz po prostu zalogowa\u0107 si\u0119 na stronie gry i wybra\u0107 swoje numery z komfortu w\u0142asnego domu, a nawet biura w ci\u0105gu kilku sekund.<\/p>\n<p>Po wybraniu swoich szcz\u0119\u015bliwych liczb, a nawet kilku zestaw\u00f3w liczb, je\u015bli naprawd\u0119 chcesz zwi\u0119kszy\u0107 swoje szanse na wygran\u0105, mo\u017cna bezpiecznie zap\u0142aci\u0107 za bilet online r\u00f3wnie\u017c. Po ka\u017cdym <a href=\"https:\/\/jackpotlotteryonline.com\/pl\/zwycieskie-numery\/euromillions\">losowaniu loterii Eurojackpo<\/a>t, wyniki b\u0119d\u0105 aktualizowane online w ci\u0105gu chwili po ujawnieniu ostatniej liczby ka\u017cdego tygodnia. Oznacza to, \u017ce mo\u017cesz po prostu zalogowa\u0107 si\u0119 na swoje konto ponownie i zobaczy\u0107 zwyci\u0119skie numery w ci\u0105gu kilku sekund, eliminuj\u0105c potrzeb\u0119 polowania w gazetach na wyniki.<\/p>\n<p>Co wi\u0119cej, kiedy grasz w EuroJackpot online z nami, otrzymasz r\u00f3wnie\u017c e-mail automatycznie, je\u015bli dopasowa\u0142e\u015b jakie\u015b liczby.<\/p>\n","protected":false},"excerpt":{"rendered":"<p>Jak wzi\u0105\u0107 udzia\u0142 w Eurojackpot z dowolnego kraju Eurojackpot, wraz z Euromillions, jest jedn\u0105 z najwi\u0119kszych i najbardziej popularnych loterii w ca\u0142ej Europie i jest grana przez miliony ludzi na ca\u0142ym \u015bwiecie ka\u017cdego tygodnia. Eurojackpot zosta\u0142a po raz pierwszy stworzona w 1994 roku, jednak z powodu kilku zmian w zasadach i formacie, by\u0142a op\u00f3\u017aniona o [&hellip;]<\/p>\n","protected":false},"author":1,"featured_media":0,"parent":35709,"menu_order":4,"comment_status":"closed","ping_status":"closed","template":"eurojackpot.php","meta":{"_et_pb_use_builder":"","_et_pb_old_content":"","_et_gb_content_width":"","exclude_from_search":false,"footnotes":""},"class_list":["post-36083","page","type-page","status-publish","hentry"],"yoast_head":"<!-- This site is optimized with the Yoast SEO plugin v23.3 - https:\/\/yoast.com\/wordpress\/plugins\/seo\/ -->\n<title>Zagraj w Eurojackpot online, nawet spoza Europy<\/title>\n<meta name=\"description\" content=\"Gra w Eurojackpot Online przybli\u017ca Ci\u0119 do zostania milionerem!\" \/>\n<meta name=\"robots\" content=\"index, follow, max-snippet:-1, max-image-preview:large, max-video-preview:-1\" \/>\n<link rel=\"canonical\" href=\"https:\/\/jackpotlotteryonline.com\/pl\/jak-grac\/eurojackpot\/\" \/>\n<meta property=\"og:locale\" content=\"pl_PL\" \/>\n<meta property=\"og:type\" content=\"article\" \/>\n<meta property=\"og:title\" content=\"Zagraj w Eurojackpot online, nawet spoza Europy\" \/>\n<meta property=\"og:description\" content=\"Gra w Eurojackpot Online przybli\u017ca Ci\u0119 do zostania milionerem!\" \/>\n<meta property=\"og:url\" content=\"https:\/\/jackpotlotteryonline.com\/pl\/jak-grac\/eurojackpot\/\" \/>\n<meta property=\"og:site_name\" content=\"Lotto Online - Crack The International Lottery Jackpots\" \/>\n<meta property=\"article:modified_time\" content=\"2022-12-30T21:02:37+00:00\" \/>\n<meta property=\"og:image\" content=\"https:\/\/jackpotlotteryonline.com\/wp-content\/uploads\/2022\/10\/1_online_ticket_eurojackpot2.jpg\" \/>\n<meta name=\"twitter:card\" content=\"summary_large_image\" \/>\n<meta name=\"twitter:label1\" content=\"Szacowany czas czytania\" \/>\n\t<meta name=\"twitter:data1\" content=\"3 minuty\" \/>\n<!-- \/ Yoast SEO plugin. -->","yoast_head_json":{"title":"Zagraj w Eurojackpot online, nawet spoza Europy","description":"Gra w Eurojackpot Online przybli\u017ca Ci\u0119 do zostania milionerem!","robots":{"index":"index","follow":"follow","max-snippet":"max-snippet:-1","max-image-preview":"max-image-preview:large","max-video-preview":"max-video-preview:-1"},"canonical":"https:\/\/jackpotlotteryonline.com\/pl\/jak-grac\/eurojackpot\/","og_locale":"pl_PL","og_type":"article","og_title":"Zagraj w Eurojackpot online, nawet spoza Europy","og_description":"Gra w Eurojackpot Online przybli\u017ca Ci\u0119 do zostania milionerem!","og_url":"https:\/\/jackpotlotteryonline.com\/pl\/jak-grac\/eurojackpot\/","og_site_name":"Lotto Online - Crack The International Lottery Jackpots","article_modified_time":"2022-12-30T21:02:37+00:00","og_image":[{"url":"https:\/\/jackpotlotteryonline.com\/wp-content\/uploads\/2022\/10\/1_online_ticket_eurojackpot2.jpg"}],"twitter_card":"summary_large_image","twitter_misc":{"Szacowany czas czytania":"3 minuty"},"schema":{"@context":"https:\/\/schema.org","@graph":[{"@type":"WebPage","@id":"https:\/\/jackpotlotteryonline.com\/pl\/jak-grac\/eurojackpot\/","url":"https:\/\/jackpotlotteryonline.com\/pl\/jak-grac\/eurojackpot\/","name":"Zagraj w Eurojackpot online, nawet spoza Europy","isPartOf":{"@id":"https:\/\/jackpotlotteryonline.com\/#website"},"primaryImageOfPage":{"@id":"https:\/\/jackpotlotteryonline.com\/pl\/jak-grac\/eurojackpot\/#primaryimage"},"image":{"@id":"https:\/\/jackpotlotteryonline.com\/pl\/jak-grac\/eurojackpot\/#primaryimage"},"thumbnailUrl":"https:\/\/jackpotlotteryonline.com\/wp-content\/uploads\/2022\/10\/1_online_ticket_eurojackpot2.jpg","datePublished":"2022-11-03T09:57:56+00:00","dateModified":"2022-12-30T21:02:37+00:00","description":"Gra w Eurojackpot Online przybli\u017ca Ci\u0119 do zostania milionerem!","breadcrumb":{"@id":"https:\/\/jackpotlotteryonline.com\/pl\/jak-grac\/eurojackpot\/#breadcrumb"},"inLanguage":"pl-PL","potentialAction":[{"@type":"ReadAction","target":["https:\/\/jackpotlotteryonline.com\/pl\/jak-grac\/eurojackpot\/"]}]},{"@type":"ImageObject","inLanguage":"pl-PL","@id":"https:\/\/jackpotlotteryonline.com\/pl\/jak-grac\/eurojackpot\/#primaryimage","url":"https:\/\/jackpotlotteryonline.com\/wp-content\/uploads\/2022\/10\/1_online_ticket_eurojackpot2.jpg","contentUrl":"https:\/\/jackpotlotteryonline.com\/wp-content\/uploads\/2022\/10\/1_online_ticket_eurojackpot2.jpg"},{"@type":"BreadcrumbList","@id":"https:\/\/jackpotlotteryonline.com\/pl\/jak-grac\/eurojackpot\/#breadcrumb","itemListElement":[{"@type":"ListItem","position":1,"name":"Home","item":"https:\/\/jackpotlotteryonline.com\/pl\/"},{"@type":"ListItem","position":2,"name":"Jak gra\u0107","item":"https:\/\/jackpotlotteryonline.com\/pl\/jak-grac\/"},{"@type":"ListItem","position":3,"name":"EuroJackpot"}]},{"@type":"WebSite","@id":"https:\/\/jackpotlotteryonline.com\/#website","url":"https:\/\/jackpotlotteryonline.com\/","name":"Lotto Online - Crack The International Lottery Jackpots","description":"","potentialAction":[{"@type":"SearchAction","target":{"@type":"EntryPoint","urlTemplate":"https:\/\/jackpotlotteryonline.com\/?s={search_term_string}"},"query-input":"required name=search_term_string"}],"inLanguage":"pl-PL"}]}},"_links":{"self":[{"href":"https:\/\/jackpotlotteryonline.com\/pl\/wp-json\/wp\/v2\/pages\/36083","targetHints":{"allow":["GET"]}}],"collection":[{"href":"https:\/\/jackpotlotteryonline.com\/pl\/wp-json\/wp\/v2\/pages"}],"about":[{"href":"https:\/\/jackpotlotteryonline.com\/pl\/wp-json\/wp\/v2\/types\/page"}],"author":[{"embeddable":true,"href":"https:\/\/jackpotlotteryonline.com\/pl\/wp-json\/wp\/v2\/users\/1"}],"replies":[{"embeddable":true,"href":"https:\/\/jackpotlotteryonline.com\/pl\/wp-json\/wp\/v2\/comments?post=36083"}],"version-history":[{"count":0,"href":"https:\/\/jackpotlotteryonline.com\/pl\/wp-json\/wp\/v2\/pages\/36083\/revisions"}],"up":[{"embeddable":true,"href":"https:\/\/jackpotlotteryonline.com\/pl\/wp-json\/wp\/v2\/pages\/35709"}],"wp:attachment":[{"href":"https:\/\/jackpotlotteryonline.com\/pl\/wp-json\/wp\/v2\/media?parent=36083"}],"curies":[{"name":"wp","href":"https:\/\/api.w.org\/{rel}","templated":true}]}}