{"id":36135,"date":"2022-11-03T13:27:24","date_gmt":"2022-11-03T13:27:24","guid":{"rendered":"https:\/\/jackpotlotteryonline.com\/?page_id=36135"},"modified":"2022-12-31T07:35:42","modified_gmt":"2022-12-31T07:35:42","slug":"superenalotto","status":"publish","type":"page","link":"https:\/\/jackpotlotteryonline.com\/pl\/jak-grac\/superenalotto\/","title":{"rendered":"SuperEnaLotto W\u0142ochy"},"content":{"rendered":"<h2>Superenalotto Italia<\/h2>\n<p>Jest to w\u0142oska loteria Jackpot, kt\u00f3ra po raz pierwszy zosta\u0142a wylosowana 3 grudnia 1997 roku, a <strong>jackpot Superenalotto online<\/strong> osi\u0105ga astronomiczne sumy bardzo cz\u0119sto. Jest on losowany w ka\u017cdy wtorek, czwartek i sobot\u0119 ostro o 8 PM. Przy najwi\u0119kszych kwotach jackpota, szanse na wygran\u0105 w tej loterii nale\u017c\u0105 do najni\u017cszych. <strong>Superenalotto Italia<\/strong> znana jest z tego, \u017ce osi\u0105ga kwoty ponad 250 milion\u00f3w euro.<\/p>\n<section class=\"layout\" style=\"border: solid 1px; width: 100%;\">\n<div class=\"img-div\" style=\"margin-top: 5px;\"><img decoding=\"async\" class=\"wp-image-17212 alignleft\" style=\"height: 45px; margin: 8px 8px 0px;\" src=\"https:\/\/jackpotlotteryonline.com\/wp-content\/uploads\/2022\/11\/read1.jpg\" alt=\"czytaj\" width=\"\" height=\"\" \/><\/div>\n<div style=\"padding-left: 5px;\">\n<div style=\"font-size: 1.1em;\">\n<p><strong>Europejskie Loterie<\/strong><\/p>\n<p style=\"font-size: 0.85em; margin-top: -1.5em;\">Kt\u00f3re europejskie loterie s\u0105 najlepsze?\u00a0 <a href=\"https:\/\/jackpotlotteryonline.com\/pl\/ktore-europejskie-loterie-sa-najlepsze\"> wi\u0119cej<\/a><\/p>\n<\/div>\n<\/div>\n<\/section>\n<h2>Jak dzia\u0142a Superenalotto<\/h2>\n<p><img loading=\"lazy\" decoding=\"async\" class=\"alignright wp-image-17735\" src=\"https:\/\/jackpotlotteryonline.com\/wp-content\/uploads\/2022\/10\/logo_superenalotto.png\" alt=\"zagraj w superenalotto online\" width=\"168\" height=\"178\" \/><\/p>\n<p><strong>Superenalotto<\/strong> polega na dopasowaniu 6 liczb z 90. <a href=\"https:\/\/jackpotlotteryonline.com\/pl\/zwycieskie-numery\/superenalotto\">G\u0142\u00f3wne losowanie<\/a> obejmuje losowanie wszystkich 6 liczb, w tym liczby Jolly, a nast\u0119pnie odbywa si\u0119 drugie i niezale\u017cne losowanie liczby Superstar. Aby mie\u0107 jakiekolwiek szanse na wygranie czegokolwiek w <strong>Superenalotto Italia,<\/strong> trzeba trafi\u0107 co najmniej 3 liczby, a szanse na to wynosz\u0105 1 do 327. Aby wygra\u0107 jackpot, szanse s\u0105 1 na 622 miliony.<\/p>\n<p>Numer Superstar kosztuje dodatkowo, ale je\u015bli masz szcz\u0119\u015bcie i uda Ci si\u0119 go trafi\u0107, mo\u017ce on zwi\u0119kszy\u0107 nagrod\u0119 pieni\u0119\u017cn\u0105 100-krotnie. W rzeczywisto\u015bci, je\u015bli dopasujesz numer Superstar i nie dopasujesz sze\u015bciu podstawowych numer\u00f3w, mo\u017cesz r\u00f3wnie\u017c odej\u015b\u0107 z ustalon\u0105 kwot\u0105 nagrody pieni\u0119\u017cnej.<\/p>\n<h2>Co mo\u017cna wygra\u0107 w Superenalotto Jackpot?<\/h2>\n<p>W 2022 roku padnie najwi\u0119kszy jackpot w historii<strong> Superenalotto Italia, kt\u00f3ry obecnie wynosi<\/strong> 295 milion\u00f3w euro. Jest to zdecydowanie najwi\u0119kszy jackpot do wygrania w historii w\u0142oskiego lotto, a w momencie aktualizacji tej strony nie znaleziono jeszcze \u017cadnego zwyci\u0119zcy!<br \/>\n<img loading=\"lazy\" decoding=\"async\" class=\"alignright size-medium wp-image-19493\" src=\"https:\/\/jackpotlotteryonline.com\/wp-content\/uploads\/2022\/10\/2_ticket_superenalotto4-211x300.jpg\" alt=\"superenalotto bilet\" width=\"211\" height=\"300\" srcset=\"https:\/\/jackpotlotteryonline.com\/wp-content\/uploads\/2022\/10\/2_ticket_superenalotto4-211x300.jpg 211w, https:\/\/jackpotlotteryonline.com\/wp-content\/uploads\/2022\/10\/2_ticket_superenalotto4.jpg 300w\" sizes=\"auto, (max-width: 211px) 100vw, 211px\" \/><\/p>\n<p>Nie ma jednak powodu, aby si\u0119 zniech\u0119ca\u0107. W rzeczywisto\u015bci, im wy\u017csze szanse, tym wy\u017cszy jackpot do wygrania i tym lepszy zastrzyk adrenaliny. Loteria zawsze by\u0142a gr\u0105 losow\u0105 i s\u0105 szanse, \u017ce to w\u0142a\u015bnie Ty b\u0119dziesz tym kolejnym szcz\u0119\u015bliwcem.<\/p>\n<p>Najlepszym aspektem <strong>loterii Superena online<\/strong> jest to, \u017ce ka\u017cdy z dowolnego miejsca na \u015bwiecie mo\u017ce wzi\u0105\u0107 w niej udzia\u0142, nawet spoza W\u0142och, a jedyn\u0105 podstaw\u0105 uczestnictwa jest uko\u0144czone 18 lat. <strong>Nasza strona<\/strong> daje Ci <a href=\"https:\/\/jackpotlotteryonline.com\/pl\/kupic-bilety\/superenalotto\">najlepsz\u0105 szans\u0119 na Superenalotto Italia<\/a> i je\u015bli jeszcze w ni\u0105 nie gra\u0142e\u015b, to znaczy, \u017ce pchasz swoje szcz\u0119\u015bcie w niew\u0142a\u015bciwe miejsce.<\/p>\n<p>Kiedy ju\u017c zarejestrujesz si\u0119 na naszej stronie i zweryfikujesz swoje referencje, wszystko co musisz zrobi\u0107 to wybra\u0107 swoje numery i dokona\u0107 p\u0142atno\u015bci, aby upewni\u0107 si\u0119, \u017ce zarezerwowa\u0142e\u015b swoje miejsce w autobusie do milion\u00f3w. Nasz lokalny przedstawiciel kupi Tw\u00f3j bilet na miejscu z podanymi przez Ciebie numerami i upewni si\u0119, \u017ce b\u0119dziesz m\u00f3g\u0142 zobaczy\u0107 skan tego biletu wkr\u00f3tce potem.<\/p>\n<p>Podczas gdy wygrana w <strong>Superenalotto Italia<\/strong> to kwestia niekorzystnych szans, mo\u017cesz r\u00f3wnie\u017c sprawdzi\u0107 inne loterie na ca\u0142ym \u015bwiecie, w kt\u00f3re mo\u017cesz zagra\u0107 online, z pomoc\u0105 naszego serwisu.<\/p>\n<p>Wybierz swoje ulubione gry losowe i podnie\u015b sw\u00f3j procent wygranych, do\u0142\u0105czaj\u0105c ju\u017c dzi\u015b do spo\u0142eczno\u015bci naszych u\u017cytkownik\u00f3w. Nadszed\u0142 czas, aby\u015b wystawi\u0142 swoje szcz\u0119\u015bcie na ostateczn\u0105 pr\u00f3b\u0119.<\/p>\n","protected":false},"excerpt":{"rendered":"<p>Superenalotto Italia Jest to w\u0142oska loteria Jackpot, kt\u00f3ra po raz pierwszy zosta\u0142a wylosowana 3 grudnia 1997 roku, a jackpot Superenalotto online osi\u0105ga astronomiczne sumy bardzo cz\u0119sto. Jest on losowany w ka\u017cdy wtorek, czwartek i sobot\u0119 ostro o 8 PM. Przy najwi\u0119kszych kwotach jackpota, szanse na wygran\u0105 w tej loterii nale\u017c\u0105 do najni\u017cszych. Superenalotto Italia znana [&hellip;]<\/p>\n","protected":false},"author":1,"featured_media":0,"parent":35709,"menu_order":5,"comment_status":"closed","ping_status":"closed","template":"superenalotto.php","meta":{"_et_pb_use_builder":"","_et_pb_old_content":"","_et_gb_content_width":"","exclude_from_search":false,"footnotes":""},"class_list":["post-36135","page","type-page","status-publish","hentry"],"yoast_head":"<!-- This site is optimized with the Yoast SEO plugin v23.3 - https:\/\/yoast.com\/wordpress\/plugins\/seo\/ -->\n<title>Zagraj w SuperEnaLotto Online spoza W\u0142och<\/title>\n<meta name=\"description\" content=\"Superenalotto mo\u017ce wydawa\u0107 si\u0119 trudnym orzechem do zgryzienia, ale je\u015bli trafisz w dziesi\u0105tk\u0119, wygrasz du\u017co. Zagraj w Superenalotto spoza W\u0142och tutaj!\" \/>\n<meta name=\"robots\" content=\"index, follow, max-snippet:-1, max-image-preview:large, max-video-preview:-1\" \/>\n<link rel=\"canonical\" href=\"https:\/\/jackpotlotteryonline.com\/play-online\/superenalotto\/\" \/>\n<meta property=\"og:locale\" content=\"pl_PL\" \/>\n<meta property=\"og:type\" content=\"article\" \/>\n<meta property=\"og:title\" content=\"Zagraj w SuperEnaLotto Online spoza W\u0142och\" \/>\n<meta property=\"og:description\" content=\"Superenalotto mo\u017ce wydawa\u0107 si\u0119 trudnym orzechem do zgryzienia, ale je\u015bli trafisz w dziesi\u0105tk\u0119, wygrasz du\u017co. Zagraj w Superenalotto spoza W\u0142och tutaj!\" \/>\n<meta property=\"og:url\" content=\"https:\/\/jackpotlotteryonline.com\/play-online\/superenalotto\/\" \/>\n<meta property=\"og:site_name\" content=\"Lotto Online - Crack The International Lottery Jackpots\" \/>\n<meta property=\"article:modified_time\" content=\"2022-12-31T07:35:42+00:00\" \/>\n<meta property=\"og:image\" content=\"https:\/\/jackpotlotteryonline.com\/wp-content\/uploads\/2022\/11\/read1.jpg\" \/>\n<meta name=\"twitter:card\" content=\"summary_large_image\" \/>\n<meta name=\"twitter:label1\" content=\"Szacowany czas czytania\" \/>\n\t<meta name=\"twitter:data1\" content=\"3 minuty\" \/>\n<!-- \/ Yoast SEO plugin. -->","yoast_head_json":{"title":"Zagraj w SuperEnaLotto Online spoza W\u0142och","description":"Superenalotto mo\u017ce wydawa\u0107 si\u0119 trudnym orzechem do zgryzienia, ale je\u015bli trafisz w dziesi\u0105tk\u0119, wygrasz du\u017co. Zagraj w Superenalotto spoza W\u0142och tutaj!","robots":{"index":"index","follow":"follow","max-snippet":"max-snippet:-1","max-image-preview":"max-image-preview:large","max-video-preview":"max-video-preview:-1"},"canonical":"https:\/\/jackpotlotteryonline.com\/play-online\/superenalotto\/","og_locale":"pl_PL","og_type":"article","og_title":"Zagraj w SuperEnaLotto Online spoza W\u0142och","og_description":"Superenalotto mo\u017ce wydawa\u0107 si\u0119 trudnym orzechem do zgryzienia, ale je\u015bli trafisz w dziesi\u0105tk\u0119, wygrasz du\u017co. Zagraj w Superenalotto spoza W\u0142och tutaj!","og_url":"https:\/\/jackpotlotteryonline.com\/play-online\/superenalotto\/","og_site_name":"Lotto Online - Crack The International Lottery Jackpots","article_modified_time":"2022-12-31T07:35:42+00:00","og_image":[{"url":"https:\/\/jackpotlotteryonline.com\/wp-content\/uploads\/2022\/11\/read1.jpg"}],"twitter_card":"summary_large_image","twitter_misc":{"Szacowany czas czytania":"3 minuty"},"schema":{"@context":"https:\/\/schema.org","@graph":[{"@type":"WebPage","@id":"https:\/\/jackpotlotteryonline.com\/play-online\/superenalotto\/","url":"https:\/\/jackpotlotteryonline.com\/play-online\/superenalotto\/","name":"Zagraj w SuperEnaLotto Online spoza W\u0142och","isPartOf":{"@id":"https:\/\/jackpotlotteryonline.com\/#website"},"primaryImageOfPage":{"@id":"https:\/\/jackpotlotteryonline.com\/play-online\/superenalotto\/#primaryimage"},"image":{"@id":"https:\/\/jackpotlotteryonline.com\/play-online\/superenalotto\/#primaryimage"},"thumbnailUrl":"https:\/\/jackpotlotteryonline.com\/wp-content\/uploads\/2022\/11\/read1.jpg","datePublished":"2022-11-03T13:27:24+00:00","dateModified":"2022-12-31T07:35:42+00:00","description":"Superenalotto mo\u017ce wydawa\u0107 si\u0119 trudnym orzechem do zgryzienia, ale je\u015bli trafisz w dziesi\u0105tk\u0119, wygrasz du\u017co. Zagraj w Superenalotto spoza W\u0142och tutaj!","breadcrumb":{"@id":"https:\/\/jackpotlotteryonline.com\/play-online\/superenalotto\/#breadcrumb"},"inLanguage":"pl-PL","potentialAction":[{"@type":"ReadAction","target":["https:\/\/jackpotlotteryonline.com\/play-online\/superenalotto\/"]}]},{"@type":"ImageObject","inLanguage":"pl-PL","@id":"https:\/\/jackpotlotteryonline.com\/play-online\/superenalotto\/#primaryimage","url":"https:\/\/jackpotlotteryonline.com\/wp-content\/uploads\/2022\/11\/read1.jpg","contentUrl":"https:\/\/jackpotlotteryonline.com\/wp-content\/uploads\/2022\/11\/read1.jpg"},{"@type":"BreadcrumbList","@id":"https:\/\/jackpotlotteryonline.com\/play-online\/superenalotto\/#breadcrumb","itemListElement":[{"@type":"ListItem","position":1,"name":"Home","item":"https:\/\/jackpotlotteryonline.com\/pl\/"},{"@type":"ListItem","position":2,"name":"Jak gra\u0107","item":"https:\/\/jackpotlotteryonline.com\/pl\/jak-grac\/"},{"@type":"ListItem","position":3,"name":"SuperEnaLotto W\u0142ochy"}]},{"@type":"WebSite","@id":"https:\/\/jackpotlotteryonline.com\/#website","url":"https:\/\/jackpotlotteryonline.com\/","name":"Lotto Online - Crack The International Lottery Jackpots","description":"","potentialAction":[{"@type":"SearchAction","target":{"@type":"EntryPoint","urlTemplate":"https:\/\/jackpotlotteryonline.com\/?s={search_term_string}"},"query-input":"required name=search_term_string"}],"inLanguage":"pl-PL"}]}},"_links":{"self":[{"href":"https:\/\/jackpotlotteryonline.com\/pl\/wp-json\/wp\/v2\/pages\/36135","targetHints":{"allow":["GET"]}}],"collection":[{"href":"https:\/\/jackpotlotteryonline.com\/pl\/wp-json\/wp\/v2\/pages"}],"about":[{"href":"https:\/\/jackpotlotteryonline.com\/pl\/wp-json\/wp\/v2\/types\/page"}],"author":[{"embeddable":true,"href":"https:\/\/jackpotlotteryonline.com\/pl\/wp-json\/wp\/v2\/users\/1"}],"replies":[{"embeddable":true,"href":"https:\/\/jackpotlotteryonline.com\/pl\/wp-json\/wp\/v2\/comments?post=36135"}],"version-history":[{"count":0,"href":"https:\/\/jackpotlotteryonline.com\/pl\/wp-json\/wp\/v2\/pages\/36135\/revisions"}],"up":[{"embeddable":true,"href":"https:\/\/jackpotlotteryonline.com\/pl\/wp-json\/wp\/v2\/pages\/35709"}],"wp:attachment":[{"href":"https:\/\/jackpotlotteryonline.com\/pl\/wp-json\/wp\/v2\/media?parent=36135"}],"curies":[{"name":"wp","href":"https:\/\/api.w.org\/{rel}","templated":true}]}}