{"id":36195,"date":"2022-11-04T06:46:04","date_gmt":"2022-11-04T06:46:04","guid":{"rendered":"https:\/\/jackpotlotteryonline.com\/?page_id=36195"},"modified":"2023-01-03T08:30:38","modified_gmt":"2023-01-03T08:30:38","slug":"el-gordo","status":"publish","type":"page","link":"https:\/\/jackpotlotteryonline.com\/pl\/jak-grac\/el-gordo\/","title":{"rendered":"Zagraj w El Gordo Lotto Hiszpania"},"content":{"rendered":"<h2>El Gordo Online Lotto Jackpot<\/h2>\n<p><img loading=\"lazy\" decoding=\"async\" class=\"alignright wp-image-18709\" src=\"https:\/\/jackpotlotteryonline.com\/wp-content\/uploads\/2022\/10\/2_ticket_el_gordo3-218x300.jpg\" alt=\"el gordo bilet\" width=\"174\" height=\"239\" srcset=\"https:\/\/jackpotlotteryonline.com\/wp-content\/uploads\/2022\/10\/2_ticket_el_gordo3-218x300.jpg 218w, https:\/\/jackpotlotteryonline.com\/wp-content\/uploads\/2022\/10\/2_ticket_el_gordo3.jpg 570w\" sizes=\"auto, (max-width: 174px) 100vw, 174px\" \/><\/p>\n<p>Przeci\u0119tny Hiszpan sp\u0119dzi\u0142 niesamowit\u0105 kwot\u0119 \u20ac60 na El Gordo lotto w 2009 roku. C\u00f3\u017c, liczba \u20ac60 mo\u017ce nie wydawa\u0107 si\u0119 du\u017c\u0105 spraw\u0105, ale je\u015bli pomno\u017cysz to przez populacj\u0119 Hiszpanii, mo\u017cesz by\u0107 oszo\u0142omiony. Najbardziej znany z Hiszpanii \u015bwi\u0105tecznej edycji loterii, loteria El Gordo jest r\u00f3wnie\u017c tygodniowe wydarzenie.<\/p>\n<p>Jest to loteria z<a href=\"https:\/\/jackpotlotteryonline.com\/pl\/zwycieskie-numery\/el-gordo-draw-results\"> jednym losowaniem na tydzie\u0144 (w ka\u017cd\u0105 niedziel\u0119)<\/a>, a Ty musisz wybra\u0107 5 liczb z zakresu 54 numer\u00f3w. Nazwa El Gordo, nawiasem m\u00f3wi\u0105c, jest hiszpa\u0144ski dla &#8220;The Big One&#8221;.<\/p>\n<h2>\u015awi\u0105teczne losowanie El Gordo<\/h2>\n<p>Rozgrywane raz w roku w okresie Bo\u017cego Narodzenia, El Gordo Navidad bardzo r\u00f3\u017cni si\u0119 od innych por\u00f3wnywalnych loterii na \u015bwiecie, poniewa\u017c dost\u0119pnych jest tylko 85000 numer\u00f3w loterii (od 00000 do 84999), a losowanie loterii jest bardzo specjalnym wydarzeniem, kt\u00f3re wymaga d\u0142ugiego czasu na ustawienie i wykonanie.<\/p>\n<section class=\"layout\" style=\"border: solid 1px; width: 100%;\">\n<div class=\"img-div\" style=\"margin-top: 5px;\"><img decoding=\"async\" class=\"wp-image-17212 alignleft\" style=\"height: 45px; margin: 8px 8px 0px;\" src=\"https:\/\/jackpotlotteryonline.com\/wp-content\/uploads\/2022\/11\/read1.jpg\" alt=\"czytaj\" width=\"\" height=\"\" \/><\/div>\n<div style=\"padding-left: 5px;\">\n<div style=\"font-size: 1.1em;\">\n<p><strong>Nie przegap czas\u00f3w losowania najwi\u0119kszych \u015bwiatowych jackpot\u00f3w loteryjnych<\/strong><\/p>\n<p style=\"font-size: 0.85em; margin-top: -1.5em;\">Lista czas\u00f3w losowania dla mi\u0119dzynarodowych loterii\u00a0<a href=\"https:\/\/jackpotlotteryonline.com\/pl\/kiedy-sa-godziny-losowania-miedzynarodowych-loterii\"> wi\u0119cej<\/a><\/p>\n<\/div>\n<\/div>\n<\/section>\n<h2>Dlaczego \u015bwi\u0105teczne El Gordo jest wyj\u0105tkowe?<\/h2>\n<p><img loading=\"lazy\" decoding=\"async\" class=\"alignright size-full wp-image-17870\" src=\"https:\/\/jackpotlotteryonline.com\/wp-content\/uploads\/2022\/10\/lotto_euros.jpg\" alt=\"wygra\u0107 Bo\u017ce Narodzenie El Gordo\" width=\"225\" height=\"134\" \/><\/p>\n<p>Samo losowanie jest bardzo wyj\u0105tkowe i inne. Nie ma tu prawie \u017cadnych maszyn ani technologii. Ogromna kula wype\u0142niona jest drewnianymi kulami, na ka\u017cdej z nich znajduje si\u0119 jedna z pi\u0119ciocyfrowych liczb. W drugiej kuli znajduj\u0105 si\u0119 kulki z nagrodami. Losowania dokonuje dwoje dzieci, kt\u00f3re wyci\u0105gaj\u0105 z ka\u017cdej kuli po jednej kuli, kt\u00f3ra okre\u015bla zwyci\u0119sk\u0105 liczb\u0119 i nagrod\u0119, kt\u00f3r\u0105 ta liczba zdoby\u0142a.<\/p>\n<p>Ca\u0142kowicie wylosowany przez ludzkie r\u0119ce jackpot El Gordo Online lotto jest bardzo wyj\u0105tkowy i jeden z najbardziej po\u017c\u0105danych w Europie kontynentalnej. Istniej\u0105 trzy g\u0142\u00f3wne nagrody i ponad 1000 mniejszych, a numery, kt\u00f3re cz\u0119\u015bciowo pasuj\u0105 do trzech g\u0142\u00f3wnych nagr\u00f3d r\u00f3wnie\u017c co\u015b wygrywaj\u0105. Dzi\u0119ki temu szanse na wygran\u0105 s\u0105 znacznie wi\u0119ksze.<\/p>\n<p>El Gordo jest jedn\u0105 z najwi\u0119kszych loterii na \u015bwiecie, z \u0142\u0105czn\u0105 pul\u0105 nagr\u00f3d wynosz\u0105c\u0105 ponad 3 miliardy euro ka\u017cdego roku (od teraz i stale ro\u015bnie). Nie musisz by\u0107 Hiszpanem ani obywatelem Europy, ka\u017cdy powy\u017cej 18 roku \u017cycia mo\u017ce gra\u0107 w El Gordo Lotto.<\/p>\n<h2>Jak i dlaczego powiniene\u015b zagra\u0107 w El Gordo Online?<\/h2>\n<p>Zarejestruj si\u0119 na naszej stronie ju\u017c dzi\u015b, aby mie\u0107 pewno\u015b\u0107, \u017ce zarezerwujesz swoje miejsce do bogactwa. Pomo\u017cemy graczom spoza Hiszpanii wzi\u0105\u0107 udzia\u0142 w Loterii El Gordo. Wszystko, co musisz zrobi\u0107, to za\u0142o\u017cy\u0107 konto, wybra\u0107 swoje numery i dokona\u0107 p\u0142atno\u015bci. Nast\u0119pnie zadbamy o to, <a href=\"https:\/\/jackpotlotteryonline.com\/pl\/kupic-bilety\/el-gordo\">aby w Twoim imieniu zosta\u0142 zakupiony los na loteri\u0119 El Gordo<\/a>. Kupon z wybranymi przez Ciebie numerami zostanie dla Ciebie zeskanowany, a w przypadku wygranej fortuny, pomo\u017cemy r\u00f3wnie\u017c upewni\u0107 si\u0119, \u017ce pieni\u0105dze trafi\u0105 do Ciebie tak szybko, jak to mo\u017cliwe. Zaleca si\u0119, aby\u015b ju\u017c dzi\u015b zarezerwowa\u0142 sw\u00f3j los z ulubionymi numerami.<\/p>\n","protected":false},"excerpt":{"rendered":"<p>El Gordo Online Lotto Jackpot Przeci\u0119tny Hiszpan sp\u0119dzi\u0142 niesamowit\u0105 kwot\u0119 \u20ac60 na El Gordo lotto w 2009 roku. C\u00f3\u017c, liczba \u20ac60 mo\u017ce nie wydawa\u0107 si\u0119 du\u017c\u0105 spraw\u0105, ale je\u015bli pomno\u017cysz to przez populacj\u0119 Hiszpanii, mo\u017cesz by\u0107 oszo\u0142omiony. Najbardziej znany z Hiszpanii \u015bwi\u0105tecznej edycji loterii, loteria El Gordo jest r\u00f3wnie\u017c tygodniowe wydarzenie. Jest to loteria z [&hellip;]<\/p>\n","protected":false},"author":1,"featured_media":0,"parent":35709,"menu_order":6,"comment_status":"closed","ping_status":"closed","template":"el-gordo.php","meta":{"_et_pb_use_builder":"","_et_pb_old_content":"","_et_gb_content_width":"","exclude_from_search":false,"footnotes":""},"class_list":["post-36195","page","type-page","status-publish","hentry"],"yoast_head":"<!-- This site is optimized with the Yoast SEO plugin v23.3 - https:\/\/yoast.com\/wordpress\/plugins\/seo\/ -->\n<title>Zagraj w Hiszpa\u0144skie El Gordo Lotto online - nawet spoza Hiszpanii<\/title>\n<meta name=\"description\" content=\"Jackpot El Gordo Lotto Online jest jednym z najwi\u0119kszych jackpot\u00f3w na \u015bwiecie i mo\u017ce by\u0107 grany online z kraj\u00f3w spoza Hiszpanii.\" \/>\n<meta name=\"robots\" content=\"index, follow, max-snippet:-1, max-image-preview:large, max-video-preview:-1\" \/>\n<link rel=\"canonical\" href=\"https:\/\/jackpotlotteryonline.com\/play-online\/el-gordo\/\" \/>\n<meta property=\"og:locale\" content=\"pl_PL\" \/>\n<meta property=\"og:type\" content=\"article\" \/>\n<meta property=\"og:title\" content=\"Zagraj w Hiszpa\u0144skie El Gordo Lotto online - nawet spoza Hiszpanii\" \/>\n<meta property=\"og:description\" content=\"Jackpot El Gordo Lotto Online jest jednym z najwi\u0119kszych jackpot\u00f3w na \u015bwiecie i mo\u017ce by\u0107 grany online z kraj\u00f3w spoza Hiszpanii.\" \/>\n<meta property=\"og:url\" content=\"https:\/\/jackpotlotteryonline.com\/play-online\/el-gordo\/\" \/>\n<meta property=\"og:site_name\" content=\"Lotto Online - Crack The International Lottery Jackpots\" \/>\n<meta property=\"article:modified_time\" content=\"2023-01-03T08:30:38+00:00\" \/>\n<meta property=\"og:image\" content=\"https:\/\/jackpotlotteryonline.com\/wp-content\/uploads\/2022\/10\/2_ticket_el_gordo3-218x300.jpg\" \/>\n<meta name=\"twitter:card\" content=\"summary_large_image\" \/>\n<meta name=\"twitter:label1\" content=\"Szacowany czas czytania\" \/>\n\t<meta name=\"twitter:data1\" content=\"3 minuty\" \/>\n<!-- \/ Yoast SEO plugin. -->","yoast_head_json":{"title":"Zagraj w Hiszpa\u0144skie El Gordo Lotto online - nawet spoza Hiszpanii","description":"Jackpot El Gordo Lotto Online jest jednym z najwi\u0119kszych jackpot\u00f3w na \u015bwiecie i mo\u017ce by\u0107 grany online z kraj\u00f3w spoza Hiszpanii.","robots":{"index":"index","follow":"follow","max-snippet":"max-snippet:-1","max-image-preview":"max-image-preview:large","max-video-preview":"max-video-preview:-1"},"canonical":"https:\/\/jackpotlotteryonline.com\/play-online\/el-gordo\/","og_locale":"pl_PL","og_type":"article","og_title":"Zagraj w Hiszpa\u0144skie El Gordo Lotto online - nawet spoza Hiszpanii","og_description":"Jackpot El Gordo Lotto Online jest jednym z najwi\u0119kszych jackpot\u00f3w na \u015bwiecie i mo\u017ce by\u0107 grany online z kraj\u00f3w spoza Hiszpanii.","og_url":"https:\/\/jackpotlotteryonline.com\/play-online\/el-gordo\/","og_site_name":"Lotto Online - Crack The International Lottery Jackpots","article_modified_time":"2023-01-03T08:30:38+00:00","og_image":[{"url":"https:\/\/jackpotlotteryonline.com\/wp-content\/uploads\/2022\/10\/2_ticket_el_gordo3-218x300.jpg"}],"twitter_card":"summary_large_image","twitter_misc":{"Szacowany czas czytania":"3 minuty"},"schema":{"@context":"https:\/\/schema.org","@graph":[{"@type":"WebPage","@id":"https:\/\/jackpotlotteryonline.com\/play-online\/el-gordo\/","url":"https:\/\/jackpotlotteryonline.com\/play-online\/el-gordo\/","name":"Zagraj w Hiszpa\u0144skie El Gordo Lotto online - nawet spoza Hiszpanii","isPartOf":{"@id":"https:\/\/jackpotlotteryonline.com\/#website"},"primaryImageOfPage":{"@id":"https:\/\/jackpotlotteryonline.com\/play-online\/el-gordo\/#primaryimage"},"image":{"@id":"https:\/\/jackpotlotteryonline.com\/play-online\/el-gordo\/#primaryimage"},"thumbnailUrl":"https:\/\/jackpotlotteryonline.com\/wp-content\/uploads\/2022\/10\/2_ticket_el_gordo3-218x300.jpg","datePublished":"2022-11-04T06:46:04+00:00","dateModified":"2023-01-03T08:30:38+00:00","description":"Jackpot El Gordo Lotto Online jest jednym z najwi\u0119kszych jackpot\u00f3w na \u015bwiecie i mo\u017ce by\u0107 grany online z kraj\u00f3w spoza Hiszpanii.","breadcrumb":{"@id":"https:\/\/jackpotlotteryonline.com\/play-online\/el-gordo\/#breadcrumb"},"inLanguage":"pl-PL","potentialAction":[{"@type":"ReadAction","target":["https:\/\/jackpotlotteryonline.com\/play-online\/el-gordo\/"]}]},{"@type":"ImageObject","inLanguage":"pl-PL","@id":"https:\/\/jackpotlotteryonline.com\/play-online\/el-gordo\/#primaryimage","url":"https:\/\/jackpotlotteryonline.com\/wp-content\/uploads\/2022\/10\/2_ticket_el_gordo3-218x300.jpg","contentUrl":"https:\/\/jackpotlotteryonline.com\/wp-content\/uploads\/2022\/10\/2_ticket_el_gordo3-218x300.jpg"},{"@type":"BreadcrumbList","@id":"https:\/\/jackpotlotteryonline.com\/play-online\/el-gordo\/#breadcrumb","itemListElement":[{"@type":"ListItem","position":1,"name":"Home","item":"https:\/\/jackpotlotteryonline.com\/pl\/"},{"@type":"ListItem","position":2,"name":"Jak gra\u0107","item":"https:\/\/jackpotlotteryonline.com\/pl\/jak-grac\/"},{"@type":"ListItem","position":3,"name":"Zagraj w El Gordo Lotto Hiszpania"}]},{"@type":"WebSite","@id":"https:\/\/jackpotlotteryonline.com\/#website","url":"https:\/\/jackpotlotteryonline.com\/","name":"Lotto Online - Crack The International Lottery Jackpots","description":"","potentialAction":[{"@type":"SearchAction","target":{"@type":"EntryPoint","urlTemplate":"https:\/\/jackpotlotteryonline.com\/?s={search_term_string}"},"query-input":"required name=search_term_string"}],"inLanguage":"pl-PL"}]}},"_links":{"self":[{"href":"https:\/\/jackpotlotteryonline.com\/pl\/wp-json\/wp\/v2\/pages\/36195","targetHints":{"allow":["GET"]}}],"collection":[{"href":"https:\/\/jackpotlotteryonline.com\/pl\/wp-json\/wp\/v2\/pages"}],"about":[{"href":"https:\/\/jackpotlotteryonline.com\/pl\/wp-json\/wp\/v2\/types\/page"}],"author":[{"embeddable":true,"href":"https:\/\/jackpotlotteryonline.com\/pl\/wp-json\/wp\/v2\/users\/1"}],"replies":[{"embeddable":true,"href":"https:\/\/jackpotlotteryonline.com\/pl\/wp-json\/wp\/v2\/comments?post=36195"}],"version-history":[{"count":0,"href":"https:\/\/jackpotlotteryonline.com\/pl\/wp-json\/wp\/v2\/pages\/36195\/revisions"}],"up":[{"embeddable":true,"href":"https:\/\/jackpotlotteryonline.com\/pl\/wp-json\/wp\/v2\/pages\/35709"}],"wp:attachment":[{"href":"https:\/\/jackpotlotteryonline.com\/pl\/wp-json\/wp\/v2\/media?parent=36195"}],"curies":[{"name":"wp","href":"https:\/\/api.w.org\/{rel}","templated":true}]}}