{"id":36252,"date":"2022-11-04T08:20:27","date_gmt":"2022-11-04T08:20:27","guid":{"rendered":"https:\/\/jackpotlotteryonline.com\/?page_id=36252"},"modified":"2022-12-31T10:56:05","modified_gmt":"2022-12-31T10:56:05","slug":"france-lotto","status":"publish","type":"page","link":"https:\/\/jackpotlotteryonline.com\/pl\/jak-grac\/france-lotto\/","title":{"rendered":"Zagraj we francusk\u0105 loteri\u0119"},"content":{"rendered":"<h2>Francja Lotto online<\/h2>\n<p><img loading=\"lazy\" decoding=\"async\" class=\"alignright size-full wp-image-18410\" src=\"https:\/\/jackpotlotteryonline.com\/wp-content\/uploads\/2022\/10\/win_big.jpg\" alt=\"gra\u0107 francja lotto online\" width=\"224\" height=\"134\" \/><\/p>\n<p>France Lotto jest jedn\u0105 z najstarszych zorganizowanych europejskich loterii i jest organizowana i zarz\u0105dzana przez Francaise des Jeux Group. Jest ona bardzo popularna we Francji i innych cz\u0119\u015bciach Europy. Poniewa\u017c Francuzi s\u0105 zagorza\u0142ymi fanami gry losowej,<a href=\"https:\/\/jackpotlotteryonline.com\/pl\/zwycieskie-numery\/france-lotto-2\"> France Lotto online jest losowane trzy razy w tygodniu (w poniedzia\u0142ki, \u015brody i soboty)<\/a>, w przeciwie\u0144stwie do wi\u0119kszo\u015bci innych europejskich loterii, kt\u00f3re s\u0105 losowane tylko dwa razy w tygodniu. \u0141\u0105czna suma nagr\u00f3d rozdawanych przez Francuskie Lotto szacowana jest na ponad 4,4 miliarda rocznie i jest to gra z du\u017cym jackpotem.<\/p>\n<p>Nie musisz by\u0107 mieszka\u0144cem Francji &#8211; <strong>gra we francuskie lotto spoza Francji jest mo\u017cliwa online z nasz\u0105 pomoc\u0105.<\/strong><\/p>\n<p>W por\u00f3wnaniu z innymi europejskimi loteriami, Francuskie Lotto online widzi znaczny wzrost w jackpotach, kt\u00f3re oferuje, poniewa\u017c jackpot wzrasta o milion euro. Przy trzech cotygodniowych losowaniach, kumuluje si\u0119 on i ro\u015bnie do\u015b\u0107 szybko, a\u017c do momentu wygranej. Fakt, \u017ce jackpot nie liczy si\u0119 jako najwy\u017cszy w\u015br\u00f3d loterii dowodzi, \u017ce jest on wygrywany cz\u0119\u015bciej ni\u017c w innych loteriach.<\/p>\n<p>M\u00f3wi si\u0119, \u017ce France Lotto online stworzy\u0142o wi\u0119cej milioner\u00f3w ni\u017c wi\u0119kszo\u015b\u0107 innych por\u00f3wnywalnych loterii w Europie. Powiniene\u015b wykorzysta\u0107 swoj\u0105 szans\u0119 i<a href=\"https:\/\/jackpotlotteryonline.com\/pl\/kupic-bilety\/lotto-france\"> kupi\u0107 bilet online na France Lotto<\/a> i sta\u0107 si\u0119 nast\u0119pnym milionerem.<\/p>\n<p>Jeste\u015bmy tutaj, aby pom\u00f3c Ci zagra\u0107 we francuskie lotto online. Gra w t\u0119 gr\u0119 jest tak prosta jak ABC, a my pomo\u017cemy Ci na ka\u017cdym kroku.<\/p>\n<section class=\"layout\" style=\"border: solid 1px; width: 100%;\">\n<div class=\"img-div\" style=\"margin-top: 5px;\"><img decoding=\"async\" class=\"wp-image-17212 alignleft\" style=\"height: 45px; margin: 8px 8px 0px;\" src=\"https:\/\/jackpotlotteryonline.com\/wp-content\/uploads\/2022\/11\/read1.jpg\" alt=\"czytaj\" width=\"\" height=\"\" \/><\/div>\n<div style=\"padding-left: 5px;\">\n<div style=\"font-size: 1.1em;\">\n<p><strong>Ogl\u0105daj swoje numery loterii s\u0105 rysowane na \u017cywo<\/strong><\/p>\n<p style=\"font-size: 0.85em; margin-top: -1.5em;\">Jak ogl\u0105da\u0107 na \u017cywo losowania swoich ulubionych loterii\u00a0 <a href=\"https:\/\/jackpotlotteryonline.com\/pl\/watch-your-lottery-numbers-being-drawn-live\"> wi\u0119cej<\/a><\/p>\n<\/div>\n<\/div>\n<\/section>\n<h2>Jak gra\u0107 we France Lotto online?<\/h2>\n<p><img loading=\"lazy\" decoding=\"async\" class=\"alignright wp-image-27131\" src=\"https:\/\/jackpotlotteryonline.com\/wp-content\/uploads\/2022\/11\/1_jckpot_win_online.jpg\" alt=\"francuski jackpot loterii\" width=\"159\" height=\"159\" srcset=\"https:\/\/jackpotlotteryonline.com\/wp-content\/uploads\/2022\/11\/1_jckpot_win_online.jpg 300w, https:\/\/jackpotlotteryonline.com\/wp-content\/uploads\/2022\/11\/1_jckpot_win_online-100x100.jpg 100w, https:\/\/jackpotlotteryonline.com\/wp-content\/uploads\/2022\/11\/1_jckpot_win_online-150x150.jpg 150w\" sizes=\"auto, (max-width: 159px) 100vw, 159px\" \/><\/p>\n<p>Jak ka\u017cda inna loteria, Francja lotto polega na wytypowaniu 5 numer\u00f3w z 49 oraz jednej liczby z innej grupy 10 numer\u00f3w. Zakup biletu jest prosty, po z\u0142o\u017ceniu zam\u00f3wienia przez nas, zakupimy bilet w Twoim imieniu. Zaraz po zakupie, na swoim koncie zobaczysz wytypowane liczby, a nieco p\u00f3\u017aniej skan Twojego zg\u0142oszenia r\u00f3wnie\u017c b\u0119dzie widoczny na Twoim koncie.<\/p>\n<p>Je\u015bli jeste\u015b sceptycznie nastawiony do wyboru liczb, to mamy r\u00f3wnie\u017c generator liczb loteryjnych, a opcja Szybki Wyb\u00f3r France Lotto online pozwala na zagranie losowych liczb.<\/p>\n<p>Musisz mie\u0107 uko\u0144czone 18 lat, aby zakupi\u0107 kupon France Lotto online, a zanim to zrobisz za naszym po\u015brednictwem, mo\u017cesz zrobi\u0107 kilka bada\u0144 na temat poprzednich wynik\u00f3w, aby pom\u00f3c Ci wybra\u0107 swoje w\u0142asne szcz\u0119\u015bliwe numery.<\/p>\n<h2>Odbieranie nagr\u00f3d z France lotto online<\/h2>\n<p>Opr\u00f3cz jackpota, France Lotto online oferuje r\u00f3wnie\u017c inne nagrody za dopasowanie numer\u00f3w. W przeciwie\u0144stwie do ameryka\u0144skich loterii, nagrody wyp\u0142acane s\u0105 w ca\u0142o\u015bci i w got\u00f3wce. B\u0119dziesz musia\u0142 zg\u0142osi\u0107 swoje roszczenia w ci\u0105gu 2 miesi\u0119cy od daty losowania, w czym Ci pomo\u017cemy. Nagrody poni\u017cej 2500 euro zostan\u0105 przelane na Twoje konto na naszej stronie internetowej. Nagrody powy\u017cej tej kwoty musz\u0105 zosta\u0107 skierowane do centrum p\u0142atno\u015bci Francaise des Jeux.<\/p>\n<p>Je\u015bli grasz za naszym po\u015brednictwem, pomo\u017cemy Ci r\u00f3wnie\u017c odebra\u0107 nagrody, sk\u0142adaj\u0105c wniosek w Twoim imieniu i upewniaj\u0105c si\u0119, \u017ce nagroda zostanie dostarczona do Ciebie tak szybko, jak to mo\u017cliwe. Zarejestruj si\u0119 ju\u017c dzi\u015b za darmo i odbierz nieprzewidziane korzy\u015bci!<\/p>\n<p>Wszystkie nagrody wygrane we France Lotto wyp\u0142acane s\u0105 bez podatku!<\/p>\n","protected":false},"excerpt":{"rendered":"<p>Francja Lotto online France Lotto jest jedn\u0105 z najstarszych zorganizowanych europejskich loterii i jest organizowana i zarz\u0105dzana przez Francaise des Jeux Group. Jest ona bardzo popularna we Francji i innych cz\u0119\u015bciach Europy. Poniewa\u017c Francuzi s\u0105 zagorza\u0142ymi fanami gry losowej, France Lotto online jest losowane trzy razy w tygodniu (w poniedzia\u0142ki, \u015brody i soboty), w przeciwie\u0144stwie [&hellip;]<\/p>\n","protected":false},"author":1,"featured_media":0,"parent":35709,"menu_order":9,"comment_status":"closed","ping_status":"closed","template":"lotto-fr.php","meta":{"_et_pb_use_builder":"","_et_pb_old_content":"","_et_gb_content_width":"","exclude_from_search":false,"footnotes":""},"class_list":["post-36252","page","type-page","status-publish","hentry"],"yoast_head":"<!-- This site is optimized with the Yoast SEO plugin v23.3 - https:\/\/yoast.com\/wordpress\/plugins\/seo\/ -->\n<title>We\u017a udzia\u0142 we Francuskim Lotto online, spoza Francji<\/title>\n<meta name=\"description\" content=\"Kup bilet na France lotto tutaj - umo\u017cliwiamy fanom lotto spoza Francji, aby uzyska\u0107 bilet na t\u0119 popularn\u0105 loteri\u0119\" \/>\n<meta name=\"robots\" content=\"index, follow, max-snippet:-1, max-image-preview:large, max-video-preview:-1\" \/>\n<link rel=\"canonical\" href=\"https:\/\/jackpotlotteryonline.com\/play-online\/france-lotto\/\" \/>\n<meta property=\"og:locale\" content=\"pl_PL\" \/>\n<meta property=\"og:type\" content=\"article\" \/>\n<meta property=\"og:title\" content=\"We\u017a udzia\u0142 we Francuskim Lotto online, spoza Francji\" \/>\n<meta property=\"og:description\" content=\"Kup bilet na France lotto tutaj - umo\u017cliwiamy fanom lotto spoza Francji, aby uzyska\u0107 bilet na t\u0119 popularn\u0105 loteri\u0119\" \/>\n<meta property=\"og:url\" content=\"https:\/\/jackpotlotteryonline.com\/play-online\/france-lotto\/\" \/>\n<meta property=\"og:site_name\" content=\"Lotto Online - Crack The International Lottery Jackpots\" \/>\n<meta property=\"article:modified_time\" content=\"2022-12-31T10:56:05+00:00\" \/>\n<meta property=\"og:image\" content=\"https:\/\/jackpotlotteryonline.com\/wp-content\/uploads\/2022\/10\/win_big.jpg\" \/>\n<meta name=\"twitter:card\" content=\"summary_large_image\" \/>\n<meta name=\"twitter:label1\" content=\"Szacowany czas czytania\" \/>\n\t<meta name=\"twitter:data1\" content=\"3 minuty\" \/>\n<!-- \/ Yoast SEO plugin. -->","yoast_head_json":{"title":"We\u017a udzia\u0142 we Francuskim Lotto online, spoza Francji","description":"Kup bilet na France lotto tutaj - umo\u017cliwiamy fanom lotto spoza Francji, aby uzyska\u0107 bilet na t\u0119 popularn\u0105 loteri\u0119","robots":{"index":"index","follow":"follow","max-snippet":"max-snippet:-1","max-image-preview":"max-image-preview:large","max-video-preview":"max-video-preview:-1"},"canonical":"https:\/\/jackpotlotteryonline.com\/play-online\/france-lotto\/","og_locale":"pl_PL","og_type":"article","og_title":"We\u017a udzia\u0142 we Francuskim Lotto online, spoza Francji","og_description":"Kup bilet na France lotto tutaj - umo\u017cliwiamy fanom lotto spoza Francji, aby uzyska\u0107 bilet na t\u0119 popularn\u0105 loteri\u0119","og_url":"https:\/\/jackpotlotteryonline.com\/play-online\/france-lotto\/","og_site_name":"Lotto Online - Crack The International Lottery Jackpots","article_modified_time":"2022-12-31T10:56:05+00:00","og_image":[{"url":"https:\/\/jackpotlotteryonline.com\/wp-content\/uploads\/2022\/10\/win_big.jpg"}],"twitter_card":"summary_large_image","twitter_misc":{"Szacowany czas czytania":"3 minuty"},"schema":{"@context":"https:\/\/schema.org","@graph":[{"@type":"WebPage","@id":"https:\/\/jackpotlotteryonline.com\/play-online\/france-lotto\/","url":"https:\/\/jackpotlotteryonline.com\/play-online\/france-lotto\/","name":"We\u017a udzia\u0142 we Francuskim Lotto online, spoza Francji","isPartOf":{"@id":"https:\/\/jackpotlotteryonline.com\/#website"},"primaryImageOfPage":{"@id":"https:\/\/jackpotlotteryonline.com\/play-online\/france-lotto\/#primaryimage"},"image":{"@id":"https:\/\/jackpotlotteryonline.com\/play-online\/france-lotto\/#primaryimage"},"thumbnailUrl":"https:\/\/jackpotlotteryonline.com\/wp-content\/uploads\/2022\/10\/win_big.jpg","datePublished":"2022-11-04T08:20:27+00:00","dateModified":"2022-12-31T10:56:05+00:00","description":"Kup bilet na France lotto tutaj - umo\u017cliwiamy fanom lotto spoza Francji, aby uzyska\u0107 bilet na t\u0119 popularn\u0105 loteri\u0119","breadcrumb":{"@id":"https:\/\/jackpotlotteryonline.com\/play-online\/france-lotto\/#breadcrumb"},"inLanguage":"pl-PL","potentialAction":[{"@type":"ReadAction","target":["https:\/\/jackpotlotteryonline.com\/play-online\/france-lotto\/"]}]},{"@type":"ImageObject","inLanguage":"pl-PL","@id":"https:\/\/jackpotlotteryonline.com\/play-online\/france-lotto\/#primaryimage","url":"https:\/\/jackpotlotteryonline.com\/wp-content\/uploads\/2022\/10\/win_big.jpg","contentUrl":"https:\/\/jackpotlotteryonline.com\/wp-content\/uploads\/2022\/10\/win_big.jpg"},{"@type":"BreadcrumbList","@id":"https:\/\/jackpotlotteryonline.com\/play-online\/france-lotto\/#breadcrumb","itemListElement":[{"@type":"ListItem","position":1,"name":"Home","item":"https:\/\/jackpotlotteryonline.com\/pl\/"},{"@type":"ListItem","position":2,"name":"Jak gra\u0107","item":"https:\/\/jackpotlotteryonline.com\/pl\/jak-grac\/"},{"@type":"ListItem","position":3,"name":"Zagraj we francusk\u0105 loteri\u0119"}]},{"@type":"WebSite","@id":"https:\/\/jackpotlotteryonline.com\/#website","url":"https:\/\/jackpotlotteryonline.com\/","name":"Lotto Online - Crack The International Lottery Jackpots","description":"","potentialAction":[{"@type":"SearchAction","target":{"@type":"EntryPoint","urlTemplate":"https:\/\/jackpotlotteryonline.com\/?s={search_term_string}"},"query-input":"required name=search_term_string"}],"inLanguage":"pl-PL"}]}},"_links":{"self":[{"href":"https:\/\/jackpotlotteryonline.com\/pl\/wp-json\/wp\/v2\/pages\/36252","targetHints":{"allow":["GET"]}}],"collection":[{"href":"https:\/\/jackpotlotteryonline.com\/pl\/wp-json\/wp\/v2\/pages"}],"about":[{"href":"https:\/\/jackpotlotteryonline.com\/pl\/wp-json\/wp\/v2\/types\/page"}],"author":[{"embeddable":true,"href":"https:\/\/jackpotlotteryonline.com\/pl\/wp-json\/wp\/v2\/users\/1"}],"replies":[{"embeddable":true,"href":"https:\/\/jackpotlotteryonline.com\/pl\/wp-json\/wp\/v2\/comments?post=36252"}],"version-history":[{"count":0,"href":"https:\/\/jackpotlotteryonline.com\/pl\/wp-json\/wp\/v2\/pages\/36252\/revisions"}],"up":[{"embeddable":true,"href":"https:\/\/jackpotlotteryonline.com\/pl\/wp-json\/wp\/v2\/pages\/35709"}],"wp:attachment":[{"href":"https:\/\/jackpotlotteryonline.com\/pl\/wp-json\/wp\/v2\/media?parent=36252"}],"curies":[{"name":"wp","href":"https:\/\/api.w.org\/{rel}","templated":true}]}}