{"id":36310,"date":"2022-11-04T09:54:55","date_gmt":"2022-11-04T09:54:55","guid":{"rendered":"https:\/\/jackpotlotteryonline.com\/?page_id=36310"},"modified":"2022-12-31T10:03:26","modified_gmt":"2022-12-31T10:03:26","slug":"german-lotto","status":"publish","type":"page","link":"https:\/\/jackpotlotteryonline.com\/pl\/jak-grac\/german-lotto\/","title":{"rendered":"Niemieckie Lotto"},"content":{"rendered":"<h2>Niemieckie Lotto jest ju\u017c dost\u0119pne online<\/h2>\n<p><img loading=\"lazy\" decoding=\"async\" class=\"alignright wp-image-18464 size-full\" src=\"https:\/\/jackpotlotteryonline.com\/wp-content\/uploads\/2022\/10\/win_lottery_online.jpg\" alt=\"Zagraj w niemieckie lotto online\" width=\"231\" height=\"130\" \/><\/p>\n<p>Lotto w Niemczech ma ju\u017c ponad 5 dekad, a Niemieckie Lotto online jest organizowane i zarz\u0105dzane przez Deutscher Lotto i Toto Block. <a href=\"https:\/\/jackpotlotteryonline.com\/pl\/zwycieskie-numery\/german-lotto\">Dzi\u0119ki losowaniu dwa razy w tygodniu<\/a>, w \u015brod\u0119 i sobot\u0119, niemieckie lotto online przynosi jedne z najwi\u0119kszych europejskich jackpot\u00f3w, cz\u0119\u015bciej ni\u017c zwykle. Tak wi\u0119c, istniej\u0105 wszelkie powody, aby gra\u0107 w niemieckie lotto z biletem online, je\u015bli mieszkasz poza Niemcami.<\/p>\n<p>Je\u015bli nie mieszkasz w Niemczech, to jedyn\u0105 mo\u017cliwo\u015bci\u0105 gry w niemieckie lotto online jest gra z nami. Po zarejestrowaniu si\u0119 na naszej stronie, mo\u017cesz uzyska\u0107 wszystkie istotne informacje dotycz\u0105ce niemieckiego lotto online. Obejmuje to stare wyniki, generator liczb loterii, a tak\u017ce obszar, aby kupi\u0107 bilet z. Pomog\u0105 Ci nawet ubiega\u0107 si\u0119 i otrzyma\u0107 dostaw\u0119 nagrody.<\/p>\n<h2>Jak dzia\u0142a niemieckie lotto online<\/h2>\n<p>Wszystko, co musisz zrobi\u0107, to <a href=\"https:\/\/jackpotlotteryonline.com\/pl\/kupic-bilety\/lotto-germany\">kupi\u0107 bilet do niemieckiego lotto online<\/a>, wybieraj\u0105c 6 liczb z grupy 49. B\u0119dziesz mia\u0142 r\u00f3wnie\u017c mo\u017cliwo\u015b\u0107 wyboru super numeru mi\u0119dzy 1 a 10. G\u0142\u00f3wne losowanie dotyczy numer\u00f3w bazowych, a nast\u0119pnie odbywa si\u0119 losowanie super numeru. Gdy 6 podstawowych numer\u00f3w si\u0119 zgadza, wygrywasz pierwsz\u0105 nagrod\u0119. Prawdziwy jackpot jest przyznawany, gdy 6 podstawowych liczb i super liczba pokryj\u0105 si\u0119 podczas losowania.<\/p>\n<p>Osoby spoza Niemiec mog\u0105 r\u00f3wnie\u017c gra\u0107 w niemieckie lotto online. Na naszej stronie mo\u017cesz skorzysta\u0107 z tej mo\u017cliwo\u015bci i spr\u00f3bowa\u0107 swojego szcz\u0119\u015bcia, a reszt\u0119 logistyki pozostaw nam. Aby gra\u0107 w niemieckie lotto z kuponem online, trzeba mie\u0107 uko\u0144czone 18 lat.<\/p>\n<section class=\"layout\" style=\"border: solid 1px; width: 100%;\">\n<div class=\"img-div\" style=\"margin-top: 5px;\"><img decoding=\"async\" class=\"wp-image-17212 alignleft\" style=\"height: 45px; margin: 8px 8px 0px;\" src=\"https:\/\/jackpotlotteryonline.com\/wp-content\/uploads\/2022\/11\/read1.jpg\" alt=\"czytaj\" width=\"\" height=\"\" \/><\/div>\n<div style=\"padding-left: 5px;\">\n<div style=\"font-size: 1.1em;\">\n<p><strong>Jaki samoch\u00f3d kupi\u0142by\u015b, gdyby\u015b wygra\u0142 na loterii?<\/strong><\/p>\n<p style=\"font-size: 0.85em; margin-top: -1.5em;\">Wygraj na loterii i dosta\u0107 nowy samoch\u00f3d<a href=\"https:\/\/jackpotlotteryonline.com\/pl\/jaki-samochod-kupilbys-gdybys-wygral-na-loterii\"> wi\u0119cej<\/a><\/p>\n<\/div>\n<\/div>\n<\/section>\n<h2>Wygrana w niemieckim lotto online<\/h2>\n<p><img loading=\"lazy\" decoding=\"async\" class=\"alignright size-medium wp-image-33350\" src=\"https:\/\/jackpotlotteryonline.com\/wp-content\/uploads\/2022\/11\/2_ticket_euromillions3-1-111x300.jpg\" alt=\"niemiecki bilet lotto\" width=\"111\" height=\"300\" srcset=\"https:\/\/jackpotlotteryonline.com\/wp-content\/uploads\/2022\/11\/2_ticket_euromillions3-1-111x300.jpg 111w, https:\/\/jackpotlotteryonline.com\/wp-content\/uploads\/2022\/11\/2_ticket_euromillions3-1.jpg 180w\" sizes=\"auto, (max-width: 111px) 100vw, 111px\" \/><\/p>\n<p>Wygrana w niemieckim lotto online to kwestia przypadku, ale tak samo jak w ka\u017cdej innej loterii. Zwi\u0119kszamy Twoje szanse na wygran\u0105 w niemieckim lotto online poprzez u\u017cycie naszego generatora liczb loteryjnych oraz poprzez podanie informacji o przesz\u0142ych wynikach, aby pom\u00f3c Ci wybra\u0107 Twoje szcz\u0119\u015bliwe liczby. Wszystkie istotne informacje dotycz\u0105ce niemieckiego lotto online s\u0105 dost\u0119pne i mo\u017cesz je wykorzysta\u0107 w pe\u0142ni, aby zwi\u0119kszy\u0107 swoje szanse.<\/p>\n<p>Niemieckie lotto online to nie tylko jeden z najwi\u0119kszych jackpot\u00f3w w Europie, ale tak\u017ce najbardziej zorganizowana loteria na \u015bwiecie, kt\u00f3ra jest prowadzona bardzo profesjonalnie. Kiedy grasz w Niemieckie lotto online i je\u015bli wygrasz, pomo\u017cemy Ci odebra\u0107 nagrod\u0119 bez \u017cadnych trudno\u015bci i upewnimy si\u0119, \u017ce kwota nagrody zostanie dostarczona do Ciebie bez \u017cadnych przeszk\u00f3d.<\/p>\n<p>Chocia\u017c Niemieckie lotto online jest jedn\u0105 z najstarszych loterii w Europie, nie jest tak popularna jak inne. Powodem tego jest fakt, \u017ce nie jest ona tak bardzo nag\u0142a\u015bniana poza granicami Niemiec. <strong>Tak czy inaczej, nie jest to pow\u00f3d, aby nie gra\u0107 w niemieckie lotto online. Spr\u00f3buj swojego szcz\u0119\u015bcia w lotto w Niemczech ju\u017c dzi\u015b.<\/strong><\/p>\n","protected":false},"excerpt":{"rendered":"<p>Niemieckie Lotto jest ju\u017c dost\u0119pne online Lotto w Niemczech ma ju\u017c ponad 5 dekad, a Niemieckie Lotto online jest organizowane i zarz\u0105dzane przez Deutscher Lotto i Toto Block. Dzi\u0119ki losowaniu dwa razy w tygodniu, w \u015brod\u0119 i sobot\u0119, niemieckie lotto online przynosi jedne z najwi\u0119kszych europejskich jackpot\u00f3w, cz\u0119\u015bciej ni\u017c zwykle. Tak wi\u0119c, istniej\u0105 wszelkie powody, [&hellip;]<\/p>\n","protected":false},"author":1,"featured_media":0,"parent":35709,"menu_order":8,"comment_status":"closed","ping_status":"closed","template":"lotto-german.php","meta":{"_et_pb_use_builder":"","_et_pb_old_content":"","_et_gb_content_width":"","exclude_from_search":false,"footnotes":""},"class_list":["post-36310","page","type-page","status-publish","hentry"],"yoast_head":"<!-- This site is optimized with the Yoast SEO plugin v23.3 - https:\/\/yoast.com\/wordpress\/plugins\/seo\/ -->\n<title>Zagraj w Niemieckie Lotto spoza Niemiec, z biletem online<\/title>\n<meta name=\"description\" content=\"Mieszkasz poza granicami Niemiec? Nie ma problemu - zagraj w niemieckie lotto z biletem online od nas.\" \/>\n<meta name=\"robots\" content=\"index, follow, max-snippet:-1, max-image-preview:large, max-video-preview:-1\" \/>\n<link rel=\"canonical\" href=\"https:\/\/jackpotlotteryonline.com\/pl\/jak-grac\/german-lotto\/\" \/>\n<meta property=\"og:locale\" content=\"pl_PL\" \/>\n<meta property=\"og:type\" content=\"article\" \/>\n<meta property=\"og:title\" content=\"Zagraj w Niemieckie Lotto spoza Niemiec, z biletem online\" \/>\n<meta property=\"og:description\" content=\"Mieszkasz poza granicami Niemiec? Nie ma problemu - zagraj w niemieckie lotto z biletem online od nas.\" \/>\n<meta property=\"og:url\" content=\"https:\/\/jackpotlotteryonline.com\/pl\/jak-grac\/german-lotto\/\" \/>\n<meta property=\"og:site_name\" content=\"Lotto Online - Crack The International Lottery Jackpots\" \/>\n<meta property=\"article:modified_time\" content=\"2022-12-31T10:03:26+00:00\" \/>\n<meta property=\"og:image\" content=\"https:\/\/jackpotlotteryonline.com\/wp-content\/uploads\/2022\/10\/win_lottery_online.jpg\" \/>\n<meta name=\"twitter:card\" content=\"summary_large_image\" \/>\n<meta name=\"twitter:label1\" content=\"Szacowany czas czytania\" \/>\n\t<meta name=\"twitter:data1\" content=\"3 minuty\" \/>\n<!-- \/ Yoast SEO plugin. -->","yoast_head_json":{"title":"Zagraj w Niemieckie Lotto spoza Niemiec, z biletem online","description":"Mieszkasz poza granicami Niemiec? Nie ma problemu - zagraj w niemieckie lotto z biletem online od nas.","robots":{"index":"index","follow":"follow","max-snippet":"max-snippet:-1","max-image-preview":"max-image-preview:large","max-video-preview":"max-video-preview:-1"},"canonical":"https:\/\/jackpotlotteryonline.com\/pl\/jak-grac\/german-lotto\/","og_locale":"pl_PL","og_type":"article","og_title":"Zagraj w Niemieckie Lotto spoza Niemiec, z biletem online","og_description":"Mieszkasz poza granicami Niemiec? Nie ma problemu - zagraj w niemieckie lotto z biletem online od nas.","og_url":"https:\/\/jackpotlotteryonline.com\/pl\/jak-grac\/german-lotto\/","og_site_name":"Lotto Online - Crack The International Lottery Jackpots","article_modified_time":"2022-12-31T10:03:26+00:00","og_image":[{"url":"https:\/\/jackpotlotteryonline.com\/wp-content\/uploads\/2022\/10\/win_lottery_online.jpg"}],"twitter_card":"summary_large_image","twitter_misc":{"Szacowany czas czytania":"3 minuty"},"schema":{"@context":"https:\/\/schema.org","@graph":[{"@type":"WebPage","@id":"https:\/\/jackpotlotteryonline.com\/pl\/jak-grac\/german-lotto\/","url":"https:\/\/jackpotlotteryonline.com\/pl\/jak-grac\/german-lotto\/","name":"Zagraj w Niemieckie Lotto spoza Niemiec, z biletem online","isPartOf":{"@id":"https:\/\/jackpotlotteryonline.com\/#website"},"primaryImageOfPage":{"@id":"https:\/\/jackpotlotteryonline.com\/pl\/jak-grac\/german-lotto\/#primaryimage"},"image":{"@id":"https:\/\/jackpotlotteryonline.com\/pl\/jak-grac\/german-lotto\/#primaryimage"},"thumbnailUrl":"https:\/\/jackpotlotteryonline.com\/wp-content\/uploads\/2022\/10\/win_lottery_online.jpg","datePublished":"2022-11-04T09:54:55+00:00","dateModified":"2022-12-31T10:03:26+00:00","description":"Mieszkasz poza granicami Niemiec? Nie ma problemu - zagraj w niemieckie lotto z biletem online od nas.","breadcrumb":{"@id":"https:\/\/jackpotlotteryonline.com\/pl\/jak-grac\/german-lotto\/#breadcrumb"},"inLanguage":"pl-PL","potentialAction":[{"@type":"ReadAction","target":["https:\/\/jackpotlotteryonline.com\/pl\/jak-grac\/german-lotto\/"]}]},{"@type":"ImageObject","inLanguage":"pl-PL","@id":"https:\/\/jackpotlotteryonline.com\/pl\/jak-grac\/german-lotto\/#primaryimage","url":"https:\/\/jackpotlotteryonline.com\/wp-content\/uploads\/2022\/10\/win_lottery_online.jpg","contentUrl":"https:\/\/jackpotlotteryonline.com\/wp-content\/uploads\/2022\/10\/win_lottery_online.jpg"},{"@type":"BreadcrumbList","@id":"https:\/\/jackpotlotteryonline.com\/pl\/jak-grac\/german-lotto\/#breadcrumb","itemListElement":[{"@type":"ListItem","position":1,"name":"Home","item":"https:\/\/jackpotlotteryonline.com\/pl\/"},{"@type":"ListItem","position":2,"name":"Jak gra\u0107","item":"https:\/\/jackpotlotteryonline.com\/pl\/jak-grac\/"},{"@type":"ListItem","position":3,"name":"Niemieckie Lotto"}]},{"@type":"WebSite","@id":"https:\/\/jackpotlotteryonline.com\/#website","url":"https:\/\/jackpotlotteryonline.com\/","name":"Lotto Online - Crack The International Lottery Jackpots","description":"","potentialAction":[{"@type":"SearchAction","target":{"@type":"EntryPoint","urlTemplate":"https:\/\/jackpotlotteryonline.com\/?s={search_term_string}"},"query-input":"required name=search_term_string"}],"inLanguage":"pl-PL"}]}},"_links":{"self":[{"href":"https:\/\/jackpotlotteryonline.com\/pl\/wp-json\/wp\/v2\/pages\/36310","targetHints":{"allow":["GET"]}}],"collection":[{"href":"https:\/\/jackpotlotteryonline.com\/pl\/wp-json\/wp\/v2\/pages"}],"about":[{"href":"https:\/\/jackpotlotteryonline.com\/pl\/wp-json\/wp\/v2\/types\/page"}],"author":[{"embeddable":true,"href":"https:\/\/jackpotlotteryonline.com\/pl\/wp-json\/wp\/v2\/users\/1"}],"replies":[{"embeddable":true,"href":"https:\/\/jackpotlotteryonline.com\/pl\/wp-json\/wp\/v2\/comments?post=36310"}],"version-history":[{"count":0,"href":"https:\/\/jackpotlotteryonline.com\/pl\/wp-json\/wp\/v2\/pages\/36310\/revisions"}],"up":[{"embeddable":true,"href":"https:\/\/jackpotlotteryonline.com\/pl\/wp-json\/wp\/v2\/pages\/35709"}],"wp:attachment":[{"href":"https:\/\/jackpotlotteryonline.com\/pl\/wp-json\/wp\/v2\/media?parent=36310"}],"curies":[{"name":"wp","href":"https:\/\/api.w.org\/{rel}","templated":true}]}}