{"id":36421,"date":"2022-11-07T07:19:01","date_gmt":"2022-11-07T07:19:01","guid":{"rendered":"https:\/\/jackpotlotteryonline.com\/?page_id=36421"},"modified":"2022-12-19T16:20:43","modified_gmt":"2022-12-19T16:20:43","slug":"powerball","status":"publish","type":"page","link":"https:\/\/jackpotlotteryonline.com\/pl\/kupic-bilety\/powerball\/","title":{"rendered":"Loteria Powerball w USA"},"content":{"rendered":"<h2>Jak zdoby\u0107 losy na Powerball spoza USA<\/h2>\n<p>W prawie ka\u017cdym kraju na ziemi jest jaka\u015b loteria, ale nie wszystkie loterie s\u0105 takie jak Powerball i Mega Millions, czyli wielkie loterie ameryka\u0144skie. Jackpoty lotto w USA osi\u0105gn\u0119\u0142y kwoty nawet 1,5 miliarda dolar\u00f3w (w 2016 roku). Jackpoty w innych krajach nigdy nie osi\u0105gn\u0119\u0142y takiej kwoty, dlatego zawsze gdy fani lotto czytaj\u0105 o kolejnym rekordowym jackpocie w USA, zadaj\u0105 sobie jedno pytanie:<strong> Czy mog\u0119 <a href=\"https:\/\/jackpotlotteryonline.com\/pl\/jak-grac\/powerball\">zagra\u0107 w Powerball spoza USA<\/a>, by\u0107 mo\u017ce online?<\/strong><\/p>\n<p><strong>C\u00f3\u017c, prosta odpowied\u017a brzmi tak &#8211; nawet je\u015bli mieszkasz poza USA<\/strong>, wci\u0105\u017c mo\u017cesz gra\u0107 w Powerball. Jeste\u015bmy renomowanym serwisem, kt\u00f3ry umo\u017cliwia zakup los\u00f3w na te ogromne loterie lub wiele innych mi\u0119dzynarodowych loterii. Jest to tak proste jak tylko mo\u017ce by\u0107 &#8211; wybierasz swoje numery online, a my wysy\u0142amy naszych agent\u00f3w w USA, aby kupili dla Ciebie losy. Te bilety lotto nale\u017c\u0105 do Ciebie, wi\u0119c masz uzasadnione roszczenia wobec komisji loteryjnej. Je\u015bli wygrasz, my r\u00f3wnie\u017c pomo\u017cemy Ci zdoby\u0107 Twoje pieni\u0105dze.<\/p>\n<p>Wa\u017cn\u0105 cz\u0119\u015bci\u0105 jest fakt, \u017ce dostaniesz oryginalny bilet lotto tutaj, a nie uczestniczy\u0107 w jakim\u015b rodzaju oszustwa lotto!<\/p>\n<h2>Proces zakupu biletu loteryjnego online<\/h2>\n<p><img loading=\"lazy\" decoding=\"async\" class=\"alignright size-full wp-image-34943\" src=\"https:\/\/jackpotlotteryonline.com\/wp-content\/uploads\/2022\/11\/2_ticket_powerball3-1.jpg\" alt=\"bilet na Powerball\" width=\"180\" height=\"194\" \/><\/p>\n<p><strong>Najpierw zagl\u0105dasz na g\u00f3r\u0119 naszej strony<\/strong>, gdzie klikasz na jeden z baner\u00f3w i wybierasz loteri\u0119, w kt\u00f3rej chcesz wzi\u0105\u0107 udzia\u0142. Nasza strona dost\u0119pna jest w ponad 20 r\u00f3\u017cnych j\u0119zykach. Wi\u0119kszo\u015b\u0107 klient\u00f3w kupuje losy na ameryka\u0144skie loterie Powerball i\/lub Mega Millions, ale bardzo cz\u0119sto inne mi\u0119dzynarodowe loterie r\u00f3wnie\u017c maj\u0105 ogromne jackpoty. Mo\u017cesz sortowa\u0107 je wed\u0142ug wielko\u015bci jackpota i po prostu gra\u0107 w lotto, kt\u00f3re aktualnie ma najwy\u017csz\u0105 kwot\u0119. Je\u015bli chcesz gra\u0107 na kilku loteriach, jest to r\u00f3wnie\u017c proste &#8211; na przyk\u0142ad, mo\u017cesz kupi\u0107 jeden bilet na Powerball, a drugi na hiszpa\u0144skie El Gordo.<\/p>\n<p>Nast\u0119pnie wybierasz swoje numery &#8211; jest to \u0142atwe, poniewa\u017c nasza strona poka\u017ce Ci ile numer\u00f3w masz do wyboru. Je\u015bli wolisz, istnieje funkcja szybkiego wyboru, kt\u00f3ra generuje liczby losowo. Nast\u0119pnie wybierz, ile los\u00f3w chcesz kupi\u0107 i na <a href=\"https:\/\/jackpotlotteryonline.com\/pl\/zwycieskie-numery\/powerball\">ile los\u00f3w (tygodni)<\/a> chcesz, aby Tw\u00f3j los by\u0142 wa\u017cny. W zale\u017cno\u015bci od tego, przez ile tygodni Tw\u00f3j bilet b\u0119dzie uczestniczy\u0142, otrzymasz zni\u017ck\u0119 od ceny, kt\u00f3r\u0105 zap\u0142acisz za bilet.<\/p>\n<p>Po wybraniu wszystkich opcji, mo\u017cesz zobaczy\u0107 ca\u0142kowit\u0105 cen\u0119, a nast\u0119pnym krokiem jest rejestracja konta klienta. Zap\u0142acenie za losy jest r\u00f3wnie\u017c proste &#8211; wi\u0119kszo\u015b\u0107 klient\u00f3w wybiera opcj\u0119 p\u0142atno\u015bci kart\u0105 kredytow\u0105, ale istniej\u0105 r\u00f3wnie\u017c inne opcje, takie jak (w zale\u017cno\u015bci od kraju, z kt\u00f3rego pochodzisz) natychmiastowy przelew bankowy lub kryptowaluty.<\/p>\n<p>Do p\u0142atno\u015bci wykorzystywane s\u0105 najnowsze i najbardziej bezpieczne protoko\u0142y, dzi\u0119ki czemu nie musisz obawia\u0107 si\u0119 oszustw zwi\u0105zanych z kartami kredytowymi. Je\u015bli chcesz, mo\u017cesz wybra\u0107 opcj\u0119 otrzymania kuponu na wielokrotne losowanie, Twoje numery b\u0119d\u0105 bra\u0142y udzia\u0142 w Powerball lub innej loterii, kt\u00f3r\u0105 wybierzesz, przez 2, 4, 6 lub nawet 8 losowa\u0144 z rz\u0119du.\u00a0 Jest to jednak tylko opcja &#8211; je\u015bli nie zaznaczysz tego pola, otrzymasz op\u0142at\u0119 tylko za jedno losowanie!<\/p>\n<p>Wi\u0119kszo\u015b\u0107 ludzi spoza USA gra tylko w swoje lokalne lotto, nie wiedz\u0105c o mo\u017cliwo\u015bci gry w mi\u0119dzynarodowe lotto online. Ale teraz, gdy ju\u017c wiesz, co powstrzymuje Ci\u0119 od gry o jackpoty, kt\u00f3re cz\u0119sto s\u0105 100 razy wy\u017csze ni\u017c te, kt\u00f3re mo\u017cesz wygra\u0107 w swoim kraju zamieszkania? Mo\u017ce to w\u0142a\u015bnie Ty b\u0119dziesz nast\u0119pnym zwyci\u0119zc\u0105 Powerball!<\/p>\n<section class=\"layout\" style=\"border: solid 1px; width: 100%;\">\n<div class=\"img-div\" style=\"margin-top: 5px;\"><img decoding=\"async\" class=\"wp-image-17212 alignleft\" style=\"height: 45px; margin: 8px 8px 0px;\" src=\"https:\/\/jackpotlotteryonline.com\/wp-content\/uploads\/2022\/11\/read1.jpg\" alt=\"zagraj w powerball spoza USA\" width=\"\" height=\"\" \/><\/div>\n<div style=\"padding-left: 5px;\">\n<div style=\"font-size: 1.1em;\">\n<p><strong>Czy to legalne, aby gra\u0107 na loteriach z innych kraj\u00f3w online?<\/strong><\/p>\n<p style=\"font-size: 0.85em; margin-top: -1.5em;\">Czy to legalne, aby uzyska\u0107 bilet na loteri\u0119 online, i czy rzeczywi\u015bcie otrzymam pieni\u0105dze?\u00a0\u00a0<a href=\"https:\/\/jackpotlotteryonline.com\/pl\/czy-granie-na-loteriach-z-innych-krajow-online-jest-legalne\"> wi\u0119cej<\/a><\/p>\n<\/div>\n<\/div>\n<\/section>\n<h2>Przegl\u0105d Lotto USA Online<\/h2>\n<p>W Stanach Zjednoczonych istniej\u0105 43 stany, plus Dystrykt Kolumbia, Wyspy Dziewicze USA i Puerto Rico, kt\u00f3re prowadz\u0105 loterie. W ka\u017cdym z tych obszar\u00f3w znajduj\u0105 si\u0119 pa\u0144stwowe loterie, kt\u00f3re zaliczaj\u0105 si\u0119<strong> do kategorii Lotto USA<\/strong>. Jednymi z g\u0142\u00f3wnych loterii Lotto USA s\u0105 Mega Millions i Powerball. S\u0105 to ogromne loterie, kt\u00f3re s\u0105 dost\u0119pne dla mieszka\u0144c\u00f3w z ca\u0142ego USA, a teraz gracze z zagranicy mog\u0105 uczestniczy\u0107 online za po\u015brednictwem tego naszego serwisu.<\/p>\n<h2>Powerball Lotto USA<\/h2>\n<p><img loading=\"lazy\" decoding=\"async\" class=\"alignright size-full wp-image-31721\" src=\"https:\/\/jackpotlotteryonline.com\/wp-content\/uploads\/2022\/11\/powerball_globe_logo.png\" alt=\"kupi\u0107 powerball online\" width=\"200\" height=\"212\" \/><\/p>\n<p>Najbardziej popularn\u0105 gr\u0105 Lotto USA jest Powerball. Powerball jest losowany w Universal Studios na Florydzie, USA, ale ma on wym\u00f3g nierezydencji, co oznacza, \u017ce mieszka\u0144cy stan\u00f3w nieobj\u0119tych Powerball, a nawet gracze spoza USA mog\u0105 wzi\u0105\u0107 udzia\u0142 w tej grze Lotto USA.<\/p>\n<p>Aby by\u0107 uprawnionym do gry w Powerball, gracze musz\u0105 mie\u0107 uko\u0144czone 18 lat. Gracze musz\u0105 wybra\u0107 sze\u015b\u0107 numer\u00f3w &#8211; pi\u0119\u0107 numer\u00f3w z przedzia\u0142u od 1 do 59 oraz jeden numer PowerBall z przedzia\u0142u od 1 do 39. Gracze mog\u0105 skorzysta\u0107 z funkcji Quick Pick, kt\u00f3ra losowo wybierze dla nich 6 liczb.<\/p>\n<p>Jackpoty Powerball s\u0105 zazwyczaj w dziesi\u0105tkach milion\u00f3w dolar\u00f3w, chocia\u017c w przesz\u0142o\u015bci do\u015b\u0107 cz\u0119sto przekracza\u0142y 200 milion\u00f3w dolar\u00f3w.<\/p>\n<h2>Mega Millions Lotto USA<\/h2>\n<p>Mega Millions to kolejna<strong> loteria Lotto USA<\/strong>, kt\u00f3ra prowadzona jest w USA i w rzeczywisto\u015bci losowana jest w Atlancie w stanie Georgia. Pomimo tego, Mega Millions nie ma wymogu zamieszkania, co oznacza, \u017ce mieszka\u0144cy stan\u00f3w spoza Mega Million, a nawet mieszka\u0144cy spoza USA mog\u0105 wzi\u0105\u0107 udzia\u0142 i wygra\u0107 w Mega Millions Lotto USA.<\/p>\n<p>Aby zagra\u0107 w Mega Million Lotto USA, musisz mie\u0107 18 lat lub wi\u0119cej. Musisz wytypowa\u0107 6 liczb &#8211; pi\u0119\u0107 numer\u00f3w z przedzia\u0142u od 1 do 56 oraz jeden numer Mega Ball z przedzia\u0142u od 1 do 46. Masz mo\u017cliwo\u015b\u0107 skorzystania z opcji Quick Pick, kt\u00f3ra losowo wybierze dla Ciebie numery.<\/p>\n<p>Gra Mega Million Lotto USA oferuje nagrody pieni\u0119\u017cne, a tak\u017ce jackpot. Jackpot zmieniaj\u0105cy \u017cycie jest znany z tego, \u017ce idzie w setki milion\u00f3w dolar\u00f3w, co czyni go bardzo popularnym.<\/p>\n<h2>NASPL &#8211; Stowarzyszenie Lotto USA<\/h2>\n<p>P\u00f3\u0142nocnoameryka\u0144skie Stowarzyszenie Loterii Stanowych i Prowincjonalnych (NASPL) reprezentuje wszystkie ameryka\u0144skie loterie stanowe i prowincjonalne oraz loterie kanadyjskie. Lotto USA jest obs\u0142ugiwane bardziej efektywnie przez NASPL. Dzia\u0142a jako interfejs dla Lotto USA, dostarcza informacji, prowadzi badania i rozw\u00f3j, zapewnia bezpiecze\u0144stwo i szkoli pracownik\u00f3w Lotto USA. Wszystkie g\u0142\u00f3wne loterie USA s\u0105 cz\u0142onkami NASPL.<\/p>\n","protected":false},"excerpt":{"rendered":"<p>Jak zdoby\u0107 losy na Powerball spoza USA W prawie ka\u017cdym kraju na ziemi jest jaka\u015b loteria, ale nie wszystkie loterie s\u0105 takie jak Powerball i Mega Millions, czyli wielkie loterie ameryka\u0144skie. Jackpoty lotto w USA osi\u0105gn\u0119\u0142y kwoty nawet 1,5 miliarda dolar\u00f3w (w 2016 roku). Jackpoty w innych krajach nigdy nie osi\u0105gn\u0119\u0142y takiej kwoty, dlatego zawsze [&hellip;]<\/p>\n","protected":false},"author":1,"featured_media":0,"parent":35770,"menu_order":1,"comment_status":"closed","ping_status":"closed","template":"powerball-usa-info.php","meta":{"_et_pb_use_builder":"","_et_pb_old_content":"","_et_gb_content_width":"","exclude_from_search":false,"footnotes":""},"class_list":["post-36421","page","type-page","status-publish","hentry"],"yoast_head":"<!-- This site is optimized with the Yoast SEO plugin v23.3 - https:\/\/yoast.com\/wordpress\/plugins\/seo\/ -->\n<title>Kup bilety na Powerball online z ka\u017cdego kraju poza USA<\/title>\n<meta name=\"description\" content=\"Dowiedz si\u0119, jak mieszka\u0144cy innych kraj\u00f3w mog\u0105 gra\u0107 o ogromne jackpoty loterii Powerball online - mo\u017cesz by\u0107 poza USA i nadal gra\u0107\" \/>\n<meta name=\"robots\" content=\"index, follow, max-snippet:-1, max-image-preview:large, max-video-preview:-1\" \/>\n<link rel=\"canonical\" href=\"https:\/\/jackpotlotteryonline.com\/buy-tickets\/powerball\/\" \/>\n<meta property=\"og:locale\" content=\"pl_PL\" \/>\n<meta property=\"og:type\" content=\"article\" \/>\n<meta property=\"og:title\" content=\"Kup bilety na Powerball online z ka\u017cdego kraju poza USA\" \/>\n<meta property=\"og:description\" content=\"Dowiedz si\u0119, jak mieszka\u0144cy innych kraj\u00f3w mog\u0105 gra\u0107 o ogromne jackpoty loterii Powerball online - mo\u017cesz by\u0107 poza USA i nadal gra\u0107\" \/>\n<meta property=\"og:url\" content=\"https:\/\/jackpotlotteryonline.com\/buy-tickets\/powerball\/\" \/>\n<meta property=\"og:site_name\" content=\"Lotto Online - Crack The International Lottery Jackpots\" \/>\n<meta property=\"article:modified_time\" content=\"2022-12-19T16:20:43+00:00\" \/>\n<meta property=\"og:image\" content=\"https:\/\/jackpotlotteryonline.com\/wp-content\/uploads\/2022\/11\/2_ticket_powerball3-1.jpg\" \/>\n<meta name=\"twitter:card\" content=\"summary_large_image\" \/>\n<meta name=\"twitter:label1\" content=\"Szacowany czas czytania\" \/>\n\t<meta name=\"twitter:data1\" content=\"5 minut\" \/>\n<!-- \/ Yoast SEO plugin. -->","yoast_head_json":{"title":"Kup bilety na Powerball online z ka\u017cdego kraju poza USA","description":"Dowiedz si\u0119, jak mieszka\u0144cy innych kraj\u00f3w mog\u0105 gra\u0107 o ogromne jackpoty loterii Powerball online - mo\u017cesz by\u0107 poza USA i nadal gra\u0107","robots":{"index":"index","follow":"follow","max-snippet":"max-snippet:-1","max-image-preview":"max-image-preview:large","max-video-preview":"max-video-preview:-1"},"canonical":"https:\/\/jackpotlotteryonline.com\/buy-tickets\/powerball\/","og_locale":"pl_PL","og_type":"article","og_title":"Kup bilety na Powerball online z ka\u017cdego kraju poza USA","og_description":"Dowiedz si\u0119, jak mieszka\u0144cy innych kraj\u00f3w mog\u0105 gra\u0107 o ogromne jackpoty loterii Powerball online - mo\u017cesz by\u0107 poza USA i nadal gra\u0107","og_url":"https:\/\/jackpotlotteryonline.com\/buy-tickets\/powerball\/","og_site_name":"Lotto Online - Crack The International Lottery Jackpots","article_modified_time":"2022-12-19T16:20:43+00:00","og_image":[{"url":"https:\/\/jackpotlotteryonline.com\/wp-content\/uploads\/2022\/11\/2_ticket_powerball3-1.jpg"}],"twitter_card":"summary_large_image","twitter_misc":{"Szacowany czas czytania":"5 minut"},"schema":{"@context":"https:\/\/schema.org","@graph":[{"@type":"WebPage","@id":"https:\/\/jackpotlotteryonline.com\/buy-tickets\/powerball\/","url":"https:\/\/jackpotlotteryonline.com\/buy-tickets\/powerball\/","name":"Kup bilety na Powerball online z ka\u017cdego kraju poza USA","isPartOf":{"@id":"https:\/\/jackpotlotteryonline.com\/#website"},"primaryImageOfPage":{"@id":"https:\/\/jackpotlotteryonline.com\/buy-tickets\/powerball\/#primaryimage"},"image":{"@id":"https:\/\/jackpotlotteryonline.com\/buy-tickets\/powerball\/#primaryimage"},"thumbnailUrl":"https:\/\/jackpotlotteryonline.com\/wp-content\/uploads\/2022\/11\/2_ticket_powerball3-1.jpg","datePublished":"2022-11-07T07:19:01+00:00","dateModified":"2022-12-19T16:20:43+00:00","description":"Dowiedz si\u0119, jak mieszka\u0144cy innych kraj\u00f3w mog\u0105 gra\u0107 o ogromne jackpoty loterii Powerball online - mo\u017cesz by\u0107 poza USA i nadal gra\u0107","breadcrumb":{"@id":"https:\/\/jackpotlotteryonline.com\/buy-tickets\/powerball\/#breadcrumb"},"inLanguage":"pl-PL","potentialAction":[{"@type":"ReadAction","target":["https:\/\/jackpotlotteryonline.com\/buy-tickets\/powerball\/"]}]},{"@type":"ImageObject","inLanguage":"pl-PL","@id":"https:\/\/jackpotlotteryonline.com\/buy-tickets\/powerball\/#primaryimage","url":"https:\/\/jackpotlotteryonline.com\/wp-content\/uploads\/2022\/11\/2_ticket_powerball3-1.jpg","contentUrl":"https:\/\/jackpotlotteryonline.com\/wp-content\/uploads\/2022\/11\/2_ticket_powerball3-1.jpg"},{"@type":"BreadcrumbList","@id":"https:\/\/jackpotlotteryonline.com\/buy-tickets\/powerball\/#breadcrumb","itemListElement":[{"@type":"ListItem","position":1,"name":"Home","item":"https:\/\/jackpotlotteryonline.com\/pl\/"},{"@type":"ListItem","position":2,"name":"Jak kupi\u0107 bilety na loteri\u0119 online","item":"https:\/\/jackpotlotteryonline.com\/buy-tickets\/"},{"@type":"ListItem","position":3,"name":"Loteria Powerball w USA"}]},{"@type":"WebSite","@id":"https:\/\/jackpotlotteryonline.com\/#website","url":"https:\/\/jackpotlotteryonline.com\/","name":"Lotto Online - Crack The International Lottery Jackpots","description":"","potentialAction":[{"@type":"SearchAction","target":{"@type":"EntryPoint","urlTemplate":"https:\/\/jackpotlotteryonline.com\/?s={search_term_string}"},"query-input":"required name=search_term_string"}],"inLanguage":"pl-PL"}]}},"_links":{"self":[{"href":"https:\/\/jackpotlotteryonline.com\/pl\/wp-json\/wp\/v2\/pages\/36421","targetHints":{"allow":["GET"]}}],"collection":[{"href":"https:\/\/jackpotlotteryonline.com\/pl\/wp-json\/wp\/v2\/pages"}],"about":[{"href":"https:\/\/jackpotlotteryonline.com\/pl\/wp-json\/wp\/v2\/types\/page"}],"author":[{"embeddable":true,"href":"https:\/\/jackpotlotteryonline.com\/pl\/wp-json\/wp\/v2\/users\/1"}],"replies":[{"embeddable":true,"href":"https:\/\/jackpotlotteryonline.com\/pl\/wp-json\/wp\/v2\/comments?post=36421"}],"version-history":[{"count":0,"href":"https:\/\/jackpotlotteryonline.com\/pl\/wp-json\/wp\/v2\/pages\/36421\/revisions"}],"up":[{"embeddable":true,"href":"https:\/\/jackpotlotteryonline.com\/pl\/wp-json\/wp\/v2\/pages\/35770"}],"wp:attachment":[{"href":"https:\/\/jackpotlotteryonline.com\/pl\/wp-json\/wp\/v2\/media?parent=36421"}],"curies":[{"name":"wp","href":"https:\/\/api.w.org\/{rel}","templated":true}]}}