{"id":36474,"date":"2022-11-07T08:40:21","date_gmt":"2022-11-07T08:40:21","guid":{"rendered":"https:\/\/jackpotlotteryonline.com\/?page_id=36474"},"modified":"2022-12-19T19:33:18","modified_gmt":"2022-12-19T19:33:18","slug":"euromillions","status":"publish","type":"page","link":"https:\/\/jackpotlotteryonline.com\/pl\/kupic-bilety\/euromillions\/","title":{"rendered":"Czy mog\u0119 zdoby\u0107 los na Euromillions spoza Europy?"},"content":{"rendered":"<h2>Najwi\u0119ksz\u0105 europejsk\u0105 loteri\u0105 jest Euromillions<\/h2>\n<p><img loading=\"lazy\" decoding=\"async\" class=\"alignright wp-image-17411 size-full\" src=\"https:\/\/jackpotlotteryonline.com\/wp-content\/uploads\/2022\/10\/euromillions.png\" alt=\"kupi\u0107 euromillions online\" width=\"200\" height=\"212\" \/><\/p>\n<p><a href=\"https:\/\/jackpotlotteryonline.com\/pl\/jak-grac\/euromillions\">Euromillions<\/a> to loteria oferowana w r\u00f3\u017cnych krajach europejskich. Zosta\u0142a ona zaprojektowana tak, aby oferowa\u0107 znacznie wi\u0119ksze jackpoty ni\u017c loterie narodowe poszczeg\u00f3lnych kraj\u00f3w. Zosta\u0142o to osi\u0105gni\u0119te poprzez stworzenie struktury loterii o ni\u017cszym prawdopodobie\u0144stwie, co oznacza wi\u0119cej mo\u017cliwych kombinacji liczb. Fakt, \u017ce takie jackpoty zwykle trwaj\u0105 d\u0142u\u017cej, aby by\u0107 z\u0142amane, w po\u0142\u0105czeniu z wi\u0119kszym jackpotem pocz\u0105tkowym 10 milion\u00f3w euro, doprowadzi\u0142o do jackpot\u00f3w ponad 100 milion\u00f3w euro na bie\u017c\u0105co.<\/p>\n<h2>Dlaczego do gry potrzebny jest serwis z biletami online?<\/h2>\n<p>C\u00f3\u017c, je\u015bli mieszkasz w jednym z uczestnicz\u0105cych kraj\u00f3w europejskich, nie potrzebujesz us\u0142ugi takiej jak nasza. Ale je\u015bli nie, lub je\u015bli nawet jeste\u015b poza Europ\u0105, to jedynym sposobem na zdobycie biletu na Euromillions jest serwis online. Wszystko, co musisz zrobi\u0107, to <strong>klikn\u0105\u0107 na baner Euromillions na g\u00f3rze<\/strong> i zam\u00f3wi\u0107 bilety, a nast\u0119pnie Tw\u00f3j udzia\u0142 jest zabezpieczony. Przy okazji, kupujemy prawdziwe bilety na Euromillions za po\u015brednictwem oficjalnego sprzedawcy bilet\u00f3w znajduj\u0105cego si\u0119 w Europie.<\/p>\n<section class=\"layout\" style=\"border: solid 1px; width: 100%;\">\n<div class=\"img-div\" style=\"margin-top: 5px;\"><img decoding=\"async\" class=\"wp-image-17212 alignleft\" style=\"height: 45px; margin: 8px 8px 0px;\" src=\"https:\/\/jackpotlotteryonline.com\/wp-content\/uploads\/2022\/11\/read1.jpg\" alt=\"gra\u0107 w Euromillions\" width=\"\" height=\"\" \/><\/div>\n<div style=\"padding-left: 5px;\">\n<div style=\"font-size: 1.1em;\">\n<p><strong>Loterie, kt\u00f3re maj\u0105 najwi\u0119ksze szanse na wygran\u0105<\/strong><\/p>\n<p style=\"font-size: 0.85em; margin-top: -1.5em;\">Kt\u00f3ra loteria ma najwi\u0119ksze szanse na wygran\u0105?\u00a0<a href=\"https:\/\/jackpotlotteryonline.com\/pl\/ktora-loteria-ma-najwieksze-szanse-na-wygrana\"> Read more<\/a><\/p>\n<\/div>\n<\/div>\n<\/section>\n<h2>O Euromillions<\/h2>\n<p><a href=\"https:\/\/jackpotlotteryonline.com\/pl\/zwycieskie-numery\/euromillions\">Ta loteria ma dwa tygodniowe losowania<\/a> we wtorek i pi\u0105tek. Jest ona skonstruowana w ten sam spos\u00f3b jak Eurojackpot, z wyj\u0105tkiem tego, \u017ce nie ma limitu na jackpota i musisz wybra\u0107 dwa dodatkowe numery pomi\u0119dzy 1 a 12. Posiada r\u00f3wnie\u017c 13 poziom\u00f3w nagr\u00f3d.<\/p>\n<h2>Us\u0142uga zakupu bilet\u00f3w na mi\u0119dzynarodowe loterie<\/h2>\n<p><img loading=\"lazy\" decoding=\"async\" class=\"alignright size-full wp-image-33431\" src=\"https:\/\/jackpotlotteryonline.com\/wp-content\/uploads\/2022\/11\/2_ticket_euromillions-112x300-1.jpg\" alt=\"bilet na euromillions\" width=\"112\" height=\"300\" \/><\/p>\n<p>Opr\u00f3cz zapewnienia Ci bilet\u00f3w online na Euromillions i Eurojackpot, mamy do wyboru ponad 20 loterii. Chocia\u017c mo\u017cesz chcie\u0107 zawsze i\u015b\u0107 na t\u0119 z najwi\u0119kszymi jackpotami, niekt\u00f3re z &#8220;mniejszych&#8221; loterii s\u0105 r\u00f3wnie\u017c warte rozwa\u017cenia. Mog\u0105 one oferowa\u0107 bardziej korzystne szanse na wygran\u0105 lub ni\u017csze ceny bilet\u00f3w.<\/p>\n<p>Nie musisz si\u0119 r\u00f3wnie\u017c martwi\u0107 o bezpiecze\u0144stwo p\u0142atno\u015bci i danych. U\u017cywamy niezwykle bezpiecznych protoko\u0142\u00f3w do przetwarzania p\u0142atno\u015bci. Akceptujemy p\u0142atno\u015bci za pomoc\u0105 kart kredytowych, kryptowalut, przelew\u00f3w bankowych i wielu innych opcji.<\/p>\n","protected":false},"excerpt":{"rendered":"<p>Najwi\u0119ksz\u0105 europejsk\u0105 loteri\u0105 jest Euromillions Euromillions to loteria oferowana w r\u00f3\u017cnych krajach europejskich. Zosta\u0142a ona zaprojektowana tak, aby oferowa\u0107 znacznie wi\u0119ksze jackpoty ni\u017c loterie narodowe poszczeg\u00f3lnych kraj\u00f3w. Zosta\u0142o to osi\u0105gni\u0119te poprzez stworzenie struktury loterii o ni\u017cszym prawdopodobie\u0144stwie, co oznacza wi\u0119cej mo\u017cliwych kombinacji liczb. Fakt, \u017ce takie jackpoty zwykle trwaj\u0105 d\u0142u\u017cej, aby by\u0107 z\u0142amane, w po\u0142\u0105czeniu [&hellip;]<\/p>\n","protected":false},"author":1,"featured_media":0,"parent":35770,"menu_order":3,"comment_status":"closed","ping_status":"closed","template":"euromillions-info.php","meta":{"_et_pb_use_builder":"","_et_pb_old_content":"","_et_gb_content_width":"","exclude_from_search":false,"footnotes":""},"class_list":["post-36474","page","type-page","status-publish","hentry"],"yoast_head":"<!-- This site is optimized with the Yoast SEO plugin v23.3 - https:\/\/yoast.com\/wordpress\/plugins\/seo\/ -->\n<title>Zdob\u0105d\u017a kupon na Euromillions spoza Europy<\/title>\n<meta name=\"description\" content=\"Jak wzi\u0105\u0107 udzia\u0142 w Euromillions online spoza Europy - wystarczy kupi\u0107 bilet online na naszej stronie internetowej\" \/>\n<meta name=\"robots\" content=\"index, follow, max-snippet:-1, max-image-preview:large, max-video-preview:-1\" \/>\n<link rel=\"canonical\" href=\"https:\/\/jackpotlotteryonline.com\/buy-tickets\/euromillions\/\" \/>\n<meta property=\"og:locale\" content=\"pl_PL\" \/>\n<meta property=\"og:type\" content=\"article\" \/>\n<meta property=\"og:title\" content=\"Zdob\u0105d\u017a kupon na Euromillions spoza Europy\" \/>\n<meta property=\"og:description\" content=\"Jak wzi\u0105\u0107 udzia\u0142 w Euromillions online spoza Europy - wystarczy kupi\u0107 bilet online na naszej stronie internetowej\" \/>\n<meta property=\"og:url\" content=\"https:\/\/jackpotlotteryonline.com\/buy-tickets\/euromillions\/\" \/>\n<meta property=\"og:site_name\" content=\"Lotto Online - Crack The International Lottery Jackpots\" \/>\n<meta property=\"article:modified_time\" content=\"2022-12-19T19:33:18+00:00\" \/>\n<meta property=\"og:image\" content=\"https:\/\/jackpotlotteryonline.com\/wp-content\/uploads\/2022\/10\/euromillions.png\" \/>\n<meta name=\"twitter:card\" content=\"summary_large_image\" \/>\n<meta name=\"twitter:label1\" content=\"Szacowany czas czytania\" \/>\n\t<meta name=\"twitter:data1\" content=\"2 minuty\" \/>\n<!-- \/ Yoast SEO plugin. -->","yoast_head_json":{"title":"Zdob\u0105d\u017a kupon na Euromillions spoza Europy","description":"Jak wzi\u0105\u0107 udzia\u0142 w Euromillions online spoza Europy - wystarczy kupi\u0107 bilet online na naszej stronie internetowej","robots":{"index":"index","follow":"follow","max-snippet":"max-snippet:-1","max-image-preview":"max-image-preview:large","max-video-preview":"max-video-preview:-1"},"canonical":"https:\/\/jackpotlotteryonline.com\/buy-tickets\/euromillions\/","og_locale":"pl_PL","og_type":"article","og_title":"Zdob\u0105d\u017a kupon na Euromillions spoza Europy","og_description":"Jak wzi\u0105\u0107 udzia\u0142 w Euromillions online spoza Europy - wystarczy kupi\u0107 bilet online na naszej stronie internetowej","og_url":"https:\/\/jackpotlotteryonline.com\/buy-tickets\/euromillions\/","og_site_name":"Lotto Online - Crack The International Lottery Jackpots","article_modified_time":"2022-12-19T19:33:18+00:00","og_image":[{"url":"https:\/\/jackpotlotteryonline.com\/wp-content\/uploads\/2022\/10\/euromillions.png"}],"twitter_card":"summary_large_image","twitter_misc":{"Szacowany czas czytania":"2 minuty"},"schema":{"@context":"https:\/\/schema.org","@graph":[{"@type":"WebPage","@id":"https:\/\/jackpotlotteryonline.com\/buy-tickets\/euromillions\/","url":"https:\/\/jackpotlotteryonline.com\/buy-tickets\/euromillions\/","name":"Zdob\u0105d\u017a kupon na Euromillions spoza Europy","isPartOf":{"@id":"https:\/\/jackpotlotteryonline.com\/#website"},"primaryImageOfPage":{"@id":"https:\/\/jackpotlotteryonline.com\/buy-tickets\/euromillions\/#primaryimage"},"image":{"@id":"https:\/\/jackpotlotteryonline.com\/buy-tickets\/euromillions\/#primaryimage"},"thumbnailUrl":"https:\/\/jackpotlotteryonline.com\/wp-content\/uploads\/2022\/10\/euromillions.png","datePublished":"2022-11-07T08:40:21+00:00","dateModified":"2022-12-19T19:33:18+00:00","description":"Jak wzi\u0105\u0107 udzia\u0142 w Euromillions online spoza Europy - wystarczy kupi\u0107 bilet online na naszej stronie internetowej","breadcrumb":{"@id":"https:\/\/jackpotlotteryonline.com\/buy-tickets\/euromillions\/#breadcrumb"},"inLanguage":"pl-PL","potentialAction":[{"@type":"ReadAction","target":["https:\/\/jackpotlotteryonline.com\/buy-tickets\/euromillions\/"]}]},{"@type":"ImageObject","inLanguage":"pl-PL","@id":"https:\/\/jackpotlotteryonline.com\/buy-tickets\/euromillions\/#primaryimage","url":"https:\/\/jackpotlotteryonline.com\/wp-content\/uploads\/2022\/10\/euromillions.png","contentUrl":"https:\/\/jackpotlotteryonline.com\/wp-content\/uploads\/2022\/10\/euromillions.png"},{"@type":"BreadcrumbList","@id":"https:\/\/jackpotlotteryonline.com\/buy-tickets\/euromillions\/#breadcrumb","itemListElement":[{"@type":"ListItem","position":1,"name":"Home","item":"https:\/\/jackpotlotteryonline.com\/pl\/"},{"@type":"ListItem","position":2,"name":"Jak kupi\u0107 bilety na loteri\u0119 online","item":"https:\/\/jackpotlotteryonline.com\/buy-tickets\/"},{"@type":"ListItem","position":3,"name":"Czy mog\u0119 zdoby\u0107 los na Euromillions spoza Europy?"}]},{"@type":"WebSite","@id":"https:\/\/jackpotlotteryonline.com\/#website","url":"https:\/\/jackpotlotteryonline.com\/","name":"Lotto Online - Crack The International Lottery Jackpots","description":"","potentialAction":[{"@type":"SearchAction","target":{"@type":"EntryPoint","urlTemplate":"https:\/\/jackpotlotteryonline.com\/?s={search_term_string}"},"query-input":"required name=search_term_string"}],"inLanguage":"pl-PL"}]}},"_links":{"self":[{"href":"https:\/\/jackpotlotteryonline.com\/pl\/wp-json\/wp\/v2\/pages\/36474","targetHints":{"allow":["GET"]}}],"collection":[{"href":"https:\/\/jackpotlotteryonline.com\/pl\/wp-json\/wp\/v2\/pages"}],"about":[{"href":"https:\/\/jackpotlotteryonline.com\/pl\/wp-json\/wp\/v2\/types\/page"}],"author":[{"embeddable":true,"href":"https:\/\/jackpotlotteryonline.com\/pl\/wp-json\/wp\/v2\/users\/1"}],"replies":[{"embeddable":true,"href":"https:\/\/jackpotlotteryonline.com\/pl\/wp-json\/wp\/v2\/comments?post=36474"}],"version-history":[{"count":0,"href":"https:\/\/jackpotlotteryonline.com\/pl\/wp-json\/wp\/v2\/pages\/36474\/revisions"}],"up":[{"embeddable":true,"href":"https:\/\/jackpotlotteryonline.com\/pl\/wp-json\/wp\/v2\/pages\/35770"}],"wp:attachment":[{"href":"https:\/\/jackpotlotteryonline.com\/pl\/wp-json\/wp\/v2\/media?parent=36474"}],"curies":[{"name":"wp","href":"https:\/\/api.w.org\/{rel}","templated":true}]}}