{"id":36529,"date":"2022-11-07T10:29:28","date_gmt":"2022-11-07T10:29:28","guid":{"rendered":"https:\/\/jackpotlotteryonline.com\/?page_id=36529"},"modified":"2023-01-03T20:07:22","modified_gmt":"2023-01-03T20:07:22","slug":"eurojackpot","status":"publish","type":"page","link":"https:\/\/jackpotlotteryonline.com\/pl\/kupic-bilety\/eurojackpot\/","title":{"rendered":"Kup bilety na Eurojackpot spoza kraj\u00f3w uczestnicz\u0105cych w programie"},"content":{"rendered":"<h2>O EuroJackpot<\/h2>\n<p><a href=\"https:\/\/jackpotlotteryonline.com\/pl\/jak-grac\/eurojackpot\">Eurojackpot<\/a> ma jedn\u0105 ekscytuj\u0105c\u0105 cech\u0119, kt\u00f3r\u0105 powiniene\u015b zna\u0107: Zawsze, gdy jackpot osi\u0105ga 90 milion\u00f3w, istnieje limit wygranej, kt\u00f3r\u0105 mo\u017cesz wygra\u0107. Oznacza to, \u017ce wszystkie \u015brodki ze sprzeda\u017cy bilet\u00f3w przekraczaj\u0105ce 90 milion\u00f3w euro zostan\u0105 dodane do ceny drugiego stopnia. Ta cena drugiego stopnia b\u0119dzie wtedy znacznie wy\u017csza. Bior\u0105c pod uwag\u0119, \u017ce masz 10 razy wi\u0119ksze szanse na wygranie tej nagrody, w por\u00f3wnaniu do jackpota, to zawsze dobr\u0105 strategi\u0105 jest skupienie si\u0119 na tej loterii, gdy osi\u0105gnie ona pr\u00f3g 90 milion\u00f3w euro.<\/p>\n<p><a href=\"https:\/\/jackpotlotteryonline.com\/pl\/zwycieskie-numery\/eurojackpot\">Istnieje tylko jeden dzie\u0144 losowania Eurojackpot w tygodniu<\/a>, kt\u00f3rym jest pi\u0105tek. Wybierz 5 z 50 liczb, plus dwie dodatkowe liczby pomi\u0119dzy 1 a 10, a jeste\u015b na dobrej drodze do wygrania nagrody z 12 poziom\u00f3w.<\/p>\n<h2>Jak kupi\u0107 bilety Eurojackpot<\/h2>\n<p><img loading=\"lazy\" decoding=\"async\" class=\"wp-image-26077 size-medium alignright\" src=\"https:\/\/jackpotlotteryonline.com\/wp-content\/uploads\/2022\/11\/1_buy_eurojackpot_ticket-300x99.jpg\" alt=\"kupi\u0107 bilety eurojackpot online\" width=\"300\" height=\"99\" srcset=\"https:\/\/jackpotlotteryonline.com\/wp-content\/uploads\/2022\/11\/1_buy_eurojackpot_ticket-300x99.jpg 300w, https:\/\/jackpotlotteryonline.com\/wp-content\/uploads\/2022\/11\/1_buy_eurojackpot_ticket.jpg 350w\" sizes=\"auto, (max-width: 300px) 100vw, 300px\" \/><\/p>\n<p>Eurojackpot jest europejsk\u0105 loteri\u0105, a losy sprzedawane s\u0105 g\u0142\u00f3wnie w krajach nale\u017c\u0105cych do Eurojackpot. Istnieje 18 kraj\u00f3w, kt\u00f3re uczestnicz\u0105 w loterii Eurojackpot i ka\u017cdy, kto mieszka w tych krajach mo\u017ce wej\u015b\u0107 na loteri\u0119. Kraje Eurojackpot to Chorwacja, Dania, Estonia, Finlandia, Niemcy, Islandia, W\u0142ochy, \u0141otwa, Litwa, Holandia, Norwegia, S\u0142owenia, Hiszpania i Szwecja.<\/p>\n<p>Chocia\u017c Eurojackpot ma 18 kraj\u00f3w, kt\u00f3re s\u0105 cz\u0142onkami loterii, kupony s\u0105 sprzedawane w niekt\u00f3rych nieuczestnicz\u0105cych krajach na kontynencie. Gracze w ka\u017cdym z tych kraj\u00f3w mog\u0105 wej\u015b\u0107 do ka\u017cdego sprzedawcy loterii i kupi\u0107 kupony loteryjne. To nie jest przypadek dla tych graczy spoza Europy, kt\u00f3rzy chc\u0105 wej\u015b\u0107 do Eurojackpot.<\/p>\n<h2>Co zrobi\u0107, je\u015bli mieszkasz poza Europ\u0105<\/h2>\n<p>Je\u015bli mieszkasz poza kontynentem i chcesz wzi\u0105\u0107 udzia\u0142 w Eurojackpot, najlepsz\u0105 opcj\u0105 jest przej\u015bcie do trybu online. Mo\u017cesz to zrobi\u0107 zar\u00f3wno przez stron\u0119 internetow\u0105, jak i na urz\u0105dzeniu mobilnym. To, co musisz zrobi\u0107, to znale\u017a\u0107 stron\u0119 loterii, kupi\u0107 bilet i wej\u015b\u0107 do losowania. Nast\u0119pnie poczekaj, aby zobaczy\u0107, czy wygra\u0142e\u015b. Jest to prosty proces, ale jest kilka rzeczy, na kt\u00f3re nale\u017cy zwr\u00f3ci\u0107 uwag\u0119.<\/p>\n<p>Wej\u015bcia do Eurojackpot s\u0105 sprzedawane na kilku stronach w Internecie, ale wa\u017cne jest, aby szuka\u0107 legalnego sprzedawcy online. Internet daje dost\u0119p do niesamowitych mi\u0119dzynarodowych loterii, nie tylko Eurojackpot. Musisz jednak mie\u0107 pewno\u015b\u0107, \u017ce wszed\u0142e\u015b do Eurojackpot w przeciwie\u0144stwie do zak\u0142ad\u00f3w przeciwko wynikowi loterii. Tak, jest to r\u00f3\u017cnica.<\/p>\n<section class=\"layout\" style=\"border: solid 1px; width: 100%;\">\n<div class=\"img-div\" style=\"margin-top: 5px;\"><img decoding=\"async\" class=\"wp-image-17212 alignleft\" style=\"height: 45px; margin: 8px 8px 0px;\" src=\"https:\/\/jackpotlotteryonline.com\/wp-content\/uploads\/2022\/11\/read1.jpg\" alt=\"Czytaj\" width=\"\" height=\"\" \/><\/div>\n<div style=\"padding-left: 5px;\">\n<div style=\"font-size: 1.1em;\">\n<p><strong>Kt\u00f3ra mi\u0119dzynarodowa loteria jest najlepsza?<\/strong><\/p>\n<p style=\"font-size: 0.85em; margin-top: -1.5em;\">Kt\u00f3re z Mi\u0119dzynarodowych Loterii maj\u0105 najwi\u0119ksze szanse na wygran\u0105 <a href=\"https:\/\/jackpotlotteryonline.com\/pl\/ktora-loteria-miedzynarodowa-jest-najlepsza\">\u00a0wi\u0119cej<\/a><\/p>\n<\/div>\n<\/div>\n<\/section>\n<h2>Gdzie zdoby\u0107 bilety na Eurojackpot<\/h2>\n<p>Kiedy wejdziesz do Internetu, aby wyszuka\u0107 sprzedawc\u0119 Eurojackpot, nie spiesz si\u0119 z zakupem wej\u015bci\u00f3wki do Eurojackpot, chyba \u017ce wiesz, \u017ce jest to strona concierge. Strony takie jak ta daj\u0105 graczom dost\u0119p do najlepszych mi\u0119dzynarodowych loterii jak Eurojackpot poprzez dostarczanie kupon\u00f3w loteryjnych.<\/p>\n<p>Jest mo\u017cliwe, aby kupi\u0107 kupon Eurojackpot przez internet, a mimo to nie by\u0107 wprowadzonym do loterii. To dlatego, \u017ce te strony tylko niech graczy na wynik loterii. Na jackpotlotteryonline.com, zapewniamy, \u017ce wejdziesz do loterii Eurojackpot z dowolnego miejsca.<\/p>\n<p>Kiedy kupisz od nas wpis, nasi agenci na stronie wyjd\u0105 i kupi\u0105 fizyczny kupon Eurojackpot z odpowiednimi numerami. W ten spos\u00f3b, nawet je\u015bli nie jeste\u015b fizycznie obecny w kraju, nadal jeste\u015b wpisany do Eurojackpot. Je\u015bli Tw\u00f3j odcinek pasuje do wylosowanych numer\u00f3w, wygrasz nagrod\u0119. Nie musisz si\u0119 r\u00f3wnie\u017c martwi\u0107 o odebranie nagrody Eurojackpot, poniewa\u017c my zajmiemy si\u0119 tym za Ciebie. Wszystko, co musisz zrobi\u0107, to wyp\u0142aci\u0107 nagrod\u0119 z naszej platformy na swoje konto online.<\/p>\n<h2>Korzy\u015bci z rejestracji z jackpotteryonline.com<\/h2>\n<p><img loading=\"lazy\" decoding=\"async\" class=\"alignright size-medium wp-image-28886\" src=\"https:\/\/jackpotlotteryonline.com\/wp-content\/uploads\/2022\/11\/1_pick_for_eurojackpot-300x100.jpg\" alt=\"bilet eurojackpot\" width=\"300\" height=\"100\" srcset=\"https:\/\/jackpotlotteryonline.com\/wp-content\/uploads\/2022\/11\/1_pick_for_eurojackpot-300x100.jpg 300w, https:\/\/jackpotlotteryonline.com\/wp-content\/uploads\/2022\/11\/1_pick_for_eurojackpot-600x200.jpg 600w, https:\/\/jackpotlotteryonline.com\/wp-content\/uploads\/2022\/11\/1_pick_for_eurojackpot.jpg 734w\" sizes=\"auto, (max-width: 300px) 100vw, 300px\" \/><\/p>\n<p>Jackpotlotteryonline.com jest stron\u0105 concierge, dlatego umo\u017cliwiamy naszym klientom wej\u015bcie na loterie z ca\u0142ego \u015bwiata. Wierzymy, \u017ce Eurojackpot powinien by\u0107 dost\u0119pny dla ka\u017cdego, kto jest pe\u0142noletni i zdolny do gry, dlatego przenie\u015bli\u015bmy t\u0119 pasj\u0119 do naszego serwisu. Kiedy zarejestrujesz si\u0119 u nas, oto co otrzymasz:<\/p>\n<ul>\n<li>Dost\u0119p do ponad dw\u00f3ch tuzin\u00f3w mi\u0119dzynarodowych loterii, w tym Eurojackpot<\/li>\n<li>Bezproblemowy spos\u00f3b na gr\u0119 na loterii<\/li>\n<li>Mo\u017cesz gra\u0107 na wielu loteriach i bra\u0107 udzia\u0142 w kilku losowaniach w jednym miejscu<\/li>\n<li>Nie musisz \u015bledzi\u0107 wszystkich swoich kupon\u00f3w Eurojackpot, my robimy to za Ciebie.<\/li>\n<li>\u015aledzimy r\u00f3wnie\u017c Twoje wygrane i ostrzegamy Ci\u0119, aby\u015b nie przegapi\u0142 mo\u017cliwo\u015bci odebrania nagrody.<\/li>\n<li>\u0141atwo wyp\u0142aci\u0107 swoje nagrody z naszej platformy na swoje konto online<\/li>\n<\/ul>\n<p>Skupiamy si\u0119 na tym, aby\u015b mia\u0142 przyjemne do\u015bwiadczenie podczas gry na loterii. Dostosowali\u015bmy nasze us\u0142ugi i nadal udoskonalamy proces, aby by\u0142 on bardziej intuicyjny dla naszych graczy.<\/p>\n<h2>Wykonaj nast\u0119puj\u0105ce kroki, aby wej\u015b\u0107 do Eurojackpot<\/h2>\n<p><strong>Krok 1:<\/strong> odwied\u017a stron\u0119 jackpotlotteryonline.com i przejd\u017a do loterii, w kt\u00f3r\u0105 chcesz wej\u015b\u0107, w tym przypadku Eurojackpot. Kliknij na ni\u0105.<\/p>\n<p><strong>Krok 2:<\/strong> Wybierz 5 g\u0142\u00f3wnych numer\u00f3w i 2 dodatkowe numery. Mo\u017cesz wybra\u0107 kilka linii wej\u015bciowych, aby zwi\u0119kszy\u0107 swoje szanse na wygran\u0105 w Eurojackpot. Je\u015bli nie masz konkretnego numeru, u\u017cyj &#8220;Quick Pick All&#8221;, aby przyspieszy\u0107 proces wyboru.<\/p>\n<p><strong>Krok 3:<\/strong> Wybierz rodzaj biletu, kt\u00f3ry chcesz kupi\u0107. Mo\u017cesz otrzyma\u0107 pojedynczy lub zakupi\u0107 multi-draw, kt\u00f3ry pozwoli Ci wej\u015b\u0107 do wielu losowa\u0144. Ponownie, wej\u015bcie do wielu losowa\u0144 daje wi\u0119ksz\u0105 szans\u0119 na wygranie Eurojackpot.<\/p>\n<p><strong>Krok 4:<\/strong> Przejd\u017a do strony p\u0142atno\u015bci. Na stronie p\u0142atno\u015bci, zostaniesz poproszony o zarejestrowanie si\u0119. Pow\u00f3d tego jest potr\u00f3jny:<\/p>\n<ol>\n<li>Aby upewni\u0107 si\u0119, \u017ce zawsze masz dost\u0119p do swojego kuponu Eurojackpot, poniewa\u017c tylko w ten spos\u00f3b mo\u017cesz odebra\u0107 nagrod\u0119<\/li>\n<li>Aby\u015bmy mogli Ci\u0119 powiadomi\u0107, je\u015bli wygrasz Eurojackpot lub kt\u00f3r\u0105\u015b z nagr\u00f3d w innych kategoriach. Zrobimy to poprzez platform\u0119, a tak\u017ce poprzez Tw\u00f3j e-mail.<\/li>\n<li>Aby u\u0142atwi\u0107 Ci odebranie i wyp\u0142acenie nagrody.<\/li>\n<\/ol>\n<p>To wszystko. Wej\u015bcie do Eurojackpot z dowolnego miejsca jest tak proste, jak wykonanie tych trzech krok\u00f3w. Teraz mo\u017cesz cieszy\u0107 si\u0119 bezpiecznymi i bezproblemowymi zak\u0142adami z zacisza swojego komputera lub urz\u0105dzenia mobilnego.<\/p>\n<p>Dlaczego nie zarejestrujesz si\u0119 u nas ju\u017c dzi\u015b, aby kupi\u0107 losy Eurojackpot spoza Europy? Gra na loterii jest ekscytuj\u0105ca i nigdy nie wiesz, kiedy b\u0119dziesz mia\u0142 szcz\u0119\u015bcie. Je\u015bli chcia\u0142by\u015b mie\u0107 szans\u0119 zosta\u0107 milionerem, wejd\u017a do Internetu i we\u017a udzia\u0142 w Eurojackpot ju\u017c dzi\u015b.<\/p>\n","protected":false},"excerpt":{"rendered":"<p>O EuroJackpot Eurojackpot ma jedn\u0105 ekscytuj\u0105c\u0105 cech\u0119, kt\u00f3r\u0105 powiniene\u015b zna\u0107: Zawsze, gdy jackpot osi\u0105ga 90 milion\u00f3w, istnieje limit wygranej, kt\u00f3r\u0105 mo\u017cesz wygra\u0107. Oznacza to, \u017ce wszystkie \u015brodki ze sprzeda\u017cy bilet\u00f3w przekraczaj\u0105ce 90 milion\u00f3w euro zostan\u0105 dodane do ceny drugiego stopnia. Ta cena drugiego stopnia b\u0119dzie wtedy znacznie wy\u017csza. Bior\u0105c pod uwag\u0119, \u017ce masz 10 razy [&hellip;]<\/p>\n","protected":false},"author":1,"featured_media":0,"parent":35770,"menu_order":4,"comment_status":"closed","ping_status":"closed","template":"eurojackpot-info.php","meta":{"_et_pb_use_builder":"","_et_pb_old_content":"","_et_gb_content_width":"","exclude_from_search":false,"footnotes":""},"class_list":["post-36529","page","type-page","status-publish","hentry"],"yoast_head":"<!-- This site is optimized with the Yoast SEO plugin v23.3 - https:\/\/yoast.com\/wordpress\/plugins\/seo\/ -->\n<title>Kup bilety na Eurojackpot spoza Europy | Kup bilety online<\/title>\n<meta name=\"description\" content=\"W niekt\u00f3rych krajach europejskich, mo\u017cesz kupi\u0107 bilety na Eurojackpot w sklepie. Ale tutaj mo\u017cna uzyska\u0107 bilety nawet spoza Europy\" \/>\n<meta name=\"robots\" content=\"index, follow, max-snippet:-1, max-image-preview:large, max-video-preview:-1\" \/>\n<link rel=\"canonical\" href=\"https:\/\/jackpotlotteryonline.com\/buy-tickets\/eurojackpot\/\" \/>\n<meta property=\"og:locale\" content=\"pl_PL\" \/>\n<meta property=\"og:type\" content=\"article\" \/>\n<meta property=\"og:title\" content=\"Kup bilety na Eurojackpot spoza Europy | Kup bilety online\" \/>\n<meta property=\"og:description\" content=\"W niekt\u00f3rych krajach europejskich, mo\u017cesz kupi\u0107 bilety na Eurojackpot w sklepie. Ale tutaj mo\u017cna uzyska\u0107 bilety nawet spoza Europy\" \/>\n<meta property=\"og:url\" content=\"https:\/\/jackpotlotteryonline.com\/buy-tickets\/eurojackpot\/\" \/>\n<meta property=\"og:site_name\" content=\"Lotto Online - Crack The International Lottery Jackpots\" \/>\n<meta property=\"article:modified_time\" content=\"2023-01-03T20:07:22+00:00\" \/>\n<meta property=\"og:image\" content=\"https:\/\/jackpotlotteryonline.com\/wp-content\/uploads\/2022\/11\/1_buy_eurojackpot_ticket-300x99.jpg\" \/>\n<meta name=\"twitter:card\" content=\"summary_large_image\" \/>\n<meta name=\"twitter:label1\" content=\"Szacowany czas czytania\" \/>\n\t<meta name=\"twitter:data1\" content=\"5 minut\" \/>\n<!-- \/ Yoast SEO plugin. -->","yoast_head_json":{"title":"Kup bilety na Eurojackpot spoza Europy | Kup bilety online","description":"W niekt\u00f3rych krajach europejskich, mo\u017cesz kupi\u0107 bilety na Eurojackpot w sklepie. Ale tutaj mo\u017cna uzyska\u0107 bilety nawet spoza Europy","robots":{"index":"index","follow":"follow","max-snippet":"max-snippet:-1","max-image-preview":"max-image-preview:large","max-video-preview":"max-video-preview:-1"},"canonical":"https:\/\/jackpotlotteryonline.com\/buy-tickets\/eurojackpot\/","og_locale":"pl_PL","og_type":"article","og_title":"Kup bilety na Eurojackpot spoza Europy | Kup bilety online","og_description":"W niekt\u00f3rych krajach europejskich, mo\u017cesz kupi\u0107 bilety na Eurojackpot w sklepie. Ale tutaj mo\u017cna uzyska\u0107 bilety nawet spoza Europy","og_url":"https:\/\/jackpotlotteryonline.com\/buy-tickets\/eurojackpot\/","og_site_name":"Lotto Online - Crack The International Lottery Jackpots","article_modified_time":"2023-01-03T20:07:22+00:00","og_image":[{"url":"https:\/\/jackpotlotteryonline.com\/wp-content\/uploads\/2022\/11\/1_buy_eurojackpot_ticket-300x99.jpg"}],"twitter_card":"summary_large_image","twitter_misc":{"Szacowany czas czytania":"5 minut"},"schema":{"@context":"https:\/\/schema.org","@graph":[{"@type":"WebPage","@id":"https:\/\/jackpotlotteryonline.com\/buy-tickets\/eurojackpot\/","url":"https:\/\/jackpotlotteryonline.com\/buy-tickets\/eurojackpot\/","name":"Kup bilety na Eurojackpot spoza Europy | Kup bilety online","isPartOf":{"@id":"https:\/\/jackpotlotteryonline.com\/#website"},"primaryImageOfPage":{"@id":"https:\/\/jackpotlotteryonline.com\/buy-tickets\/eurojackpot\/#primaryimage"},"image":{"@id":"https:\/\/jackpotlotteryonline.com\/buy-tickets\/eurojackpot\/#primaryimage"},"thumbnailUrl":"https:\/\/jackpotlotteryonline.com\/wp-content\/uploads\/2022\/11\/1_buy_eurojackpot_ticket-300x99.jpg","datePublished":"2022-11-07T10:29:28+00:00","dateModified":"2023-01-03T20:07:22+00:00","description":"W niekt\u00f3rych krajach europejskich, mo\u017cesz kupi\u0107 bilety na Eurojackpot w sklepie. Ale tutaj mo\u017cna uzyska\u0107 bilety nawet spoza Europy","breadcrumb":{"@id":"https:\/\/jackpotlotteryonline.com\/buy-tickets\/eurojackpot\/#breadcrumb"},"inLanguage":"pl-PL","potentialAction":[{"@type":"ReadAction","target":["https:\/\/jackpotlotteryonline.com\/buy-tickets\/eurojackpot\/"]}]},{"@type":"ImageObject","inLanguage":"pl-PL","@id":"https:\/\/jackpotlotteryonline.com\/buy-tickets\/eurojackpot\/#primaryimage","url":"https:\/\/jackpotlotteryonline.com\/wp-content\/uploads\/2022\/11\/1_buy_eurojackpot_ticket-300x99.jpg","contentUrl":"https:\/\/jackpotlotteryonline.com\/wp-content\/uploads\/2022\/11\/1_buy_eurojackpot_ticket-300x99.jpg"},{"@type":"BreadcrumbList","@id":"https:\/\/jackpotlotteryonline.com\/buy-tickets\/eurojackpot\/#breadcrumb","itemListElement":[{"@type":"ListItem","position":1,"name":"Home","item":"https:\/\/jackpotlotteryonline.com\/pl\/"},{"@type":"ListItem","position":2,"name":"Jak kupi\u0107 bilety na loteri\u0119 online","item":"https:\/\/jackpotlotteryonline.com\/buy-tickets\/"},{"@type":"ListItem","position":3,"name":"Kup bilety na Eurojackpot spoza kraj\u00f3w uczestnicz\u0105cych w programie"}]},{"@type":"WebSite","@id":"https:\/\/jackpotlotteryonline.com\/#website","url":"https:\/\/jackpotlotteryonline.com\/","name":"Lotto Online - Crack The International Lottery Jackpots","description":"","potentialAction":[{"@type":"SearchAction","target":{"@type":"EntryPoint","urlTemplate":"https:\/\/jackpotlotteryonline.com\/?s={search_term_string}"},"query-input":"required name=search_term_string"}],"inLanguage":"pl-PL"}]}},"_links":{"self":[{"href":"https:\/\/jackpotlotteryonline.com\/pl\/wp-json\/wp\/v2\/pages\/36529","targetHints":{"allow":["GET"]}}],"collection":[{"href":"https:\/\/jackpotlotteryonline.com\/pl\/wp-json\/wp\/v2\/pages"}],"about":[{"href":"https:\/\/jackpotlotteryonline.com\/pl\/wp-json\/wp\/v2\/types\/page"}],"author":[{"embeddable":true,"href":"https:\/\/jackpotlotteryonline.com\/pl\/wp-json\/wp\/v2\/users\/1"}],"replies":[{"embeddable":true,"href":"https:\/\/jackpotlotteryonline.com\/pl\/wp-json\/wp\/v2\/comments?post=36529"}],"version-history":[{"count":0,"href":"https:\/\/jackpotlotteryonline.com\/pl\/wp-json\/wp\/v2\/pages\/36529\/revisions"}],"up":[{"embeddable":true,"href":"https:\/\/jackpotlotteryonline.com\/pl\/wp-json\/wp\/v2\/pages\/35770"}],"wp:attachment":[{"href":"https:\/\/jackpotlotteryonline.com\/pl\/wp-json\/wp\/v2\/media?parent=36529"}],"curies":[{"name":"wp","href":"https:\/\/api.w.org\/{rel}","templated":true}]}}