{"id":36581,"date":"2022-11-07T14:14:48","date_gmt":"2022-11-07T14:14:48","guid":{"rendered":"https:\/\/jackpotlotteryonline.com\/?page_id=36581"},"modified":"2023-01-03T20:28:57","modified_gmt":"2023-01-03T20:28:57","slug":"superenalotto","status":"publish","type":"page","link":"https:\/\/jackpotlotteryonline.com\/pl\/kupic-bilety\/superenalotto\/","title":{"rendered":"Kup bilety na Superenalotto"},"content":{"rendered":"<h2>Dlaczego Superenalotto?<\/h2>\n<p>Czy zastanawia\u0142e\u015b si\u0119 jak mo\u017cesz kupi\u0107 losy Superenalotto spoza W\u0142och? Superenalotto jest jedn\u0105 z bardziej popularnych loterii na kontynencie europejskim. Nic dziwnego, \u017ce gracze z ca\u0142ego \u015bwiata regularnie obstawiaj\u0105 zak\u0142ady na tej loterii.<\/p>\n<p>Na jackpotlotteryonline.com dajemy graczom dost\u0119p do najlepszych mi\u0119dzynarodowych loterii jak Superenalotto. Umo\u017cliwiamy zakup bilet\u00f3w, sprawdzenie wynik\u00f3w losowania i dost\u0119p do wygranych.<\/p>\n<p>Przy rozprzestrzenianiu si\u0119 globalnych loterii, dlaczego gracz mia\u0142by zdecydowa\u0107 si\u0119 na postawienie zak\u0142adu na Superenalotto? Poruszymy niekt\u00f3re z powod\u00f3w, dla kt\u00f3rych Superenalotto szybko staje si\u0119 loteri\u0105 z wyboru w\u015br\u00f3d graczy. Je\u015bli spieszysz si\u0119 z postawieniem zak\u0142adu, mo\u017cesz odwiedzi\u0107 nas teraz, aby mie\u0107 szans\u0119 na wielk\u0105 wygran\u0105 w Superenalotto.<\/p>\n<h2>Superenalotto ma niesamowite jackpoty<\/h2>\n<p>Powodem numer jeden, dla kt\u00f3rego gracze kochaj\u0105 w\u0142oskie Superenalotto, jest prawdopodobnie niesamowity jackpot. Co ciekawe, jackpot zaczyna si\u0119 od minimalnej kwoty 2 milion\u00f3w euro. Nie wydaje si\u0119 to imponuj\u0105ce, je\u015bli we\u017amiemy pod uwag\u0119, \u017ce wiele loterii oferuje tak\u0105 kwot\u0119.<\/p>\n<p>Punktem sprzeda\u017cy jest jednak to, \u017ce nie ma limitu na jackpota Superenalotto. Je\u015bli nie ma zwyci\u0119zcy po losowaniu, kumulacja przechodzi na drug\u0105 stron\u0119, a\u017c do momentu wy\u0142onienia zwyci\u0119zcy. Aby to jeszcze bardziej podkre\u015bli\u0107, loteria Superenalotto ma <a href=\"https:\/\/jackpotlotteryonline.com\/pl\/zwycieskie-numery\/superenalotto\">trzy losowania w tygodniu.<\/a> Nie ma prawie \u017cadnych ogranicze\u0144 co do tego, ile razy jackpot mo\u017ce si\u0119 przewr\u00f3ci\u0107.<\/p>\n<p>W rzeczywisto\u015bci, jackpot przetoczy\u0142 si\u0119 tak wiele razy kilka lat wstecz, \u017ce rekordowy jackpot wyni\u00f3s\u0142 \u20ac209.1 mln w 2019 roku.<\/p>\n<h2>Czy wspomnieli\u015bmy o trzech losowaniach w tygodniu?<\/h2>\n<p>Kiedy grasz w Superenalotto, masz trzy szanse na wielk\u0105 wygran\u0105 w ka\u017cdym tygodniu. To dlatego, \u017ce loteria Superenalotto odbywa swoje losowania trzy razy w tygodniu we wtorki, czwartki i soboty.<\/p>\n<p>Oznacza to, \u017ce je\u015bli nie ma zwyci\u0119zcy, kwota jackpota ro\u015bnie szybciej. Jackpot Superenalotto mo\u017ce potroi\u0107 si\u0119 w wielko\u015bci w ci\u0105gu zaledwie jednego kr\u00f3tkiego tygodnia. To wystarczy, aby uzyska\u0107 punters po\u015bpiechu do umieszczenia ich zak\u0142ad\u00f3w.<\/p>\n<p>Nie chcesz straci\u0107 na nast\u0119pnym losowaniu? Dlaczego nie uda\u0107 si\u0119 na stron\u0119 jackpotlotteryonline.com i postawi\u0107 zak\u0142ad na Superenalotto teraz? Nigdy nie wiadomo, kiedy szcz\u0119\u015bcie b\u0119dzie Ci sprzyja\u0107.<\/p>\n<h2>Top 5 zwyci\u0119zc\u00f3w Superenalotto<\/h2>\n<p><img loading=\"lazy\" decoding=\"async\" class=\"alignright size-full wp-image-31316\" src=\"https:\/\/jackpotlotteryonline.com\/wp-content\/uploads\/2022\/11\/logo_superenalotto.png\" alt=\"Superenalotto loterii pi\u0142k\u0119\" width=\"200\" height=\"212\" \/><\/p>\n<p>Nadal nie jeste\u015b pewien, czy chcesz postawi\u0107 zak\u0142ad na loterii Superenalotto? Nie ma problemu. Z pewno\u015bci\u0105 zach\u0119ci Ci\u0119 do tego, gdy przeczytasz, jakie kwoty zgarn\u0119li poprzedni zwyci\u0119zcy.<\/p>\n<p>Najwi\u0119kszy jackpot zosta\u0142 wygrany w 2019 roku przez syndykat loterii, a kwota wynios\u0142a 209,1 mln euro. Wspomnieli\u015bmy ju\u017c o tym kr\u00f3tko, ale jest jeszcze co\u015b, o czym nie wspomnieli\u015bmy. Ten jackpot zosta\u0142 wygrany przez jednego posiadacza biletu. Czy wyobra\u017casz sobie powr\u00f3t do domu z ponad dwustu milionami euro?<\/p>\n<p>Drugi najwi\u0119kszy jackpot zosta\u0142 wygrany przez syndykat loterii w 2010 roku, a kwota wynios\u0142a 177,7 mln euro. Nast\u0119pnie jackpot w wysoko\u015bci 163,5 mln euro, kt\u00f3ry zosta\u0142 wygrany przez pojedynczy bilet w 2016 roku. Nast\u0119pny najwi\u0119kszy jackpot zosta\u0142 wygrany przez innego posiadacza pojedynczego biletu w 2009 roku i kwota wynosi\u0142a 147,8 mln euro. Wreszcie dwa bilety podzieli\u0142y si\u0119 wygran\u0105 w wysoko\u015bci 139 milion\u00f3w euro w 2010 roku.<\/p>\n<h2>Jak gra\u0107 w Superenalotto<\/h2>\n<p><a href=\"https:\/\/jackpotlotteryonline.com\/pl\/jak-grac\/superenalotto\">Aby zagra\u0107 w Superenalotto<\/a>, wybierz sze\u015b\u0107 g\u0142\u00f3wnych liczb pomi\u0119dzy 1 a 90. Mo\u017cesz wybra\u0107 wiele linii numer\u00f3w, aby zwi\u0119kszy\u0107 swoje szanse na wygran\u0105 w loterii. Nast\u0119pnie wybierz liczb\u0119 losowa\u0144, w kt\u00f3rych chcesz wzi\u0105\u0107 udzia\u0142. Mo\u017cesz zdecydowa\u0107 si\u0119 na wej\u015bcie w ka\u017cde losowanie co tydzie\u0144 przez kolejne 5 tygodni, je\u015bli tak zdecydujesz. Im wi\u0119cej losowa\u0144 we\u017amiesz udzia\u0142, tym wi\u0119ksze s\u0105 Twoje szanse na zdobycie nagrody.<\/p>\n<p>Ponadto, istnieje tak zwana SuperStar, kt\u00f3ra jest opcj\u0105, kt\u00f3ra pomaga zwi\u0119kszy\u0107 Twoje szanse na wygran\u0105. Mo\u017cesz r\u00f3wnie\u017c kupi\u0107 &#8220;Jolly number&#8221;, kt\u00f3ry jest wybierany z zakresu od 1 do 90. Numer Jolly nie ma wp\u0142ywu na jackpota, ale jest u\u017cywany do decydowania o zwyci\u0119zcy drugiej kategorii nagr\u00f3d.<\/p>\n<p>Po wybraniu swoich numer\u00f3w, zap\u0142a\u0107 za bilet i czekaj na losowanie. Kiedy zarejestrujesz si\u0119 u nas, zautomatyzujemy ten proces, aby zapewni\u0107 Ci bardziej bezproblemowe do\u015bwiadczenie. Zdejmujemy z Ciebie stres, aby\u015b m\u00f3g\u0142 cieszy\u0107 si\u0119 zabaw\u0105 bez \u017cadnych k\u0142opot\u00f3w.<\/p>\n<section class=\"layout\" style=\"border: solid 1px; width: 100%;\">\n<div class=\"img-div\" style=\"margin-top: 5px;\"><img decoding=\"async\" class=\"wp-image-17212 alignleft\" style=\"height: 45px; margin: 8px 8px 0px;\" src=\"https:\/\/jackpotlotteryonline.com\/wp-content\/uploads\/2022\/11\/read1.jpg\" alt=\"czytaj\" width=\"\" height=\"\" \/><\/div>\n<div style=\"padding-left: 5px;\">\n<div style=\"font-size: 1.1em;\">\n<p><strong>Wybierz zwyci\u0119skie numery lotto r\u0119cznie lub za pomoc\u0105 RNG<\/strong><\/p>\n<p style=\"font-size: 0.85em; margin-top: -1.5em;\">Jak wygenerowa\u0107 zwyci\u0119skie numery lotto?\u00a0\u00a0<a href=\"https:\/\/jackpotlotteryonline.com\/pl\/jak-wygenerowac-zwycieskie-numery-lotto\"> wi\u0119cej<\/a><\/p>\n<\/div>\n<\/div>\n<\/section>\n<h2>Jakie s\u0105 szanse na wygran\u0105 w Superenalotto?<\/h2>\n<p>Og\u00f3lnie rzecz bior\u0105c, loteria nie jest znana z tego, \u017ce ma du\u017ce szanse dla graczy. Prawda jest taka, \u017ce szanse na wygran\u0105 nie s\u0105 zbyt wysokie. Co ciekawe, dzi\u0119ki temu gra w loteri\u0119 jest o wiele bardziej ekscytuj\u0105ca. Poniewa\u017c wygrana, gdy wydaje si\u0119, \u017ce szanse nie s\u0105 na Twoj\u0105 korzy\u015b\u0107, daje graczom hajs. Jest to r\u00f3wnie\u017c wspania\u0142y spos\u00f3b, aby wiedzie\u0107, \u017ce masz szcz\u0119\u015bcie po swojej stronie.<\/p>\n<p>Szanse na wygranie jackpota Superenalotto wynosz\u0105 1 na 622,614,630. Jest jednak 6 kategorii nagr\u00f3d oraz kategoria Instant win o warto\u015bci 25\u20ac. Je\u015bli we\u017amiesz to pod uwag\u0119, to szansa na wygranie jakiejkolwiek nagrody wynosi 1 do 16.<\/p>\n<p>Ka\u017cdy gracz zgodzi si\u0119, \u017ce s\u0105 to niesamowite szanse, kt\u00f3re faworyzuj\u0105 gracza.<\/p>\n<h2>Kategorie nagr\u00f3d Superenalotto<\/h2>\n<p><img loading=\"lazy\" decoding=\"async\" class=\"size-medium wp-image-35376 alignright\" src=\"https:\/\/jackpotlotteryonline.com\/wp-content\/uploads\/2022\/11\/2_ticket_superenalotto4-1-211x300.jpg\" alt=\"Superenalotto bilet nagrody\" width=\"211\" height=\"300\" srcset=\"https:\/\/jackpotlotteryonline.com\/wp-content\/uploads\/2022\/11\/2_ticket_superenalotto4-1-211x300.jpg 211w, https:\/\/jackpotlotteryonline.com\/wp-content\/uploads\/2022\/11\/2_ticket_superenalotto4-1.jpg 300w\" sizes=\"auto, (max-width: 211px) 100vw, 211px\" \/><\/p>\n<p>Podczas losowa\u0144 sze\u015b\u0107 liczb jest losowo wybieranych z b\u0119bna, w kt\u00f3rym znajduj\u0105 si\u0119 kulki z numerami od 1 do 90. Ka\u017cdy bilet, kt\u00f3ry pasuje do wylosowanych numer\u00f3w wygrywa jackpot.<\/p>\n<p>Superenalotto jackpot zaczyna si\u0119 od \u20ac 2 milion\u00f3w, ale zwykle ko\u0144czy si\u0119 znacznie wy\u017cej, poniewa\u017c toczy si\u0119. Pozosta\u0142e kategorie nagr\u00f3d s\u0105 ustalane w zale\u017cno\u015bci od procentu dost\u0119pnych \u015brodk\u00f3w. Nie jest wi\u0119c mo\u017cliwe, jaka kwota zosta\u0142aby rozdzielona podczas ka\u017cdego losowania.<\/p>\n<p>6 liczb &#8211; jackpot (17,4% wszystkich \u015brodk\u00f3w)<br \/>\n5 + Weso\u0142y Numer &#8211; 13%<br \/>\n5 liczb &#8211; 4,2%<br \/>\n4 liczby &#8211; 4,2%<br \/>\n3 liczby &#8211; 12,8%<br \/>\n2 liczby &#8211; 40%<\/p>\n<p>Aby uzyska\u0107 lepsz\u0105 perspektyw\u0119, oto \u015brednia kwota na losowanie.<\/p>\n<p>6 liczb &#8211; \u20ac92,056,091.66<br \/>\n5 + Jolly numer &#8211; \u20ac594,951.95<br \/>\n5 liczb &#8211; \u20ac49,736.38<br \/>\n4 liczby &#8211; \u20ac354.83<br \/>\n3 liczby &#8211; \u20ac27.15<br \/>\n2 liczby &#8211; \u20ac5.48<\/p>\n<h2>Zagraj w Superenalotto w Internecie<\/h2>\n<p>Superenalotto jest w\u0142osk\u0105 loteri\u0105, a zg\u0142oszenia sprzedawane s\u0105 tylko we W\u0142oszech. Tak wi\u0119c, je\u015bli mieszkasz poza W\u0142ochami jedynym sposobem, aby uzyska\u0107 dost\u0119p do Superenalotto by\u0142oby kupi\u0107 wpis online. Mo\u017cesz i\u015b\u0107, \u017ce od dostawcy loterii internetowych jak jackpotlotteryonline.com<\/p>\n<h2>Korzy\u015bci z zakupu Superenalotto wpisy online<\/h2>\n<ul>\n<li>Otrzymujesz szybki i natychmiastowy dost\u0119p do loterii<\/li>\n<li>Jest to super wygodne, poniewa\u017c nie musisz opuszcza\u0107 komfortu swojego domu<\/li>\n<li>Jest to r\u00f3wnie\u017c bezpieczniejsze, poniewa\u017c Tw\u00f3j bilet jest przechowywany cyfrowo. Jest to wa\u017cne, poniewa\u017c jest to jedyny spos\u00f3b, aby ubiega\u0107 si\u0119 o swoj\u0105 wygran\u0105.<\/li>\n<li>Nie musisz przegapi\u0107 swojej wygranej, poniewa\u017c powiadomimy Ci\u0119 natychmiast, gdy wygrasz jak\u0105kolwiek nagrod\u0119<\/li>\n<li>Mo\u017cesz \u0142atwo wyp\u0142aci\u0107 ka\u017cd\u0105 wygran\u0105 online bez wychodzenia z domu.<\/li>\n<\/ul>\n<h2>Zarejestruj si\u0119 u nas, aby gra\u0107 w Superenalotto<\/h2>\n<p>Je\u015bli mieszkasz poza W\u0142ochami i chcesz kupi\u0107 dost\u0119p do loterii Superenalotto, mo\u017cesz to zrobi\u0107 rejestruj\u0105c si\u0119 u nas. Zapewniamy us\u0142ug\u0119 concierge, kt\u00f3ra daje natychmiastowy dost\u0119p do najlepszych mi\u0119dzynarodowych loterii, w tym Superenalotto.<\/p>\n<p>Naszym celem jest, aby do\u015bwiadczenie loterii by\u0142o przyjemne dla naszych klient\u00f3w. Bierzemy stres z prostych rzeczy, pozostawiaj\u0105c Ci cieszy\u0107 si\u0119 umieszczaj\u0105c swoje zak\u0142ady. Kup swoje bilety loteryjne z nami teraz na szans\u0119 wygra\u0107 du\u017ce na Superenalotto.<\/p>\n","protected":false},"excerpt":{"rendered":"<p>Dlaczego Superenalotto? Czy zastanawia\u0142e\u015b si\u0119 jak mo\u017cesz kupi\u0107 losy Superenalotto spoza W\u0142och? Superenalotto jest jedn\u0105 z bardziej popularnych loterii na kontynencie europejskim. Nic dziwnego, \u017ce gracze z ca\u0142ego \u015bwiata regularnie obstawiaj\u0105 zak\u0142ady na tej loterii. Na jackpotlotteryonline.com dajemy graczom dost\u0119p do najlepszych mi\u0119dzynarodowych loterii jak Superenalotto. Umo\u017cliwiamy zakup bilet\u00f3w, sprawdzenie wynik\u00f3w losowania i dost\u0119p do [&hellip;]<\/p>\n","protected":false},"author":1,"featured_media":0,"parent":35770,"menu_order":5,"comment_status":"closed","ping_status":"closed","template":"superenalotto.php","meta":{"_et_pb_use_builder":"","_et_pb_old_content":"","_et_gb_content_width":"","exclude_from_search":false,"footnotes":""},"class_list":["post-36581","page","type-page","status-publish","hentry"],"yoast_head":"<!-- This site is optimized with the Yoast SEO plugin v23.3 - https:\/\/yoast.com\/wordpress\/plugins\/seo\/ -->\n<title>Kup bilety Superenalotto spoza W\u0142och | Kup bilety online<\/title>\n<meta name=\"description\" content=\"Nie mieszkasz we W\u0142oszech, ale chcesz wzi\u0105\u0107 udzia\u0142 w Superenalotto? Zdob\u0105d\u017a bilet online na Superenalotto przez nas\" \/>\n<meta name=\"robots\" content=\"index, follow, max-snippet:-1, max-image-preview:large, max-video-preview:-1\" \/>\n<link rel=\"canonical\" href=\"https:\/\/jackpotlotteryonline.com\/buy-tickets\/superenalotto\/\" \/>\n<meta property=\"og:locale\" content=\"pl_PL\" \/>\n<meta property=\"og:type\" content=\"article\" \/>\n<meta property=\"og:title\" content=\"Kup bilety Superenalotto spoza W\u0142och | Kup bilety online\" \/>\n<meta property=\"og:description\" content=\"Nie mieszkasz we W\u0142oszech, ale chcesz wzi\u0105\u0107 udzia\u0142 w Superenalotto? Zdob\u0105d\u017a bilet online na Superenalotto przez nas\" \/>\n<meta property=\"og:url\" content=\"https:\/\/jackpotlotteryonline.com\/buy-tickets\/superenalotto\/\" \/>\n<meta property=\"og:site_name\" content=\"Lotto Online - Crack The International Lottery Jackpots\" \/>\n<meta property=\"article:modified_time\" content=\"2023-01-03T20:28:57+00:00\" \/>\n<meta property=\"og:image\" content=\"https:\/\/jackpotlotteryonline.com\/wp-content\/uploads\/2022\/11\/logo_superenalotto.png\" \/>\n<meta name=\"twitter:card\" content=\"summary_large_image\" \/>\n<meta name=\"twitter:label1\" content=\"Szacowany czas czytania\" \/>\n\t<meta name=\"twitter:data1\" content=\"6 minut\" \/>\n<!-- \/ Yoast SEO plugin. -->","yoast_head_json":{"title":"Kup bilety Superenalotto spoza W\u0142och | Kup bilety online","description":"Nie mieszkasz we W\u0142oszech, ale chcesz wzi\u0105\u0107 udzia\u0142 w Superenalotto? Zdob\u0105d\u017a bilet online na Superenalotto przez nas","robots":{"index":"index","follow":"follow","max-snippet":"max-snippet:-1","max-image-preview":"max-image-preview:large","max-video-preview":"max-video-preview:-1"},"canonical":"https:\/\/jackpotlotteryonline.com\/buy-tickets\/superenalotto\/","og_locale":"pl_PL","og_type":"article","og_title":"Kup bilety Superenalotto spoza W\u0142och | Kup bilety online","og_description":"Nie mieszkasz we W\u0142oszech, ale chcesz wzi\u0105\u0107 udzia\u0142 w Superenalotto? Zdob\u0105d\u017a bilet online na Superenalotto przez nas","og_url":"https:\/\/jackpotlotteryonline.com\/buy-tickets\/superenalotto\/","og_site_name":"Lotto Online - Crack The International Lottery Jackpots","article_modified_time":"2023-01-03T20:28:57+00:00","og_image":[{"url":"https:\/\/jackpotlotteryonline.com\/wp-content\/uploads\/2022\/11\/logo_superenalotto.png"}],"twitter_card":"summary_large_image","twitter_misc":{"Szacowany czas czytania":"6 minut"},"schema":{"@context":"https:\/\/schema.org","@graph":[{"@type":"WebPage","@id":"https:\/\/jackpotlotteryonline.com\/buy-tickets\/superenalotto\/","url":"https:\/\/jackpotlotteryonline.com\/buy-tickets\/superenalotto\/","name":"Kup bilety Superenalotto spoza W\u0142och | Kup bilety online","isPartOf":{"@id":"https:\/\/jackpotlotteryonline.com\/#website"},"primaryImageOfPage":{"@id":"https:\/\/jackpotlotteryonline.com\/buy-tickets\/superenalotto\/#primaryimage"},"image":{"@id":"https:\/\/jackpotlotteryonline.com\/buy-tickets\/superenalotto\/#primaryimage"},"thumbnailUrl":"https:\/\/jackpotlotteryonline.com\/wp-content\/uploads\/2022\/11\/logo_superenalotto.png","datePublished":"2022-11-07T14:14:48+00:00","dateModified":"2023-01-03T20:28:57+00:00","description":"Nie mieszkasz we W\u0142oszech, ale chcesz wzi\u0105\u0107 udzia\u0142 w Superenalotto? Zdob\u0105d\u017a bilet online na Superenalotto przez nas","breadcrumb":{"@id":"https:\/\/jackpotlotteryonline.com\/buy-tickets\/superenalotto\/#breadcrumb"},"inLanguage":"pl-PL","potentialAction":[{"@type":"ReadAction","target":["https:\/\/jackpotlotteryonline.com\/buy-tickets\/superenalotto\/"]}]},{"@type":"ImageObject","inLanguage":"pl-PL","@id":"https:\/\/jackpotlotteryonline.com\/buy-tickets\/superenalotto\/#primaryimage","url":"https:\/\/jackpotlotteryonline.com\/wp-content\/uploads\/2022\/11\/logo_superenalotto.png","contentUrl":"https:\/\/jackpotlotteryonline.com\/wp-content\/uploads\/2022\/11\/logo_superenalotto.png"},{"@type":"BreadcrumbList","@id":"https:\/\/jackpotlotteryonline.com\/buy-tickets\/superenalotto\/#breadcrumb","itemListElement":[{"@type":"ListItem","position":1,"name":"Home","item":"https:\/\/jackpotlotteryonline.com\/pl\/"},{"@type":"ListItem","position":2,"name":"Jak kupi\u0107 bilety na loteri\u0119 online","item":"https:\/\/jackpotlotteryonline.com\/buy-tickets\/"},{"@type":"ListItem","position":3,"name":"Kup bilety na Superenalotto"}]},{"@type":"WebSite","@id":"https:\/\/jackpotlotteryonline.com\/#website","url":"https:\/\/jackpotlotteryonline.com\/","name":"Lotto Online - Crack The International Lottery Jackpots","description":"","potentialAction":[{"@type":"SearchAction","target":{"@type":"EntryPoint","urlTemplate":"https:\/\/jackpotlotteryonline.com\/?s={search_term_string}"},"query-input":"required name=search_term_string"}],"inLanguage":"pl-PL"}]}},"_links":{"self":[{"href":"https:\/\/jackpotlotteryonline.com\/pl\/wp-json\/wp\/v2\/pages\/36581","targetHints":{"allow":["GET"]}}],"collection":[{"href":"https:\/\/jackpotlotteryonline.com\/pl\/wp-json\/wp\/v2\/pages"}],"about":[{"href":"https:\/\/jackpotlotteryonline.com\/pl\/wp-json\/wp\/v2\/types\/page"}],"author":[{"embeddable":true,"href":"https:\/\/jackpotlotteryonline.com\/pl\/wp-json\/wp\/v2\/users\/1"}],"replies":[{"embeddable":true,"href":"https:\/\/jackpotlotteryonline.com\/pl\/wp-json\/wp\/v2\/comments?post=36581"}],"version-history":[{"count":0,"href":"https:\/\/jackpotlotteryonline.com\/pl\/wp-json\/wp\/v2\/pages\/36581\/revisions"}],"up":[{"embeddable":true,"href":"https:\/\/jackpotlotteryonline.com\/pl\/wp-json\/wp\/v2\/pages\/35770"}],"wp:attachment":[{"href":"https:\/\/jackpotlotteryonline.com\/pl\/wp-json\/wp\/v2\/media?parent=36581"}],"curies":[{"name":"wp","href":"https:\/\/api.w.org\/{rel}","templated":true}]}}