{"id":36635,"date":"2022-11-08T08:18:40","date_gmt":"2022-11-08T08:18:40","guid":{"rendered":"https:\/\/jackpotlotteryonline.com\/?page_id=36635"},"modified":"2023-01-03T20:45:33","modified_gmt":"2023-01-03T20:45:33","slug":"el-gordo","status":"publish","type":"page","link":"https:\/\/jackpotlotteryonline.com\/pl\/kupic-bilety\/el-gordo\/","title":{"rendered":"Kup bilety na koncert El Gordo"},"content":{"rendered":"<h2>Niesamowita hiszpa\u0144ska loteria<\/h2>\n<p>El Gordo jest ju\u017c za rogiem i nie ka\u017cdy ma szcz\u0119\u015bcie mieszka\u0107 lub podr\u00f3\u017cowa\u0107 do Hiszpanii. Mimo to, gracze na ca\u0142ym \u015bwiecie s\u0105 podekscytowani my\u015bl\u0105 o udziale w zabawie i \u015bwi\u0119tach, kt\u00f3re towarzysz\u0105 tej loterii. Gracze, kt\u00f3rzy mieszkaj\u0105 poza granicami kraju r\u00f3wnie\u017c mog\u0105 wzi\u0105\u0107 udzia\u0142 w tej loterii, a my poka\u017cemy Ci jak to zrobi\u0107.<\/p>\n<p>Je\u015bli jeste\u015b nowy w<a href=\"https:\/\/jackpotlotteryonline.com\/pl\/jak-grac\/el-gordo\"> grze na loterii<\/a>, to mo\u017ce zainteresuje Ci\u0119 fakt, \u017ce jest to hiszpa\u0144ska loteria. Nazywa si\u0119 El Gordo, co oznacza &#8220;Gruby&#8221; z powodu du\u017cego jackpota. M\u00f3wi si\u0119, \u017ce jest to najwi\u0119kszy jackpot na \u015bwiecie.<\/p>\n<p>Wi\u0119c jak mo\u017cesz dosta\u0107 kawa\u0142ek akcji, nawet je\u015bli nie mieszkasz w Hiszpanii? Czytaj dalej, a my opowiemy Ci o tym wszystkim.<\/p>\n<h2>Jak kupi\u0107 bilety na El Gordo spoza Hiszpanii<\/h2>\n<p><img loading=\"lazy\" decoding=\"async\" class=\"size-full wp-image-17870 alignright\" src=\"https:\/\/jackpotlotteryonline.com\/wp-content\/uploads\/2022\/10\/lotto_euros.jpg\" alt=\"Kupi\u0107 El Gordo bilet online\" width=\"225\" height=\"134\" \/><\/p>\n<p>Naj\u0142atwiejszym sposobem na zakup bilet\u00f3w na loteri\u0119 El Gordo jest zakup przez internet od dostawcy loterii online, takiego jak jackpotlotteryonline.com. Zapewniamy bezproblemow\u0105 obs\u0142ug\u0119, kt\u00f3ra sprawia, \u017ce gra na najlepszych mi\u0119dzynarodowych loteriach jest bezproblemowym do\u015bwiadczeniem. Kiedy zarejestrujesz si\u0119 u nas, otrzymasz platform\u0119, kt\u00f3ra jest dostosowana do Twoich potrzeb.<\/p>\n<p>Chcemy zapewni\u0107, \u017ce nasi klienci do\u015bwiadczaj\u0105 przyjemno\u015bci, kt\u00f3ra p\u0142ynie z gry na loterii. Kiedy bierzesz udzia\u0142 w El Gordo, stajesz si\u0119 cz\u0119\u015bci\u0105 historii i tradycji. Ta hiszpa\u0144ska loteria znana jest r\u00f3wnie\u017c jako loteria \u015bwi\u0105teczna i bez niej ten sezon nie jest taki sam.<\/p>\n<p>Udzia\u0142 w hiszpa\u0144skiej loterii \u015bwi\u0105tecznej mo\u017ce by\u0107 nieco myl\u0105cy, je\u015bli jest to Tw\u00f3j pierwszy raz. W przeciwie\u0144stwie do innych loterii, nie mo\u017cna wybra\u0107 swoje numery. Ka\u017cdy kupon ma ju\u017c wydrukowane numery. Aby doda\u0107 do zamieszania, istnieje 100.000 numer\u00f3w w loterii El Gordo. Na jackpotlotteryonline.com, poprowadzimy Ci\u0119 przez ka\u017cdy krok.<\/p>\n<h2>Dlaczego powiniene\u015b wzi\u0105\u0107 udzia\u0142 w El Gordo<\/h2>\n<p>Jest kilka powod\u00f3w, dla kt\u00f3rych gracze na ca\u0142ym \u015bwiecie kochaj\u0105 El Gordo. Wspomnieli\u015bmy o tym, \u017ce jest ona przesi\u0105kni\u0119ta histori\u0105 i tradycj\u0105. Loteria odby\u0142a swoje pierwsze losowanie w 1812 roku, co oznacza, \u017ce ma ju\u017c ponad 200 lat. El Gordo jest drug\u0105 najstarsz\u0105 dzia\u0142aj\u0105c\u0105 loteri\u0105 na \u015bwiecie i sta\u0142a si\u0119 cz\u0119\u015bci\u0105 kultury Hiszpanii.<\/p>\n<p><a href=\"https:\/\/jackpotlotteryonline.com\/pl\/zwycieskie-numery\/el-gordo-draw-results\">Losowanie<\/a> odbywa si\u0119 22 grudnia ka\u017cdego roku, wi\u0119c jest to \u015bwietny spos\u00f3b na ubarwienie okresu \u015bwi\u0105tecznego. Samo losowanie to jeszcze jedna wielka sprawa, poniewa\u017c wyniki losowania s\u0105 wy\u015bpiewywane przez uczni\u00f3w szko\u0142y San Ildefonso. Czy wspominali\u015bmy ju\u017c, \u017ce El Gordo jest przesi\u0105kni\u0119te tradycj\u0105? Jest to z pewno\u015bci\u0105 co\u015b, na co starzy i nowi gracze czekaj\u0105 ka\u017cdego roku.<\/p>\n<p>Poza tym, El Gordo to loteria, kt\u00f3ra promuje i celebruje spo\u0142eczno\u015b\u0107. Kupony podzielone s\u0105 na kilka poddzia\u0142\u00f3w i do\u015b\u0107 cz\u0119sto mo\u017cna spotka\u0107 dzielnice, kt\u00f3re zapisuj\u0105 si\u0119 do danego poddzia\u0142u. Dlaczego wi\u0119c nie zrobi\u0107 czego\u015b specjalnego dla swojej rodziny i przyjaci\u00f3\u0142 wchodz\u0105c razem do El Gordo? Jest to wspania\u0142y spos\u00f3b na \u015bwi\u0119towanie Bo\u017cego Narodzenia.<\/p>\n<section class=\"layout\" style=\"border: solid 1px; width: 100%;\">\n<div class=\"img-div\" style=\"margin-top: 5px;\"><img decoding=\"async\" class=\"wp-image-17212 alignleft\" style=\"height: 45px; margin: 8px 8px 0px;\" src=\"https:\/\/jackpotlotteryonline.com\/wp-content\/uploads\/2022\/11\/read1.jpg\" alt=\"czytaj\" width=\"\" height=\"\" \/><\/div>\n<div style=\"padding-left: 5px;\">\n<div style=\"font-size: 1.1em;\">\n<p><strong>Nie przegap czas\u00f3w losowania najwi\u0119kszych \u015bwiatowych jackpot\u00f3w loteryjnych<\/strong><\/p>\n<p style=\"font-size: 0.85em; margin-top: -1.5em;\">Lista czas\u00f3w losowania dla mi\u0119dzynarodowych loterii\u00a0<a href=\"https:\/\/jackpotlotteryonline.com\/pl\/kiedy-sa-godziny-losowania-miedzynarodowych-loterii\"> wi\u0119cej<\/a><\/p>\n<\/div>\n<\/div>\n<\/section>\n<h2>Jak gra\u0107 w El Gordo<\/h2>\n<p><img loading=\"lazy\" decoding=\"async\" class=\"alignright size-full wp-image-32459\" src=\"https:\/\/jackpotlotteryonline.com\/wp-content\/uploads\/2022\/11\/2_ticket_el_gordo-1.jpg\" alt=\"El Gordo bilet loterii\" width=\"213\" height=\"300\" \/><\/p>\n<p>Kiedy wchodzisz do hiszpa\u0144skiej loterii \u015bwi\u0105tecznej, Tw\u00f3j kupon mo\u017ce mie\u0107 numery z zakresu od 00000 do 99999. Ka\u017cdy kupon podzielony jest na dziesi\u0119\u0107 cz\u0119\u015bci, kt\u00f3re s\u0105 dalej dzielone. Bez wzgl\u0119du wi\u0119c na bud\u017cet, mo\u017cesz pozwoli\u0107 sobie na zakup losu.<\/p>\n<p>R\u00f3wnie ciekawe jest to, \u017ce gracze El Gordo maj\u0105 bardzo du\u017ce szanse na wygran\u0105. \u0141\u0105czna pula wygranych to miliardy euro, a szanse s\u0105 niesamowite. Tak wi\u0119c gracze mog\u0105 wr\u00f3ci\u0107 do domu z tysi\u0105cami euro, nawet je\u015bli nie wygraj\u0105 pierwszej nagrody.<\/p>\n<p>Po zakupie biletu wszystko, co musisz zrobi\u0107, to czeka\u0107 na losowanie 22 grudnia. Na naszej stronie prosimy naszych klient\u00f3w o rejestracj\u0119, aby\u015bmy mogli da\u0107 im zna\u0107, gdy tylko wygraj\u0105 nagrod\u0119. R\u00f3wnie\u017c wyp\u0142acanie wygranych jest proste, poniewa\u017c mo\u017cesz to zrobi\u0107 z naszej platformy.<\/p>\n<h2>Kroki do gry w El Gordo online<\/h2>\n<ol>\n<li>Teraz, gdy jeste\u015b tak samo podekscytowany jak my hiszpa\u0144sk\u0105 loteri\u0105 bo\u017conarodzeniow\u0105, pozw\u00f3l nam przej\u015b\u0107 przez kolejne kroki.<\/li>\n<li>Kup bilet na El Gordo na naszej stronie<\/li>\n<li>Zarejestruj si\u0119, aby\u015bmy mogli si\u0119 z Tob\u0105 skontaktowa\u0107, je\u015bli wygrasz<\/li>\n<li>Czekaj na losowanie<\/li>\n<\/ol>\n<h2>Wyp\u0142a\u0107 swoje wygrane, je\u015bli wygrasz<\/h2>\n<p>To takie proste, gdy zarejestrujesz si\u0119 u nas. Pozbawiamy Ci\u0119 wszelkich komplikacji, dzi\u0119ki czemu pozostaje Ci tylko zabawa w gr\u0119. Je\u015bli szukasz gry loteryjnej z dobrymi szansami, kt\u00f3r\u0105 mo\u017cesz si\u0119 cieszy\u0107, to nie szukaj dalej.<\/p>\n<p>Powinni\u015bmy wspomnie\u0107, \u017ce mimo i\u017c El Gordo ma du\u017ce szanse, jest to gra losowa. Nie ma sposobu, aby zagwarantowa\u0107, \u017ce wygrasz i nie ma nic, co by m\u00f3wi\u0142o, \u017ce nie wygrasz. Jednak jedynym sposobem na zdobycie nagrody jest wzi\u0119cie udzia\u0142u w loterii. Zarejestruj si\u0119 wi\u0119c u nas teraz, aby kupi\u0107 losy na Hiszpa\u0144sk\u0105 Loteri\u0119 \u015awi\u0105teczn\u0105.<\/p>\n","protected":false},"excerpt":{"rendered":"<p>Niesamowita hiszpa\u0144ska loteria El Gordo jest ju\u017c za rogiem i nie ka\u017cdy ma szcz\u0119\u015bcie mieszka\u0107 lub podr\u00f3\u017cowa\u0107 do Hiszpanii. Mimo to, gracze na ca\u0142ym \u015bwiecie s\u0105 podekscytowani my\u015bl\u0105 o udziale w zabawie i \u015bwi\u0119tach, kt\u00f3re towarzysz\u0105 tej loterii. Gracze, kt\u00f3rzy mieszkaj\u0105 poza granicami kraju r\u00f3wnie\u017c mog\u0105 wzi\u0105\u0107 udzia\u0142 w tej loterii, a my poka\u017cemy Ci [&hellip;]<\/p>\n","protected":false},"author":1,"featured_media":0,"parent":35770,"menu_order":6,"comment_status":"closed","ping_status":"closed","template":"el-gordo-info.php","meta":{"_et_pb_use_builder":"","_et_pb_old_content":"","_et_gb_content_width":"","exclude_from_search":false,"footnotes":""},"class_list":["post-36635","page","type-page","status-publish","hentry"],"yoast_head":"<!-- This site is optimized with the Yoast SEO plugin v23.3 - https:\/\/yoast.com\/wordpress\/plugins\/seo\/ -->\n<title>Kup bilety na El Gordo spoza Hiszpanii | bilety na El Gordo online<\/title>\n<meta name=\"description\" content=\"Mo\u017cesz kupi\u0107 bilety na El Gordo online, je\u015bli mieszkasz poza Hiszpani\u0105 - w\u0142a\u015bnie tutaj, poprzez ten serwis biletowy online.\" \/>\n<meta name=\"robots\" content=\"index, follow, max-snippet:-1, max-image-preview:large, max-video-preview:-1\" \/>\n<link rel=\"canonical\" href=\"https:\/\/jackpotlotteryonline.com\/buy-tickets\/el-gordo\/\" \/>\n<meta property=\"og:locale\" content=\"pl_PL\" \/>\n<meta property=\"og:type\" content=\"article\" \/>\n<meta property=\"og:title\" content=\"Kup bilety na El Gordo spoza Hiszpanii | bilety na El Gordo online\" \/>\n<meta property=\"og:description\" content=\"Mo\u017cesz kupi\u0107 bilety na El Gordo online, je\u015bli mieszkasz poza Hiszpani\u0105 - w\u0142a\u015bnie tutaj, poprzez ten serwis biletowy online.\" \/>\n<meta property=\"og:url\" content=\"https:\/\/jackpotlotteryonline.com\/buy-tickets\/el-gordo\/\" \/>\n<meta property=\"og:site_name\" content=\"Lotto Online - Crack The International Lottery Jackpots\" \/>\n<meta property=\"article:modified_time\" content=\"2023-01-03T20:45:33+00:00\" \/>\n<meta property=\"og:image\" content=\"https:\/\/jackpotlotteryonline.com\/wp-content\/uploads\/2022\/10\/lotto_euros.jpg\" \/>\n<meta name=\"twitter:card\" content=\"summary_large_image\" \/>\n<meta name=\"twitter:label1\" content=\"Szacowany czas czytania\" \/>\n\t<meta name=\"twitter:data1\" content=\"4 minuty\" \/>\n<!-- \/ Yoast SEO plugin. -->","yoast_head_json":{"title":"Kup bilety na El Gordo spoza Hiszpanii | bilety na El Gordo online","description":"Mo\u017cesz kupi\u0107 bilety na El Gordo online, je\u015bli mieszkasz poza Hiszpani\u0105 - w\u0142a\u015bnie tutaj, poprzez ten serwis biletowy online.","robots":{"index":"index","follow":"follow","max-snippet":"max-snippet:-1","max-image-preview":"max-image-preview:large","max-video-preview":"max-video-preview:-1"},"canonical":"https:\/\/jackpotlotteryonline.com\/buy-tickets\/el-gordo\/","og_locale":"pl_PL","og_type":"article","og_title":"Kup bilety na El Gordo spoza Hiszpanii | bilety na El Gordo online","og_description":"Mo\u017cesz kupi\u0107 bilety na El Gordo online, je\u015bli mieszkasz poza Hiszpani\u0105 - w\u0142a\u015bnie tutaj, poprzez ten serwis biletowy online.","og_url":"https:\/\/jackpotlotteryonline.com\/buy-tickets\/el-gordo\/","og_site_name":"Lotto Online - Crack The International Lottery Jackpots","article_modified_time":"2023-01-03T20:45:33+00:00","og_image":[{"url":"https:\/\/jackpotlotteryonline.com\/wp-content\/uploads\/2022\/10\/lotto_euros.jpg"}],"twitter_card":"summary_large_image","twitter_misc":{"Szacowany czas czytania":"4 minuty"},"schema":{"@context":"https:\/\/schema.org","@graph":[{"@type":"WebPage","@id":"https:\/\/jackpotlotteryonline.com\/buy-tickets\/el-gordo\/","url":"https:\/\/jackpotlotteryonline.com\/buy-tickets\/el-gordo\/","name":"Kup bilety na El Gordo spoza Hiszpanii | bilety na El Gordo online","isPartOf":{"@id":"https:\/\/jackpotlotteryonline.com\/#website"},"primaryImageOfPage":{"@id":"https:\/\/jackpotlotteryonline.com\/buy-tickets\/el-gordo\/#primaryimage"},"image":{"@id":"https:\/\/jackpotlotteryonline.com\/buy-tickets\/el-gordo\/#primaryimage"},"thumbnailUrl":"https:\/\/jackpotlotteryonline.com\/wp-content\/uploads\/2022\/10\/lotto_euros.jpg","datePublished":"2022-11-08T08:18:40+00:00","dateModified":"2023-01-03T20:45:33+00:00","description":"Mo\u017cesz kupi\u0107 bilety na El Gordo online, je\u015bli mieszkasz poza Hiszpani\u0105 - w\u0142a\u015bnie tutaj, poprzez ten serwis biletowy online.","breadcrumb":{"@id":"https:\/\/jackpotlotteryonline.com\/buy-tickets\/el-gordo\/#breadcrumb"},"inLanguage":"pl-PL","potentialAction":[{"@type":"ReadAction","target":["https:\/\/jackpotlotteryonline.com\/buy-tickets\/el-gordo\/"]}]},{"@type":"ImageObject","inLanguage":"pl-PL","@id":"https:\/\/jackpotlotteryonline.com\/buy-tickets\/el-gordo\/#primaryimage","url":"https:\/\/jackpotlotteryonline.com\/wp-content\/uploads\/2022\/10\/lotto_euros.jpg","contentUrl":"https:\/\/jackpotlotteryonline.com\/wp-content\/uploads\/2022\/10\/lotto_euros.jpg"},{"@type":"BreadcrumbList","@id":"https:\/\/jackpotlotteryonline.com\/buy-tickets\/el-gordo\/#breadcrumb","itemListElement":[{"@type":"ListItem","position":1,"name":"Home","item":"https:\/\/jackpotlotteryonline.com\/pl\/"},{"@type":"ListItem","position":2,"name":"Jak kupi\u0107 bilety na loteri\u0119 online","item":"https:\/\/jackpotlotteryonline.com\/buy-tickets\/"},{"@type":"ListItem","position":3,"name":"Kup bilety na koncert El Gordo"}]},{"@type":"WebSite","@id":"https:\/\/jackpotlotteryonline.com\/#website","url":"https:\/\/jackpotlotteryonline.com\/","name":"Lotto Online - Crack The International Lottery Jackpots","description":"","potentialAction":[{"@type":"SearchAction","target":{"@type":"EntryPoint","urlTemplate":"https:\/\/jackpotlotteryonline.com\/?s={search_term_string}"},"query-input":"required name=search_term_string"}],"inLanguage":"pl-PL"}]}},"_links":{"self":[{"href":"https:\/\/jackpotlotteryonline.com\/pl\/wp-json\/wp\/v2\/pages\/36635","targetHints":{"allow":["GET"]}}],"collection":[{"href":"https:\/\/jackpotlotteryonline.com\/pl\/wp-json\/wp\/v2\/pages"}],"about":[{"href":"https:\/\/jackpotlotteryonline.com\/pl\/wp-json\/wp\/v2\/types\/page"}],"author":[{"embeddable":true,"href":"https:\/\/jackpotlotteryonline.com\/pl\/wp-json\/wp\/v2\/users\/1"}],"replies":[{"embeddable":true,"href":"https:\/\/jackpotlotteryonline.com\/pl\/wp-json\/wp\/v2\/comments?post=36635"}],"version-history":[{"count":0,"href":"https:\/\/jackpotlotteryonline.com\/pl\/wp-json\/wp\/v2\/pages\/36635\/revisions"}],"up":[{"embeddable":true,"href":"https:\/\/jackpotlotteryonline.com\/pl\/wp-json\/wp\/v2\/pages\/35770"}],"wp:attachment":[{"href":"https:\/\/jackpotlotteryonline.com\/pl\/wp-json\/wp\/v2\/media?parent=36635"}],"curies":[{"name":"wp","href":"https:\/\/api.w.org\/{rel}","templated":true}]}}