{"id":36687,"date":"2022-11-08T10:13:37","date_gmt":"2022-11-08T10:13:37","guid":{"rendered":"https:\/\/jackpotlotteryonline.com\/?page_id=36687"},"modified":"2023-01-03T21:08:38","modified_gmt":"2023-01-03T21:08:38","slug":"lotto-germany","status":"publish","type":"page","link":"https:\/\/jackpotlotteryonline.com\/pl\/kupic-bilety\/lotto-germany\/","title":{"rendered":"Kup bilety na Lotto Niemcy"},"content":{"rendered":"<p>Gracze, kt\u00f3rzy mieszkaj\u0105 poza granicami Niemiec mog\u0105 uwa\u017ca\u0107, \u017ce kupno los\u00f3w na niemieckie lotto jest nieco trudne, ale nie musi tak by\u0107. Niemieckie Lotto znane jest r\u00f3wnie\u017c jako 6 aus 49 i jest jedn\u0105 z najd\u0142u\u017cej dzia\u0142aj\u0105cych loterii w Europie. Za\u0142o\u017cona w 1955 roku, szybko sta\u0142a si\u0119 wiod\u0105c\u0105 gr\u0105 loteryjn\u0105 w kraju.<\/p>\n<p>Wej\u015bcia do tej loterii s\u0105 dost\u0119pne w akredytowanych sprzedawc\u00f3w w Niemczech. Ale je\u015bli mieszkasz w innej cz\u0119\u015bci \u015bwiata, trzeba by polega\u0107 na godnej zaufania stronie loterii online jak jackpotlotteryoneline.com.<\/p>\n<p><a href=\"https:\/\/jackpotlotteryonline.com\/pl\/jak-grac\/german-lotto\">Granie na loterii online<\/a> jest proste, a kiedy korzystasz z naszej strony, staje si\u0119 to bezproblemowym i przyjemnym do\u015bwiadczeniem.<\/p>\n<h2>Jak gra\u0107 w Niemieckie Lotto na naszej stronie<\/h2>\n<p><img loading=\"lazy\" decoding=\"async\" class=\"alignright size-medium wp-image-33350\" src=\"https:\/\/jackpotlotteryonline.com\/wp-content\/uploads\/2022\/11\/2_ticket_euromillions3-1-111x300.jpg\" alt=\"niemiecki bilet lotto\" width=\"111\" height=\"300\" srcset=\"https:\/\/jackpotlotteryonline.com\/wp-content\/uploads\/2022\/11\/2_ticket_euromillions3-1-111x300.jpg 111w, https:\/\/jackpotlotteryonline.com\/wp-content\/uploads\/2022\/11\/2_ticket_euromillions3-1.jpg 180w\" sizes=\"auto, (max-width: 111px) 100vw, 111px\" \/><\/p>\n<p>Dos\u0142owne t\u0142umaczenie 6 aus 49 to sze\u015b\u0107 z 49. Aby zagra\u0107 w niemieckie lotto, musisz wytypowa\u0107 sze\u015b\u0107 numer\u00f3w z przedzia\u0142u od 1 do 49 oraz numer bonusowy od 0 do 9. Jest to takie samo niezale\u017cnie od tego, czy grasz offline czy przez internet.<\/p>\n<p>Kiedy kupujesz wej\u015bcie do niemieckiego lotto na naszej stronie, wybierasz 6 liczb z 49. Mo\u017cesz wybra\u0107 wi\u0119cej ni\u017c jedn\u0105 lini\u0119 liczb, poniewa\u017c ka\u017cda z nich liczy si\u0119 do wej\u015bcia, co daje Ci wi\u0119ksze szanse. Nast\u0119pnie mo\u017cesz wybra\u0107, czy chcesz wzi\u0105\u0107 udzia\u0142 w jednym czy wielu losowaniach.<\/p>\n<p><a href=\"https:\/\/jackpotlotteryonline.com\/pl\/zwycieskie-numery\/german-lotto\">Niemiecka loteria ma dwa losowania w tygodniu<\/a>, w \u015brod\u0119 i sobot\u0119; mo\u017cesz zdecydowa\u0107 si\u0119 na pojedyncze lub wielokrotne losowanie. Po dokonaniu wyboru, nast\u0119pnym krokiem jest zap\u0142acenie za sw\u00f3j zakup. W tym momencie poprosimy Ci\u0119 o zarejestrowanie si\u0119 u nas. Jest to konieczne z kilku powod\u00f3w:<\/p>\n<ul>\n<li>Rejestruj\u0105c si\u0119, mog\u0105 Pa\u0144stwo bezpiecznie przechowywa\u0107 swoje karty zg\u0142oszenia, gdy\u017c b\u0119d\u0105 one potrzebne do odebrania ewentualnych wygranych<\/li>\n<li>Mo\u017cesz \u0142atwo sprawdzi\u0107 wyniki losowania, chocia\u017c je\u015bli wygrasz jak\u0105\u015b nagrod\u0119, poinformujemy Ci\u0119 o tym na Twoim pulpicie nawigacyjnym i przez e-mail.<\/li>\n<li>Mo\u017cesz r\u00f3wnie\u017c wyp\u0142aci\u0107 wygrane bezpo\u015brednio na naszej platformie.<\/li>\n<\/ul>\n<h2>Jak wygra\u0107 na loterii<\/h2>\n<p>Podczas losowa\u0144, losowanych jest sze\u015b\u0107 liczb od 1 &#8211; 49. Numer bonusowy, kt\u00f3ry znany jest jako Superzahl, losowany jest z innej maszyny. Je\u015bli Twoje liczby zgadzaj\u0105 si\u0119 z wylosowanymi numerami, wtedy wygrywasz jackpota.<\/p>\n<p>Wa\u017cne jest, aby stwierdzi\u0107, \u017ce jackpot nie jest jedyn\u0105 nagrod\u0105, kt\u00f3r\u0105 gracze mog\u0105 wygra\u0107 podczas gry na niemieckiej loterii. Ta europejska loteria posiada 10 r\u00f3\u017cnych kategorii nagr\u00f3d, a tak\u017ce nagrod\u0119 za dopasowanie dw\u00f3ch liczb i liczby bonusowej.<\/p>\n<p>Tak jak wspomnieli\u015bmy wcze\u015bniej, szanse na wygran\u0105 w tej loterii s\u0105 ca\u0142kiem niez\u0142e. Szanse na wygranie jackpota wynosz\u0105 1 na 139,838,160, a og\u00f3lne szanse na zdobycie nagrody to 1 na 31. Je\u015bli nigdy nie gra\u0142e\u015b w niemieck\u0105 6 aus 49, to jest to dobry moment, aby pomy\u015ble\u0107 o z\u0142o\u017ceniu zak\u0142adu. Mo\u017cesz to zrobi\u0107 kupuj\u0105c zg\u0142oszenie do loterii na stronie jackpotlotteryoneline.com.<\/p>\n<h2>Sk\u0105d mam wiedzie\u0107, \u017ce mam prawdziwy los?<\/h2>\n<p><img loading=\"lazy\" decoding=\"async\" class=\"size-medium wp-image-27698 alignright\" src=\"https:\/\/jackpotlotteryonline.com\/wp-content\/uploads\/2022\/11\/1_lottery_results-300x150.jpg\" alt=\"Niemcy-lotto pi\u0142ki\" width=\"300\" height=\"150\" srcset=\"https:\/\/jackpotlotteryonline.com\/wp-content\/uploads\/2022\/11\/1_lottery_results-300x150.jpg 300w, https:\/\/jackpotlotteryonline.com\/wp-content\/uploads\/2022\/11\/1_lottery_results.jpg 350w\" sizes=\"auto, (max-width: 300px) 100vw, 300px\" \/><\/p>\n<p>Jest to bardzo wa\u017cne pytanie, zw\u0142aszcza gdy kupujesz niemieckie kupony loteryjne online. Jest to mo\u017cliwe, aby kupi\u0107 to, co uwa\u017casz, \u017ce jest wej\u015bcie do loterii, a jednak nie by\u0107 wprowadzone do loterii.<\/p>\n<p>Lotto ma numery seryjne wydrukowane na ka\u017cdym bilecie i s\u0105 one wa\u017cne w okre\u015blaniu, czy bilet jest autentyczny. Na jackpotlotteryonline.com, prowadzimy us\u0142ug\u0119 concierge dla naszych klient\u00f3w. Chodzi nam o to, \u017ce kiedy kupisz swoje kupony loteryjne online od nas, Twoje kupony b\u0119d\u0105 mia\u0142y numery seryjne, kt\u00f3re pochodz\u0105 z niemieckiej loterii.<\/p>\n<p>Innymi s\u0142owy, dzi\u0119ki naszej us\u0142udze otrzymasz dost\u0119p do loterii. Je\u015bli dopasujesz wylosowane numery, wygrasz jackpota.<\/p>\n<h2>Jak mog\u0119 ubiega\u0107 si\u0119 o swoje wygrane?<\/h2>\n<p>Zalet\u0105 gry na loterii z nami jest to, \u017ce nie musisz si\u0119 martwi\u0107 o odebranie swojej wygranej. Przede wszystkim, Tw\u00f3j kupon jest bezpieczny na Twoim koncie i nie ma obawy, \u017ce go zgubisz. Poniewa\u017c b\u0119dziesz potrzebowa\u0142 kuponu, aby ubiega\u0107 si\u0119 o swoje wygrane, jest to dobre rozwi\u0105zanie. W 2021 roku, 11,3 miliona euro nagrody jackpot wr\u00f3ci\u0142o do puli, poniewa\u017c pozosta\u0142o nieodebrane przez 3 lata. Nie chcemy, aby to przydarzy\u0142o si\u0119 Tobie.<\/p>\n<p>Po drugie, je\u015bli co\u015b wygrasz, poinformujemy Ci\u0119 o tym natychmiast, a nast\u0119pnym razem, gdy zalogujesz si\u0119 na swoje konto, Twoje \u015brodki b\u0119d\u0105 tam na Ciebie czeka\u0107. Wystarczy, \u017ce wyp\u0142acisz \u015brodki na swoje konto bankowe i ju\u017c mo\u017cesz cieszy\u0107 si\u0119 swoj\u0105 wygran\u0105.<\/p>\n<p>Wiemy, \u017ce kiedy grasz na loterii, zale\u017cy Ci na dobrej zabawie. W ko\u0144cu ma to by\u0107 zabawa. Dlatego te\u017c pracujemy bez wytchnienia, aby zredukowa\u0107 ten proces tak, aby by\u0142 on bezproblemowy i bezproblemowy, pozostawiaj\u0105c Ci mo\u017cliwo\u015b\u0107 cieszenia si\u0119 gr\u0105.<\/p>\n<section class=\"layout\" style=\"border: solid 1px; width: 100%;\">\n<div class=\"img-div\" style=\"margin-top: 5px;\"><img decoding=\"async\" class=\"wp-image-17212 alignleft\" style=\"height: 45px; margin: 8px 8px 0px;\" src=\"https:\/\/jackpotlotteryonline.com\/wp-content\/uploads\/2022\/11\/read1.jpg\" alt=\"czytaj\" width=\"\" height=\"\" \/><\/div>\n<div style=\"padding-left: 5px;\">\n<div style=\"font-size: 1.1em;\">\n<p><strong>Jaki samoch\u00f3d kupi\u0142by\u015b, gdyby\u015b wygra\u0142 na loterii?<\/strong><\/p>\n<p style=\"font-size: 0.85em; margin-top: -1.5em;\">Wygraj na loterii i dosta\u0107 nowy samoch\u00f3d<a href=\"https:\/\/jackpotlotteryonline.com\/pl\/jaki-samochod-kupilbys-gdybys-wygral-na-loterii\">\u00a0 \u00a0wi\u0119cej<\/a><\/p>\n<\/div>\n<\/div>\n<\/section>\n<h2>6 aus 49 poziomy nagr\u00f3d<\/h2>\n<p>Chcesz wiedzie\u0107 co mo\u017cesz wygra\u0107 graj\u0105c w niemieckie lotto? Oto r\u00f3\u017cne poziomy nagr\u00f3d oraz procent funduszu nagr\u00f3d przeznaczony na ka\u017cdy poziom.<\/p>\n<p>Mecz 6 + Superzahl &#8211; 12.80% (Jackpot)<br \/>\nMecz 6 tylko &#8211; 10%<br \/>\nMecz 5 + Superzahl &#8211; 5%<br \/>\nTylko Mecz 5 &#8211; 15%<br \/>\nMecz 4 + Superzahl &#8211; 5%<br \/>\nTylko mecz 4 &#8211; 10%<br \/>\nMecz 3 + Superzahl &#8211; 10%<br \/>\nTylko mecz 3 &#8211; 45%<br \/>\nMecz 2 + Superzahl &#8211; \u20ac6<\/p>\n<p>Zauwa\u017c, \u017ce pozosta\u0142e nagrody s\u0105 ustalane po wyj\u0119ciu jackpota z puli nagr\u00f3d.<\/p>\n<h2>Ile wynosi jackpot?<\/h2>\n<p>Jackpot w niemieckiej loterii zaczyna si\u0119 od 2 milion\u00f3w euro i przewija si\u0119 po ka\u017cdym losowaniu, je\u015bli nie ma zwyci\u0119zcy. W rezultacie, jackpot staje si\u0119 coraz wi\u0119kszy, a\u017c do osi\u0105gni\u0119cia zapieraj\u0105cej dech w piersiach kwoty.<\/p>\n<p>Na przyk\u0142ad, w pa\u017adzierniku 2020 roku jeden posiadacz biletu wygra\u0142 nagrod\u0119 g\u0142\u00f3wn\u0105 w wysoko\u015bci \u20ac 42,583,626. Ta wygrana by\u0142a najwi\u0119kszym jackpotem w historii niemieckiego lotto. Blisko na jego pi\u0119ty by\u0142a nagroda w wysoko\u015bci \u20ac 33,832,008, kt\u00f3ry zosta\u0142 r\u00f3wnie\u017c wygrany przez gracza loterii.<\/p>\n<p>Kilka innych niemieckich posiadaczy bilet\u00f3w loteryjnych wygra\u0142 nagrody jackpot warte miliony euro. Nie jest zatem zaskakuj\u0105ce, \u017ce gracze na ca\u0142ym \u015bwiecie spiesz\u0105 si\u0119, aby wej\u015b\u0107 do cotygodniowych losowa\u0144.<\/p>\n<h2>Zarejestruj si\u0119 z nami, aby gra\u0107 na loterii online<\/h2>\n<p>Nie musisz mieszka\u0107 w Niemczech, aby wzi\u0105\u0107 udzia\u0142 w niemieckiej loterii. Kiedy zarejestrujesz si\u0119 u nas, otrzymasz dost\u0119p do najlepszych mi\u0119dzynarodowych loterii. To naprawd\u0119 otwiera \u015bwiat mo\u017cliwo\u015bci. Zauwa\u017c r\u00f3wnie\u017c, \u017ce \u015brodki z loterii nie podlegaj\u0105 opodatkowaniu w Niemczech. Radzimy jednak, aby\u015b sprawdzi\u0142 przepisy podatkowe tam, gdzie mieszkasz.<\/p>\n<p>Wi\u0119c, na co czekasz? Zarejestruj si\u0119 u nas, aby kupi\u0107 swoje niemieckie bilety lotto online i wskoczy\u0107 w ekscytuj\u0105cy \u015bwiat mi\u0119dzynarodowych gier loteryjnych.<\/p>\n","protected":false},"excerpt":{"rendered":"<p>Gracze, kt\u00f3rzy mieszkaj\u0105 poza granicami Niemiec mog\u0105 uwa\u017ca\u0107, \u017ce kupno los\u00f3w na niemieckie lotto jest nieco trudne, ale nie musi tak by\u0107. Niemieckie Lotto znane jest r\u00f3wnie\u017c jako 6 aus 49 i jest jedn\u0105 z najd\u0142u\u017cej dzia\u0142aj\u0105cych loterii w Europie. Za\u0142o\u017cona w 1955 roku, szybko sta\u0142a si\u0119 wiod\u0105c\u0105 gr\u0105 loteryjn\u0105 w kraju. Wej\u015bcia do tej [&hellip;]<\/p>\n","protected":false},"author":1,"featured_media":0,"parent":35770,"menu_order":8,"comment_status":"closed","ping_status":"closed","template":"lotto-german-info.php","meta":{"_et_pb_use_builder":"","_et_pb_old_content":"","_et_gb_content_width":"","exclude_from_search":false,"footnotes":""},"class_list":["post-36687","page","type-page","status-publish","hentry"],"yoast_head":"<!-- This site is optimized with the Yoast SEO plugin v23.3 - https:\/\/yoast.com\/wordpress\/plugins\/seo\/ -->\n<title>Kup bilety na Niemieckie Lotto spoza Niemiec | Niemieckie Lotto online<\/title>\n<meta name=\"description\" content=\"Bilety na Niemieckie Lotto 6\/49 dost\u0119pne tutaj, mo\u017cna bezpiecznie kupi\u0107 je online tutaj, z poza Niemiec\" \/>\n<meta name=\"robots\" content=\"index, follow, max-snippet:-1, max-image-preview:large, max-video-preview:-1\" \/>\n<link rel=\"canonical\" href=\"https:\/\/jackpotlotteryonline.com\/buy-tickets\/lotto-germany\/\" \/>\n<meta property=\"og:locale\" content=\"pl_PL\" \/>\n<meta property=\"og:type\" content=\"article\" \/>\n<meta property=\"og:title\" content=\"Kup bilety na Niemieckie Lotto spoza Niemiec | Niemieckie Lotto online\" \/>\n<meta property=\"og:description\" content=\"Bilety na Niemieckie Lotto 6\/49 dost\u0119pne tutaj, mo\u017cna bezpiecznie kupi\u0107 je online tutaj, z poza Niemiec\" \/>\n<meta property=\"og:url\" content=\"https:\/\/jackpotlotteryonline.com\/buy-tickets\/lotto-germany\/\" \/>\n<meta property=\"og:site_name\" content=\"Lotto Online - Crack The International Lottery Jackpots\" \/>\n<meta property=\"article:modified_time\" content=\"2023-01-03T21:08:38+00:00\" \/>\n<meta property=\"og:image\" content=\"https:\/\/jackpotlotteryonline.com\/wp-content\/uploads\/2022\/11\/2_ticket_euromillions3-1-111x300.jpg\" \/>\n<meta name=\"twitter:card\" content=\"summary_large_image\" \/>\n<meta name=\"twitter:label1\" content=\"Szacowany czas czytania\" \/>\n\t<meta name=\"twitter:data1\" content=\"5 minut\" \/>\n<!-- \/ Yoast SEO plugin. -->","yoast_head_json":{"title":"Kup bilety na Niemieckie Lotto spoza Niemiec | Niemieckie Lotto online","description":"Bilety na Niemieckie Lotto 6\/49 dost\u0119pne tutaj, mo\u017cna bezpiecznie kupi\u0107 je online tutaj, z poza Niemiec","robots":{"index":"index","follow":"follow","max-snippet":"max-snippet:-1","max-image-preview":"max-image-preview:large","max-video-preview":"max-video-preview:-1"},"canonical":"https:\/\/jackpotlotteryonline.com\/buy-tickets\/lotto-germany\/","og_locale":"pl_PL","og_type":"article","og_title":"Kup bilety na Niemieckie Lotto spoza Niemiec | Niemieckie Lotto online","og_description":"Bilety na Niemieckie Lotto 6\/49 dost\u0119pne tutaj, mo\u017cna bezpiecznie kupi\u0107 je online tutaj, z poza Niemiec","og_url":"https:\/\/jackpotlotteryonline.com\/buy-tickets\/lotto-germany\/","og_site_name":"Lotto Online - Crack The International Lottery Jackpots","article_modified_time":"2023-01-03T21:08:38+00:00","og_image":[{"url":"https:\/\/jackpotlotteryonline.com\/wp-content\/uploads\/2022\/11\/2_ticket_euromillions3-1-111x300.jpg"}],"twitter_card":"summary_large_image","twitter_misc":{"Szacowany czas czytania":"5 minut"},"schema":{"@context":"https:\/\/schema.org","@graph":[{"@type":"WebPage","@id":"https:\/\/jackpotlotteryonline.com\/buy-tickets\/lotto-germany\/","url":"https:\/\/jackpotlotteryonline.com\/buy-tickets\/lotto-germany\/","name":"Kup bilety na Niemieckie Lotto spoza Niemiec | Niemieckie Lotto online","isPartOf":{"@id":"https:\/\/jackpotlotteryonline.com\/#website"},"primaryImageOfPage":{"@id":"https:\/\/jackpotlotteryonline.com\/buy-tickets\/lotto-germany\/#primaryimage"},"image":{"@id":"https:\/\/jackpotlotteryonline.com\/buy-tickets\/lotto-germany\/#primaryimage"},"thumbnailUrl":"https:\/\/jackpotlotteryonline.com\/wp-content\/uploads\/2022\/11\/2_ticket_euromillions3-1-111x300.jpg","datePublished":"2022-11-08T10:13:37+00:00","dateModified":"2023-01-03T21:08:38+00:00","description":"Bilety na Niemieckie Lotto 6\/49 dost\u0119pne tutaj, mo\u017cna bezpiecznie kupi\u0107 je online tutaj, z poza Niemiec","breadcrumb":{"@id":"https:\/\/jackpotlotteryonline.com\/buy-tickets\/lotto-germany\/#breadcrumb"},"inLanguage":"pl-PL","potentialAction":[{"@type":"ReadAction","target":["https:\/\/jackpotlotteryonline.com\/buy-tickets\/lotto-germany\/"]}]},{"@type":"ImageObject","inLanguage":"pl-PL","@id":"https:\/\/jackpotlotteryonline.com\/buy-tickets\/lotto-germany\/#primaryimage","url":"https:\/\/jackpotlotteryonline.com\/wp-content\/uploads\/2022\/11\/2_ticket_euromillions3-1-111x300.jpg","contentUrl":"https:\/\/jackpotlotteryonline.com\/wp-content\/uploads\/2022\/11\/2_ticket_euromillions3-1-111x300.jpg"},{"@type":"BreadcrumbList","@id":"https:\/\/jackpotlotteryonline.com\/buy-tickets\/lotto-germany\/#breadcrumb","itemListElement":[{"@type":"ListItem","position":1,"name":"Home","item":"https:\/\/jackpotlotteryonline.com\/pl\/"},{"@type":"ListItem","position":2,"name":"Jak kupi\u0107 bilety na loteri\u0119 online","item":"https:\/\/jackpotlotteryonline.com\/buy-tickets\/"},{"@type":"ListItem","position":3,"name":"Kup bilety na Lotto Niemcy"}]},{"@type":"WebSite","@id":"https:\/\/jackpotlotteryonline.com\/#website","url":"https:\/\/jackpotlotteryonline.com\/","name":"Lotto Online - Crack The International Lottery Jackpots","description":"","potentialAction":[{"@type":"SearchAction","target":{"@type":"EntryPoint","urlTemplate":"https:\/\/jackpotlotteryonline.com\/?s={search_term_string}"},"query-input":"required name=search_term_string"}],"inLanguage":"pl-PL"}]}},"_links":{"self":[{"href":"https:\/\/jackpotlotteryonline.com\/pl\/wp-json\/wp\/v2\/pages\/36687","targetHints":{"allow":["GET"]}}],"collection":[{"href":"https:\/\/jackpotlotteryonline.com\/pl\/wp-json\/wp\/v2\/pages"}],"about":[{"href":"https:\/\/jackpotlotteryonline.com\/pl\/wp-json\/wp\/v2\/types\/page"}],"author":[{"embeddable":true,"href":"https:\/\/jackpotlotteryonline.com\/pl\/wp-json\/wp\/v2\/users\/1"}],"replies":[{"embeddable":true,"href":"https:\/\/jackpotlotteryonline.com\/pl\/wp-json\/wp\/v2\/comments?post=36687"}],"version-history":[{"count":0,"href":"https:\/\/jackpotlotteryonline.com\/pl\/wp-json\/wp\/v2\/pages\/36687\/revisions"}],"up":[{"embeddable":true,"href":"https:\/\/jackpotlotteryonline.com\/pl\/wp-json\/wp\/v2\/pages\/35770"}],"wp:attachment":[{"href":"https:\/\/jackpotlotteryonline.com\/pl\/wp-json\/wp\/v2\/media?parent=36687"}],"curies":[{"name":"wp","href":"https:\/\/api.w.org\/{rel}","templated":true}]}}