{"id":36741,"date":"2022-11-08T12:37:08","date_gmt":"2022-11-08T12:37:08","guid":{"rendered":"https:\/\/jackpotlotteryonline.com\/?page_id=36741"},"modified":"2022-12-21T15:20:18","modified_gmt":"2022-12-21T15:20:18","slug":"la-primitiva","status":"publish","type":"page","link":"https:\/\/jackpotlotteryonline.com\/pl\/kupic-bilety\/la-primitiva\/","title":{"rendered":"Kup bilety na koncert La Primitiva"},"content":{"rendered":"<h2>La Primitiva Online<\/h2>\n<p>Hiszpa\u0144skie loterie zawsze zdobywa\u0142y wyobra\u017ani\u0119 wielu i La Primitiva nie jest wyj\u0105tkiem. A teraz mo\u017cesz <strong>kupi\u0107 bilet na La Primitiva online spoza Hiszpanii.<\/strong> Wcze\u015bniej La Primitiva by\u0142a ograniczona tylko do obywateli hiszpa\u0144skich, jednak wraz z rozpowszechnieniem komunikacji, przesz\u0142a do nast\u0119pnej generacji i jest oferowana dla wszystkich powy\u017cej 18 roku \u017cycia.<\/p>\n<p>Dzi\u0119ki naszej stronie internetowej, w La Primitiva Lotto mo\u017cna teraz gra\u0107 online. Jest to jedna z g\u0142\u00f3wnych europejskich loterii, w kt\u00f3rej mo\u017cna wygra\u0107 ogromne nagrody.<\/p>\n<p>Je\u015bli chcesz kupi\u0107 bilet na La Primitiva lotto online i mieszkasz poza Hiszpani\u0105, jedyn\u0105 opcj\u0105, kt\u00f3r\u0105 masz by\u0142oby kupi\u0107 go od nas. Maj\u0105c wielu klient\u00f3w z ca\u0142ego \u015bwiata, dostarczamy Ci najlepsze us\u0142ugi, kt\u00f3re obejmuj\u0105 zakup losu na La Primitiva w Twoim imieniu, pomoc w wyborze numer\u00f3w oraz upewnienie si\u0119, \u017ce nagroda pieni\u0119\u017cna zostanie bezpiecznie dostarczona do Ciebie.<\/p>\n<section class=\"layout\" style=\"border: solid 1px; width: 100%;\">\n<div class=\"img-div\" style=\"margin-top: 5px;\"><img decoding=\"async\" class=\"wp-image-17212 alignleft\" style=\"height: 45px; margin: 8px 8px 0px;\" src=\"https:\/\/jackpotlotteryonline.com\/wp-content\/uploads\/2022\/11\/read1.jpg\" alt=\"czytaj\" width=\"\" height=\"\" \/><\/div>\n<div style=\"padding-left: 5px;\">\n<div style=\"font-size: 1.1em;\">\n<p><strong>Jaki jest sekret sukcesu na loterii?<\/strong><\/p>\n<p style=\"font-size: 0.85em; margin-top: -1.5em;\">Jak z powodzeniem gra\u0107 na loterii \u00a0<a href=\"https:\/\/jackpotlotteryonline.com\/pl\/jaki-jest-sekret-sukcesu-w-loterii\">wi\u0119cej<\/a><\/p>\n<\/div>\n<\/div>\n<\/section>\n<h2>Dlaczego warto gra\u0107 w La Primitiva Online<\/h2>\n<p><a href=\"https:\/\/jackpotlotteryonline.com\/pl\/zwycieskie-numery\/la-primitiva\">La Primitiva Online losuje<\/a> trzy razy w tygodniu. Daje to czas, aby jackpoty szybko ros\u0142y. Jednocze\u015bnie szanse na wygran\u0105 s\u0105 ca\u0142kiem spore, nawet w przypadku najwy\u017cszych szczebli nagr\u00f3d. Ka\u017cdy fan lotto bior\u0105cy udzia\u0142 w La Primitiva Online ma 1 do 6 szans na zdobycie nagrody pieni\u0119\u017cnej.<\/p>\n<h2>La Primitiva vs El Gordo vs Hiszpa\u0144ska Loteria \u015awi\u0105teczna<\/h2>\n<p>Zdecydowanie jedna z najwi\u0119kszych loterii pod wzgl\u0119dem oferowanych nagr\u00f3d, La Primitiva jest jedn\u0105 z najbardziej po\u017c\u0105danych w\u015br\u00f3d wielu lotto jackpot\u00f3w, w kt\u00f3re mo\u017cesz <a href=\"https:\/\/jackpotlotteryonline.com\/pl\/jak-grac\/la-primitiva-2\">zagra\u0107 na naszej stronie<\/a>. Nie ma powodu, aby traci\u0107 nadziej\u0119 lub szans\u0119, nawet je\u015bli nie mieszkasz w Hiszpanii. Mo\u017cesz gra\u0107 z ka\u017cdego miejsca na \u015bwiecie, je\u015bli masz uko\u0144czone 18 lat.<\/p>\n<p>El Gordo to zupe\u0142nie inna loteria, ale r\u00f3wnie\u017c mo\u017cesz w ni\u0105 zagra\u0107 na naszej stronie. El Gordo losuje si\u0119 tylko raz w tygodniu, w niedziele.<\/p>\n<p>Opr\u00f3cz regularnych cotygodniowych losowa\u0144 La Primitiva i El Gordo, istnieje r\u00f3wnie\u017c \u015bwi\u0105teczna edycja El Gordo, losowana tylko raz w roku, 22 grudnia.<\/p>\n","protected":false},"excerpt":{"rendered":"<p>La Primitiva Online Hiszpa\u0144skie loterie zawsze zdobywa\u0142y wyobra\u017ani\u0119 wielu i La Primitiva nie jest wyj\u0105tkiem. A teraz mo\u017cesz kupi\u0107 bilet na La Primitiva online spoza Hiszpanii. Wcze\u015bniej La Primitiva by\u0142a ograniczona tylko do obywateli hiszpa\u0144skich, jednak wraz z rozpowszechnieniem komunikacji, przesz\u0142a do nast\u0119pnej generacji i jest oferowana dla wszystkich powy\u017cej 18 roku \u017cycia. Dzi\u0119ki naszej [&hellip;]<\/p>\n","protected":false},"author":1,"featured_media":0,"parent":35770,"menu_order":7,"comment_status":"closed","ping_status":"closed","template":"la-primitiva-info.php","meta":{"_et_pb_use_builder":"","_et_pb_old_content":"","_et_gb_content_width":"","exclude_from_search":false,"footnotes":""},"class_list":["post-36741","page","type-page","status-publish","hentry"],"yoast_head":"<!-- This site is optimized with the Yoast SEO plugin v23.3 - https:\/\/yoast.com\/wordpress\/plugins\/seo\/ -->\n<title>Kupi\u0107 bilet na La Primitiva Lotto Online i spoza Hiszpanii<\/title>\n<meta name=\"description\" content=\"Kup los na La Primitiva Lotto spoza Hiszpanii, skrzy\u017cuj kciuki, czekaj i zr\u00f3b co\u015b wielkiego!\" \/>\n<meta name=\"robots\" content=\"index, follow, max-snippet:-1, max-image-preview:large, max-video-preview:-1\" \/>\n<link rel=\"canonical\" href=\"https:\/\/jackpotlotteryonline.com\/buy-tickets\/la-primitiva\/\" \/>\n<meta property=\"og:locale\" content=\"pl_PL\" \/>\n<meta property=\"og:type\" content=\"article\" \/>\n<meta property=\"og:title\" content=\"Kupi\u0107 bilet na La Primitiva Lotto Online i spoza Hiszpanii\" \/>\n<meta property=\"og:description\" content=\"Kup los na La Primitiva Lotto spoza Hiszpanii, skrzy\u017cuj kciuki, czekaj i zr\u00f3b co\u015b wielkiego!\" \/>\n<meta property=\"og:url\" content=\"https:\/\/jackpotlotteryonline.com\/buy-tickets\/la-primitiva\/\" \/>\n<meta property=\"og:site_name\" content=\"Lotto Online - Crack The International Lottery Jackpots\" \/>\n<meta property=\"article:modified_time\" content=\"2022-12-21T15:20:18+00:00\" \/>\n<meta property=\"og:image\" content=\"https:\/\/jackpotlotteryonline.com\/wp-content\/uploads\/2022\/11\/read1.jpg\" \/>\n<meta name=\"twitter:card\" content=\"summary_large_image\" \/>\n<meta name=\"twitter:label1\" content=\"Szacowany czas czytania\" \/>\n\t<meta name=\"twitter:data1\" content=\"2 minuty\" \/>\n<!-- \/ Yoast SEO plugin. -->","yoast_head_json":{"title":"Kupi\u0107 bilet na La Primitiva Lotto Online i spoza Hiszpanii","description":"Kup los na La Primitiva Lotto spoza Hiszpanii, skrzy\u017cuj kciuki, czekaj i zr\u00f3b co\u015b wielkiego!","robots":{"index":"index","follow":"follow","max-snippet":"max-snippet:-1","max-image-preview":"max-image-preview:large","max-video-preview":"max-video-preview:-1"},"canonical":"https:\/\/jackpotlotteryonline.com\/buy-tickets\/la-primitiva\/","og_locale":"pl_PL","og_type":"article","og_title":"Kupi\u0107 bilet na La Primitiva Lotto Online i spoza Hiszpanii","og_description":"Kup los na La Primitiva Lotto spoza Hiszpanii, skrzy\u017cuj kciuki, czekaj i zr\u00f3b co\u015b wielkiego!","og_url":"https:\/\/jackpotlotteryonline.com\/buy-tickets\/la-primitiva\/","og_site_name":"Lotto Online - Crack The International Lottery Jackpots","article_modified_time":"2022-12-21T15:20:18+00:00","og_image":[{"url":"https:\/\/jackpotlotteryonline.com\/wp-content\/uploads\/2022\/11\/read1.jpg"}],"twitter_card":"summary_large_image","twitter_misc":{"Szacowany czas czytania":"2 minuty"},"schema":{"@context":"https:\/\/schema.org","@graph":[{"@type":"WebPage","@id":"https:\/\/jackpotlotteryonline.com\/buy-tickets\/la-primitiva\/","url":"https:\/\/jackpotlotteryonline.com\/buy-tickets\/la-primitiva\/","name":"Kupi\u0107 bilet na La Primitiva Lotto Online i spoza Hiszpanii","isPartOf":{"@id":"https:\/\/jackpotlotteryonline.com\/#website"},"primaryImageOfPage":{"@id":"https:\/\/jackpotlotteryonline.com\/buy-tickets\/la-primitiva\/#primaryimage"},"image":{"@id":"https:\/\/jackpotlotteryonline.com\/buy-tickets\/la-primitiva\/#primaryimage"},"thumbnailUrl":"https:\/\/jackpotlotteryonline.com\/wp-content\/uploads\/2022\/11\/read1.jpg","datePublished":"2022-11-08T12:37:08+00:00","dateModified":"2022-12-21T15:20:18+00:00","description":"Kup los na La Primitiva Lotto spoza Hiszpanii, skrzy\u017cuj kciuki, czekaj i zr\u00f3b co\u015b wielkiego!","breadcrumb":{"@id":"https:\/\/jackpotlotteryonline.com\/buy-tickets\/la-primitiva\/#breadcrumb"},"inLanguage":"pl-PL","potentialAction":[{"@type":"ReadAction","target":["https:\/\/jackpotlotteryonline.com\/buy-tickets\/la-primitiva\/"]}]},{"@type":"ImageObject","inLanguage":"pl-PL","@id":"https:\/\/jackpotlotteryonline.com\/buy-tickets\/la-primitiva\/#primaryimage","url":"https:\/\/jackpotlotteryonline.com\/wp-content\/uploads\/2022\/11\/read1.jpg","contentUrl":"https:\/\/jackpotlotteryonline.com\/wp-content\/uploads\/2022\/11\/read1.jpg"},{"@type":"BreadcrumbList","@id":"https:\/\/jackpotlotteryonline.com\/buy-tickets\/la-primitiva\/#breadcrumb","itemListElement":[{"@type":"ListItem","position":1,"name":"Home","item":"https:\/\/jackpotlotteryonline.com\/pl\/"},{"@type":"ListItem","position":2,"name":"Jak kupi\u0107 bilety na loteri\u0119 online","item":"https:\/\/jackpotlotteryonline.com\/buy-tickets\/"},{"@type":"ListItem","position":3,"name":"Kup bilety na koncert La Primitiva"}]},{"@type":"WebSite","@id":"https:\/\/jackpotlotteryonline.com\/#website","url":"https:\/\/jackpotlotteryonline.com\/","name":"Lotto Online - Crack The International Lottery Jackpots","description":"","potentialAction":[{"@type":"SearchAction","target":{"@type":"EntryPoint","urlTemplate":"https:\/\/jackpotlotteryonline.com\/?s={search_term_string}"},"query-input":"required name=search_term_string"}],"inLanguage":"pl-PL"}]}},"_links":{"self":[{"href":"https:\/\/jackpotlotteryonline.com\/pl\/wp-json\/wp\/v2\/pages\/36741","targetHints":{"allow":["GET"]}}],"collection":[{"href":"https:\/\/jackpotlotteryonline.com\/pl\/wp-json\/wp\/v2\/pages"}],"about":[{"href":"https:\/\/jackpotlotteryonline.com\/pl\/wp-json\/wp\/v2\/types\/page"}],"author":[{"embeddable":true,"href":"https:\/\/jackpotlotteryonline.com\/pl\/wp-json\/wp\/v2\/users\/1"}],"replies":[{"embeddable":true,"href":"https:\/\/jackpotlotteryonline.com\/pl\/wp-json\/wp\/v2\/comments?post=36741"}],"version-history":[{"count":0,"href":"https:\/\/jackpotlotteryonline.com\/pl\/wp-json\/wp\/v2\/pages\/36741\/revisions"}],"up":[{"embeddable":true,"href":"https:\/\/jackpotlotteryonline.com\/pl\/wp-json\/wp\/v2\/pages\/35770"}],"wp:attachment":[{"href":"https:\/\/jackpotlotteryonline.com\/pl\/wp-json\/wp\/v2\/media?parent=36741"}],"curies":[{"name":"wp","href":"https:\/\/api.w.org\/{rel}","templated":true}]}}