{"id":36796,"date":"2022-11-09T07:09:02","date_gmt":"2022-11-09T07:09:02","guid":{"rendered":"https:\/\/jackpotlotteryonline.com\/?page_id=36796"},"modified":"2023-01-03T21:41:02","modified_gmt":"2023-01-03T21:41:02","slug":"lotto-france","status":"publish","type":"page","link":"https:\/\/jackpotlotteryonline.com\/pl\/kupic-bilety\/lotto-france\/","title":{"rendered":"Kup bilety na Lotto France"},"content":{"rendered":"<p>Czy mo\u017cna kupi\u0107 losy na Francuskie Lotto spoza tego europejskiego kraju? Mo\u017ce jeste\u015b do\u015bwiadczonym kasjerem lub nowicjuszem i zastanawiasz si\u0119 dlaczego mia\u0142by\u015b by\u0107 zainteresowany t\u0105 konkretn\u0105 loteri\u0105. Podzielimy si\u0119 z Tob\u0105 kilkoma powodami, dla kt\u00f3rych uwa\u017camy, \u017ce narodowa loteria francuska to \u015bwietna gra. Je\u015bli jeste\u015b graczem z innej cz\u0119\u015bci \u015bwiata, dowiesz si\u0119, jak kupi\u0107 wpisy na t\u0119 loteri\u0119.<\/p>\n<p>Loteria jest gr\u0105 losow\u0105 i czasami trzeba roz\u0142o\u017cy\u0107 sie\u0107, aby z\u0142apa\u0107 wi\u0119ksze ryby. Zasadniczo oznacza to odkrywanie innych loterii, dzi\u0119ki czemu mo\u017cna zwi\u0119kszy\u0107 swoje szanse na wygran\u0105. Francuska loteria jest dobr\u0105 loteri\u0105 do wypr\u00f3bowania z wielu powod\u00f3w, kt\u00f3re poruszymy w tym artykule.<\/p>\n<h2>Niesamowite kwoty jackpot\u00f3w<\/h2>\n<p>Nazywane r\u00f3wnie\u017c France Lotto lub po prostu Loto w skr\u00f3cie, francuskie lotto ma bardzo atrakcyjne jackpoty, kt\u00f3re przyci\u0105gaj\u0105 graczy z ca\u0142ego \u015bwiata. Z pocz\u0105tkow\u0105 kwot\u0105 2 milion\u00f3w euro, jackpot ma potencja\u0142, aby rosn\u0105\u0107 znacznie wi\u0119kszy, je\u015bli nie zostanie wygrany po ka\u017cdym losowaniu.<\/p>\n<p>Jackpot we francuskiej loterii przewraca si\u0119, gdy nie ma zwyci\u0119zcy i wci\u0105\u017c ro\u015bnie, a\u017c osi\u0105gnie znaczn\u0105 kwot\u0119. Kiedy grasz w tej europejskiej loterii, mo\u017cesz zosta\u0107 zwyci\u0119zc\u0105 jackpota w wysoko\u015bci 11 milion\u00f3w euro lub wi\u0119cej.<\/p>\n<p>Dla kontekstu, jackpot wzrasta o 1 milion euro po ka\u017cdym losowaniu i mo\u017ce wzrosn\u0105\u0107 34 razy z rz\u0119du, zanim przestanie si\u0119 kr\u0119ci\u0107. Spr\u00f3buj sobie wyobrazi\u0107, ile to wszystko mo\u017ce wynie\u015b\u0107, i to ca\u0142kiem szybko.<\/p>\n<h2>Kilka losowa\u0144 w tygodniu<\/h2>\n<p>Powodem, dla kt\u00f3rego jackpot ro\u015bnie tak szybko jest liczba losowa\u0144. <a href=\"https:\/\/jackpotlotteryonline.com\/pl\/zwycieskie-numery\/france-lotto-2\">Francuska loteria ma trzy losowania w tygodniu<\/a>, co daje graczom kilka szans na wielk\u0105 wygran\u0105. Losowania odbywaj\u0105 si\u0119 w poniedzia\u0142ek, \u015brod\u0119 i sobot\u0119.<\/p>\n<p>Je\u015bli zdecydujesz si\u0119 wzi\u0105\u0107 udzia\u0142 w tej loterii, zalecamy wzi\u0119cie udzia\u0142u w wielu losowaniach, poniewa\u017c jest to \u015bwietny spos\u00f3b na zwi\u0119kszenie szans na wygran\u0105.<\/p>\n<h2>10 r\u00f3\u017cnych kategorii nagr\u00f3d<\/h2>\n<p><img loading=\"lazy\" decoding=\"async\" class=\"alignright size-full wp-image-30344\" src=\"http:\/\/jackpotlotteryonline.com\/wp-content\/uploads\/2022\/11\/1_winning_numbers_euromillions.jpg\" alt=\"Francja loteria kategoria nagr\u00f3d\" width=\"300\" height=\"300\" srcset=\"https:\/\/jackpotlotteryonline.com\/wp-content\/uploads\/2022\/11\/1_winning_numbers_euromillions.jpg 300w, https:\/\/jackpotlotteryonline.com\/wp-content\/uploads\/2022\/11\/1_winning_numbers_euromillions-100x100.jpg 100w, https:\/\/jackpotlotteryonline.com\/wp-content\/uploads\/2022\/11\/1_winning_numbers_euromillions-150x150.jpg 150w\" sizes=\"auto, (max-width: 300px) 100vw, 300px\" \/><\/p>\n<p>Nagroda g\u0142\u00f3wna jest atrakcyjna, ale to nie jedyna rzecz, kt\u00f3r\u0105 mo\u017cesz wygra\u0107<a href=\"https:\/\/jackpotlotteryonline.com\/pl\/jak-grac\/france-lotto\"> graj\u0105c we francuskie lotto<\/a>. Ta loteria, kt\u00f3ra powsta\u0142a w 1978 roku, posiada dziesi\u0119\u0107 r\u00f3\u017cnych kategorii nagr\u00f3d. Istnieje nawet nagroda za dopasowanie numeru szansy.<\/p>\n<p>Kategorie nagr\u00f3d s\u0105 wymienione poni\u017cej.<\/p>\n<p>Mecz 5 numer\u00f3w + numer szansy &#8211; Jackpot<br \/>\nTylko dopasuj 5 liczb &#8211; 8.44% funduszu nagr\u00f3d<br \/>\nMatch 4 numery + Chance numer &#8211; 2,06% funduszu nagr\u00f3d<br \/>\nTylko 4 liczby &#8211; 7,43% funduszu nagr\u00f3d<br \/>\nDopasowanie 3 liczb + Szansa &#8211; 4,44% funduszu nagr\u00f3d<br \/>\nTylko 3 liczby &#8211; 15.98% funduszu nagr\u00f3d<br \/>\nDopasowanie 2 liczb + Szansa &#8211; 12,43% funduszu nagr\u00f3d<br \/>\nTylko 2 liczby &#8211; 49,22% funduszu nagr\u00f3d<br \/>\nMecz 1 numer + numer szansy &#8211; \u20ac 2.20<br \/>\nTylko numer szansy &#8211; \u20ac 2.20<\/p>\n<h2>\u0141atwa gra offline i online<\/h2>\n<p>Kolejnym powodem, aby rozwa\u017cy\u0107 gr\u0119 na francuskiej loterii jest to, \u017ce do\u015b\u0107 \u0142atwo jest wej\u015b\u0107 na loteri\u0119. Je\u015bli mieszkasz we Francji, wej\u015bcie na loteri\u0119 jest tak proste, jak p\u00f3j\u015bcie do zarejestrowanego sprzedawcy loterii, aby kupi\u0107 kupon loteryjny. Na kuponie, masz do wyboru 5 g\u0142\u00f3wnych numer\u00f3w i numer szansy. Mo\u017cesz wybra\u0107 wi\u0119cej ni\u017c jedn\u0105 lini\u0119 numer\u00f3w, aby zwi\u0119kszy\u0107 swoje szanse na wygran\u0105 na loterii.<\/p>\n<p>Je\u015bli jednak mieszkasz poza Francj\u0105, wej\u015bcie na loteri\u0119 jest mniej proste. Nie mo\u017cna chodzi\u0107 do sklepu, aby kupi\u0107 bilety na t\u0119 loteri\u0119, wi\u0119c opcja jest zakup bilet\u00f3w online. Je\u015bli wchodzisz na loteri\u0119 przez internet, obowi\u0105zuje ta sama zasada. To znaczy, wybra\u0107 5 g\u0142\u00f3wnych numer\u00f3w i numer szansy.<\/p>\n<p>Niezale\u017cnie od tego, czy grasz na loterii offline czy online, musisz wybra\u0107 liczb\u0119 losowa\u0144, w kt\u00f3rych chcesz wzi\u0105\u0107 udzia\u0142. Po zako\u0144czeniu losowa\u0144, bilet, kt\u00f3ry pasuje do wylosowanych numer\u00f3w wygrywa loteri\u0119.<\/p>\n<h2>Zagraj we francuskie Lotto z jackpotlotteryonline.com<\/h2>\n<p>Je\u015bli jeste\u015b nowy w graniu na loterii przez internet, to wszystko mo\u017ce sta\u0107 si\u0119 bardzo myl\u0105ce naprawd\u0119 szybko. Jak sortowa\u0107 przez wszystkie r\u00f3\u017cne strony twierdz\u0105c, \u017ce sprzedaj\u0105 bilety na loteri\u0119 do autentycznych sprzedawc\u00f3w? To proste. Poszukaj strony, kt\u00f3ra oferuje us\u0142ugi concierge.<\/p>\n<p>Na jackpotlotteryoneline.com oferujemy us\u0142ugi concierge dla naszych klient\u00f3w, aby zapewni\u0107 im dost\u0119p do wybranych przez nich loterii. Kiedy kupisz wpis na naszej stronie, nasi agenci we Francji kupi\u0105 fizyczne kupony z wybranym numerem.<\/p>\n<p>Powodem tego jest zapewnienie, \u017ce nie obstawiasz tylko wyniku loterii, ale \u017ce rzeczywi\u015bcie bierzesz udzia\u0142 w losowaniach, aby mie\u0107 szans\u0119 na wygranie jackpota.<\/p>\n<section class=\"layout\" style=\"border: solid 1px; width: 100%;\">\n<div class=\"img-div\" style=\"margin-top: 5px;\"><img decoding=\"async\" class=\"wp-image-17212 alignleft\" style=\"height: 45px; margin: 8px 8px 0px;\" src=\"http:\/\/jackpotlotteryonline.com\/wp-content\/uploads\/2022\/11\/read1.jpg\" alt=\"czytaj\" width=\"\" height=\"\" \/><\/div>\n<div style=\"padding-left: 5px;\">\n<div style=\"font-size: 1.1em;\">\n<p><strong>Ogl\u0105daj swoje numery loterii s\u0105 rysowane na \u017cywo<\/strong><\/p>\n<p style=\"font-size: 0.85em; margin-top: -1.5em;\">Jak ogl\u0105da\u0107 na \u017cywo losowania swoich ulubionych loterii \u00a0<a href=\"https:\/\/jackpotlotteryonline.com\/pl\/watch-your-lottery-numbers-being-drawn-live\">wi\u0119cej<\/a><\/p>\n<\/div>\n<\/div>\n<\/section>\n<h2>Porady, aby zwi\u0119kszy\u0107 swoje szanse na wy<\/h2>\n<p><img loading=\"lazy\" decoding=\"async\" class=\"alignright size-full wp-image-35051\" src=\"http:\/\/jackpotlotteryonline.com\/wp-content\/uploads\/2022\/11\/2_ticket_saturday_lotto_au-1-166x300-1.jpg\" alt=\"Francja bilet loterii\" width=\"166\" height=\"300\" \/><\/p>\n<p>Loteria to gra liczb. Im wi\u0119cej grasz, tym wi\u0119ksze s\u0105 Twoje szanse na wygran\u0105. Du\u017cy procent zwyci\u0119zc\u00f3w loterii ujawni\u0142, \u017ce grali przez kilka lat przed wygran\u0105. Oto wi\u0119c kilka sposob\u00f3w na zwi\u0119kszenie swoich szans na wygran\u0105 na loterii.<\/p>\n<ul>\n<li>Zakup kilka wpis\u00f3w na loteri\u0119. Wydaje si\u0119 to takie oczywiste, ale s\u0105 ludzie, kt\u00f3rzy kupuj\u0105 jeden wpis na jedno losowanie, a potem czuj\u0105 si\u0119 rozczarowani, bo nie wygrali. Je\u015bli chcesz zwi\u0119kszy\u0107 swoje szanse na wygran\u0105, musisz zakupi\u0107 wiele wpis\u00f3w.<\/li>\n<li>Wejd\u017a r\u00f3wnie\u017c w wiele losowa\u0144. Logika jest taka sama dla losowa\u0144. Im wi\u0119cej losowa\u0144, tym wi\u0119ksze szanse na du\u017c\u0105 wygran\u0105.<\/li>\n<li>Spr\u00f3buj do\u0142\u0105czy\u0107 do syndykatu loterii. Jest to grupa ludzi, kt\u00f3rzy spotykaj\u0105 si\u0119, aby po\u0142\u0105czy\u0107 swoje zasoby, dzi\u0119ki czemu mog\u0105 gra\u0107 na loterii. Dzi\u0119ki po\u0142\u0105czonym zasobom, mog\u0105 oni zakupi\u0107 wi\u0119cej wpis\u00f3w i wej\u015b\u0107 w kilka losowa\u0144. Co ciekawe, wiele syndykat\u00f3w loteryjnych wygra\u0142o niesamowite jackpoty na przestrzeni lat, wi\u0119c jest to dobra opcja, aby spr\u00f3bowa\u0107.<\/li>\n<li>Uwierz, \u017ce wygrasz. Prawo przyci\u0105gania jest rzecz\u0105 i wielu zwyci\u0119zc\u00f3w loterii powie Ci, \u017ce mieli wiar\u0119, \u017ce wygraj\u0105 na loterii. Je\u015bli zamierzasz sp\u0119dzi\u0107 jakikolwiek czas graj\u0105c na loterii, dobrze jest mie\u0107 silne przekonanie, \u017ce wygrasz.<\/li>\n<li>Nie poddawaj si\u0119. To kusz\u0105ce, aby si\u0119 podda\u0107, gdy grasz kilka razy bez wygranej. Ale je\u015bli naprawd\u0119 chcesz wygra\u0107 du\u017co, musisz by\u0107 konsekwentny. Stawiaj tylko tyle, na ile mo\u017cesz sobie pozwoli\u0107.<\/li>\n<li>Pami\u0119taj, aby dobrze si\u0119 bawi\u0107 podczas gry na loterii. Na koniec dnia, to wci\u0105\u017c jest gra i tak d\u0142ugo jak cieszysz si\u0119 tym do\u015bwiadczeniem, to warto.<\/li>\n<\/ul>\n<h2>Kup swoje francuskie bilety lotto teraz<\/h2>\n<p>Je\u015bli jeste\u015b podekscytowany francusk\u0105 loteri\u0105 tak jak my, to nadszed\u0142 czas, aby zakupi\u0107 sw\u00f3j wpis na loterii. Na szcz\u0119\u015bcie nie ma ju\u017c znaczenia, gdzie mieszkasz, poniewa\u017c mo\u017cesz kupi\u0107 swoje bilety online.<\/p>\n<p>Kiedy zarejestrujesz si\u0119 u nas, nie musisz si\u0119 martwi\u0107, \u017ce zgubisz swoje losy lub zapomnisz sprawdzi\u0107 wyniki. My zajmiemy si\u0119 tym wszystkim za Ciebie i poinformujemy Ci\u0119 o wszelkich wygranych. Mo\u017cesz r\u00f3wnie\u017c \u0142atwo wyp\u0142aci\u0107 swoj\u0105 wygran\u0105 za po\u015brednictwem naszej platformy.<\/p>\n<p>Gra na loterii to bezproblemowe i bezstresowe do\u015bwiadczenie, gdy grasz na naszej stronie. Nigdy nie wiesz, czy to jest ten dzie\u0144, w kt\u00f3rym szcz\u0119\u015bcie b\u0119dzie po Twojej stronie. Dlaczego wi\u0119c nie zarejestrowa\u0107 si\u0119 u nas ju\u017c dzi\u015b, aby zakupi\u0107 losy na francuskie lotto?<\/p>\n","protected":false},"excerpt":{"rendered":"<p>Czy mo\u017cna kupi\u0107 losy na Francuskie Lotto spoza tego europejskiego kraju? Mo\u017ce jeste\u015b do\u015bwiadczonym kasjerem lub nowicjuszem i zastanawiasz si\u0119 dlaczego mia\u0142by\u015b by\u0107 zainteresowany t\u0105 konkretn\u0105 loteri\u0105. Podzielimy si\u0119 z Tob\u0105 kilkoma powodami, dla kt\u00f3rych uwa\u017camy, \u017ce narodowa loteria francuska to \u015bwietna gra. Je\u015bli jeste\u015b graczem z innej cz\u0119\u015bci \u015bwiata, dowiesz si\u0119, jak kupi\u0107 wpisy [&hellip;]<\/p>\n","protected":false},"author":1,"featured_media":0,"parent":35770,"menu_order":9,"comment_status":"closed","ping_status":"closed","template":"lotto-fr-info.php","meta":{"_et_pb_use_builder":"","_et_pb_old_content":"","_et_gb_content_width":"","exclude_from_search":false,"footnotes":""},"class_list":["post-36796","page","type-page","status-publish","hentry"],"yoast_head":"<!-- This site is optimized with the Yoast SEO plugin v23.3 - https:\/\/yoast.com\/wordpress\/plugins\/seo\/ -->\n<title>Kup bilety na Francuskie Lotto spoza Francji | Kup bilety na Francuskie Lotto online<\/title>\n<meta name=\"description\" content=\"Aby kupi\u0107 losy na Francuskie Lotto, nie musisz by\u0107 we Francji. Zdob\u0105d\u017a swoje bilety na francusk\u0105 loteri\u0119 online tutaj!\" \/>\n<meta name=\"robots\" content=\"index, follow, max-snippet:-1, max-image-preview:large, max-video-preview:-1\" \/>\n<link rel=\"canonical\" href=\"https:\/\/jackpotlotteryonline.com\/buy-tickets\/lotto-france\/\" \/>\n<meta property=\"og:locale\" content=\"pl_PL\" \/>\n<meta property=\"og:type\" content=\"article\" \/>\n<meta property=\"og:title\" content=\"Kup bilety na Francuskie Lotto spoza Francji | Kup bilety na Francuskie Lotto online\" \/>\n<meta property=\"og:description\" content=\"Aby kupi\u0107 losy na Francuskie Lotto, nie musisz by\u0107 we Francji. Zdob\u0105d\u017a swoje bilety na francusk\u0105 loteri\u0119 online tutaj!\" \/>\n<meta property=\"og:url\" content=\"https:\/\/jackpotlotteryonline.com\/buy-tickets\/lotto-france\/\" \/>\n<meta property=\"og:site_name\" content=\"Lotto Online - Crack The International Lottery Jackpots\" \/>\n<meta property=\"article:modified_time\" content=\"2023-01-03T21:41:02+00:00\" \/>\n<meta property=\"og:image\" content=\"http:\/\/jackpotlotteryonline.com\/wp-content\/uploads\/2022\/11\/1_winning_numbers_euromillions.jpg\" \/>\n<meta name=\"twitter:card\" content=\"summary_large_image\" \/>\n<meta name=\"twitter:label1\" content=\"Szacowany czas czytania\" \/>\n\t<meta name=\"twitter:data1\" content=\"6 minut\" \/>\n<!-- \/ Yoast SEO plugin. -->","yoast_head_json":{"title":"Kup bilety na Francuskie Lotto spoza Francji | Kup bilety na Francuskie Lotto online","description":"Aby kupi\u0107 losy na Francuskie Lotto, nie musisz by\u0107 we Francji. Zdob\u0105d\u017a swoje bilety na francusk\u0105 loteri\u0119 online tutaj!","robots":{"index":"index","follow":"follow","max-snippet":"max-snippet:-1","max-image-preview":"max-image-preview:large","max-video-preview":"max-video-preview:-1"},"canonical":"https:\/\/jackpotlotteryonline.com\/buy-tickets\/lotto-france\/","og_locale":"pl_PL","og_type":"article","og_title":"Kup bilety na Francuskie Lotto spoza Francji | Kup bilety na Francuskie Lotto online","og_description":"Aby kupi\u0107 losy na Francuskie Lotto, nie musisz by\u0107 we Francji. Zdob\u0105d\u017a swoje bilety na francusk\u0105 loteri\u0119 online tutaj!","og_url":"https:\/\/jackpotlotteryonline.com\/buy-tickets\/lotto-france\/","og_site_name":"Lotto Online - Crack The International Lottery Jackpots","article_modified_time":"2023-01-03T21:41:02+00:00","og_image":[{"url":"http:\/\/jackpotlotteryonline.com\/wp-content\/uploads\/2022\/11\/1_winning_numbers_euromillions.jpg"}],"twitter_card":"summary_large_image","twitter_misc":{"Szacowany czas czytania":"6 minut"},"schema":{"@context":"https:\/\/schema.org","@graph":[{"@type":"WebPage","@id":"https:\/\/jackpotlotteryonline.com\/buy-tickets\/lotto-france\/","url":"https:\/\/jackpotlotteryonline.com\/buy-tickets\/lotto-france\/","name":"Kup bilety na Francuskie Lotto spoza Francji | Kup bilety na Francuskie Lotto online","isPartOf":{"@id":"https:\/\/jackpotlotteryonline.com\/#website"},"primaryImageOfPage":{"@id":"https:\/\/jackpotlotteryonline.com\/buy-tickets\/lotto-france\/#primaryimage"},"image":{"@id":"https:\/\/jackpotlotteryonline.com\/buy-tickets\/lotto-france\/#primaryimage"},"thumbnailUrl":"http:\/\/jackpotlotteryonline.com\/wp-content\/uploads\/2022\/11\/1_winning_numbers_euromillions.jpg","datePublished":"2022-11-09T07:09:02+00:00","dateModified":"2023-01-03T21:41:02+00:00","description":"Aby kupi\u0107 losy na Francuskie Lotto, nie musisz by\u0107 we Francji. Zdob\u0105d\u017a swoje bilety na francusk\u0105 loteri\u0119 online tutaj!","breadcrumb":{"@id":"https:\/\/jackpotlotteryonline.com\/buy-tickets\/lotto-france\/#breadcrumb"},"inLanguage":"pl-PL","potentialAction":[{"@type":"ReadAction","target":["https:\/\/jackpotlotteryonline.com\/buy-tickets\/lotto-france\/"]}]},{"@type":"ImageObject","inLanguage":"pl-PL","@id":"https:\/\/jackpotlotteryonline.com\/buy-tickets\/lotto-france\/#primaryimage","url":"http:\/\/jackpotlotteryonline.com\/wp-content\/uploads\/2022\/11\/1_winning_numbers_euromillions.jpg","contentUrl":"http:\/\/jackpotlotteryonline.com\/wp-content\/uploads\/2022\/11\/1_winning_numbers_euromillions.jpg"},{"@type":"BreadcrumbList","@id":"https:\/\/jackpotlotteryonline.com\/buy-tickets\/lotto-france\/#breadcrumb","itemListElement":[{"@type":"ListItem","position":1,"name":"Home","item":"https:\/\/jackpotlotteryonline.com\/pl\/"},{"@type":"ListItem","position":2,"name":"Jak kupi\u0107 bilety na loteri\u0119 online","item":"https:\/\/jackpotlotteryonline.com\/buy-tickets\/"},{"@type":"ListItem","position":3,"name":"Kup bilety na Lotto France"}]},{"@type":"WebSite","@id":"https:\/\/jackpotlotteryonline.com\/#website","url":"https:\/\/jackpotlotteryonline.com\/","name":"Lotto Online - Crack The International Lottery Jackpots","description":"","potentialAction":[{"@type":"SearchAction","target":{"@type":"EntryPoint","urlTemplate":"https:\/\/jackpotlotteryonline.com\/?s={search_term_string}"},"query-input":"required name=search_term_string"}],"inLanguage":"pl-PL"}]}},"_links":{"self":[{"href":"https:\/\/jackpotlotteryonline.com\/pl\/wp-json\/wp\/v2\/pages\/36796","targetHints":{"allow":["GET"]}}],"collection":[{"href":"https:\/\/jackpotlotteryonline.com\/pl\/wp-json\/wp\/v2\/pages"}],"about":[{"href":"https:\/\/jackpotlotteryonline.com\/pl\/wp-json\/wp\/v2\/types\/page"}],"author":[{"embeddable":true,"href":"https:\/\/jackpotlotteryonline.com\/pl\/wp-json\/wp\/v2\/users\/1"}],"replies":[{"embeddable":true,"href":"https:\/\/jackpotlotteryonline.com\/pl\/wp-json\/wp\/v2\/comments?post=36796"}],"version-history":[{"count":0,"href":"https:\/\/jackpotlotteryonline.com\/pl\/wp-json\/wp\/v2\/pages\/36796\/revisions"}],"up":[{"embeddable":true,"href":"https:\/\/jackpotlotteryonline.com\/pl\/wp-json\/wp\/v2\/pages\/35770"}],"wp:attachment":[{"href":"https:\/\/jackpotlotteryonline.com\/pl\/wp-json\/wp\/v2\/media?parent=36796"}],"curies":[{"name":"wp","href":"https:\/\/api.w.org\/{rel}","templated":true}]}}