{"id":36849,"date":"2022-11-09T09:03:30","date_gmt":"2022-11-09T09:03:30","guid":{"rendered":"https:\/\/jackpotlotteryonline.com\/?page_id=36849"},"modified":"2023-01-04T09:17:20","modified_gmt":"2023-01-04T09:17:20","slug":"lotto-america","status":"publish","type":"page","link":"https:\/\/jackpotlotteryonline.com\/pl\/kupic-bilety\/lotto-america\/","title":{"rendered":"Lotto Ameryka bilety online"},"content":{"rendered":"<p>W marcu 2018 roku pewna rodzina wygra\u0142a w Lotto America jackpot w wysoko\u015bci 23 milion\u00f3w dolar\u00f3w. Jest to najwy\u017csza nagroda, jak\u0105 do tej pory zdoby\u0142 jakikolwiek gracz, jednak zwr\u00f3ci\u0142a ona uwag\u0119 na t\u0119 loteri\u0119. Za\u0142o\u017cona w 1988 roku przez siedem ameryka\u0144skich stan\u00f3w, kilka innych stan\u00f3w do\u0142\u0105czy\u0142o do loterii. Przez te lata wyprodukowa\u0142a ona kilku milioner\u00f3w.<\/p>\n<p>Bilety na t\u0119 loteri\u0119 mo\u017cna kupi\u0107 w ka\u017cdym z uczestnicz\u0105cych w niej stan\u00f3w. Co ciekawe, nie jest to jedyna loteria w USA, ale konsekwentnie przyci\u0105ga graczy z ka\u017cdego miejsca. Je\u015bli jeste\u015b graczem spoza Ameryki P\u00f3\u0142nocnej, by\u0107 mo\u017ce zastanawiasz si\u0119, jak kupi\u0107 bilety na t\u0119 loteri\u0119.<\/p>\n<p><a href=\"https:\/\/jackpotlotteryonline.com\/pl\/jak-grac\/lotto-america-2\">Poprowadzimy Ci\u0119 przez udan\u0105 gr\u0119 na tej loterii spoza Stan\u00f3w<\/a>. Postaramy si\u0119 tak\u017ce odpowiedzie\u0107 na wszelkie pytania, jakie mo\u017cesz mie\u0107 na temat Lotto America oraz jak wej\u015b\u0107 na loteri\u0119.<\/p>\n<h2>Jak dzia\u0142a ta loteria?<\/h2>\n<p><img loading=\"lazy\" decoding=\"async\" class=\"size-full wp-image-29993 alignright\" src=\"https:\/\/jackpotlotteryonline.com\/wp-content\/uploads\/2022\/11\/1_win_lottery_usa_online.jpg\" alt=\"Lotto America bilety online\" width=\"300\" height=\"200\" \/><\/p>\n<p>Jak wi\u0119kszo\u015b\u0107 gier loteryjnych, jest to gra liczb na wi\u0119cej ni\u017c jeden spos\u00f3b. Jest to gra liczb, w kt\u00f3rej gracze nie maj\u0105 wysokich szans na wygran\u0105. Ale to jest w\u0142a\u015bnie loteria i nie wiadomo, kiedy szcz\u0119\u015bcie b\u0119dzie sprzyja\u0107 graczowi. Jest to r\u00f3wnie\u017c gra liczb w spos\u00f3b, w jaki gra jest rozgrywana.<\/p>\n<p>W tej ameryka\u0144skiej loterii gracze musz\u0105 wybra\u0107 pi\u0119\u0107 g\u0142\u00f3wnych numer\u00f3w od 1 do 52. Trzeba tak\u017ce wybra\u0107 numer Star Ball pomi\u0119dzy 1 a 10. W sumie jest to 6 numer\u00f3w. Je\u015bli nie jeste\u015b pewien, jakie numery wybra\u0107, mo\u017cesz u\u017cy\u0107 auto pickera, aby przyspieszy\u0107 proces. Mo\u017cesz tak\u017ce wybra\u0107 kilka linii liczb, aby zwi\u0119kszy\u0107 swoje szanse na wygran\u0105.<\/p>\n<p>Nast\u0119pnie wybierasz, w ilu losowaniach chcia\u0142by\u015b wzi\u0105\u0107 udzia\u0142. Ta ameryka\u0144ska loteria organizuje trzy losowania w tygodniu w poniedzia\u0142ek, \u015brod\u0119 i sobot\u0119. Mo\u017cesz wzi\u0105\u0107 udzia\u0142 w wielu losowaniach.<\/p>\n<h2>Graj\u0105c w Bonus All Star<\/h2>\n<p>Bonus All Star to spos\u00f3b na pomno\u017cenie swoich wygranych. Kiedy wybierasz swoje numery, mo\u017cesz w\u0142\u0105czy\u0107 bonus All Star za dodatkow\u0105 op\u0142at\u0105. Jest to szczeg\u00f3lnie przydatne dla tych, kt\u00f3rzy wygrywaj\u0105 nagrody w innych kategoriach, poniewa\u017c mo\u017ce znacznie zwi\u0119kszy\u0107 to, co zabieraj\u0105 do domu.<\/p>\n<p>Bonus All Star jest wybierany losowo i og\u0142aszany w <a href=\"https:\/\/jackpotlotteryonline.com\/pl\/zwycieskie-numery\/lotto-america\">dniu losowania<\/a>. Nale\u017cy pami\u0119ta\u0107, \u017ce nie mo\u017cna go uwzgl\u0119dni\u0107 po dokonaniu zakupu. Musi on by\u0107 do\u0142\u0105czony do zakupu biletu.<\/p>\n<section class=\"layout\" style=\"border: solid 1px; width: 100%;\">\n<div class=\"img-div\" style=\"margin-top: 5px;\"><img decoding=\"async\" class=\"wp-image-17212 alignleft\" style=\"height: 45px; margin: 8px 8px 0px;\" src=\"https:\/\/jackpotlotteryonline.com\/wp-content\/uploads\/2022\/11\/read1.jpg\" alt=\"czytaj\" width=\"\" height=\"\" \/><\/div>\n<div style=\"padding-left: 5px;\">\n<div style=\"font-size: 1.1em;\">\n<p><strong>Niekt\u00f3rzy zwyci\u0119zcy loterii oddali si\u0119 spo\u0142eczno\u015bci<\/strong><\/p>\n<p style=\"font-size: 0.85em; margin-top: -1.5em;\">Niekt\u00f3re ciekawe i chwytaj\u0105ce za serce historie o zwyci\u0119zcach loterii daj\u0105c z powrotem <a href=\"https:\/\/jackpotlotteryonline.com\/pl\/historie-o-zwyciezcach-loterii-ktorzy-oddaja-pieniadze\">wi\u0119cej<\/a><\/p>\n<\/div>\n<\/div>\n<\/section>\n<h2>Wygrana w Jackpocie<\/h2>\n<p>Jackpot zaczyna si\u0119 od 2 milion\u00f3w dolar\u00f3w. Je\u015bli nie ma zwyci\u0119zcy po losowaniu, przechodzi on do nast\u0119pnego losowania. Kontynuuje si\u0119 do momentu, a\u017c dojdzie do 10 milion\u00f3w dolar\u00f3w. Jak ju\u017c wspomnieli\u015bmy na pocz\u0105tku, mo\u017ce on znacznie przekroczy\u0107 10 milion\u00f3w dolar\u00f3w.<\/p>\n<p>Warto zauwa\u017cy\u0107, \u017ce jackpot nie jest jedyn\u0105 nagrod\u0105, kt\u00f3r\u0105 gracz mo\u017ce wygra\u0107 graj\u0105c w t\u0119 ameryka\u0144sk\u0105 loteri\u0119. Posiada ona osiem innych poziom\u00f3w nagr\u00f3d, w tym nagrod\u0119 po prostu za dopasowanie Star Ball. W po\u0142\u0105czeniu z All Star Bonus, gracz, kt\u00f3ry wygra nagrod\u0119 dodatkow\u0105 mo\u017ce wr\u00f3ci\u0107 do domu znacznie bogatszy.<\/p>\n<h2>Kiedy wygrywasz<\/h2>\n<p>Wed\u0142ug strony internetowej Lotto America, mo\u017cesz ubiega\u0107 si\u0119 o nagrod\u0119 tylko w stanie, w kt\u00f3rym wygra\u0142e\u015b. Je\u015bli wi\u0119c kupi\u0142e\u015b sw\u00f3j los na przyk\u0142ad w Maine, musisz uda\u0107 si\u0119 do tego stanu, aby odebra\u0107 swoj\u0105 wygran\u0105. Je\u015bli jednak mieszkasz poza Stanami, wtedy sprawy maj\u0105 si\u0119 nieco inaczej.<\/p>\n<h2>Jak kupi\u0107 losy na Lotto Ameryka spoza USA<\/h2>\n<p><img loading=\"lazy\" decoding=\"async\" class=\"alignright size-medium wp-image-34079\" src=\"https:\/\/jackpotlotteryonline.com\/wp-content\/uploads\/2022\/11\/2_ticket_mon_wed_lotto_au-176x300.jpg\" alt=\"Lotto America bilety z poza USA\" width=\"176\" height=\"300\" srcset=\"https:\/\/jackpotlotteryonline.com\/wp-content\/uploads\/2022\/11\/2_ticket_mon_wed_lotto_au-176x300.jpg 176w, https:\/\/jackpotlotteryonline.com\/wp-content\/uploads\/2022\/11\/2_ticket_mon_wed_lotto_au.jpg 250w\" sizes=\"auto, (max-width: 176px) 100vw, 176px\" \/><\/p>\n<p>Istniej\u0105 tylko dwa sposoby, aby wzi\u0105\u0107 udzia\u0142 w tej loterii. Pierwszym z nich jest zakupienie losu od sprzedawcy w dowolnym stanie, w kt\u00f3rym sprzedawane s\u0105 losy. Natomiast drug\u0105 opcj\u0105 jest uzyskanie dost\u0119pu do loterii przez internet. Wi\u0119cej punters s\u0105 uczestnicz\u0105ce w mi\u0119dzynarodowych loterii online.<\/p>\n<p>Istniej\u0105 strony loteryjne, kt\u00f3re daj\u0105 graczom legalny dost\u0119p do loterii na ca\u0142ym \u015bwiecie. Przed patronowa\u0107 \u017cadnej z tych stron, wa\u017cne jest, po pierwsze, aby dowiedzie\u0107 si\u0119, czy jest to strona concierge. To jest tak, \u017ce nie ko\u0144czy si\u0119 na zak\u0142ady na wyniki loterii, w przeciwie\u0144stwie do wej\u015bcia na loterii.<\/p>\n<p>Kiedy kupujesz sw\u00f3j kupon od nas, otrzymujesz dost\u0119p do wybranej przez siebie loterii. Prowadzimy serwis concierge z agentami na ca\u0142ym \u015bwiecie. Po zakupie biletu online, nasi agenci w tym kraju otrzymaj\u0105 r\u00f3wnie\u017c fizyczny kupon z odpowiednimi numerami. Niewa\u017cne gdzie jeste\u015b, mo\u017cesz by\u0107 pewien, \u017ce masz szans\u0119 na wielk\u0105 wygran\u0105.<\/p>\n","protected":false},"excerpt":{"rendered":"<p>W marcu 2018 roku pewna rodzina wygra\u0142a w Lotto America jackpot w wysoko\u015bci 23 milion\u00f3w dolar\u00f3w. Jest to najwy\u017csza nagroda, jak\u0105 do tej pory zdoby\u0142 jakikolwiek gracz, jednak zwr\u00f3ci\u0142a ona uwag\u0119 na t\u0119 loteri\u0119. Za\u0142o\u017cona w 1988 roku przez siedem ameryka\u0144skich stan\u00f3w, kilka innych stan\u00f3w do\u0142\u0105czy\u0142o do loterii. Przez te lata wyprodukowa\u0142a ona kilku milioner\u00f3w. [&hellip;]<\/p>\n","protected":false},"author":1,"featured_media":0,"parent":35770,"menu_order":13,"comment_status":"closed","ping_status":"closed","template":"lotto-america-info.php","meta":{"_et_pb_use_builder":"","_et_pb_old_content":"","_et_gb_content_width":"","exclude_from_search":false,"footnotes":""},"class_list":["post-36849","page","type-page","status-publish","hentry"],"yoast_head":"<!-- This site is optimized with the Yoast SEO plugin v23.3 - https:\/\/yoast.com\/wordpress\/plugins\/seo\/ -->\n<title>Kup bilety na Lotto America spoza USA | Lotto America online<\/title>\n<meta name=\"description\" content=\"Lotto America mo\u017ce by\u0107 grane spoza USA - wystarczy kupi\u0107 bilet na Lotto America poprzez nasz serwis biletowy online\" \/>\n<meta name=\"robots\" content=\"index, follow, max-snippet:-1, max-image-preview:large, max-video-preview:-1\" \/>\n<link rel=\"canonical\" href=\"https:\/\/jackpotlotteryonline.com\/buy-tickets\/lotto-america\/\" \/>\n<meta property=\"og:locale\" content=\"pl_PL\" \/>\n<meta property=\"og:type\" content=\"article\" \/>\n<meta property=\"og:title\" content=\"Kup bilety na Lotto America spoza USA | Lotto America online\" \/>\n<meta property=\"og:description\" content=\"Lotto America mo\u017ce by\u0107 grane spoza USA - wystarczy kupi\u0107 bilet na Lotto America poprzez nasz serwis biletowy online\" \/>\n<meta property=\"og:url\" content=\"https:\/\/jackpotlotteryonline.com\/buy-tickets\/lotto-america\/\" \/>\n<meta property=\"og:site_name\" content=\"Lotto Online - Crack The International Lottery Jackpots\" \/>\n<meta property=\"article:modified_time\" content=\"2023-01-04T09:17:20+00:00\" \/>\n<meta property=\"og:image\" content=\"https:\/\/jackpotlotteryonline.com\/wp-content\/uploads\/2022\/11\/1_win_lottery_usa_online.jpg\" \/>\n<meta name=\"twitter:card\" content=\"summary_large_image\" \/>\n<meta name=\"twitter:label1\" content=\"Szacowany czas czytania\" \/>\n\t<meta name=\"twitter:data1\" content=\"4 minuty\" \/>\n<!-- \/ Yoast SEO plugin. -->","yoast_head_json":{"title":"Kup bilety na Lotto America spoza USA | Lotto America online","description":"Lotto America mo\u017ce by\u0107 grane spoza USA - wystarczy kupi\u0107 bilet na Lotto America poprzez nasz serwis biletowy online","robots":{"index":"index","follow":"follow","max-snippet":"max-snippet:-1","max-image-preview":"max-image-preview:large","max-video-preview":"max-video-preview:-1"},"canonical":"https:\/\/jackpotlotteryonline.com\/buy-tickets\/lotto-america\/","og_locale":"pl_PL","og_type":"article","og_title":"Kup bilety na Lotto America spoza USA | Lotto America online","og_description":"Lotto America mo\u017ce by\u0107 grane spoza USA - wystarczy kupi\u0107 bilet na Lotto America poprzez nasz serwis biletowy online","og_url":"https:\/\/jackpotlotteryonline.com\/buy-tickets\/lotto-america\/","og_site_name":"Lotto Online - Crack The International Lottery Jackpots","article_modified_time":"2023-01-04T09:17:20+00:00","og_image":[{"url":"https:\/\/jackpotlotteryonline.com\/wp-content\/uploads\/2022\/11\/1_win_lottery_usa_online.jpg"}],"twitter_card":"summary_large_image","twitter_misc":{"Szacowany czas czytania":"4 minuty"},"schema":{"@context":"https:\/\/schema.org","@graph":[{"@type":"WebPage","@id":"https:\/\/jackpotlotteryonline.com\/buy-tickets\/lotto-america\/","url":"https:\/\/jackpotlotteryonline.com\/buy-tickets\/lotto-america\/","name":"Kup bilety na Lotto America spoza USA | Lotto America online","isPartOf":{"@id":"https:\/\/jackpotlotteryonline.com\/#website"},"primaryImageOfPage":{"@id":"https:\/\/jackpotlotteryonline.com\/buy-tickets\/lotto-america\/#primaryimage"},"image":{"@id":"https:\/\/jackpotlotteryonline.com\/buy-tickets\/lotto-america\/#primaryimage"},"thumbnailUrl":"https:\/\/jackpotlotteryonline.com\/wp-content\/uploads\/2022\/11\/1_win_lottery_usa_online.jpg","datePublished":"2022-11-09T09:03:30+00:00","dateModified":"2023-01-04T09:17:20+00:00","description":"Lotto America mo\u017ce by\u0107 grane spoza USA - wystarczy kupi\u0107 bilet na Lotto America poprzez nasz serwis biletowy online","breadcrumb":{"@id":"https:\/\/jackpotlotteryonline.com\/buy-tickets\/lotto-america\/#breadcrumb"},"inLanguage":"pl-PL","potentialAction":[{"@type":"ReadAction","target":["https:\/\/jackpotlotteryonline.com\/buy-tickets\/lotto-america\/"]}]},{"@type":"ImageObject","inLanguage":"pl-PL","@id":"https:\/\/jackpotlotteryonline.com\/buy-tickets\/lotto-america\/#primaryimage","url":"https:\/\/jackpotlotteryonline.com\/wp-content\/uploads\/2022\/11\/1_win_lottery_usa_online.jpg","contentUrl":"https:\/\/jackpotlotteryonline.com\/wp-content\/uploads\/2022\/11\/1_win_lottery_usa_online.jpg"},{"@type":"BreadcrumbList","@id":"https:\/\/jackpotlotteryonline.com\/buy-tickets\/lotto-america\/#breadcrumb","itemListElement":[{"@type":"ListItem","position":1,"name":"Home","item":"https:\/\/jackpotlotteryonline.com\/pl\/"},{"@type":"ListItem","position":2,"name":"Jak kupi\u0107 bilety na loteri\u0119 online","item":"https:\/\/jackpotlotteryonline.com\/buy-tickets\/"},{"@type":"ListItem","position":3,"name":"Lotto Ameryka bilety online"}]},{"@type":"WebSite","@id":"https:\/\/jackpotlotteryonline.com\/#website","url":"https:\/\/jackpotlotteryonline.com\/","name":"Lotto Online - Crack The International Lottery Jackpots","description":"","potentialAction":[{"@type":"SearchAction","target":{"@type":"EntryPoint","urlTemplate":"https:\/\/jackpotlotteryonline.com\/?s={search_term_string}"},"query-input":"required name=search_term_string"}],"inLanguage":"pl-PL"}]}},"_links":{"self":[{"href":"https:\/\/jackpotlotteryonline.com\/pl\/wp-json\/wp\/v2\/pages\/36849","targetHints":{"allow":["GET"]}}],"collection":[{"href":"https:\/\/jackpotlotteryonline.com\/pl\/wp-json\/wp\/v2\/pages"}],"about":[{"href":"https:\/\/jackpotlotteryonline.com\/pl\/wp-json\/wp\/v2\/types\/page"}],"author":[{"embeddable":true,"href":"https:\/\/jackpotlotteryonline.com\/pl\/wp-json\/wp\/v2\/users\/1"}],"replies":[{"embeddable":true,"href":"https:\/\/jackpotlotteryonline.com\/pl\/wp-json\/wp\/v2\/comments?post=36849"}],"version-history":[{"count":0,"href":"https:\/\/jackpotlotteryonline.com\/pl\/wp-json\/wp\/v2\/pages\/36849\/revisions"}],"up":[{"embeddable":true,"href":"https:\/\/jackpotlotteryonline.com\/pl\/wp-json\/wp\/v2\/pages\/35770"}],"wp:attachment":[{"href":"https:\/\/jackpotlotteryonline.com\/pl\/wp-json\/wp\/v2\/media?parent=36849"}],"curies":[{"name":"wp","href":"https:\/\/api.w.org\/{rel}","templated":true}]}}