{"id":36901,"date":"2022-11-09T10:08:07","date_gmt":"2022-11-09T10:08:07","guid":{"rendered":"https:\/\/jackpotlotteryonline.com\/?page_id=36901"},"modified":"2022-12-22T12:37:37","modified_gmt":"2022-12-22T12:37:37","slug":"uk-lottery","status":"publish","type":"page","link":"https:\/\/jackpotlotteryonline.com\/pl\/kupic-bilety\/uk-lottery\/","title":{"rendered":"UK Lottery"},"content":{"rendered":"<h2>Loteria UK Online Przegl\u0105d<\/h2>\n<p>UK Lottery jest popularn\u0105 gr\u0105 ze wzgl\u0119du na jej zdolno\u015b\u0107 do tworzenia milioner\u00f3w. Mo\u017cna w ni\u0105 gra\u0107 r\u00f3wnie\u017c online. <a href=\"https:\/\/jackpotlotteryonline.com\/pl\/zwycieskie-numery\/uk-lottery\">Gra jest losowana dwa razy w tygodniu<\/a> w \u015brody i soboty.<\/p>\n<h2>Jak dzia\u0142a UK Lottery<\/h2>\n<p>Ka\u017cdy gracz musi wybra\u0107 6 numer\u00f3w na swoim bilecie z wybranych numer\u00f3w od 1 do 49. Kiedy odbywa si\u0119 losowanie, wybieranych jest sze\u015b\u0107 numer\u00f3w wraz z jednym numerem bonusowym. Ze wzgl\u0119du na stosunkowo niski procent wyp\u0142at, nie polecamy tej loterii. Istnieje wiele innych mi\u0119dzynarodowych gier loteryjnych dost\u0119pnych online z lepszymi wyp\u0142atami i wy\u017cszymi jackpotami.<\/p>\n<section class=\"layout\" style=\"border: solid 1px; width: 100%;\">\n<div class=\"img-div\" style=\"margin-top: 5px;\"><img decoding=\"async\" class=\"wp-image-17212 alignleft\" style=\"height: 45px; margin: 8px 8px 0px;\" src=\"https:\/\/jackpotlotteryonline.com\/wp-content\/uploads\/2022\/11\/read1.jpg\" alt=\"czytaj\" width=\"\" height=\"\" \/><\/div>\n<div style=\"padding-left: 5px;\">\n<div style=\"font-size: 1.1em;\">\n<p><strong>Europejskie Loterie<\/strong><\/p>\n<p style=\"font-size: 0.85em; margin-top: -1.5em;\">Kt\u00f3re europejskie loterie s\u0105 najlepsze?\u00a0<a href=\"https:\/\/jackpotlotteryonline.com\/pl\/ktore-europejskie-loterie-sa-najlepsze\"> wi\u0119cej<\/a><\/p>\n<\/div>\n<\/div>\n<\/section>\n<h2>Wygrana w UK Lottery<\/h2>\n<p><img loading=\"lazy\" decoding=\"async\" class=\"alignright size-medium wp-image-19520\" src=\"https:\/\/jackpotlotteryonline.com\/wp-content\/uploads\/2022\/10\/2_ticket_uk_lottery-192x300.jpg\" alt=\"kupi\u0107 bilet UK loterii\" width=\"192\" height=\"300\" srcset=\"https:\/\/jackpotlotteryonline.com\/wp-content\/uploads\/2022\/10\/2_ticket_uk_lottery-192x300.jpg 192w, https:\/\/jackpotlotteryonline.com\/wp-content\/uploads\/2022\/10\/2_ticket_uk_lottery.jpg 250w\" sizes=\"auto, (max-width: 192px) 100vw, 192px\" \/><\/p>\n<p>Musisz dopasowa\u0107 minimum trzy liczby do g\u0142\u00f3wnych wylosowanych numer\u00f3w, aby wygra\u0107 nagrod\u0119. Numer bonusowy jest wa\u017cny tylko wtedy, gdy dopasujesz co najmniej pi\u0119\u0107 g\u0142\u00f3wnych numer\u00f3w w losowaniu.<\/p>\n<p>Odbieranie wygranych jest proste. Je\u015bli wygrasz do \u20ac2500, zostanie ona wyp\u0142acona bezpo\u015brednio na Twoje konto gracza lotto tutaj na naszej stronie. W przypadku wygranych wy\u017cszych ni\u017c \u20ac2.500, nasz dzia\u0142 obs\u0142ugi klienta skontaktuje si\u0119 z Tob\u0105 i zorganizuje bezpo\u015bredni\u0105 wyp\u0142at\u0119 z firmy loteryjnej.<\/p>\n<p>Oko\u0142o 45% wszystkich funduszy UK lotto idzie na nagrody pieni\u0119\u017cne. Je\u015bli dopasujesz sze\u015b\u0107 g\u0142\u00f3wnych numer\u00f3w, otrzymasz 52% funduszu puli; je\u015bli dopasujesz pi\u0119\u0107 g\u0142\u00f3wnych numer\u00f3w, plus numer bonusowy, otrzymasz 16% pozosta\u0142ego funduszu puli; je\u015bli dopasujesz pi\u0119\u0107 g\u0142\u00f3wnych numer\u00f3w, otrzymasz 10% pozosta\u0142ego funduszu puli; je\u015bli dopasujesz cztery g\u0142\u00f3wne numery, otrzymasz 22% pozosta\u0142ego funduszu puli, a je\u015bli dopasujesz 3 g\u0142\u00f3wne numery, otrzymasz zazwyczaj \u00a310. UK Lotto oferuje tak\u017ce gry online typu instant win.<\/p>\n<h2>Graj\u0105c w UK Lottery Online<\/h2>\n<p><a href=\"https:\/\/jackpotlotteryonline.com\/pl\/jak-grac\/uk-lottery\">Mo\u017cesz gra\u0107 w UK Lotto online<\/a>, co sprawia, \u017ce jest to bardziej dost\u0119pne i wygodne. Nie musisz ju\u017c wychodzi\u0107, aby kupi\u0107 bilet UK Lotto od sprzedawcy, mo\u017cesz teraz kupi\u0107 bilety w zaciszu w\u0142asnego domu i nie jest to zale\u017cne od Twojego \u017cycia w Wielkiej Brytanii.<\/p>\n<p>Aby gra\u0107 w UK lotto online i spoza Wielkiej Brytanii, nale\u017cy klikn\u0105\u0107 na powy\u017cszy baner dla brytyjskiej loterii. Wystarczy si\u0119 zarejestrowa\u0107, a nast\u0119pnie dokona\u0107 p\u0142atno\u015bci online.<\/p>\n<h2>Dlaczego wi\u0119kszo\u015b\u0107 mi\u0119dzynarodowych loterii ma bardziej atrakcyjne jackpoty ni\u017c UK Lottery<\/h2>\n<ul>\n<li>Jackpoty s\u0105 znacznie wy\u017csze w mi\u0119dzynarodowych loteriach (sprawd\u017a kwoty w banerze na g\u00f3rze)<\/li>\n<li>UK Lotto rozdaje tylko 45% \u015brodk\u00f3w jako wygrane<\/li>\n<li>Na naszej stronie masz do wyboru wiele mega loterii i ogromnych jackpot\u00f3w!<\/li>\n<\/ul>\n","protected":false},"excerpt":{"rendered":"<p>Loteria UK Online Przegl\u0105d UK Lottery jest popularn\u0105 gr\u0105 ze wzgl\u0119du na jej zdolno\u015b\u0107 do tworzenia milioner\u00f3w. Mo\u017cna w ni\u0105 gra\u0107 r\u00f3wnie\u017c online. Gra jest losowana dwa razy w tygodniu w \u015brody i soboty. Jak dzia\u0142a UK Lottery Ka\u017cdy gracz musi wybra\u0107 6 numer\u00f3w na swoim bilecie z wybranych numer\u00f3w od 1 do 49. Kiedy [&hellip;]<\/p>\n","protected":false},"author":1,"featured_media":0,"parent":35770,"menu_order":10,"comment_status":"closed","ping_status":"closed","template":"lotto-uk-info.php","meta":{"_et_pb_use_builder":"","_et_pb_old_content":"","_et_gb_content_width":"","exclude_from_search":false,"footnotes":""},"class_list":["post-36901","page","type-page","status-publish","hentry"],"yoast_head":"<!-- This site is optimized with the Yoast SEO plugin v23.3 - https:\/\/yoast.com\/wordpress\/plugins\/seo\/ -->\n<title>Kup bilety online na UK Lottery spoza Wielkiej Brytanii<\/title>\n<meta name=\"description\" content=\"Jak dzia\u0142a UK Lottery, i jak kupi\u0107 bilet i wygra\u0107 online spoza Wielkiej Brytanii\" \/>\n<meta name=\"robots\" content=\"index, follow, max-snippet:-1, max-image-preview:large, max-video-preview:-1\" \/>\n<link rel=\"canonical\" href=\"https:\/\/jackpotlotteryonline.com\/pl\/kupic-bilety\/uk-lottery\/\" \/>\n<meta property=\"og:locale\" content=\"pl_PL\" \/>\n<meta property=\"og:type\" content=\"article\" \/>\n<meta property=\"og:title\" content=\"Kup bilety online na UK Lottery spoza Wielkiej Brytanii\" \/>\n<meta property=\"og:description\" content=\"Jak dzia\u0142a UK Lottery, i jak kupi\u0107 bilet i wygra\u0107 online spoza Wielkiej Brytanii\" \/>\n<meta property=\"og:url\" content=\"https:\/\/jackpotlotteryonline.com\/pl\/kupic-bilety\/uk-lottery\/\" \/>\n<meta property=\"og:site_name\" content=\"Lotto Online - Crack The International Lottery Jackpots\" \/>\n<meta property=\"article:modified_time\" content=\"2022-12-22T12:37:37+00:00\" \/>\n<meta property=\"og:image\" content=\"https:\/\/jackpotlotteryonline.com\/wp-content\/uploads\/2022\/11\/read1.jpg\" \/>\n<meta name=\"twitter:card\" content=\"summary_large_image\" \/>\n<meta name=\"twitter:label1\" content=\"Szacowany czas czytania\" \/>\n\t<meta name=\"twitter:data1\" content=\"2 minuty\" \/>\n<!-- \/ Yoast SEO plugin. -->","yoast_head_json":{"title":"Kup bilety online na UK Lottery spoza Wielkiej Brytanii","description":"Jak dzia\u0142a UK Lottery, i jak kupi\u0107 bilet i wygra\u0107 online spoza Wielkiej Brytanii","robots":{"index":"index","follow":"follow","max-snippet":"max-snippet:-1","max-image-preview":"max-image-preview:large","max-video-preview":"max-video-preview:-1"},"canonical":"https:\/\/jackpotlotteryonline.com\/pl\/kupic-bilety\/uk-lottery\/","og_locale":"pl_PL","og_type":"article","og_title":"Kup bilety online na UK Lottery spoza Wielkiej Brytanii","og_description":"Jak dzia\u0142a UK Lottery, i jak kupi\u0107 bilet i wygra\u0107 online spoza Wielkiej Brytanii","og_url":"https:\/\/jackpotlotteryonline.com\/pl\/kupic-bilety\/uk-lottery\/","og_site_name":"Lotto Online - Crack The International Lottery Jackpots","article_modified_time":"2022-12-22T12:37:37+00:00","og_image":[{"url":"https:\/\/jackpotlotteryonline.com\/wp-content\/uploads\/2022\/11\/read1.jpg"}],"twitter_card":"summary_large_image","twitter_misc":{"Szacowany czas czytania":"2 minuty"},"schema":{"@context":"https:\/\/schema.org","@graph":[{"@type":"WebPage","@id":"https:\/\/jackpotlotteryonline.com\/pl\/kupic-bilety\/uk-lottery\/","url":"https:\/\/jackpotlotteryonline.com\/pl\/kupic-bilety\/uk-lottery\/","name":"Kup bilety online na UK Lottery spoza Wielkiej Brytanii","isPartOf":{"@id":"https:\/\/jackpotlotteryonline.com\/#website"},"primaryImageOfPage":{"@id":"https:\/\/jackpotlotteryonline.com\/pl\/kupic-bilety\/uk-lottery\/#primaryimage"},"image":{"@id":"https:\/\/jackpotlotteryonline.com\/pl\/kupic-bilety\/uk-lottery\/#primaryimage"},"thumbnailUrl":"https:\/\/jackpotlotteryonline.com\/wp-content\/uploads\/2022\/11\/read1.jpg","datePublished":"2022-11-09T10:08:07+00:00","dateModified":"2022-12-22T12:37:37+00:00","description":"Jak dzia\u0142a UK Lottery, i jak kupi\u0107 bilet i wygra\u0107 online spoza Wielkiej Brytanii","breadcrumb":{"@id":"https:\/\/jackpotlotteryonline.com\/pl\/kupic-bilety\/uk-lottery\/#breadcrumb"},"inLanguage":"pl-PL","potentialAction":[{"@type":"ReadAction","target":["https:\/\/jackpotlotteryonline.com\/pl\/kupic-bilety\/uk-lottery\/"]}]},{"@type":"ImageObject","inLanguage":"pl-PL","@id":"https:\/\/jackpotlotteryonline.com\/pl\/kupic-bilety\/uk-lottery\/#primaryimage","url":"https:\/\/jackpotlotteryonline.com\/wp-content\/uploads\/2022\/11\/read1.jpg","contentUrl":"https:\/\/jackpotlotteryonline.com\/wp-content\/uploads\/2022\/11\/read1.jpg"},{"@type":"BreadcrumbList","@id":"https:\/\/jackpotlotteryonline.com\/pl\/kupic-bilety\/uk-lottery\/#breadcrumb","itemListElement":[{"@type":"ListItem","position":1,"name":"Home","item":"https:\/\/jackpotlotteryonline.com\/pl\/"},{"@type":"ListItem","position":2,"name":"Jak kupi\u0107 bilety na loteri\u0119 online","item":"https:\/\/jackpotlotteryonline.com\/buy-tickets\/"},{"@type":"ListItem","position":3,"name":"UK Lottery"}]},{"@type":"WebSite","@id":"https:\/\/jackpotlotteryonline.com\/#website","url":"https:\/\/jackpotlotteryonline.com\/","name":"Lotto Online - Crack The International Lottery Jackpots","description":"","potentialAction":[{"@type":"SearchAction","target":{"@type":"EntryPoint","urlTemplate":"https:\/\/jackpotlotteryonline.com\/?s={search_term_string}"},"query-input":"required name=search_term_string"}],"inLanguage":"pl-PL"}]}},"_links":{"self":[{"href":"https:\/\/jackpotlotteryonline.com\/pl\/wp-json\/wp\/v2\/pages\/36901","targetHints":{"allow":["GET"]}}],"collection":[{"href":"https:\/\/jackpotlotteryonline.com\/pl\/wp-json\/wp\/v2\/pages"}],"about":[{"href":"https:\/\/jackpotlotteryonline.com\/pl\/wp-json\/wp\/v2\/types\/page"}],"author":[{"embeddable":true,"href":"https:\/\/jackpotlotteryonline.com\/pl\/wp-json\/wp\/v2\/users\/1"}],"replies":[{"embeddable":true,"href":"https:\/\/jackpotlotteryonline.com\/pl\/wp-json\/wp\/v2\/comments?post=36901"}],"version-history":[{"count":0,"href":"https:\/\/jackpotlotteryonline.com\/pl\/wp-json\/wp\/v2\/pages\/36901\/revisions"}],"up":[{"embeddable":true,"href":"https:\/\/jackpotlotteryonline.com\/pl\/wp-json\/wp\/v2\/pages\/35770"}],"wp:attachment":[{"href":"https:\/\/jackpotlotteryonline.com\/pl\/wp-json\/wp\/v2\/media?parent=36901"}],"curies":[{"name":"wp","href":"https:\/\/api.w.org\/{rel}","templated":true}]}}