{"id":36954,"date":"2022-11-09T11:23:58","date_gmt":"2022-11-09T11:23:58","guid":{"rendered":"https:\/\/jackpotlotteryonline.com\/?page_id=36954"},"modified":"2023-01-04T08:17:50","modified_gmt":"2023-01-04T08:17:50","slug":"set-for-life","status":"publish","type":"page","link":"https:\/\/jackpotlotteryonline.com\/pl\/kupic-bilety\/set-for-life\/","title":{"rendered":"Kup bilety na Set for Life"},"content":{"rendered":"<p>Czy jeste\u015b gotowy na szans\u0119 na bycie ustawionym na ca\u0142e \u017cycie? Nie ma lepszego momentu ni\u017c teraz, aby spr\u00f3bowa\u0107 wygra\u0107 \u00a310,000 co miesi\u0105c przez nast\u0119pne 30 lat, a wszystko zaczyna si\u0119 od <a href=\"https:\/\/jackpotlotteryonline.com\/pl\/jak-grac\/zagraj-w-set-for-life-online\">gry na brytyjskiej loterii<\/a>.<\/p>\n<p>Loteria ta jest obs\u0142ugiwana przez UK National Lottery i mia\u0142a swoje pierwsze losowanie w 1999 roku. Od tego czasu sta\u0142a si\u0119 ona ulubion\u0105 loteri\u0105 brytyjskich graczy, poniewa\u017c wygrana w wysoko\u015bci \u00a310,000 miesi\u0119cznie przez 30 lat wydaje si\u0119 by\u0107 dla nich zbyt trudna do odrzucenia. Ty te\u017c nie powiniene\u015b, je\u015bli chodzi o Ciebie. Wygrana w tej loterii jest prawie jak posiadanie Ojca \u015awi\u0119tego Miko\u0142aja, kt\u00f3ry przychodzi do Twojego domu co miesi\u0105c.<br \/>\n<img loading=\"lazy\" decoding=\"async\" class=\"alignright size-medium wp-image-35457\" src=\"http:\/\/jackpotlotteryonline.com\/wp-content\/uploads\/2022\/11\/2_ticket_uk_lottery-192x300.jpg\" alt=\"Set for Life bilety\" width=\"192\" height=\"300\" srcset=\"https:\/\/jackpotlotteryonline.com\/wp-content\/uploads\/2022\/11\/2_ticket_uk_lottery-192x300.jpg 192w, https:\/\/jackpotlotteryonline.com\/wp-content\/uploads\/2022\/11\/2_ticket_uk_lottery.jpg 250w\" sizes=\"auto, (max-width: 192px) 100vw, 192px\" \/><\/p>\n<p>Bilety na t\u0119 brytyjsk\u0105 loteri\u0119 sprzedawane s\u0105 w szerokiej sieci sprzedawc\u00f3w w kraju. Je\u015bli jednak mieszkasz poza granicami Wielkiej Brytanii, nie ma powodu, dla kt\u00f3rego nie mo\u017cesz kupi\u0107 bilet\u00f3w na t\u0119 loteri\u0119. Jackpotlotteryonline.com zapewnia entuzjastom lotto dost\u0119p do najlepszych mi\u0119dzynarodowych loterii z wygodnego komputera lub urz\u0105dzenia mobilnego.<\/p>\n<p>Zarejestruj si\u0119 u nas, aby zacz\u0105\u0107 gra\u0107 na loteriach w Wielkiej Brytanii i reszcie \u015bwiata.<\/p>\n<h2>Jak gra\u0107 w Set for Life online<\/h2>\n<p>R\u00f3\u017cni si\u0119 ona od innych loterii, poniewa\u017c jest to loteria rentowa, wi\u0119c zwyci\u0119zcy nie wr\u00f3c\u0105 do domu z milionami euro lub funt\u00f3w. Jednak jedyna r\u00f3\u017cnica tkwi w sposobie przyznawania nagrody. Podobnie jak w przypadku innych loterii, gracz musi wybra\u0107 g\u0142\u00f3wne numery z pewnego zakresu oraz numer specjalny.<\/p>\n<p>Aby zdoby\u0107 kupony Set for Life online, odwied\u017a wybran\u0105 stron\u0119, a nast\u0119pnie wybierz pi\u0119\u0107 g\u0142\u00f3wnych numer\u00f3w z przedzia\u0142u od 1 do 47. Wybierz dodatkowy numer bonusowy zwany &#8220;numerem kuli \u017cycia&#8221; z zakresu od 1 do 10. Mo\u017cesz u\u017cy\u0107 swoich szcz\u0119\u015bliwych numer\u00f3w lub skorzysta\u0107 z narz\u0119dzia auto-pick, aby wybra\u0107 losow\u0105 lini\u0119 liczb. Mo\u017cesz r\u00f3wnie\u017c wybra\u0107 kilka linii liczb, aby zwi\u0119kszy\u0107 swoje szanse na wygran\u0105.<\/p>\n<p>Aby wygra\u0107 na loterii musisz dopasowa\u0107 wszystkie 6 wylosowanych numer\u00f3w. Je\u015bli zarejestrujesz si\u0119 u nas, mo\u017cesz bra\u0107 udzia\u0142 w <a href=\"https:\/\/jackpotlotteryonline.com\/pl\/zwycieskie-numery\/set-for-life\">losowaniach z kilkutygodniowym wyprzedzeniem.<\/a><\/p>\n<h2>Nagrody<\/h2>\n<p><img loading=\"lazy\" decoding=\"async\" class=\"size-medium wp-image-30128 alignright\" src=\"http:\/\/jackpotlotteryonline.com\/wp-content\/uploads\/2022\/11\/1_win_online_lottery_jackpot-300x182.jpg\" alt=\"Nagroda brytyjskiej loterii\" width=\"300\" height=\"182\" srcset=\"https:\/\/jackpotlotteryonline.com\/wp-content\/uploads\/2022\/11\/1_win_online_lottery_jackpot-300x182.jpg 300w, https:\/\/jackpotlotteryonline.com\/wp-content\/uploads\/2022\/11\/1_win_online_lottery_jackpot.jpg 320w\" sizes=\"auto, (max-width: 300px) 100vw, 300px\" \/><\/p>\n<p>M\u00f3wili\u015bmy ju\u017c o jackpocie, kt\u00f3ry wynosi \u00a310,000 co miesi\u0105c przez 30 lat. Jednak nie jest to jedyna nagroda dla graczy tej loterii. Na przyk\u0142ad, je\u015bli dopasujesz tylko 5 g\u0142\u00f3wnych liczb, otrzymasz \u00a310,000 co miesi\u0105c przez rok. Nie\u017ale, prawda?<\/p>\n<p>Przyjrzyjmy si\u0119 podzia\u0142owi nagr\u00f3d oraz temu, czego gracze mog\u0105 spodziewa\u0107 si\u0119 po zakupie los\u00f3w na t\u0119 brytyjsk\u0105 loteri\u0119.<\/p>\n<p>Dopasuj 5 g\u0142\u00f3wnych liczb + Life Ball &#8211; \u00a310,000 co miesi\u0105c przez 30 lat<br \/>\nTylko 5 g\u0142\u00f3wnych liczb &#8211; \u00a310,000 co miesi\u0105c przez 1 rok<br \/>\nDopasuj 4 g\u0142\u00f3wne numery + Life Ball &#8211; \u00a3250<br \/>\nTylko 4 g\u0142\u00f3wne numery &#8211; 50 funt\u00f3w<br \/>\nDopasowanie 3 g\u0142\u00f3wnych liczb + Life Ball &#8211; \u00a330<br \/>\nTylko 3 g\u0142\u00f3wne numery &#8211; 20 z\u0142<br \/>\nDopasowanie 2 g\u0142\u00f3wnych numer\u00f3w + Life Ball &#8211; \u00a310<br \/>\nTylko 2 g\u0142\u00f3wne numery &#8211; \u00a35<\/p>\n<h2>Odbieranie nagrody<\/h2>\n<p>Masz 180 dni na zg\u0142oszenie swojej nagrody lub nie mo\u017cesz jej odebra\u0107. Nagrody loteryjne w Wielkiej Brytanii s\u0105 wolne od podatku, wi\u0119c mo\u017cesz cieszy\u0107 si\u0119 wszystkimi swoimi wygranymi jak chcesz. Jednak dla os\u00f3b graj\u0105cych spoza kraju, warto dowiedzie\u0107 si\u0119 jakie s\u0105 przepisy podatkowe w miejscu zamieszkania.<\/p>\n<section class=\"layout\" style=\"border: solid 1px; width: 100%;\">\n<div class=\"img-div\" style=\"margin-top: 5px;\"><img decoding=\"async\" class=\"wp-image-17212 alignleft\" style=\"height: 45px; margin: 8px 8px 0px;\" src=\"http:\/\/jackpotlotteryonline.com\/wp-content\/uploads\/2022\/11\/read1.jpg\" alt=\"czytaj\" width=\"\" height=\"\" \/><\/div>\n<div style=\"padding-left: 5px;\">\n<div style=\"font-size: 1.1em;\">\n<p><strong>Podatki od wygranych na loterii<\/strong><\/p>\n<p style=\"font-size: 0.85em; margin-top: -1.5em;\">Czy musz\u0119 p\u0142aci\u0107 podatki od wygranych na loterii?\u00a0 <a href=\"https:\/\/jackpotlotteryonline.com\/pl\/czy-musze-placic-podatki-od-wygranych-na-loterii\"> wi\u0119cej<\/a><\/p>\n<\/div>\n<\/div>\n<\/section>\n<h2>Niesamowita okazja na ca\u0142e \u017cycie<\/h2>\n<p>Szansa na wygranie Set for Life to okazja na ca\u0142e \u017cycie. Oznacza to, \u017ce nigdy wi\u0119cej nie b\u0119dziesz musia\u0142 martwi\u0107 si\u0119 o swoje finanse, je\u015bli wygrasz. Istniej\u0105 historie zwyci\u0119zc\u00f3w loterii, kt\u00f3rzy wydali ca\u0142\u0105 swoj\u0105 fortun\u0119 i s\u0105 teraz bankrutami. Z t\u0105 loteri\u0105, nie musi Ci si\u0119 to przydarzy\u0107. Nawet je\u015bli wydasz wszystko w pierwszym miesi\u0105cu, to wiesz, \u017ce w nast\u0119pnym miesi\u0105cu mo\u017cesz wykorzysta\u0107 to lepiej.<\/p>\n<p>Pomy\u015bl, co by to znaczy\u0142o otrzymywa\u0107 tak\u0105 kwot\u0119 co miesi\u0105c przez 30 lat.<\/p>\n<h2>Zarejestruj si\u0119 u nas, aby zagra\u0107 w Set for Life<\/h2>\n<p>Zdobycie biletu na brytyjsk\u0105 loteri\u0119 rentiersk\u0105 z dowolnego miejsca nigdy nie by\u0142o \u0142atwiejsze. Kiedy zarejestrujesz si\u0119 u nas, u\u0142atwimy Ci gr\u0119 na najlepszych loteriach na ca\u0142ym \u015bwiecie w spos\u00f3b bezproblemowy i bez obaw. Jeste\u015bmy wszyscy o tworzeniu niezapomnianych do\u015bwiadcze\u0144 dla naszych klient\u00f3w. Wi\u0119c zarejestruj si\u0119 u nas ju\u017c dzi\u015b, aby kupi\u0107 bilety Set for Life z dowolnego miejsca na \u015bwiecie.<\/p>\n","protected":false},"excerpt":{"rendered":"<p>Czy jeste\u015b gotowy na szans\u0119 na bycie ustawionym na ca\u0142e \u017cycie? Nie ma lepszego momentu ni\u017c teraz, aby spr\u00f3bowa\u0107 wygra\u0107 \u00a310,000 co miesi\u0105c przez nast\u0119pne 30 lat, a wszystko zaczyna si\u0119 od gry na brytyjskiej loterii. Loteria ta jest obs\u0142ugiwana przez UK National Lottery i mia\u0142a swoje pierwsze losowanie w 1999 roku. Od tego czasu [&hellip;]<\/p>\n","protected":false},"author":1,"featured_media":0,"parent":35770,"menu_order":11,"comment_status":"closed","ping_status":"closed","template":"set-for-life-info.php","meta":{"_et_pb_use_builder":"","_et_pb_old_content":"","_et_gb_content_width":"","exclude_from_search":false,"footnotes":""},"class_list":["post-36954","page","type-page","status-publish","hentry"],"yoast_head":"<!-- This site is optimized with the Yoast SEO plugin v23.3 - https:\/\/yoast.com\/wordpress\/plugins\/seo\/ -->\n<title>Kup bilety na Set for life spoza Wielkiej Brytanii | Kup bilety na Set For Life online<\/title>\n<meta name=\"description\" content=\"Set for Life jest bardzo specjaln\u0105 loteri\u0105, ale aby wzi\u0105\u0107 w niej udzia\u0142 spoza Wielkiej Brytanii, musisz kupi\u0107 bilet online tutaj\" \/>\n<meta name=\"robots\" content=\"index, follow, max-snippet:-1, max-image-preview:large, max-video-preview:-1\" \/>\n<link rel=\"canonical\" href=\"https:\/\/jackpotlotteryonline.com\/pl\/kupic-bilety\/set-for-life\/\" \/>\n<meta property=\"og:locale\" content=\"pl_PL\" \/>\n<meta property=\"og:type\" content=\"article\" \/>\n<meta property=\"og:title\" content=\"Kup bilety na Set for life spoza Wielkiej Brytanii | Kup bilety na Set For Life online\" \/>\n<meta property=\"og:description\" content=\"Set for Life jest bardzo specjaln\u0105 loteri\u0105, ale aby wzi\u0105\u0107 w niej udzia\u0142 spoza Wielkiej Brytanii, musisz kupi\u0107 bilet online tutaj\" \/>\n<meta property=\"og:url\" content=\"https:\/\/jackpotlotteryonline.com\/pl\/kupic-bilety\/set-for-life\/\" \/>\n<meta property=\"og:site_name\" content=\"Lotto Online - Crack The International Lottery Jackpots\" \/>\n<meta property=\"article:modified_time\" content=\"2023-01-04T08:17:50+00:00\" \/>\n<meta property=\"og:image\" content=\"http:\/\/jackpotlotteryonline.com\/wp-content\/uploads\/2022\/11\/2_ticket_uk_lottery-192x300.jpg\" \/>\n<meta name=\"twitter:card\" content=\"summary_large_image\" \/>\n<meta name=\"twitter:label1\" content=\"Szacowany czas czytania\" \/>\n\t<meta name=\"twitter:data1\" content=\"4 minuty\" \/>\n<!-- \/ Yoast SEO plugin. -->","yoast_head_json":{"title":"Kup bilety na Set for life spoza Wielkiej Brytanii | Kup bilety na Set For Life online","description":"Set for Life jest bardzo specjaln\u0105 loteri\u0105, ale aby wzi\u0105\u0107 w niej udzia\u0142 spoza Wielkiej Brytanii, musisz kupi\u0107 bilet online tutaj","robots":{"index":"index","follow":"follow","max-snippet":"max-snippet:-1","max-image-preview":"max-image-preview:large","max-video-preview":"max-video-preview:-1"},"canonical":"https:\/\/jackpotlotteryonline.com\/pl\/kupic-bilety\/set-for-life\/","og_locale":"pl_PL","og_type":"article","og_title":"Kup bilety na Set for life spoza Wielkiej Brytanii | Kup bilety na Set For Life online","og_description":"Set for Life jest bardzo specjaln\u0105 loteri\u0105, ale aby wzi\u0105\u0107 w niej udzia\u0142 spoza Wielkiej Brytanii, musisz kupi\u0107 bilet online tutaj","og_url":"https:\/\/jackpotlotteryonline.com\/pl\/kupic-bilety\/set-for-life\/","og_site_name":"Lotto Online - Crack The International Lottery Jackpots","article_modified_time":"2023-01-04T08:17:50+00:00","og_image":[{"url":"http:\/\/jackpotlotteryonline.com\/wp-content\/uploads\/2022\/11\/2_ticket_uk_lottery-192x300.jpg"}],"twitter_card":"summary_large_image","twitter_misc":{"Szacowany czas czytania":"4 minuty"},"schema":{"@context":"https:\/\/schema.org","@graph":[{"@type":"WebPage","@id":"https:\/\/jackpotlotteryonline.com\/pl\/kupic-bilety\/set-for-life\/","url":"https:\/\/jackpotlotteryonline.com\/pl\/kupic-bilety\/set-for-life\/","name":"Kup bilety na Set for life spoza Wielkiej Brytanii | Kup bilety na Set For Life online","isPartOf":{"@id":"https:\/\/jackpotlotteryonline.com\/#website"},"primaryImageOfPage":{"@id":"https:\/\/jackpotlotteryonline.com\/pl\/kupic-bilety\/set-for-life\/#primaryimage"},"image":{"@id":"https:\/\/jackpotlotteryonline.com\/pl\/kupic-bilety\/set-for-life\/#primaryimage"},"thumbnailUrl":"http:\/\/jackpotlotteryonline.com\/wp-content\/uploads\/2022\/11\/2_ticket_uk_lottery-192x300.jpg","datePublished":"2022-11-09T11:23:58+00:00","dateModified":"2023-01-04T08:17:50+00:00","description":"Set for Life jest bardzo specjaln\u0105 loteri\u0105, ale aby wzi\u0105\u0107 w niej udzia\u0142 spoza Wielkiej Brytanii, musisz kupi\u0107 bilet online tutaj","breadcrumb":{"@id":"https:\/\/jackpotlotteryonline.com\/pl\/kupic-bilety\/set-for-life\/#breadcrumb"},"inLanguage":"pl-PL","potentialAction":[{"@type":"ReadAction","target":["https:\/\/jackpotlotteryonline.com\/pl\/kupic-bilety\/set-for-life\/"]}]},{"@type":"ImageObject","inLanguage":"pl-PL","@id":"https:\/\/jackpotlotteryonline.com\/pl\/kupic-bilety\/set-for-life\/#primaryimage","url":"http:\/\/jackpotlotteryonline.com\/wp-content\/uploads\/2022\/11\/2_ticket_uk_lottery-192x300.jpg","contentUrl":"http:\/\/jackpotlotteryonline.com\/wp-content\/uploads\/2022\/11\/2_ticket_uk_lottery-192x300.jpg"},{"@type":"BreadcrumbList","@id":"https:\/\/jackpotlotteryonline.com\/pl\/kupic-bilety\/set-for-life\/#breadcrumb","itemListElement":[{"@type":"ListItem","position":1,"name":"Home","item":"https:\/\/jackpotlotteryonline.com\/pl\/"},{"@type":"ListItem","position":2,"name":"Jak kupi\u0107 bilety na loteri\u0119 online","item":"https:\/\/jackpotlotteryonline.com\/buy-tickets\/"},{"@type":"ListItem","position":3,"name":"Kup bilety na Set for Life"}]},{"@type":"WebSite","@id":"https:\/\/jackpotlotteryonline.com\/#website","url":"https:\/\/jackpotlotteryonline.com\/","name":"Lotto Online - Crack The International Lottery Jackpots","description":"","potentialAction":[{"@type":"SearchAction","target":{"@type":"EntryPoint","urlTemplate":"https:\/\/jackpotlotteryonline.com\/?s={search_term_string}"},"query-input":"required name=search_term_string"}],"inLanguage":"pl-PL"}]}},"_links":{"self":[{"href":"https:\/\/jackpotlotteryonline.com\/pl\/wp-json\/wp\/v2\/pages\/36954","targetHints":{"allow":["GET"]}}],"collection":[{"href":"https:\/\/jackpotlotteryonline.com\/pl\/wp-json\/wp\/v2\/pages"}],"about":[{"href":"https:\/\/jackpotlotteryonline.com\/pl\/wp-json\/wp\/v2\/types\/page"}],"author":[{"embeddable":true,"href":"https:\/\/jackpotlotteryonline.com\/pl\/wp-json\/wp\/v2\/users\/1"}],"replies":[{"embeddable":true,"href":"https:\/\/jackpotlotteryonline.com\/pl\/wp-json\/wp\/v2\/comments?post=36954"}],"version-history":[{"count":0,"href":"https:\/\/jackpotlotteryonline.com\/pl\/wp-json\/wp\/v2\/pages\/36954\/revisions"}],"up":[{"embeddable":true,"href":"https:\/\/jackpotlotteryonline.com\/pl\/wp-json\/wp\/v2\/pages\/35770"}],"wp:attachment":[{"href":"https:\/\/jackpotlotteryonline.com\/pl\/wp-json\/wp\/v2\/media?parent=36954"}],"curies":[{"name":"wp","href":"https:\/\/api.w.org\/{rel}","templated":true}]}}