{"id":37007,"date":"2022-11-09T13:15:08","date_gmt":"2022-11-09T13:15:08","guid":{"rendered":"https:\/\/jackpotlotteryonline.com\/?page_id=37007"},"modified":"2022-12-24T08:53:10","modified_gmt":"2022-12-24T08:53:10","slug":"mega-sena","status":"publish","type":"page","link":"https:\/\/jackpotlotteryonline.com\/pl\/kupic-bilety\/mega-sena\/","title":{"rendered":"Kup bilety na Mega Sena"},"content":{"rendered":"<p>Mega Sena to najwi\u0119ksza loteria w Brazylii z jednym z najwi\u0119kszych jackpot\u00f3w na \u015bwiecie. Nic wi\u0119c dziwnego, \u017ce gracze na ca\u0142ym \u015bwiecie s\u0105 ch\u0119tni do wygrania tego jackpota. Co ciekawe, Mega Sena jest tak\u017ce \u0142atw\u0105 loteri\u0105 do zagrania, \u0142atwiejsz\u0105 ni\u017c wiele innych mi\u0119dzynarodowych loterii. \u0141atwo\u015b\u0107 gry, du\u017cy jackpot oraz korzystne kursy sprawiaj\u0105, \u017ce loteria ta jest niezwykle atrakcyjna dla graczy na ca\u0142ym \u015bwiecie.<\/p>\n<p><a href=\"https:\/\/jackpotlotteryonline.com\/pl\/jak-grac\/mega-sena-2\">Graj\u0105c na loterii Mega Sena<\/a> wystarczy dopasowa\u0107 sze\u015b\u0107 wylosowanych liczb. Nie ma \u017cadnych specjalnych lub bonusowych numer\u00f3w, gdy grasz w t\u0119 loteri\u0119. Wystarczy wybra\u0107 6 numer\u00f3w od 1 do 60 i <a href=\"https:\/\/jackpotlotteryonline.com\/pl\/zwycieskie-numery\/mega-sena\">wzi\u0105\u0107 udzia\u0142 w losowaniu<\/a>.<\/p>\n<p>Chocia\u017c musisz wybra\u0107 sze\u015b\u0107 numer\u00f3w, aby wzi\u0105\u0107 udzia\u0142 w losowaniu, nie ma ogranicze\u0144 co do liczby linii, kt\u00f3re mo\u017cesz wybra\u0107. Mo\u017cesz wi\u0119c wybra\u0107 dziesi\u0119\u0107 linii po sze\u015b\u0107 numer\u00f3w, aby zwi\u0119kszy\u0107 swoje szanse na wygran\u0105 w tej loterii.<\/p>\n<h2>Gdzie kupi\u0107 bilety na Mega Sena<\/h2>\n<p><img loading=\"lazy\" decoding=\"async\" class=\"alignright size-full wp-image-28778\" src=\"http:\/\/jackpotlotteryonline.com\/wp-content\/uploads\/2022\/11\/1_online_ticket_eurojackpot2.jpg\" alt=\"kupi\u0107 bilety na Mega Sena\" width=\"300\" height=\"200\" \/><\/p>\n<p>Je\u015bli mieszkasz w Brazylii, to udzia\u0142 w tej loterii jest tak prosty, jak udanie si\u0119 do sprzedawcy loterii, aby kupi\u0107 losy. Jednak mo\u017ce to stanowi\u0107 pewne wyzwanie dla graczy, kt\u00f3rzy mieszkaj\u0105 poza granicami kraju. Je\u015bli mieszkasz poza t\u0105 jurysdykcj\u0105, to jest jedna opcja, kt\u00f3ra jest dla Ciebie otwarta. Musia\u0142by\u015b zakupi\u0107 swoje bilety online.<\/p>\n<h2>Zakup los\u00f3w na Mega Sena online<\/h2>\n<p>Gra na loterii online jest do\u015b\u0107 prosta i daje graczom mo\u017cliwo\u015b\u0107 wej\u015bcia na loterie z ca\u0142ego \u015bwiata. Zazwyczaj gracze, kt\u00f3rzy nie mieszkaj\u0105 w danym kraju nie mogliby gra\u0107 na loterii z tego kraju. Internet zdemokratyzowa\u0142 udzia\u0142 w loteriach, daj\u0105c mo\u017cliwo\u015b\u0107 gry graczom, kt\u00f3rzy wcze\u015bniej byli pozbawieni praw przez granice geograficzne.<\/p>\n<p>Teraz, graj\u0105c na loterii Mega Sena jest tak proste, jak odwiedzenie strony loterii online jak jackpotlotteryonline.com. Tam mo\u017cna kupi\u0107 bilet, wybieraj\u0105c swoje numery, a nast\u0119pnie decyduj\u0105c, ile losowa\u0144 chcesz wej\u015b\u0107. Po tym wszystkim, wszystko co musisz zrobi\u0107, to czeka\u0107 na wyniki losowania.<\/p>\n<section class=\"layout\" style=\"border: solid 1px; width: 100%;\">\n<div class=\"img-div\" style=\"margin-top: 5px;\"><img decoding=\"async\" class=\"wp-image-17212 alignleft\" style=\"height: 45px; margin: 8px 8px 0px;\" src=\"http:\/\/jackpotlotteryonline.com\/wp-content\/uploads\/2022\/11\/read1.jpg\" alt=\"czytaj\" width=\"\" height=\"\" \/><\/div>\n<div style=\"padding-left: 5px;\">\n<div style=\"font-size: 1.1em;\">\n<p><strong>Kilka sztuczek i wskaz\u00f3wek dotycz\u0105cych wyboru liczb<\/strong><\/p>\n<p style=\"font-size: 0.85em; margin-top: -1.5em;\">Zwi\u0119ksz swoje szanse na wygran\u0105 &#8211; u\u017cyj strategii, aby wybra\u0107 swoje numery\u00a0 <a href=\"https:\/\/jackpotlotteryonline.com\/pl\/a-few-tricks-and-tips-for-choosing-your-numbers\"> wi\u0119cej<\/a><\/p>\n<\/div>\n<\/div>\n<\/section>\n<h2>Jaki jest jackpot tej loterii?<\/h2>\n<p>Czy wspominali\u015bmy ju\u017c, \u017ce Mega Sena jest jedn\u0105 z najwi\u0119kszych loterii na \u015bwiecie? Mo\u017ce si\u0119 to wydawa\u0107 trudne do uwierzenia, gdy we\u017amiemy pod uwag\u0119 startow\u0105 wygran\u0105 w wysoko\u015bci $450,00, szczeg\u00f3lnie gdy umie\u015bcimy j\u0105 obok innych loterii z wi\u0119kszymi startowymi jackpotami.<\/p>\n<p>Jednak pi\u0119kno Mega Sena polega na tym, \u017ce jackpoty mog\u0105 si\u0119 obr\u00f3ci\u0107 do niewiarygodnie du\u017cych kwot. Niekt\u00f3re z najwi\u0119kszych jackpot\u00f3w, kt\u00f3re wygrali gracze Mega Sena si\u0119ga\u0142y milion\u00f3w dolar\u00f3w. Najwi\u0119kszy jackpot wyni\u00f3s\u0142 nieco ponad 73 miliony dolar\u00f3w.<\/p>\n<p>Je\u015bli we\u017amiesz to pod uwag\u0119, to jasne jest, \u017ce gra na loterii Mega Sena mo\u017ce by\u0107 bardzo dobr\u0105 opcj\u0105, gdy szukasz loterii do wej\u015bcia.<\/p>\n<h2>Co si\u0119 stanie, je\u015bli wygrasz na loterii?<\/h2>\n<p><img loading=\"lazy\" decoding=\"async\" class=\"alignright size-full wp-image-35593\" src=\"http:\/\/jackpotlotteryonline.com\/wp-content\/uploads\/2022\/11\/2_ticket_uk_lottery2-1-190x300-1.jpg\" alt=\"Mega Sena bilet loterii\" width=\"190\" height=\"300\" \/><\/p>\n<p>Jest to pytanie, z kt\u00f3rym spotykamy si\u0119 cz\u0119sto, zw\u0142aszcza od tych, kt\u00f3rzy kupuj\u0105 losy na loteri\u0119 Mega Sena spoza kraju Ameryki Po\u0142udniowej. By\u0107 mo\u017ce zastanawiasz si\u0119, czy musisz lecie\u0107 a\u017c do tego po\u0142udniowoameryka\u0144skiego kraju, aby odebra\u0107 swoj\u0105 nagrod\u0119. Ale to nie jest wcale konieczne, chocia\u017c je\u015bli masz ochot\u0119 na wizyt\u0119, aby cieszy\u0107 si\u0119 miejscami, to przez wszystkie \u015brodki zarezerwuj lot.<\/p>\n<p>Je\u015bli jednak szukasz bezproblemowego sposobu na gr\u0119 na loterii i odebranie swojej wygranej bez ca\u0142ego stresu, to gra online jest na to \u015bwietnym sposobem.<\/p>\n<p>Kiedy rejestrujesz si\u0119 u nas, idziemy o krok dalej, zapewniaj\u0105c Ci mo\u017cliwo\u015b\u0107 wej\u015bcia na mi\u0119dzynarodowe loterie do wyboru, w tym na loteri\u0119 Mega Sena. Nie tylko to, ale mo\u017cesz r\u00f3wnie\u017c \u0142atwo wyp\u0142aci\u0107 swoje wygrane z naszej strony na swoje konto. Gra na loterii nigdy nie by\u0142a \u0142atwiejsza.<\/p>\n<h2>A co z Mega da Virada?<\/h2>\n<p>Szczeg\u00f3lnie cieszymy si\u0119, \u017ce o to pytasz, poniewa\u017c jest to jeden z najwi\u0119kszych jackpot\u00f3w, jakie istniej\u0105. W\u0142a\u015bciwie jest to najwi\u0119kszy jackpot tego roku w Brazylii, a jego wysoko\u015b\u0107 mo\u017ce si\u0119gn\u0105\u0107 nawet 60 milion\u00f3w dolar\u00f3w.<\/p>\n<p>Mega da Virada to specjalny jackpot loterii Mega Sena, kt\u00f3ry odbywa si\u0119 raz w roku. Losowanie Mega Virada odbywa si\u0119 31 pa\u017adziernika ka\u017cdego roku i daje graczom szans\u0119 na wielk\u0105 wygran\u0105.<\/p>\n<p>Ponadto, Mega da Virada nie ulega kumulacji, wi\u0119c nagroda musi zosta\u0107 wygrana, w przeciwnym razie przepada na ca\u0142y rok.<\/p>\n<h2>Regularne dni losowania Mega Sena<\/h2>\n<p>Kiedy kupisz losy Mega Sena, masz mo\u017cliwo\u015b\u0107 wzi\u0119cia udzia\u0142u w losowaniu w \u015brod\u0119 lub w sobot\u0119. Oczywi\u015bcie mo\u017cesz wzi\u0105\u0107 udzia\u0142 w obu, co zalecamy, poniewa\u017c zwi\u0119ksza to Twoje szanse na wygranie nagrody.<\/p>\n<p>Je\u015bli naprawd\u0119 zale\u017cy Ci na zwi\u0119kszeniu szans na wygran\u0105, powiniene\u015b rozwa\u017cy\u0107 do\u0142\u0105czenie do syndykatu loterii. Zalet\u0105 jest to, \u017ce b\u0119dziesz mia\u0142 dost\u0119p do puli, co pozwoli Ci wej\u015b\u0107 w wiele losowa\u0144 bez wydawania wszystkich swoich funduszy.<\/p>\n<h2>Poziomy nagr\u00f3d<\/h2>\n<p>Loteria Mega Sena posiada trzy poziomy nagr\u00f3d, kt\u00f3re obejmuj\u0105 jackpota. Oznacza to, \u017ce opr\u00f3cz nagrody g\u0142\u00f3wnej, gracze maj\u0105 r\u00f3wnie\u017c szans\u0119 na wygranie nagr\u00f3d w dw\u00f3ch innych kategoriach. Wymienimy je poni\u017cej i poka\u017cemy jak mo\u017cna wygra\u0107 w tych tierach.<\/p>\n<p>Match 6 numbers &#8211; Jackpot &#8211; 35% pieni\u0119dzy z puli nagr\u00f3d<br \/>\nMecz 5 liczb &#8211; Tier 2 &#8211; 19% puli nagr\u00f3d<br \/>\nDopasowanie 4 liczb &#8211; Tier 3 &#8211; 19% puli nagr\u00f3d<\/p>\n<p><strong>Ciekawostka: szansa na zdobycie nagrody podczas gry na pojedynczym kuponie z 6 numerami wynosi 1 na 2,298.<\/strong><\/p>\n<h2>Zarejestruj si\u0119 u nas, aby wzi\u0105\u0107 udzia\u0142 w loterii Mega Sena<\/h2>\n<p>Nie pozw\u00f3l, aby fakt, \u017ce nie mieszkasz w Ameryce Po\u0142udniowej powstrzyma\u0142 Ci\u0119 przed skorzystaniem z loterii Mega Sena. Szanse na wygran\u0105 s\u0105 du\u017ce, a nagrody kusz\u0105ce. Je\u015bli wi\u0119c mieszkasz poza Brazyli\u0105, mo\u017cesz kupi\u0107 losy Mega Sena na naszej stronie, rejestruj\u0105c si\u0119 u nas.<\/p>\n<p>Oferujemy rozwi\u0105zanie typu one-stop, kt\u00f3re upraszcza ca\u0142y proces gry na loterii. Mo\u017cesz teraz zrelaksowa\u0107 si\u0119 i postawi\u0107 sw\u00f3j zak\u0142ad z \u0142atwo\u015bci\u0105, poniewa\u017c my zajmujemy si\u0119 stresuj\u0105cym elementem za Ciebie. Dlaczego nie kupi\u0107 bilet\u00f3w na Mega Sena teraz, aby mie\u0107 szans\u0119 na wielk\u0105 wygran\u0105?<\/p>\n","protected":false},"excerpt":{"rendered":"<p>Mega Sena to najwi\u0119ksza loteria w Brazylii z jednym z najwi\u0119kszych jackpot\u00f3w na \u015bwiecie. Nic wi\u0119c dziwnego, \u017ce gracze na ca\u0142ym \u015bwiecie s\u0105 ch\u0119tni do wygrania tego jackpota. Co ciekawe, Mega Sena jest tak\u017ce \u0142atw\u0105 loteri\u0105 do zagrania, \u0142atwiejsz\u0105 ni\u017c wiele innych mi\u0119dzynarodowych loterii. \u0141atwo\u015b\u0107 gry, du\u017cy jackpot oraz korzystne kursy sprawiaj\u0105, \u017ce loteria ta [&hellip;]<\/p>\n","protected":false},"author":1,"featured_media":0,"parent":35770,"menu_order":15,"comment_status":"closed","ping_status":"closed","template":"megasena-info.php","meta":{"_et_pb_use_builder":"","_et_pb_old_content":"","_et_gb_content_width":"","exclude_from_search":false,"footnotes":""},"class_list":["post-37007","page","type-page","status-publish","hentry"],"yoast_head":"<!-- This site is optimized with the Yoast SEO plugin v23.3 - https:\/\/yoast.com\/wordpress\/plugins\/seo\/ -->\n<title>Kup bilety na Mega Sena spoza Brazylii | Kup bilety na Mega Sena online<\/title>\n<meta name=\"description\" content=\"Nie musisz by\u0107 w Brazylii, aby wzi\u0105\u0107 udzia\u0142 w Mega Sena, kup sw\u00f3j bilet na Mega Sena online na naszej stronie internetowej\" \/>\n<meta name=\"robots\" content=\"index, follow, max-snippet:-1, max-image-preview:large, max-video-preview:-1\" \/>\n<link rel=\"canonical\" href=\"https:\/\/jackpotlotteryonline.com\/pl\/kupic-bilety\/mega-sena\/\" \/>\n<meta property=\"og:locale\" content=\"pl_PL\" \/>\n<meta property=\"og:type\" content=\"article\" \/>\n<meta property=\"og:title\" content=\"Kup bilety na Mega Sena spoza Brazylii | Kup bilety na Mega Sena online\" \/>\n<meta property=\"og:description\" content=\"Nie musisz by\u0107 w Brazylii, aby wzi\u0105\u0107 udzia\u0142 w Mega Sena, kup sw\u00f3j bilet na Mega Sena online na naszej stronie internetowej\" \/>\n<meta property=\"og:url\" content=\"https:\/\/jackpotlotteryonline.com\/pl\/kupic-bilety\/mega-sena\/\" \/>\n<meta property=\"og:site_name\" content=\"Lotto Online - Crack The International Lottery Jackpots\" \/>\n<meta property=\"article:modified_time\" content=\"2022-12-24T08:53:10+00:00\" \/>\n<meta property=\"og:image\" content=\"http:\/\/jackpotlotteryonline.com\/wp-content\/uploads\/2022\/11\/1_online_ticket_eurojackpot2.jpg\" \/>\n<meta name=\"twitter:card\" content=\"summary_large_image\" \/>\n<meta name=\"twitter:label1\" content=\"Szacowany czas czytania\" \/>\n\t<meta name=\"twitter:data1\" content=\"5 minut\" \/>\n<!-- \/ Yoast SEO plugin. -->","yoast_head_json":{"title":"Kup bilety na Mega Sena spoza Brazylii | Kup bilety na Mega Sena online","description":"Nie musisz by\u0107 w Brazylii, aby wzi\u0105\u0107 udzia\u0142 w Mega Sena, kup sw\u00f3j bilet na Mega Sena online na naszej stronie internetowej","robots":{"index":"index","follow":"follow","max-snippet":"max-snippet:-1","max-image-preview":"max-image-preview:large","max-video-preview":"max-video-preview:-1"},"canonical":"https:\/\/jackpotlotteryonline.com\/pl\/kupic-bilety\/mega-sena\/","og_locale":"pl_PL","og_type":"article","og_title":"Kup bilety na Mega Sena spoza Brazylii | Kup bilety na Mega Sena online","og_description":"Nie musisz by\u0107 w Brazylii, aby wzi\u0105\u0107 udzia\u0142 w Mega Sena, kup sw\u00f3j bilet na Mega Sena online na naszej stronie internetowej","og_url":"https:\/\/jackpotlotteryonline.com\/pl\/kupic-bilety\/mega-sena\/","og_site_name":"Lotto Online - Crack The International Lottery Jackpots","article_modified_time":"2022-12-24T08:53:10+00:00","og_image":[{"url":"http:\/\/jackpotlotteryonline.com\/wp-content\/uploads\/2022\/11\/1_online_ticket_eurojackpot2.jpg"}],"twitter_card":"summary_large_image","twitter_misc":{"Szacowany czas czytania":"5 minut"},"schema":{"@context":"https:\/\/schema.org","@graph":[{"@type":"WebPage","@id":"https:\/\/jackpotlotteryonline.com\/pl\/kupic-bilety\/mega-sena\/","url":"https:\/\/jackpotlotteryonline.com\/pl\/kupic-bilety\/mega-sena\/","name":"Kup bilety na Mega Sena spoza Brazylii | Kup bilety na Mega Sena online","isPartOf":{"@id":"https:\/\/jackpotlotteryonline.com\/#website"},"primaryImageOfPage":{"@id":"https:\/\/jackpotlotteryonline.com\/pl\/kupic-bilety\/mega-sena\/#primaryimage"},"image":{"@id":"https:\/\/jackpotlotteryonline.com\/pl\/kupic-bilety\/mega-sena\/#primaryimage"},"thumbnailUrl":"http:\/\/jackpotlotteryonline.com\/wp-content\/uploads\/2022\/11\/1_online_ticket_eurojackpot2.jpg","datePublished":"2022-11-09T13:15:08+00:00","dateModified":"2022-12-24T08:53:10+00:00","description":"Nie musisz by\u0107 w Brazylii, aby wzi\u0105\u0107 udzia\u0142 w Mega Sena, kup sw\u00f3j bilet na Mega Sena online na naszej stronie internetowej","breadcrumb":{"@id":"https:\/\/jackpotlotteryonline.com\/pl\/kupic-bilety\/mega-sena\/#breadcrumb"},"inLanguage":"pl-PL","potentialAction":[{"@type":"ReadAction","target":["https:\/\/jackpotlotteryonline.com\/pl\/kupic-bilety\/mega-sena\/"]}]},{"@type":"ImageObject","inLanguage":"pl-PL","@id":"https:\/\/jackpotlotteryonline.com\/pl\/kupic-bilety\/mega-sena\/#primaryimage","url":"http:\/\/jackpotlotteryonline.com\/wp-content\/uploads\/2022\/11\/1_online_ticket_eurojackpot2.jpg","contentUrl":"http:\/\/jackpotlotteryonline.com\/wp-content\/uploads\/2022\/11\/1_online_ticket_eurojackpot2.jpg"},{"@type":"BreadcrumbList","@id":"https:\/\/jackpotlotteryonline.com\/pl\/kupic-bilety\/mega-sena\/#breadcrumb","itemListElement":[{"@type":"ListItem","position":1,"name":"Home","item":"https:\/\/jackpotlotteryonline.com\/pl\/"},{"@type":"ListItem","position":2,"name":"Jak kupi\u0107 bilety na loteri\u0119 online","item":"https:\/\/jackpotlotteryonline.com\/buy-tickets\/"},{"@type":"ListItem","position":3,"name":"Kup bilety na Mega Sena"}]},{"@type":"WebSite","@id":"https:\/\/jackpotlotteryonline.com\/#website","url":"https:\/\/jackpotlotteryonline.com\/","name":"Lotto Online - Crack The International Lottery Jackpots","description":"","potentialAction":[{"@type":"SearchAction","target":{"@type":"EntryPoint","urlTemplate":"https:\/\/jackpotlotteryonline.com\/?s={search_term_string}"},"query-input":"required name=search_term_string"}],"inLanguage":"pl-PL"}]}},"_links":{"self":[{"href":"https:\/\/jackpotlotteryonline.com\/pl\/wp-json\/wp\/v2\/pages\/37007","targetHints":{"allow":["GET"]}}],"collection":[{"href":"https:\/\/jackpotlotteryonline.com\/pl\/wp-json\/wp\/v2\/pages"}],"about":[{"href":"https:\/\/jackpotlotteryonline.com\/pl\/wp-json\/wp\/v2\/types\/page"}],"author":[{"embeddable":true,"href":"https:\/\/jackpotlotteryonline.com\/pl\/wp-json\/wp\/v2\/users\/1"}],"replies":[{"embeddable":true,"href":"https:\/\/jackpotlotteryonline.com\/pl\/wp-json\/wp\/v2\/comments?post=37007"}],"version-history":[{"count":0,"href":"https:\/\/jackpotlotteryonline.com\/pl\/wp-json\/wp\/v2\/pages\/37007\/revisions"}],"up":[{"embeddable":true,"href":"https:\/\/jackpotlotteryonline.com\/pl\/wp-json\/wp\/v2\/pages\/35770"}],"wp:attachment":[{"href":"https:\/\/jackpotlotteryonline.com\/pl\/wp-json\/wp\/v2\/media?parent=37007"}],"curies":[{"name":"wp","href":"https:\/\/api.w.org\/{rel}","templated":true}]}}