{"id":37061,"date":"2022-11-10T07:19:38","date_gmt":"2022-11-10T07:19:38","guid":{"rendered":"https:\/\/jackpotlotteryonline.com\/?page_id=37061"},"modified":"2023-01-06T09:48:29","modified_gmt":"2023-01-06T09:48:29","slug":"new-york-lottery","status":"publish","type":"page","link":"https:\/\/jackpotlotteryonline.com\/pl\/kupic-bilety\/new-york-lottery\/","title":{"rendered":"Bilety na nowojorsk\u0105 loteri\u0119"},"content":{"rendered":"<p>Je\u015bli szukasz loterii, kt\u00f3ra ma barwn\u0105 histori\u0119, to New York Lotto jest najlepszym wyborem. Przesi\u0105kni\u0119ta histori\u0105 i skandalem, jest to r\u00f3wnie\u017c loteria, kt\u00f3ra zosta\u0142a za\u0142o\u017cona w dobrej sprawie. <a href=\"https:\/\/jackpotlotteryonline.com\/pl\/jak-grac\/new-york-lottery-2\">Gra na loterii<\/a> to dobry spos\u00f3b na zabaw\u0119 i daje Ci co\u015b, na co mo\u017cesz czeka\u0107.<\/p>\n<p>Dla graczy spoza USA, kt\u00f3rzy chc\u0105 kupi\u0107 bilety na t\u0119 loteri\u0119, mo\u017cna to zrobi\u0107 odwiedzaj\u0105c stron\u0119 jackpotlotteryonline.com. Dajemy graczom dost\u0119p do najlepszych mi\u0119dzynarodowych loterii bez wzgl\u0119du na to, gdzie si\u0119 znajduj\u0105.<\/p>\n<h2>Kr\u00f3tka historia New York Lotto<\/h2>\n<p>Jest to loteria, kt\u00f3ra jest prowadzona przez rz\u0105d stanu Nowy Jork w USA. Zosta\u0142a ona za\u0142o\u017cona w 1967 roku jako spos\u00f3b na pomoc w finansowaniu edukacji w tym stanie. Obywatele stanu poprzez referendum zag\u0142osowali za zmian\u0105 konstytucji, aby umo\u017cliwi\u0107 prowadzenie loterii przez pa\u0144stwo. Co ciekawe, pierwszym has\u0142em loterii by\u0142o &#8220;Your chance of a lifetime to help education&#8221;.<\/p>\n<p>Je\u015bli wi\u0119c potrzebujesz poczu\u0107 si\u0119 dobrze graj\u0105c na loterii, to ta loteria jest dla Ciebie dobr\u0105 okazj\u0105. Nie tylko masz szans\u0119 na wielk\u0105 wygran\u0105, ale wiesz, \u017ce robisz co\u015b dobrego w tym procesie.<\/p>\n<p>Innym ciekawym faktem jest to, \u017ce wcze\u015bnie ta loteria zosta\u0142a uderzona przez skandal, nie raz, ale dwa razy. W latach 1975-6 sprzeda\u017c zosta\u0142a zawieszona, poniewa\u017c odkryto, \u017ce niesprzedane losy zosta\u0142y uznane za zwyci\u0119zc\u00f3w. Nast\u0119pnie w latach 80. pracownicy pa\u0144stwowi manipulowali wynikami na korzy\u015b\u0107 rodziny i przyjaci\u00f3\u0142. Te dni s\u0105 ju\u017c dawno za nami i sta\u0142a si\u0119 ona jedn\u0105 z bardziej wiarygodnych loterii w kraju.<\/p>\n<h2>Jak kupi\u0107 bilety Lotto spoza USA<\/h2>\n<p><img loading=\"lazy\" decoding=\"async\" class=\"alignright size-full wp-image-26402\" src=\"https:\/\/jackpotlotteryonline.com\/wp-content\/uploads\/2022\/11\/1_buy_online_ticket_powerball.jpg\" alt=\"Nowy Jork Lottery nagrody\" width=\"300\" height=\"194\" \/><\/p>\n<p>Je\u015bli mieszkasz poza granicami Stan\u00f3w Zjednoczonych, istnieje tylko jeden legalny spos\u00f3b na zakup los\u00f3w loteryjnych. To jest przez zakup ich przez internet od sprzedawcy loterii online jak jackpotlotteryonline.com.<\/p>\n<p>Aby kupi\u0107 bilety po prostu odwiedzi\u0107 stron\u0119 i kliknij na loterii chcesz. Nast\u0119pnie wybierz sze\u015b\u0107 numer\u00f3w od 1 do 59. Zapraszamy do zakupu wielu linii wej\u015bciowych, aby zwi\u0119kszy\u0107 swoje szanse na wygran\u0105. Po wybraniu swoich numer\u00f3w, wejd\u017a na wybrane przez siebie losowanie i dokonaj p\u0142atno\u015bci.<\/p>\n<p>Granie na loterii spoza Stan\u00f3w Zjednoczonych przez internet jest legalne i zgodne z prawem. Otwiera r\u00f3wnie\u017c \u015bwiat mo\u017cliwo\u015bci dla graczy na ca\u0142ym \u015bwiecie. Nie musisz ju\u017c by\u0107 ograniczony przez geografi\u0119, poniewa\u017c mo\u017cesz bez problemu obstawia\u0107 bez granic.<\/p>\n<h2>Numer bonusu<\/h2>\n<p>Tak, istnieje numer bonusowy i jest to si\u00f3dmy numer, kt\u00f3ry jest losowany. Numer bonusowy nie jest jednak u\u017cywany do okre\u015blenia nagrody g\u0142\u00f3wnej, ale jest u\u017cywany do drugiej nagrody. Aby wygra\u0107 drug\u0105 kategori\u0119 nagr\u00f3d, gracz musi dopasowa\u0107 sze\u015b\u0107 wylosowanych numer\u00f3w i numer bonusowy.<\/p>\n<section class=\"layout\" style=\"border: solid 1px; width: 100%;\">\n<div class=\"img-div\" style=\"margin-top: 5px;\"><img decoding=\"async\" class=\"wp-image-17212 alignleft\" style=\"height: 45px; margin: 8px 8px 0px;\" src=\"https:\/\/jackpotlotteryonline.com\/wp-content\/uploads\/2022\/11\/read1.jpg\" alt=\"czytaj\" width=\"\" height=\"\" \/><\/div>\n<div style=\"padding-left: 5px;\">\n<div style=\"font-size: 1.1em;\">\n<p><strong>Porady Loterii<\/strong><\/p>\n<p style=\"font-size: 0.85em; margin-top: -1.5em;\">Porady, kt\u00f3re pomog\u0105 Ci wygra\u0107 na loterii<a href=\"https:\/\/jackpotlotteryonline.com\/pl\/porady-dotyczace-loterii\"> wi\u0119cej<\/a><\/p>\n<\/div>\n<\/div>\n<\/section>\n<h2>Kategorie nagr\u00f3d<\/h2>\n<p>Szansa na wygranie nagrody ca\u0142kowitej wynosi 1 do 92,05. Podzia\u0142 nagr\u00f3d opiera si\u0119 na og\u00f3lnej sprzeda\u017cy. Tak wi\u0119c, dla ka\u017cdego lotto, 40% sprzeda\u017cy jest przeznaczone jako nagrody pieni\u0119\u017cne. Jackpot jest procentem tego i nie jest zamkni\u0119t\u0105 kwot\u0105. Kategorie nagr\u00f3d s\u0105 przedstawione poni\u017cej:<\/p>\n<p>Kategoria 1: 6 liczb &#8211; jackpot (30%)<br \/>\nKategoria 2: 5 + numer bonusowy &#8211; 2,9% sprzeda\u017cy<br \/>\nKategoria 3: 5 numer\u00f3w &#8211; 2,2% sprzeda\u017cy<br \/>\nKategoria 4: 4 numery &#8211; 2,5% sprzeda\u017cy<br \/>\nKategoria 5: 3 numery &#8211; 2,4% sprzeda\u017cy<\/p>\n<h2>Dni losowania New York Lotto<\/h2>\n<p><a href=\"https:\/\/jackpotlotteryonline.com\/pl\/zwycieskie-numery\/new-york-lottery\">Nowojorska loteria (jak si\u0119 j\u0105 czasem nazywa) ma dwa dni losowania w ka\u017cdym tygodniu<\/a>. S\u0105 to \u015brody i soboty. Tak wi\u0119c, mo\u017cna wej\u015b\u0107 na wiele dni rysowania kilka tygodni wcze\u015bniej.<\/p>\n<p>Aby dowiedzie\u0107 si\u0119, czy wygra\u0142e\u015b nagrod\u0119, mo\u017cesz ogl\u0105da\u0107 losowania w telewizji lub sprawdzi\u0107 wiadomo\u015bci o wynikach losowania. Jednak to mo\u017ce sta\u0107 si\u0119 m\u0119cz\u0105ce, szczeg\u00f3lnie je\u015bli jeste\u015b zaj\u0119ty w tym czasie. Aby uzyska\u0107 prostsz\u0105 alternatyw\u0119, zarejestruj si\u0119 u nas, a my natychmiast powiadomimy Ci\u0119 o wygranej.<\/p>\n<h2>Dlaczego powiniene\u015b gra\u0107 na nowojorskiej loterii?<\/h2>\n<p>Kiedy pomy\u015blisz o tym, \u017ce nagroda pieni\u0119\u017cna zale\u017cy od sprzeda\u017cy, mo\u017cesz si\u0119 zniech\u0119ci\u0107. Co si\u0119 dzieje, gdy sprzeda\u017c nie jest dobra? Oznacza to, \u017ce wygrana mo\u017ce zosta\u0107 znacznie zmniejszona. Jest to prawdziwy strach, z kt\u00f3rym borykaj\u0105 si\u0119 gracze podczas gry na tej loterii.<\/p>\n<p>Jest jednak kilka rzeczy, kt\u00f3re dzia\u0142aj\u0105 na korzy\u015b\u0107 loterii prowadzonej przez rz\u0105d stanu Nowy Jork. Pierwsz\u0105 z nich jest to, \u017ce istnieje du\u017ce zainteresowanie t\u0105 loteri\u0105, wi\u0119c sprzeda\u017c jest nadal ca\u0142kiem dobra. Jackpot nie jest tak du\u017cy jak w niekt\u00f3rych innych mi\u0119dzynarodowych loteriach, ale gracze mog\u0105 wygra\u0107 do 10 milion\u00f3w dolar\u00f3w.<\/p>\n<p>R\u00f3wnie\u017c szanse na zdobycie nagrody s\u0105 znacznie wy\u017csze ni\u017c w przypadku innych loterii z wi\u0119kszymi jackpotami. Podczas gdy niekt\u00f3rzy gracze mog\u0105 nie uwa\u017ca\u0107, \u017ce jest to zak\u0142ad o wysok\u0105 stawk\u0119, korzystne kursy z pewno\u015bci\u0105 os\u0142adzaj\u0105 ofert\u0119. Dodatkowo, nagroda w postaci jackpota nie jest wcale z\u0142a i wci\u0105\u017c mo\u017ce uczyni\u0107 zwyci\u0119zc\u00f3w milionerami.<\/p>\n<h2>Zarejestruj si\u0119 z nami, aby uzyska\u0107 bezstresowe do\u015bwiadczenie<\/h2>\n<p><img loading=\"lazy\" decoding=\"async\" class=\"size-full wp-image-35321 alignright\" src=\"https:\/\/jackpotlotteryonline.com\/wp-content\/uploads\/2022\/11\/2_ticket_superenalotto-1.jpg\" alt=\"Nowy Jork Lotto bilet\" width=\"228\" height=\"300\" \/><\/p>\n<p>Gra w New York Lotto jest \u0142atwa i bezproblemowa, gdy zarejestrujesz si\u0119 u nas. Kiedy odwiedzisz nasz\u0105 stron\u0119, znajdziesz szeroki wachlarz mi\u0119dzynarodowych loterii, w kt\u00f3rych mo\u017cesz wzi\u0105\u0107 udzia\u0142. Zdob\u0105d\u017a los i postaw na wybran\u0105 przez siebie loteri\u0119 oraz wybierz kilka wej\u015b\u0107, je\u015bli chcesz. Je\u015bli nie jeste\u015b pewien, jakie numery wybra\u0107, nasze narz\u0119dzie do automatycznego wyboru pomo\u017ce Ci w tym.<\/p>\n<p>Kiedy ju\u017c wybierzesz swoje liczby, wejd\u017a do losowania i przejd\u017a do obszaru p\u0142atno\u015bci. W tym momencie poprosimy Ci\u0119 o rejestracj\u0119. Dzieje si\u0119 tak z nast\u0119puj\u0105cych powod\u00f3w:<\/p>\n<ul>\n<li>Kiedy si\u0119 zarejestrujesz, mo\u017cesz mie\u0107 pewno\u015b\u0107, \u017ce Twoje losy s\u0105 przechowywane bezpiecznie, aby\u015b m\u00f3g\u0142 \u0142atwo odebra\u0107 wygrane nagrody<\/li>\n<li>Je\u015bli wygrasz jak\u0105\u015b nagrod\u0119, otrzymasz powiadomienie na swojej tablicy rozdzielczej i przez e-mail<\/li>\n<li>Wycofanie nagrody nigdy nie by\u0142o \u0142atwiejsze, poniewa\u017c mo\u017cesz to zrobi\u0107 bezpo\u015brednio na naszej platformie<\/li>\n<\/ul>\n<h2>Sk\u0105d wiesz, \u017ce bierzesz udzia\u0142 w loterii?<\/h2>\n<p>Jest to uzasadnione pytanie, poniewa\u017c istnieje kilka us\u0142ug, kt\u00f3re sprzedaj\u0105 bilety loteryjne, ale nie daj\u0105 Ci dost\u0119pu do loterii. To, co robi\u0105 to to, \u017ce daj\u0105 Ci szans\u0119 na obstawianie przeciwko jackpotowi. Wi\u0119c nawet je\u015bli wygrasz, mo\u017cesz dosta\u0107 tylko u\u0142amek kwoty jackpota. My tego nie robimy.<\/p>\n<p>Prowadzimy serwis concierge, kt\u00f3ry zapewnia naszym klientom dost\u0119p w czasie rzeczywistym do wybranych przez nich loterii. Kiedy zakupisz wpis, nasi agenci w Nowym Jorku zakupi\u0105 r\u00f3wnie\u017c fizyczny bilet z preferowanymi przez Ciebie numerami. Oznacza to, \u017ce je\u015bli Twoje liczby zgadzaj\u0105 si\u0119 z wylosowanymi numerami, wygra\u0142e\u015b jackpota.<\/p>\n<p>To chyba dobry moment, aby wspomnie\u0107, \u017ce loteria jest gr\u0105 losow\u0105. Nie ma wi\u0119c sposobu, aby okre\u015bli\u0107, kto wygra. Wiemy natomiast, \u017ce jedynym sposobem, aby mie\u0107 szans\u0119 na wygran\u0105 jest postawienie zak\u0142adu. Dlatego te\u017c dok\u0142adamy wszelkich stara\u0144, aby nasi klienci mieli tak\u0105 mo\u017cliwo\u015b\u0107.<\/p>\n<h2>Zagraj w New York Lotto online ju\u017c dzi\u015b<\/h2>\n<p>Nadszed\u0142 czas, aby przesta\u0107 my\u015ble\u0107 o zdobyciu losu na loteri\u0119 i zdoby\u0107 go. To mo\u017ce by\u0107 pocz\u0105tek przygody \u017cycia. Dlaczego wi\u0119c nie odwiedzi\u0107 nas dzisiaj na stronie jackpotlotteryonline.com, aby postawi\u0107 zak\u0142ad z dowolnego miejsca na \u015bwiecie? Nigdy nie wiadomo, kiedy wygrasz na loterii.<\/p>\n","protected":false},"excerpt":{"rendered":"<p>Je\u015bli szukasz loterii, kt\u00f3ra ma barwn\u0105 histori\u0119, to New York Lotto jest najlepszym wyborem. Przesi\u0105kni\u0119ta histori\u0105 i skandalem, jest to r\u00f3wnie\u017c loteria, kt\u00f3ra zosta\u0142a za\u0142o\u017cona w dobrej sprawie. Gra na loterii to dobry spos\u00f3b na zabaw\u0119 i daje Ci co\u015b, na co mo\u017cesz czeka\u0107. Dla graczy spoza USA, kt\u00f3rzy chc\u0105 kupi\u0107 bilety na t\u0119 loteri\u0119, [&hellip;]<\/p>\n","protected":false},"author":1,"featured_media":0,"parent":35770,"menu_order":14,"comment_status":"closed","ping_status":"closed","template":"newyork-info.php","meta":{"_et_pb_use_builder":"","_et_pb_old_content":"","_et_gb_content_width":"","exclude_from_search":false,"footnotes":""},"class_list":["post-37061","page","type-page","status-publish","hentry"],"yoast_head":"<!-- This site is optimized with the Yoast SEO plugin v23.3 - https:\/\/yoast.com\/wordpress\/plugins\/seo\/ -->\n<title>Kup bilety na New York Lottery spoza USA | Kup bilety na New York Lotery online<\/title>\n<meta name=\"description\" content=\"Chcesz kupi\u0107 bilet na New York Lottery, ale mieszkasz poza USA? Pobierz swoje bilety lotto online tutaj\" \/>\n<meta name=\"robots\" content=\"index, follow, max-snippet:-1, max-image-preview:large, max-video-preview:-1\" \/>\n<link rel=\"canonical\" href=\"https:\/\/jackpotlotteryonline.com\/pl\/kupic-bilety\/new-york-lottery\/\" \/>\n<meta property=\"og:locale\" content=\"pl_PL\" \/>\n<meta property=\"og:type\" content=\"article\" \/>\n<meta property=\"og:title\" content=\"Kup bilety na New York Lottery spoza USA | Kup bilety na New York Lotery online\" \/>\n<meta property=\"og:description\" content=\"Chcesz kupi\u0107 bilet na New York Lottery, ale mieszkasz poza USA? Pobierz swoje bilety lotto online tutaj\" \/>\n<meta property=\"og:url\" content=\"https:\/\/jackpotlotteryonline.com\/pl\/kupic-bilety\/new-york-lottery\/\" \/>\n<meta property=\"og:site_name\" content=\"Lotto Online - Crack The International Lottery Jackpots\" \/>\n<meta property=\"article:modified_time\" content=\"2023-01-06T09:48:29+00:00\" \/>\n<meta property=\"og:image\" content=\"https:\/\/jackpotlotteryonline.com\/wp-content\/uploads\/2022\/11\/1_buy_online_ticket_powerball.jpg\" \/>\n<meta name=\"twitter:card\" content=\"summary_large_image\" \/>\n<meta name=\"twitter:label1\" content=\"Szacowany czas czytania\" \/>\n\t<meta name=\"twitter:data1\" content=\"6 minut\" \/>\n<!-- \/ Yoast SEO plugin. -->","yoast_head_json":{"title":"Kup bilety na New York Lottery spoza USA | Kup bilety na New York Lotery online","description":"Chcesz kupi\u0107 bilet na New York Lottery, ale mieszkasz poza USA? Pobierz swoje bilety lotto online tutaj","robots":{"index":"index","follow":"follow","max-snippet":"max-snippet:-1","max-image-preview":"max-image-preview:large","max-video-preview":"max-video-preview:-1"},"canonical":"https:\/\/jackpotlotteryonline.com\/pl\/kupic-bilety\/new-york-lottery\/","og_locale":"pl_PL","og_type":"article","og_title":"Kup bilety na New York Lottery spoza USA | Kup bilety na New York Lotery online","og_description":"Chcesz kupi\u0107 bilet na New York Lottery, ale mieszkasz poza USA? Pobierz swoje bilety lotto online tutaj","og_url":"https:\/\/jackpotlotteryonline.com\/pl\/kupic-bilety\/new-york-lottery\/","og_site_name":"Lotto Online - Crack The International Lottery Jackpots","article_modified_time":"2023-01-06T09:48:29+00:00","og_image":[{"url":"https:\/\/jackpotlotteryonline.com\/wp-content\/uploads\/2022\/11\/1_buy_online_ticket_powerball.jpg"}],"twitter_card":"summary_large_image","twitter_misc":{"Szacowany czas czytania":"6 minut"},"schema":{"@context":"https:\/\/schema.org","@graph":[{"@type":"WebPage","@id":"https:\/\/jackpotlotteryonline.com\/pl\/kupic-bilety\/new-york-lottery\/","url":"https:\/\/jackpotlotteryonline.com\/pl\/kupic-bilety\/new-york-lottery\/","name":"Kup bilety na New York Lottery spoza USA | Kup bilety na New York Lotery online","isPartOf":{"@id":"https:\/\/jackpotlotteryonline.com\/#website"},"primaryImageOfPage":{"@id":"https:\/\/jackpotlotteryonline.com\/pl\/kupic-bilety\/new-york-lottery\/#primaryimage"},"image":{"@id":"https:\/\/jackpotlotteryonline.com\/pl\/kupic-bilety\/new-york-lottery\/#primaryimage"},"thumbnailUrl":"https:\/\/jackpotlotteryonline.com\/wp-content\/uploads\/2022\/11\/1_buy_online_ticket_powerball.jpg","datePublished":"2022-11-10T07:19:38+00:00","dateModified":"2023-01-06T09:48:29+00:00","description":"Chcesz kupi\u0107 bilet na New York Lottery, ale mieszkasz poza USA? Pobierz swoje bilety lotto online tutaj","breadcrumb":{"@id":"https:\/\/jackpotlotteryonline.com\/pl\/kupic-bilety\/new-york-lottery\/#breadcrumb"},"inLanguage":"pl-PL","potentialAction":[{"@type":"ReadAction","target":["https:\/\/jackpotlotteryonline.com\/pl\/kupic-bilety\/new-york-lottery\/"]}]},{"@type":"ImageObject","inLanguage":"pl-PL","@id":"https:\/\/jackpotlotteryonline.com\/pl\/kupic-bilety\/new-york-lottery\/#primaryimage","url":"https:\/\/jackpotlotteryonline.com\/wp-content\/uploads\/2022\/11\/1_buy_online_ticket_powerball.jpg","contentUrl":"https:\/\/jackpotlotteryonline.com\/wp-content\/uploads\/2022\/11\/1_buy_online_ticket_powerball.jpg"},{"@type":"BreadcrumbList","@id":"https:\/\/jackpotlotteryonline.com\/pl\/kupic-bilety\/new-york-lottery\/#breadcrumb","itemListElement":[{"@type":"ListItem","position":1,"name":"Home","item":"https:\/\/jackpotlotteryonline.com\/pl\/"},{"@type":"ListItem","position":2,"name":"Jak kupi\u0107 bilety na loteri\u0119 online","item":"https:\/\/jackpotlotteryonline.com\/buy-tickets\/"},{"@type":"ListItem","position":3,"name":"Bilety na nowojorsk\u0105 loteri\u0119"}]},{"@type":"WebSite","@id":"https:\/\/jackpotlotteryonline.com\/#website","url":"https:\/\/jackpotlotteryonline.com\/","name":"Lotto Online - Crack The International Lottery Jackpots","description":"","potentialAction":[{"@type":"SearchAction","target":{"@type":"EntryPoint","urlTemplate":"https:\/\/jackpotlotteryonline.com\/?s={search_term_string}"},"query-input":"required name=search_term_string"}],"inLanguage":"pl-PL"}]}},"_links":{"self":[{"href":"https:\/\/jackpotlotteryonline.com\/pl\/wp-json\/wp\/v2\/pages\/37061","targetHints":{"allow":["GET"]}}],"collection":[{"href":"https:\/\/jackpotlotteryonline.com\/pl\/wp-json\/wp\/v2\/pages"}],"about":[{"href":"https:\/\/jackpotlotteryonline.com\/pl\/wp-json\/wp\/v2\/types\/page"}],"author":[{"embeddable":true,"href":"https:\/\/jackpotlotteryonline.com\/pl\/wp-json\/wp\/v2\/users\/1"}],"replies":[{"embeddable":true,"href":"https:\/\/jackpotlotteryonline.com\/pl\/wp-json\/wp\/v2\/comments?post=37061"}],"version-history":[{"count":0,"href":"https:\/\/jackpotlotteryonline.com\/pl\/wp-json\/wp\/v2\/pages\/37061\/revisions"}],"up":[{"embeddable":true,"href":"https:\/\/jackpotlotteryonline.com\/pl\/wp-json\/wp\/v2\/pages\/35770"}],"wp:attachment":[{"href":"https:\/\/jackpotlotteryonline.com\/pl\/wp-json\/wp\/v2\/media?parent=37061"}],"curies":[{"name":"wp","href":"https:\/\/api.w.org\/{rel}","templated":true}]}}