{"id":37113,"date":"2022-11-10T09:26:52","date_gmt":"2022-11-10T09:26:52","guid":{"rendered":"https:\/\/jackpotlotteryonline.com\/?page_id=37113"},"modified":"2023-01-04T08:49:49","modified_gmt":"2023-01-04T08:49:49","slug":"thunderball","status":"publish","type":"page","link":"https:\/\/jackpotlotteryonline.com\/pl\/kupic-bilety\/thunderball\/","title":{"rendered":"Kup bilety na Thunderball"},"content":{"rendered":"<p>W Wielkiej Brytanii nie brakuje loterii, w kt\u00f3re mog\u0105 gra\u0107 gracze. Od gier lotto do gier rentierskich, jest co\u015b dla ka\u017cdego i prawie ka\u017cdego dnia te\u017c. Jednak jedn\u0105 z ulubionych gier dla graczy jest Thunderball. Jest to o tyle ciekawe, \u017ce jest to loteria, kt\u00f3ra nie oferuje jackpota wartego miliony funt\u00f3w. W rzeczywisto\u015bci, mo\u017cemy zagwarantowa\u0107, \u017ce nawet je\u015bli wygrasz jackpota, nie zostaniesz milionerem. Dlaczego wi\u0119c gracze kochaj\u0105 t\u0119 loteri\u0119?<\/p>\n<p>Pow\u00f3d jest prosty, szanse s\u0105 znacznie lepsze ni\u017c w innych grach z wi\u0119kszymi jackpotami. Z czterema cotygodniowymi losowaniami i poka\u017an\u0105 sum\u0105 jackpota, nic dziwnego, \u017ce entuzja\u015bci lotto \u015bci\u0105gaj\u0105 na t\u0119 loteri\u0119 co tydzie\u0144.<\/p>\n<p>Je\u015bli mieszkasz poza granicami Wielkiej Brytanii, mo\u017cesz r\u00f3wnie\u017c wzi\u0105\u0107 udzia\u0142 w ka\u017cdym z losowa\u0144. Odwied\u017a stron\u0119 jackpotlotteryonline.com, aby uzyska\u0107 skuteczny i bezstresowy spos\u00f3b na zakup los\u00f3w loteryjnych, gdziekolwiek jeste\u015b.<\/p>\n<h2>Jak dzia\u0142a Thunderball?<\/h2>\n<p><img loading=\"lazy\" decoding=\"async\" class=\"alignright size-medium wp-image-30425\" src=\"https:\/\/jackpotlotteryonline.com\/wp-content\/uploads\/2022\/11\/1_you_win_jackpot-300x300.jpg\" alt=\"Jak gra\u0107 w Thunderball\" width=\"300\" height=\"300\" srcset=\"https:\/\/jackpotlotteryonline.com\/wp-content\/uploads\/2022\/11\/1_you_win_jackpot-300x300.jpg 300w, https:\/\/jackpotlotteryonline.com\/wp-content\/uploads\/2022\/11\/1_you_win_jackpot-100x100.jpg 100w, https:\/\/jackpotlotteryonline.com\/wp-content\/uploads\/2022\/11\/1_you_win_jackpot-150x150.jpg 150w, https:\/\/jackpotlotteryonline.com\/wp-content\/uploads\/2022\/11\/1_you_win_jackpot.jpg 320w\" sizes=\"auto, (max-width: 300px) 100vw, 300px\" \/><\/p>\n<p>Ta brytyjska loteria jest prosta i \u0142atwa do gry, a do\u015bwiadczeni gracze lotto nie powinni mie\u0107 problemu z t\u0105 brytyjsk\u0105 loteri\u0105.<\/p>\n<p>Aby<a href=\"https:\/\/jackpotlotteryonline.com\/pl\/jak-grac\/thunderball\"> zagra\u0107 w t\u0119 brytyjsk\u0105 loteri\u0119<\/a>, gracze musz\u0105 wybra\u0107 pi\u0119\u0107 g\u0142\u00f3wnych numer\u00f3w z przedzia\u0142u od 1 do 39 oraz jeden specjalny numer z przedzia\u0142u od 1 do 14. Numer specjalny nazywa si\u0119 Thunderball.<\/p>\n<p>Po wybraniu swoich numer\u00f3w, kolejnym krokiem jest <a href=\"https:\/\/jackpotlotteryonline.com\/pl\/zwycieskie-numery\/thunderball\">przyst\u0105pienie do losowa\u0144<\/a> i oczekiwanie na wyniki. Wspomnieli\u015bmy ju\u017c, \u017ce oferuje on cztery tygodniowe losowania. To cztery okazje do wygrania jackpota! Losowania odbywaj\u0105 si\u0119 we wtorek, \u015brod\u0119, czwartek i sobot\u0119.<\/p>\n<h2>Czy legalne jest kupowanie los\u00f3w na loterii UK online?<\/h2>\n<p>Pytanie o to, czy mo\u017cna wej\u015b\u0107 na loteri\u0119 przez internet jest uzasadnion\u0105 obaw\u0105. Prawd\u0105 jest, \u017ce istniej\u0105 oszustwa tam i by\u0142oby g\u0142upie, aby to zignorowa\u0107. Istniej\u0105 jednak legalne strony loteryjne, kt\u00f3re sprzedaj\u0105 bilety na loterie na ca\u0142ym \u015bwiecie i jest to ca\u0142kowicie legalne.<\/p>\n<p>Po pierwsze, ta brytyjska loteria nie jest ograniczona do obywateli Wielkiej Brytanii. Jedyne ograniczenie jest geograficzne w tym, \u017ce fizyczne kupony s\u0105 sprzedawane przez sprzedawc\u00f3w w kraju. Kupowanie los\u00f3w online to jedyny spos\u00f3b, aby gra\u0107 na loterii spoza kraju.<\/p>\n<p>Zanim kupisz wpis na loterii, upewnij si\u0119, \u017ce u\u017cywasz legalnego sprzedawcy loterii, zw\u0142aszcza takiego, kt\u00f3ry ma dobr\u0105 reputacj\u0119. Dobrym sposobem na sprawdzenie jest sprawdzenie, czy maj\u0105 one histori\u0119 wyp\u0142acania wygranych, aby nie straci\u0107 na wygranej.<\/p>\n<section class=\"layout\" style=\"border: solid 1px; width: 100%;\">\n<div class=\"img-div\" style=\"margin-top: 5px;\"><img decoding=\"async\" class=\"wp-image-17212 alignleft\" style=\"height: 45px; margin: 8px 8px 0px;\" src=\"https:\/\/jackpotlotteryonline.com\/wp-content\/uploads\/2022\/11\/read1.jpg\" alt=\"czytaj\" width=\"\" height=\"\" \/><\/div>\n<div style=\"padding-left: 5px;\">\n<div style=\"font-size: 1.1em;\">\n<p><strong>Twoja narodowa loteria w mi\u0119dzynarodowym por\u00f3wnaniu<\/strong><\/p>\n<p style=\"font-size: 0.85em; margin-top: -1.5em;\">Twoja lokalna loteria mo\u017ce by\u0107 najgorsz\u0105 opcj\u0105 &#8211; dlaczego warto zap\u0142aci\u0107 wi\u0119cej, ale trafi\u0107 wi\u0119ksze jackpoty\u00a0 <a href=\"https:\/\/jackpotlotteryonline.com\/lt\/jusu-vietine-loterija-tautiniame-lyginime\"> wi\u0119cej<\/a><\/p>\n<\/div>\n<\/div>\n<\/section>\n<h2>Jackpot i nagrody<\/h2>\n<p>Wi\u0119c co dok\u0142adnie jest nagrod\u0105 w tej brytyjskiej loterii? Jackpot wynosi pi\u0119\u0107set tysi\u0119cy funt\u00f3w i jest gwarantowany w ka\u017cdym losowaniu. Ka\u017cdy kupon, kt\u00f3ry pasuje do pi\u0119ciu wylosowanych numer\u00f3w oraz numeru specjalnego wygrywa jackpota.<\/p>\n<p>Jackpot nie jest jedyn\u0105 nagrod\u0105, kt\u00f3r\u0105 gracze mog\u0105 wygra\u0107 w tej loterii, poniewa\u017c istniej\u0105 inne poziomy nagr\u00f3d. Nagroda drugiego poziomu to r\u00f3wnie\u017c sta\u0142a kwota pi\u0119ciu tysi\u0119cy funt\u00f3w, co jest naprawd\u0119 \u015bwietnym rozwi\u0105zaniem. W sumie jest dziewi\u0119\u0107 poziom\u00f3w nagr\u00f3d oraz nagroda za dopasowanie specjalnego numeru.<\/p>\n<p>Ponownie, szanse na t\u0119 loteri\u0119 s\u0105 niesamowite, dlatego te\u017c od pierwszego losowania w 1999 roku przynios\u0142a ona tak wielu zwyci\u0119zc\u00f3w. Z powodu du\u017cego zapotrzebowania na t\u0119 loteri\u0119, przesz\u0142a ona z jednego tygodniowego losowania do czterech tygodniowych losowa\u0144. Je\u015bli wi\u0119c grasz w t\u0119 brytyjsk\u0105 loteri\u0119, szanse na wygranie jackpota wynosz\u0105 1 na 8,060,598, podczas gdy szanse na wygranie jakiejkolwiek nagrody wynosz\u0105 1 na 13.<br \/>\n<img loading=\"lazy\" decoding=\"async\" class=\"alignright size-medium wp-image-35457\" src=\"https:\/\/jackpotlotteryonline.com\/wp-content\/uploads\/2022\/11\/2_ticket_uk_lottery-192x300.jpg\" alt=\"bilet na Thunderball\" width=\"192\" height=\"300\" srcset=\"https:\/\/jackpotlotteryonline.com\/wp-content\/uploads\/2022\/11\/2_ticket_uk_lottery-192x300.jpg 192w, https:\/\/jackpotlotteryonline.com\/wp-content\/uploads\/2022\/11\/2_ticket_uk_lottery.jpg 250w\" sizes=\"auto, (max-width: 192px) 100vw, 192px\" \/><\/p>\n<p><strong>Kiedy grasz w t\u0119 loteri\u0119, oto czego mo\u017cesz si\u0119 spodziewa\u0107, aby wygra\u0107:<\/strong><\/p>\n<p>Dopasuj 5 liczb + numer specjalny &#8211; \u00a3500,000 (Jackpot)<br \/>\nDopasuj 5 numer\u00f3w tylko &#8211; \u00a35000<br \/>\nMatch 4 numery + numer specjalny &#8211; \u00a3250<br \/>\nMecz 4 numery tylko &#8211; \u00a3100<br \/>\nDopasuj 3 liczby + numer specjalny &#8211; \u00a320<br \/>\nTylko 3 liczby &#8211; \u00a310<br \/>\nDopasuj 2 liczby + numer specjalny &#8211; \u00a310<br \/>\nMatch 1 liczba + numer specjalny &#8211; \u00a35<br \/>\nDopasuj 0 numer\u00f3w + numer specjalny &#8211; \u00a33<\/p>\n<h2>Jak ubiega\u0107 si\u0119 o nagrod\u0119<\/h2>\n<p>To, jak odbierzesz swoj\u0105 nagrod\u0119, b\u0119dzie zale\u017ca\u0142o od tego, jak kupi\u0142e\u015b sw\u00f3j los. Je\u015bli wszed\u0142e\u015b na loteri\u0119 za po\u015brednictwem naszej strony, mo\u017cesz odebra\u0107 swoj\u0105 nagrod\u0119 loguj\u0105c si\u0119 na swoje konto i wyp\u0142acaj\u0105c swoj\u0105 wygran\u0105 z naszej platformy.<\/p>\n<p>Zanim odbierzesz swoj\u0105 nagrod\u0119, wa\u017cne jest, aby wiedzie\u0107 kilka rzeczy o grze na loterii w Wielkiej Brytanii. Wiemy ju\u017c, \u017ce loteria jest otwarta dla wszystkich bez wzgl\u0119du na narodowo\u015b\u0107, jednak poni\u017cej znajduje si\u0119 kilka rzeczy, na kt\u00f3re warto zwr\u00f3ci\u0107 uwag\u0119:<\/p>\n<ul>\n<li>Loteria jest otwarta dla graczy powy\u017cej 16 roku \u017cycia<\/li>\n<li>Nagrody wyp\u0142acane s\u0105 w formie rycza\u0142tu<\/li>\n<li>Wygrane na loterii nie podlegaj\u0105 opodatkowaniu w kraju. Je\u015bli jednak grasz spoza kraju, powiniene\u015b sprawdzi\u0107 prawo podatkowe swojego kraju<\/li>\n<li>Masz 180 dni na zg\u0142oszenie wygranej zanim wr\u00f3ci ona do puli<\/li>\n<li>Je\u015bli wszed\u0142e\u015b do loterii za po\u015brednictwem fizycznego sprzedawcy, by\u0107 mo\u017ce b\u0119dziesz musia\u0142 skontaktowa\u0107 si\u0119 z organizatorami loterii, aby ubiega\u0107 si\u0119 o swoj\u0105 wygran\u0105.<\/li>\n<\/ul>\n<h2>Dlaczego powiniene\u015b gra\u0107 na loterii z nami<\/h2>\n<p>Jeste\u015bmy serwisem concierge, kt\u00f3ry zapewnia dost\u0119p do najlepszych mi\u0119dzynarodowych loterii dla graczy z ca\u0142ego \u015bwiata. Sp\u0119dzili\u015bmy lata na udoskonalaniu procesu, aby zapewni\u0107 naszym klientom ekscytuj\u0105ce do\u015bwiadczenie, kt\u00f3re jest przyjemne i bezstresowe.<\/p>\n<p>Kiedy zarejestrujesz si\u0119 u nas, mo\u017cesz wygodnie wej\u015b\u0107 na kilka loterii z jednej platformy online. Zapewniamy dodatkowe bezpiecze\u0144stwo wiedz\u0105c, \u017ce Tw\u00f3j kupon jest bezpieczny, wi\u0119c nie musisz si\u0119 martwi\u0107 o jego utrat\u0119. Mo\u017cesz r\u00f3wnie\u017c zrelaksowa\u0107 si\u0119 wiedz\u0105c, \u017ce nie przegapisz \u017cadnej wygranej, poniewa\u017c damy Ci zna\u0107 jak tylko wygrasz nagrod\u0119.<\/p>\n<p>Zasadniczo, zdejmujemy z Ciebie wszystkie \u015bruby i skrzypienia, kt\u00f3re towarzysz\u0105 grze na loterii, pozostawiaj\u0105c Ci woln\u0105 r\u0119k\u0119, aby\u015b m\u00f3g\u0142 robi\u0107 to, co lubisz najbardziej: dobrze si\u0119 bawi\u0107. Nie ma znaczenia, gdzie jeste\u015b na \u015bwiecie, po pod\u0142\u0105czeniu do Internetu, mo\u017cesz wej\u015b\u0107 do najlepszych mi\u0119dzynarodowych loterii.<\/p>\n<p>Z jackpotlotteryonline.com masz kilka opcji. Mo\u017cesz gra\u0107 w jedn\u0105 lub wiele loterii, wprowadzi\u0107 jedno lub wiele losowa\u0144, a nawet ustawi\u0107 subskrypcj\u0119, aby Twoje wpisy dzia\u0142a\u0142y na autopilocie. Dlaczego nie odwiedzi\u0107 nas dzisiaj, aby kupi\u0107 losy Thunderball spoza Wielkiej Brytanii?<\/p>\n","protected":false},"excerpt":{"rendered":"<p>W Wielkiej Brytanii nie brakuje loterii, w kt\u00f3re mog\u0105 gra\u0107 gracze. Od gier lotto do gier rentierskich, jest co\u015b dla ka\u017cdego i prawie ka\u017cdego dnia te\u017c. Jednak jedn\u0105 z ulubionych gier dla graczy jest Thunderball. Jest to o tyle ciekawe, \u017ce jest to loteria, kt\u00f3ra nie oferuje jackpota wartego miliony funt\u00f3w. W rzeczywisto\u015bci, mo\u017cemy zagwarantowa\u0107, [&hellip;]<\/p>\n","protected":false},"author":1,"featured_media":0,"parent":35770,"menu_order":12,"comment_status":"closed","ping_status":"closed","template":"thunderball-info.php","meta":{"_et_pb_use_builder":"","_et_pb_old_content":"","_et_gb_content_width":"","exclude_from_search":false,"footnotes":""},"class_list":["post-37113","page","type-page","status-publish","hentry"],"yoast_head":"<!-- This site is optimized with the Yoast SEO plugin v23.3 - https:\/\/yoast.com\/wordpress\/plugins\/seo\/ -->\n<title>Kup losy Thunderball spoza Wielkiej Brytanii | Thunderball Lottery online<\/title>\n<meta name=\"description\" content=\"Zdob\u0105d\u017a kupon Thunderball spoza Wielkiej Brytanii, kupuj\u0105c go tutaj online! Zdob\u0105d\u017a zeskanowany kupon Thunderball poprzez nasz legalny serwis\" \/>\n<meta name=\"robots\" content=\"index, follow, max-snippet:-1, max-image-preview:large, max-video-preview:-1\" \/>\n<link rel=\"canonical\" href=\"https:\/\/jackpotlotteryonline.com\/pl\/kupic-bilety\/thunderball\/\" \/>\n<meta property=\"og:locale\" content=\"pl_PL\" \/>\n<meta property=\"og:type\" content=\"article\" \/>\n<meta property=\"og:title\" content=\"Kup losy Thunderball spoza Wielkiej Brytanii | Thunderball Lottery online\" \/>\n<meta property=\"og:description\" content=\"Zdob\u0105d\u017a kupon Thunderball spoza Wielkiej Brytanii, kupuj\u0105c go tutaj online! Zdob\u0105d\u017a zeskanowany kupon Thunderball poprzez nasz legalny serwis\" \/>\n<meta property=\"og:url\" content=\"https:\/\/jackpotlotteryonline.com\/pl\/kupic-bilety\/thunderball\/\" \/>\n<meta property=\"og:site_name\" content=\"Lotto Online - Crack The International Lottery Jackpots\" \/>\n<meta property=\"article:modified_time\" content=\"2023-01-04T08:49:49+00:00\" \/>\n<meta property=\"og:image\" content=\"https:\/\/jackpotlotteryonline.com\/wp-content\/uploads\/2022\/11\/1_you_win_jackpot-300x300.jpg\" \/>\n<meta name=\"twitter:card\" content=\"summary_large_image\" \/>\n<meta name=\"twitter:label1\" content=\"Szacowany czas czytania\" \/>\n\t<meta name=\"twitter:data1\" content=\"5 minut\" \/>\n<!-- \/ Yoast SEO plugin. -->","yoast_head_json":{"title":"Kup losy Thunderball spoza Wielkiej Brytanii | Thunderball Lottery online","description":"Zdob\u0105d\u017a kupon Thunderball spoza Wielkiej Brytanii, kupuj\u0105c go tutaj online! Zdob\u0105d\u017a zeskanowany kupon Thunderball poprzez nasz legalny serwis","robots":{"index":"index","follow":"follow","max-snippet":"max-snippet:-1","max-image-preview":"max-image-preview:large","max-video-preview":"max-video-preview:-1"},"canonical":"https:\/\/jackpotlotteryonline.com\/pl\/kupic-bilety\/thunderball\/","og_locale":"pl_PL","og_type":"article","og_title":"Kup losy Thunderball spoza Wielkiej Brytanii | Thunderball Lottery online","og_description":"Zdob\u0105d\u017a kupon Thunderball spoza Wielkiej Brytanii, kupuj\u0105c go tutaj online! Zdob\u0105d\u017a zeskanowany kupon Thunderball poprzez nasz legalny serwis","og_url":"https:\/\/jackpotlotteryonline.com\/pl\/kupic-bilety\/thunderball\/","og_site_name":"Lotto Online - Crack The International Lottery Jackpots","article_modified_time":"2023-01-04T08:49:49+00:00","og_image":[{"url":"https:\/\/jackpotlotteryonline.com\/wp-content\/uploads\/2022\/11\/1_you_win_jackpot-300x300.jpg"}],"twitter_card":"summary_large_image","twitter_misc":{"Szacowany czas czytania":"5 minut"},"schema":{"@context":"https:\/\/schema.org","@graph":[{"@type":"WebPage","@id":"https:\/\/jackpotlotteryonline.com\/pl\/kupic-bilety\/thunderball\/","url":"https:\/\/jackpotlotteryonline.com\/pl\/kupic-bilety\/thunderball\/","name":"Kup losy Thunderball spoza Wielkiej Brytanii | Thunderball Lottery online","isPartOf":{"@id":"https:\/\/jackpotlotteryonline.com\/#website"},"primaryImageOfPage":{"@id":"https:\/\/jackpotlotteryonline.com\/pl\/kupic-bilety\/thunderball\/#primaryimage"},"image":{"@id":"https:\/\/jackpotlotteryonline.com\/pl\/kupic-bilety\/thunderball\/#primaryimage"},"thumbnailUrl":"https:\/\/jackpotlotteryonline.com\/wp-content\/uploads\/2022\/11\/1_you_win_jackpot-300x300.jpg","datePublished":"2022-11-10T09:26:52+00:00","dateModified":"2023-01-04T08:49:49+00:00","description":"Zdob\u0105d\u017a kupon Thunderball spoza Wielkiej Brytanii, kupuj\u0105c go tutaj online! Zdob\u0105d\u017a zeskanowany kupon Thunderball poprzez nasz legalny serwis","breadcrumb":{"@id":"https:\/\/jackpotlotteryonline.com\/pl\/kupic-bilety\/thunderball\/#breadcrumb"},"inLanguage":"pl-PL","potentialAction":[{"@type":"ReadAction","target":["https:\/\/jackpotlotteryonline.com\/pl\/kupic-bilety\/thunderball\/"]}]},{"@type":"ImageObject","inLanguage":"pl-PL","@id":"https:\/\/jackpotlotteryonline.com\/pl\/kupic-bilety\/thunderball\/#primaryimage","url":"https:\/\/jackpotlotteryonline.com\/wp-content\/uploads\/2022\/11\/1_you_win_jackpot-300x300.jpg","contentUrl":"https:\/\/jackpotlotteryonline.com\/wp-content\/uploads\/2022\/11\/1_you_win_jackpot-300x300.jpg"},{"@type":"BreadcrumbList","@id":"https:\/\/jackpotlotteryonline.com\/pl\/kupic-bilety\/thunderball\/#breadcrumb","itemListElement":[{"@type":"ListItem","position":1,"name":"Home","item":"https:\/\/jackpotlotteryonline.com\/pl\/"},{"@type":"ListItem","position":2,"name":"Jak kupi\u0107 bilety na loteri\u0119 online","item":"https:\/\/jackpotlotteryonline.com\/buy-tickets\/"},{"@type":"ListItem","position":3,"name":"Kup bilety na Thunderball"}]},{"@type":"WebSite","@id":"https:\/\/jackpotlotteryonline.com\/#website","url":"https:\/\/jackpotlotteryonline.com\/","name":"Lotto Online - Crack The International Lottery Jackpots","description":"","potentialAction":[{"@type":"SearchAction","target":{"@type":"EntryPoint","urlTemplate":"https:\/\/jackpotlotteryonline.com\/?s={search_term_string}"},"query-input":"required name=search_term_string"}],"inLanguage":"pl-PL"}]}},"_links":{"self":[{"href":"https:\/\/jackpotlotteryonline.com\/pl\/wp-json\/wp\/v2\/pages\/37113","targetHints":{"allow":["GET"]}}],"collection":[{"href":"https:\/\/jackpotlotteryonline.com\/pl\/wp-json\/wp\/v2\/pages"}],"about":[{"href":"https:\/\/jackpotlotteryonline.com\/pl\/wp-json\/wp\/v2\/types\/page"}],"author":[{"embeddable":true,"href":"https:\/\/jackpotlotteryonline.com\/pl\/wp-json\/wp\/v2\/users\/1"}],"replies":[{"embeddable":true,"href":"https:\/\/jackpotlotteryonline.com\/pl\/wp-json\/wp\/v2\/comments?post=37113"}],"version-history":[{"count":0,"href":"https:\/\/jackpotlotteryonline.com\/pl\/wp-json\/wp\/v2\/pages\/37113\/revisions"}],"up":[{"embeddable":true,"href":"https:\/\/jackpotlotteryonline.com\/pl\/wp-json\/wp\/v2\/pages\/35770"}],"wp:attachment":[{"href":"https:\/\/jackpotlotteryonline.com\/pl\/wp-json\/wp\/v2\/media?parent=37113"}],"curies":[{"name":"wp","href":"https:\/\/api.w.org\/{rel}","templated":true}]}}