{"id":37168,"date":"2022-11-10T12:35:40","date_gmt":"2022-11-10T12:35:40","guid":{"rendered":"https:\/\/jackpotlotteryonline.com\/?page_id=37168"},"modified":"2022-12-24T15:49:12","modified_gmt":"2022-12-24T15:49:12","slug":"powerball-australia","status":"publish","type":"page","link":"https:\/\/jackpotlotteryonline.com\/pl\/kupic-bilety\/powerball-australia\/","title":{"rendered":"Kup bilety na Powerball Australia"},"content":{"rendered":"<p>Kiedy my\u015blisz o tej loterii, to co przychodzi Ci na my\u015bl jako pierwsze to loteria ameryka\u0144ska, a nie wersja Aussie. Ta niesamowita loteria jest uwielbiana przez entuzjast\u00f3w lotto z Aussie. Powerball Australia szybko staje si\u0119 jedn\u0105 z popularnych mi\u0119dzynarodowych loterii, poniewa\u017c gracze na ca\u0142ym \u015bwiecie dostrzegaj\u0105 jej potencja\u0142.<\/p>\n<p>Z gwarantowanym minimalnym jackpotem w wysoko\u015bci 3 milion\u00f3w dolar\u00f3w, kwota ta przewraca si\u0119, je\u015bli nie ma zwyci\u0119zcy po losowaniu. Mo\u017ce si\u0119 ona przewr\u00f3ci\u0107 kilka razy, a\u017c stanie si\u0119 ca\u0142kiem du\u017ca. Rekordowa kwota jackpota 160 milion\u00f3w dolar\u00f3w zosta\u0142a wygrana w pa\u017adzierniku 2022 roku przez jeden bilet.<\/p>\n<p>Je\u015bli chcesz poszerzy\u0107 sw\u00f3j zasi\u0119g jako gracz loterii, to powiniene\u015b rozwa\u017cy\u0107 Powerball Australia. Jest zabawny, pe\u0142en ducha i daje graczom mo\u017cliwo\u015b\u0107 wygrania du\u017cej kwoty bez szalonych szans wersji ameryka\u0144skiej. Dodatkowo nie ma znaczenia gdzie mieszkasz, poniewa\u017c mo\u017cesz <a href=\"https:\/\/jackpotlotteryonline.com\/pl\/jak-grac\/powerball-australia\">gra\u0107 online na jackpotlotteryonline.com.<\/a><\/p>\n<h2>Jak dzia\u0142a Powerball Australia?<\/h2>\n<p><img loading=\"lazy\" decoding=\"async\" class=\"size-full wp-image-31181 alignright\" src=\"https:\/\/jackpotlotteryonline.com\/wp-content\/uploads\/2022\/11\/logo_powerball-300x50-1.jpg\" alt=\"Powerball Australia\" width=\"300\" height=\"50\" \/><\/p>\n<p>Ta loteria posiada kulki z dwoma zestawami liczb w dw\u00f3ch r\u00f3\u017cnych beczkach. Kulki s\u0105 losowane z ka\u017cdej beczki i ka\u017cde zg\u0142oszenie, kt\u00f3re pasuje do wylosowanych numer\u00f3w wygrywa. W pierwszej beczce znajduje si\u0119 35 pi\u0142ek, a gracze musz\u0105 wybra\u0107 7 numer\u00f3w z tego zakresu. Druga beczka ma 20 numer\u00f3w, a gracze wybieraj\u0105 JEDEN numer z tego zakresu.<\/p>\n<p>Linia wej\u015bciowa ma 8 numer\u00f3w, a jeden kupon mo\u017ce mie\u0107 wi\u0119cej ni\u017c jedn\u0105 lini\u0119 wej\u015bciow\u0105. W\u0142a\u015bciwie zaleca si\u0119 wprowadzenie kilku linii, aby zwi\u0119kszy\u0107 szanse na wygran\u0105. Szanse na wygranie jackpota wynosz\u0105 1 na 1:134,490,400.<\/p>\n<p>Tak, szanse s\u0105 do\u015b\u0107 wysokie, ale tak w\u0142a\u015bnie dzia\u0142a loteria. Jest to gra liczb i wiele zale\u017cy od szcz\u0119\u015bcia. Nie wiadomo, kiedy szcz\u0119\u015bcie zdecyduje si\u0119 sprzyja\u0107 graczowi. Dodatkowo, jest to zabawne hobby, tak d\u0142ugo jak trzymasz si\u0119 tego, na co mo\u017cesz sobie pozwoli\u0107.<\/p>\n<h2>Czy mo\u017cna zwi\u0119kszy\u0107 swoje szanse na wygran\u0105?<\/h2>\n<p>Co ciekawe, mo\u017cesz zwi\u0119kszy\u0107 swoje szanse na wygranie jackpota. Nie ma gwarantowanej metody, chocia\u017c wi\u0119kszo\u015b\u0107 zwyci\u0119zc\u00f3w przyznaje, \u017ce grali wiele razy zanim cokolwiek wygrali. W tym tkwi sekret.<\/p>\n<p>Wed\u0142ug naszej najlepszej wiedzy, sposobem na przechylenie szansy na wygran\u0105 na swoj\u0105 korzy\u015b\u0107 jest zakup wi\u0119kszej ilo\u015bci wej\u015b\u0107. Oznacza to wiele linii wej\u015bciowych i wiele losowa\u0144. Loteria organizuje swoje losowania raz w tygodniu w czwartki. Je\u015bli kupisz losy na naszej stronie, mo\u017cesz wej\u015b\u0107 w losowania z kilkutygodniowym wyprzedzeniem.<\/p>\n<p>Inn\u0105 opcj\u0105 jest do\u0142\u0105czenie do syndykatu loterii. Zalet\u0105 do\u0142\u0105czenia do syndykatu jest to, \u017ce Twoje pieni\u0105dze id\u0105 o wiele dalej ni\u017c gdyby\u015b gra\u0142 sam. Oczywi\u015bcie, je\u015bli kupon wygra, ka\u017cdy cz\u0142onek syndykatu podzieli si\u0119 wygran\u0105.<\/p>\n<section class=\"layout\" style=\"border: solid 1px; width: 100%;\">\n<div class=\"img-div\" style=\"margin-top: 5px;\"><img decoding=\"async\" class=\"wp-image-17212 alignleft\" style=\"height: 45px; margin: 8px 8px 0px;\" src=\"https:\/\/jackpotlotteryonline.com\/wp-content\/uploads\/2022\/11\/read1.jpg\" alt=\"czytaj\" width=\"\" height=\"\" \/><\/div>\n<div style=\"padding-left: 5px;\">\n<div style=\"font-size: 1.1em;\">\n<p><strong>Wybierz zwyci\u0119skie numery lotto r\u0119cznie lub za pomoc\u0105 RNG<\/strong><\/p>\n<p style=\"font-size: 0.85em; margin-top: -1.5em;\">Jak wygenerowa\u0107 zwyci\u0119skie numery lotto? <a href=\"https:\/\/jackpotlotteryonline.com\/pl\/jak-wygenerowac-zwycieskie-numery-lotto\"> wi\u0119cej<\/a><\/p>\n<\/div>\n<\/div>\n<\/section>\n<h2>Jak gra\u0107 na loterii Aussie online<\/h2>\n<p><img loading=\"lazy\" decoding=\"async\" class=\"alignright size-medium wp-image-34538\" src=\"https:\/\/jackpotlotteryonline.com\/wp-content\/uploads\/2022\/11\/2_ticket_powerball_au-157x300.jpg\" alt=\"Aussie bilet loterii\" width=\"157\" height=\"300\" srcset=\"https:\/\/jackpotlotteryonline.com\/wp-content\/uploads\/2022\/11\/2_ticket_powerball_au-157x300.jpg 157w, https:\/\/jackpotlotteryonline.com\/wp-content\/uploads\/2022\/11\/2_ticket_powerball_au.jpg 250w\" sizes=\"auto, (max-width: 157px) 100vw, 157px\" \/><\/p>\n<p>Granie na loterii online jest proste i mo\u017cesz to zrobi\u0107 gdziekolwiek jeste\u015b. Kiedy odwiedzasz nas na jackpotlotteryonline.com mo\u017cna \u0142atwo kupi\u0107 wpisy do najlepszych mi\u0119dzynarodowych loterii, w tym Aussie loterii. Aby kupi\u0107 wpisy, wystarczy wybra\u0107 swoje numery i wej\u015b\u0107 do losowania. Nie jeste\u015b pewien jakich numer\u00f3w u\u017cy\u0107, skorzystaj z naszego narz\u0119dzia szybkiego wyboru, aby wygenerowa\u0107 losowe numery.<\/p>\n<p>Kiedy dotrzesz do strony p\u0142atno\u015bci, poprosimy Ci\u0119 o rejestracj\u0119. To dlatego, \u017ce Tw\u00f3j kupon pozostanie bezpieczny na Twoim koncie. Mo\u017cesz r\u00f3wnie\u017c ustawi\u0107 swoje gry loteryjne na autopilota, dzi\u0119ki czemu b\u0119dziesz automatycznie zg\u0142aszany do wybranych przez siebie losowa\u0144. Je\u015bli wygrasz nagrod\u0119, poinformujemy Ci\u0119 o tym niezw\u0142ocznie, a nast\u0119pnie b\u0119dziesz m\u00f3g\u0142 j\u0105 wyp\u0142aci\u0107 z naszej platformy.<\/p>\n<p>Ci\u0119\u017cko pracujemy, aby u\u0142atwi\u0107 Ci do\u015bwiadczenie gry na loterii, aby\u015b m\u00f3g\u0142 si\u0119 zrelaksowa\u0107 i skupi\u0107 na dobrej zabawie.<\/p>\n<h2>Podzia\u0142y nagr\u00f3d<\/h2>\n<p>Ta loteria Aussie posiada 9 podzia\u0142\u00f3w nagr\u00f3d, a gracze nie musz\u0105 dopasowa\u0107 wszystkich 8 wylosowanych liczb, aby wygra\u0107 nagrod\u0119. Chocia\u017c nagroda g\u0142\u00f3wna zaczyna si\u0119 od 3 milion\u00f3w dolar\u00f3w, to mo\u017ce ona przewr\u00f3ci\u0107 si\u0119 kilka razy, a\u017c do momentu, gdy b\u0119dzie znacznie wi\u0119ksza.<\/p>\n<p>Nale\u017cy pami\u0119ta\u0107, \u017ce nie ma limitu wielko\u015bci jackpota, jednak mo\u017ce on si\u0119 przewr\u00f3ci\u0107 tylko 25 razy, zanim wr\u00f3ci do 3 milion\u00f3w dolar\u00f3w.<\/p>\n<p>Nagrody w ni\u017cszych dywizjach s\u0105 procentem puli nagr\u00f3d. Podzielimy si\u0119 \u015bredni\u0105 wyp\u0142at\u0105, aby da\u0107 Ci wyobra\u017cenie. Nie jest to gwarantowana wyp\u0142ata dla ka\u017cdego losowania, poniewa\u017c kwoty mog\u0105 si\u0119 r\u00f3\u017cni\u0107.<\/p>\n<p>Mecz 7 liczb g\u0142\u00f3wnych + liczba specjalna &#8211; $23,043,155.47 (\u015brednia wyp\u0142ata)<br \/>\nTylko 7 liczb &#8211; $126,484.05<br \/>\nMecz 6 liczb + numer specjalny &#8211; $5,326.97<br \/>\nTylko 6 liczb &#8211; $454.35<br \/>\nMecz 5 liczb + numer specjalny &#8211; $158.34<br \/>\nMatch 4 numery + numer specjalny &#8211; $70.85<br \/>\nMecz 5 liczb tylko &#8211; 42,23 dolar\u00f3w<br \/>\nMecz 3 numery + numer specjalny &#8211; $17.57<br \/>\nMecz 2 numery + numer specjalny &#8211; $10.71<\/p>\n<h2>Jak sprawdzi\u0107 wyniki<\/h2>\n<p>Wyniki s\u0105 publikowane na naszej stronie po ka\u017cdym losowaniu. Losowania odbywaj\u0105 si\u0119 w ka\u017cdy czwartek o 7:25 PM AEST.<\/p>\n<p>Rozumiemy, \u017ce czasem zdarza si\u0119 \u017cycie i mo\u017cesz nie by\u0107 w <a href=\"https:\/\/jackpotlotteryonline.com\/pl\/zwycieskie-numery\/powerball-australia\">stanie sprawdzi\u0107 wynik\u00f3w losowania<\/a> natychmiast. Dlatego, je\u015bli wygrasz jak\u0105\u015b nagrod\u0119, nie tylko powiadomimy Ci\u0119 o tym poprzez Twoje konto, ale r\u00f3wnie\u017c wy\u015blemy Ci wiadomo\u015b\u0107 e-mail. W ten spos\u00f3b nie b\u0119dziesz musia\u0142 przegapi\u0107 okazji do odebrania swojej nagrody.<\/p>\n<h2>Zarejestruj si\u0119 u nas, aby kupi\u0107 bilety na Powerball Australia online<\/h2>\n<p>Czy jeste\u015b podekscytowany perspektyw\u0105 gry na tej loterii? C\u00f3\u017c, my r\u00f3wnie\u017c i cieszymy si\u0119, \u017ce mo\u017cemy dostarczy\u0107 j\u0105 do urz\u0105dzenia mobilnego w pobli\u017cu Ciebie. Gdy tylko masz po\u0142\u0105czenie z internetem, mo\u017cesz zakupi\u0107 los na loteri\u0119 Aussie.<\/p>\n<p>Loteria to fajna gra i wsz\u0119dzie mo\u017cna znale\u017a\u0107 historie zwyci\u0119zc\u00f3w loterii. Mo\u017cesz by\u0107 kolejnym zwyci\u0119zc\u0105, ale nie dowiesz si\u0119, dop\u00f3ki nie we\u017amiesz udzia\u0142u w losowaniu. Upro\u015bcili\u015bmy ten proces, aby by\u0142 on dla Ciebie bezstresowym do\u015bwiadczeniem. Nie musisz opuszcza\u0107 naszej strony, aby wykona\u0107 jakiekolwiek zadanie zwi\u0105zane z loteri\u0105. To takie proste.<\/p>\n<p>Niewa\u017cne gdzie jeste\u015b na \u015bwiecie, mo\u017cesz kupi\u0107 wpis do najwi\u0119kszej australijskiej loterii w\u0142a\u015bnie na naszej stronie. Zarejestruj si\u0119 z nami ju\u017c dzi\u015b.<\/p>\n","protected":false},"excerpt":{"rendered":"<p>Kiedy my\u015blisz o tej loterii, to co przychodzi Ci na my\u015bl jako pierwsze to loteria ameryka\u0144ska, a nie wersja Aussie. Ta niesamowita loteria jest uwielbiana przez entuzjast\u00f3w lotto z Aussie. Powerball Australia szybko staje si\u0119 jedn\u0105 z popularnych mi\u0119dzynarodowych loterii, poniewa\u017c gracze na ca\u0142ym \u015bwiecie dostrzegaj\u0105 jej potencja\u0142. Z gwarantowanym minimalnym jackpotem w wysoko\u015bci 3 [&hellip;]<\/p>\n","protected":false},"author":1,"featured_media":0,"parent":35770,"menu_order":17,"comment_status":"closed","ping_status":"closed","template":"powerball-au-info.php","meta":{"_et_pb_use_builder":"","_et_pb_old_content":"","_et_gb_content_width":"","exclude_from_search":false,"footnotes":""},"class_list":["post-37168","page","type-page","status-publish","hentry"],"yoast_head":"<!-- This site is optimized with the Yoast SEO plugin v23.3 - https:\/\/yoast.com\/wordpress\/plugins\/seo\/ -->\n<title>Kup losy na Powerball Australia spoza Australii<\/title>\n<meta name=\"description\" content=\"Australijska wersja loterii Powerball - mo\u017cesz wzi\u0105\u0107 udzia\u0142, je\u015bli po prostu kupisz bilet online tutaj na naszej stronie.\" \/>\n<meta name=\"robots\" content=\"index, follow, max-snippet:-1, max-image-preview:large, max-video-preview:-1\" \/>\n<link rel=\"canonical\" href=\"https:\/\/jackpotlotteryonline.com\/pl\/kupic-bilety\/powerball-australia\/\" \/>\n<meta property=\"og:locale\" content=\"pl_PL\" \/>\n<meta property=\"og:type\" content=\"article\" \/>\n<meta property=\"og:title\" content=\"Kup losy na Powerball Australia spoza Australii\" \/>\n<meta property=\"og:description\" content=\"Australijska wersja loterii Powerball - mo\u017cesz wzi\u0105\u0107 udzia\u0142, je\u015bli po prostu kupisz bilet online tutaj na naszej stronie.\" \/>\n<meta property=\"og:url\" content=\"https:\/\/jackpotlotteryonline.com\/pl\/kupic-bilety\/powerball-australia\/\" \/>\n<meta property=\"og:site_name\" content=\"Lotto Online - Crack The International Lottery Jackpots\" \/>\n<meta property=\"article:modified_time\" content=\"2022-12-24T15:49:12+00:00\" \/>\n<meta property=\"og:image\" content=\"https:\/\/jackpotlotteryonline.com\/wp-content\/uploads\/2022\/11\/logo_powerball-300x50-1.jpg\" \/>\n<meta name=\"twitter:card\" content=\"summary_large_image\" \/>\n<meta name=\"twitter:label1\" content=\"Szacowany czas czytania\" \/>\n\t<meta name=\"twitter:data1\" content=\"5 minut\" \/>\n<!-- \/ Yoast SEO plugin. -->","yoast_head_json":{"title":"Kup losy na Powerball Australia spoza Australii","description":"Australijska wersja loterii Powerball - mo\u017cesz wzi\u0105\u0107 udzia\u0142, je\u015bli po prostu kupisz bilet online tutaj na naszej stronie.","robots":{"index":"index","follow":"follow","max-snippet":"max-snippet:-1","max-image-preview":"max-image-preview:large","max-video-preview":"max-video-preview:-1"},"canonical":"https:\/\/jackpotlotteryonline.com\/pl\/kupic-bilety\/powerball-australia\/","og_locale":"pl_PL","og_type":"article","og_title":"Kup losy na Powerball Australia spoza Australii","og_description":"Australijska wersja loterii Powerball - mo\u017cesz wzi\u0105\u0107 udzia\u0142, je\u015bli po prostu kupisz bilet online tutaj na naszej stronie.","og_url":"https:\/\/jackpotlotteryonline.com\/pl\/kupic-bilety\/powerball-australia\/","og_site_name":"Lotto Online - Crack The International Lottery Jackpots","article_modified_time":"2022-12-24T15:49:12+00:00","og_image":[{"url":"https:\/\/jackpotlotteryonline.com\/wp-content\/uploads\/2022\/11\/logo_powerball-300x50-1.jpg"}],"twitter_card":"summary_large_image","twitter_misc":{"Szacowany czas czytania":"5 minut"},"schema":{"@context":"https:\/\/schema.org","@graph":[{"@type":"WebPage","@id":"https:\/\/jackpotlotteryonline.com\/pl\/kupic-bilety\/powerball-australia\/","url":"https:\/\/jackpotlotteryonline.com\/pl\/kupic-bilety\/powerball-australia\/","name":"Kup losy na Powerball Australia spoza Australii","isPartOf":{"@id":"https:\/\/jackpotlotteryonline.com\/#website"},"primaryImageOfPage":{"@id":"https:\/\/jackpotlotteryonline.com\/pl\/kupic-bilety\/powerball-australia\/#primaryimage"},"image":{"@id":"https:\/\/jackpotlotteryonline.com\/pl\/kupic-bilety\/powerball-australia\/#primaryimage"},"thumbnailUrl":"https:\/\/jackpotlotteryonline.com\/wp-content\/uploads\/2022\/11\/logo_powerball-300x50-1.jpg","datePublished":"2022-11-10T12:35:40+00:00","dateModified":"2022-12-24T15:49:12+00:00","description":"Australijska wersja loterii Powerball - mo\u017cesz wzi\u0105\u0107 udzia\u0142, je\u015bli po prostu kupisz bilet online tutaj na naszej stronie.","breadcrumb":{"@id":"https:\/\/jackpotlotteryonline.com\/pl\/kupic-bilety\/powerball-australia\/#breadcrumb"},"inLanguage":"pl-PL","potentialAction":[{"@type":"ReadAction","target":["https:\/\/jackpotlotteryonline.com\/pl\/kupic-bilety\/powerball-australia\/"]}]},{"@type":"ImageObject","inLanguage":"pl-PL","@id":"https:\/\/jackpotlotteryonline.com\/pl\/kupic-bilety\/powerball-australia\/#primaryimage","url":"https:\/\/jackpotlotteryonline.com\/wp-content\/uploads\/2022\/11\/logo_powerball-300x50-1.jpg","contentUrl":"https:\/\/jackpotlotteryonline.com\/wp-content\/uploads\/2022\/11\/logo_powerball-300x50-1.jpg"},{"@type":"BreadcrumbList","@id":"https:\/\/jackpotlotteryonline.com\/pl\/kupic-bilety\/powerball-australia\/#breadcrumb","itemListElement":[{"@type":"ListItem","position":1,"name":"Home","item":"https:\/\/jackpotlotteryonline.com\/pl\/"},{"@type":"ListItem","position":2,"name":"Jak kupi\u0107 bilety na loteri\u0119 online","item":"https:\/\/jackpotlotteryonline.com\/buy-tickets\/"},{"@type":"ListItem","position":3,"name":"Kup bilety na Powerball Australia"}]},{"@type":"WebSite","@id":"https:\/\/jackpotlotteryonline.com\/#website","url":"https:\/\/jackpotlotteryonline.com\/","name":"Lotto Online - Crack The International Lottery Jackpots","description":"","potentialAction":[{"@type":"SearchAction","target":{"@type":"EntryPoint","urlTemplate":"https:\/\/jackpotlotteryonline.com\/?s={search_term_string}"},"query-input":"required name=search_term_string"}],"inLanguage":"pl-PL"}]}},"_links":{"self":[{"href":"https:\/\/jackpotlotteryonline.com\/pl\/wp-json\/wp\/v2\/pages\/37168","targetHints":{"allow":["GET"]}}],"collection":[{"href":"https:\/\/jackpotlotteryonline.com\/pl\/wp-json\/wp\/v2\/pages"}],"about":[{"href":"https:\/\/jackpotlotteryonline.com\/pl\/wp-json\/wp\/v2\/types\/page"}],"author":[{"embeddable":true,"href":"https:\/\/jackpotlotteryonline.com\/pl\/wp-json\/wp\/v2\/users\/1"}],"replies":[{"embeddable":true,"href":"https:\/\/jackpotlotteryonline.com\/pl\/wp-json\/wp\/v2\/comments?post=37168"}],"version-history":[{"count":0,"href":"https:\/\/jackpotlotteryonline.com\/pl\/wp-json\/wp\/v2\/pages\/37168\/revisions"}],"up":[{"embeddable":true,"href":"https:\/\/jackpotlotteryonline.com\/pl\/wp-json\/wp\/v2\/pages\/35770"}],"wp:attachment":[{"href":"https:\/\/jackpotlotteryonline.com\/pl\/wp-json\/wp\/v2\/media?parent=37168"}],"curies":[{"name":"wp","href":"https:\/\/api.w.org\/{rel}","templated":true}]}}