{"id":37223,"date":"2022-11-11T06:39:07","date_gmt":"2022-11-11T06:39:07","guid":{"rendered":"https:\/\/jackpotlotteryonline.com\/?page_id=37223"},"modified":"2022-12-24T10:42:25","modified_gmt":"2022-12-24T10:42:25","slug":"oz-lotto","status":"publish","type":"page","link":"https:\/\/jackpotlotteryonline.com\/pl\/kupic-bilety\/oz-lotto\/","title":{"rendered":"Kup bilety na Oz Lotto"},"content":{"rendered":"<p>Oz Lotto to pierwsza australijska loteria narodowa. Rozpocz\u0119\u0142a si\u0119 ona w 1994 roku i sta\u0142a si\u0119 popularna w\u015br\u00f3d graczy wsz\u0119dzie ze wzgl\u0119du na hojny jackpot. Jest co\u015b wi\u0119cej, co przemawia do graczy ni\u017c tylko du\u017cy jackpot.<\/p>\n<p>R\u00f3\u017cne loterie maj\u0105 swoje zasady i metody, ale jedn\u0105 wsp\u00f3ln\u0105 rzecz\u0105 jest to, \u017ce szanse nie zawsze s\u0105 korzystne. Jednak nie jest tak w przypadku tej australijskiej loterii. Je\u015bli szukasz loterii, kt\u00f3ra ma niesamowite szanse, to zagraj w t\u0119 loteri\u0119 Oz.<\/p>\n<p>Og\u00f3lnie rzecz bior\u0105c, loterie s\u0105 otwarte dla mieszka\u0144c\u00f3w kraj\u00f3w, w kt\u00f3rych loteria ma swoj\u0105 siedzib\u0119. Tak wi\u0119c, to lotto jest otwarte dla tych, kt\u00f3rzy mieszkaj\u0105 w Australii. Nie musisz by\u0107 obywatelem, aby wzi\u0105\u0107 udzia\u0142 w loterii. Je\u015bli jednak mieszkasz poza granicami kraju, b\u0119dziesz musia\u0142 kupi\u0107 bilety na loteri\u0119 online.<\/p>\n<h2>Jak kupi\u0107 bilety na Oz Lotto na ca\u0142ym \u015bwiecie<\/h2>\n<p><img loading=\"lazy\" decoding=\"async\" class=\"alignright size-full wp-image-31532\" src=\"https:\/\/jackpotlotteryonline.com\/wp-content\/uploads\/2022\/11\/lottoballs.jpg\" alt=\"Oz Lottery\" width=\"245\" height=\"123\" \/><\/p>\n<p>Najwygodniejszym i najprostszym sposobem na uzyskanie dost\u0119pu do Oz Lotto spoza Australii jest internet. Istniej\u0105 sprzedawcy loterii online, kt\u00f3re daj\u0105 graczom dost\u0119p do najlepszych mi\u0119dzynarodowych loterii. Strony te zapewniaj\u0105 legaln\u0105 drog\u0119 dla graczy z ca\u0142ego \u015bwiata, aby spr\u00f3bowa\u0107 swoich si\u0142 w wygraniu milion\u00f3w.<\/p>\n<p>Internet zapewnia \u015bwiat prawie niesko\u0144czonych mo\u017cliwo\u015bci i nie wszystkie s\u0105 pozytywne. Szukanie jakiejkolwiek przypadkowej strony loterii mo\u017ce skutkowa\u0107 nieprzyjemnymi do\u015bwiadczeniami. Dlatego zawsze warto szuka\u0107 zaufanych stron, kt\u00f3re maj\u0105 na swoim koncie wiele sukces\u00f3w. Poni\u017cej dzielimy si\u0119 wskaz\u00f3wkami, kt\u00f3re pomog\u0105 Ci wybra\u0107 odpowiedniego sprzedawc\u0119 loterii w Internecie.<\/p>\n<h2>Porady dotycz\u0105ce korzystania z w\u0142a\u015bciwej strony loterii<\/h2>\n<p>U\u017cywaj tylko sprzedawc\u00f3w, kt\u00f3re s\u0105 zarejestrowane zgodnie z prawem. Legalny sprzedawca loterii b\u0119dzie mia\u0142 licencj\u0119 na prowadzenie dzia\u0142alno\u015bci i zarejestrowane biuro. Szczeg\u00f3\u0142y te powinny by\u0107 wy\u015bwietlane na stronie internetowej dla autentyczno\u015bci.<\/p>\n<p>Upewnij si\u0119, \u017ce maj\u0105 szeroki wyb\u00f3r mi\u0119dzynarodowych loterii. Nie ma sensu rejestrowa\u0107 si\u0119 na stronie, kt\u00f3ra wy\u015bwietla tylko garstk\u0119 loterii. G\u0142\u00f3wn\u0105 istot\u0105 <a href=\"https:\/\/jackpotlotteryonline.com\/pl\/jak-grac\/oz-lotto\">gry na loterii w Internecie<\/a> jest dost\u0119pno\u015b\u0107 i wygoda. Co jest bardziej wygodne ni\u017c mo\u017cliwo\u015b\u0107 wej\u015bcia na wiele mi\u0119dzynarodowych loterii wszystko z jednej lokalizacji online?<\/p>\n<p>Je\u015bli chcesz wej\u015b\u0107 na loteri\u0119 u\u017cyj strony concierge. Ta ostatnia wskaz\u00f3wka jest bardzo wa\u017cna, poniewa\u017c mo\u017cesz rozsta\u0107 si\u0119 ze swoimi pieni\u0119dzmi bez faktycznego wej\u015bcia na loteri\u0119. Dzieje si\u0119 tak dlatego, \u017ce niekt\u00f3re strony loteryjne pozwalaj\u0105 graczom na obstawianie wynik\u00f3w. Wi\u0119c nawet je\u015bli Twoje liczby si\u0119 zgadzaj\u0105, b\u0119dziesz mia\u0142 prawo tylko do u\u0142amka wygranej, poniewa\u017c nie wszed\u0142e\u015b na loteri\u0119.<\/p>\n<section class=\"layout\" style=\"border: solid 1px; width: 100%;\">\n<div class=\"img-div\" style=\"margin-top: 5px;\"><img decoding=\"async\" class=\"wp-image-17212 alignleft\" style=\"height: 45px; margin: 8px 8px 0px;\" src=\"https:\/\/jackpotlotteryonline.com\/wp-content\/uploads\/2022\/11\/read1.jpg\" alt=\"czytaj\" width=\"\" height=\"\" \/><\/div>\n<div style=\"padding-left: 5px;\">\n<div style=\"font-size: 1.1em;\">\n<p><strong>Oszustwa loteryjne, kt\u00f3rych powiniene\u015b by\u0107 \u015bwiadomy<\/strong><\/p>\n<p style=\"font-size: 0.85em; margin-top: -1.5em;\">Nie daj si\u0119 nabra\u0107 na te loteryjne pu\u0142apki\u00a0 <a href=\"https:\/\/jackpotlotteryonline.com\/pl\/uwazaj-na-oszustwa-loterii-online\"> wi\u0119cej<\/a><\/p>\n<\/div>\n<\/div>\n<\/section>\n<h2>Zarejestruj si\u0119 z nami, aby wej\u015b\u0107 na loteri\u0119 online<\/h2>\n<p><img loading=\"lazy\" decoding=\"async\" class=\"size-medium wp-image-34403 alignright\" src=\"https:\/\/jackpotlotteryonline.com\/wp-content\/uploads\/2022\/11\/2_ticket_oz_lotto2-179x300.jpg\" alt=\"Oz Lotto bilety\" width=\"179\" height=\"300\" srcset=\"https:\/\/jackpotlotteryonline.com\/wp-content\/uploads\/2022\/11\/2_ticket_oz_lotto2-179x300.jpg 179w, https:\/\/jackpotlotteryonline.com\/wp-content\/uploads\/2022\/11\/2_ticket_oz_lotto2.jpg 250w\" sizes=\"auto, (max-width: 179px) 100vw, 179px\" \/><\/p>\n<p>Zakup los\u00f3w loteryjnych przez internet lub za po\u015brednictwem aplikacji mobilnej jest prosty i bezproblemowy. Po zidentyfikowaniu sprzedawcy, z kt\u00f3rego chcesz skorzysta\u0107, odwied\u017a jego stron\u0119 i wybierz loteri\u0119 do wyboru. Nast\u0119pnym krokiem jest wybranie swoich numer\u00f3w. W przypadku Oz Lotto, musisz wybra\u0107 dziesi\u0119\u0107 numer\u00f3w od 1 do 47.<\/p>\n<p><a href=\"https:\/\/jackpotlotteryonline.com\/pl\/zwycieskie-numery\/oz-lotto\">Wejd\u017a na losowanie i dokonaj p\u0142atno\u015bci<\/a>. Losowanie odbywa si\u0119 raz w tygodniu we wtorek. Ciekaw\u0105 rzecz\u0105 w grze online jest to, \u017ce mo\u017cesz zakupi\u0107 wiele bilet\u00f3w i wej\u015b\u0107 w kilka losowa\u0144 z wyprzedzeniem. Ponadto, je\u015bli nie jeste\u015b pewien, jaki numer wybra\u0107, mo\u017cesz \u0142atwo skorzysta\u0107 z automatycznego wybieracza liczb.<\/p>\n<p>Jak ju\u017c powiedzieli\u015bmy, gra na loterii przez internet to wygodny i bezstresowy spos\u00f3b na wspania\u0142e do\u015bwiadczenie. Niezale\u017cnie od tego, czy jeste\u015b do\u015bwiadczonym graczem, czy te\u017c jeste\u015b nowicjuszem, mo\u017cesz odby\u0107 wspania\u0142\u0105 podr\u00f3\u017c w\u0142a\u015bnie tutaj. Nasze us\u0142ugi concierge daj\u0105 graczom legalny spos\u00f3b na wej\u015bcie na loteri\u0119. Kiedy kupujesz od nas kupon Oz lotto, otrzymujesz prawdziw\u0105 ofert\u0119.<\/p>\n","protected":false},"excerpt":{"rendered":"<p>Oz Lotto to pierwsza australijska loteria narodowa. Rozpocz\u0119\u0142a si\u0119 ona w 1994 roku i sta\u0142a si\u0119 popularna w\u015br\u00f3d graczy wsz\u0119dzie ze wzgl\u0119du na hojny jackpot. Jest co\u015b wi\u0119cej, co przemawia do graczy ni\u017c tylko du\u017cy jackpot. R\u00f3\u017cne loterie maj\u0105 swoje zasady i metody, ale jedn\u0105 wsp\u00f3ln\u0105 rzecz\u0105 jest to, \u017ce szanse nie zawsze s\u0105 korzystne. [&hellip;]<\/p>\n","protected":false},"author":1,"featured_media":0,"parent":35770,"menu_order":16,"comment_status":"closed","ping_status":"closed","template":"","meta":{"_et_pb_use_builder":"","_et_pb_old_content":"","_et_gb_content_width":"","exclude_from_search":false,"footnotes":""},"class_list":["post-37223","page","type-page","status-publish","hentry"],"yoast_head":"<!-- This site is optimized with the Yoast SEO plugin v23.3 - https:\/\/yoast.com\/wordpress\/plugins\/seo\/ -->\n<title>Kup bilety do Oz Lotto spoza Australii | Kup bilety do Oz Lotto online<\/title>\n<meta name=\"description\" content=\"OZ Lotto jest dla Ciebie, je\u015bli nie mieszkasz w Australii, mo\u017cemy zdoby\u0107 dla Ciebie legalny bilet na t\u0119 Aussie loteri\u0119 online.\" \/>\n<meta name=\"robots\" content=\"index, follow, max-snippet:-1, max-image-preview:large, max-video-preview:-1\" \/>\n<link rel=\"canonical\" href=\"https:\/\/jackpotlotteryonline.com\/pl\/kupic-bilety\/oz-lotto\/\" \/>\n<meta property=\"og:locale\" content=\"pl_PL\" \/>\n<meta property=\"og:type\" content=\"article\" \/>\n<meta property=\"og:title\" content=\"Kup bilety do Oz Lotto spoza Australii | Kup bilety do Oz Lotto online\" \/>\n<meta property=\"og:description\" content=\"OZ Lotto jest dla Ciebie, je\u015bli nie mieszkasz w Australii, mo\u017cemy zdoby\u0107 dla Ciebie legalny bilet na t\u0119 Aussie loteri\u0119 online.\" \/>\n<meta property=\"og:url\" content=\"https:\/\/jackpotlotteryonline.com\/pl\/kupic-bilety\/oz-lotto\/\" \/>\n<meta property=\"og:site_name\" content=\"Lotto Online - Crack The International Lottery Jackpots\" \/>\n<meta property=\"article:modified_time\" content=\"2022-12-24T10:42:25+00:00\" \/>\n<meta property=\"og:image\" content=\"https:\/\/jackpotlotteryonline.com\/wp-content\/uploads\/2022\/11\/lottoballs.jpg\" \/>\n<meta name=\"twitter:card\" content=\"summary_large_image\" \/>\n<meta name=\"twitter:label1\" content=\"Szacowany czas czytania\" \/>\n\t<meta name=\"twitter:data1\" content=\"3 minuty\" \/>\n<!-- \/ Yoast SEO plugin. -->","yoast_head_json":{"title":"Kup bilety do Oz Lotto spoza Australii | Kup bilety do Oz Lotto online","description":"OZ Lotto jest dla Ciebie, je\u015bli nie mieszkasz w Australii, mo\u017cemy zdoby\u0107 dla Ciebie legalny bilet na t\u0119 Aussie loteri\u0119 online.","robots":{"index":"index","follow":"follow","max-snippet":"max-snippet:-1","max-image-preview":"max-image-preview:large","max-video-preview":"max-video-preview:-1"},"canonical":"https:\/\/jackpotlotteryonline.com\/pl\/kupic-bilety\/oz-lotto\/","og_locale":"pl_PL","og_type":"article","og_title":"Kup bilety do Oz Lotto spoza Australii | Kup bilety do Oz Lotto online","og_description":"OZ Lotto jest dla Ciebie, je\u015bli nie mieszkasz w Australii, mo\u017cemy zdoby\u0107 dla Ciebie legalny bilet na t\u0119 Aussie loteri\u0119 online.","og_url":"https:\/\/jackpotlotteryonline.com\/pl\/kupic-bilety\/oz-lotto\/","og_site_name":"Lotto Online - Crack The International Lottery Jackpots","article_modified_time":"2022-12-24T10:42:25+00:00","og_image":[{"url":"https:\/\/jackpotlotteryonline.com\/wp-content\/uploads\/2022\/11\/lottoballs.jpg"}],"twitter_card":"summary_large_image","twitter_misc":{"Szacowany czas czytania":"3 minuty"},"schema":{"@context":"https:\/\/schema.org","@graph":[{"@type":"WebPage","@id":"https:\/\/jackpotlotteryonline.com\/pl\/kupic-bilety\/oz-lotto\/","url":"https:\/\/jackpotlotteryonline.com\/pl\/kupic-bilety\/oz-lotto\/","name":"Kup bilety do Oz Lotto spoza Australii | Kup bilety do Oz Lotto online","isPartOf":{"@id":"https:\/\/jackpotlotteryonline.com\/#website"},"primaryImageOfPage":{"@id":"https:\/\/jackpotlotteryonline.com\/pl\/kupic-bilety\/oz-lotto\/#primaryimage"},"image":{"@id":"https:\/\/jackpotlotteryonline.com\/pl\/kupic-bilety\/oz-lotto\/#primaryimage"},"thumbnailUrl":"https:\/\/jackpotlotteryonline.com\/wp-content\/uploads\/2022\/11\/lottoballs.jpg","datePublished":"2022-11-11T06:39:07+00:00","dateModified":"2022-12-24T10:42:25+00:00","description":"OZ Lotto jest dla Ciebie, je\u015bli nie mieszkasz w Australii, mo\u017cemy zdoby\u0107 dla Ciebie legalny bilet na t\u0119 Aussie loteri\u0119 online.","breadcrumb":{"@id":"https:\/\/jackpotlotteryonline.com\/pl\/kupic-bilety\/oz-lotto\/#breadcrumb"},"inLanguage":"pl-PL","potentialAction":[{"@type":"ReadAction","target":["https:\/\/jackpotlotteryonline.com\/pl\/kupic-bilety\/oz-lotto\/"]}]},{"@type":"ImageObject","inLanguage":"pl-PL","@id":"https:\/\/jackpotlotteryonline.com\/pl\/kupic-bilety\/oz-lotto\/#primaryimage","url":"https:\/\/jackpotlotteryonline.com\/wp-content\/uploads\/2022\/11\/lottoballs.jpg","contentUrl":"https:\/\/jackpotlotteryonline.com\/wp-content\/uploads\/2022\/11\/lottoballs.jpg"},{"@type":"BreadcrumbList","@id":"https:\/\/jackpotlotteryonline.com\/pl\/kupic-bilety\/oz-lotto\/#breadcrumb","itemListElement":[{"@type":"ListItem","position":1,"name":"Home","item":"https:\/\/jackpotlotteryonline.com\/pl\/"},{"@type":"ListItem","position":2,"name":"Jak kupi\u0107 bilety na loteri\u0119 online","item":"https:\/\/jackpotlotteryonline.com\/buy-tickets\/"},{"@type":"ListItem","position":3,"name":"Kup bilety na Oz Lotto"}]},{"@type":"WebSite","@id":"https:\/\/jackpotlotteryonline.com\/#website","url":"https:\/\/jackpotlotteryonline.com\/","name":"Lotto Online - Crack The International Lottery Jackpots","description":"","potentialAction":[{"@type":"SearchAction","target":{"@type":"EntryPoint","urlTemplate":"https:\/\/jackpotlotteryonline.com\/?s={search_term_string}"},"query-input":"required name=search_term_string"}],"inLanguage":"pl-PL"}]}},"_links":{"self":[{"href":"https:\/\/jackpotlotteryonline.com\/pl\/wp-json\/wp\/v2\/pages\/37223","targetHints":{"allow":["GET"]}}],"collection":[{"href":"https:\/\/jackpotlotteryonline.com\/pl\/wp-json\/wp\/v2\/pages"}],"about":[{"href":"https:\/\/jackpotlotteryonline.com\/pl\/wp-json\/wp\/v2\/types\/page"}],"author":[{"embeddable":true,"href":"https:\/\/jackpotlotteryonline.com\/pl\/wp-json\/wp\/v2\/users\/1"}],"replies":[{"embeddable":true,"href":"https:\/\/jackpotlotteryonline.com\/pl\/wp-json\/wp\/v2\/comments?post=37223"}],"version-history":[{"count":0,"href":"https:\/\/jackpotlotteryonline.com\/pl\/wp-json\/wp\/v2\/pages\/37223\/revisions"}],"up":[{"embeddable":true,"href":"https:\/\/jackpotlotteryonline.com\/pl\/wp-json\/wp\/v2\/pages\/35770"}],"wp:attachment":[{"href":"https:\/\/jackpotlotteryonline.com\/pl\/wp-json\/wp\/v2\/media?parent=37223"}],"curies":[{"name":"wp","href":"https:\/\/api.w.org\/{rel}","templated":true}]}}