{"id":37279,"date":"2022-11-11T08:44:10","date_gmt":"2022-11-11T08:44:10","guid":{"rendered":"https:\/\/jackpotlotteryonline.com\/?page_id=37279"},"modified":"2022-12-24T21:03:59","modified_gmt":"2022-12-24T21:03:59","slug":"saturday-lotto","status":"publish","type":"page","link":"https:\/\/jackpotlotteryonline.com\/pl\/kupic-bilety\/saturday-lotto\/","title":{"rendered":"Kup bilety na sobotnie Lotto Australia"},"content":{"rendered":"<p>Australia ma wiele loterii takich jak Wednesday Lotto, Powerball i Saturday Lotto Australia. Sobotnia loteria jest popularna w\u015br\u00f3d graczy i daje ludziom co\u015b, na co mog\u0105 czeka\u0107 ka\u017cdego tygodnia. Kiedy ta loteria po raz pierwszy wystartowa\u0142a, tylko gracze w Oz mogli wzi\u0105\u0107 w niej udzia\u0142. Na szcz\u0119\u015bcie teraz gracze z ca\u0142ego \u015bwiata mog\u0105 bra\u0107 udzia\u0142 w sobotniej loterii.<\/p>\n<p>Jak wi\u0119c kupi\u0107 losy na Sobotnie Lotto spoza kraju? Dlaczego nie czyta\u0107 dalej, aby si\u0119 dowiedzie\u0107? Przeprowadzimy Ci\u0119 przez ca\u0142y proces i odpowiemy na wszelkie pytania. Dla tych, kt\u00f3rzy nie znaj\u0105 tej loterii, po\u015bwi\u0119cimy r\u00f3wnie\u017c troch\u0119 czasu, aby o niej opowiedzie\u0107. Mamy nadziej\u0119, \u017ce gdy sko\u0144czysz czyta\u0107, b\u0119dziesz ju\u017c ch\u0119tny do zakupu los\u00f3w na t\u0119 loteri\u0119.<\/p>\n<h2>Czym jest Saturday Lotto Australia<\/h2>\n<p>Jest to loteria, kt\u00f3ra zosta\u0142a wprowadzona do kraju w 1972 roku i obecnie sta\u0142a si\u0119 jedn\u0105 z ulubionych loterii dla punter\u00f3w. Znana jako Tatts lotto, X lotto i Gold lotto w niekt\u00f3rych cz\u0119\u015bciach kraju, jest prowadzona przez grup\u0119 loterii Tatts.<\/p>\n<p>Loteria ta posiada sze\u015b\u0107 dzia\u0142\u00f3w nagr\u00f3d i o tych porozmawiamy za chwil\u0119. Sobotnia loteria ma startow\u0105 pul\u0119 w wysoko\u015bci 5 milion\u00f3w AUD$. Niesamowite jest to, \u017ce szanse na wygranie jackpota s\u0105 naprawd\u0119 du\u017ce. W przeciwie\u0144stwie do innych loterii, gracz musi tylko dopasowa\u0107 g\u0142\u00f3wne numery, aby wygra\u0107 jackpota.<\/p>\n<p>Istniej\u0105 dodatkowe numery, ale s\u0105 one u\u017cywane do okre\u015blenia zwyci\u0119zc\u00f3w innych dzia\u0142\u00f3w nagr\u00f3d. To wiele m\u00f3wi, \u017ce mimo i\u017c istnieje loteria na prawie ka\u017cdy dzie\u0144 tygodnia, Aussies s\u0105 przyci\u0105gane do tej. Poni\u017cej opowiemy o tym, jak gra\u0107 w t\u0119 loteri\u0119 oraz o r\u00f3\u017cnych podzia\u0142ach nagr\u00f3d.<\/p>\n<h2>Jak gra\u0107 w Sobotni\u0105 Loteri\u0119<\/h2>\n<p><img loading=\"lazy\" decoding=\"async\" class=\"alignright size-full wp-image-35132\" src=\"http:\/\/jackpotlotteryonline.com\/wp-content\/uploads\/2022\/11\/2_ticket_saturday_lotto_au2-1-180x300-1.jpg\" alt=\"Sobota bilet loterii\" width=\"180\" height=\"300\" \/><\/p>\n<p>Aby <a href=\"https:\/\/jackpotlotteryonline.com\/pl\/jak-grac\/saturday-lotto\">zagra\u0107 w t\u0119 loteri\u0119<\/a>, gracz musi wybra\u0107 6 g\u0142\u00f3wnych numer\u00f3w od 1 do 45. Nast\u0119pnie 2 dodatkowe numery od 1 do 6. Dodatkowe numery nie s\u0105 u\u017cywane do okre\u015blenia jackpota. Wszystko, co gracz musi zrobi\u0107, to dopasowa\u0107 osiem wylosowanych numer\u00f3w, aby wygra\u0107 jackpota.<\/p>\n<p>Podczas losowania, sze\u015b\u0107 kul jest wybieranych losowo z beczki, w kt\u00f3rej znajduje si\u0119 45 kul. Numery na tych kulach s\u0105 zwyci\u0119skimi numerami, a ka\u017cdy los, kt\u00f3ry do nich pasuje jest zwyci\u0119skim losem. Nast\u0119pnie wybiera si\u0119 dwie inne kule z innej beczki, w kt\u00f3rej znajduje si\u0119 sze\u015b\u0107 kul. S\u0105 to dodatkowe numery, kt\u00f3re s\u0105 u\u017cywane do okre\u015blenia innych kategorii nagr\u00f3d.<\/p>\n<p>Jak sama nazwa wskazuje, losowania odbywaj\u0105 si\u0119 w sobot\u0119 ka\u017cdego tygodnia. Losowania ko\u0144cz\u0105 si\u0119 w sobot\u0119 do godziny 19:25 AEST. Gracze, kt\u00f3rzy chc\u0105 wzi\u0105\u0107 udzia\u0142 w losowaniu w danym tygodniu, musz\u0105 kupi\u0107 swoje bilety przed up\u0142ywem czasu zamkni\u0119cia.<\/p>\n<h2>Podzia\u0142 nagr\u00f3d<\/h2>\n<p>Tatts lotto ma osiem podzia\u0142\u00f3w nagr\u00f3d. Kiedy kupisz bilet na t\u0119 loteri\u0119, masz szans\u0119 na kt\u00f3r\u0105\u015b z tych kategorii nagr\u00f3d. Zwyci\u0119ska kombinacja dla ka\u017cdej dywizji jest podana poni\u017cej.<\/p>\n<p>Division 1 (Jackpot) &#8211; Match 6 g\u0142\u00f3wnych numer\u00f3w<br \/>\nDzia\u0142 2 &#8211; Dopasuj 5 dowolnych g\u0142\u00f3wnych numer\u00f3w + 1 dodatkowy numer<br \/>\nDivision 3 &#8211; March any 5 main numbers<br \/>\nDywizja 4 &#8211; Dopasuj 4 dowolne numery g\u0142\u00f3wne<br \/>\nDywizja 5 &#8211; Dopasuj 3 dowolne numery g\u0142\u00f3wne + 1 numer dodatkowy<br \/>\nDywizja 6 &#8211; Dopasuj dowolne 3 numery g\u0142\u00f3wne<\/p>\n<p>Organizatorzy zadbali o to, aby gracze mogli wygra\u0107 t\u0119 loteri\u0119. Szanse s\u0105 ogromne, a z kwot\u0105 jackpota wynosz\u0105c\u0105 5 milion\u00f3w AUD, czy\u017c mo\u017cna si\u0119 dziwi\u0107, \u017ce gracze kochaj\u0105 sobotni\u0105 loteri\u0119? Je\u015bli jeszcze tego nie zrobi\u0142e\u015b, to jest to dobry moment, aby pomy\u015ble\u0107 o zakupie losu.<\/p>\n<h2>Poprzedni Zwyci\u0119zcy<\/h2>\n<p>Zanim podzielimy si\u0119 z Tob\u0105 tym, jak kupi\u0107 bilety na t\u0119 loteri\u0119 poza Oz, dobrym pomys\u0142em mo\u017ce by\u0107 porozmawianie o poprzednich zwyci\u0119zcach. Na przestrzeni lat by\u0142o wielu zwyci\u0119zc\u00f3w, wi\u0119c wybierzemy tylko kilku ostatnich i mamy nadziej\u0119, \u017ce Ci\u0119 zainspiruj\u0105.<\/p>\n<p>Pierwsza na naszej li\u015bcie jest mama z Australii, kt\u00f3ra postanowi\u0142a pozosta\u0107 anonimowa. Wygra\u0142a ona sobotniego jackpota wraz z innym zwyci\u0119zc\u0105. Wed\u0142ug raport\u00f3w, zaj\u0119\u0142o jej dwa tygodnie, zanim zda\u0142a sobie spraw\u0119, \u017ce wygra\u0142a jackpota. Gdyby czeka\u0142a d\u0142u\u017cej, nie by\u0142aby w stanie ubiega\u0107 si\u0119 o swoj\u0105 nagrod\u0119. Na szcz\u0119\u015bcie wr\u00f3ci\u0142a, aby sprawdzi\u0107 i odkry\u0142a, \u017ce wygra\u0142a.<\/p>\n<p>Innym zwyci\u0119zc\u0105 jest m\u0119\u017cczyzna, kt\u00f3ry gra\u0142 w sobotni\u0105 loteri\u0119 przez kilka lat z tymi samymi numerami. Jego wytrwa\u0142o\u015b\u0107 op\u0142aci\u0142a si\u0119 i wygra\u0142 jackpot. Wielu zwyci\u0119zc\u00f3w loterii m\u00f3wi, \u017ce grali przez lata, zanim wygrali na loterii. Czasami trzeba wiary i konsekwencji, aby uzyska\u0107 wyniki, kt\u00f3re chcesz.<\/p>\n<section class=\"layout\" style=\"border: solid 1px; width: 100%;\">\n<div class=\"img-div\" style=\"margin-top: 5px;\"><img decoding=\"async\" class=\"wp-image-17212 alignleft\" style=\"height: 45px; margin: 8px 8px 0px;\" src=\"http:\/\/jackpotlotteryonline.com\/wp-content\/uploads\/2022\/11\/read1.jpg\" alt=\"czytaj\" width=\"\" height=\"\" \/><\/div>\n<div style=\"padding-left: 5px;\">\n<div style=\"font-size: 1.1em;\">\n<p><strong>Niekt\u00f3rzy zwyci\u0119zcy loterii oddali si\u0119 spo\u0142eczno\u015bci<\/strong><\/p>\n<p style=\"font-size: 0.85em; margin-top: -1.5em;\">Niekt\u00f3re ciekawe i chwytaj\u0105ce za serce historie o zwyci\u0119zcach loterii daj\u0105c z powrotem\u00a0<a href=\"https:\/\/jackpotlotteryonline.com\/pl\/historie-o-zwyciezcach-loterii-ktorzy-oddaja-pieniadze\"> wi\u0119cej<\/a><\/p>\n<\/div>\n<\/div>\n<\/section>\n<h2>Kup bilety spoza Australii<\/h2>\n<p>Je\u015bli wi\u0119c nie mieszkasz w pi\u0119knej krainie Oz, to jak mo\u017cesz kupi\u0107 losy na sobotnie Lotto? Przed internetem by\u0142oby to niemo\u017cliwe lub co najmniej bardzo trudne. Ale dzi\u0119ki internetowi, mo\u017cna kupi\u0107 bilety na loteri\u0119 Tatts online.<\/p>\n<p>Istniej\u0105 sprzedawcy loterii online, kt\u00f3re pozwalaj\u0105 graczom kupi\u0107 bilety do najlepszych mi\u0119dzynarodowych loterii. Te sprzedawcy uruchomi\u0107 co jest znane jako us\u0142ugi concierge, kt\u00f3ry pomaga graczom kupi\u0107 bilety na loteri\u0119 w ka\u017cdym kraju. Kiedy zarejestrujesz si\u0119 z tych stron, mo\u017cna \u0142atwo wej\u015b\u0107 do sobotniej loterii i twierdz\u0105, \u017ce wszelkie wygrane.<\/p>\n<p>Na jackpotlotteryonline.com prowadzimy serwis concierge, kt\u00f3ry zapewnia bezproblemowe do\u015bwiadczenie dla naszych u\u017cytkownik\u00f3w. Kiedy zarejestrujesz si\u0119 u nas, mo\u017cesz \u0142atwo kupi\u0107 bilet na sobotni\u0105 loteri\u0119 i wiele innych mi\u0119dzynarodowych loterii. Martwisz si\u0119 o to, jak odebra\u0107 swoj\u0105 nagrod\u0119, je\u015bli wygrasz? Po prostu spieni\u0119\u017cy\u0107 swoj\u0105 nagrod\u0119 z naszej platformy z zero k\u0142opot\u00f3w.<\/p>\n<h2>Najcz\u0119\u015bciej zadawane pytania<\/h2>\n<p><img loading=\"lazy\" decoding=\"async\" class=\"wp-image-29264 alignright\" src=\"http:\/\/jackpotlotteryonline.com\/wp-content\/uploads\/2022\/11\/1_play_online_lotto-300x300.jpg\" alt=\"Online Lotto Sobota Australia\" width=\"235\" height=\"235\" srcset=\"https:\/\/jackpotlotteryonline.com\/wp-content\/uploads\/2022\/11\/1_play_online_lotto-300x300.jpg 300w, https:\/\/jackpotlotteryonline.com\/wp-content\/uploads\/2022\/11\/1_play_online_lotto-100x100.jpg 100w, https:\/\/jackpotlotteryonline.com\/wp-content\/uploads\/2022\/11\/1_play_online_lotto-150x150.jpg 150w, https:\/\/jackpotlotteryonline.com\/wp-content\/uploads\/2022\/11\/1_play_online_lotto.jpg 480w\" sizes=\"auto, (max-width: 235px) 100vw, 235px\" \/><\/p>\n<p>Wiemy, \u017ce prawdopodobnie masz kilka pyta\u0144 w g\u0142owie. Nie szkodzi, jeste\u015bmy tutaj, aby odpowiedzie\u0107 na Twoje pytania. Postaramy si\u0119 om\u00f3wi\u0107 wszystko tutaj, ale je\u015bli nadal masz jakie\u015b w\u0105tpliwo\u015bci, nie kr\u0119puj si\u0119. Zawsze cieszymy si\u0119, gdy s\u0142yszymy od Ciebie. Zrobimy wszystko co w naszej mocy, aby pom\u00f3c Ci w Twojej podr\u00f3\u017cy do zostania zwyci\u0119zc\u0105 loterii.<\/p>\n<h2>Czy mog\u0119 kupi\u0107 bilety na loteri\u0119 online?<\/h2>\n<p>Tak, mo\u017cna kupi\u0107 bilety na loteri\u0119 online i jest to ca\u0142kowicie legalne. Upewnij si\u0119, \u017ce u\u017cywasz zaufanego sprzedawcy loterii, aby zapewni\u0107, \u017ce wchodzisz na loteri\u0119. Wiele grup loterii maj\u0105 strony internetowe. Jednak\u017ce, je\u015bli chcesz gra\u0107 wi\u0119cej ni\u017c jedn\u0105 loteri\u0119, to lepiej zarejestrowa\u0107 si\u0119 u sprzedawcy loterii. Konkretnie, jeden, kt\u00f3ry zapewnia dost\u0119p do kilku innych loterii.<\/p>\n<h2>Jak kupi\u0107 bilet?<\/h2>\n<p>Kupno biletu na loteri\u0119 jest \u0142atwe, gdy jeste\u015b zarejestrowany z nami. Wystarczy wybra\u0107 swoje numery i wej\u015b\u0107 do losowania. Mo\u017cesz kupi\u0107 wiele wpis\u00f3w, aby zwi\u0119kszy\u0107 swoje szanse na wygran\u0105. To wszystko zale\u017cy od Ciebie. Je\u015bli nie jeste\u015b pewien, jaki numer wybra\u0107, to auto picker mo\u017ce zrobi\u0107 to za Ciebie. Ci\u0119\u017cko pracujemy, aby proces ten by\u0142 \u0142atwy i intuicyjny dla graczy.<\/p>\n<h2>Czym dok\u0142adnie jest us\u0142uga concierge?<\/h2>\n<p>Cieszymy si\u0119, \u017ce pytasz. Kiedy m\u00f3wimy, \u017ce prowadzimy serwis concierge, oznacza to, \u017ce mamy agent\u00f3w w r\u00f3\u017cnych krajach, w tym w Australii. Kiedy kupujesz od nas sw\u00f3j kupon loteryjny, nasi agenci wychodz\u0105 i kupuj\u0105 fizyczny kupon z odpowiednimi numerami. Oznacza to, \u017ce gdziekolwiek jeste\u015b, jeste\u015b wprowadzony do loterii.<\/p>\n<h2>Jak wygra\u0107?<\/h2>\n<p>Aby wygra\u0107 w tej loterii Aussie, wystarczy dopasowa\u0107 sze\u015b\u0107 g\u0142\u00f3wnych wylosowanych liczb, a staniesz si\u0119 zwyci\u0119zc\u0105 jackpota. Nie musisz dopasowywa\u0107 dodatkowych numer\u00f3w, poniewa\u017c s\u0105 one u\u017cywane do okre\u015blenia nagr\u00f3d w dywizjach 2 i 5.<\/p>\n<h2>Jak mog\u0119 sprawdzi\u0107 wyniki?<\/h2>\n<p>Po ka\u017cdym losowaniu, zamieszczamy wyniki w\u0142a\u015bnie tutaj na jackpotlotteryonline.com. W przypadku loterii sobotniej, wystarczy odwiedzi\u0107 <a href=\"https:\/\/jackpotlotteryonline.com\/pl\/zwycieskie-numery\/saturday-lotto\">stron\u0119 losowania loterii<\/a> sobotniej po losowaniach w sobot\u0119, aby znale\u017a\u0107 wyniki.<\/p>\n<h2>Co je\u015bli zapomn\u0119 sprawdzi\u0107 wyniki?<\/h2>\n<p>To jest najlepsza cz\u0119\u015b\u0107. Kiedy kupujesz od nas, nie ma znaczenia, czy zapomnisz sprawdzi\u0107 wyniki lotto, poniewa\u017c mamy Twoje plecy. Je\u015bli wygrasz nagrod\u0119, wy\u015blemy Ci wiadomo\u015b\u0107 na Twoim pulpicie, a tak\u017ce e-mail, aby Ci\u0119 o tym powiadomi\u0107. Kupuj\u0105c od nas kupon lotto wiesz, \u017ce jeste\u015b ubezpieczony.<\/p>\n<h2>Wygra\u0142em, co teraz?<\/h2>\n<p>C\u00f3\u017c, je\u015bli wygra\u0142e\u015b na loterii, przede wszystkim gratulujemy! Jeste\u015bmy podekscytowani Twoim szcz\u0119\u015bciem. Je\u015bli zarejestrowa\u0142e\u015b si\u0119 u nas, to nast\u0119pny krok jest prosty. Przejd\u017a do swojego pulpitu i wyp\u0142acaj swoje \u015brodki za pomoc\u0105 dost\u0119pnych metod. To jest tak proste, jak to tylko mo\u017cliwe.<\/p>\n<h2>Zarejestruj si\u0119 z nami ju\u017c dzi\u015b!<\/h2>\n<p>Gra na loterii to \u015bwietna zabawa, kt\u00f3ra daje graczom co\u015b, na co mog\u0105 czeka\u0107 ka\u017cdego tygodnia. Sobotnia loteria ma \u0142adny jackpot i korzystne kursy, co czyni j\u0105 idealn\u0105 dla nowych i starych graczy. Teraz nie jest ju\u017c ograniczona do Aussies, poniewa\u017c ludzie wsz\u0119dzie mog\u0105 kupi\u0107 wpisy do loterii.<\/p>\n<p>Je\u015bli szukasz ciekawej gry, dlaczego nie spr\u00f3bowa\u0107 loterii Tatts? Gdziekolwiek jeste\u015b, mo\u017cesz kupi\u0107 kupon na t\u0119 loteri\u0119 rejestruj\u0105c si\u0119 u nas. kupuj wielokrotne wpisy i z \u0142atwo\u015bci\u0105 wejd\u017a do kilku losowa\u0144 z wyprzedzeniem. Naszym zadaniem jest umo\u017cliwienie Ci gry na wybranych przez Ciebie loteriach przy minimalnym stresie.<\/p>\n<p>Zrelaksuj si\u0119 i baw si\u0119 dobrze podczas gry, nigdy nie wiesz czy to b\u0119dzie dzie\u0144, w kt\u00f3rym wygrasz du\u017c\u0105 sum\u0119. Dlaczego nie kupi\u0107 dost\u0119pu do loterii rejestruj\u0105c si\u0119 u nas ju\u017c dzi\u015b?<\/p>\n","protected":false},"excerpt":{"rendered":"<p>Australia ma wiele loterii takich jak Wednesday Lotto, Powerball i Saturday Lotto Australia. Sobotnia loteria jest popularna w\u015br\u00f3d graczy i daje ludziom co\u015b, na co mog\u0105 czeka\u0107 ka\u017cdego tygodnia. Kiedy ta loteria po raz pierwszy wystartowa\u0142a, tylko gracze w Oz mogli wzi\u0105\u0107 w niej udzia\u0142. Na szcz\u0119\u015bcie teraz gracze z ca\u0142ego \u015bwiata mog\u0105 bra\u0107 udzia\u0142 [&hellip;]<\/p>\n","protected":false},"author":1,"featured_media":0,"parent":35770,"menu_order":18,"comment_status":"closed","ping_status":"closed","template":"saturday-lotto-info.php","meta":{"_et_pb_use_builder":"","_et_pb_old_content":"","_et_gb_content_width":"","exclude_from_search":false,"footnotes":""},"class_list":["post-37279","page","type-page","status-publish","hentry"],"yoast_head":"<!-- This site is optimized with the Yoast SEO plugin v23.3 - https:\/\/yoast.com\/wordpress\/plugins\/seo\/ -->\n<title>Kup losy na Sobotnie Lotto Australia spoza Australii<\/title>\n<meta name=\"description\" content=\"Popularne australijskie sobotnie lotto ma wielkie jackpoty. Gracze z dowolnego miejsca mog\u0105 teraz kupi\u0107 bilet na sobotnie lotto online\" \/>\n<meta name=\"robots\" content=\"index, follow, max-snippet:-1, max-image-preview:large, max-video-preview:-1\" \/>\n<link rel=\"canonical\" href=\"https:\/\/jackpotlotteryonline.com\/pl\/kupic-bilety\/saturday-lotto\/\" \/>\n<meta property=\"og:locale\" content=\"pl_PL\" \/>\n<meta property=\"og:type\" content=\"article\" \/>\n<meta property=\"og:title\" content=\"Kup losy na Sobotnie Lotto Australia spoza Australii\" \/>\n<meta property=\"og:description\" content=\"Popularne australijskie sobotnie lotto ma wielkie jackpoty. Gracze z dowolnego miejsca mog\u0105 teraz kupi\u0107 bilet na sobotnie lotto online\" \/>\n<meta property=\"og:url\" content=\"https:\/\/jackpotlotteryonline.com\/pl\/kupic-bilety\/saturday-lotto\/\" \/>\n<meta property=\"og:site_name\" content=\"Lotto Online - Crack The International Lottery Jackpots\" \/>\n<meta property=\"article:modified_time\" content=\"2022-12-24T21:03:59+00:00\" \/>\n<meta property=\"og:image\" content=\"http:\/\/jackpotlotteryonline.com\/wp-content\/uploads\/2022\/11\/2_ticket_saturday_lotto_au2-1-180x300-1.jpg\" \/>\n<meta name=\"twitter:card\" content=\"summary_large_image\" \/>\n<meta name=\"twitter:label1\" content=\"Szacowany czas czytania\" \/>\n\t<meta name=\"twitter:data1\" content=\"7 minut\" \/>\n<!-- \/ Yoast SEO plugin. -->","yoast_head_json":{"title":"Kup losy na Sobotnie Lotto Australia spoza Australii","description":"Popularne australijskie sobotnie lotto ma wielkie jackpoty. Gracze z dowolnego miejsca mog\u0105 teraz kupi\u0107 bilet na sobotnie lotto online","robots":{"index":"index","follow":"follow","max-snippet":"max-snippet:-1","max-image-preview":"max-image-preview:large","max-video-preview":"max-video-preview:-1"},"canonical":"https:\/\/jackpotlotteryonline.com\/pl\/kupic-bilety\/saturday-lotto\/","og_locale":"pl_PL","og_type":"article","og_title":"Kup losy na Sobotnie Lotto Australia spoza Australii","og_description":"Popularne australijskie sobotnie lotto ma wielkie jackpoty. Gracze z dowolnego miejsca mog\u0105 teraz kupi\u0107 bilet na sobotnie lotto online","og_url":"https:\/\/jackpotlotteryonline.com\/pl\/kupic-bilety\/saturday-lotto\/","og_site_name":"Lotto Online - Crack The International Lottery Jackpots","article_modified_time":"2022-12-24T21:03:59+00:00","og_image":[{"url":"http:\/\/jackpotlotteryonline.com\/wp-content\/uploads\/2022\/11\/2_ticket_saturday_lotto_au2-1-180x300-1.jpg"}],"twitter_card":"summary_large_image","twitter_misc":{"Szacowany czas czytania":"7 minut"},"schema":{"@context":"https:\/\/schema.org","@graph":[{"@type":"WebPage","@id":"https:\/\/jackpotlotteryonline.com\/pl\/kupic-bilety\/saturday-lotto\/","url":"https:\/\/jackpotlotteryonline.com\/pl\/kupic-bilety\/saturday-lotto\/","name":"Kup losy na Sobotnie Lotto Australia spoza Australii","isPartOf":{"@id":"https:\/\/jackpotlotteryonline.com\/#website"},"primaryImageOfPage":{"@id":"https:\/\/jackpotlotteryonline.com\/pl\/kupic-bilety\/saturday-lotto\/#primaryimage"},"image":{"@id":"https:\/\/jackpotlotteryonline.com\/pl\/kupic-bilety\/saturday-lotto\/#primaryimage"},"thumbnailUrl":"http:\/\/jackpotlotteryonline.com\/wp-content\/uploads\/2022\/11\/2_ticket_saturday_lotto_au2-1-180x300-1.jpg","datePublished":"2022-11-11T08:44:10+00:00","dateModified":"2022-12-24T21:03:59+00:00","description":"Popularne australijskie sobotnie lotto ma wielkie jackpoty. Gracze z dowolnego miejsca mog\u0105 teraz kupi\u0107 bilet na sobotnie lotto online","breadcrumb":{"@id":"https:\/\/jackpotlotteryonline.com\/pl\/kupic-bilety\/saturday-lotto\/#breadcrumb"},"inLanguage":"pl-PL","potentialAction":[{"@type":"ReadAction","target":["https:\/\/jackpotlotteryonline.com\/pl\/kupic-bilety\/saturday-lotto\/"]}]},{"@type":"ImageObject","inLanguage":"pl-PL","@id":"https:\/\/jackpotlotteryonline.com\/pl\/kupic-bilety\/saturday-lotto\/#primaryimage","url":"http:\/\/jackpotlotteryonline.com\/wp-content\/uploads\/2022\/11\/2_ticket_saturday_lotto_au2-1-180x300-1.jpg","contentUrl":"http:\/\/jackpotlotteryonline.com\/wp-content\/uploads\/2022\/11\/2_ticket_saturday_lotto_au2-1-180x300-1.jpg"},{"@type":"BreadcrumbList","@id":"https:\/\/jackpotlotteryonline.com\/pl\/kupic-bilety\/saturday-lotto\/#breadcrumb","itemListElement":[{"@type":"ListItem","position":1,"name":"Home","item":"https:\/\/jackpotlotteryonline.com\/pl\/"},{"@type":"ListItem","position":2,"name":"Jak kupi\u0107 bilety na loteri\u0119 online","item":"https:\/\/jackpotlotteryonline.com\/buy-tickets\/"},{"@type":"ListItem","position":3,"name":"Kup bilety na sobotnie Lotto Australia"}]},{"@type":"WebSite","@id":"https:\/\/jackpotlotteryonline.com\/#website","url":"https:\/\/jackpotlotteryonline.com\/","name":"Lotto Online - Crack The International Lottery Jackpots","description":"","potentialAction":[{"@type":"SearchAction","target":{"@type":"EntryPoint","urlTemplate":"https:\/\/jackpotlotteryonline.com\/?s={search_term_string}"},"query-input":"required name=search_term_string"}],"inLanguage":"pl-PL"}]}},"_links":{"self":[{"href":"https:\/\/jackpotlotteryonline.com\/pl\/wp-json\/wp\/v2\/pages\/37279","targetHints":{"allow":["GET"]}}],"collection":[{"href":"https:\/\/jackpotlotteryonline.com\/pl\/wp-json\/wp\/v2\/pages"}],"about":[{"href":"https:\/\/jackpotlotteryonline.com\/pl\/wp-json\/wp\/v2\/types\/page"}],"author":[{"embeddable":true,"href":"https:\/\/jackpotlotteryonline.com\/pl\/wp-json\/wp\/v2\/users\/1"}],"replies":[{"embeddable":true,"href":"https:\/\/jackpotlotteryonline.com\/pl\/wp-json\/wp\/v2\/comments?post=37279"}],"version-history":[{"count":0,"href":"https:\/\/jackpotlotteryonline.com\/pl\/wp-json\/wp\/v2\/pages\/37279\/revisions"}],"up":[{"embeddable":true,"href":"https:\/\/jackpotlotteryonline.com\/pl\/wp-json\/wp\/v2\/pages\/35770"}],"wp:attachment":[{"href":"https:\/\/jackpotlotteryonline.com\/pl\/wp-json\/wp\/v2\/media?parent=37279"}],"curies":[{"name":"wp","href":"https:\/\/api.w.org\/{rel}","templated":true}]}}