{"id":37773,"date":"2022-11-15T08:37:41","date_gmt":"2022-11-15T08:37:41","guid":{"rendered":"https:\/\/jackpotlotteryonline.com\/?page_id=37773"},"modified":"2022-11-15T08:37:41","modified_gmt":"2022-11-15T08:37:41","slug":"faq","status":"publish","type":"page","link":"https:\/\/jackpotlotteryonline.com\/pl\/faq\/","title":{"rendered":"FAQ"},"content":{"rendered":"<h2>Online Lottery FAQ<\/h2>\n<p>Odpowiemy tutaj na najcz\u0119\u015bciej zadawane pytania dotycz\u0105ce loterii online i jackpot\u00f3w lotto online. Granie na loteriach online jest najwygodniejszym i naj\u0142atwiejszym sposobem, aby po\u0142o\u017cy\u0107 swoje r\u0119ce na tych wielkich mi\u0119dzynarodowych jackpotach Lotto.<\/p>\n<h2>Jak to dzia\u0142a?<\/h2>\n<p>Dzia\u0142amy jako pos\u0142aniec mi\u0119dzy Tob\u0105 a r\u00f3\u017cnymi loteriami. Kupujemy losy w Twoim imieniu, skanujemy je na Twoje konto, wysy\u0142amy wiadomo\u015b\u0107 o wygranej i pomagamy Ci zdoby\u0107 pieni\u0105dze.<\/p>\n<h2>Jakie s\u0105 zalety gry za naszym po\u015brednictwem?<\/h2>\n<ul>\n<li>Nie musisz i\u015b\u0107 do sklepu z loteriami. Mo\u017cesz \u0142atwo gra\u0107 z domu lub z biura<\/li>\n<li>mo\u017cesz zap\u0142aci\u0107 online, na przyk\u0142ad kart\u0105 kredytow\u0105 lub w inny spos\u00f3b<\/li>\n<li>Twoje wygrane w lotto do \u20ac2500 zostan\u0105 zapisane na Twoje konto<\/li>\n<li>je\u015bli wygrasz wi\u0119cej ni\u017c \u20ac2500, pomo\u017cemy Ci w uzyskaniu pieni\u0119dzy, bezp\u0142atnie<\/li>\n<li>nie ma \u017cadnych dodatkowych koszt\u00f3w, je\u015bli wygrasz pieni\u0105dze.<\/li>\n<\/ul>\n<p><strong>Kto mo\u017ce gra\u0107 na loteriach?<\/strong><\/p>\n<p>Ka\u017cdy, kto uko\u0144czy\u0142 18 lat mo\u017ce gra\u0107 na loterii.<\/p>\n<p><strong>Czy mog\u0119 gra\u0107 na loterii z obcego kraju?<\/strong><\/p>\n<p>Tak, mo\u017cesz. Nie ma znaczenia, w kt\u00f3rym kraju rezydujesz, mo\u017cesz gra\u0107 w ka\u017cd\u0105 loteri\u0119 i lotto jackpot w ka\u017cdym wybranym kraju.<\/p>\n<p><strong>Czy mog\u0119 wybra\u0107 swoje w\u0142asne numery lotto?<\/strong><\/p>\n<p>Tak. Mo\u017cesz wybra\u0107 numery, kt\u00f3re chcesz, lub mo\u017cesz wygodnie mie\u0107 komputer wybra\u0107 swoje numery dla Ciebie na chybi\u0142 trafi\u0142.<\/p>\n<p><strong>Jak otrzymam m\u00f3j bilet na loteri\u0119?<\/strong><\/p>\n<p>Gdy Twoja p\u0142atno\u015b\u0107 zostanie przetworzona, wy\u015blemy Ci e-mail z potwierdzeniem zakupu. Liczby, kt\u00f3re wybra\u0142e\u015b mog\u0105 by\u0107 widoczne na Twoim koncie. Kr\u00f3tko po tym, mo\u017cna zobaczy\u0107 zeskanowany bilet w swoim koncie, jak r\u00f3wnie\u017c.<\/p>\n<p><strong>Jak mog\u0119 zap\u0142aci\u0107 za m\u00f3j lotto lub bilet?<\/strong><\/p>\n<p>Istnieje wiele opcji p\u0142atno\u015bci dost\u0119pnych dla Ciebie, w\u015br\u00f3d nich s\u0105 p\u0142atno\u015bci kart\u0105 kredytow\u0105, przelewem bankowym, r\u00f3\u017cnymi kryptowalutami i innymi.<\/p>\n<p><strong>Czy bierzesz udzia\u0142 w moich wygranych?<\/strong><\/p>\n<p>Nie. Wszystkie wygrane na loterii zostan\u0105 wyp\u0142acone Ci w ca\u0142o\u015bci, bez potr\u0105cania jakichkolwiek op\u0142at.<\/p>\n<p><strong>Kiedy mog\u0119 z\u0142o\u017cy\u0107 zam\u00f3wienie na bilet na loteri\u0119?<\/strong><\/p>\n<p>Aby wzi\u0105\u0107 udzia\u0142 w loterii, nale\u017cy zam\u00f3wi\u0107 bilet co najmniej 2 godziny przed losowaniem. To pozwala nam na przetworzenie zam\u00f3wienia na bilet Lotto.<\/p>\n<p><strong>Sk\u0105d mam wiedzie\u0107, czy wygra\u0142em?<\/strong><\/p>\n<p>Je\u015bli wygrasz, wy\u015blemy Ci e-mail informuj\u0105cy o Twojej wygranej. R\u00f3wnie\u017c zwyci\u0119skie numery dla wszystkich loterii zostan\u0105 opublikowane na naszej stronie internetowej.<\/p>\n<p><strong>Jak otrzymam moje pieni\u0105dze, je\u015bli wygra\u0142em?<\/strong><\/p>\n<p>Je\u015bli wygrasz kwot\u0119 poni\u017cej \u20ac2500, to pieni\u0105dze zostan\u0105 przelane na Twoje konto gracza. Dla ka\u017cdej wygranej kwoty wy\u017cszej ni\u017c \u20ac2500, wy\u015blemy Ci formularz roszczenia, kt\u00f3ry musisz wype\u0142ni\u0107. B\u0119dziesz musia\u0142 si\u0119 zidentyfikowa\u0107, a nast\u0119pnie przeka\u017cemy Twoje roszczenie do firmy loteryjnej. Firma loteryjna nast\u0119pnie wyda czek dla Ciebie. Nale\u017cy pami\u0119ta\u0107, \u017ce niekt\u00f3re firmy loteryjne wymagaj\u0105, aby ubiega\u0107 si\u0119 o swoje wygrane osobi\u015bcie, je\u015bli wygrasz nagrod\u0119 jackpot.<\/p>\n<p><strong>Czy jest to us\u0142uga prawna?<\/strong><\/p>\n<p>Tak, jest. Poniewa\u017c nasz jest tylko us\u0142uga pos\u0142a\u0144ca, jest to ca\u0142kowicie legalne.<\/p>\n<p><strong>Sk\u0105d mam wiedzie\u0107, \u017ce bilet na loteri\u0119 jest kupowany w moim imieniu?<\/strong><\/p>\n<p>Po zap\u0142aceniu za bilet loteryjny, otrzymasz potwierdzenie p\u0142atno\u015bci. Tak d\u0142ugo jak Tw\u00f3j kupon lotto jest aktywny, otrzymasz powiadomienie na e-mail, a po zalogowaniu si\u0119, mo\u017cesz zobaczy\u0107 swoje kupony w swojej strefie klienta na naszej stronie.<\/p>\n","protected":false},"excerpt":{"rendered":"<p>Online Lottery FAQ Odpowiemy tutaj na najcz\u0119\u015bciej zadawane pytania dotycz\u0105ce loterii online i jackpot\u00f3w lotto online. Granie na loteriach online jest najwygodniejszym i naj\u0142atwiejszym sposobem, aby po\u0142o\u017cy\u0107 swoje r\u0119ce na tych wielkich mi\u0119dzynarodowych jackpotach Lotto. Jak to dzia\u0142a? Dzia\u0142amy jako pos\u0142aniec mi\u0119dzy Tob\u0105 a r\u00f3\u017cnymi loteriami. Kupujemy losy w Twoim imieniu, skanujemy je na Twoje [&hellip;]<\/p>\n","protected":false},"author":1,"featured_media":0,"parent":0,"menu_order":6,"comment_status":"closed","ping_status":"closed","template":"","meta":{"_et_pb_use_builder":"","_et_pb_old_content":"","_et_gb_content_width":"","exclude_from_search":false,"footnotes":""},"class_list":["post-37773","page","type-page","status-publish","hentry"],"yoast_head":"<!-- This site is optimized with the Yoast SEO plugin v23.3 - https:\/\/yoast.com\/wordpress\/plugins\/seo\/ -->\n<title>Lottery FAQ | Cz\u0119ste pytania o Lotto online<\/title>\n<meta name=\"description\" content=\"Znajd\u017a tutaj odpowiedzi na najcz\u0119stsze pytania dotycz\u0105ce loterii online, jak r\u00f3wnie\u017c najlepsze us\u0142ugi\" \/>\n<meta name=\"robots\" content=\"index, follow, max-snippet:-1, max-image-preview:large, max-video-preview:-1\" \/>\n<link rel=\"canonical\" href=\"https:\/\/jackpotlotteryonline.com\/pl\/faq\/\" \/>\n<meta property=\"og:locale\" content=\"pl_PL\" \/>\n<meta property=\"og:type\" content=\"article\" \/>\n<meta property=\"og:title\" content=\"Lottery FAQ | Cz\u0119ste pytania o Lotto online\" \/>\n<meta property=\"og:description\" content=\"Znajd\u017a tutaj odpowiedzi na najcz\u0119stsze pytania dotycz\u0105ce loterii online, jak r\u00f3wnie\u017c najlepsze us\u0142ugi\" \/>\n<meta property=\"og:url\" content=\"https:\/\/jackpotlotteryonline.com\/pl\/faq\/\" \/>\n<meta property=\"og:site_name\" content=\"Lotto Online - Crack The International Lottery Jackpots\" \/>\n<meta name=\"twitter:card\" content=\"summary_large_image\" \/>\n<meta name=\"twitter:label1\" content=\"Szacowany czas czytania\" \/>\n\t<meta name=\"twitter:data1\" content=\"3 minuty\" \/>\n<!-- \/ Yoast SEO plugin. -->","yoast_head_json":{"title":"Lottery FAQ | Cz\u0119ste pytania o Lotto online","description":"Znajd\u017a tutaj odpowiedzi na najcz\u0119stsze pytania dotycz\u0105ce loterii online, jak r\u00f3wnie\u017c najlepsze us\u0142ugi","robots":{"index":"index","follow":"follow","max-snippet":"max-snippet:-1","max-image-preview":"max-image-preview:large","max-video-preview":"max-video-preview:-1"},"canonical":"https:\/\/jackpotlotteryonline.com\/pl\/faq\/","og_locale":"pl_PL","og_type":"article","og_title":"Lottery FAQ | Cz\u0119ste pytania o Lotto online","og_description":"Znajd\u017a tutaj odpowiedzi na najcz\u0119stsze pytania dotycz\u0105ce loterii online, jak r\u00f3wnie\u017c najlepsze us\u0142ugi","og_url":"https:\/\/jackpotlotteryonline.com\/pl\/faq\/","og_site_name":"Lotto Online - Crack The International Lottery Jackpots","twitter_card":"summary_large_image","twitter_misc":{"Szacowany czas czytania":"3 minuty"},"schema":{"@context":"https:\/\/schema.org","@graph":[{"@type":"WebPage","@id":"https:\/\/jackpotlotteryonline.com\/pl\/faq\/","url":"https:\/\/jackpotlotteryonline.com\/pl\/faq\/","name":"Lottery FAQ | Cz\u0119ste pytania o Lotto online","isPartOf":{"@id":"https:\/\/jackpotlotteryonline.com\/#website"},"datePublished":"2022-11-15T08:37:41+00:00","dateModified":"2022-11-15T08:37:41+00:00","description":"Znajd\u017a tutaj odpowiedzi na najcz\u0119stsze pytania dotycz\u0105ce loterii online, jak r\u00f3wnie\u017c najlepsze us\u0142ugi","breadcrumb":{"@id":"https:\/\/jackpotlotteryonline.com\/pl\/faq\/#breadcrumb"},"inLanguage":"pl-PL","potentialAction":[{"@type":"ReadAction","target":["https:\/\/jackpotlotteryonline.com\/pl\/faq\/"]}]},{"@type":"BreadcrumbList","@id":"https:\/\/jackpotlotteryonline.com\/pl\/faq\/#breadcrumb","itemListElement":[{"@type":"ListItem","position":1,"name":"Home","item":"https:\/\/jackpotlotteryonline.com\/pl\/"},{"@type":"ListItem","position":2,"name":"FAQ"}]},{"@type":"WebSite","@id":"https:\/\/jackpotlotteryonline.com\/#website","url":"https:\/\/jackpotlotteryonline.com\/","name":"Lotto Online - Crack The International Lottery Jackpots","description":"","potentialAction":[{"@type":"SearchAction","target":{"@type":"EntryPoint","urlTemplate":"https:\/\/jackpotlotteryonline.com\/?s={search_term_string}"},"query-input":"required name=search_term_string"}],"inLanguage":"pl-PL"}]}},"_links":{"self":[{"href":"https:\/\/jackpotlotteryonline.com\/pl\/wp-json\/wp\/v2\/pages\/37773","targetHints":{"allow":["GET"]}}],"collection":[{"href":"https:\/\/jackpotlotteryonline.com\/pl\/wp-json\/wp\/v2\/pages"}],"about":[{"href":"https:\/\/jackpotlotteryonline.com\/pl\/wp-json\/wp\/v2\/types\/page"}],"author":[{"embeddable":true,"href":"https:\/\/jackpotlotteryonline.com\/pl\/wp-json\/wp\/v2\/users\/1"}],"replies":[{"embeddable":true,"href":"https:\/\/jackpotlotteryonline.com\/pl\/wp-json\/wp\/v2\/comments?post=37773"}],"version-history":[{"count":0,"href":"https:\/\/jackpotlotteryonline.com\/pl\/wp-json\/wp\/v2\/pages\/37773\/revisions"}],"wp:attachment":[{"href":"https:\/\/jackpotlotteryonline.com\/pl\/wp-json\/wp\/v2\/media?parent=37773"}],"curies":[{"name":"wp","href":"https:\/\/api.w.org\/{rel}","templated":true}]}}