{"id":39242,"date":"2022-11-22T11:40:22","date_gmt":"2022-11-22T11:40:22","guid":{"rendered":"https:\/\/jackpotlotteryonline.com\/?page_id=39242"},"modified":"2023-01-03T08:54:46","modified_gmt":"2023-01-03T08:54:46","slug":"la-primitiva-2","status":"publish","type":"page","link":"https:\/\/jackpotlotteryonline.com\/pl\/jak-grac\/la-primitiva-2\/","title":{"rendered":"zagraj w La Primitiva online"},"content":{"rendered":"<p>Hiszpa\u0144ska loteria jest jedn\u0105 z najpopularniejszych europejskich loterii i przyci\u0105ga fan\u00f3w lotto w ca\u0142ym kraju. La Primitiva jest tak\u017ce jedn\u0105 z najstarszych loterii na \u015bwiecie. Zosta\u0142a za\u0142o\u017cona w 1763 roku i od prawie 260 lat cieszy fan\u00f3w loterii w tym kraju. Wcze\u015bniej by\u0142a ona ograniczona tylko do graczy, kt\u00f3rzy mieszkali w tym miejscu geograficznym, ale dzi\u0119ki internetowi, gracze na ca\u0142ym \u015bwiecie mog\u0105 teraz wej\u015b\u0107 na t\u0119 loteri\u0119. Gry Lotto zale\u017c\u0105 w du\u017cej mierze od szcz\u0119\u015bcia i ta nie jest wyj\u0105tkiem. W zwi\u0105zku z tym, w ka\u017cdym losowaniu jest tak wiele zg\u0142osze\u0144, a gracze pr\u00f3buj\u0105 zdoby\u0107 szans\u0119 na wielk\u0105 wygran\u0105.<\/p>\n<p>Je\u015bli chcesz zdoby\u0107 <a href=\"https:\/\/jackpotlotteryonline.com\/pl\/kupic-bilety\/la-primitiva\">bilety na najlepsze mi\u0119dzynarodowe loterie<\/a>, w tym La Primitiva, odwied\u017a jackptlotteryonline.com teraz, aby zacz\u0105\u0107.<\/p>\n<h2>Jak gra\u0107 w La Primitiva<\/h2>\n<p><img loading=\"lazy\" decoding=\"async\" class=\"alignright size-medium wp-image-28103\" src=\"https:\/\/jackpotlotteryonline.com\/wp-content\/uploads\/2022\/11\/1_lotto_jackpot_online-257x300.jpg\" alt=\"Zagraj w La Primitiva\" width=\"257\" height=\"300\" srcset=\"https:\/\/jackpotlotteryonline.com\/wp-content\/uploads\/2022\/11\/1_lotto_jackpot_online-257x300.jpg 257w, https:\/\/jackpotlotteryonline.com\/wp-content\/uploads\/2022\/11\/1_lotto_jackpot_online.jpg 321w\" sizes=\"auto, (max-width: 257px) 100vw, 257px\" \/><\/p>\n<p>Tak zabawne, jak hiszpa\u0144ska loteria jest gra\u0107, mo\u017ce by\u0107 nieco myl\u0105ce dla tych, kt\u00f3rzy s\u0105 nowe do loterii. Wydaje si\u0119, \u017ce jest w niej nieco wi\u0119cej liczb ni\u017c niekt\u00f3rzy gracze mog\u0105 by\u0107 przyzwyczajeni i jest kilka innych koncepcji, kt\u00f3re mog\u0105 by\u0107 trudne do zrozumienia. Jednak gdy ju\u017c zrozumiesz, jak gra\u0107 w La Primitiva, stanie si\u0119 to naprawd\u0119 proste.<\/p>\n<p>Pierwsz\u0105 rzecz\u0105, kt\u00f3r\u0105 nale\u017cy zrozumie\u0107 graj\u0105c w t\u0119 loteri\u0119 jest <strong>Reintegro<\/strong> i <strong>Complementario.<\/strong> Reintegro i Complementarior s\u0105 niezb\u0119dne do okre\u015blenia zwyci\u0119zcy jackpota. Je\u015bli planujesz wygra\u0107 jackpota, to koniecznie musisz wiedzie\u0107 o co chodzi i jak one dzia\u0142aj\u0105.<\/p>\n<p>Zasadniczo, Reintegro (przet\u0142umaczony zwrot w j\u0119zyku angielskim) jest jednym z numer\u00f3w bonusowych u\u017cywanych w wyborze zwyci\u0119zc\u00f3w nagr\u00f3d. Complementario (t\u0142umaczone jako uzupe\u0142nienie w j\u0119zyku angielskim) jest drugim numerem bonusowym.<\/p>\n<p><strong>Aby zagra\u0107 w La Primitiva, gracz musia\u0142by wybra\u0107 pi\u0119\u0107 g\u0142\u00f3wnych numer\u00f3w od 1 do 49 oraz Reintegro od 0 do 9<\/strong>. Ka\u017cdy, kto ma bilet, kt\u00f3ry pasuje do wylosowanych numer\u00f3w, wygrywa jackpot.<\/p>\n<h2>Ale Reintegro to co\u015b wi\u0119cej<\/h2>\n<p>Reintegro jest u\u017cywany do wyboru zwyci\u0119zcy jackpota. Tak wi\u0119c, musisz dopasowa\u0107 pi\u0119\u0107 g\u0142\u00f3wnych numer\u00f3w i numer Reintegro, aby wygra\u0107 jackpota.<\/p>\n<p>Ponadto, Reintegro jest u\u017cywany do okre\u015blenia innej kategorii nagr\u00f3d. Punters, kt\u00f3rzy tylko dopasowa\u0107 numer Reintegro wygra\u0107 z powrotem cen\u0119 biletu. Dlatego te\u017c nazywa si\u0119 to &#8220;zwrotem pieni\u0119dzy&#8221;.<\/p>\n<section class=\"layout\" style=\"border: solid 1px; width: 100%;\">\n<div class=\"img-div\" style=\"margin-top: 5px;\"><img decoding=\"async\" class=\"wp-image-17212 alignleft\" style=\"height: 45px; margin: 8px 8px 0px;\" src=\"https:\/\/jackpotlotteryonline.com\/wp-content\/uploads\/2022\/11\/read1.jpg\" alt=\"czytaj\" width=\"\" height=\"\" \/><\/div>\n<div style=\"padding-left: 5px;\">\n<div style=\"font-size: 1.1em;\">\n<p><strong>Jaki jest sekret sukcesu na loterii?<\/strong><\/p>\n<p style=\"font-size: 0.85em; margin-top: -1.5em;\">Jak z powodzeniem gra\u0107 na loterii\u00a0<a href=\"https:\/\/jackpotlotteryonline.com\/pl\/jaki-jest-sekret-sukcesu-w-loterii\"> wi\u0119cej<\/a><\/p>\n<\/div>\n<\/div>\n<\/section>\n<h2>A co z Complementario?<\/h2>\n<p>Inny numer bonusowy nie ma znaczenia dla wygrania jackpota, ale jest wykorzystywany przy okre\u015blaniu kategorii nagrody Division 2. Wi\u0119c punter, kt\u00f3ry dopasuje pi\u0119\u0107 g\u0142\u00f3wnych numer\u00f3w i numer Complementario, wygra nagrod\u0119.<\/p>\n<h2>Zrozumienie dzia\u0142ania Jokera<\/h2>\n<p>Joker jest kolejn\u0105 zagadk\u0105, je\u015bli kupujesz losy La Primitiva po raz pierwszy, poniewa\u017c wydaje si\u0119, \u017ce tworzy on zupe\u0142nie inn\u0105 kategori\u0119 nagr\u00f3d. W\u0142a\u015bciwie, to tworzy on inn\u0105 kategori\u0119 nagr\u00f3d.\u00a0 Jest ona jednak opcjonalna i przy zakupie losu mo\u017cesz zdecydowa\u0107 si\u0119 na Jokera za dodatkow\u0105 op\u0142at\u0105.<\/p>\n<p>Joker jest bardziej podobny do loterii, poniewa\u017c gracze nie wybieraj\u0105 swoich numer\u00f3w. Siedem losowych numer\u00f3w jest do\u0142\u0105czonych do Twojego kuponu, je\u015bli zdecydujesz si\u0119 na Jokera. Nie uniewa\u017cnia to Twojego kuponu, jest to tylko dodatek. Joker daje graczom szans\u0119 na wygranie do 1 miliona euro. Posiada on siedem kategorii nagr\u00f3d. Znajd\u017a je poni\u017cej:<\/p>\n<p>1. nagroda &#8211; \u20ac1,000,000<\/p>\n<p>2. nagroda &#8211; \u20ac10,000<\/p>\n<p>3. nagroda &#8211; 1 000 euro<\/p>\n<p>4. nagroda &#8211; 300 euro<\/p>\n<p>5. nagroda &#8211; 50 euro<\/p>\n<p>6. nagroda &#8211; 5 euro<\/p>\n<p>7. nagroda &#8211; 5 euro.<\/p>\n<p>Wygrana w Jokerze<\/p>\n<p>Je\u015bli wygrasz zar\u00f3wno loteri\u0119 jak i Jokera, b\u0119dziesz musia\u0142 wybra\u0107 jedn\u0105 z nich, poniewa\u017c gracze nie mog\u0105 odebra\u0107 obu nagr\u00f3d w jednym losowaniu. Jednak\u017ce, wy\u017csza nagroda zostanie wyp\u0142acona.<\/p>\n<h2>Kroki do gry na loterii online<\/h2>\n<p><img loading=\"lazy\" decoding=\"async\" class=\"alignright size-medium wp-image-33512\" src=\"https:\/\/jackpotlotteryonline.com\/wp-content\/uploads\/2022\/11\/2_ticket_la_primitiva2-210x300.jpg\" alt=\"La Primitiva bilet online\" width=\"210\" height=\"300\" srcset=\"https:\/\/jackpotlotteryonline.com\/wp-content\/uploads\/2022\/11\/2_ticket_la_primitiva2-210x300.jpg 210w, https:\/\/jackpotlotteryonline.com\/wp-content\/uploads\/2022\/11\/2_ticket_la_primitiva2.jpg 250w\" sizes=\"auto, (max-width: 210px) 100vw, 210px\" \/><\/p>\n<p>Zdobywanie los\u00f3w na loteri\u0119 online jest jedn\u0105 z prostych przyjemno\u015bci \u017cycia, g\u0142\u00f3wnie ze wzgl\u0119du na to, jak wygodne i por\u0119czne jest wszystko. Mo\u017cesz zdoby\u0107 sw\u00f3j bilet za pomoc\u0105 zaledwie kilku machni\u0119\u0107 lub stukni\u0119\u0107. Oto przewodnik krok po kroku jak to zrobi\u0107 na tej stronie.<\/p>\n<p><strong>Krok 1:<\/strong> Wejd\u017a na wybran\u0105 stron\u0119 i wyszukaj loteri\u0119, w kt\u00f3r\u0105 chcesz zagra\u0107. Dajemy fanom loterii dost\u0119p do wielu r\u00f3\u017cnych mi\u0119dzynarodowych loterii, w tym La Primitiva.<\/p>\n<p><strong>Krok 2:<\/strong> Wybierz pi\u0119\u0107 g\u0142\u00f3wnych numer\u00f3w oraz dwa numery bonusowe. Je\u015bli nie jeste\u015b pewien, jakie numery chcesz u\u017cy\u0107, mo\u017cesz skorzysta\u0107 z generatora liczb losowych na stronie. Ponadto, mo\u017cesz wybra\u0107 wi\u0119cej ni\u017c jedn\u0105 lini\u0119 liczb, aby zwi\u0119kszy\u0107 swoje szanse na wygran\u0105.<\/p>\n<p><strong>Krok 3:<\/strong> <a href=\"https:\/\/jackpotlotteryonline.com\/pl\/zwycieskie-numery\/la-primitiva\">Wprowad\u017a losowania<\/a>. Zauwa\u017c, \u017ce je\u015bli bierzesz udzia\u0142 w pojedynczym losowaniu, mo\u017cesz to zrobi\u0107 tylko w poniedzia\u0142ek. Pozosta\u0142e losowania s\u0105 losowaniami tygodniowymi i mo\u017cesz wzi\u0105\u0107 udzia\u0142 we wszystkich z nich, je\u015bli chcesz.<\/p>\n<p><strong>Krok 4:<\/strong> Zarejestruj si\u0119 i zap\u0142a\u0107. Po przej\u015bciu na stron\u0119 p\u0142atno\u015bci, zostaniesz poproszony o zarejestrowanie si\u0119. To dlatego, \u017ce mo\u017cesz \u0142atwo uzyska\u0107 dost\u0119p do swojego losu z konta, a tak\u017ce dlatego, \u017ce mo\u017cemy Ci\u0119 powiadomi\u0107, je\u015bli wygrasz jak\u0105\u015b nagrod\u0119. Wystarczy, \u017ce zarejestrujesz si\u0119 tylko raz, a kolejne razy wystarczy zalogowa\u0107 si\u0119 na swoje konto.<\/p>\n<p>To wszystko, czego potrzeba, aby uzyska\u0107 dost\u0119p do najlepszych mi\u0119dzynarodowych loterii z wygodnego komputera lub urz\u0105dzenia mobilnego!<\/p>\n<h2>Wyniki losowania La Primitiva<\/h2>\n<p>Dni losowa\u0144 s\u0105 pe\u0142ne emocji i wielu graczy czeka na nie z niecierpliwo\u015bci\u0105. To w\u0142a\u015bnie wtedy ci, kt\u00f3rzy wzi\u0119li udzia\u0142 w losowaniu dowiaduj\u0105 si\u0119, czy wygrali jackpota. Opr\u00f3cz jackpota s\u0105 jeszcze inne nagrody, kt\u00f3re gracze mog\u0105 wygra\u0107, a wszystkie one s\u0105 ujawniane w dniu losowania.<\/p>\n<p>Hiszpa\u0144ska loteria organizuje trzy tygodniowe losowania w poniedzia\u0142ek, czwartek i sobot\u0119. Oznacza to, \u017ce gracze maj\u0105 trzy szanse w ka\u017cdym tygodniu, aby wygra\u0107 na loterii. Je\u015bli grasz w La Primitive przez internet, mo\u017cesz wzi\u0105\u0107 udzia\u0142 w nast\u0119pnym losowaniu lub automatycznie wzi\u0105\u0107 udzia\u0142 w ka\u017cdym losowaniu. Pami\u0119taj, \u017ce im wi\u0119cej losowa\u0144, tym wi\u0119ksze szanse na wygran\u0105 w loterii.<\/p>\n<p>Kiedy losowania s\u0105 og\u0142aszane, gracze mog\u0105 s\u0142ucha\u0107 wynik\u00f3w losowania na \u017cywo. Je\u015bli jednak nie masz na to czasu, mo\u017cesz wr\u00f3ci\u0107 tutaj, aby pozna\u0107 wyniki losowania. Nie publikujemy tylko tych liczb, kt\u00f3re pasuj\u0105 do wszystkich wylosowanych numer\u00f3w, ale tak\u017ce publikujemy wyniki dla pozosta\u0142ych szczebli.<\/p>\n<h2>O nagrodach La Primitiva: co mo\u017cna wygra\u0107?<\/h2>\n<p>Opr\u00f3cz nagrody g\u0142\u00f3wnej, La Primitiva ma 5 innych poziom\u00f3w nagr\u00f3d. Je\u015bli wliczymy w to jackpota, b\u0119dzie to w sumie 6 poziom\u00f3w. Jest nawet nagroda za trafienie samego numeru Reintegro. Nagrody te nie s\u0105 mo\u017ce liczone w milionach, ale si\u0119gaj\u0105 kilku tysi\u0119cy euro. Tak wi\u0119c, s\u0105 one zdecydowanie warte sprawdzenia.<\/p>\n<p>Wa\u017cne jest, aby zrozumie\u0107, \u017ce nie ma okre\u015blonej nagrody dla innych poziom\u00f3w, poniewa\u017c zale\u017cy to od liczby graczy w danym losowaniu. Jackpot jest jedynym poziomem nagrody, kt\u00f3ry jest gwarantowany. 40% kwoty jackpota jest przeznaczone na pozosta\u0142e poziomy nagr\u00f3d i rozdane zwyci\u0119zcom w tych kategoriach.<\/p>\n<p>Mo\u017cesz r\u00f3wnie\u017c wybra\u0107 gr\u0119 Joker, kt\u00f3ra znacznie zwi\u0119ksza potencjaln\u0105 wygran\u0105. Joker posiada siedem innych kategorii nagr\u00f3d, oddzielonych od g\u0142\u00f3wnych kategorii nagr\u00f3d, co daje graczom La Primitiva jeszcze wi\u0119cej szans na wygran\u0105.<\/p>\n<h2>Poziomy nagr\u00f3d<\/h2>\n<p>Jackpot &#8211; Dopasowanie 6 g\u0142\u00f3wnych liczb + Reintegro<\/p>\n<p>Dywizja 1 &#8211; 6 g\u0142\u00f3wnych liczb<\/p>\n<p>Dywizja 2 &#8211; 5 g\u0142\u00f3wnych numer\u00f3w + numer dodatkowy<\/p>\n<p>Dywizja 3 &#8211; 5 g\u0142\u00f3wnych numer\u00f3w<\/p>\n<p>Dywizja 4 &#8211; 4 numery g\u0142\u00f3wne<\/p>\n<p>Wydzia\u0142 5 &#8211; 3 numery g\u0142\u00f3wne<\/p>\n<p>Reintegro &#8211; Dopasuj tylko numer Reintegro<\/p>\n<h2>Jak wyp\u0142aci\u0107 swoj\u0105 wygran\u0105<\/h2>\n<p>Gracze cz\u0119sto zastanawiaj\u0105 si\u0119, jak mog\u0105 uzyska\u0107 dost\u0119p do swoich wygranych, je\u015bli graj\u0105 w internecie. Odpowied\u017a na to pytanie zale\u017cy od strony loterii, z kt\u00f3rej korzystasz. Niekt\u00f3re strony loteryjne nie s\u0105 zbyt dobre w p\u0142aceniu zwyci\u0119zcom, ale przekonasz si\u0119, \u017ce jest to raczej wyj\u0105tek ni\u017c regu\u0142a. Niemniej jednak, zawsze warto zachowa\u0107 bezpiecze\u0144stwo i pozosta\u0107 z zaufanym dostawc\u0105 loterii.<\/p>\n<p>Je\u015bli grasz na loterii z nami, to mo\u017cesz \u0142atwo wyp\u0142aci\u0107 swoje wygrane. Zaprojektowali\u015bmy nasz system tak, aby zapewni\u0107 maksymaln\u0105 \u0142atwo\u015b\u0107 obs\u0142ugi i zero stresu. Dzi\u0119ki wielu opcjom wyp\u0142aty, zapewniamy Ci bezpieczn\u0105 metod\u0119 na odebranie swoich wygranych.<\/p>\n<p>Je\u015bli Twoja wygrana przekracza pewn\u0105 kwot\u0119 (np. je\u015bli wygrasz jackpot), b\u0119dziesz musia\u0142 zidentyfikowa\u0107 si\u0119 przed firm\u0105 loteryjn\u0105. Nie martw si\u0119 jednak, dostarczymy Ci formularz do wype\u0142nienia, a gdy ju\u017c to zrobisz, zajmiemy si\u0119 roszczeniami dla Ciebie.<\/p>\n<h2>Zagraj z nami, aby mie\u0107 szans\u0119 na wielk\u0105 wygran\u0105<\/h2>\n<p>To gdzie kupujesz swoje kupony ma du\u017ce znaczenie, a na naszej stronie do\u0142o\u017cyli\u015bmy wszelkich stara\u0144, aby stworzy\u0107 bezpieczne miejsce dla graczy z ca\u0142ego \u015bwiata. Dzi\u0119ki szerokiej gamie mi\u0119dzynarodowych loterii, mo\u017cesz wybra\u0107 dowoln\u0105 gr\u0119, w tym La Primitiva. Nagrody jackpot s\u0105 du\u017ce, ale pami\u0119taj, \u017ce wi\u0119kszo\u015b\u0107 gier loteryjnych ma kilka poziom\u00f3w nagr\u00f3d, z niekt\u00f3rymi bardzo hojnymi kwotami.<\/p>\n<p>Je\u015bli jeste\u015b gotowy na szans\u0119 na wielk\u0105 wygran\u0105 z La Primitiva, odwied\u017a nas teraz i zdob\u0105d\u017a bilety. Z trzech tygodniowych losowa\u0144, hiszpa\u0144ska loteria daje graczom kilka szans na wygranie jackpota w ka\u017cdym tygodniu. Na stronie jackpotlotteryonline.com zawsze jest jakie\u015b losowanie, w kt\u00f3rym mo\u017cesz wzi\u0105\u0107 udzia\u0142 i nigdy nie wiesz, czy to w\u0142a\u015bnie dzi\u015b jest dzie\u0144, w kt\u00f3rym wygrasz du\u017c\u0105 sum\u0119.<\/p>\n","protected":false},"excerpt":{"rendered":"<p>Hiszpa\u0144ska loteria jest jedn\u0105 z najpopularniejszych europejskich loterii i przyci\u0105ga fan\u00f3w lotto w ca\u0142ym kraju. La Primitiva jest tak\u017ce jedn\u0105 z najstarszych loterii na \u015bwiecie. Zosta\u0142a za\u0142o\u017cona w 1763 roku i od prawie 260 lat cieszy fan\u00f3w loterii w tym kraju. Wcze\u015bniej by\u0142a ona ograniczona tylko do graczy, kt\u00f3rzy mieszkali w tym miejscu geograficznym, ale [&hellip;]<\/p>\n","protected":false},"author":1,"featured_media":0,"parent":35709,"menu_order":7,"comment_status":"closed","ping_status":"closed","template":"la-primitiva.php","meta":{"_et_pb_use_builder":"","_et_pb_old_content":"","_et_gb_content_width":"","exclude_from_search":false,"footnotes":""},"class_list":["post-39242","page","type-page","status-publish","hentry"],"yoast_head":"<!-- This site is optimized with the Yoast SEO plugin v23.3 - https:\/\/yoast.com\/wordpress\/plugins\/seo\/ -->\n<title>Zagraj w hiszpa\u0144sk\u0105 loteri\u0119 La Primitiva online z dowolnego kraju<\/title>\n<meta name=\"description\" content=\"Jak gra\u0107 w La Primitiva i wygrywa\u0107 du\u017ce kwoty z ka\u017cdej cz\u0119\u015bci \u015bwiata. Poznaj kroki gry na loterii online i nagrody do wygrania.\" \/>\n<meta name=\"robots\" content=\"index, follow, max-snippet:-1, max-image-preview:large, max-video-preview:-1\" \/>\n<link rel=\"canonical\" href=\"https:\/\/jackpotlotteryonline.com\/pl\/jak-grac\/la-primitiva-2\/\" \/>\n<meta property=\"og:locale\" content=\"pl_PL\" \/>\n<meta property=\"og:type\" content=\"article\" \/>\n<meta property=\"og:title\" content=\"Zagraj w hiszpa\u0144sk\u0105 loteri\u0119 La Primitiva online z dowolnego kraju\" \/>\n<meta property=\"og:description\" content=\"Jak gra\u0107 w La Primitiva i wygrywa\u0107 du\u017ce kwoty z ka\u017cdej cz\u0119\u015bci \u015bwiata. Poznaj kroki gry na loterii online i nagrody do wygrania.\" \/>\n<meta property=\"og:url\" content=\"https:\/\/jackpotlotteryonline.com\/pl\/jak-grac\/la-primitiva-2\/\" \/>\n<meta property=\"og:site_name\" content=\"Lotto Online - Crack The International Lottery Jackpots\" \/>\n<meta property=\"article:modified_time\" content=\"2023-01-03T08:54:46+00:00\" \/>\n<meta property=\"og:image\" content=\"https:\/\/jackpotlotteryonline.com\/wp-content\/uploads\/2022\/11\/1_lotto_jackpot_online-257x300.jpg\" \/>\n<meta name=\"twitter:card\" content=\"summary_large_image\" \/>\n<meta name=\"twitter:label1\" content=\"Szacowany czas czytania\" \/>\n\t<meta name=\"twitter:data1\" content=\"7 minut\" \/>\n<!-- \/ Yoast SEO plugin. -->","yoast_head_json":{"title":"Zagraj w hiszpa\u0144sk\u0105 loteri\u0119 La Primitiva online z dowolnego kraju","description":"Jak gra\u0107 w La Primitiva i wygrywa\u0107 du\u017ce kwoty z ka\u017cdej cz\u0119\u015bci \u015bwiata. Poznaj kroki gry na loterii online i nagrody do wygrania.","robots":{"index":"index","follow":"follow","max-snippet":"max-snippet:-1","max-image-preview":"max-image-preview:large","max-video-preview":"max-video-preview:-1"},"canonical":"https:\/\/jackpotlotteryonline.com\/pl\/jak-grac\/la-primitiva-2\/","og_locale":"pl_PL","og_type":"article","og_title":"Zagraj w hiszpa\u0144sk\u0105 loteri\u0119 La Primitiva online z dowolnego kraju","og_description":"Jak gra\u0107 w La Primitiva i wygrywa\u0107 du\u017ce kwoty z ka\u017cdej cz\u0119\u015bci \u015bwiata. Poznaj kroki gry na loterii online i nagrody do wygrania.","og_url":"https:\/\/jackpotlotteryonline.com\/pl\/jak-grac\/la-primitiva-2\/","og_site_name":"Lotto Online - Crack The International Lottery Jackpots","article_modified_time":"2023-01-03T08:54:46+00:00","og_image":[{"url":"https:\/\/jackpotlotteryonline.com\/wp-content\/uploads\/2022\/11\/1_lotto_jackpot_online-257x300.jpg"}],"twitter_card":"summary_large_image","twitter_misc":{"Szacowany czas czytania":"7 minut"},"schema":{"@context":"https:\/\/schema.org","@graph":[{"@type":"WebPage","@id":"https:\/\/jackpotlotteryonline.com\/pl\/jak-grac\/la-primitiva-2\/","url":"https:\/\/jackpotlotteryonline.com\/pl\/jak-grac\/la-primitiva-2\/","name":"Zagraj w hiszpa\u0144sk\u0105 loteri\u0119 La Primitiva online z dowolnego kraju","isPartOf":{"@id":"https:\/\/jackpotlotteryonline.com\/#website"},"primaryImageOfPage":{"@id":"https:\/\/jackpotlotteryonline.com\/pl\/jak-grac\/la-primitiva-2\/#primaryimage"},"image":{"@id":"https:\/\/jackpotlotteryonline.com\/pl\/jak-grac\/la-primitiva-2\/#primaryimage"},"thumbnailUrl":"https:\/\/jackpotlotteryonline.com\/wp-content\/uploads\/2022\/11\/1_lotto_jackpot_online-257x300.jpg","datePublished":"2022-11-22T11:40:22+00:00","dateModified":"2023-01-03T08:54:46+00:00","description":"Jak gra\u0107 w La Primitiva i wygrywa\u0107 du\u017ce kwoty z ka\u017cdej cz\u0119\u015bci \u015bwiata. Poznaj kroki gry na loterii online i nagrody do wygrania.","breadcrumb":{"@id":"https:\/\/jackpotlotteryonline.com\/pl\/jak-grac\/la-primitiva-2\/#breadcrumb"},"inLanguage":"pl-PL","potentialAction":[{"@type":"ReadAction","target":["https:\/\/jackpotlotteryonline.com\/pl\/jak-grac\/la-primitiva-2\/"]}]},{"@type":"ImageObject","inLanguage":"pl-PL","@id":"https:\/\/jackpotlotteryonline.com\/pl\/jak-grac\/la-primitiva-2\/#primaryimage","url":"https:\/\/jackpotlotteryonline.com\/wp-content\/uploads\/2022\/11\/1_lotto_jackpot_online-257x300.jpg","contentUrl":"https:\/\/jackpotlotteryonline.com\/wp-content\/uploads\/2022\/11\/1_lotto_jackpot_online-257x300.jpg"},{"@type":"BreadcrumbList","@id":"https:\/\/jackpotlotteryonline.com\/pl\/jak-grac\/la-primitiva-2\/#breadcrumb","itemListElement":[{"@type":"ListItem","position":1,"name":"Home","item":"https:\/\/jackpotlotteryonline.com\/pl\/"},{"@type":"ListItem","position":2,"name":"Jak gra\u0107","item":"https:\/\/jackpotlotteryonline.com\/pl\/jak-grac\/"},{"@type":"ListItem","position":3,"name":"zagraj w La Primitiva online"}]},{"@type":"WebSite","@id":"https:\/\/jackpotlotteryonline.com\/#website","url":"https:\/\/jackpotlotteryonline.com\/","name":"Lotto Online - Crack The International Lottery Jackpots","description":"","potentialAction":[{"@type":"SearchAction","target":{"@type":"EntryPoint","urlTemplate":"https:\/\/jackpotlotteryonline.com\/?s={search_term_string}"},"query-input":"required name=search_term_string"}],"inLanguage":"pl-PL"}]}},"_links":{"self":[{"href":"https:\/\/jackpotlotteryonline.com\/pl\/wp-json\/wp\/v2\/pages\/39242","targetHints":{"allow":["GET"]}}],"collection":[{"href":"https:\/\/jackpotlotteryonline.com\/pl\/wp-json\/wp\/v2\/pages"}],"about":[{"href":"https:\/\/jackpotlotteryonline.com\/pl\/wp-json\/wp\/v2\/types\/page"}],"author":[{"embeddable":true,"href":"https:\/\/jackpotlotteryonline.com\/pl\/wp-json\/wp\/v2\/users\/1"}],"replies":[{"embeddable":true,"href":"https:\/\/jackpotlotteryonline.com\/pl\/wp-json\/wp\/v2\/comments?post=39242"}],"version-history":[{"count":0,"href":"https:\/\/jackpotlotteryonline.com\/pl\/wp-json\/wp\/v2\/pages\/39242\/revisions"}],"up":[{"embeddable":true,"href":"https:\/\/jackpotlotteryonline.com\/pl\/wp-json\/wp\/v2\/pages\/35709"}],"wp:attachment":[{"href":"https:\/\/jackpotlotteryonline.com\/pl\/wp-json\/wp\/v2\/media?parent=39242"}],"curies":[{"name":"wp","href":"https:\/\/api.w.org\/{rel}","templated":true}]}}