{"id":39323,"date":"2022-11-23T11:04:47","date_gmt":"2022-11-23T11:04:47","guid":{"rendered":"https:\/\/jackpotlotteryonline.com\/?page_id=39323"},"modified":"2024-07-07T09:56:52","modified_gmt":"2024-07-07T09:56:52","slug":"lotto-america","status":"publish","type":"page","link":"https:\/\/jackpotlotteryonline.com\/pl\/jak-grac\/lotto-america\/","title":{"rendered":"Zagraj w Lotto America online"},"content":{"rendered":"<p>Chcesz dowiedzie\u0107 si\u0119 jak obstawia\u0107 Lotto America z dowolnego miejsca na \u015bwiecie? Stany Zjednoczone posiadaj\u0105 jedne z najwi\u0119kszych loterii na \u015bwiecie, jak Lotto America. Co ciekawe, jest to r\u00f3wnie\u017c lotto, kt\u00f3re cz\u0119sto jest pomijane na rzecz swoich znacznie wi\u0119kszych kuzyn\u00f3w, Powerball i Mega Millions. S\u0105 jednak do\u015bwiadczeni gracze, kt\u00f3rzy wiedz\u0105, jak niesamowity jest to jackpot, a dodatkowo szanse na jego wygranie s\u0105 znacznie ni\u017csze ni\u017c np. w przypadku ameryka\u0144skiego Powerball. Je\u015bli wi\u0119c szukasz ameryka\u0144skiego lotto, kt\u00f3re daje wi\u0119ksze szanse na wygranie jackpota ni\u017c inne loterie, to powiniene\u015b sprawdzi\u0107 Lotto America.<\/p>\n<p>To prawda, \u017ce Lotto America jest loteri\u0105 ameryka\u0144sk\u0105, a wi\u0119c losy sprzedawane s\u0105 w USA. Jednak gracze mog\u0105 kupi\u0107 swoje bilety na t\u0119 loteri\u0119 za pomoc\u0105 strony takiej jak jackpotlotteryonline.com. Podzielimy si\u0119 kilkoma szczeg\u00f3\u0142ami na ten temat, a tak\u017ce postaramy si\u0119 odpowiedzie\u0107 na cz\u0119ste pytania, kt\u00f3re zosta\u0142y zadane na temat Lotto Ameryka.<\/p>\n<p>Czytaj dalej, aby dowiedzie\u0107 si\u0119 o Lotto America i jak porusza\u0107 si\u0119 po procesie kupowania los\u00f3w i zbierania wygranych.<\/p>\n<section class=\"layout\" style=\"border: solid 1px; width: 100%;\">\n<div class=\"img-div\" style=\"margin-top: 5px;\"><img decoding=\"async\" class=\"wp-image-17212 alignleft\" style=\"height: 45px; margin: 8px 8px 0px;\" src=\"http:\/\/jackpotlotteryonline.com\/wp-content\/uploads\/2022\/11\/read1.jpg\" alt=\"Czytaj \" width=\"\" height=\"\" \/><\/div>\n<div style=\"padding-left: 5px;\">\n<div style=\"font-size: 1.1em;\">\n<p><strong>Wybierz zwyci\u0119skie numery lotto r\u0119cznie lub za pomoc\u0105 RNG<\/strong><\/p>\n<p style=\"font-size: 0.85em; margin-top: -1.5em;\">Jak wygenerowa\u0107 zwyci\u0119skie numery lotto?\u00a0<a href=\"https:\/\/jackpotlotteryonline.com\/pl\/jak-wygenerowac-zwycieskie-numery-lotto\"> wi\u0119cej<\/a><\/p>\n<\/div>\n<\/div>\n<\/section>\n<h2>Troch\u0119 o Lotto America<\/h2>\n<p><img loading=\"lazy\" decoding=\"async\" class=\"alignright size-full wp-image-29534\" src=\"http:\/\/jackpotlotteryonline.com\/wp-content\/uploads\/2022\/11\/1_results_lottery_online5.jpg\" alt=\"Zagraj w Lotto Ameryka online\" width=\"300\" height=\"200\" \/><\/p>\n<p>W por\u00f3wnaniu z innymi loteriami na ca\u0142ym \u015bwiecie, Lotto America jest stosunkowo nowa. Zosta\u0142o za\u0142o\u017cone w 2017 roku i dzia\u0142a dopiero od 5 lat, a powsta\u0142o w miejsce Hot Lotto, kt\u00f3re by\u0142o usiane wieloma skandalami. Nie b\u0119dziemy Ci\u0119 zanudza\u0107 szczeg\u00f3\u0142ami, wystarczy wiedzie\u0107, \u017ce w ci\u0105gu 5 lat dzia\u0142alno\u015bci Lotto America oby\u0142o si\u0119 bez skandali.<\/p>\n<p>Lotto America to loteria wielostanowa, co oznacza, \u017ce jest oferowana przez kilka stan\u00f3w Ameryki. Mieszka\u0144cy tych stan\u00f3w mog\u0105 bez problemu kupi\u0107 losy na Lotto America wchodz\u0105c do dowolnego sprzedawcy loterii w ca\u0142ym stanie. Ale co si\u0119 dzieje, gdy mieszkasz poza USA?<\/p>\n<p>Dla tych graczy, kt\u00f3rzy mieszkaj\u0105 poza USA i chc\u0105 wzi\u0105\u0107 udzia\u0142 w Lotto America, istnieje proste rozwi\u0105zanie. Internet umo\u017cliwi\u0142 graczom z ca\u0142ego \u015bwiata udzia\u0142 w najlepszych mi\u0119dzynarodowych loteriach poprzez obstawianie zak\u0142ad\u00f3w za po\u015brednictwem internetowego sprzedawcy loterii. Poni\u017cej podzielimy si\u0119 wskaz\u00f3wkami, jak gra\u0107 w Lotto Ameryka online.<\/p>\n<h2>Graj\u0105c w Lotto America online<\/h2>\n<p>Pierwszym krokiem do gry w Lotto America online jest zidentyfikowanie strony internetowej, kt\u00f3ra pozwoli Ci <a href=\"https:\/\/jackpotlotteryonline.com\/pl\/kupic-bilety\/lotto-america\">kupi\u0107 bilety<\/a>. Wydaje si\u0119 to nieco oczywiste, ale za chwil\u0119 przekonasz si\u0119, \u017ce nie jest to tak proste jak si\u0119 wydaje.<\/p>\n<p>Prawda jest taka, \u017ce istnieje kilka stron, kt\u00f3re twierdz\u0105, \u017ce oferuj\u0105 graczom mo\u017cliwo\u015b\u0107 wej\u015bcia do Lotto America. Jednak oferuj\u0105 one jedynie mo\u017cliwo\u015b\u0107 obstawiania wynik\u00f3w lotto. Je\u015bli kupisz bilety na tej stronie, to tak naprawd\u0119 nie wszed\u0142e\u015b do Lotto America i nawet je\u015bli dopasujesz wszystkie wylosowane numery, to nie wygrasz jackpota. Dlatego wyb\u00f3r strony, z kt\u00f3rej korzystasz jest bardzo wa\u017cny.<\/p>\n<p><strong>Kiedy ju\u017c zdecydujesz si\u0119 na stron\u0119, wykonaj poni\u017csze kroki:<\/strong><\/p>\n<ol>\n<li>Wejd\u017a na stron\u0119, z kt\u00f3rej chcesz skorzysta\u0107 i kliknij na Lotto America<\/li>\n<li>Wybierz 5 numer\u00f3w z zakresu od 1 do 52 (je\u015bli nie jeste\u015b pewien jakich numer\u00f3w u\u017cy\u0107, spr\u00f3buj automatycznego generatora numer\u00f3w)<\/li>\n<li>Nast\u0119pnie wybierz numer bonusowy (Star Ball) z zakresu od 1 do 10<\/li>\n<li>Kup dodatkowe linie numer\u00f3w, aby uzyska\u0107 wi\u0119ksz\u0105 szans\u0119 na wygran\u0105<\/li>\n<li><a href=\"https:\/\/jackpotlotteryonline.com\/pl\/zwycieskie-numery\/lotto-america\">We\u017a udzia\u0142 w losowaniach<\/a> (mo\u017cesz wzi\u0105\u0107 udzia\u0142 w wi\u0119cej ni\u017c jednym losowaniu)<\/li>\n<li>Zarejestruj si\u0119 i zap\u0142a\u0107 za swoje zg\u0142oszenia.<\/li>\n<\/ol>\n<h2>Na czym polega us\u0142uga subskrypcji?<\/h2>\n<p>Je\u015bli u\u017cywasz strony takiej jak nasza, istnieje co\u015b, co nazywamy us\u0142ug\u0105 subskrypcji, aby umo\u017cliwi\u0107 bezproblemowe i bezstresowe obstawianie. Podczas gdy bycie jednorazowym graczem jest jak najbardziej w porz\u0105dku (je\u015bli tak wolisz), wi\u0119kszo\u015b\u0107 graczy gra cz\u0119sto. Najlepszym sposobem na wygranie Lotto America jest regularne obstawianie i o to w\u0142a\u015bnie chodzi w tej us\u0142udze.<\/p>\n<p>Mo\u017cesz ustawi\u0107 go tak, aby\u015b by\u0142 automatycznie zg\u0142oszony do przysz\u0142ych losowa\u0144. Lotto America ma 3 dni losowania w ka\u017cdym tygodniu: Poniedzia\u0142ki, \u015arody i Soboty. B\u0105d\u017amy szczerzy, to mo\u017ce by\u0107 troch\u0119 m\u0119cz\u0105ce, pr\u00f3buj\u0105c pami\u0119ta\u0107 o kupowaniu bilet\u00f3w na ka\u017cde losowanie, ale w\u0142a\u015bnie dlatego tu jeste\u015bmy.<\/p>\n<p>Po skonfigurowaniu us\u0142ugi subskrypcji, mo\u017cesz si\u0119 zrelaksowa\u0107 i wiedzie\u0107, \u017ce nie b\u0119dziesz musia\u0142 przegapi\u0107 \u017cadnego losowania Lotto America.<\/p>\n<h2>O naszych us\u0142ugach concierge<\/h2>\n<p>Wspomnieli\u015bmy o niebezpiecze\u0144stwach zwi\u0105zanych z u\u017cywaniem jakiejkolwiek strony w Internecie do gry w Lotto America. Ale sk\u0105d wiesz, \u017ce wchodzisz do Lotto America, kiedy grasz na naszej stronie? C\u00f3\u017c, to proste. Oferujemy us\u0142ug\u0119, kt\u00f3ra pomo\u017ce Ci kupi\u0107 bilet w kraju, w kt\u00f3rym rozgrywana jest loteria. U\u0142atwiamy tak\u017ce dochodzenie swoich roszcze\u0144, gdy wygrasz. W zasadzie mo\u017cesz my\u015ble\u0107 o nas jak o us\u0142udze concierge dla graczy loteryjnych.<\/p>\n<p>Kiedy grasz w Lotto Ameryka na naszej stronie, oto co si\u0119 dzieje. Gdy wybierzesz swoje numery i dokonasz p\u0142atno\u015bci, nasz agent w USA kupi fizyczny los z Twoimi numerami. B\u0119dzie on dotyczy\u0142 oczywi\u015bcie wybranego przez Ciebie losowania. Bilet ten zostanie nast\u0119pnie zeskanowany i przes\u0142any na Twoje konto.<\/p>\n<p>Jest to ca\u0142kowicie legalny spos\u00f3b na gr\u0119 w Lotto America z ka\u017cdej cz\u0119\u015bci \u015bwiata. Dodatkowo, zapewnia on, \u017ce jeste\u015b naprawd\u0119 zg\u0142oszony do wybranej przez siebie loterii.<\/p>\n<h2>Sprawdzanie losowa\u0144<\/h2>\n<p><img loading=\"lazy\" decoding=\"async\" class=\"alignright size-full wp-image-30506\" src=\"http:\/\/jackpotlotteryonline.com\/wp-content\/uploads\/2022\/11\/3_screen_buy_lotto_tickets_online.jpg\" alt=\"Rysunki Lotto Ameryka\" width=\"300\" height=\"217\" \/><\/p>\n<p>Lotto America ma trzy dni losowania w tygodniu &#8211; poniedzia\u0142ek, \u015brod\u0119 i sobot\u0119. Podczas losowa\u0144 og\u0142aszany jest zwyci\u0119ski kupon. Aby wygra\u0107 jackpota, Tw\u00f3j bilet b\u0119dzie musia\u0142 pasowa\u0107 do sze\u015bciu wylosowanych numer\u00f3w. Jackpot Lotto America zaczyna si\u0119 od 2 milion\u00f3w dolar\u00f3w i mo\u017ce si\u0119 przewr\u00f3ci\u0107, je\u015bli nie ma zwyci\u0119zcy po losowaniu.<\/p>\n<p>Poniewa\u017c kumulacja przechodzi po ka\u017cdym losowaniu (je\u015bli nie ma zwyci\u0119zcy), mo\u017ce osi\u0105gn\u0105\u0107 a\u017c 18 milion\u00f3w dolar\u00f3w. To ca\u0142kiem niez\u0142a sumka do wygrania, prawda?<\/p>\n<p>Po ka\u017cdym losowaniu mo\u017cesz sprawdzi\u0107 na naszej stronie, czy wygra\u0142e\u015b nagrod\u0119. Lotto America posiada 9 r\u00f3\u017cnych kategorii nagr\u00f3d i je\u015bli wygrasz kt\u00f3r\u0105\u015b z nich, wy\u015blemy Ci e-mail z powiadomieniem.<\/p>\n<h2>Jak ubiega\u0107 si\u0119 o swoje wygrane<\/h2>\n<p>Jednym z pyta\u0144, kt\u00f3re cz\u0119sto s\u0142yszymy od graczy jest to, jak uzyska\u0107 dost\u0119p do swoich wygranych, gdy wejd\u0105 do Lotto America online. Je\u015bli kupisz bilety do Lotto America za po\u015brednictwem naszej strony, oferujemy prost\u0105 i bezproblemow\u0105 metod\u0119 na odebranie wygranych. Wygrane, kt\u00f3re wynosz\u0105 \u20ac2500 zostan\u0105 zapisane na Twoim koncie, a nast\u0119pnie mo\u017cesz je wyp\u0142aci\u0107 bez dodatkowych koszt\u00f3w.<\/p>\n<p>Je\u015bli wygrasz bardziej znacz\u0105c\u0105 sum\u0119, procedura jest nieco inna. Dostarczymy Ci formularz roszczeniowy do wype\u0142nienia, a gdy to zrobisz, rozpatrzymy roszczenie za Ciebie. Powodem tego jest to, \u017ce b\u0119dziesz musia\u0142 si\u0119 zidentyfikowa\u0107. Ponadto, niekt\u00f3re firmy loteryjne mog\u0105 wymaga\u0107 od Ciebie osobistego stawiennictwa w celu odebrania wi\u0119kszych kwot. Je\u015bli tak si\u0119 stanie, natychmiast Ci\u0119 o tym poinformujemy.<\/p>\n<h2>Kupuj z nami losy na Lotto America<\/h2>\n<p>Sp\u0119dzili\u015bmy lata wykorzystuj\u0105c nowoczesn\u0105 technologi\u0119 i wydobywaj\u0105c bogate do\u015bwiadczenie, aby zapewni\u0107 miejsce, w kt\u00f3rym gracze mog\u0105 bezpiecznie kupowa\u0107 losy. Mo\u017cesz \u0142atwo kupi\u0107 bilety na Lotto America lub na dowoln\u0105 z mi\u0119dzynarodowych loterii, kt\u00f3re mamy na naszej stronie.<\/p>\n<p>Dlaczego nie zakupisz u nas swojego biletu ju\u017c dzi\u015b wpisuj\u0105c Lotto America? My zajmiemy si\u0119 szczeg\u00f3\u0142ami, aby\u015b m\u00f3g\u0142 robi\u0107 to, co kochasz najbardziej. Odwied\u017a stron\u0119 jackpotlotteryonline.com, aby uzyska\u0107 wi\u0119cej informacji.<\/p>\n","protected":false},"excerpt":{"rendered":"<p>Chcesz dowiedzie\u0107 si\u0119 jak obstawia\u0107 Lotto America z dowolnego miejsca na \u015bwiecie? Stany Zjednoczone posiadaj\u0105 jedne z najwi\u0119kszych loterii na \u015bwiecie, jak Lotto America. Co ciekawe, jest to r\u00f3wnie\u017c lotto, kt\u00f3re cz\u0119sto jest pomijane na rzecz swoich znacznie wi\u0119kszych kuzyn\u00f3w, Powerball i Mega Millions. S\u0105 jednak do\u015bwiadczeni gracze, kt\u00f3rzy wiedz\u0105, jak niesamowity jest to jackpot, [&hellip;]<\/p>\n","protected":false},"author":1,"featured_media":0,"parent":35709,"menu_order":13,"comment_status":"closed","ping_status":"closed","template":"lotto-america.php","meta":{"_et_pb_use_builder":"","_et_pb_old_content":"","_et_gb_content_width":"","exclude_from_search":false,"footnotes":""},"class_list":["post-39323","page","type-page","status-publish","hentry"],"yoast_head":"<!-- This site is optimized with the Yoast SEO plugin v23.3 - https:\/\/yoast.com\/wordpress\/plugins\/seo\/ -->\n<title>Zagraj w Lotto America online<\/title>\n<meta name=\"robots\" content=\"index, follow, max-snippet:-1, max-image-preview:large, max-video-preview:-1\" \/>\n<link rel=\"canonical\" href=\"https:\/\/jackpotlotteryonline.com\/pl\/jak-grac\/lotto-america\/\" \/>\n<meta property=\"og:locale\" content=\"pl_PL\" \/>\n<meta property=\"og:type\" content=\"article\" \/>\n<meta property=\"og:title\" content=\"Zagraj w Lotto America online\" \/>\n<meta property=\"og:description\" content=\"Chcesz dowiedzie\u0107 si\u0119 jak obstawia\u0107 Lotto America z dowolnego miejsca na \u015bwiecie? Stany Zjednoczone posiadaj\u0105 jedne z najwi\u0119kszych loterii na \u015bwiecie, jak Lotto America. Co ciekawe, jest to r\u00f3wnie\u017c lotto, kt\u00f3re cz\u0119sto jest pomijane na rzecz swoich znacznie wi\u0119kszych kuzyn\u00f3w, Powerball i Mega Millions. S\u0105 jednak do\u015bwiadczeni gracze, kt\u00f3rzy wiedz\u0105, jak niesamowity jest to jackpot, [&hellip;]\" \/>\n<meta property=\"og:url\" content=\"https:\/\/jackpotlotteryonline.com\/pl\/jak-grac\/lotto-america\/\" \/>\n<meta property=\"og:site_name\" content=\"Lotto Online - Crack The International Lottery Jackpots\" \/>\n<meta property=\"article:modified_time\" content=\"2024-07-07T09:56:52+00:00\" \/>\n<meta property=\"og:image\" content=\"http:\/\/jackpotlotteryonline.com\/wp-content\/uploads\/2022\/11\/read1.jpg\" \/>\n<meta name=\"twitter:card\" content=\"summary_large_image\" \/>\n<meta name=\"twitter:label1\" content=\"Szacowany czas czytania\" \/>\n\t<meta name=\"twitter:data1\" content=\"6 minut\" \/>\n<!-- \/ Yoast SEO plugin. -->","yoast_head_json":{"title":"Zagraj w Lotto America online","robots":{"index":"index","follow":"follow","max-snippet":"max-snippet:-1","max-image-preview":"max-image-preview:large","max-video-preview":"max-video-preview:-1"},"canonical":"https:\/\/jackpotlotteryonline.com\/pl\/jak-grac\/lotto-america\/","og_locale":"pl_PL","og_type":"article","og_title":"Zagraj w Lotto America online","og_description":"Chcesz dowiedzie\u0107 si\u0119 jak obstawia\u0107 Lotto America z dowolnego miejsca na \u015bwiecie? Stany Zjednoczone posiadaj\u0105 jedne z najwi\u0119kszych loterii na \u015bwiecie, jak Lotto America. Co ciekawe, jest to r\u00f3wnie\u017c lotto, kt\u00f3re cz\u0119sto jest pomijane na rzecz swoich znacznie wi\u0119kszych kuzyn\u00f3w, Powerball i Mega Millions. S\u0105 jednak do\u015bwiadczeni gracze, kt\u00f3rzy wiedz\u0105, jak niesamowity jest to jackpot, [&hellip;]","og_url":"https:\/\/jackpotlotteryonline.com\/pl\/jak-grac\/lotto-america\/","og_site_name":"Lotto Online - Crack The International Lottery Jackpots","article_modified_time":"2024-07-07T09:56:52+00:00","og_image":[{"url":"http:\/\/jackpotlotteryonline.com\/wp-content\/uploads\/2022\/11\/read1.jpg"}],"twitter_card":"summary_large_image","twitter_misc":{"Szacowany czas czytania":"6 minut"},"schema":{"@context":"https:\/\/schema.org","@graph":[{"@type":"WebPage","@id":"https:\/\/jackpotlotteryonline.com\/pl\/jak-grac\/lotto-america\/","url":"https:\/\/jackpotlotteryonline.com\/pl\/jak-grac\/lotto-america\/","name":"Zagraj w Lotto America online","isPartOf":{"@id":"https:\/\/jackpotlotteryonline.com\/#website"},"primaryImageOfPage":{"@id":"https:\/\/jackpotlotteryonline.com\/pl\/jak-grac\/lotto-america\/#primaryimage"},"image":{"@id":"https:\/\/jackpotlotteryonline.com\/pl\/jak-grac\/lotto-america\/#primaryimage"},"thumbnailUrl":"http:\/\/jackpotlotteryonline.com\/wp-content\/uploads\/2022\/11\/read1.jpg","datePublished":"2022-11-23T11:04:47+00:00","dateModified":"2024-07-07T09:56:52+00:00","breadcrumb":{"@id":"https:\/\/jackpotlotteryonline.com\/pl\/jak-grac\/lotto-america\/#breadcrumb"},"inLanguage":"pl-PL","potentialAction":[{"@type":"ReadAction","target":["https:\/\/jackpotlotteryonline.com\/pl\/jak-grac\/lotto-america\/"]}]},{"@type":"ImageObject","inLanguage":"pl-PL","@id":"https:\/\/jackpotlotteryonline.com\/pl\/jak-grac\/lotto-america\/#primaryimage","url":"http:\/\/jackpotlotteryonline.com\/wp-content\/uploads\/2022\/11\/read1.jpg","contentUrl":"http:\/\/jackpotlotteryonline.com\/wp-content\/uploads\/2022\/11\/read1.jpg"},{"@type":"BreadcrumbList","@id":"https:\/\/jackpotlotteryonline.com\/pl\/jak-grac\/lotto-america\/#breadcrumb","itemListElement":[{"@type":"ListItem","position":1,"name":"Home","item":"https:\/\/jackpotlotteryonline.com\/pl\/"},{"@type":"ListItem","position":2,"name":"Jak gra\u0107","item":"https:\/\/jackpotlotteryonline.com\/pl\/jak-grac\/"},{"@type":"ListItem","position":3,"name":"Zagraj w Lotto America online"}]},{"@type":"WebSite","@id":"https:\/\/jackpotlotteryonline.com\/#website","url":"https:\/\/jackpotlotteryonline.com\/","name":"Lotto Online - Crack The International Lottery Jackpots","description":"","potentialAction":[{"@type":"SearchAction","target":{"@type":"EntryPoint","urlTemplate":"https:\/\/jackpotlotteryonline.com\/?s={search_term_string}"},"query-input":"required name=search_term_string"}],"inLanguage":"pl-PL"}]}},"_links":{"self":[{"href":"https:\/\/jackpotlotteryonline.com\/pl\/wp-json\/wp\/v2\/pages\/39323","targetHints":{"allow":["GET"]}}],"collection":[{"href":"https:\/\/jackpotlotteryonline.com\/pl\/wp-json\/wp\/v2\/pages"}],"about":[{"href":"https:\/\/jackpotlotteryonline.com\/pl\/wp-json\/wp\/v2\/types\/page"}],"author":[{"embeddable":true,"href":"https:\/\/jackpotlotteryonline.com\/pl\/wp-json\/wp\/v2\/users\/1"}],"replies":[{"embeddable":true,"href":"https:\/\/jackpotlotteryonline.com\/pl\/wp-json\/wp\/v2\/comments?post=39323"}],"version-history":[{"count":0,"href":"https:\/\/jackpotlotteryonline.com\/pl\/wp-json\/wp\/v2\/pages\/39323\/revisions"}],"up":[{"embeddable":true,"href":"https:\/\/jackpotlotteryonline.com\/pl\/wp-json\/wp\/v2\/pages\/35709"}],"wp:attachment":[{"href":"https:\/\/jackpotlotteryonline.com\/pl\/wp-json\/wp\/v2\/media?parent=39323"}],"curies":[{"name":"wp","href":"https:\/\/api.w.org\/{rel}","templated":true}]}}