{"id":39493,"date":"2022-11-24T11:50:22","date_gmt":"2022-11-24T11:50:22","guid":{"rendered":"https:\/\/jackpotlotteryonline.com\/?page_id=39493"},"modified":"2023-01-03T17:44:41","modified_gmt":"2023-01-03T17:44:41","slug":"mega-sena-2","status":"publish","type":"page","link":"https:\/\/jackpotlotteryonline.com\/pl\/jak-grac\/mega-sena-2\/","title":{"rendered":"Zagraj w loteri\u0119 Mega-Sena online"},"content":{"rendered":"<p>Czy chcesz kupi\u0107 losy na loteri\u0119 Mega-Sena z dowolnego miejsca na \u015bwiecie? Mega-Sena to najwi\u0119ksza brazylijska loteria, kt\u00f3ra dzia\u0142a ju\u017c od 1996 roku. Miliony fan\u00f3w lotto w Brazylii spiesz\u0105 si\u0119, aby kupi\u0107 bilety na Mega-Sena przed ka\u017cdym losowaniem, a teraz gracze na ca\u0142ym \u015bwiecie r\u00f3wnie\u017c mog\u0105 wzi\u0105\u0107 udzia\u0142 w szansie na wygranie milion\u00f3w Real.<\/p>\n<p>By\u0107 mo\u017ce jednym z powod\u00f3w, dla kt\u00f3rych Mega-Sena jest tak popularna jest fakt, \u017ce jest ona obs\u0142ugiwana przez bank, kt\u00f3ry jest najwi\u0119kszym rz\u0105dowym bankiem w Brazylii. Musi by\u0107 co\u015b pocieszaj\u0105cego i niezawodnego w kupowaniu los\u00f3w na loteri\u0119, kt\u00f3rej w\u0142a\u015bcicielem jest bank.<\/p>\n<p>Dla tych, kt\u00f3rzy mieszkaj\u0105 poza Brazyli\u0105, udzia\u0142 w loterii Mega-Sena nie jest ju\u017c nieosi\u0105galnym pragnieniem. Niewa\u017cne gdzie mieszkasz, mo\u017cesz uzyska\u0107 dost\u0119p do Mega-Sena, oczywi\u015bcie pod warunkiem, \u017ce jeste\u015b powy\u017cej legalnego wieku. Je\u015bli chcesz wiedzie\u0107 jak mo\u017cesz uzyska\u0107 dost\u0119p do brazylijskich los\u00f3w lotto, czytaj dalej.<\/p>\n<p>Mega-Sena nie jest jedynym lotto, w kt\u00f3re mo\u017cesz gra\u0107 z dowolnego miejsca. Odwied\u017a nas na jackpotlotteryonline.com, aby dowiedzie\u0107 si\u0119 wi\u0119cej o najlepszych mi\u0119dzynarodowych loteriach, do kt\u00f3rych mo\u017cesz uzyska\u0107 dost\u0119p.<\/p>\n<h2>Jak gra\u0107 w Mega-Sena online<\/h2>\n<p>Czy jeste\u015b w Brazylii lub kontynent daleko, mo\u017cna gra\u0107 Mega-Sena. Sposobem na to jest <a href=\"https:\/\/jackpotlotteryonline.com\/pl\/kupic-bilety\/mega-sena\">zakup los\u00f3w online<\/a> za naszym po\u015brednictwem. Dajemy u\u017cytkownikom dost\u0119p do loterii z ca\u0142ego \u015bwiata, w tym do Mega-Sena. Je\u015bli u\u017cywasz naszej strony do gry w Mega-Sena, zapewniamy prosty proces dla bezstresowego do\u015bwiadczenia.<\/p>\n<p>Pierwszym krokiem jest odwiedzenie naszej strony, a nast\u0119pnie klikni\u0119cie linku do loterii Mega-Sena. Nast\u0119pnie musisz wybra\u0107 6 liczb z zakresu od 1 do 60. Mo\u017cesz wybra\u0107 do 6 zestaw\u00f3w liczb na ka\u017cde losowanie, aby zwi\u0119kszy\u0107 swoje szanse na wygranie jackpota. Po wybraniu swoich numer\u00f3w, wybierz dni losowania i zako\u0144cz proces.<\/p>\n<p>Graj\u0105c online, koniecznie skorzystaj z serwisu, kt\u00f3ry da Ci dost\u0119p do Mega-Sena. Wiele stron obiecuje to, ale kiedy przeczytasz drobny druk, oka\u017ce si\u0119, \u017ce pozwalaj\u0105 one tylko na obstawianie wynik\u00f3w lotto. Je\u015bli kupisz losy na Mega-Sena na naszej stronie, upewnimy si\u0119, \u017ce zostaniesz wprowadzony do Mega-Sena i je\u015bli Tw\u00f3j los b\u0119dzie pasowa\u0142 do wylosowanych liczb, wtedy wygrasz.<\/p>\n<h2>Jak wygra\u0107 Mega-Sena<\/h2>\n<p><img loading=\"lazy\" decoding=\"async\" class=\"size-medium wp-image-28319 alignright\" src=\"https:\/\/jackpotlotteryonline.com\/wp-content\/uploads\/2022\/11\/1_mega_lottery_jackpot-300x207.jpg\" alt=\"wygra\u0107 Mega-Sena loterii\" width=\"300\" height=\"207\" srcset=\"https:\/\/jackpotlotteryonline.com\/wp-content\/uploads\/2022\/11\/1_mega_lottery_jackpot-300x207.jpg 300w, https:\/\/jackpotlotteryonline.com\/wp-content\/uploads\/2022\/11\/1_mega_lottery_jackpot.jpg 320w\" sizes=\"auto, (max-width: 300px) 100vw, 300px\" \/><\/p>\n<p>Spadaj\u0105ce pieni\u0105dze. Lataj\u0105ce zielone banknoty izolowane na bia\u0142ym tle, p\u0142askie konfetti got\u00f3wkowe, koncepcja wygranej na loterii. Wektor ilustracja baner zarabianie pieni\u0119dzy t\u0142o<\/p>\n<p><a href=\"https:\/\/jackpotlotteryonline.com\/pl\/zwycieskie-numery\/mega-sena\">Wygrana w Mega-Senie oznacza<\/a>, \u017ce dopasujesz wylosowane numery. Zasadniczo istnieje 6 liczb, kt\u00f3re s\u0105 losowane z mo\u017cliwych 60 liczb. Ka\u017cdy bilet, kt\u00f3ry pasuje do 6 wylosowanych numer\u00f3w wygrywa jackpot.<\/p>\n<p>Losowania Mega-Sena odbywaj\u0105 si\u0119 dwa razy w tygodniu w \u015brody i soboty. Mo\u017cesz wybra\u0107, kt\u00f3re losowanie wej\u015b\u0107, gdy kupisz swoje bilety Mega-Sena. Mo\u017cesz tak\u017ce wzi\u0105\u0107 udzia\u0142 w kilku losowaniach. To w\u0142a\u015bnie robi\u0105 najlepsi gracze, aby zapewni\u0107 sobie jak najwi\u0119cej szans na wygranie jackpota.<\/p>\n<p>Kolejn\u0105 zalet\u0105 korzystania z naszej strony jest to, \u017ce mo\u017cesz \u0142atwo ustawi\u0107 automatyczn\u0105 subskrypcj\u0119 na zakup los\u00f3w Mega-Sena. Oznacza to, \u017ce nie musisz r\u0119cznie wprowadza\u0107 ka\u017cdego losowania. \u0141atwo jest zapomnie\u0107 o takich rzeczach i pomy\u015ble\u0107 o tym, jak okropnie by\u015b si\u0119 czu\u0142, gdyby losowanie, w kt\u00f3re nie wszed\u0142e\u015b, by\u0142o tym, kt\u00f3re m\u00f3g\u0142by\u015b wygra\u0107. Ustaw to tak, aby\u015b by\u0142 automatycznie wprowadzany do ka\u017cdego losowania.<\/p>\n<h2>Jackpot Mega-Sena<\/h2>\n<p>Jackpot zaczyna si\u0119 od R$3 milion\u00f3w i je\u015bli nie ma zwyci\u0119zcy po losowaniu, ro\u015bnie. I, to mo\u017ce rosn\u0105\u0107 do\u015b\u0107 du\u017cy. Szanse na wygranie jackpota wynosz\u0105 1 na 50 milion\u00f3w, co jest naprawd\u0119 dobrym wynikiem w por\u00f3wnaniu do innych czo\u0142owych mi\u0119dzynarodowych loterii.<\/p>\n<p>Najwi\u0119kszy jackpot, jaki kto\u015b wygra\u0142 w Mega-Senie wynosi\u0142 oko\u0142o 53 miliony euro. Jest to kwota zmieniaj\u0105ca \u017cycie w ka\u017cdym standardzie. A najwy\u017cszy jackpot Mega-Sena w historii wyni\u00f3s\u0142 a\u017c 73 miliony euro.<\/p>\n<p>Mimo, \u017ce jackpot Mega-Sena nie si\u0119ga miliard\u00f3w dolar\u00f3w, to nie ma w\u0105tpliwo\u015bci, \u017ce gracz mo\u017ce wygra\u0107 du\u017ce pieni\u0105dze na tej loterii. Je\u015bli siedzia\u0142e\u015b na ogrodzeniu o tym lotto, teraz jest czas, aby skoczy\u0107 w d\u00f3\u0142 i kupi\u0107 bilet.<\/p>\n<h2>Nagrody, kt\u00f3re mo\u017cesz wygra\u0107<\/h2>\n<p>M\u00f3wili\u015bmy ju\u017c obszernie o jackpocie Mega-Sena, kt\u00f3ry jest ostateczn\u0105 nagrod\u0105, jak\u0105 ka\u017cdy gracz mo\u017ce wygra\u0107 bior\u0105c udzia\u0142 w tej grze lotto. Jednak jackpot nie jest jedyn\u0105 nagrod\u0105, kt\u00f3r\u0105 mog\u0105 wygra\u0107 fani Mega-Seny.<\/p>\n<p>Mega-Sena posiada w sumie 3 poziomy nagr\u00f3d, wliczaj\u0105c w to jackpota. Ci\u0119\u017cko jest powiedzie\u0107, ile dok\u0142adnie wynosz\u0105 te nagrody, poniewa\u017c do ka\u017cdego poziomu przypisany jest pewien procent puli nagr\u00f3d. Dowiedz si\u0119 wi\u0119cej o poziomach nagr\u00f3d.<\/p>\n<p>Jackpot &#8211; Sena: Dopasuj 6 liczb &#8211; 35% puli nagr\u00f3d<\/p>\n<p>Tier 2 &#8211; Quina: Dopasuj 5 numer\u00f3w &#8211; 19% puli nagr\u00f3d.<\/p>\n<p>Tier 3 &#8211; Quadra: Dopasuj 4 numery &#8211; 19% puli nagr\u00f3d<\/p>\n<h2>Mega da virada<\/h2>\n<p>Co to jest mega da virada? Je\u015bli kiedykolwiek zagl\u0105dali\u015bcie do gry w Mega-Sena, na pewno natkn\u0119li\u015bcie si\u0119 na mega da virada. Czy to kolejna gra, czy kategoria nagr\u00f3d? C\u00f3\u017c, nie jest to ani jedno, ani drugie. Jest to raczej cz\u0119\u015b\u0107 loterii Mega-Sena, ale jest to specjalne losowanie, kt\u00f3re odbywa si\u0119 co roku w Sylwestra.<\/p>\n<p>Mega da virada jest jednym z tych, kt\u00f3re przyci\u0105gaj\u0105 wytrawnych punter\u00f3w wsz\u0119dzie ze wzgl\u0119du na to, jak du\u017cy jest zazwyczaj jackpot. Jackpot na rok 2022 wynosi a\u017c 450 milion\u00f3w R$ i m\u00f3wi si\u0119, \u017ce jest to najwi\u0119ksza nagroda w historii Mega-Sena! Nic dziwnego, \u017ce entuzja\u015bci lotto spiesz\u0105 si\u0119, aby kupi\u0107 wpisy do tego losowania.<\/p>\n<p>Mo\u017cesz wej\u015b\u0107 do mega da virada w\u0142a\u015bnie tutaj na naszej stronie. Nie musisz przechodzi\u0107 przez obr\u0119cze i p\u0119tle tylko po to, aby wej\u015b\u0107 do mega da virada. Zdradzimy Ci sekret: mega da virada to tak naprawd\u0119 Mega-Sena, ale jest to ostatnie losowanie w tym roku. No w\u0142a\u015bnie. Wi\u0119c we\u017a udzia\u0142 w losowaniu Mega-Seny 31 grudnia, aby mie\u0107 szans\u0119 na wielk\u0105 wygran\u0105.<\/p>\n<h2>Prawda o grze w loterii Mega-Sena online<\/h2>\n<p><img loading=\"lazy\" decoding=\"async\" class=\"alignright size-medium wp-image-32000\" src=\"https:\/\/jackpotlotteryonline.com\/wp-content\/uploads\/2022\/11\/1_mega_lotto_ticket-213x300.jpg\" alt=\"Mega-Sena loterii bilet online\" width=\"213\" height=\"300\" srcset=\"https:\/\/jackpotlotteryonline.com\/wp-content\/uploads\/2022\/11\/1_mega_lotto_ticket-213x300.jpg 213w, https:\/\/jackpotlotteryonline.com\/wp-content\/uploads\/2022\/11\/1_mega_lotto_ticket.jpg 320w\" sizes=\"auto, (max-width: 213px) 100vw, 213px\" \/><\/p>\n<p>Ok, chcieliby\u015bmy po\u015bwi\u0119ci\u0107 kilka minut, aby da\u0107 Ci kilka wskaz\u00f3wek dotycz\u0105cych gry w Mega-Sena w internecie. Zanim kupisz los na Mega-Sena, musisz by\u0107 pewien, \u017ce wchodzisz na loteri\u0119. Najlepszym sposobem jest sprawdzenie, czy strona dzia\u0142a jak agent. Oznacza to, \u017ce maj\u0105 agent\u00f3w w Brazylii, kt\u00f3rzy b\u0119d\u0105 kupowa\u0107 fizyczne bilety na Mega-Sena.<\/p>\n<p>Kolejn\u0105 rzecz\u0105, kt\u00f3r\u0105 nale\u017cy zauwa\u017cy\u0107 w tej grze jest to, \u017ce jest to gra liczb. Zasadniczo, to wszystko ma do czynienia z jak szcz\u0119\u015bcie jeste\u015b. Istnieje jednak kilka sposob\u00f3w, aby pom\u00f3c szcz\u0119\u015bciu i zwi\u0119kszy\u0107 swoje szanse na wygran\u0105. Jednym z nich jest kupienie kilku wej\u015b\u0107.<\/p>\n<p>Mega-Sena ma naprawd\u0119 dobre kursy dla graczy, wi\u0119c im wi\u0119cej kupisz los\u00f3w, tym wi\u0119ksze masz szanse na wygran\u0105. To samo dotyczy wchodzenia w wiele losowa\u0144. Zawsze dobrym planem gry jest wej\u015bcie w kilka losowa\u0144.<\/p>\n<h2>Dlaczego powiniene\u015b gra\u0107 na loterii z nami<\/h2>\n<p>Istnieje kilka stron loteryjnych, kt\u00f3re oferuj\u0105 mo\u017cliwo\u015b\u0107 gry na loterii Mega-Sena. Dlaczego powiniene\u015b wybra\u0107 nas zamiast?<\/p>\n<ul>\n<li>Jeste\u015bmy stron\u0105 concierge z agentami loterii na ca\u0142ym \u015bwiecie. Kiedy kupisz bilet Mega-Sena od nas, nasi agenci w Brazylii kupi\u0105 bilet z wybranymi przez Ciebie numerami. To gwarantuje, \u017ce zostaniesz wprowadzony do losowania Mega-Sena.<\/li>\n<li>Mo\u017cesz wyp\u0142aci\u0107 swoje wygrane (do okre\u015blonej kwoty) z naszej strony. Niezale\u017cnie od tego, ile wygrasz, nie pobieramy \u017cadnej prowizji.<\/li>\n<li>Kupuj\u0105c losy na naszej stronie, nie musisz si\u0119 martwi\u0107, \u017ce przegapisz losowania. Wyniki losowa\u0144 zamieszczamy na naszej stronie, a je\u015bli wygrasz jak\u0105\u015b nagrod\u0119, wy\u015blemy Ci wiadomo\u015b\u0107 e-mail.<\/li>\n<li>U nas jeste\u015b bezpieczny. Dok\u0142adamy wszelkich stara\u0144, aby chroni\u0107 Twoje kupony, wi\u0119c nigdy nie musisz si\u0119 martwi\u0107 o ich utrat\u0119.<\/li>\n<\/ul>\n<p>Zasadniczo, zakup los\u00f3w loteryjnych od nas oznacza, \u017ce zabezpieczasz sw\u00f3j spok\u00f3j ducha. Nie chcemy, aby\u015b martwi\u0142 si\u0119 o szczeg\u00f3\u0142y, wi\u0119c pozw\u00f3l nam si\u0119 tym zaj\u0105\u0107, podczas gdy Ty skupisz si\u0119 na tym, co wa\u017cne.<\/p>\n<section class=\"layout\" style=\"border: solid 1px; width: 100%;\">\n<div class=\"img-div\" style=\"margin-top: 5px;\"><img decoding=\"async\" class=\"wp-image-17212 alignleft\" style=\"height: 45px; margin: 8px 8px 0px;\" src=\"https:\/\/jackpotlotteryonline.com\/wp-content\/uploads\/2022\/11\/read1.jpg\" alt=\"Czytaj \" width=\"\" height=\"\" \/><\/div>\n<div style=\"padding-left: 5px;\">\n<div style=\"font-size: 1.1em;\">\n<p><strong>Podatki od wygranych na loterii<\/strong><\/p>\n<p style=\"font-size: 0.85em; margin-top: -1.5em;\">Czy musz\u0119 p\u0142aci\u0107 podatki od wygranych na loterii? <a href=\"https:\/\/jackpotlotteryonline.com\/pl\/czy-musze-placic-podatki-od-wygranych-na-loterii\">wi\u0119cej<\/a><\/p>\n<\/div>\n<\/div>\n<\/section>\n<h2>Zarejestruj si\u0119 u nas, aby zagra\u0107 w Mega-Sena online<\/h2>\n<p>Czy jeste\u015b gotowy, aby wej\u015b\u0107 do gry w Mega-Sena lotto? Nie szukaj dalej, po prostu zarejestruj si\u0119 u nas, aby rozpocz\u0105\u0107 gr\u0119. Po rejestracji otrzymasz dost\u0119p do najlepszych mi\u0119dzynarodowych loterii, w tym Mega-Sena. Najlepsze jest to, \u017ce Twoje wygrane s\u0105 bezpieczne, gdy grasz z nami; mo\u017cesz wyp\u0142aci\u0107 to, co wygrasz.<\/p>\n<p>Cieszymy si\u0119, \u017ce mo\u017cemy zapewni\u0107 naszym klientom kilka mo\u017cliwo\u015bci wyboru. Po co ogranicza\u0107 si\u0119 do jednej loterii, skoro mo\u017cesz gra\u0107 w ponad dwa tuziny r\u00f3\u017cnych gier? Na naszej stronie znajdziesz najlepsze gry takie jak US Powerball, La Primitiva i Eurojackpot. Ka\u017cda gra na naszej stronie jest \u0142atwa do wej\u015bcia.<\/p>\n<p>Nadszed\u0142 czas, aby przesta\u0107 siedzie\u0107 na p\u0142ocie. Je\u015bli my\u015blisz powa\u017cnie o wielkiej wygranej, zarejestruj si\u0119, aby wej\u015b\u0107 do Mega-Sena ju\u017c dzi\u015b. Nast\u0119pne losowanie mo\u017ce by\u0107 tym szcz\u0119\u015bliwym zrywem, na kt\u00f3ry czeka\u0142e\u015b. Przejd\u017a na nasz\u0105 stron\u0119 ju\u017c teraz i wybieraj spo\u015br\u00f3d wielu r\u00f3\u017cnych loterii. Nie zapomnij zaplanowa\u0107 z wyprzedzeniem mega da virada.<\/p>\n","protected":false},"excerpt":{"rendered":"<p>Czy chcesz kupi\u0107 losy na loteri\u0119 Mega-Sena z dowolnego miejsca na \u015bwiecie? Mega-Sena to najwi\u0119ksza brazylijska loteria, kt\u00f3ra dzia\u0142a ju\u017c od 1996 roku. Miliony fan\u00f3w lotto w Brazylii spiesz\u0105 si\u0119, aby kupi\u0107 bilety na Mega-Sena przed ka\u017cdym losowaniem, a teraz gracze na ca\u0142ym \u015bwiecie r\u00f3wnie\u017c mog\u0105 wzi\u0105\u0107 udzia\u0142 w szansie na wygranie milion\u00f3w Real. By\u0107 [&hellip;]<\/p>\n","protected":false},"author":1,"featured_media":0,"parent":35709,"menu_order":15,"comment_status":"closed","ping_status":"closed","template":"megasena.php","meta":{"_et_pb_use_builder":"","_et_pb_old_content":"","_et_gb_content_width":"","exclude_from_search":false,"footnotes":""},"class_list":["post-39493","page","type-page","status-publish","hentry"],"yoast_head":"<!-- This site is optimized with the Yoast SEO plugin v23.3 - https:\/\/yoast.com\/wordpress\/plugins\/seo\/ -->\n<title>Kup bilety na Mega-Sena online<\/title>\n<meta name=\"description\" content=\"Mo\u017cesz kupi\u0107 bilety na loteri\u0119 Mega-Sena online. Dowiedz si\u0119, jak gra\u0107 i spieni\u0119\u017cy\u0107 swoje wygrane w\u0142a\u015bnie tutaj.\" \/>\n<meta name=\"robots\" content=\"index, follow, max-snippet:-1, max-image-preview:large, max-video-preview:-1\" \/>\n<link rel=\"canonical\" href=\"https:\/\/jackpotlotteryonline.com\/pl\/jak-grac\/mega-sena-2\/\" \/>\n<meta property=\"og:locale\" content=\"pl_PL\" \/>\n<meta property=\"og:type\" content=\"article\" \/>\n<meta property=\"og:title\" content=\"Kup bilety na Mega-Sena online\" \/>\n<meta property=\"og:description\" content=\"Mo\u017cesz kupi\u0107 bilety na loteri\u0119 Mega-Sena online. Dowiedz si\u0119, jak gra\u0107 i spieni\u0119\u017cy\u0107 swoje wygrane w\u0142a\u015bnie tutaj.\" \/>\n<meta property=\"og:url\" content=\"https:\/\/jackpotlotteryonline.com\/pl\/jak-grac\/mega-sena-2\/\" \/>\n<meta property=\"og:site_name\" content=\"Lotto Online - Crack The International Lottery Jackpots\" \/>\n<meta property=\"article:modified_time\" content=\"2023-01-03T17:44:41+00:00\" \/>\n<meta property=\"og:image\" content=\"https:\/\/jackpotlotteryonline.com\/wp-content\/uploads\/2022\/11\/1_mega_lottery_jackpot-300x207.jpg\" \/>\n<meta name=\"twitter:card\" content=\"summary_large_image\" \/>\n<meta name=\"twitter:label1\" content=\"Szacowany czas czytania\" \/>\n\t<meta name=\"twitter:data1\" content=\"7 minut\" \/>\n<!-- \/ Yoast SEO plugin. -->","yoast_head_json":{"title":"Kup bilety na Mega-Sena online","description":"Mo\u017cesz kupi\u0107 bilety na loteri\u0119 Mega-Sena online. Dowiedz si\u0119, jak gra\u0107 i spieni\u0119\u017cy\u0107 swoje wygrane w\u0142a\u015bnie tutaj.","robots":{"index":"index","follow":"follow","max-snippet":"max-snippet:-1","max-image-preview":"max-image-preview:large","max-video-preview":"max-video-preview:-1"},"canonical":"https:\/\/jackpotlotteryonline.com\/pl\/jak-grac\/mega-sena-2\/","og_locale":"pl_PL","og_type":"article","og_title":"Kup bilety na Mega-Sena online","og_description":"Mo\u017cesz kupi\u0107 bilety na loteri\u0119 Mega-Sena online. Dowiedz si\u0119, jak gra\u0107 i spieni\u0119\u017cy\u0107 swoje wygrane w\u0142a\u015bnie tutaj.","og_url":"https:\/\/jackpotlotteryonline.com\/pl\/jak-grac\/mega-sena-2\/","og_site_name":"Lotto Online - Crack The International Lottery Jackpots","article_modified_time":"2023-01-03T17:44:41+00:00","og_image":[{"url":"https:\/\/jackpotlotteryonline.com\/wp-content\/uploads\/2022\/11\/1_mega_lottery_jackpot-300x207.jpg"}],"twitter_card":"summary_large_image","twitter_misc":{"Szacowany czas czytania":"7 minut"},"schema":{"@context":"https:\/\/schema.org","@graph":[{"@type":"WebPage","@id":"https:\/\/jackpotlotteryonline.com\/pl\/jak-grac\/mega-sena-2\/","url":"https:\/\/jackpotlotteryonline.com\/pl\/jak-grac\/mega-sena-2\/","name":"Kup bilety na Mega-Sena online","isPartOf":{"@id":"https:\/\/jackpotlotteryonline.com\/#website"},"primaryImageOfPage":{"@id":"https:\/\/jackpotlotteryonline.com\/pl\/jak-grac\/mega-sena-2\/#primaryimage"},"image":{"@id":"https:\/\/jackpotlotteryonline.com\/pl\/jak-grac\/mega-sena-2\/#primaryimage"},"thumbnailUrl":"https:\/\/jackpotlotteryonline.com\/wp-content\/uploads\/2022\/11\/1_mega_lottery_jackpot-300x207.jpg","datePublished":"2022-11-24T11:50:22+00:00","dateModified":"2023-01-03T17:44:41+00:00","description":"Mo\u017cesz kupi\u0107 bilety na loteri\u0119 Mega-Sena online. Dowiedz si\u0119, jak gra\u0107 i spieni\u0119\u017cy\u0107 swoje wygrane w\u0142a\u015bnie tutaj.","breadcrumb":{"@id":"https:\/\/jackpotlotteryonline.com\/pl\/jak-grac\/mega-sena-2\/#breadcrumb"},"inLanguage":"pl-PL","potentialAction":[{"@type":"ReadAction","target":["https:\/\/jackpotlotteryonline.com\/pl\/jak-grac\/mega-sena-2\/"]}]},{"@type":"ImageObject","inLanguage":"pl-PL","@id":"https:\/\/jackpotlotteryonline.com\/pl\/jak-grac\/mega-sena-2\/#primaryimage","url":"https:\/\/jackpotlotteryonline.com\/wp-content\/uploads\/2022\/11\/1_mega_lottery_jackpot-300x207.jpg","contentUrl":"https:\/\/jackpotlotteryonline.com\/wp-content\/uploads\/2022\/11\/1_mega_lottery_jackpot-300x207.jpg"},{"@type":"BreadcrumbList","@id":"https:\/\/jackpotlotteryonline.com\/pl\/jak-grac\/mega-sena-2\/#breadcrumb","itemListElement":[{"@type":"ListItem","position":1,"name":"Home","item":"https:\/\/jackpotlotteryonline.com\/pl\/"},{"@type":"ListItem","position":2,"name":"Jak gra\u0107","item":"https:\/\/jackpotlotteryonline.com\/pl\/jak-grac\/"},{"@type":"ListItem","position":3,"name":"Zagraj w loteri\u0119 Mega-Sena online"}]},{"@type":"WebSite","@id":"https:\/\/jackpotlotteryonline.com\/#website","url":"https:\/\/jackpotlotteryonline.com\/","name":"Lotto Online - Crack The International Lottery Jackpots","description":"","potentialAction":[{"@type":"SearchAction","target":{"@type":"EntryPoint","urlTemplate":"https:\/\/jackpotlotteryonline.com\/?s={search_term_string}"},"query-input":"required name=search_term_string"}],"inLanguage":"pl-PL"}]}},"_links":{"self":[{"href":"https:\/\/jackpotlotteryonline.com\/pl\/wp-json\/wp\/v2\/pages\/39493","targetHints":{"allow":["GET"]}}],"collection":[{"href":"https:\/\/jackpotlotteryonline.com\/pl\/wp-json\/wp\/v2\/pages"}],"about":[{"href":"https:\/\/jackpotlotteryonline.com\/pl\/wp-json\/wp\/v2\/types\/page"}],"author":[{"embeddable":true,"href":"https:\/\/jackpotlotteryonline.com\/pl\/wp-json\/wp\/v2\/users\/1"}],"replies":[{"embeddable":true,"href":"https:\/\/jackpotlotteryonline.com\/pl\/wp-json\/wp\/v2\/comments?post=39493"}],"version-history":[{"count":0,"href":"https:\/\/jackpotlotteryonline.com\/pl\/wp-json\/wp\/v2\/pages\/39493\/revisions"}],"up":[{"embeddable":true,"href":"https:\/\/jackpotlotteryonline.com\/pl\/wp-json\/wp\/v2\/pages\/35709"}],"wp:attachment":[{"href":"https:\/\/jackpotlotteryonline.com\/pl\/wp-json\/wp\/v2\/media?parent=39493"}],"curies":[{"name":"wp","href":"https:\/\/api.w.org\/{rel}","templated":true}]}}