{"id":39553,"date":"2022-11-28T07:28:03","date_gmt":"2022-11-28T07:28:03","guid":{"rendered":"https:\/\/jackpotlotteryonline.com\/?page_id=39553"},"modified":"2023-01-03T18:04:15","modified_gmt":"2023-01-03T18:04:15","slug":"powerball-australia","status":"publish","type":"page","link":"https:\/\/jackpotlotteryonline.com\/pl\/jak-grac\/powerball-australia\/","title":{"rendered":"zagraj w Powerball Australia online"},"content":{"rendered":"<p>Jest pow\u00f3d, dla kt\u00f3rego entuzja\u015bci loterii na ca\u0142ym \u015bwiecie spiesz\u0105 si\u0119, aby zagra\u0107 w australijski Powerball. Rok 2022 by\u0142 rokiem mega jackpot\u00f3w i widzieli\u015bmy jak kilku graczy wygrywa miliony dolar\u00f3w z mi\u0119dzynarodowych loterii. W tym wszystkim Powerball AU nie by\u0142 wyj\u0105tkiem, poniewa\u017c najwi\u0119kszy jackpot w historii w wysoko\u015bci 160 milion\u00f3w A$ pad\u0142 w pa\u017adzierniku 2022 roku. Z kilkoma du\u017cymi jackpotami wygranymi przez pojedynczych posiadaczy bilet\u00f3w, powiniene\u015b rozwa\u017cy\u0107 gr\u0119 w tego Powerballa.<\/p>\n<p>Co ciekawe, ten Powerball jest ju\u017c od jakiego\u015b czasu. Pierwsze losowanie odby\u0142o si\u0119 23 maja 1996 roku, co sprawia, \u017ce ma on ju\u017c 25 lat. Prawd\u0105 jest, \u017ce w por\u00f3wnaniu do loterii takich jak hiszpa\u0144ska La Primitiva, Oz Powerball jest praktycznie niemowlakiem. (La Primitiva zosta\u0142a za\u0142o\u017cona w 1763 roku i mo\u017cna wej\u015b\u0107 na t\u0119 loteri\u0119 na stronie jackpotlotteryonline.com).<\/p>\n<p>Przez ostatnie 25 lat, Oz Powerball utrzymuje reputacj\u0119 hojnych wyp\u0142at i zagorza\u0142ych fan\u00f3w. Wcze\u015bniej dost\u0119p do niej mieli tylko gracze mieszkaj\u0105cy na tym kontynencie. Teraz gracze z ca\u0142ego \u015bwiata mog\u0105 gra\u0107 w Powerball AU online z zacisza swoich komputer\u00f3w lub urz\u0105dze\u0144 mobilnych. Czytaj dalej, aby dowiedzie\u0107 si\u0119 jak mo\u017cesz zagra\u0107 w t\u0119 loteri\u0119 online.<\/p>\n<h2>Jak gra\u0107 w Powerball Australia<\/h2>\n<p><img loading=\"lazy\" decoding=\"async\" class=\"alignright size-full wp-image-26402\" src=\"https:\/\/jackpotlotteryonline.com\/wp-content\/uploads\/2022\/11\/1_buy_online_ticket_powerball.jpg\" alt=\"Zagraj w Powerball Australia online\" width=\"300\" height=\"194\" \/><\/p>\n<p>Jedn\u0105 z niesamowitych rzeczy w tej loterii jest to, \u017ce ma ona ogromne szanse. Szanse na wygranie jackpota wynosz\u0105 1 na oko\u0142o 76 milion\u00f3w. Istnieje jednak kilka innych podzia\u0142\u00f3w i maj\u0105 one fantastyczne szanse.<\/p>\n<p>Aby zagra\u0107 w Powerball, nale\u017cy wybra\u0107 7 numer\u00f3w od 1 do 35 oraz numer Powerball od 1 do 20. To jest w sumie 8 numer\u00f3w dla ka\u017cdej linii. Zauwa\u017c, \u017ce mo\u017cesz r\u00f3wnie\u017c wprowadzi\u0107 wiele linii, aby zwi\u0119kszy\u0107 swoje szanse na wygran\u0105 na loterii. Im wi\u0119cej linii wprowadzisz, tym wi\u0119ksze s\u0105 Twoje szanse na wygran\u0105.<\/p>\n<p>Kiedy ju\u017c wybierzesz swoje liczby, nast\u0119pnym krokiem jest wej\u015bcie do losowa\u0144. Ta loteria ma tylko jeden dzie\u0144 losowania i jest to ka\u017cdy czwartkowy wiecz\u00f3r. Jak mo\u017cna sobie wyobrazi\u0107, czwartkowe noce s\u0105 pe\u0142ne emocji dla graczy z ca\u0142ego kontynentu. Ty tak\u017ce mo\u017cesz przy\u0142\u0105czy\u0107 si\u0119 do tych emocji graj\u0105c w Powerball.<\/p>\n<h2>Dlaczego Powerball Australia?<\/h2>\n<p>To jest naprawd\u0119 dobre pytanie. Dzi\u0119ki Internetowi, mi\u0142o\u015bnicy loterii na ca\u0142ym \u015bwiecie maj\u0105 du\u017cy wyb\u00f3r loterii, w kt\u00f3rych mog\u0105 wzi\u0105\u0107 udzia\u0142. Dlaczego warto rozwa\u017cy\u0107 gr\u0119 w Oz Powerball? Zasadniczo, z tej loterii, masz szans\u0119 na wygranie milion\u00f3w bez stawienia czo\u0142a niesamowicie wysokim szansom.<\/p>\n<p>Problemem wielu innych, bardziej popularnych loterii w innych cz\u0119\u015bciach \u015bwiata s\u0105 w\u0142a\u015bnie wysokie szanse. We\u017amy na przyk\u0142ad ameryka\u0144ski Powerball, szanse na wygran\u0105 w tej loterii wynosz\u0105 1 na ponad 200 milion\u00f3w. W por\u00f3wnaniu z szans\u0105 1 na 76 milion\u00f3w w przypadku Oz Powerball, \u0142atwo jest zrozumie\u0107, dlaczego wielu graczy sk\u0142ania si\u0119 ku tej loterii.<\/p>\n<section class=\"layout\" style=\"border: solid 1px; width: 100%;\">\n<div class=\"img-div\" style=\"margin-top: 5px;\"><img decoding=\"async\" class=\"wp-image-17212 alignleft\" style=\"height: 45px; margin: 8px 8px 0px;\" src=\"https:\/\/jackpotlotteryonline.com\/wp-content\/uploads\/2022\/11\/read1.jpg\" alt=\"Czytaj \" width=\"\" height=\"\" \/><\/div>\n<div style=\"padding-left: 5px;\">\n<div style=\"font-size: 1.1em;\">\n<p><strong>Oszustwa loteryjne, kt\u00f3rych powiniene\u015b by\u0107 \u015bwiadomy<\/strong><\/p>\n<p style=\"font-size: 0.85em; margin-top: -1.5em;\">Nie daj si\u0119 nabra\u0107 na te loteryjne pu\u0142apki\u00a0 <a href=\"https:\/\/jackpotlotteryonline.com\/pl\/uwazaj-na-oszustwa-loterii-online\">wi\u0119cej<\/a><\/p>\n<\/div>\n<\/div>\n<\/section>\n<h2>Powerball Australia vs Powerball USA: czym si\u0119 r\u00f3\u017cni\u0105?<\/h2>\n<p>Czy istnieje jaka\u015b r\u00f3\u017cnica mi\u0119dzy Powerball Oz a Powerball USA? Pierwsz\u0105 i najbardziej oczywist\u0105 r\u00f3\u017cnic\u0105 jest wielko\u015b\u0107 jackpot\u00f3w. Na \u015bwiecie jest bardzo ma\u0142o jackpot\u00f3w, kt\u00f3re dor\u00f3wnuj\u0105 wielko\u015bci\u0105 ameryka\u0144skiemu Powerball. Niedawno przekroczy\u0142 on granic\u0119 2 miliard\u00f3w dolar\u00f3w. Je\u015bli grasz w Oz Powerball, nie osi\u0105gniesz nic zbli\u017conego do tej kwoty.<\/p>\n<p>Ponownie, wersja ameryka\u0144ska jest z zakresu od 1 do 69. Oznacza to, \u017ce 5 kul jest losowanych z beczki z 69 kulami. W wersji OZ 7 liczb jest losowanych z beczki zawieraj\u0105cej tylko 35 kul. R\u00f3wnie\u017c Powerball w USA jest losowany z beczki z 26 kulami, podczas gdy w Australii jest to 20 kul.<\/p>\n<p>Je\u015bli chcesz wygra\u0107 miliony, nie maj\u0105c do czynienia z wysokimi szansami, to powiniene\u015b zagra\u0107 w Australijski Powerball.<\/p>\n<h2>Gra online<\/h2>\n<p>Wi\u0119c teraz, gdy wiesz, \u017ce mo\u017cesz gra\u0107 w Oz Powerball z dowolnego miejsca, oto jak to zrobi\u0107.<\/p>\n<ul>\n<li>Pierwszym krokiem jest odwiedzenie strony sprzedawcy loterii, takiej jak jackpotlotteryonline.com i przej\u015bcie na stron\u0119 Australijskiego Powerball.<\/li>\n<li>Nast\u0119pnie wybierz swoje numery (mo\u017cesz u\u017cy\u0107 auto generatora numer\u00f3w, aby losowo wybra\u0107 numery).<\/li>\n<li><a href=\"https:\/\/jackpotlotteryonline.com\/pl\/zwycieskie-numery\/powerball-australia\">Wejd\u017a do losowania<\/a> i zako\u0144cz proces<\/li>\n<li>Wygranie jackpota<\/li>\n<\/ul>\n<p>Losowanie odbywa si\u0119 raz w tygodniu w czwartki. Tak wi\u0119c, po wej\u015bciu do losowania, kolejnym krokiem jest oczekiwanie na wyniki. Ka\u017cdy kupon, kt\u00f3ry pasuje do 8 wylosowanych liczb, wygrywa jackpota.<\/p>\n<p>Istniej\u0105 inne nagrody za dopasowanie r\u00f3\u017cnych liczb, w tym nagroda za dopasowanie tylko 2 liczb i liczby bonusowej.<\/p>\n<h2>Nagrody, kt\u00f3re mo\u017cesz wygra\u0107<\/h2>\n<p><img loading=\"lazy\" decoding=\"async\" class=\"alignright size-medium wp-image-19277\" src=\"https:\/\/jackpotlotteryonline.com\/wp-content\/uploads\/2022\/10\/2_ticket_powerball_au2-163x300.jpg\" alt=\"Mlottery bilet skanowania\" width=\"163\" height=\"300\" srcset=\"https:\/\/jackpotlotteryonline.com\/wp-content\/uploads\/2022\/10\/2_ticket_powerball_au2-163x300.jpg 163w, https:\/\/jackpotlotteryonline.com\/wp-content\/uploads\/2022\/10\/2_ticket_powerball_au2.jpg 250w\" sizes=\"auto, (max-width: 163px) 100vw, 163px\" \/><\/p>\n<p>Kiedy grasz w loterii, jest w sumie 9 podzia\u0142\u00f3w nagr\u00f3d.<\/p>\n<p>Podzia\u0142 1: 7 numer\u00f3w + numer bonusowy &#8211; jackpot (\u015brednio AU$8 milion\u00f3w)<\/p>\n<p>Podzia\u0142 2: tylko 7 numer\u00f3w<\/p>\n<p>Podzia\u0142 3: 6 numer\u00f3w + numer bonusowy<\/p>\n<p>Dywizja 4: tylko 6 liczb<\/p>\n<p>Rejon 5: 5 numer\u00f3w + numer bonusowy<\/p>\n<p>Dzia\u0142 6: Tylko 5 liczb<\/p>\n<p>Rejon 7: 4 numery + numer bonusowy<\/p>\n<p>Rejon 8: 3 numery + numer bonusowy<\/p>\n<p>Dywizja 9: 2 numery + numer bonusowy<\/p>\n<p>Nagrody przydzielane do ka\u017cdej dywizji s\u0105 procentem puli nagr\u00f3d. Im wy\u017csza pula nagr\u00f3d, tym wi\u0119cej pieni\u0119dzy trafia do ka\u017cdej dywizji. Nagrody w dywizji 2 by\u0142y tak wysokie jak AU$800,000.<\/p>\n<h2>Kupi\u0107 bilety na loteri\u0119 online<\/h2>\n<p>Je\u015bli jeste\u015b fanem loterii, mo\u017cesz teraz gra\u0107 na loterii online poprzez nasz\u0105 stron\u0119. U\u0142atwiamy ten proces naszym klientom, zapewniaj\u0105c wszystko, czego potrzebujesz w jednym miejscu. Mo\u017cesz wi\u0119c kupi\u0107 losy, sprawdzi\u0107 wyniki, a je\u015bli wygrasz, wyp\u0142aci\u0107 swoje wygrane bezpo\u015brednio z naszej strony.<\/p>\n<p>Mamy kilka opcji, kt\u00f3rych mo\u017cesz u\u017cy\u0107, aby <a href=\"https:\/\/jackpotlotteryonline.com\/pl\/kupic-bilety\/powerball-australia\">zap\u0142aci\u0107 za swoje bilety loteryjne<\/a>. Mo\u017cesz r\u00f3wnie\u017c ustawi\u0107 swoje konto tak, aby\u015b by\u0142 automatycznie zg\u0142oszony do kilku losowa\u0144 z wyprzedzeniem. Nasi klienci ciesz\u0105 si\u0119 luksusem, \u017ce nie musz\u0105 sprawdza\u0107 wynik\u00f3w losowania, poniewa\u017c damy Ci zna\u0107, je\u015bli co\u015b wygrasz.<\/p>\n<p>Wreszcie, kiedy kupujesz z nami kupon, masz pewno\u015b\u0107, \u017ce grasz na wybranej przez siebie loterii. To dlatego, \u017ce mamy agent\u00f3w w r\u00f3\u017cnych krajach, kt\u00f3rzy kupi\u0105 fizyczny bilet z odpowiednimi numerami. W ten spos\u00f3b nie musisz by\u0107 fizycznie w danym kraju, aby gra\u0107 na loterii. Id\u017a do przodu i zagraj w Powerball Australia ju\u017c teraz.<\/p>\n","protected":false},"excerpt":{"rendered":"<p>Jest pow\u00f3d, dla kt\u00f3rego entuzja\u015bci loterii na ca\u0142ym \u015bwiecie spiesz\u0105 si\u0119, aby zagra\u0107 w australijski Powerball. Rok 2022 by\u0142 rokiem mega jackpot\u00f3w i widzieli\u015bmy jak kilku graczy wygrywa miliony dolar\u00f3w z mi\u0119dzynarodowych loterii. W tym wszystkim Powerball AU nie by\u0142 wyj\u0105tkiem, poniewa\u017c najwi\u0119kszy jackpot w historii w wysoko\u015bci 160 milion\u00f3w A$ pad\u0142 w pa\u017adzierniku 2022 [&hellip;]<\/p>\n","protected":false},"author":1,"featured_media":0,"parent":35709,"menu_order":17,"comment_status":"closed","ping_status":"closed","template":"powerball-au.php","meta":{"_et_pb_use_builder":"","_et_pb_old_content":"","_et_gb_content_width":"","exclude_from_search":false,"footnotes":""},"class_list":["post-39553","page","type-page","status-publish","hentry"],"yoast_head":"<!-- This site is optimized with the Yoast SEO plugin v23.3 - https:\/\/yoast.com\/wordpress\/plugins\/seo\/ -->\n<title>Zagraj w Powerball Australia spoza Australii<\/title>\n<meta name=\"description\" content=\"Nie musisz mieszka\u0107 w Australii, aby zagra\u0107 w Powerball Australia. Dowiedz si\u0119, jak gra\u0107 online.\" \/>\n<meta name=\"robots\" content=\"index, follow, max-snippet:-1, max-image-preview:large, max-video-preview:-1\" \/>\n<link rel=\"canonical\" href=\"https:\/\/jackpotlotteryonline.com\/pl\/jak-grac\/powerball-australia\/\" \/>\n<meta property=\"og:locale\" content=\"pl_PL\" \/>\n<meta property=\"og:type\" content=\"article\" \/>\n<meta property=\"og:title\" content=\"Zagraj w Powerball Australia spoza Australii\" \/>\n<meta property=\"og:description\" content=\"Nie musisz mieszka\u0107 w Australii, aby zagra\u0107 w Powerball Australia. Dowiedz si\u0119, jak gra\u0107 online.\" \/>\n<meta property=\"og:url\" content=\"https:\/\/jackpotlotteryonline.com\/pl\/jak-grac\/powerball-australia\/\" \/>\n<meta property=\"og:site_name\" content=\"Lotto Online - Crack The International Lottery Jackpots\" \/>\n<meta property=\"article:modified_time\" content=\"2023-01-03T18:04:15+00:00\" \/>\n<meta property=\"og:image\" content=\"https:\/\/jackpotlotteryonline.com\/wp-content\/uploads\/2022\/11\/1_buy_online_ticket_powerball.jpg\" \/>\n<meta name=\"twitter:card\" content=\"summary_large_image\" \/>\n<meta name=\"twitter:label1\" content=\"Szacowany czas czytania\" \/>\n\t<meta name=\"twitter:data1\" content=\"5 minut\" \/>\n<!-- \/ Yoast SEO plugin. -->","yoast_head_json":{"title":"Zagraj w Powerball Australia spoza Australii","description":"Nie musisz mieszka\u0107 w Australii, aby zagra\u0107 w Powerball Australia. Dowiedz si\u0119, jak gra\u0107 online.","robots":{"index":"index","follow":"follow","max-snippet":"max-snippet:-1","max-image-preview":"max-image-preview:large","max-video-preview":"max-video-preview:-1"},"canonical":"https:\/\/jackpotlotteryonline.com\/pl\/jak-grac\/powerball-australia\/","og_locale":"pl_PL","og_type":"article","og_title":"Zagraj w Powerball Australia spoza Australii","og_description":"Nie musisz mieszka\u0107 w Australii, aby zagra\u0107 w Powerball Australia. Dowiedz si\u0119, jak gra\u0107 online.","og_url":"https:\/\/jackpotlotteryonline.com\/pl\/jak-grac\/powerball-australia\/","og_site_name":"Lotto Online - Crack The International Lottery Jackpots","article_modified_time":"2023-01-03T18:04:15+00:00","og_image":[{"url":"https:\/\/jackpotlotteryonline.com\/wp-content\/uploads\/2022\/11\/1_buy_online_ticket_powerball.jpg"}],"twitter_card":"summary_large_image","twitter_misc":{"Szacowany czas czytania":"5 minut"},"schema":{"@context":"https:\/\/schema.org","@graph":[{"@type":"WebPage","@id":"https:\/\/jackpotlotteryonline.com\/pl\/jak-grac\/powerball-australia\/","url":"https:\/\/jackpotlotteryonline.com\/pl\/jak-grac\/powerball-australia\/","name":"Zagraj w Powerball Australia spoza Australii","isPartOf":{"@id":"https:\/\/jackpotlotteryonline.com\/#website"},"primaryImageOfPage":{"@id":"https:\/\/jackpotlotteryonline.com\/pl\/jak-grac\/powerball-australia\/#primaryimage"},"image":{"@id":"https:\/\/jackpotlotteryonline.com\/pl\/jak-grac\/powerball-australia\/#primaryimage"},"thumbnailUrl":"https:\/\/jackpotlotteryonline.com\/wp-content\/uploads\/2022\/11\/1_buy_online_ticket_powerball.jpg","datePublished":"2022-11-28T07:28:03+00:00","dateModified":"2023-01-03T18:04:15+00:00","description":"Nie musisz mieszka\u0107 w Australii, aby zagra\u0107 w Powerball Australia. Dowiedz si\u0119, jak gra\u0107 online.","breadcrumb":{"@id":"https:\/\/jackpotlotteryonline.com\/pl\/jak-grac\/powerball-australia\/#breadcrumb"},"inLanguage":"pl-PL","potentialAction":[{"@type":"ReadAction","target":["https:\/\/jackpotlotteryonline.com\/pl\/jak-grac\/powerball-australia\/"]}]},{"@type":"ImageObject","inLanguage":"pl-PL","@id":"https:\/\/jackpotlotteryonline.com\/pl\/jak-grac\/powerball-australia\/#primaryimage","url":"https:\/\/jackpotlotteryonline.com\/wp-content\/uploads\/2022\/11\/1_buy_online_ticket_powerball.jpg","contentUrl":"https:\/\/jackpotlotteryonline.com\/wp-content\/uploads\/2022\/11\/1_buy_online_ticket_powerball.jpg"},{"@type":"BreadcrumbList","@id":"https:\/\/jackpotlotteryonline.com\/pl\/jak-grac\/powerball-australia\/#breadcrumb","itemListElement":[{"@type":"ListItem","position":1,"name":"Home","item":"https:\/\/jackpotlotteryonline.com\/pl\/"},{"@type":"ListItem","position":2,"name":"Jak gra\u0107","item":"https:\/\/jackpotlotteryonline.com\/pl\/jak-grac\/"},{"@type":"ListItem","position":3,"name":"zagraj w Powerball Australia online"}]},{"@type":"WebSite","@id":"https:\/\/jackpotlotteryonline.com\/#website","url":"https:\/\/jackpotlotteryonline.com\/","name":"Lotto Online - Crack The International Lottery Jackpots","description":"","potentialAction":[{"@type":"SearchAction","target":{"@type":"EntryPoint","urlTemplate":"https:\/\/jackpotlotteryonline.com\/?s={search_term_string}"},"query-input":"required name=search_term_string"}],"inLanguage":"pl-PL"}]}},"_links":{"self":[{"href":"https:\/\/jackpotlotteryonline.com\/pl\/wp-json\/wp\/v2\/pages\/39553","targetHints":{"allow":["GET"]}}],"collection":[{"href":"https:\/\/jackpotlotteryonline.com\/pl\/wp-json\/wp\/v2\/pages"}],"about":[{"href":"https:\/\/jackpotlotteryonline.com\/pl\/wp-json\/wp\/v2\/types\/page"}],"author":[{"embeddable":true,"href":"https:\/\/jackpotlotteryonline.com\/pl\/wp-json\/wp\/v2\/users\/1"}],"replies":[{"embeddable":true,"href":"https:\/\/jackpotlotteryonline.com\/pl\/wp-json\/wp\/v2\/comments?post=39553"}],"version-history":[{"count":0,"href":"https:\/\/jackpotlotteryonline.com\/pl\/wp-json\/wp\/v2\/pages\/39553\/revisions"}],"up":[{"embeddable":true,"href":"https:\/\/jackpotlotteryonline.com\/pl\/wp-json\/wp\/v2\/pages\/35709"}],"wp:attachment":[{"href":"https:\/\/jackpotlotteryonline.com\/pl\/wp-json\/wp\/v2\/media?parent=39553"}],"curies":[{"name":"wp","href":"https:\/\/api.w.org\/{rel}","templated":true}]}}