{"id":39608,"date":"2022-11-28T09:28:10","date_gmt":"2022-11-28T09:28:10","guid":{"rendered":"https:\/\/jackpotlotteryonline.com\/?page_id=39608"},"modified":"2023-01-03T18:28:57","modified_gmt":"2023-01-03T18:28:57","slug":"saturday-lotto","status":"publish","type":"page","link":"https:\/\/jackpotlotteryonline.com\/pl\/jak-grac\/saturday-lotto\/","title":{"rendered":"zagraj w Sobotnie Lotto online"},"content":{"rendered":"<p>Sobotnie Lotto to jedna z popularnych australijskich loterii, na kt\u00f3r\u0105 z niecierpliwo\u015bci\u0105 czekaj\u0105 gracze w ca\u0142ym kraju. Jednym z powod\u00f3w jest fakt, \u017ce ma ona w swojej historii wielu milioner\u00f3w. Jackpot mo\u017ce osi\u0105gn\u0105\u0107 nawet 10 milion\u00f3w AU$, co jest niesamowit\u0105 nagrod\u0105, gdy si\u0119 o tym pomy\u015bli. Do tej pory trzeba by\u0142o by\u0107 mieszka\u0144cem Australii, aby m\u00f3c gra\u0107 w t\u0119 loteri\u0119 z tego prostego powodu, \u017ce losy by\u0142y dost\u0119pne tylko w tym kraju. Dzi\u0119ki internetowi to wszystko si\u0119 zmieni\u0142o, gdy\u017c gracze z ca\u0142ego \u015bwiata mog\u0105 teraz gra\u0107 w t\u0119 loteri\u0119 z dowolnego miejsca.<\/p>\n<p>Tak wi\u0119c, je\u015bli chcesz gra\u0107 w sobotnie lotto, wszystko co musisz zrobi\u0107, to odwiedzi\u0107 stron\u0119 jackpotlotteryonline.com, aby <a href=\"https:\/\/jackpotlotteryonline.com\/pl\/kupic-bilety\/saturday-lotto\">kupi\u0107 bilet na loteri\u0119.<\/a> Co ciekawe, mo\u017cesz tam r\u00f3wnie\u017c zdoby\u0107 bilety na wszystkie najlepsze mi\u0119dzynarodowe loterie.<\/p>\n<h2>Pochodzenie Saturday Lotto<\/h2>\n<p><img loading=\"lazy\" decoding=\"async\" class=\"alignright size-medium wp-image-28103\" src=\"https:\/\/jackpotlotteryonline.com\/wp-content\/uploads\/2022\/11\/1_lotto_jackpot_online-257x300.jpg\" alt=\"Sobota lotto jackpot\" width=\"257\" height=\"300\" srcset=\"https:\/\/jackpotlotteryonline.com\/wp-content\/uploads\/2022\/11\/1_lotto_jackpot_online-257x300.jpg 257w, https:\/\/jackpotlotteryonline.com\/wp-content\/uploads\/2022\/11\/1_lotto_jackpot_online.jpg 321w\" sizes=\"auto, (max-width: 257px) 100vw, 257px\" \/><\/p>\n<p>Pierwsze losowanie odby\u0142o si\u0119 24 czerwca 1972 roku i by\u0142o pierwszym lotto tego typu w Australii. Jest to r\u00f3wnie\u017c najd\u0142u\u017cej dzia\u0142aj\u0105ce lotto w Australii. Znane jest pod r\u00f3\u017cnymi nazwami dla graczy w r\u00f3\u017cnych cz\u0119\u015bciach Australii: Tattslotto, Gold lotto, X lotto lub po prostu lotto.<\/p>\n<p>Minimalna gwarantowana kwota wygranej podczas gry to 5 milion\u00f3w AU$ i przechodzi ona na nast\u0119pny tydzie\u0144, je\u015bli nie ma zwyci\u0119zcy. Niesamowit\u0105 rzecz\u0105 w tym lotto jest to, \u017ce gracze maj\u0105 naprawd\u0119 du\u017ce prawdopodobie\u0144stwo wygrania jackpota. Szanse s\u0105 tak niskie, \u017ce jackpot rzadko si\u0119 przewraca, poniewa\u017c zazwyczaj zawsze jest zwyci\u0119zca.<\/p>\n<p>Sobotnie lotto organizuje tak\u017ce raz w roku mega losowanie, kt\u00f3re odbywa si\u0119 po Bo\u017cym Narodzeniu. Jackpot dla mega losowania jest do\u015b\u0107 du\u017cy i zosta\u0142 zwi\u0119kszony do AU$ 30 milion\u00f3w. Mega losowanie zazwyczaj daje wielu zwyci\u0119zc\u00f3w.<\/p>\n<h2>Jak gra\u0107 w Saturday Lotto online<\/h2>\n<p>Aby zagra\u0107 w Sobotnie Lotto, wystarczy odwiedzi\u0107 stron\u0119 jackpotlotteryonline.com i przej\u015b\u0107 na stron\u0119 Lotto. Wybierz sze\u015b\u0107 numer\u00f3w z przedzia\u0142u od 1 do 45. Zawsze mo\u017cesz wybra\u0107 swoje numery r\u0119cznie lub skorzysta\u0107 z naszego automatycznego systemu generuj\u0105cego losowe liczby.<\/p>\n<p><a href=\"https:\/\/jackpotlotteryonline.com\/pl\/zwycieskie-numery\/saturday-lotto\">Nast\u0119pnie, wprowad\u017a losowania<\/a>. Tak naprawd\u0119 jest tylko jedno losowanie w tygodniu i to w sobot\u0119. St\u0105d nazwa: Sobotnie Lotto. Mo\u017cesz jednak zdecydowa\u0107 si\u0119 na wej\u015bcie do 10 kolejnych losowa\u0144. Je\u015bli wybierzesz t\u0119 opcj\u0119, zostaniesz automatycznie zg\u0142oszony do ka\u017cdego losowania przez kolejne 10 tygodni.<\/p>\n<p>Kiedy ju\u017c to wszystko zrobisz, nast\u0119pnym krokiem jest dokonanie p\u0142atno\u015bci. Poprosimy Ci\u0119 o zarejestrowanie si\u0119 u nas, aby\u015bmy mogli bezpiecznie przechowywa\u0107 Tw\u00f3j los podczas gry. Poinformujemy Ci\u0119 r\u00f3wnie\u017c, je\u015bli co\u015b wygrasz i wtedy b\u0119dziesz m\u00f3g\u0142 wyp\u0142aci\u0107 swoj\u0105 wygran\u0105 z naszej platformy.<\/p>\n<section class=\"layout\" style=\"border: solid 1px; width: 100%;\">\n<div class=\"img-div\" style=\"margin-top: 5px;\"><img decoding=\"async\" class=\"wp-image-17212 alignleft\" style=\"height: 45px; margin: 8px 8px 0px;\" src=\"https:\/\/jackpotlotteryonline.com\/wp-content\/uploads\/2022\/11\/read1.jpg\" alt=\"czytaj\" width=\"\" height=\"\" \/><\/div>\n<div style=\"padding-left: 5px;\">\n<div style=\"font-size: 1.1em;\">\n<p><strong>Kilka sztuczek i wskaz\u00f3wek dotycz\u0105cych wyboru liczb<\/strong><\/p>\n<p style=\"font-size: 0.85em; margin-top: -1.5em;\">Zwi\u0119ksz swoje szanse na wygran\u0105 &#8211; u\u017cyj strategii, aby wybra\u0107 swoje numery <a href=\"https:\/\/jackpotlotteryonline.com\/pl\/a-few-tricks-and-tips-for-choosing-your-numbers\">wi\u0119cej<\/a><\/p>\n<\/div>\n<\/div>\n<\/section>\n<h2>Zalety<\/h2>\n<p>Dla tych, kt\u00f3rzy s\u0105 przyzwyczajeni do kupowania fizycznych kupon\u00f3w loteryjnych i fanfar, kt\u00f3re pochodz\u0105 z wygranej, mo\u017ce by\u0107 trudno dostrzec zalety gry w Internecie. Jednak podzielimy si\u0119 tutaj kilkoma z nich.<\/p>\n<p>Gra w sobotnie Lotto online jest wygodna. Nie musisz wychodzi\u0107 z miejsca, w kt\u00f3rym si\u0119 znajdujesz, poniewa\u017c mo\u017cesz bez problemu gra\u0107 na swoim komputerze lub urz\u0105dzeniu mobilnym. Ponadto, oznacza to, \u017ce masz teraz dost\u0119p do szerszej gamy loterii z ca\u0142ego \u015bwiata.<\/p>\n<p>Kupowanie los\u00f3w nie jest jedyn\u0105 zalet\u0105, gdy grasz na loterii. By\u0107 mo\u017ce najwa\u017cniejsz\u0105 zalet\u0105 jest to, \u017ce mo\u017cesz \u0142atwo wyp\u0142aci\u0107 swoje wygrane. Jest to proste i cz\u0119sto nie musisz przechodzi\u0107 przez \u017cadn\u0105 skomplikowan\u0105 procedur\u0119, aby otrzyma\u0107 swoj\u0105 wygran\u0105.<\/p>\n<h2>Wygrana w sobotnim lotto<\/h2>\n<p>Aby wygra\u0107 w lotto, trzeba dopasowa\u0107 wszystkie sze\u015b\u0107 wylosowanych liczb. Ka\u017cdy bilet, kt\u00f3ry pasuje do wszystkich sze\u015bciu wylosowanych numer\u00f3w wygrywa jackpot. Istniej\u0105 r\u00f3wnie\u017c inne nagrody, kt\u00f3re mo\u017cna wygra\u0107 i o kt\u00f3rych wspomnimy p\u00f3\u017aniej. Ale nale\u017cy pami\u0119ta\u0107, \u017ce mo\u017cna wygra\u0107 nagrod\u0119 przez dopasowanie 3 wylosowanych numer\u00f3w.<\/p>\n<p>Je\u015bli wygrasz w loterii, mo\u017cesz wyp\u0142aci\u0107 swoj\u0105 wygran\u0105 z naszej platformy prosto na swoje konto.<\/p>\n<p>Pami\u0119taj, \u017ce je\u015bli Twoja wygrana jest wy\u017csza ni\u017c 2500, b\u0119dziesz musia\u0142 ubiega\u0107 si\u0119 o ni\u0105 bezpo\u015brednio od firmy loteryjnej. Nie martw si\u0119 jednak, pomo\u017cemy Ci w tym, daj\u0105c Ci formularz roszczenia do wype\u0142nienia.<\/p>\n<h2>Liczby uzupe\u0142niaj\u0105ce<\/h2>\n<p><img loading=\"lazy\" decoding=\"async\" class=\"alignright size-medium wp-image-29183\" src=\"https:\/\/jackpotlotteryonline.com\/wp-content\/uploads\/2022\/11\/1_play_lotto-online-300x199.jpg\" alt=\"Zagraj w sobotnie lotto online\" width=\"300\" height=\"199\" srcset=\"https:\/\/jackpotlotteryonline.com\/wp-content\/uploads\/2022\/11\/1_play_lotto-online-300x199.jpg 300w, https:\/\/jackpotlotteryonline.com\/wp-content\/uploads\/2022\/11\/1_play_lotto-online.jpg 350w\" sizes=\"auto, (max-width: 300px) 100vw, 300px\" \/><\/p>\n<p>Je\u015bli sprawdzisz podzia\u0142y nagr\u00f3d, mo\u017cesz zauwa\u017cy\u0107, \u017ce niekt\u00f3re podzia\u0142y wykorzystuj\u0105 dodatkowe numery. Nie s\u0105 to numery, kt\u00f3re wybierasz i nie maj\u0105 nic wsp\u00f3lnego z wygran\u0105 w jackpota. S\u0105 to po prostu losowo wygenerowane liczby, kt\u00f3re s\u0105 wybierane podczas ka\u017cdego losowania i s\u0105 u\u017cywane do okre\u015blenia dywizji 2 i 5.<\/p>\n<h2>Nagrody<\/h2>\n<p>Lotto ma sze\u015b\u0107 r\u00f3\u017cnych podzia\u0142\u00f3w nagr\u00f3d i tylko poprzez dopasowanie 3 g\u0142\u00f3wnych numer\u00f3w, mo\u017cesz wygra\u0107 nagrod\u0119. Oczywi\u015bcie, im wi\u0119cej numer\u00f3w mo\u017cna dopasowa\u0107, tym wy\u017csza jest nagroda. Nagroda w Dywizji 1 to jackpot i musisz dopasowa\u0107 wszystkie 6 numer\u00f3w, aby by\u0107 uprawnionym do tej nagrody.<\/p>\n<p>Cz\u0119sto gracze skupiaj\u0105 si\u0119 na wygranej w Dziale 1, czyli na jackpocie, pomijaj\u0105c inne dzia\u0142y nagr\u00f3d. Ale jest mo\u017cliwe, aby wygra\u0107 dobr\u0105 kwot\u0119 z tych innych dzia\u0142\u00f3w, jak r\u00f3wnie\u017c. Poni\u017cej przedstawiamy podzia\u0142y nagr\u00f3d w Sobotnim Lotto oraz szanse na wygran\u0105 w ka\u017cdym z nich.<\/p>\n<p>Dzia\u0142 1: 6 g\u0142\u00f3wnych liczb &#8211; jackpot (1 na 8 145 060)<\/p>\n<p>Podzia\u0142 2: 5 g\u0142\u00f3wnych numer\u00f3w + 1 lub 2 numery dodatkowe (1 na 678 755)<\/p>\n<p>Rejon 3: 5 liczb g\u0142\u00f3wnych (1 na 36 689)<\/p>\n<p>Rejon 4: 4 numery g\u0142\u00f3wne (1 na 733)<\/p>\n<p>Rejon 5: 3 numery g\u0142\u00f3wne + 1 lub 2 numery dodatkowe (1 na 297)<\/p>\n<p>Dywizja 6: 3 g\u0142\u00f3wne numery (1 na 53)<\/p>\n<h2>Zarejestruj si\u0119 teraz, aby gra\u0107 w sobot\u0119 lotto<\/h2>\n<p>Je\u015bli jeste\u015b gotowy do gry w lotto, mo\u017cesz kupi\u0107 swoje bilety lotto w\u0142a\u015bnie tutaj na naszej stronie. Po wej\u015bciu do losowania, otrzymasz szans\u0119 na wygranie milion\u00f3w.<\/p>\n<p>B\u0119d\u0105c tutaj, mo\u017cesz r\u00f3wnie\u017c sprawdzi\u0107 inne loterie. Mamy szerok\u0105 kolekcj\u0119 najlepszych mi\u0119dzynarodowych loterii i dajemy naszym klientom dost\u0119p do tych loterii. Mo\u017cesz kupi\u0107 bilety na loterie z USA, Europy i Australii, bez wzgl\u0119du na to gdzie mieszkasz.<\/p>\n<p>Jako numer jeden na stronie loterii concierge, usprawnili\u015bmy proces, aby zapewni\u0107 niesamowite do\u015bwiadczenie dla naszych klient\u00f3w. Zarejestruj si\u0119 u nas ju\u017c dzi\u015b, aby zacz\u0105\u0107 gra\u0107 w lotto.<\/p>\n","protected":false},"excerpt":{"rendered":"<p>Sobotnie Lotto to jedna z popularnych australijskich loterii, na kt\u00f3r\u0105 z niecierpliwo\u015bci\u0105 czekaj\u0105 gracze w ca\u0142ym kraju. Jednym z powod\u00f3w jest fakt, \u017ce ma ona w swojej historii wielu milioner\u00f3w. Jackpot mo\u017ce osi\u0105gn\u0105\u0107 nawet 10 milion\u00f3w AU$, co jest niesamowit\u0105 nagrod\u0105, gdy si\u0119 o tym pomy\u015bli. Do tej pory trzeba by\u0142o by\u0107 mieszka\u0144cem Australii, aby [&hellip;]<\/p>\n","protected":false},"author":1,"featured_media":0,"parent":35709,"menu_order":18,"comment_status":"closed","ping_status":"closed","template":"saturday-lotto.php","meta":{"_et_pb_use_builder":"","_et_pb_old_content":"","_et_gb_content_width":"","exclude_from_search":false,"footnotes":""},"class_list":["post-39608","page","type-page","status-publish","hentry"],"yoast_head":"<!-- This site is optimized with the Yoast SEO plugin v23.3 - https:\/\/yoast.com\/wordpress\/plugins\/seo\/ -->\n<title>Zagraj w Sobotnie Lotto online<\/title>\n<meta name=\"description\" content=\"Ciesz si\u0119 szans\u0105 na wielk\u0105 wygran\u0105 z Sobotnim Lotto graj\u0105c online z dowolnego miejsca. Dowiedz si\u0119 jak.\" \/>\n<meta name=\"robots\" content=\"index, follow, max-snippet:-1, max-image-preview:large, max-video-preview:-1\" \/>\n<link rel=\"canonical\" href=\"https:\/\/jackpotlotteryonline.com\/pl\/jak-grac\/saturday-lotto\/\" \/>\n<meta property=\"og:locale\" content=\"pl_PL\" \/>\n<meta property=\"og:type\" content=\"article\" \/>\n<meta property=\"og:title\" content=\"Zagraj w Sobotnie Lotto online\" \/>\n<meta property=\"og:description\" content=\"Ciesz si\u0119 szans\u0105 na wielk\u0105 wygran\u0105 z Sobotnim Lotto graj\u0105c online z dowolnego miejsca. Dowiedz si\u0119 jak.\" \/>\n<meta property=\"og:url\" content=\"https:\/\/jackpotlotteryonline.com\/pl\/jak-grac\/saturday-lotto\/\" \/>\n<meta property=\"og:site_name\" content=\"Lotto Online - Crack The International Lottery Jackpots\" \/>\n<meta property=\"article:modified_time\" content=\"2023-01-03T18:28:57+00:00\" \/>\n<meta property=\"og:image\" content=\"https:\/\/jackpotlotteryonline.com\/wp-content\/uploads\/2022\/11\/1_lotto_jackpot_online-257x300.jpg\" \/>\n<meta name=\"twitter:card\" content=\"summary_large_image\" \/>\n<meta name=\"twitter:label1\" content=\"Szacowany czas czytania\" \/>\n\t<meta name=\"twitter:data1\" content=\"5 minut\" \/>\n<!-- \/ Yoast SEO plugin. -->","yoast_head_json":{"title":"Zagraj w Sobotnie Lotto online","description":"Ciesz si\u0119 szans\u0105 na wielk\u0105 wygran\u0105 z Sobotnim Lotto graj\u0105c online z dowolnego miejsca. Dowiedz si\u0119 jak.","robots":{"index":"index","follow":"follow","max-snippet":"max-snippet:-1","max-image-preview":"max-image-preview:large","max-video-preview":"max-video-preview:-1"},"canonical":"https:\/\/jackpotlotteryonline.com\/pl\/jak-grac\/saturday-lotto\/","og_locale":"pl_PL","og_type":"article","og_title":"Zagraj w Sobotnie Lotto online","og_description":"Ciesz si\u0119 szans\u0105 na wielk\u0105 wygran\u0105 z Sobotnim Lotto graj\u0105c online z dowolnego miejsca. Dowiedz si\u0119 jak.","og_url":"https:\/\/jackpotlotteryonline.com\/pl\/jak-grac\/saturday-lotto\/","og_site_name":"Lotto Online - Crack The International Lottery Jackpots","article_modified_time":"2023-01-03T18:28:57+00:00","og_image":[{"url":"https:\/\/jackpotlotteryonline.com\/wp-content\/uploads\/2022\/11\/1_lotto_jackpot_online-257x300.jpg"}],"twitter_card":"summary_large_image","twitter_misc":{"Szacowany czas czytania":"5 minut"},"schema":{"@context":"https:\/\/schema.org","@graph":[{"@type":"WebPage","@id":"https:\/\/jackpotlotteryonline.com\/pl\/jak-grac\/saturday-lotto\/","url":"https:\/\/jackpotlotteryonline.com\/pl\/jak-grac\/saturday-lotto\/","name":"Zagraj w Sobotnie Lotto online","isPartOf":{"@id":"https:\/\/jackpotlotteryonline.com\/#website"},"primaryImageOfPage":{"@id":"https:\/\/jackpotlotteryonline.com\/pl\/jak-grac\/saturday-lotto\/#primaryimage"},"image":{"@id":"https:\/\/jackpotlotteryonline.com\/pl\/jak-grac\/saturday-lotto\/#primaryimage"},"thumbnailUrl":"https:\/\/jackpotlotteryonline.com\/wp-content\/uploads\/2022\/11\/1_lotto_jackpot_online-257x300.jpg","datePublished":"2022-11-28T09:28:10+00:00","dateModified":"2023-01-03T18:28:57+00:00","description":"Ciesz si\u0119 szans\u0105 na wielk\u0105 wygran\u0105 z Sobotnim Lotto graj\u0105c online z dowolnego miejsca. Dowiedz si\u0119 jak.","breadcrumb":{"@id":"https:\/\/jackpotlotteryonline.com\/pl\/jak-grac\/saturday-lotto\/#breadcrumb"},"inLanguage":"pl-PL","potentialAction":[{"@type":"ReadAction","target":["https:\/\/jackpotlotteryonline.com\/pl\/jak-grac\/saturday-lotto\/"]}]},{"@type":"ImageObject","inLanguage":"pl-PL","@id":"https:\/\/jackpotlotteryonline.com\/pl\/jak-grac\/saturday-lotto\/#primaryimage","url":"https:\/\/jackpotlotteryonline.com\/wp-content\/uploads\/2022\/11\/1_lotto_jackpot_online-257x300.jpg","contentUrl":"https:\/\/jackpotlotteryonline.com\/wp-content\/uploads\/2022\/11\/1_lotto_jackpot_online-257x300.jpg"},{"@type":"BreadcrumbList","@id":"https:\/\/jackpotlotteryonline.com\/pl\/jak-grac\/saturday-lotto\/#breadcrumb","itemListElement":[{"@type":"ListItem","position":1,"name":"Home","item":"https:\/\/jackpotlotteryonline.com\/pl\/"},{"@type":"ListItem","position":2,"name":"Jak gra\u0107","item":"https:\/\/jackpotlotteryonline.com\/pl\/jak-grac\/"},{"@type":"ListItem","position":3,"name":"zagraj w Sobotnie Lotto online"}]},{"@type":"WebSite","@id":"https:\/\/jackpotlotteryonline.com\/#website","url":"https:\/\/jackpotlotteryonline.com\/","name":"Lotto Online - Crack The International Lottery Jackpots","description":"","potentialAction":[{"@type":"SearchAction","target":{"@type":"EntryPoint","urlTemplate":"https:\/\/jackpotlotteryonline.com\/?s={search_term_string}"},"query-input":"required name=search_term_string"}],"inLanguage":"pl-PL"}]}},"_links":{"self":[{"href":"https:\/\/jackpotlotteryonline.com\/pl\/wp-json\/wp\/v2\/pages\/39608","targetHints":{"allow":["GET"]}}],"collection":[{"href":"https:\/\/jackpotlotteryonline.com\/pl\/wp-json\/wp\/v2\/pages"}],"about":[{"href":"https:\/\/jackpotlotteryonline.com\/pl\/wp-json\/wp\/v2\/types\/page"}],"author":[{"embeddable":true,"href":"https:\/\/jackpotlotteryonline.com\/pl\/wp-json\/wp\/v2\/users\/1"}],"replies":[{"embeddable":true,"href":"https:\/\/jackpotlotteryonline.com\/pl\/wp-json\/wp\/v2\/comments?post=39608"}],"version-history":[{"count":0,"href":"https:\/\/jackpotlotteryonline.com\/pl\/wp-json\/wp\/v2\/pages\/39608\/revisions"}],"up":[{"embeddable":true,"href":"https:\/\/jackpotlotteryonline.com\/pl\/wp-json\/wp\/v2\/pages\/35709"}],"wp:attachment":[{"href":"https:\/\/jackpotlotteryonline.com\/pl\/wp-json\/wp\/v2\/media?parent=39608"}],"curies":[{"name":"wp","href":"https:\/\/api.w.org\/{rel}","templated":true}]}}