{"id":39660,"date":"2022-11-28T12:33:56","date_gmt":"2022-11-28T12:33:56","guid":{"rendered":"https:\/\/jackpotlotteryonline.com\/?page_id=39660"},"modified":"2022-12-31T13:15:40","modified_gmt":"2022-12-31T13:15:40","slug":"zagraj-w-set-for-life-online","status":"publish","type":"page","link":"https:\/\/jackpotlotteryonline.com\/pl\/jak-grac\/zagraj-w-set-for-life-online\/","title":{"rendered":"zagraj w Set For Life online"},"content":{"rendered":"<p>Wielu graczy na ca\u0142ym \u015bwiecie zaczyna zdawa\u0107 sobie spraw\u0119 z pi\u0119kna bycia ustawionym na reszt\u0119 \u017cycia. I w\u0142a\u015bnie to oferuje graczom brytyjska loteria Set for Life: szans\u0119 na wygranie \u00a310,000 ka\u017cdego miesi\u0105ca przez 30 lat. Nazywana jest loteri\u0105 rentiersk\u0105, poniewa\u017c zwyci\u0119zca nie otrzymuje rycza\u0142tu. Na pierwszy rzut oka mo\u017ce si\u0119 to nie wydawa\u0107 tak atrakcyjne, jak wygranie miliard\u00f3w euro. Jednak s\u0105 tacy gracze, kt\u00f3rzy nie czuj\u0105 si\u0119 komfortowo z obs\u0142ug\u0105 tak du\u017cej ilo\u015bci pieni\u0119dzy na raz. Poza tym, czytali\u015bmy o zwyci\u0119zcach loterii, kt\u00f3rzy stali si\u0119 sp\u0142ukani po kilku latach. W tej brytyjskiej loterii nie ma na to szans, poniewa\u017c zwyci\u0119zca otrzymuje co miesi\u0105c 10 000 funt\u00f3w.<\/p>\n<p>Je\u015bli zastanawiasz si\u0119, jak mo\u017cesz gra\u0107 w t\u0119 brytyjsk\u0105 rent\u0119 spoza Wielkiej Brytanii, to masz szcz\u0119\u015bcie. Tutaj podzielimy si\u0119 tym, jak gra\u0107 na loterii i wskaz\u00f3wkami dotycz\u0105cymi gry spoza Wielkiej Brytanii.<\/p>\n<h2>Czy mo\u017cna gra\u0107 w Set For Life spoza Wielkiej Brytanii?<\/h2>\n<p><img loading=\"lazy\" decoding=\"async\" class=\"alignright size-medium wp-image-27941\" src=\"http:\/\/jackpotlotteryonline.com\/wp-content\/uploads\/2022\/11\/1_lottery_winner_ticket-200x300.jpg\" alt=\"wygra\u0107 du\u017ce z Set for life\" width=\"200\" height=\"300\" srcset=\"https:\/\/jackpotlotteryonline.com\/wp-content\/uploads\/2022\/11\/1_lottery_winner_ticket-200x300.jpg 200w, https:\/\/jackpotlotteryonline.com\/wp-content\/uploads\/2022\/11\/1_lottery_winner_ticket.jpg 320w\" sizes=\"auto, (max-width: 200px) 100vw, 200px\" \/><\/p>\n<p>Set For Life mo\u017ce by\u0107 loteri\u0105 g\u0142\u00f3wnie brytyjsk\u0105, ale ch\u0119\u0107 wygrania du\u017cej sumy ka\u017cdego miesi\u0105ca jest wsp\u00f3lna dla wszystkich graczy. B\u0105d\u017amy szczerzy, komu nie spodoba\u0142aby si\u0119 my\u015bl o wygraniu \u00a310,000 co miesi\u0105c przez 30 lat? Zazwyczaj Set For Life jest rozgrywany tylko w Wielkiej Brytanii, poniewa\u017c tam sprzedawane s\u0105 losy. Jednak gracze mog\u0105 teraz kupi\u0107 bilety z dowolnego miejsca.<\/p>\n<p>Internet umo\u017cliwi\u0142 wiele rzeczy, szczeg\u00f3lnie dost\u0119p do informacji. Teraz gracze na ca\u0142ym \u015bwiecie mog\u0105 kupowa\u0107 losy na najlepsze mi\u0119dzynarodowe loterie, w tym Set For Life. Tak wi\u0119c, je\u015bli jeste\u015b graczem spoza Wielkiej Brytanii, mo\u017cesz \u0142atwo <a href=\"https:\/\/jackpotlotteryonline.com\/pl\/kupic-bilety\/set-for-life\">kupi\u0107 bilety na brytyjsk\u0105 loteri\u0119<\/a> rentiersk\u0105 odwiedzaj\u0105c stron\u0119 jackpotlotteryonline.com.<\/p>\n<p>Je\u015bli masz ochot\u0119 na my\u015bl o byciu ustawionym na reszt\u0119 \u017cycia, to pospiesz si\u0119 teraz i zdob\u0105d\u017a bilet przed kolejnym losowaniem.<\/p>\n<h2>Jak gra\u0107<\/h2>\n<p>Aby zagra\u0107 na brytyjskiej loterii, gracze musz\u0105 wybra\u0107 5 numer\u00f3w z zakresu od 1 do 47 oraz 1 numer Life Ball z zakresu od 1 do 10. Nast\u0119pnie nale\u017cy <a href=\"https:\/\/jackpotlotteryonline.com\/pl\/zwycieskie-numery\/set-for-life\">wybra\u0107 dni losowania<\/a>, w kt\u00f3rych chce si\u0119 wzi\u0105\u0107 udzia\u0142 oraz liczb\u0119 tygodni, w kt\u00f3rych chcia\u0142oby si\u0119 gra\u0107.<\/p>\n<p>Kiedy korzystasz z naszej strony, mo\u017cesz u\u017cy\u0107 naszego generatora liczb, aby losowo wybra\u0107 swoje numery. Mo\u017cesz r\u00f3wnie\u017c ustawi\u0107, aby\u015b by\u0142 automatycznie wprowadzany do ka\u017cdego losowania z kilkutygodniowym wyprzedzeniem. W ten spos\u00f3b nie musisz si\u0119 martwi\u0107, \u017ce przegapisz losowanie. Ponadto, publikujemy surowe wyniki tutaj na naszej stronie.<\/p>\n<p>Losowania Set For Life odbywaj\u0105 si\u0119 w ka\u017cdy poniedzia\u0142ek i czwartek wieczorem. Graj\u0105c na loterii z nami, nie musisz przegapi\u0107 losowania, poniewa\u017c nie kupi\u0142e\u015b swojego losu przed jego zamkni\u0119ciem.<\/p>\n<h2>Porady dotycz\u0105ce gry online<\/h2>\n<p>Zanim kupisz sw\u00f3j los na loterii w Internecie, wa\u017cne jest, aby wiedzie\u0107 kilka rzeczy. Oto kilka wskaz\u00f3wek, kt\u00f3re pomog\u0105 Ci mie\u0107 bardziej przyjemne do\u015bwiadczenie gry.<\/p>\n<ul>\n<li>Zawsze u\u017cywaj strony concierge kupi\u0107 bilety na loteri\u0119<\/li>\n<li>Upewnij si\u0119, \u017ce mo\u017cesz wycofa\u0107 swoje wygrane bez k\u0142opot\u00f3w z witryny<\/li>\n<li>Kup wiele los\u00f3w i wprowad\u017a wiele losowa\u0144, aby zwi\u0119kszy\u0107 swoje szanse na wygran\u0105<\/li>\n<li>Korzystaj ze strony, kt\u00f3ra poinformuje Ci\u0119 (poprzez email) o wygranej.<\/li>\n<\/ul>\n<h2>Kategorie nagr\u00f3d Set For Life<\/h2>\n<div id=\"attachment_27779\" style=\"width: 222px\" class=\"wp-caption alignright\"><img loading=\"lazy\" decoding=\"async\" aria-describedby=\"caption-attachment-27779\" class=\"size-full wp-image-27779\" src=\"http:\/\/jackpotlotteryonline.com\/wp-content\/uploads\/2022\/11\/1_lottery_ticket.jpg\" alt=\"jak gra\u0107 w Set for life\" width=\"212\" height=\"142\" \/><p id=\"caption-attachment-27779\" class=\"wp-caption-text\">Wype\u0142nianie losu loterii z o\u0142\u00f3wkiem na drewnianym stole, zbli\u017cenie. Miejsce na tekst<\/p><\/div>\n<p>G\u0142\u00f3wn\u0105 nagrod\u0105 w tej brytyjskiej loterii jest niesamowite \u00a310,000 co miesi\u0105c przez nast\u0119pne 30 lat. To tak jakby dostawa\u0107 10 tysi\u0119cy miesi\u0119cznie, aby mie\u0107 30-letnie wakacje. Ta nagroda jest jedn\u0105 z tych, kt\u00f3re ekscytuj\u0105 wielu graczy. Jednak jeszcze bardziej ekscytuj\u0105cy jest fakt, \u017ce loteria ta posiada r\u00f3wnie\u017c kilka innych ekscytuj\u0105cych poziom\u00f3w nagr\u00f3d. Oto kategorie nagr\u00f3d.<\/p>\n<p>Kategoria 1: Dopasuj 5 liczb + Kula \u017bycia &#8211; \u00a310,000 co miesi\u0105c przez 30 lat<\/p>\n<p>Kategoria 2: Tylko dopasuj 5 liczb &#8211; \u00a310,000 co miesi\u0105c przez 1 rok<\/p>\n<p>Kategoria 3: Dopasuj 4 numery + LIfe Ball &#8211; \u00a3250<\/p>\n<p>Kategoria 4: Dopasuj tylko 4 numery &#8211; \u00a350<\/p>\n<p>Kategoria 5: Dopasuj 3 liczby + Life Ball &#8211; 30\u00a3<\/p>\n<p>Kategoria 6: Match 3 numbers only &#8211; \u00a320<\/p>\n<p>Kategoria 7: Dopasuj 2 liczby + \u017byciowa Pi\u0142ka &#8211; \u00a310<\/p>\n<p>Kategoria 8 Match 2 numery tylko &#8211; \u00a35<\/p>\n<section class=\"layout\" style=\"border: solid 1px; width: 100%;\">\n<div class=\"img-div\" style=\"margin-top: 5px;\"><img decoding=\"async\" class=\"wp-image-17212 alignleft\" style=\"height: 45px; margin: 8px 8px 0px;\" src=\"http:\/\/jackpotlotteryonline.com\/wp-content\/uploads\/2022\/11\/read1.jpg\" alt=\"Czytaj \" width=\"\" height=\"\" \/><\/div>\n<div style=\"padding-left: 5px;\">\n<div style=\"font-size: 1.1em;\">\n<p><strong>Niekt\u00f3rzy zwyci\u0119zcy loterii oddali si\u0119 spo\u0142eczno\u015bci<\/strong><\/p>\n<p style=\"font-size: 0.85em; margin-top: -1.5em;\">Niekt\u00f3re ciekawe i chwytaj\u0105ce za serce historie o zwyci\u0119zcach loterii daj\u0105c z powrotem\u00a0<a href=\"https:\/\/jackpotlotteryonline.com\/pl\/historie-o-zwyciezcach-loterii-ktorzy-oddaja-pieniadze\"> wi\u0119cej<\/a><\/p>\n<\/div>\n<\/div>\n<\/section>\n<h2>Zagraj w brytyjsk\u0105 loteri\u0119 rentiersk\u0105 tutaj dzisiaj<\/h2>\n<p>Jeste\u015bmy stron\u0105 loterii concierge, kt\u00f3ra umo\u017cliwia graczom z ca\u0142ego \u015bwiata dost\u0119p do najlepszych mi\u0119dzynarodowych loterii. Kiedy kupujesz od nas swoje kupony loteryjne, cieszysz si\u0119 przyjemno\u015bci\u0105 gry na loterii bez \u017cadnych k\u0142opot\u00f3w.<\/p>\n<p>Je\u015bli wygrasz jak\u0105kolwiek nagrod\u0119, mo\u017cesz \u0142atwo wyp\u0142aci\u0107 swoj\u0105 wygran\u0105 w\u0142a\u015bnie u nas na stronie. Sprawiamy, \u017ce jest to tak proste. A je\u015bli Twoja nagroda jest wi\u0119ksza ni\u017c okre\u015blona kwota, pomo\u017cemy Ci z formularzem roszczeniowym, aby\u015b m\u00f3g\u0142 odebra\u0107 swoj\u0105 wygran\u0105.<\/p>\n<p>Wszystko co robimy jest ukierunkowane na zapewnienie bezproblemowego do\u015bwiadczenia loteryjnego dla naszych klient\u00f3w. Wi\u0119c \u015bmia\u0142o wejd\u017a do loterii UK Set for Life ju\u017c dzi\u015b.<\/p>\n","protected":false},"excerpt":{"rendered":"<p>Wielu graczy na ca\u0142ym \u015bwiecie zaczyna zdawa\u0107 sobie spraw\u0119 z pi\u0119kna bycia ustawionym na reszt\u0119 \u017cycia. I w\u0142a\u015bnie to oferuje graczom brytyjska loteria Set for Life: szans\u0119 na wygranie \u00a310,000 ka\u017cdego miesi\u0105ca przez 30 lat. Nazywana jest loteri\u0105 rentiersk\u0105, poniewa\u017c zwyci\u0119zca nie otrzymuje rycza\u0142tu. Na pierwszy rzut oka mo\u017ce si\u0119 to nie wydawa\u0107 tak atrakcyjne, [&hellip;]<\/p>\n","protected":false},"author":1,"featured_media":0,"parent":35709,"menu_order":11,"comment_status":"closed","ping_status":"closed","template":"set-for-life.php","meta":{"_et_pb_use_builder":"","_et_pb_old_content":"","_et_gb_content_width":"","exclude_from_search":false,"footnotes":""},"class_list":["post-39660","page","type-page","status-publish","hentry"],"yoast_head":"<!-- This site is optimized with the Yoast SEO plugin v23.3 - https:\/\/yoast.com\/wordpress\/plugins\/seo\/ -->\n<title>Zagraj w Set for Life spoza Wielkiej Brytanii<\/title>\n<meta name=\"description\" content=\"Zagraj w brytyjsk\u0105 loteri\u0119 rentow\u0105 online i wygraj szans\u0119 na bycie ustawionym do ko\u0144ca \u017cycia.\" \/>\n<meta name=\"robots\" content=\"index, follow, max-snippet:-1, max-image-preview:large, max-video-preview:-1\" \/>\n<link rel=\"canonical\" href=\"https:\/\/jackpotlotteryonline.com\/pl\/jak-grac\/zagraj-w-set-for-life-online\/\" \/>\n<meta property=\"og:locale\" content=\"pl_PL\" \/>\n<meta property=\"og:type\" content=\"article\" \/>\n<meta property=\"og:title\" content=\"Zagraj w Set for Life spoza Wielkiej Brytanii\" \/>\n<meta property=\"og:description\" content=\"Zagraj w brytyjsk\u0105 loteri\u0119 rentow\u0105 online i wygraj szans\u0119 na bycie ustawionym do ko\u0144ca \u017cycia.\" \/>\n<meta property=\"og:url\" content=\"https:\/\/jackpotlotteryonline.com\/pl\/jak-grac\/zagraj-w-set-for-life-online\/\" \/>\n<meta property=\"og:site_name\" content=\"Lotto Online - Crack The International Lottery Jackpots\" \/>\n<meta property=\"article:modified_time\" content=\"2022-12-31T13:15:40+00:00\" \/>\n<meta property=\"og:image\" content=\"http:\/\/jackpotlotteryonline.com\/wp-content\/uploads\/2022\/11\/1_lottery_winner_ticket-200x300.jpg\" \/>\n<meta name=\"twitter:card\" content=\"summary_large_image\" \/>\n<meta name=\"twitter:label1\" content=\"Szacowany czas czytania\" \/>\n\t<meta name=\"twitter:data1\" content=\"4 minuty\" \/>\n<!-- \/ Yoast SEO plugin. -->","yoast_head_json":{"title":"Zagraj w Set for Life spoza Wielkiej Brytanii","description":"Zagraj w brytyjsk\u0105 loteri\u0119 rentow\u0105 online i wygraj szans\u0119 na bycie ustawionym do ko\u0144ca \u017cycia.","robots":{"index":"index","follow":"follow","max-snippet":"max-snippet:-1","max-image-preview":"max-image-preview:large","max-video-preview":"max-video-preview:-1"},"canonical":"https:\/\/jackpotlotteryonline.com\/pl\/jak-grac\/zagraj-w-set-for-life-online\/","og_locale":"pl_PL","og_type":"article","og_title":"Zagraj w Set for Life spoza Wielkiej Brytanii","og_description":"Zagraj w brytyjsk\u0105 loteri\u0119 rentow\u0105 online i wygraj szans\u0119 na bycie ustawionym do ko\u0144ca \u017cycia.","og_url":"https:\/\/jackpotlotteryonline.com\/pl\/jak-grac\/zagraj-w-set-for-life-online\/","og_site_name":"Lotto Online - Crack The International Lottery Jackpots","article_modified_time":"2022-12-31T13:15:40+00:00","og_image":[{"url":"http:\/\/jackpotlotteryonline.com\/wp-content\/uploads\/2022\/11\/1_lottery_winner_ticket-200x300.jpg"}],"twitter_card":"summary_large_image","twitter_misc":{"Szacowany czas czytania":"4 minuty"},"schema":{"@context":"https:\/\/schema.org","@graph":[{"@type":"WebPage","@id":"https:\/\/jackpotlotteryonline.com\/pl\/jak-grac\/zagraj-w-set-for-life-online\/","url":"https:\/\/jackpotlotteryonline.com\/pl\/jak-grac\/zagraj-w-set-for-life-online\/","name":"Zagraj w Set for Life spoza Wielkiej Brytanii","isPartOf":{"@id":"https:\/\/jackpotlotteryonline.com\/#website"},"primaryImageOfPage":{"@id":"https:\/\/jackpotlotteryonline.com\/pl\/jak-grac\/zagraj-w-set-for-life-online\/#primaryimage"},"image":{"@id":"https:\/\/jackpotlotteryonline.com\/pl\/jak-grac\/zagraj-w-set-for-life-online\/#primaryimage"},"thumbnailUrl":"http:\/\/jackpotlotteryonline.com\/wp-content\/uploads\/2022\/11\/1_lottery_winner_ticket-200x300.jpg","datePublished":"2022-11-28T12:33:56+00:00","dateModified":"2022-12-31T13:15:40+00:00","description":"Zagraj w brytyjsk\u0105 loteri\u0119 rentow\u0105 online i wygraj szans\u0119 na bycie ustawionym do ko\u0144ca \u017cycia.","breadcrumb":{"@id":"https:\/\/jackpotlotteryonline.com\/pl\/jak-grac\/zagraj-w-set-for-life-online\/#breadcrumb"},"inLanguage":"pl-PL","potentialAction":[{"@type":"ReadAction","target":["https:\/\/jackpotlotteryonline.com\/pl\/jak-grac\/zagraj-w-set-for-life-online\/"]}]},{"@type":"ImageObject","inLanguage":"pl-PL","@id":"https:\/\/jackpotlotteryonline.com\/pl\/jak-grac\/zagraj-w-set-for-life-online\/#primaryimage","url":"http:\/\/jackpotlotteryonline.com\/wp-content\/uploads\/2022\/11\/1_lottery_winner_ticket-200x300.jpg","contentUrl":"http:\/\/jackpotlotteryonline.com\/wp-content\/uploads\/2022\/11\/1_lottery_winner_ticket-200x300.jpg"},{"@type":"BreadcrumbList","@id":"https:\/\/jackpotlotteryonline.com\/pl\/jak-grac\/zagraj-w-set-for-life-online\/#breadcrumb","itemListElement":[{"@type":"ListItem","position":1,"name":"Home","item":"https:\/\/jackpotlotteryonline.com\/pl\/"},{"@type":"ListItem","position":2,"name":"Jak gra\u0107","item":"https:\/\/jackpotlotteryonline.com\/pl\/jak-grac\/"},{"@type":"ListItem","position":3,"name":"zagraj w Set For Life online"}]},{"@type":"WebSite","@id":"https:\/\/jackpotlotteryonline.com\/#website","url":"https:\/\/jackpotlotteryonline.com\/","name":"Lotto Online - Crack The International Lottery Jackpots","description":"","potentialAction":[{"@type":"SearchAction","target":{"@type":"EntryPoint","urlTemplate":"https:\/\/jackpotlotteryonline.com\/?s={search_term_string}"},"query-input":"required name=search_term_string"}],"inLanguage":"pl-PL"}]}},"_links":{"self":[{"href":"https:\/\/jackpotlotteryonline.com\/pl\/wp-json\/wp\/v2\/pages\/39660","targetHints":{"allow":["GET"]}}],"collection":[{"href":"https:\/\/jackpotlotteryonline.com\/pl\/wp-json\/wp\/v2\/pages"}],"about":[{"href":"https:\/\/jackpotlotteryonline.com\/pl\/wp-json\/wp\/v2\/types\/page"}],"author":[{"embeddable":true,"href":"https:\/\/jackpotlotteryonline.com\/pl\/wp-json\/wp\/v2\/users\/1"}],"replies":[{"embeddable":true,"href":"https:\/\/jackpotlotteryonline.com\/pl\/wp-json\/wp\/v2\/comments?post=39660"}],"version-history":[{"count":0,"href":"https:\/\/jackpotlotteryonline.com\/pl\/wp-json\/wp\/v2\/pages\/39660\/revisions"}],"up":[{"embeddable":true,"href":"https:\/\/jackpotlotteryonline.com\/pl\/wp-json\/wp\/v2\/pages\/35709"}],"wp:attachment":[{"href":"https:\/\/jackpotlotteryonline.com\/pl\/wp-json\/wp\/v2\/media?parent=39660"}],"curies":[{"name":"wp","href":"https:\/\/api.w.org\/{rel}","templated":true}]}}