{"id":39718,"date":"2022-11-29T08:10:46","date_gmt":"2022-11-29T08:10:46","guid":{"rendered":"https:\/\/jackpotlotteryonline.com\/?page_id=39718"},"modified":"2023-01-03T10:23:05","modified_gmt":"2023-01-03T10:23:05","slug":"new-york-lottery-2","status":"publish","type":"page","link":"https:\/\/jackpotlotteryonline.com\/pl\/jak-grac\/new-york-lottery-2\/","title":{"rendered":"Zagraj w nowojorskie lotto online"},"content":{"rendered":"<p>Historia nowojorskiego lotto jest przesi\u0105kni\u0119ta dobrymi uczynkami i og\u00f3ln\u0105 pozytywno\u015bci\u0105. Jako loteria, kt\u00f3ra zosta\u0142a stworzona jako spos\u00f3b na pomoc w edukacji w tym stanie, jest to dobra opcja dla graczy, kt\u00f3rzy lubi\u0105 odrobin\u0119 altruizmu w swojej zabawie. Zasadniczo, je\u015bli chcesz mie\u0107 loteri\u0119, kt\u00f3ra pozwoli Ci poczu\u0107, \u017ce wnosisz co\u015b dobrego do \u015bwiata, to powiniene\u015b rozwa\u017cy\u0107 nowojorskie lotto.<\/p>\n<p>Pytanie dla wi\u0119kszo\u015bci graczy brzmi jednak, jak wzi\u0105\u0107 udzia\u0142 w tej loterii z innej cz\u0119\u015bci \u015bwiata. Jak zapewne domy\u015blasz si\u0119 po nazwie, New York lotto jest loteri\u0105 stanow\u0105 stanu Nowy Jork w USA. Jest wi\u0119c otwarta dla entuzjast\u00f3w lotto, kt\u00f3rzy mieszkaj\u0105 w tym stanie, a kupony loteryjne s\u0105 \u0142atwo dost\u0119pne u sprzedawc\u00f3w w tym stanie. Je\u015bli mieszkasz poza stanem &#8211; lub nawet na innym kontynencie &#8211; jest to zupe\u0142nie inna historia.<\/p>\n<p>Ale nigdy nie b\u00f3j si\u0119, poka\u017cemy Ci najlepszy spos\u00f3b na zakup los\u00f3w loteryjnych z dowolnego miejsca na \u015bwiecie. Je\u015bli spieszy Ci si\u0119 do nast\u0119pnego losowania, dlaczego nie odwiedzi\u0107 strony jackpotlotteryonline.com, aby zacz\u0105\u0107?<\/p>\n<h2>Porady dotycz\u0105ce gry w New York lotto<\/h2>\n<p>Teraz, na pow\u00f3d jeste\u015bmy tutaj; jak gra\u0107 w New York lotto z dowolnego miejsca. Zanim przejdziemy do szczeg\u00f3\u0142\u00f3w, to chyba dobry pomys\u0142, aby podzieli\u0107 si\u0119 kilkoma wskaz\u00f3wkami dotycz\u0105cymi gry w lotto. Mimo, \u017ce m\u00f3wimy tutaj o konkretnym lotto, to wskaz\u00f3wki te dotycz\u0105 tak\u017ce innych najlepszych mi\u0119dzynarodowych loterii, w kt\u00f3rych mo\u017cesz wzi\u0105\u0107 udzia\u0142.<\/p>\n<p><strong>Oto nasze wskaz\u00f3wki dotycz\u0105ce gry w nowojorskie lotto:<\/strong><\/p>\n<ul>\n<li>Starannie wybierz swoje numery. Prawd\u0105 jest, \u017ce nie ma prawdziwego sposobu na przewidzenie, jakie numery wygraj\u0105 w lotto, jednak jest co\u015b, co mo\u017cna powiedzie\u0107 o wybieraniu numer\u00f3w, kt\u00f3re co\u015b dla Ciebie znacz\u0105.<\/li>\n<li>Zwr\u00f3\u0107 uwag\u0119 na numer bonusowy. Jest to co\u015b, o czym wielu graczy nie wie; fakt, \u017ce jackpot to nie wszystko, co mo\u017cna wygra\u0107. Numer bonusowy decyduje o nagrodzie drugiego stopnia, kt\u00f3ra jest r\u00f3wnie\u017c zdrow\u0105 sum\u0105, z kt\u00f3r\u0105 mo\u017cna wr\u00f3ci\u0107 do domu.<\/li>\n<li>Nie przegap losowa\u0144. Je\u015bli jeste\u015b w tym po to, aby wygra\u0107, to powiniene\u015b skupi\u0107 si\u0119 na tym, aby bra\u0107 udzia\u0142 w losowaniach. Nowojorskie lotto ma dwa losowania w tygodniu, w \u015brod\u0119 i sobot\u0119. Postaraj si\u0119 wej\u015b\u0107 w oba losowania. Mo\u017cesz r\u00f3wnie\u017c wej\u015b\u0107 w losowania z kilkutygodniowym wyprzedzeniem (poka\u017cemy Ci jak, p\u00f3\u017aniej).<\/li>\n<\/ul>\n<h2>Offline vs. Online<\/h2>\n<p><img loading=\"lazy\" decoding=\"async\" class=\"alignright size-full wp-image-31505\" src=\"https:\/\/jackpotlotteryonline.com\/wp-content\/uploads\/2022\/11\/lotto2-300x84-1.png\" alt=\"Zagraj w New York lotto online\" width=\"300\" height=\"84\" \/>Jaka jest r\u00f3\u017cnica mi\u0119dzy gr\u0105 na loterii online i offline i czy s\u0105 jakie\u015b zalety? Tak, s\u0142yszymy te pytania cz\u0119sto i s\u0105 one zasadne. Je\u015bli mieszkasz na przyk\u0142ad w Nowym Jorku, to naturalnym jest, \u017ce zastanawiasz si\u0119, czy jest jaka\u015b korzy\u015b\u0107 z wej\u015bcia na loteri\u0119 online. C\u00f3\u017c, mo\u017cemy da\u0107 Ci jedn\u0105: wygod\u0119.<\/p>\n<p>Pr\u00f3buj\u0105c dowiedzie\u0107 si\u0119, kt\u00f3ry sprzedawca sprzedaje jaki bilet na loteri\u0119 mo\u017ce by\u0107 stresuj\u0105ce, zw\u0142aszcza gdy masz tylko kilka minut do stracenia przed zamkni\u0119ciem sprzeda\u017cy bilet\u00f3w. Ponadto, mo\u017cesz chcie\u0107 wej\u015b\u0107 na wiele loterii i to tylko staje si\u0119 niechlujny, je\u015bli trzeba porusza\u0107 si\u0119 od jednego sprzedawcy do drugiego.<\/p>\n<p>Granie na loterii online daje graczom wygod\u0119, kt\u00f3rej wcze\u015bniej nawet sobie nie wyobra\u017cali. Z poziomu komputera lub urz\u0105dzenia mobilnego mo\u017cna kupi\u0107 losy, sprawdzi\u0107 wyniki losowania i wyp\u0142aci\u0107 wygrane. Gdy spr\u00f3bujesz gra\u0107 na loterii online, nie b\u0119dzie ju\u017c odwrotu, mo\u017cemy to zagwarantowa\u0107.<\/p>\n<h2>Jak gra\u0107 online<\/h2>\n<p>Niezale\u017cnie od tego, czy jeste\u015b do\u015bwiadczonym graczem czy nowicjuszem, wej\u015bcie na loteri\u0119 online jest szybkie, proste i ca\u0142kowicie bezproblemowe. Je\u015bli grasz w New York lotto, oto poni\u017csze kroki:<\/p>\n<ul>\n<li>Kliknij na loteri\u0119, kt\u00f3r\u0105 chcesz zagra\u0107.<\/li>\n<li>Wybierz 6 liczb z zakresu od 1 do 59. Jest jeszcze 7 numer, ale jest on losowany przez firm\u0119 lotto i nie jest cz\u0119\u015bci\u0105 Twojego biletu.<\/li>\n<li><a href=\"https:\/\/jackpotlotteryonline.com\/pl\/zwycieskie-numery\/new-york-lottery\">Wprowad\u017a losowania<\/a>, kt\u00f3re s\u0105 w \u015brody i soboty ka\u017cdego tygodnia. Mo\u017cesz wprowadzi\u0107 tylko jedno losowanie lub oba.<\/li>\n<li>Sfinalizuj swoj\u0105 p\u0142atno\u015b\u0107. Wi\u0119kszo\u015b\u0107 stron loteryjnych wymaga rejestracji w celu zako\u0144czenia p\u0142atno\u015bci. To dlatego, \u017ce mo\u017cna \u0142atwo uzyska\u0107 dost\u0119p do biletu po zakupie.<\/li>\n<\/ul>\n<p>Gra na loterii online jest naprawd\u0119 tak prosta. Bior\u0105c pod uwag\u0119, \u017ce nie ma innego sposobu na zdobycie bilet\u00f3w na nowojorskie lotto spoza stanu Nowy Jork w USA, jest to r\u00f3wnie\u017c fantastyczna metoda, gdy mieszkasz w innej cz\u0119\u015bci \u015bwiata.<\/p>\n<section class=\"layout\" style=\"border: solid 1px; width: 100%;\">\n<div class=\"img-div\" style=\"margin-top: 5px;\"><img decoding=\"async\" class=\"wp-image-17212 alignleft\" style=\"height: 45px; margin: 8px 8px 0px;\" src=\"https:\/\/jackpotlotteryonline.com\/wp-content\/uploads\/2022\/11\/read1.jpg\" alt=\"Cite\u0219te \" width=\"\" height=\"\" \/><\/div>\n<div style=\"padding-left: 5px;\">\n<div style=\"font-size: 1.1em;\">\n<p><strong>Jak mog\u0119 otrzyma\u0107 zap\u0142at\u0119, je\u015bli wygram na loterii online?<\/strong><\/p>\n<p style=\"font-size: 0.85em; margin-top: -1.5em;\">Oto jak otrzymasz swoje pieni\u0105dze, je\u015bli wygrasz na loterii online<a href=\"https:\/\/jackpotlotteryonline.com\/pl\/jak-otrzymam-zaplate-jesli-wygram-na-loterii-online\"> cite\u0219te mai mult<\/a><\/p>\n<\/div>\n<\/div>\n<\/section>\n<h2>Jak wybra\u0107 zwyci\u0119skie numery<\/h2>\n<p>Temat wyboru zwyci\u0119skich numer\u00f3w jest skomplikowany, cho\u0107 je\u015bli przyjrze\u0107 si\u0119 mu bli\u017cej, nie powinien taki by\u0107. Jest on nadmiernie komplikowany przez tych, kt\u00f3rzy chc\u0105 da\u0107 Ci tak zwane matematyczne wzory na wygran\u0105 w loterii. Powa\u017cnie, nie ufaj \u017cadnej tzw. metodzie naukowej.<\/p>\n<p>Loteria to gra losowa, a nowojorskie lotto nie jest wyj\u0105tkiem. Numery s\u0105 generowane losowo i szcz\u0119\u015bcie ma wiele wsp\u00f3lnego z tym, kto wygrywa na loterii.<\/p>\n<p>Maj\u0105c to na uwadze, zawsze dobrze jest wykorzysta\u0107 czynnik szcz\u0119\u015bcia wybieraj\u0105c swoje szcz\u0119\u015bliwe liczby. Mo\u017cesz wi\u0119c wybra\u0107 daty urodzin, rocznice, numery, kt\u00f3re przynios\u0142y Ci szcz\u0119\u015bcie przez ca\u0142e \u017cycie itp. Lub, mo\u017cna po prostu u\u017cy\u0107 auto generator narz\u0119dzie na naszej stronie, aby losowo wybra\u0107 numery. Na koniec dnia, wszystko zale\u017cy od szcz\u0119\u015bcia.<\/p>\n<h2>Gdzie kupi\u0107 bilety na New York lotto<\/h2>\n<p><img loading=\"lazy\" decoding=\"async\" class=\"alignright size-medium wp-image-28913\" src=\"https:\/\/jackpotlotteryonline.com\/wp-content\/uploads\/2022\/11\/1_pick_lottery_numbers-300x200.jpg\" alt=\"Kupi\u0107 New York lotto bilety\" width=\"300\" height=\"200\" srcset=\"https:\/\/jackpotlotteryonline.com\/wp-content\/uploads\/2022\/11\/1_pick_lottery_numbers-300x200.jpg 300w, https:\/\/jackpotlotteryonline.com\/wp-content\/uploads\/2022\/11\/1_pick_lottery_numbers.jpg 320w\" sizes=\"auto, (max-width: 300px) 100vw, 300px\" \/>Je\u015bli jeste\u015b gotowy, aby wej\u015b\u0107 do New York lotto to nast\u0119pnym krokiem jest<a href=\"https:\/\/jackpotlotteryonline.com\/pl\/kupic-bilety\/new-york-lottery\"> kupi\u0107 bilety<\/a>. Mo\u017cesz to zrobi\u0107 online z loterii strony sprzedawcy jak jackpotlotteryonline.com. Wa\u017cne jest, aby by\u0107 ostro\u017cnym z loterii stron, kt\u00f3re nie m\u00f3wi\u0105 dok\u0142adnie, jak b\u0119d\u0105 one dosta\u0107 swoje bilety. Takie strony mog\u0105 tylko pozwoli\u0107 Ci postawi\u0107 na wynik loterii bez rzeczywistego udzia\u0142u w nim.<\/p>\n<p>Kiedy kupisz swoje bilety na loteri\u0119 od nas, nasi agenci w Nowym Jorku kupi\u0105 bilety z odpowiednimi numerami. To prawie jak posiadanie osobistego agenta loterii w r\u00f3\u017cnych cz\u0119\u015bciach \u015bwiata.<\/p>\n<h2>Poziomy nagr\u00f3d dla Nowego Jorku lotto<\/h2>\n<p>Nowy Jork lotto ma kilka poziom\u00f3w nagr\u00f3d. Podczas gdy wi\u0119kszo\u015b\u0107 graczy d\u0105\u017cy do zdobycia jackpota i Ty te\u017c powiniene\u015b, faktem jest, \u017ce nie ka\u017cdy mo\u017ce go wygra\u0107. Niemniej jednak, istnieje kilka innych kategorii nagr\u00f3d, \u017ce punters mog\u0105 wygra\u0107.<\/p>\n<p>Tak wi\u0119c, jackpot zaczyna si\u0119 od 2 milion\u00f3w dolar\u00f3w, ale nie daj si\u0119 zwie\u015b\u0107 tej kwocie. Kiedy nie ma zwyci\u0119zcy po losowaniu, nagroda si\u0119 przewraca i po prostu zaczyna rosn\u0105\u0107 i rosn\u0105\u0107. Najwi\u0119ksza wygrana w tej loterii wynios\u0142a a\u017c 176 milion\u00f3w dolar\u00f3w. Tak, ca\u0142kowicie zmienia \u017cycie.<\/p>\n<p>Poziom 1 (jackpot) &#8211; dopasuj wszystkie 6 wylosowanych liczb<\/p>\n<p>Poziom 2 &#8211; dopasuj 5 numer\u00f3w + numer bonusowy<\/p>\n<p>Tier 3 &#8211; dopasuj 5 numer\u00f3w<\/p>\n<p>Tier 4 &#8211; dopasowa\u0107 4 numery<\/p>\n<p>Tier 5 &#8211; dopasuj 3 numery<\/p>\n<h2>Wygrana i Cashing out<\/h2>\n<p>Wygrana w New York lotto oznacza posiadanie biletu, kt\u00f3ry pasuje do wylosowanych numer\u00f3w. Kto pasuje do wylosowanych numer\u00f3w wygrywa na loterii. Aby dowiedzie\u0107 si\u0119, czy wygra\u0142e\u015b loteri\u0119, musisz sprawdzi\u0107 wyniki losowania. Je\u015bli jeste\u015b zarejestrowany z nami, wy\u015blemy Ci e-mail, je\u015bli wygrasz nagrod\u0119.<\/p>\n<p>Je\u015bli kupisz swoje bilety lotto od nas, mo\u017cesz \u0142atwo wyp\u0142aci\u0107 swoje wygrane z naszej platformy na swoje konto. Je\u015bli wygrasz 2500 euro lub mniej, to mo\u017cesz wyp\u0142aci\u0107 swoje pieni\u0105dze za pomoc\u0105 jednego klikni\u0119cia. Je\u015bli jest to wi\u0119cej, wy\u015blemy Ci formularz roszczenia do wype\u0142nienia, a nast\u0119pnie pomo\u017cemy w przetwarzaniu Twojej wygranej.<\/p>\n<p>Szukaj los\u00f3w na nowojorskie lotto teraz na jackpotlotteryonline.com.<\/p>\n","protected":false},"excerpt":{"rendered":"<p>Historia nowojorskiego lotto jest przesi\u0105kni\u0119ta dobrymi uczynkami i og\u00f3ln\u0105 pozytywno\u015bci\u0105. Jako loteria, kt\u00f3ra zosta\u0142a stworzona jako spos\u00f3b na pomoc w edukacji w tym stanie, jest to dobra opcja dla graczy, kt\u00f3rzy lubi\u0105 odrobin\u0119 altruizmu w swojej zabawie. Zasadniczo, je\u015bli chcesz mie\u0107 loteri\u0119, kt\u00f3ra pozwoli Ci poczu\u0107, \u017ce wnosisz co\u015b dobrego do \u015bwiata, to powiniene\u015b rozwa\u017cy\u0107 [&hellip;]<\/p>\n","protected":false},"author":1,"featured_media":0,"parent":35709,"menu_order":14,"comment_status":"closed","ping_status":"closed","template":"newyork.php","meta":{"_et_pb_use_builder":"","_et_pb_old_content":"","_et_gb_content_width":"","exclude_from_search":false,"footnotes":""},"class_list":["post-39718","page","type-page","status-publish","hentry"],"yoast_head":"<!-- This site is optimized with the Yoast SEO plugin v23.3 - https:\/\/yoast.com\/wordpress\/plugins\/seo\/ -->\n<title>Jak gra\u0107 w New York lotto z dowolnego miejsca<\/title>\n<meta name=\"description\" content=\"Nie wa\u017cne gdzie jeste\u015b, mo\u017cesz wzi\u0105\u0107 udzia\u0142 w nowojorskim lotto online. Dowiedz si\u0119 wi\u0119cej o tym, jak gra\u0107 i wygrywa\u0107 tutaj.\" \/>\n<meta name=\"robots\" content=\"index, follow, max-snippet:-1, max-image-preview:large, max-video-preview:-1\" \/>\n<link rel=\"canonical\" href=\"https:\/\/jackpotlotteryonline.com\/pl\/jak-grac\/new-york-lottery-2\/\" \/>\n<meta property=\"og:locale\" content=\"pl_PL\" \/>\n<meta property=\"og:type\" content=\"article\" \/>\n<meta property=\"og:title\" content=\"Jak gra\u0107 w New York lotto z dowolnego miejsca\" \/>\n<meta property=\"og:description\" content=\"Nie wa\u017cne gdzie jeste\u015b, mo\u017cesz wzi\u0105\u0107 udzia\u0142 w nowojorskim lotto online. Dowiedz si\u0119 wi\u0119cej o tym, jak gra\u0107 i wygrywa\u0107 tutaj.\" \/>\n<meta property=\"og:url\" content=\"https:\/\/jackpotlotteryonline.com\/pl\/jak-grac\/new-york-lottery-2\/\" \/>\n<meta property=\"og:site_name\" content=\"Lotto Online - Crack The International Lottery Jackpots\" \/>\n<meta property=\"article:modified_time\" content=\"2023-01-03T10:23:05+00:00\" \/>\n<meta property=\"og:image\" content=\"https:\/\/jackpotlotteryonline.com\/wp-content\/uploads\/2022\/11\/lotto2-300x84-1.png\" \/>\n<meta name=\"twitter:card\" content=\"summary_large_image\" \/>\n<meta name=\"twitter:label1\" content=\"Szacowany czas czytania\" \/>\n\t<meta name=\"twitter:data1\" content=\"6 minut\" \/>\n<!-- \/ Yoast SEO plugin. -->","yoast_head_json":{"title":"Jak gra\u0107 w New York lotto z dowolnego miejsca","description":"Nie wa\u017cne gdzie jeste\u015b, mo\u017cesz wzi\u0105\u0107 udzia\u0142 w nowojorskim lotto online. Dowiedz si\u0119 wi\u0119cej o tym, jak gra\u0107 i wygrywa\u0107 tutaj.","robots":{"index":"index","follow":"follow","max-snippet":"max-snippet:-1","max-image-preview":"max-image-preview:large","max-video-preview":"max-video-preview:-1"},"canonical":"https:\/\/jackpotlotteryonline.com\/pl\/jak-grac\/new-york-lottery-2\/","og_locale":"pl_PL","og_type":"article","og_title":"Jak gra\u0107 w New York lotto z dowolnego miejsca","og_description":"Nie wa\u017cne gdzie jeste\u015b, mo\u017cesz wzi\u0105\u0107 udzia\u0142 w nowojorskim lotto online. Dowiedz si\u0119 wi\u0119cej o tym, jak gra\u0107 i wygrywa\u0107 tutaj.","og_url":"https:\/\/jackpotlotteryonline.com\/pl\/jak-grac\/new-york-lottery-2\/","og_site_name":"Lotto Online - Crack The International Lottery Jackpots","article_modified_time":"2023-01-03T10:23:05+00:00","og_image":[{"url":"https:\/\/jackpotlotteryonline.com\/wp-content\/uploads\/2022\/11\/lotto2-300x84-1.png"}],"twitter_card":"summary_large_image","twitter_misc":{"Szacowany czas czytania":"6 minut"},"schema":{"@context":"https:\/\/schema.org","@graph":[{"@type":"WebPage","@id":"https:\/\/jackpotlotteryonline.com\/pl\/jak-grac\/new-york-lottery-2\/","url":"https:\/\/jackpotlotteryonline.com\/pl\/jak-grac\/new-york-lottery-2\/","name":"Jak gra\u0107 w New York lotto z dowolnego miejsca","isPartOf":{"@id":"https:\/\/jackpotlotteryonline.com\/#website"},"primaryImageOfPage":{"@id":"https:\/\/jackpotlotteryonline.com\/pl\/jak-grac\/new-york-lottery-2\/#primaryimage"},"image":{"@id":"https:\/\/jackpotlotteryonline.com\/pl\/jak-grac\/new-york-lottery-2\/#primaryimage"},"thumbnailUrl":"https:\/\/jackpotlotteryonline.com\/wp-content\/uploads\/2022\/11\/lotto2-300x84-1.png","datePublished":"2022-11-29T08:10:46+00:00","dateModified":"2023-01-03T10:23:05+00:00","description":"Nie wa\u017cne gdzie jeste\u015b, mo\u017cesz wzi\u0105\u0107 udzia\u0142 w nowojorskim lotto online. Dowiedz si\u0119 wi\u0119cej o tym, jak gra\u0107 i wygrywa\u0107 tutaj.","breadcrumb":{"@id":"https:\/\/jackpotlotteryonline.com\/pl\/jak-grac\/new-york-lottery-2\/#breadcrumb"},"inLanguage":"pl-PL","potentialAction":[{"@type":"ReadAction","target":["https:\/\/jackpotlotteryonline.com\/pl\/jak-grac\/new-york-lottery-2\/"]}]},{"@type":"ImageObject","inLanguage":"pl-PL","@id":"https:\/\/jackpotlotteryonline.com\/pl\/jak-grac\/new-york-lottery-2\/#primaryimage","url":"https:\/\/jackpotlotteryonline.com\/wp-content\/uploads\/2022\/11\/lotto2-300x84-1.png","contentUrl":"https:\/\/jackpotlotteryonline.com\/wp-content\/uploads\/2022\/11\/lotto2-300x84-1.png"},{"@type":"BreadcrumbList","@id":"https:\/\/jackpotlotteryonline.com\/pl\/jak-grac\/new-york-lottery-2\/#breadcrumb","itemListElement":[{"@type":"ListItem","position":1,"name":"Home","item":"https:\/\/jackpotlotteryonline.com\/pl\/"},{"@type":"ListItem","position":2,"name":"Jak gra\u0107","item":"https:\/\/jackpotlotteryonline.com\/pl\/jak-grac\/"},{"@type":"ListItem","position":3,"name":"Zagraj w nowojorskie lotto online"}]},{"@type":"WebSite","@id":"https:\/\/jackpotlotteryonline.com\/#website","url":"https:\/\/jackpotlotteryonline.com\/","name":"Lotto Online - Crack The International Lottery Jackpots","description":"","potentialAction":[{"@type":"SearchAction","target":{"@type":"EntryPoint","urlTemplate":"https:\/\/jackpotlotteryonline.com\/?s={search_term_string}"},"query-input":"required name=search_term_string"}],"inLanguage":"pl-PL"}]}},"_links":{"self":[{"href":"https:\/\/jackpotlotteryonline.com\/pl\/wp-json\/wp\/v2\/pages\/39718","targetHints":{"allow":["GET"]}}],"collection":[{"href":"https:\/\/jackpotlotteryonline.com\/pl\/wp-json\/wp\/v2\/pages"}],"about":[{"href":"https:\/\/jackpotlotteryonline.com\/pl\/wp-json\/wp\/v2\/types\/page"}],"author":[{"embeddable":true,"href":"https:\/\/jackpotlotteryonline.com\/pl\/wp-json\/wp\/v2\/users\/1"}],"replies":[{"embeddable":true,"href":"https:\/\/jackpotlotteryonline.com\/pl\/wp-json\/wp\/v2\/comments?post=39718"}],"version-history":[{"count":0,"href":"https:\/\/jackpotlotteryonline.com\/pl\/wp-json\/wp\/v2\/pages\/39718\/revisions"}],"up":[{"embeddable":true,"href":"https:\/\/jackpotlotteryonline.com\/pl\/wp-json\/wp\/v2\/pages\/35709"}],"wp:attachment":[{"href":"https:\/\/jackpotlotteryonline.com\/pl\/wp-json\/wp\/v2\/media?parent=39718"}],"curies":[{"name":"wp","href":"https:\/\/api.w.org\/{rel}","templated":true}]}}