{"id":40322,"date":"2022-12-02T10:43:01","date_gmt":"2022-12-02T10:43:01","guid":{"rendered":"https:\/\/jackpotlotteryonline.com\/?page_id=40322"},"modified":"2022-12-19T15:03:36","modified_gmt":"2022-12-19T15:03:36","slug":"mega-millions","status":"publish","type":"page","link":"https:\/\/jackpotlotteryonline.com\/pl\/kupic-bilety\/mega-millions\/","title":{"rendered":"Bilety &#8220;Mega Millions"},"content":{"rendered":"<h2>Jak mo\u017cna kupi\u0107 bilet Mega Millions online?<\/h2>\n<p>Je\u015bli to czytasz, prawdopodobnie jeste\u015b zainteresowany kupnem biletu Mega Millions. Mega Millions jest jedn\u0105 z wielu loterii, kt\u00f3re oferuj\u0105 du\u017ce wygrane dla swoich zwyci\u0119zc\u00f3w. By\u0107 mo\u017ce zadajesz sobie teraz pytanie: &#8220;Jak mog\u0119 kupi\u0107 bilet Mega Millions online?&#8221;.<\/p>\n<p>C\u00f3\u017c, mamy ci\u0119 pokryte. Oto przewodnik, kt\u00f3ry pomo\u017ce Ci kupi\u0107 bilet Mega Millions online.<\/p>\n<h2>Dlaczego warto kupi\u0107 bilety Mega Millions online?<\/h2>\n<p><img loading=\"lazy\" decoding=\"async\" class=\"alignright size-full wp-image-31073\" src=\"https:\/\/jackpotlotteryonline.com\/wp-content\/uploads\/2022\/11\/logo_Mega_Millions_233x110.png\" alt=\"kupi\u0107 bilet mega miliony online\" width=\"232\" height=\"110\" \/>Mega Million to ameryka\u0144ska loteria z du\u017cymi, zmieniaj\u0105cymi \u017cycie jackpotami, kt\u00f3re cz\u0119sto si\u0119gaj\u0105 setek milion\u00f3w funt\u00f3w. Wygrana w tej loterii mo\u017ce zmieni\u0107 Twoje \u017cycie z dnia na dzie\u0144, ale tylko wtedy, gdy masz szcz\u0119\u015bcie, aby mie\u0107 wszystkie zwyci\u0119skie numery dopasowane poprawnie.<\/p>\n<p>Je\u015bli planujesz <a href=\"https:\/\/jackpotlotteryonline.com\/pl\/jak-grac\/mega-millions\">gra\u0107 w t\u0119 loteri\u0119 online<\/a>, oznacza to, \u017ce b\u0119dziemy kupowa\u0107 losy w Twoim imieniu poprzez naszych lokalnych agent\u00f3w detalicznych. Jeste\u015bmy zaufanym dostawc\u0105 us\u0142ug concierge, kt\u00f3ry \u015bwiadczy te us\u0142ugi dla naszych klient\u00f3w na ca\u0142ym \u015bwiecie. Zapewniamy, \u017ce nasi klienci otrzymuj\u0105 najlepsze z naszych us\u0142ug, wi\u0119c dlaczego nie kupi\u0107 z nami?<\/p>\n<p>Poniewa\u017c Mega Millions to ogromny jackpot i wiele os\u00f3b bierze w nim udzia\u0142, szanse na wygran\u0105 s\u0105 do\u015b\u0107 wysokie i wi\u0119kszo\u015b\u0107 ludzi szuka metod, kt\u00f3re mog\u0105 wykorzysta\u0107, aby zwi\u0119kszy\u0107 swoje szanse na wygran\u0105 w tym jackpocie.<\/p>\n<p>Jednym ze sposob\u00f3w na zwi\u0119kszenie swoich szans jest zakup biletu Mega Millions online. Mo\u017cesz to zrobi\u0107 na naszej stronie internetowej, po prostu zamawiaj\u0105c bilet z dowolnego miejsca na \u015bwiecie, a skan biletu Mega Millions b\u0119dzie dost\u0119pny na Twoim koncie. Kiedy kupisz bilet Mega Millions online, nie musisz si\u0119 martwi\u0107 o utrat\u0119 lub kradzie\u017c biletu, poniewa\u017c szczeg\u00f3\u0142y biletu b\u0119d\u0105 przechowywane bezpiecznie.<\/p>\n<p>Ponadto, kupno biletu Mega Millions online jest bardziej wygodne ni\u017c p\u00f3j\u015bcie do fizycznego sklepu, poniewa\u017c mo\u017cesz zrobi\u0107 swoje zam\u00f3wienie z komfortu swojego domu z dowolnego miejsca na \u015bwiecie. B\u0119dziesz uczestniczy\u0107 w tej loterii Mega Millions tak samo jak mieszka\u0144cy USA, czekaj\u0105c na losowania.<\/p>\n<h2>Proces zakupu bilet\u00f3w Mega Millions online<\/h2>\n<p>Zanim kupisz sw\u00f3j los Mega Millions z nami, powiniene\u015b wiedzie\u0107, \u017ce b\u0119dziemy dzia\u0142a\u0107 jako po\u015brednik mi\u0119dzy Tob\u0105 a loteri\u0105, pozwalaj\u0105c Ci gra\u0107 i kupowa\u0107 losy online bez konieczno\u015bci odwiedzania fizycznego sklepu detalicznego.<\/p>\n<p>Czy jeste\u015b teraz gotowy, aby kupi\u0107 sw\u00f3j bilet Mega Millions online? Je\u015bli tak, poni\u017cej znajduje si\u0119 kilka krok\u00f3w, kt\u00f3re nale\u017cy wykona\u0107, aby zakup biletu zako\u0144czy\u0142 si\u0119 sukcesem.<\/p>\n<p><strong>1. Utw\u00f3rz konto.<\/strong><br \/>\n<img loading=\"lazy\" decoding=\"async\" class=\"alignright size-full wp-image-34025\" src=\"https:\/\/jackpotlotteryonline.com\/wp-content\/uploads\/2022\/11\/2_ticket_mega_millions3-1.jpg\" alt=\"kupi\u0107 bilet mega miliony online\" width=\"180\" height=\"193\" \/>Je\u015bli jeste\u015b nowy, zostaniesz skierowany na stron\u0119 rejestracji, gdzie podasz wymagane szczeg\u00f3\u0142y. Po pomy\u015blnym utworzeniu konta gracza, przejd\u017a na stron\u0119 loterii Mega Millions i wykonaj nast\u0119puj\u0105ce czynno\u015bci:<\/p>\n<p>Wybierz numery, z kt\u00f3rymi chcesz gra\u0107. Mo\u017cesz to zrobi\u0107 r\u0119cznie lub skorzysta\u0107 z naszego generatora liczb losowych, aby wybra\u0107 swoje numery losowo.<\/p>\n<p>Nast\u0119pnie wybierz liczb\u0119 losowa\u0144, w kt\u00f3rych chcia\u0142by\u015b wzi\u0105\u0107 udzia\u0142. Mo\u017cesz wybra\u0107 jedno losowanie lub zakupi\u0107 losy na wiele losowa\u0144. Udzia\u0142 w wielu losowaniach zwi\u0119ksza Twoje szanse na wygranie jackpota Mega Millions.<\/p>\n<p><strong>2. Kliknij przycisk &#8220;Kontynuuj&#8221; i przejd\u017a do strony kasy.<\/strong><\/p>\n<p><strong>3. Metody p\u0142atno\u015bci.<\/strong><\/p>\n<p>Przejd\u017a do strony p\u0142atno\u015bci i zap\u0142a\u0107 za swoje bilety. Skan biletu Mega Millions zostanie po pewnym czasie przes\u0142any na Twoje konto.<\/p>\n<p><strong>4. Wszystko, co musisz teraz zrobi\u0107, to czeka\u0107 na losowania, kt\u00f3re odbywaj\u0105 si\u0119 w ka\u017cdy wtorek i pi\u0105tek o 11:00.<\/strong> Strefy czasowe mog\u0105 si\u0119 r\u00f3\u017cni\u0107, wi\u0119c zaleca si\u0119 potwierdzenie strefy czasowej, jak czeka\u0107 na<a href=\"https:\/\/jackpotlotteryonline.com\/pl\/zwycieskie-numery\/mega-millions\"> losowania<\/a>.<\/p>\n<h2>Co si\u0119 dzieje po wygraniu jackpota Mega Millions?<\/h2>\n<p>Je\u015bli poprawnie dopasujesz wszystkie liczby, mo\u017cesz zastanawia\u0107 si\u0119, co robi\u0107 dalej lub jak otrzymasz swoj\u0105 nagrod\u0119. Otrzymasz wszystkie swoje wygrane i nie b\u0119dziesz musia\u0142 podr\u00f3\u017cowa\u0107 do USA, aby odebra\u0107 swoj\u0105 nagrod\u0119 Mega Millions. Wystarczy wiedzie\u0107, \u017ce skan biletu b\u0119dzie s\u0142u\u017cy\u0107 jako dow\u00f3d uczestnictwa, wi\u0119c zachowa\u0107 go bezpiecznie, b\u0119dziesz go potrzebowa\u0107.<\/p>\n<section class=\"layout\" style=\"border: solid 1px; width: 100%;\">\n<div class=\"img-div\" style=\"margin-top: 5px;\"><img decoding=\"async\" class=\"wp-image-17212 alignleft\" style=\"height: 45px; margin: 8px 8px 0px;\" src=\"https:\/\/jackpotlotteryonline.com\/wp-content\/uploads\/2022\/11\/read1.jpg\" alt=\"nagradzanie zwyci\u0119zcy\" width=\"\" height=\"\" \/><\/div>\n<div style=\"padding-left: 5px;\">\n<div style=\"font-size: 1.1em;\">\n<p><strong>Jak mog\u0119 otrzyma\u0107 zap\u0142at\u0119, je\u015bli wygram na loterii online?<\/strong><\/p>\n<p style=\"font-size: 0.85em; margin-top: -1.5em;\">Oto jak otrzymasz swoje pieni\u0105dze, je\u015bli wygrasz na loterii online \u00a0<a href=\"https:\/\/jackpotlotteryonline.com\/pl\/jak-otrzymam-zaplate-jesli-wygram-na-loterii-online\">wi\u0119cej<\/a><\/p>\n<\/div>\n<\/div>\n<\/section>\n<h2>Porady, kt\u00f3re pomog\u0105 Ci wyj\u015b\u0107 z Mega Millions jackpot<\/h2>\n<p><img loading=\"lazy\" decoding=\"async\" class=\"size-medium wp-image-29858 alignright\" src=\"https:\/\/jackpotlotteryonline.com\/wp-content\/uploads\/2022\/11\/1_win_euromillions_lottery-300x164.jpg\" alt=\"kupi\u0107 bilet mega miliony online\" width=\"300\" height=\"164\" srcset=\"https:\/\/jackpotlotteryonline.com\/wp-content\/uploads\/2022\/11\/1_win_euromillions_lottery-300x164.jpg 300w, https:\/\/jackpotlotteryonline.com\/wp-content\/uploads\/2022\/11\/1_win_euromillions_lottery.jpg 350w\" sizes=\"auto, (max-width: 300px) 100vw, 300px\" \/><\/p>\n<p>Je\u015bli planujesz zagra\u0107 w loterii Mega Millions i wygra\u0107 jackpota, jest kilka rzeczy, kt\u00f3re powiniene\u015b wzi\u0105\u0107 pod uwag\u0119, aby zwi\u0119kszy\u0107 swoje szanse na wygran\u0105.<\/p>\n<p>Po pierwsze, na pocz\u0105tek, wybierz swoje numery ostro\u017cnie. Nie wybieraj numer\u00f3w, kt\u00f3re s\u0105 zbyt powszechne; zamiast tego rozwa\u017c u\u017cycie swoich szcz\u0119\u015bliwych numer\u00f3w lub wybranie numer\u00f3w losowo. Upewnij si\u0119, \u017ce s\u0105 one roz\u0142o\u017cone r\u00f3wnomiernie, aby unikn\u0105\u0107 wyboru tych samych numer\u00f3w, co inni gracze.<\/p>\n<p>Po drugie, por\u00f3wnaj ostatnie zwyci\u0119skie numery i zbadaj wzorce liczbowe. Wyeliminuj numery, kt\u00f3re zosta\u0142y wylosowane ostatnio z tych, kt\u00f3re wybra\u0142e\u015b.<\/p>\n<p>Zbadaj r\u00f3wnie\u017c wz\u00f3r najcz\u0119\u015bciej wyst\u0119puj\u0105cych zwyci\u0119skich numer\u00f3w i oznacz je jako te, kt\u00f3re maj\u0105 najwi\u0119ksz\u0105 cz\u0119stotliwo\u015b\u0107 wygrywania. Po ich obserwacji rozdaj cz\u0119\u015b\u0107 z nich zgodnie z wybranymi przez Ciebie liczbami.<\/p>\n<p>Wreszcie, masz mo\u017cliwo\u015b\u0107 gry w loterii Mega Millions w syndykacie. Jest to jak zakup bilet\u00f3w jako grupa, a wszystkie wygrane zostan\u0105 podzielone r\u00f3wno pomi\u0119dzy wszystkich graczy, kt\u00f3rzy wzi\u0119li udzia\u0142. Jest to \u015bwietna metoda, aby zwi\u0119kszy\u0107 swoje szanse na wygranie jackpota.<\/p>\n<p>Je\u015bli grasz w Mega Millions bior\u0105c pod uwag\u0119 powy\u017csze wskaz\u00f3wki, kto wie? By\u0107 mo\u017ce b\u0119dziesz nast\u0119pnym zwyci\u0119zc\u0105, kt\u00f3ry zgarnie jackpota. Spr\u00f3buj swojego szcz\u0119\u015bcia ju\u017c dzi\u015b!<\/p>\n<h2>Wniosek<\/h2>\n<p>Je\u015bli nie jeste\u015b mieszka\u0144cem USA i masz nadziej\u0119 na zgarni\u0119cie jackpota Mega Millions, to najlepsz\u0105 opcj\u0105 jest zakup biletu Mega Millions online. Mo\u017cesz wzi\u0105\u0107 udzia\u0142 w tej loterii z ka\u017cdego kraju na \u015bwiecie. Na co wi\u0119c czekasz? Kup bilety ju\u017c dzi\u015b i miej szans\u0119 na bycie szcz\u0119\u015bliwym zwyci\u0119zc\u0105 jackpota.<\/p>\n<p>Aby uzyska\u0107 wi\u0119cej informacji na temat tej loterii, odwied\u017a nasz\u0105 stron\u0119 FAQ lub prze\u015blij swoje pytanie, a nasz zesp\u00f3\u0142 obs\u0142ugi klienta odpowie z odpowiednimi informacjami. W mi\u0119dzyczasie mo\u017cesz r\u00f3wnie\u017c pozna\u0107 inne loterie dost\u0119pne na naszej stronie, a je\u015bli jeste\u015b zainteresowany, po prostu naci\u015bnij przycisk play i wygraj r\u00f3wnie\u017c w innych loteriach.<\/p>\n","protected":false},"excerpt":{"rendered":"<p>Jak mo\u017cna kupi\u0107 bilet Mega Millions online? Je\u015bli to czytasz, prawdopodobnie jeste\u015b zainteresowany kupnem biletu Mega Millions. Mega Millions jest jedn\u0105 z wielu loterii, kt\u00f3re oferuj\u0105 du\u017ce wygrane dla swoich zwyci\u0119zc\u00f3w. By\u0107 mo\u017ce zadajesz sobie teraz pytanie: &#8220;Jak mog\u0119 kupi\u0107 bilet Mega Millions online?&#8221;. C\u00f3\u017c, mamy ci\u0119 pokryte. Oto przewodnik, kt\u00f3ry pomo\u017ce Ci kupi\u0107 bilet [&hellip;]<\/p>\n","protected":false},"author":1,"featured_media":0,"parent":35770,"menu_order":1,"comment_status":"closed","ping_status":"closed","template":"megamillion.php","meta":{"_et_pb_use_builder":"","_et_pb_old_content":"","_et_gb_content_width":"","exclude_from_search":false,"footnotes":""},"class_list":["post-40322","page","type-page","status-publish","hentry"],"yoast_head":"<!-- This site is optimized with the Yoast SEO plugin v23.3 - https:\/\/yoast.com\/wordpress\/plugins\/seo\/ -->\n<title>Kup bilety Mega Millions online | Bilety na Mega Millions spoza USA<\/title>\n<meta name=\"description\" content=\"Je\u015bli mieszkasz poza USA, nadal mo\u017cesz kupi\u0107 bilety Mega Millions online, w\u0142a\u015bnie tutaj. Kupujemy prawdziwe bilety Mega Millions dla Ciebie i skanujemy je\" \/>\n<meta name=\"robots\" content=\"index, follow, max-snippet:-1, max-image-preview:large, max-video-preview:-1\" \/>\n<link rel=\"canonical\" href=\"https:\/\/jackpotlotteryonline.com\/pl\/kupic-bilety\/mega-millions\/\" \/>\n<meta property=\"og:locale\" content=\"pl_PL\" \/>\n<meta property=\"og:type\" content=\"article\" \/>\n<meta property=\"og:title\" content=\"Kup bilety Mega Millions online | Bilety na Mega Millions spoza USA\" \/>\n<meta property=\"og:description\" content=\"Je\u015bli mieszkasz poza USA, nadal mo\u017cesz kupi\u0107 bilety Mega Millions online, w\u0142a\u015bnie tutaj. Kupujemy prawdziwe bilety Mega Millions dla Ciebie i skanujemy je\" \/>\n<meta property=\"og:url\" content=\"https:\/\/jackpotlotteryonline.com\/pl\/kupic-bilety\/mega-millions\/\" \/>\n<meta property=\"og:site_name\" content=\"Lotto Online - Crack The International Lottery Jackpots\" \/>\n<meta property=\"article:modified_time\" content=\"2022-12-19T15:03:36+00:00\" \/>\n<meta property=\"og:image\" content=\"https:\/\/jackpotlotteryonline.com\/wp-content\/uploads\/2022\/11\/logo_Mega_Millions_233x110.png\" \/>\n<meta name=\"twitter:card\" content=\"summary_large_image\" \/>\n<meta name=\"twitter:label1\" content=\"Szacowany czas czytania\" \/>\n\t<meta name=\"twitter:data1\" content=\"5 minut\" \/>\n<!-- \/ Yoast SEO plugin. -->","yoast_head_json":{"title":"Kup bilety Mega Millions online | Bilety na Mega Millions spoza USA","description":"Je\u015bli mieszkasz poza USA, nadal mo\u017cesz kupi\u0107 bilety Mega Millions online, w\u0142a\u015bnie tutaj. Kupujemy prawdziwe bilety Mega Millions dla Ciebie i skanujemy je","robots":{"index":"index","follow":"follow","max-snippet":"max-snippet:-1","max-image-preview":"max-image-preview:large","max-video-preview":"max-video-preview:-1"},"canonical":"https:\/\/jackpotlotteryonline.com\/pl\/kupic-bilety\/mega-millions\/","og_locale":"pl_PL","og_type":"article","og_title":"Kup bilety Mega Millions online | Bilety na Mega Millions spoza USA","og_description":"Je\u015bli mieszkasz poza USA, nadal mo\u017cesz kupi\u0107 bilety Mega Millions online, w\u0142a\u015bnie tutaj. Kupujemy prawdziwe bilety Mega Millions dla Ciebie i skanujemy je","og_url":"https:\/\/jackpotlotteryonline.com\/pl\/kupic-bilety\/mega-millions\/","og_site_name":"Lotto Online - Crack The International Lottery Jackpots","article_modified_time":"2022-12-19T15:03:36+00:00","og_image":[{"url":"https:\/\/jackpotlotteryonline.com\/wp-content\/uploads\/2022\/11\/logo_Mega_Millions_233x110.png"}],"twitter_card":"summary_large_image","twitter_misc":{"Szacowany czas czytania":"5 minut"},"schema":{"@context":"https:\/\/schema.org","@graph":[{"@type":"WebPage","@id":"https:\/\/jackpotlotteryonline.com\/pl\/kupic-bilety\/mega-millions\/","url":"https:\/\/jackpotlotteryonline.com\/pl\/kupic-bilety\/mega-millions\/","name":"Kup bilety Mega Millions online | Bilety na Mega Millions spoza USA","isPartOf":{"@id":"https:\/\/jackpotlotteryonline.com\/#website"},"primaryImageOfPage":{"@id":"https:\/\/jackpotlotteryonline.com\/pl\/kupic-bilety\/mega-millions\/#primaryimage"},"image":{"@id":"https:\/\/jackpotlotteryonline.com\/pl\/kupic-bilety\/mega-millions\/#primaryimage"},"thumbnailUrl":"https:\/\/jackpotlotteryonline.com\/wp-content\/uploads\/2022\/11\/logo_Mega_Millions_233x110.png","datePublished":"2022-12-02T10:43:01+00:00","dateModified":"2022-12-19T15:03:36+00:00","description":"Je\u015bli mieszkasz poza USA, nadal mo\u017cesz kupi\u0107 bilety Mega Millions online, w\u0142a\u015bnie tutaj. Kupujemy prawdziwe bilety Mega Millions dla Ciebie i skanujemy je","breadcrumb":{"@id":"https:\/\/jackpotlotteryonline.com\/pl\/kupic-bilety\/mega-millions\/#breadcrumb"},"inLanguage":"pl-PL","potentialAction":[{"@type":"ReadAction","target":["https:\/\/jackpotlotteryonline.com\/pl\/kupic-bilety\/mega-millions\/"]}]},{"@type":"ImageObject","inLanguage":"pl-PL","@id":"https:\/\/jackpotlotteryonline.com\/pl\/kupic-bilety\/mega-millions\/#primaryimage","url":"https:\/\/jackpotlotteryonline.com\/wp-content\/uploads\/2022\/11\/logo_Mega_Millions_233x110.png","contentUrl":"https:\/\/jackpotlotteryonline.com\/wp-content\/uploads\/2022\/11\/logo_Mega_Millions_233x110.png"},{"@type":"BreadcrumbList","@id":"https:\/\/jackpotlotteryonline.com\/pl\/kupic-bilety\/mega-millions\/#breadcrumb","itemListElement":[{"@type":"ListItem","position":1,"name":"Home","item":"https:\/\/jackpotlotteryonline.com\/pl\/"},{"@type":"ListItem","position":2,"name":"Jak kupi\u0107 bilety na loteri\u0119 online","item":"https:\/\/jackpotlotteryonline.com\/buy-tickets\/"},{"@type":"ListItem","position":3,"name":"Bilety &#8222;Mega Millions"}]},{"@type":"WebSite","@id":"https:\/\/jackpotlotteryonline.com\/#website","url":"https:\/\/jackpotlotteryonline.com\/","name":"Lotto Online - Crack The International Lottery Jackpots","description":"","potentialAction":[{"@type":"SearchAction","target":{"@type":"EntryPoint","urlTemplate":"https:\/\/jackpotlotteryonline.com\/?s={search_term_string}"},"query-input":"required name=search_term_string"}],"inLanguage":"pl-PL"}]}},"_links":{"self":[{"href":"https:\/\/jackpotlotteryonline.com\/pl\/wp-json\/wp\/v2\/pages\/40322","targetHints":{"allow":["GET"]}}],"collection":[{"href":"https:\/\/jackpotlotteryonline.com\/pl\/wp-json\/wp\/v2\/pages"}],"about":[{"href":"https:\/\/jackpotlotteryonline.com\/pl\/wp-json\/wp\/v2\/types\/page"}],"author":[{"embeddable":true,"href":"https:\/\/jackpotlotteryonline.com\/pl\/wp-json\/wp\/v2\/users\/1"}],"replies":[{"embeddable":true,"href":"https:\/\/jackpotlotteryonline.com\/pl\/wp-json\/wp\/v2\/comments?post=40322"}],"version-history":[{"count":0,"href":"https:\/\/jackpotlotteryonline.com\/pl\/wp-json\/wp\/v2\/pages\/40322\/revisions"}],"up":[{"embeddable":true,"href":"https:\/\/jackpotlotteryonline.com\/pl\/wp-json\/wp\/v2\/pages\/35770"}],"wp:attachment":[{"href":"https:\/\/jackpotlotteryonline.com\/pl\/wp-json\/wp\/v2\/media?parent=40322"}],"curies":[{"name":"wp","href":"https:\/\/api.w.org\/{rel}","templated":true}]}}