{"id":40374,"date":"2022-12-02T14:18:27","date_gmt":"2022-12-02T14:18:27","guid":{"rendered":"https:\/\/jackpotlotteryonline.com\/?page_id=40374"},"modified":"2023-01-01T14:31:38","modified_gmt":"2023-01-01T14:31:38","slug":"oz-lotto","status":"publish","type":"page","link":"https:\/\/jackpotlotteryonline.com\/pl\/jak-grac\/oz-lotto\/","title":{"rendered":"Zagraj w Oz Lotto online"},"content":{"rendered":"<h2>O Oz Lotto<\/h2>\n<p>Oz Lotto to australijska loteria, kt\u00f3ra zosta\u0142a wprowadzona w 1994 roku i zarz\u0105dzana jest przez grup\u0119 zwan\u0105 Tatts group. Oz Lotto zyska\u0142o na popularno\u015bci zar\u00f3wno w Australii jak i Nowej Zelandii, dzi\u0119ki czemu jest to najwi\u0119ksza australijska gra loteryjna. <a href=\"https:\/\/jackpotlotteryonline.com\/pl\/zwycieskie-numery\/oz-lotto\">Losowania Oz Lotto<\/a> odbywaj\u0105 si\u0119 w ka\u017cd\u0105 \u015brod\u0119 i pi\u0105tek.<\/p>\n<p>Poni\u017cej znajduje si\u0119 przewodnik, kt\u00f3ry pomo\u017ce Ci zagra\u0107 w Oz Lotto online z dowolnego miejsca na \u015bwiecie.<\/p>\n<h2>Jak gra\u0107 w Oz Lotto online<\/h2>\n<p><img loading=\"lazy\" decoding=\"async\" class=\"alignright size-full wp-image-29777\" src=\"http:\/\/jackpotlotteryonline.com\/wp-content\/uploads\/2022\/11\/1_ticket_online_buying.jpg\" alt=\"zagraj w oz lotto online\" width=\"300\" height=\"203\" \/>Je\u015bli szukasz ekscytuj\u0105cej i porywaj\u0105cej loterii, w kt\u00f3rej m\u00f3g\u0142by\u015b wzi\u0105\u0107 udzia\u0142, musisz sprawdzi\u0107 australijskie Oz Lotto. Oferujemy graczom mo\u017cliwo\u015b\u0107 gry na mi\u0119dzynarodowych loteriach online, oferuj\u0105c us\u0142ugi concierge. Wszystko czego potrzebujesz, aby gra\u0107 w Oz Lotto online to komputer i po\u0142\u0105czenie z internetem.<\/p>\n<p>Aby zagra\u0107 w Oz Lotto online, wystarczy wybra\u0107 siedem g\u0142\u00f3wnych numer\u00f3w z zakresu od 1 do 47. Kolejne trzy numery, znane jako numery dodatkowe, wybierane s\u0105 podczas losowania. Mo\u017cesz wybra\u0107 swoje numery za pomoc\u0105 naszego generatora liczb losowych lub wybra\u0107 je r\u0119cznie. Nast\u0119pnie wybierz liczb\u0119 losowa\u0144, w kt\u00f3rych chcesz wzi\u0105\u0107 udzia\u0142. Przejd\u017a do kasy i <a href=\"https:\/\/jackpotlotteryonline.com\/pl\/kupic-bilety\/oz-lotto\">zap\u0142a\u0107 za swoje bilety<\/a>, a nast\u0119pnie czekaj na losowanie.<\/p>\n<h2>Co to s\u0105 numery dodatkowe i jak s\u0105 one wykorzystywane?<\/h2>\n<p>Numery uzupe\u0142niaj\u0105ce s\u0105 traktowane jako &#8220;bonusowe pi\u0142ki&#8221; podczas losowa\u0144 Oz Lotto. Podczas losowania, dziesi\u0119\u0107 zwyci\u0119skich numer\u00f3w jest wybieranych losowo, a pierwsze siedem jest oznaczane jako g\u0142\u00f3wne numery dla zwyci\u0119zcy jackpota. Tiery 2, 4 i 7 s\u0105 okre\u015blane przez pozosta\u0142e trzy &#8220;numery uzupe\u0142niaj\u0105ce&#8221;.<\/p>\n<h2>Poziomy nagr\u00f3d Oz Lotto<\/h2>\n<p>Australijskie Oz Lotto ma w sumie siedem poziom\u00f3w nagr\u00f3d. S\u0105 one nast\u0119puj\u0105ce:<\/p>\n<ul>\n<li>Tier 1: Jackpot: siedem dopasowanych numer\u00f3w<\/li>\n<li>Tier 2: dopasowane sze\u015b\u0107 numer\u00f3w + numer uzupe\u0142niaj\u0105cy<\/li>\n<li>Tier 3: Sze\u015b\u0107 numer\u00f3w dopasowane<\/li>\n<li>Tier 4: Dopasowane pi\u0119\u0107 numer\u00f3w + numer dodatkowy<\/li>\n<li>Tier 5: Dopasowane Pi\u0119\u0107 Numer\u00f3w<\/li>\n<li>Poziom 6: Dopasowane cztery liczby<\/li>\n<li>Tier 7: Dopasowane trzy numery + numer dodatkowy<\/li>\n<\/ul>\n<h2>Czy musz\u0119 by\u0107 w Australii, aby gra\u0107 w Oz Lotto?<\/h2>\n<p>Nie, nie musisz by\u0107 mieszka\u0144cem Australii, aby wzi\u0105\u0107 udzia\u0142 w tej loterii. Wszystko co musisz zrobi\u0107 to odwiedzi\u0107 stron\u0119 jackpotlotteryonline.com aby spe\u0142ni\u0107 swoje marzenie o grze na mi\u0119dzynarodowych loteriach. \u015awiadczymy us\u0142ugi loteryjne dla naszych klient\u00f3w, takie, \u017ce kupujemy fizyczne bilety przez naszych zaufanych agent\u00f3w loterii. Fizyczny bilet b\u0119dzie bezpiecznie przechowywany, natomiast jego skan zostanie przes\u0142any na konto gracza. Wszystko to zostanie zrobione za Ciebie, a to co pozostanie to oczekiwanie na dzie\u0144 losowania.<\/p>\n<p>Nie musisz si\u0119 wi\u0119c martwi\u0107, \u017ce nie b\u0119dziesz m\u00f3g\u0142 wzi\u0105\u0107 udzia\u0142u w Oz Lotto. B\u0119dziesz gra\u0142 w t\u0119 loteri\u0119 tak samo jak mieszkaniec Australii. Gra w Oz Lotto jest tak prosta. Spr\u00f3buj swojego szcz\u0119\u015bcia ju\u017c dzi\u015b!<\/p>\n<h2>Wygrana w Oz Lotto<\/h2>\n<p>Aby wygra\u0107 g\u0142\u00f3wn\u0105 wygran\u0105 w Oz Lotto, gracz musi dopasowa\u0107 siedem numer\u00f3w z ca\u0142kowitej liczby 47. Jackpot ten zaczyna si\u0119 od 10 milion\u00f3w dolar\u00f3w i cz\u0119sto ro\u015bnie a\u017c do momentu wygranej. Opr\u00f3cz g\u0142\u00f3wnego jackpota, osiem mniejszych podzia\u0142\u00f3w nagr\u00f3d jest wygrywanych przez graczy, kt\u00f3rzy dopasuj\u0105 cztery lub pi\u0119\u0107 numer\u00f3w poprawnie dla tego losowania.<\/p>\n<section class=\"layout\" style=\"border: solid 1px; width: 100%;\">\n<div class=\"img-div\" style=\"margin-top: 5px;\"><img decoding=\"async\" class=\"wp-image-17212 alignleft\" style=\"height: 45px; margin: 8px 8px 0px;\" src=\"http:\/\/jackpotlotteryonline.com\/wp-content\/uploads\/2022\/11\/read1.jpg\" alt=\"Czytaj \" width=\"\" height=\"\" \/><\/div>\n<div style=\"padding-left: 5px;\">\n<div style=\"font-size: 1.1em;\">\n<p><strong>Historyczne, rekordowe jackpoty loterii<\/strong><\/p>\n<p style=\"font-size: 0.85em; margin-top: -1.5em;\">Najwi\u0119ksze jackpoty lotto w historii przyprawi\u0105 Ci\u0119 o zawr\u00f3t g\u0142owy\u00a0 <a href=\"https:\/\/jackpotlotteryonline.com\/pl\/najwieksze-jackpoty-lotto-w-historii\"> wi\u0119cej<\/a><\/p>\n<\/div>\n<\/div>\n<\/section>\n<h2>Jakie s\u0105 szanse na wygran\u0105 w australijskim Oz Lotto?<\/h2>\n<p><img loading=\"lazy\" decoding=\"async\" class=\"alignright wp-image-28697 size-medium\" src=\"http:\/\/jackpotlotteryonline.com\/wp-content\/uploads\/2022\/11\/1_online_lotto_winners-300x200.jpg\" alt=\"zagraj w oz lotto online\" width=\"300\" height=\"200\" srcset=\"https:\/\/jackpotlotteryonline.com\/wp-content\/uploads\/2022\/11\/1_online_lotto_winners-300x200.jpg 300w, https:\/\/jackpotlotteryonline.com\/wp-content\/uploads\/2022\/11\/1_online_lotto_winners.jpg 320w\" sizes=\"auto, (max-width: 300px) 100vw, 300px\" \/>Oz Lotto zdoby\u0142o popularno\u015b\u0107 i uczyni\u0142o wielu graczy zwyci\u0119zcami, co jednocze\u015bnie sprawi\u0142o, \u017ce szanse na wygran\u0105 w ka\u017cdym z poziom\u00f3w nagr\u00f3d s\u0105 do\u015b\u0107 wysokie.<\/p>\n<p>Szanse na trafienie siedmiu liczb i wygranie jackpota wynosz\u0105 1 na 62 891 499, co jest prawie niemo\u017cliwe. Ale dobr\u0105 rzecz\u0105 w loteriach jest to, \u017ce gra polega na szcz\u0119\u015bciu, nigdy nie wiesz, czy zostaniesz zwyci\u0119zc\u0105, i to jest to, co sprawia, \u017ce udzia\u0142 w loteriach jest ekscytuj\u0105cy.<\/p>\n<p>Og\u00f3lna szansa na wygranie kt\u00f3rejkolwiek z siedmiu nagr\u00f3d wynosi 1 na 51.<\/p>\n<p>Aby uzyska\u0107 wi\u0119cej informacji na temat Oz Lotto, odwied\u017a nasz\u0105 stron\u0119 FAQ lub odwied\u017a oficjaln\u0105 stron\u0119 loterii.<\/p>\n<p>Zarejestruj konto ju\u017c dzi\u015b i zyskaj szans\u0119 na udzia\u0142 w tej loterii z dowolnego miejsca na \u015bwiecie.<\/p>\n","protected":false},"excerpt":{"rendered":"<p>O Oz Lotto Oz Lotto to australijska loteria, kt\u00f3ra zosta\u0142a wprowadzona w 1994 roku i zarz\u0105dzana jest przez grup\u0119 zwan\u0105 Tatts group. Oz Lotto zyska\u0142o na popularno\u015bci zar\u00f3wno w Australii jak i Nowej Zelandii, dzi\u0119ki czemu jest to najwi\u0119ksza australijska gra loteryjna. Losowania Oz Lotto odbywaj\u0105 si\u0119 w ka\u017cd\u0105 \u015brod\u0119 i pi\u0105tek. Poni\u017cej znajduje si\u0119 [&hellip;]<\/p>\n","protected":false},"author":1,"featured_media":0,"parent":35709,"menu_order":16,"comment_status":"closed","ping_status":"closed","template":"","meta":{"_et_pb_use_builder":"","_et_pb_old_content":"","_et_gb_content_width":"","exclude_from_search":false,"footnotes":""},"class_list":["post-40374","page","type-page","status-publish","hentry"],"yoast_head":"<!-- This site is optimized with the Yoast SEO plugin v23.3 - https:\/\/yoast.com\/wordpress\/plugins\/seo\/ -->\n<title>Zagraj w Oz Lotto online spoza Australii<\/title>\n<meta name=\"description\" content=\"Teraz mo\u017cesz gra\u0107 w Oz Lotto online, nie tylko je\u015bli jeste\u015b w Australii - mo\u017cesz gra\u0107 w Oz lotto z dowolnego miejsca na \u015bwiecie\" \/>\n<meta name=\"robots\" content=\"index, follow, max-snippet:-1, max-image-preview:large, max-video-preview:-1\" \/>\n<link rel=\"canonical\" href=\"https:\/\/jackpotlotteryonline.com\/pl\/jak-grac\/oz-lotto\/\" \/>\n<meta property=\"og:locale\" content=\"pl_PL\" \/>\n<meta property=\"og:type\" content=\"article\" \/>\n<meta property=\"og:title\" content=\"Zagraj w Oz Lotto online spoza Australii\" \/>\n<meta property=\"og:description\" content=\"Teraz mo\u017cesz gra\u0107 w Oz Lotto online, nie tylko je\u015bli jeste\u015b w Australii - mo\u017cesz gra\u0107 w Oz lotto z dowolnego miejsca na \u015bwiecie\" \/>\n<meta property=\"og:url\" content=\"https:\/\/jackpotlotteryonline.com\/pl\/jak-grac\/oz-lotto\/\" \/>\n<meta property=\"og:site_name\" content=\"Lotto Online - Crack The International Lottery Jackpots\" \/>\n<meta property=\"article:modified_time\" content=\"2023-01-01T14:31:38+00:00\" \/>\n<meta property=\"og:image\" content=\"http:\/\/jackpotlotteryonline.com\/wp-content\/uploads\/2022\/11\/1_ticket_online_buying.jpg\" \/>\n<meta name=\"twitter:card\" content=\"summary_large_image\" \/>\n<meta name=\"twitter:label1\" content=\"Szacowany czas czytania\" \/>\n\t<meta name=\"twitter:data1\" content=\"4 minuty\" \/>\n<!-- \/ Yoast SEO plugin. -->","yoast_head_json":{"title":"Zagraj w Oz Lotto online spoza Australii","description":"Teraz mo\u017cesz gra\u0107 w Oz Lotto online, nie tylko je\u015bli jeste\u015b w Australii - mo\u017cesz gra\u0107 w Oz lotto z dowolnego miejsca na \u015bwiecie","robots":{"index":"index","follow":"follow","max-snippet":"max-snippet:-1","max-image-preview":"max-image-preview:large","max-video-preview":"max-video-preview:-1"},"canonical":"https:\/\/jackpotlotteryonline.com\/pl\/jak-grac\/oz-lotto\/","og_locale":"pl_PL","og_type":"article","og_title":"Zagraj w Oz Lotto online spoza Australii","og_description":"Teraz mo\u017cesz gra\u0107 w Oz Lotto online, nie tylko je\u015bli jeste\u015b w Australii - mo\u017cesz gra\u0107 w Oz lotto z dowolnego miejsca na \u015bwiecie","og_url":"https:\/\/jackpotlotteryonline.com\/pl\/jak-grac\/oz-lotto\/","og_site_name":"Lotto Online - Crack The International Lottery Jackpots","article_modified_time":"2023-01-01T14:31:38+00:00","og_image":[{"url":"http:\/\/jackpotlotteryonline.com\/wp-content\/uploads\/2022\/11\/1_ticket_online_buying.jpg"}],"twitter_card":"summary_large_image","twitter_misc":{"Szacowany czas czytania":"4 minuty"},"schema":{"@context":"https:\/\/schema.org","@graph":[{"@type":"WebPage","@id":"https:\/\/jackpotlotteryonline.com\/pl\/jak-grac\/oz-lotto\/","url":"https:\/\/jackpotlotteryonline.com\/pl\/jak-grac\/oz-lotto\/","name":"Zagraj w Oz Lotto online spoza Australii","isPartOf":{"@id":"https:\/\/jackpotlotteryonline.com\/#website"},"primaryImageOfPage":{"@id":"https:\/\/jackpotlotteryonline.com\/pl\/jak-grac\/oz-lotto\/#primaryimage"},"image":{"@id":"https:\/\/jackpotlotteryonline.com\/pl\/jak-grac\/oz-lotto\/#primaryimage"},"thumbnailUrl":"http:\/\/jackpotlotteryonline.com\/wp-content\/uploads\/2022\/11\/1_ticket_online_buying.jpg","datePublished":"2022-12-02T14:18:27+00:00","dateModified":"2023-01-01T14:31:38+00:00","description":"Teraz mo\u017cesz gra\u0107 w Oz Lotto online, nie tylko je\u015bli jeste\u015b w Australii - mo\u017cesz gra\u0107 w Oz lotto z dowolnego miejsca na \u015bwiecie","breadcrumb":{"@id":"https:\/\/jackpotlotteryonline.com\/pl\/jak-grac\/oz-lotto\/#breadcrumb"},"inLanguage":"pl-PL","potentialAction":[{"@type":"ReadAction","target":["https:\/\/jackpotlotteryonline.com\/pl\/jak-grac\/oz-lotto\/"]}]},{"@type":"ImageObject","inLanguage":"pl-PL","@id":"https:\/\/jackpotlotteryonline.com\/pl\/jak-grac\/oz-lotto\/#primaryimage","url":"http:\/\/jackpotlotteryonline.com\/wp-content\/uploads\/2022\/11\/1_ticket_online_buying.jpg","contentUrl":"http:\/\/jackpotlotteryonline.com\/wp-content\/uploads\/2022\/11\/1_ticket_online_buying.jpg"},{"@type":"BreadcrumbList","@id":"https:\/\/jackpotlotteryonline.com\/pl\/jak-grac\/oz-lotto\/#breadcrumb","itemListElement":[{"@type":"ListItem","position":1,"name":"Home","item":"https:\/\/jackpotlotteryonline.com\/pl\/"},{"@type":"ListItem","position":2,"name":"Jak gra\u0107","item":"https:\/\/jackpotlotteryonline.com\/pl\/jak-grac\/"},{"@type":"ListItem","position":3,"name":"Zagraj w Oz Lotto online"}]},{"@type":"WebSite","@id":"https:\/\/jackpotlotteryonline.com\/#website","url":"https:\/\/jackpotlotteryonline.com\/","name":"Lotto Online - Crack The International Lottery Jackpots","description":"","potentialAction":[{"@type":"SearchAction","target":{"@type":"EntryPoint","urlTemplate":"https:\/\/jackpotlotteryonline.com\/?s={search_term_string}"},"query-input":"required name=search_term_string"}],"inLanguage":"pl-PL"}]}},"_links":{"self":[{"href":"https:\/\/jackpotlotteryonline.com\/pl\/wp-json\/wp\/v2\/pages\/40374","targetHints":{"allow":["GET"]}}],"collection":[{"href":"https:\/\/jackpotlotteryonline.com\/pl\/wp-json\/wp\/v2\/pages"}],"about":[{"href":"https:\/\/jackpotlotteryonline.com\/pl\/wp-json\/wp\/v2\/types\/page"}],"author":[{"embeddable":true,"href":"https:\/\/jackpotlotteryonline.com\/pl\/wp-json\/wp\/v2\/users\/1"}],"replies":[{"embeddable":true,"href":"https:\/\/jackpotlotteryonline.com\/pl\/wp-json\/wp\/v2\/comments?post=40374"}],"version-history":[{"count":0,"href":"https:\/\/jackpotlotteryonline.com\/pl\/wp-json\/wp\/v2\/pages\/40374\/revisions"}],"up":[{"embeddable":true,"href":"https:\/\/jackpotlotteryonline.com\/pl\/wp-json\/wp\/v2\/pages\/35709"}],"wp:attachment":[{"href":"https:\/\/jackpotlotteryonline.com\/pl\/wp-json\/wp\/v2\/media?parent=40374"}],"curies":[{"name":"wp","href":"https:\/\/api.w.org\/{rel}","templated":true}]}}