{"id":40498,"date":"2022-12-05T08:47:13","date_gmt":"2022-12-05T08:47:13","guid":{"rendered":"https:\/\/jackpotlotteryonline.com\/?page_id=40498"},"modified":"2022-12-26T14:15:34","modified_gmt":"2022-12-26T14:15:34","slug":"powerball","status":"publish","type":"page","link":"https:\/\/jackpotlotteryonline.com\/pl\/zwycieskie-numery\/powerball\/","title":{"rendered":"Wyniki losowania Powerball"},"content":{"rendered":"<p>Powerball to ameryka\u0144ska loteria, kt\u00f3ra posiada jeden z najwi\u0119kszych jackpot\u00f3w wszech czas\u00f3w. Wygrana w Powerball jest marzeniem prawie ka\u017cdego gracza. Ze wzgl\u0119du na niesamowicie du\u017ce jackpoty, kt\u00f3re czasami si\u0119gaj\u0105 nawet 1 miliarda dolar\u00f3w, gracze na ca\u0142ym \u015bwiecie kupuj\u0105 losy Powerball online. Ka\u017cdy gracz ma wielk\u0105 nadziej\u0119 na wygran\u0105 na loterii. Jednak zakup losu to jedno, a sprawdzenie zwyci\u0119skich numer\u00f3w to drugie. Aby dowiedzie\u0107 si\u0119, czy posiadasz zwyci\u0119ski los na loterii Powerball, konieczne jest sprawdzenie wynik\u00f3w losowania.<\/p>\n<p>Na tej stronie, podzielimy si\u0119 z Tob\u0105 jak sprawdzi\u0107 zwyci\u0119skie wyniki online. Poka\u017cemy Ci tak\u017ce, jak uzyska\u0107 dost\u0119p do swojej wygranej, nawet je\u015bli jeste\u015b graczem internetowym.<\/p>\n<p>Pami\u0119taj, \u017ce mo\u017cesz <a href=\"https:\/\/jackpotlotteryonline.com\/pl\/kupic-bilety\/powerball\">kupi\u0107 zwyci\u0119skie bilety na Powerball<\/a> na stronie jackpotlotteryonline.com i jednocze\u015bnie sprawdzi\u0107 tam zwyci\u0119skie liczby.<\/p>\n<h2>Dlaczego Powerball jest tak popularny<\/h2>\n<p><img loading=\"lazy\" decoding=\"async\" class=\"alignright size-full wp-image-29588\" src=\"https:\/\/jackpotlotteryonline.com\/wp-content\/uploads\/2022\/11\/1_results_powerball.jpg\" alt=\"\u0142atwo kupi\u0107 bilety na Powerball\" width=\"300\" height=\"224\" \/>Istnieje kilka powod\u00f3w, dla kt\u00f3rych gracze przyje\u017cd\u017caj\u0105 na Powerball. Jest to ameryka\u0144ska loteria wielostanowa, co oznacza, \u017ce losy sprzedawane s\u0105 w kilku stanach USA. Wi\u0119c ci, kt\u00f3rzy mieszkaj\u0105 w tych stanach mog\u0105 \u0142atwo kupi\u0107 bilety na Powerball. Ale to nie tylko ameryka\u0144scy entuzja\u015bci loterii kupuj\u0105 losy z nadziej\u0105 na wygran\u0105 w tej loterii. Kunktatorzy na ca\u0142ym \u015bwiecie r\u00f3wnie\u017c z zapa\u0142em pr\u00f3buj\u0105 kupi\u0107 zwyci\u0119skie losy Powerball.<\/p>\n<p>W pa\u017adzierniku 2022 roku, Powerball jackpot uderzy\u0142 rekord 1 Bn dolar\u00f3w i \u017ce zosta\u0142 wygrany przez jednego posiadacza biletu. Tylko my\u015bl o wygraniu miliarda dolar\u00f3w jest wystarczaj\u0105co du\u017co, aby uzyska\u0107 graczy wsz\u0119dzie podekscytowany. Ponadto, mimo \u017ce szanse na wygran\u0105 w Powerball s\u0105 do\u015b\u0107 wysokie, gracze cz\u0119sto wygrywaj\u0105 jackpota.<\/p>\n<p>Ponownie, Powerball ma kilka kategorii z soczystymi nagrodami. Wi\u0119c nawet je\u015bli nie uda Ci si\u0119 zdoby\u0107 pierwszej nagrody, to i tak mo\u017cesz wr\u00f3ci\u0107 do domu z du\u017c\u0105 wygran\u0105.<\/p>\n<h2>Gra i wygrana w Powerball online<\/h2>\n<p>Zabawn\u0105 cz\u0119\u015bci\u0105 <a href=\"https:\/\/jackpotlotteryonline.com\/pl\/jak-grac\/powerball\">gry w Powerball online<\/a> jest to, \u017ce masz szybki dost\u0119p do tej ameryka\u0144skiej loterii z ka\u017cdego miejsca. Je\u015bli kupisz sw\u00f3j zwyci\u0119ski bilet z jackpotlotteryonline.com, mo\u017cesz \u0142atwo wybra\u0107 swoje zwyci\u0119skie numery. Wystarczy wybra\u0107 5 numer\u00f3w od 1 do 69 i 1 dodatkowy numer od 1 do 26.<\/p>\n<p>Po wybraniu swoich zwyci\u0119skich numer\u00f3w, nast\u0119pnym krokiem jest wej\u015bcie do losowa\u0144. Powerball ma trzy losowania tygodniowo, we wtorki, czwartki i niedziele. U\u0142atwiamy Ci wzi\u0119cie udzia\u0142u w jednym lub wielu losowaniach, w zale\u017cno\u015bci od Twoich preferencji. Ponadto, mo\u017cesz wzi\u0105\u0107 udzia\u0142 w losowaniach z kilkutygodniowym wyprzedzeniem.<\/p>\n<p>Po dokonaniu wp\u0142aty, nast\u0119pnym krokiem jest oczekiwanie na losowania. To w\u0142a\u015bnie wtedy zostan\u0105 og\u0142oszone zwyci\u0119skie numery i b\u0119dziesz m\u00f3g\u0142 stwierdzi\u0107, czy wygra\u0142e\u015b na loterii.<\/p>\n<section class=\"layout\" style=\"border: solid 1px; width: 100%;\">\n<div class=\"img-div\" style=\"margin-top: 5px;\"><img decoding=\"async\" class=\"wp-image-17212 alignleft\" style=\"height: 45px; margin: 8px 8px 0px;\" src=\"https:\/\/jackpotlotteryonline.com\/wp-content\/uploads\/2022\/11\/read1.jpg\" alt=\"czytaj\" width=\"\" height=\"\" \/><\/div>\n<div style=\"padding-left: 5px;\">\n<div style=\"font-size: 1.1em;\">\n<p><strong>Historyczne, rekordowe jackpoty loterii<\/strong><\/p>\n<p style=\"font-size: 0.85em; margin-top: -1.5em;\">Najwi\u0119ksze jackpoty lotto w historii przyprawi\u0105 Ci\u0119 o zawr\u00f3t g\u0142owy\u00a0 <a href=\"https:\/\/jackpotlotteryonline.com\/pl\/najwieksze-jackpoty-lotto-w-historii\"> wi\u0119cej<\/a><\/p>\n<\/div>\n<\/div>\n<\/section>\n<h2>Sprawdzanie zwyci\u0119skich numer\u00f3w<\/h2>\n<p><img loading=\"lazy\" decoding=\"async\" class=\"alignright size-full wp-image-30371\" src=\"https:\/\/jackpotlotteryonline.com\/wp-content\/uploads\/2022\/11\/1_winning_numbers_powerball.jpg\" alt=\"graj\u0105c w Powerball online\" width=\"300\" height=\"129\" \/>Poniewa\u017c grasz w Powerball online, nie mo\u017cesz wej\u015b\u0107 do sprzedawcy loterii, aby sprawdzi\u0107, czy masz zwyci\u0119ski los. Najlepszym sposobem jest wi\u0119c sprawdzenie tego online. Je\u015bli grasz z nami, mo\u017cesz wr\u00f3ci\u0107 na t\u0119 stron\u0119 po ka\u017cdym losowaniu, aby zobaczy\u0107 zwyci\u0119skie numery.<\/p>\n<p>Ale nawet je\u015bli nie sprawdzisz, mo\u017cesz wiedzie\u0107, czy wygra\u0142e\u015b jak\u0105\u015b nagrod\u0119. Dzieje si\u0119 tak, poniewa\u017c musisz by\u0107 zarejestrowany u nas, aby kupi\u0107 bilet na Powerball. Powodem tego jest to, \u017ce mo\u017cemy poinformowa\u0107 Ci\u0119 jak tylko b\u0119dziesz mia\u0142 zwyci\u0119ski kupon. Je\u015bli masz zwyci\u0119ski los, wy\u015blemy Ci e-mail, aby Ci\u0119 o tym poinformowa\u0107. To naprawd\u0119 takie proste.<\/p>\n<h2>Wyp\u0142ata nagrody<\/h2>\n<p>Wyp\u0142ata wygranej jest kolejnym aspektem, kt\u00f3ry mo\u017ce by\u0107 niepokoj\u0105cy dla graczy online. Je\u015bli grasz w Powerball online, chcesz mie\u0107 pewno\u015b\u0107, \u017ce b\u0119dziesz mia\u0142 dost\u0119p do swoich wygranych. Je\u015bli grasz w Powerball z nami, to wyp\u0142ata wygranej jest prost\u0105 spraw\u0105. Nasz system zosta\u0142 zaprojektowany w taki spos\u00f3b, aby\u015b m\u00f3g\u0142 wyp\u0142aci\u0107 swoj\u0105 wygran\u0105 na swoje konto.<\/p>\n<p>Jest to dost\u0119pne dla wygranych poni\u017cej 2.500 euro. Je\u015bli wygrasz wi\u0119cej ni\u017c ta kwota, pomo\u017cemy Ci wype\u0142ni\u0107 formularz roszczenia. B\u0119dziesz musia\u0142 to zrobi\u0107, aby ubiega\u0107 si\u0119 o swoje wygrane bezpo\u015brednio od firmy loteryjnej.<\/p>\n<h2>Wygrana na loterii Powerball<\/h2>\n<p>Wygrana na loterii Powerball oznacza, \u017ce masz bilet, kt\u00f3ry pasuje do wylosowanych wynik\u00f3w. Aby pokaza\u0107 Ci jak niesamowity jest Powerball, poka\u017cmy Ci co mo\u017cesz wygra\u0107 w pozosta\u0142ych nagrodach.<\/p>\n<p>Dzia\u0142 1: Dopasowanie 5 + Powerball &#8211; Jackpot<\/p>\n<p>Dzia\u0142 2: Samo trafienie 5 &#8211; 1 milion dolar\u00f3w<\/p>\n<p>Dzia\u0142 3: Mecz 4 + Powerball &#8211; 50 000$<\/p>\n<p>Dzia\u0142 4: Sam mecz 4 &#8211; 100$<\/p>\n<p>Podzia\u0142 5: Mecz 3 + Powerball &#8211; 100$<\/p>\n<p>Dzia\u0142 6: Sam mecz 3 &#8211; 7$<\/p>\n<p>Dzia\u0142 7: Mecz 2 + Powerball &#8211; 7$<\/p>\n<p>Podzia\u0142 8: Mecz 1 + Powerball &#8211; 4$<\/p>\n<p>Dzia\u0142 9: Match Powerball sam &#8211; $4<\/p>\n<p>Z 9 dywizjami, wygrana w loterii jest ekscytuj\u0105c\u0105 mo\u017cliwo\u015bci\u0105 dla graczy. Oznacza to r\u00f3wnie\u017c, \u017ce szanse na zdobycie nagrody s\u0105 do\u015b\u0107 wysokie. Poza tym, nawet je\u015bli wygrasz w drugim podziale, masz du\u017ce szanse na powr\u00f3t do domu z du\u017c\u0105 wygran\u0105.<\/p>\n<h2>Sprawd\u017a zwyci\u0119skie wyniki tutaj<\/h2>\n<p>Nast\u0119pnym razem, gdy b\u0119dziesz chcia\u0142 zagra\u0107 na loterii, nie martw si\u0119 o to, gdzie sprawdzi\u0107 zwyci\u0119skie wyniki. Na jackpotlotteryonline.com sprawiamy, \u017ce \u0142atwo jest wybra\u0107 swoje zwyci\u0119skie numery, a tak\u017ce sprawdzi\u0107 zwyci\u0119skie wyniki. Kup sw\u00f3j los od nas, a my powiadomimy Ci\u0119 o wygranej.<\/p>\n<p>Pami\u0119taj, \u017ce mo\u017cesz r\u00f3wnie\u017c wyp\u0142aci\u0107 swoje wygrane z naszej strony bezpo\u015brednio na swoje konto. To znacznie z\u0142agodzi Tw\u00f3j stres zwi\u0105zany z gr\u0105 na loterii. W\u0142a\u015bciwie, naszym zadaniem jest zapewnienie bezproblemowego i bezproblemowego do\u015bwiadczenia dla naszych klient\u00f3w. W ten spos\u00f3b mo\u017cesz skupi\u0107 si\u0119 na wygranej na loterii, nie martwi\u0105c si\u0119 o nic.<\/p>\n","protected":false},"excerpt":{"rendered":"<p>Powerball to ameryka\u0144ska loteria, kt\u00f3ra posiada jeden z najwi\u0119kszych jackpot\u00f3w wszech czas\u00f3w. Wygrana w Powerball jest marzeniem prawie ka\u017cdego gracza. Ze wzgl\u0119du na niesamowicie du\u017ce jackpoty, kt\u00f3re czasami si\u0119gaj\u0105 nawet 1 miliarda dolar\u00f3w, gracze na ca\u0142ym \u015bwiecie kupuj\u0105 losy Powerball online. Ka\u017cdy gracz ma wielk\u0105 nadziej\u0119 na wygran\u0105 na loterii. Jednak zakup losu to jedno, [&hellip;]<\/p>\n","protected":false},"author":1,"featured_media":0,"parent":35844,"menu_order":1,"comment_status":"closed","ping_status":"closed","template":"powerball-usa-results.php","meta":{"_et_pb_use_builder":"","_et_pb_old_content":"","_et_gb_content_width":"","exclude_from_search":false,"footnotes":""},"class_list":["post-40498","page","type-page","status-publish","hentry"],"yoast_head":"<!-- This site is optimized with the Yoast SEO plugin v23.3 - https:\/\/yoast.com\/wordpress\/plugins\/seo\/ -->\n<title>Zwyci\u0119skie numery Powerball i wyniki losowania<\/title>\n<meta name=\"description\" content=\"Wszystkie najnowsze wyniki losowa\u0144 i zwyci\u0119skie numery dla Powerball USA, plus archiwum wynik\u00f3w, wszystko na jednej stronie internetowej\" \/>\n<meta name=\"robots\" content=\"index, follow, max-snippet:-1, max-image-preview:large, max-video-preview:-1\" \/>\n<link rel=\"canonical\" href=\"https:\/\/jackpotlotteryonline.com\/pl\/zwycieskie-numery\/powerball\/\" \/>\n<meta property=\"og:locale\" content=\"pl_PL\" \/>\n<meta property=\"og:type\" content=\"article\" \/>\n<meta property=\"og:title\" content=\"Zwyci\u0119skie numery Powerball i wyniki losowania\" \/>\n<meta property=\"og:description\" content=\"Wszystkie najnowsze wyniki losowa\u0144 i zwyci\u0119skie numery dla Powerball USA, plus archiwum wynik\u00f3w, wszystko na jednej stronie internetowej\" \/>\n<meta property=\"og:url\" content=\"https:\/\/jackpotlotteryonline.com\/pl\/zwycieskie-numery\/powerball\/\" \/>\n<meta property=\"og:site_name\" content=\"Lotto Online - Crack The International Lottery Jackpots\" \/>\n<meta property=\"article:modified_time\" content=\"2022-12-26T14:15:34+00:00\" \/>\n<meta property=\"og:image\" content=\"https:\/\/jackpotlotteryonline.com\/wp-content\/uploads\/2022\/11\/1_results_powerball.jpg\" \/>\n<meta name=\"twitter:card\" content=\"summary_large_image\" \/>\n<meta name=\"twitter:label1\" content=\"Szacowany czas czytania\" \/>\n\t<meta name=\"twitter:data1\" content=\"5 minut\" \/>\n<!-- \/ Yoast SEO plugin. -->","yoast_head_json":{"title":"Zwyci\u0119skie numery Powerball i wyniki losowania","description":"Wszystkie najnowsze wyniki losowa\u0144 i zwyci\u0119skie numery dla Powerball USA, plus archiwum wynik\u00f3w, wszystko na jednej stronie internetowej","robots":{"index":"index","follow":"follow","max-snippet":"max-snippet:-1","max-image-preview":"max-image-preview:large","max-video-preview":"max-video-preview:-1"},"canonical":"https:\/\/jackpotlotteryonline.com\/pl\/zwycieskie-numery\/powerball\/","og_locale":"pl_PL","og_type":"article","og_title":"Zwyci\u0119skie numery Powerball i wyniki losowania","og_description":"Wszystkie najnowsze wyniki losowa\u0144 i zwyci\u0119skie numery dla Powerball USA, plus archiwum wynik\u00f3w, wszystko na jednej stronie internetowej","og_url":"https:\/\/jackpotlotteryonline.com\/pl\/zwycieskie-numery\/powerball\/","og_site_name":"Lotto Online - Crack The International Lottery Jackpots","article_modified_time":"2022-12-26T14:15:34+00:00","og_image":[{"url":"https:\/\/jackpotlotteryonline.com\/wp-content\/uploads\/2022\/11\/1_results_powerball.jpg"}],"twitter_card":"summary_large_image","twitter_misc":{"Szacowany czas czytania":"5 minut"},"schema":{"@context":"https:\/\/schema.org","@graph":[{"@type":"WebPage","@id":"https:\/\/jackpotlotteryonline.com\/pl\/zwycieskie-numery\/powerball\/","url":"https:\/\/jackpotlotteryonline.com\/pl\/zwycieskie-numery\/powerball\/","name":"Zwyci\u0119skie numery Powerball i wyniki losowania","isPartOf":{"@id":"https:\/\/jackpotlotteryonline.com\/#website"},"primaryImageOfPage":{"@id":"https:\/\/jackpotlotteryonline.com\/pl\/zwycieskie-numery\/powerball\/#primaryimage"},"image":{"@id":"https:\/\/jackpotlotteryonline.com\/pl\/zwycieskie-numery\/powerball\/#primaryimage"},"thumbnailUrl":"https:\/\/jackpotlotteryonline.com\/wp-content\/uploads\/2022\/11\/1_results_powerball.jpg","datePublished":"2022-12-05T08:47:13+00:00","dateModified":"2022-12-26T14:15:34+00:00","description":"Wszystkie najnowsze wyniki losowa\u0144 i zwyci\u0119skie numery dla Powerball USA, plus archiwum wynik\u00f3w, wszystko na jednej stronie internetowej","breadcrumb":{"@id":"https:\/\/jackpotlotteryonline.com\/pl\/zwycieskie-numery\/powerball\/#breadcrumb"},"inLanguage":"pl-PL","potentialAction":[{"@type":"ReadAction","target":["https:\/\/jackpotlotteryonline.com\/pl\/zwycieskie-numery\/powerball\/"]}]},{"@type":"ImageObject","inLanguage":"pl-PL","@id":"https:\/\/jackpotlotteryonline.com\/pl\/zwycieskie-numery\/powerball\/#primaryimage","url":"https:\/\/jackpotlotteryonline.com\/wp-content\/uploads\/2022\/11\/1_results_powerball.jpg","contentUrl":"https:\/\/jackpotlotteryonline.com\/wp-content\/uploads\/2022\/11\/1_results_powerball.jpg"},{"@type":"BreadcrumbList","@id":"https:\/\/jackpotlotteryonline.com\/pl\/zwycieskie-numery\/powerball\/#breadcrumb","itemListElement":[{"@type":"ListItem","position":1,"name":"Home","item":"https:\/\/jackpotlotteryonline.com\/pl\/"},{"@type":"ListItem","position":2,"name":"Wyniki loterii","item":"https:\/\/jackpotlotteryonline.com\/winning-numbers\/"},{"@type":"ListItem","position":3,"name":"Wyniki losowania Powerball"}]},{"@type":"WebSite","@id":"https:\/\/jackpotlotteryonline.com\/#website","url":"https:\/\/jackpotlotteryonline.com\/","name":"Lotto Online - Crack The International Lottery Jackpots","description":"","potentialAction":[{"@type":"SearchAction","target":{"@type":"EntryPoint","urlTemplate":"https:\/\/jackpotlotteryonline.com\/?s={search_term_string}"},"query-input":"required name=search_term_string"}],"inLanguage":"pl-PL"}]}},"_links":{"self":[{"href":"https:\/\/jackpotlotteryonline.com\/pl\/wp-json\/wp\/v2\/pages\/40498","targetHints":{"allow":["GET"]}}],"collection":[{"href":"https:\/\/jackpotlotteryonline.com\/pl\/wp-json\/wp\/v2\/pages"}],"about":[{"href":"https:\/\/jackpotlotteryonline.com\/pl\/wp-json\/wp\/v2\/types\/page"}],"author":[{"embeddable":true,"href":"https:\/\/jackpotlotteryonline.com\/pl\/wp-json\/wp\/v2\/users\/1"}],"replies":[{"embeddable":true,"href":"https:\/\/jackpotlotteryonline.com\/pl\/wp-json\/wp\/v2\/comments?post=40498"}],"version-history":[{"count":0,"href":"https:\/\/jackpotlotteryonline.com\/pl\/wp-json\/wp\/v2\/pages\/40498\/revisions"}],"up":[{"embeddable":true,"href":"https:\/\/jackpotlotteryonline.com\/pl\/wp-json\/wp\/v2\/pages\/35844"}],"wp:attachment":[{"href":"https:\/\/jackpotlotteryonline.com\/pl\/wp-json\/wp\/v2\/media?parent=40498"}],"curies":[{"name":"wp","href":"https:\/\/api.w.org\/{rel}","templated":true}]}}