{"id":40550,"date":"2022-12-05T11:05:43","date_gmt":"2022-12-05T11:05:43","guid":{"rendered":"https:\/\/jackpotlotteryonline.com\/?page_id=40550"},"modified":"2022-12-26T20:30:08","modified_gmt":"2022-12-26T20:30:08","slug":"mega-millions","status":"publish","type":"page","link":"https:\/\/jackpotlotteryonline.com\/pl\/zwycieskie-numery\/mega-millions\/","title":{"rendered":"Wyniki losowania Mega Millions"},"content":{"rendered":"<p>Mega Millions jest znana z mega jackpot\u00f3w, a gracze wsz\u0119dzie uwielbiaj\u0105 my\u015bl o wygranej w tej loterii. Wygrana w loterii Mega Millions to ameryka\u0144ski sen i miliony graczy d\u0105\u017c\u0105 do niej. Na szcz\u0119\u015bcie gracze z ca\u0142ego \u015bwiata maj\u0105 teraz szans\u0119 na wygranie Mega Millions kupuj\u0105c losy online. Je\u015bli zastanawia\u0142e\u015b si\u0119 jak to zrobi\u0107, to mamy dla Ciebie gratk\u0119.<\/p>\n<p>Je\u015bli jeste\u015b pocz\u0105tkuj\u0105cym graczem (lub sta\u0142ym), mo\u017cesz <a href=\"https:\/\/jackpotlotteryonline.com\/pl\/kupic-bilety\/mega-millions\">kupi\u0107 bilety na Mega Million w\u0142a\u015bnie tutaj, na naszej stronie<\/a>. Nie tylko to, ale tutaj na jackpotlotteryonline.com, dajemy Ci r\u00f3wnie\u017c szans\u0119 na wygranie kilku najlepszych mi\u0119dzynarodowych loterii. Wi\u0119c je\u015bli chcesz spr\u00f3bowa\u0107 wygra\u0107 loterie z Australii, Europy lub Ameryki, to trzymaj si\u0119 z nami.<\/p>\n<section class=\"layout\" style=\"border: solid 1px; width: 100%;\">\n<div class=\"img-div\" style=\"margin-top: 5px;\"><img decoding=\"async\" class=\"wp-image-17212 alignleft\" style=\"height: 45px; margin: 8px 8px 0px;\" src=\"https:\/\/jackpotlotteryonline.com\/wp-content\/uploads\/2022\/11\/read1.jpg\" alt=\"czytaj\" width=\"\" height=\"\" \/><\/div>\n<div style=\"padding-left: 5px;\">\n<div style=\"font-size: 1.1em;\">\n<p><strong>Europejskie Loterie<\/strong><\/p>\n<p style=\"font-size: 0.85em; margin-top: -1.5em;\">Kt\u00f3re europejskie loterie s\u0105 najlepsze?\u00a0 <a href=\"https:\/\/jackpotlotteryonline.com\/pl\/ktore-europejskie-loterie-sa-najlepsze\"> wi\u0119cej<\/a><\/p>\n<\/div>\n<\/div>\n<\/section>\n<p>Aha, i powiemy Ci, jak mo\u017cesz uzyska\u0107 dost\u0119p do swoich wygranych w Mega Millions, jak r\u00f3wnie\u017c. Nie ma sensu<a href=\"https:\/\/jackpotlotteryonline.com\/pl\/jak-grac\/mega-millions\"> gra\u0107 w Mega Millions<\/a>, wygrywa\u0107 i nie mie\u0107 dost\u0119pu do swojej nagrody. Wi\u0119c zrelaksowa\u0107 i czyta\u0107 dalej, aby dowiedzie\u0107 si\u0119 wszystkiego, co musisz wiedzie\u0107 o Mega Millions zwyci\u0119skich numer\u00f3w.<\/p>\n<h2>Jak wybra\u0107 Mega Millions zwyci\u0119skie numery<\/h2>\n<p><img loading=\"lazy\" decoding=\"async\" class=\"alignright size-full wp-image-31073\" src=\"https:\/\/jackpotlotteryonline.com\/wp-content\/uploads\/2022\/11\/logo_Mega_Millions_233x110.png\" alt=\"kupi\u0107 bilet mega miliony online\" width=\"232\" height=\"110\" \/>Ka\u017cdy, kto kupuje bilet na loteri\u0119 ma nadziej\u0119, \u017ce w jaki\u015b spos\u00f3b, b\u0119d\u0105 one uzyska\u0107 zwyci\u0119ski bilet. Jest to naturalny ludzki instynkt. Wiemy, \u017ce szanse mog\u0105 by\u0107 wysokie, ale kto\u015b musi dosta\u0107 zwyci\u0119ski bilet. I, to mo\u017ce by\u0107 r\u00f3wnie dobrze ty, prawda? Ale jak to zrobi\u0107? C\u00f3\u017c, jest kilka sztuczek, kt\u00f3re gracze u\u017cywaj\u0105, aby wybra\u0107 zwyci\u0119skie numery.<\/p>\n<p>B\u0119dziemy upfront i niech wiesz, \u017ce nie ma gwarantowanego sposobu, aby zdoby\u0107 zwyci\u0119ski bilet. Jest to gra losowa i ka\u017cdy gracz musi po prostu spr\u00f3bowa\u0107 swojego szcz\u0119\u015bcia. To powiedziawszy, s\u0105 sposoby, aby pom\u00f3c sobie poczu\u0107 szcz\u0119\u015bcie. W tym celu, zwyci\u0119skie numery, kt\u00f3re wybierzesz s\u0105 bardzo wa\u017cne.<\/p>\n<p>Zasadniczo, mo\u017cna wybra\u0107 zwyci\u0119skie numery wybieraj\u0105c szcz\u0119\u015bliwe daty. Niekt\u00f3rzy ludzie uwa\u017caj\u0105 daty swoich narodzin za szcz\u0119\u015bliwe. M\u00f3wi si\u0119, \u017ce niekt\u00f3rzy ludzie urodzili si\u0119 pod szcz\u0119\u015bliw\u0105 gwiazd\u0105. Je\u015bli czujesz si\u0119 jak jeden z nich, to mo\u017ce chcesz u\u017cy\u0107 wszystkich lub cz\u0119\u015bci swojej daty urodzenia na sw\u00f3j los. Nie czujesz si\u0119 tak szcz\u0119\u015bliwy, a nast\u0119pnie u\u017cy\u0107 auto generatora, aby wybra\u0107 losowe zwyci\u0119skie numery.<\/p>\n<h2>Wygrana w Mega Millions online<\/h2>\n<p>Zasady gry s\u0105 takie same, czy grasz online czy offline. B\u0119dziemy pracowa\u0107 przez proces wyboru zwyci\u0119skich numer\u00f3w online. Kiedy ju\u017c to zrozumiesz, nie b\u0119dziesz chcia\u0142 gra\u0107 na loterii w \u017caden inny spos\u00f3b. Jest co\u015b niesamowitego w tym, \u017ce nie musisz nigdzie i\u015b\u0107, aby kupi\u0107 sw\u00f3j los na loterii. Wystarczy skorzysta\u0107 z komputera lub urz\u0105dzenia mobilnego.<\/p>\n<p>Po pierwsze, zasady. W Mega Millions musisz wybra\u0107 5 numer\u00f3w od 1 do 70 oraz Mega Ball od 1 do 25. Kiedy ju\u017c wybierzesz swoj\u0105 zwyci\u0119sk\u0105 kombinacj\u0119, mo\u017cesz przyst\u0105pi\u0107 do losowa\u0144. Dni losowania to wtorek i pi\u0105tek ka\u017cdego tygodnia. Masz mo\u017cliwo\u015b\u0107 wzi\u0119cia udzia\u0142u w jednym losowaniu lub w obu.<\/p>\n<p>Mo\u017cesz r\u00f3wnie\u017c wzi\u0105\u0107 udzia\u0142 w losowaniach z kilkutygodniowym wyprzedzeniem. Je\u015bli trafisz na zwyci\u0119sk\u0105 kombinacj\u0119, wygrasz du\u017co. Zanim zap\u0142acisz za swoje zg\u0142oszenia, poprosimy Ci\u0119 o rejestracj\u0119. Ma to na celu u\u0142atwienie dost\u0119pu i odebrania wygranej. Ale to wyja\u015bnimy p\u00f3\u017aniej, po prostu czytaj dalej.<\/p>\n<h2>Sprawdzanie zwyci\u0119skich numer\u00f3w<\/h2>\n<p>Jackpot Mega Millions zaczyna si\u0119 od 40 milion\u00f3w dolar\u00f3w. To jest gwarantowane minimum i nagroda jackpot nie schodzi poni\u017cej tej kwoty. Je\u015bli \u017caden zwyci\u0119ski numer nie pojawi si\u0119 po losowaniu, jackpot przechodzi do nast\u0119pnego losowania. To trzyma si\u0119 na rolkach, a\u017c zwyci\u0119ski bilet zostanie znaleziony.<\/p>\n<p>Aby sprawdzi\u0107 zwyci\u0119skie wyniki loterii Mega Millions, wystarczy wr\u00f3ci\u0107 na t\u0119 stron\u0119 po ka\u017cdym losowaniu. To jest tak proste jak to. Publikujemy zwyci\u0119skie wyniki dla ka\u017cdego losowania na tej stronie i dotyczy to r\u00f3wnie\u017c innych kategorii nagr\u00f3d. Tak, wygrana w jackpota to nie wszystko, co mo\u017cesz wygra\u0107 graj\u0105c w Mega Millions.<\/p>\n<p>Je\u015bli wygrasz jak\u0105kolwiek nagrod\u0119, poinformujemy Ci\u0119 o tym natychmiast poprzez e-mail, aby\u015b m\u00f3g\u0142 odebra\u0107 swoj\u0105 wygran\u0105.<\/p>\n<h2>Kategorie nagr\u00f3d w Mega Millions<\/h2>\n<p>Ok, wiemy, \u017ce prawdopodobnie jeste\u015b ciekawy, czy mo\u017cesz wygra\u0107 inne nagrody, gdy grasz w t\u0119 loteri\u0119. Wszyscy mamy nadziej\u0119 wygra\u0107 na loterii, ale kiedy celujesz w gwiazdy, czasami trafiasz w niebo. A te nagrody s\u0105 ca\u0142kiem niesamowite. Tak wi\u0119c, oto podzia\u0142 nagr\u00f3d.<\/p>\n<p>Dzia\u0142 1: 5 + Mega Ball &#8211; Jackpot<\/p>\n<p>Dywizja 2: 5 &#8211; $1,000,000<\/p>\n<p>Dywizja 3: 4 + Mega Ball &#8211; $10,000<\/p>\n<p>Dywizja 4: 4 &#8211; $500<\/p>\n<p>Dywizja 5: 3 + Mega Ball &#8211; $200<\/p>\n<p>Dywizja 6: 3 &#8211; 10 dolar\u00f3w<\/p>\n<p>Dywizja 7: 2 + Mega Ball &#8211; $10<\/p>\n<p>Dywizja 8: 1 + Mega Ball &#8211; $4<\/p>\n<p>Dywizja 8: Tylko Mega Ball &#8211; $2<\/p>\n<p>Wygranie nagrody drugiego stopnia r\u00f3wnie\u017c by\u0142oby czym\u015b niezwyk\u0142ym, prawda? My r\u00f3wnie\u017c tak uwa\u017camy.<\/p>\n<h2>Jak odebra\u0107 swoj\u0105 nagrod\u0119<\/h2>\n<p><img loading=\"lazy\" decoding=\"async\" class=\"alignright size-full wp-image-19115\" src=\"https:\/\/jackpotlotteryonline.com\/wp-content\/uploads\/2022\/10\/2_ticket_mega_millions3.jpg\" alt=\"mega millions ticket scan\" width=\"180\" height=\"193\" \/>Gra na loterii online jest bardzo dobra, ale jak odebra\u0107 wygran\u0105? C\u00f3\u017c, mamy to wszystko pokryte jak r\u00f3wnie\u017c. Je\u015bli kupi\u0142e\u015b sw\u00f3j los na jackpotlotteryonline.com to mo\u017cesz \u0142atwo uzyska\u0107 dost\u0119p do swoich wygranych. Po zalogowaniu si\u0119 na swoje konto, po prostu cash out z naszej platformy do swojego banku.<\/p>\n<p>Ten bezproblemowy proces jest g\u0142\u00f3wnym powodem, dla kt\u00f3rego prosimy naszych klient\u00f3w do rejestracji. Dzi\u0119ki temu o wiele \u0142atwiej jest wyp\u0142aci\u0107 swoj\u0105 wygran\u0105, niezale\u017cnie od tego, gdzie mieszkasz.<\/p>\n<p>Pami\u0119taj, \u017ce dotyczy to zazwyczaj wygranych poni\u017cej \u20ac2,500. Je\u015bli Twoje wygrane s\u0105 wy\u017csze ni\u017c \u20ac2,500, by\u0107 mo\u017ce b\u0119dziesz musia\u0142 skontaktowa\u0107 si\u0119 bezpo\u015brednio z firm\u0105 loteryjn\u0105, aby odebra\u0107 swoj\u0105 wygran\u0105. Nie jest to jednak problem, poniewa\u017c pomo\u017cemy Ci wype\u0142ni\u0107 formularz zg\u0142oszeniowy.<\/p>\n<h2>Dlaczego powiniene\u015b gra\u0107 na loterii na jackpotlotteryonline.com<\/h2>\n<p>Wszystko co robimy na jackpotlotteryonline.com skupia si\u0119 na zapewnieniu Ci fantastycznego do\u015bwiadczenia podczas gry w Mega Millions. Jest tak wiele rzeczy w \u017cyciu, kt\u00f3re s\u0105 trudne, ale wygrana na loterii nie powinna by\u0107 jedn\u0105 z nich. Dlatego zajmujemy si\u0119 wszystkimi tymi k\u0142opotliwymi szczeg\u00f3\u0142ami, aby\u015b m\u00f3g\u0142 skupi\u0107 si\u0119 na zabawie, kt\u00f3rej pragniesz.<\/p>\n<p>Co wi\u0119cej, jeste\u015bmy serwisem concierge. Oznacza to, \u017ce dajemy naszym klientom szans\u0119 na wygran\u0105 na loterii. Nie stawiamy na wynik Mega Millions, jak to jest w przypadku wielu stron loteryjnych. My faktycznie da\u0107 naszym klientom dost\u0119p do wygranych mi\u0119dzynarodowych loterii jak Mega Millions. Kiedy kupujesz bilety na naszej stronie, Je\u015bli masz zwyci\u0119ski bilet, wygrywasz na loterii.<\/p>\n<p>U\u0142atwiamy naszym klientom sprawdzenie zwyci\u0119skich numer\u00f3w Mega Millions, jak r\u00f3wnie\u017c historii losowa\u0144. Sprawdzenie historii losowa\u0144 pomaga graczom w stworzeniu ich strategii gry na wygran\u0105. Wreszcie, uzyskanie dost\u0119pu do swoich wygranych jest tak proste jak klikni\u0119cie. Ciesz si\u0119 loteri\u0105 Mega Millions ju\u017c dzi\u015b rejestruj\u0105c si\u0119 u nas.<\/p>\n","protected":false},"excerpt":{"rendered":"<p>Mega Millions jest znana z mega jackpot\u00f3w, a gracze wsz\u0119dzie uwielbiaj\u0105 my\u015bl o wygranej w tej loterii. Wygrana w loterii Mega Millions to ameryka\u0144ski sen i miliony graczy d\u0105\u017c\u0105 do niej. Na szcz\u0119\u015bcie gracze z ca\u0142ego \u015bwiata maj\u0105 teraz szans\u0119 na wygranie Mega Millions kupuj\u0105c losy online. Je\u015bli zastanawia\u0142e\u015b si\u0119 jak to zrobi\u0107, to mamy [&hellip;]<\/p>\n","protected":false},"author":1,"featured_media":0,"parent":35844,"menu_order":2,"comment_status":"closed","ping_status":"closed","template":"megamillion-results.php","meta":{"_et_pb_use_builder":"","_et_pb_old_content":"","_et_gb_content_width":"","exclude_from_search":false,"footnotes":""},"class_list":["post-40550","page","type-page","status-publish","hentry"],"yoast_head":"<!-- This site is optimized with the Yoast SEO plugin v23.3 - https:\/\/yoast.com\/wordpress\/plugins\/seo\/ -->\n<title>Mega Millions zwyci\u0119skie numery i wyniki losowa\u0144<\/title>\n<meta name=\"description\" content=\"Znajd\u017a w tym tygodniu i starszych Mega Millions wyniki losowania i zwyci\u0119ski numer tutaj na naszej stronie\" \/>\n<meta name=\"robots\" content=\"index, follow, max-snippet:-1, max-image-preview:large, max-video-preview:-1\" \/>\n<link rel=\"canonical\" href=\"https:\/\/jackpotlotteryonline.com\/pl\/zwycieskie-numery\/mega-millions\/\" \/>\n<meta property=\"og:locale\" content=\"pl_PL\" \/>\n<meta property=\"og:type\" content=\"article\" \/>\n<meta property=\"og:title\" content=\"Mega Millions zwyci\u0119skie numery i wyniki losowa\u0144\" \/>\n<meta property=\"og:description\" content=\"Znajd\u017a w tym tygodniu i starszych Mega Millions wyniki losowania i zwyci\u0119ski numer tutaj na naszej stronie\" \/>\n<meta property=\"og:url\" content=\"https:\/\/jackpotlotteryonline.com\/pl\/zwycieskie-numery\/mega-millions\/\" \/>\n<meta property=\"og:site_name\" content=\"Lotto Online - Crack The International Lottery Jackpots\" \/>\n<meta property=\"article:modified_time\" content=\"2022-12-26T20:30:08+00:00\" \/>\n<meta property=\"og:image\" content=\"https:\/\/jackpotlotteryonline.com\/wp-content\/uploads\/2022\/11\/read1.jpg\" \/>\n<meta name=\"twitter:card\" content=\"summary_large_image\" \/>\n<meta name=\"twitter:label1\" content=\"Szacowany czas czytania\" \/>\n\t<meta name=\"twitter:data1\" content=\"5 minut\" \/>\n<!-- \/ Yoast SEO plugin. -->","yoast_head_json":{"title":"Mega Millions zwyci\u0119skie numery i wyniki losowa\u0144","description":"Znajd\u017a w tym tygodniu i starszych Mega Millions wyniki losowania i zwyci\u0119ski numer tutaj na naszej stronie","robots":{"index":"index","follow":"follow","max-snippet":"max-snippet:-1","max-image-preview":"max-image-preview:large","max-video-preview":"max-video-preview:-1"},"canonical":"https:\/\/jackpotlotteryonline.com\/pl\/zwycieskie-numery\/mega-millions\/","og_locale":"pl_PL","og_type":"article","og_title":"Mega Millions zwyci\u0119skie numery i wyniki losowa\u0144","og_description":"Znajd\u017a w tym tygodniu i starszych Mega Millions wyniki losowania i zwyci\u0119ski numer tutaj na naszej stronie","og_url":"https:\/\/jackpotlotteryonline.com\/pl\/zwycieskie-numery\/mega-millions\/","og_site_name":"Lotto Online - Crack The International Lottery Jackpots","article_modified_time":"2022-12-26T20:30:08+00:00","og_image":[{"url":"https:\/\/jackpotlotteryonline.com\/wp-content\/uploads\/2022\/11\/read1.jpg"}],"twitter_card":"summary_large_image","twitter_misc":{"Szacowany czas czytania":"5 minut"},"schema":{"@context":"https:\/\/schema.org","@graph":[{"@type":"WebPage","@id":"https:\/\/jackpotlotteryonline.com\/pl\/zwycieskie-numery\/mega-millions\/","url":"https:\/\/jackpotlotteryonline.com\/pl\/zwycieskie-numery\/mega-millions\/","name":"Mega Millions zwyci\u0119skie numery i wyniki losowa\u0144","isPartOf":{"@id":"https:\/\/jackpotlotteryonline.com\/#website"},"primaryImageOfPage":{"@id":"https:\/\/jackpotlotteryonline.com\/pl\/zwycieskie-numery\/mega-millions\/#primaryimage"},"image":{"@id":"https:\/\/jackpotlotteryonline.com\/pl\/zwycieskie-numery\/mega-millions\/#primaryimage"},"thumbnailUrl":"https:\/\/jackpotlotteryonline.com\/wp-content\/uploads\/2022\/11\/read1.jpg","datePublished":"2022-12-05T11:05:43+00:00","dateModified":"2022-12-26T20:30:08+00:00","description":"Znajd\u017a w tym tygodniu i starszych Mega Millions wyniki losowania i zwyci\u0119ski numer tutaj na naszej stronie","breadcrumb":{"@id":"https:\/\/jackpotlotteryonline.com\/pl\/zwycieskie-numery\/mega-millions\/#breadcrumb"},"inLanguage":"pl-PL","potentialAction":[{"@type":"ReadAction","target":["https:\/\/jackpotlotteryonline.com\/pl\/zwycieskie-numery\/mega-millions\/"]}]},{"@type":"ImageObject","inLanguage":"pl-PL","@id":"https:\/\/jackpotlotteryonline.com\/pl\/zwycieskie-numery\/mega-millions\/#primaryimage","url":"https:\/\/jackpotlotteryonline.com\/wp-content\/uploads\/2022\/11\/read1.jpg","contentUrl":"https:\/\/jackpotlotteryonline.com\/wp-content\/uploads\/2022\/11\/read1.jpg"},{"@type":"BreadcrumbList","@id":"https:\/\/jackpotlotteryonline.com\/pl\/zwycieskie-numery\/mega-millions\/#breadcrumb","itemListElement":[{"@type":"ListItem","position":1,"name":"Home","item":"https:\/\/jackpotlotteryonline.com\/pl\/"},{"@type":"ListItem","position":2,"name":"Wyniki loterii","item":"https:\/\/jackpotlotteryonline.com\/winning-numbers\/"},{"@type":"ListItem","position":3,"name":"Wyniki losowania Mega Millions"}]},{"@type":"WebSite","@id":"https:\/\/jackpotlotteryonline.com\/#website","url":"https:\/\/jackpotlotteryonline.com\/","name":"Lotto Online - Crack The International Lottery Jackpots","description":"","potentialAction":[{"@type":"SearchAction","target":{"@type":"EntryPoint","urlTemplate":"https:\/\/jackpotlotteryonline.com\/?s={search_term_string}"},"query-input":"required name=search_term_string"}],"inLanguage":"pl-PL"}]}},"_links":{"self":[{"href":"https:\/\/jackpotlotteryonline.com\/pl\/wp-json\/wp\/v2\/pages\/40550","targetHints":{"allow":["GET"]}}],"collection":[{"href":"https:\/\/jackpotlotteryonline.com\/pl\/wp-json\/wp\/v2\/pages"}],"about":[{"href":"https:\/\/jackpotlotteryonline.com\/pl\/wp-json\/wp\/v2\/types\/page"}],"author":[{"embeddable":true,"href":"https:\/\/jackpotlotteryonline.com\/pl\/wp-json\/wp\/v2\/users\/1"}],"replies":[{"embeddable":true,"href":"https:\/\/jackpotlotteryonline.com\/pl\/wp-json\/wp\/v2\/comments?post=40550"}],"version-history":[{"count":0,"href":"https:\/\/jackpotlotteryonline.com\/pl\/wp-json\/wp\/v2\/pages\/40550\/revisions"}],"up":[{"embeddable":true,"href":"https:\/\/jackpotlotteryonline.com\/pl\/wp-json\/wp\/v2\/pages\/35844"}],"wp:attachment":[{"href":"https:\/\/jackpotlotteryonline.com\/pl\/wp-json\/wp\/v2\/media?parent=40550"}],"curies":[{"name":"wp","href":"https:\/\/api.w.org\/{rel}","templated":true}]}}