{"id":40605,"date":"2022-12-05T13:30:49","date_gmt":"2022-12-05T13:30:49","guid":{"rendered":"https:\/\/jackpotlotteryonline.com\/?page_id=40605"},"modified":"2022-12-27T08:34:57","modified_gmt":"2022-12-27T08:34:57","slug":"euromillions","status":"publish","type":"page","link":"https:\/\/jackpotlotteryonline.com\/pl\/zwycieskie-numery\/euromillions\/","title":{"rendered":"Wyniki losowania Euromillions"},"content":{"rendered":"<p>Gracze, kt\u00f3rzy kupuj\u0105 kupony loteryjne cz\u0119sto martwi\u0105 si\u0119 o utrat\u0119 swoich nagr\u00f3d loteryjnych. Dzieje si\u0119 tak dlatego, \u017ce ludzie s\u0105 nieostro\u017cni i brakuje im bilet\u00f3w, a bez biletu nie mo\u017cna odebra\u0107 nagrody. Ale kiedy grasz na loterii online, nigdy nie musisz si\u0119 martwi\u0107 o brakuj\u0105ce bilety, poniewa\u017c wszystko jest cyfrowe. Jednak sprawdzenie zwyci\u0119skich numer\u00f3w mo\u017ce by\u0107 nadal problemem, je\u015bli nie wiesz, co zrobi\u0107. I w\u0142a\u015bnie dlatego jeste\u015bmy tutaj.<\/p>\n<p>Na jackpotlotteryonline.com dajemy graczom dost\u0119p do najlepszych mi\u0119dzynarodowych loterii online. U\u0142atwiamy Ci r\u00f3wnie\u017c zakup los\u00f3w i sprawdzenie zwyci\u0119skich numer\u00f3w Euromillions z dowolnego miejsca.<\/p>\n<h2>Jak wygra\u0107 jackpota?<\/h2>\n<p><img loading=\"lazy\" decoding=\"async\" class=\"alignright size-full wp-image-31019\" src=\"https:\/\/jackpotlotteryonline.com\/wp-content\/uploads\/2022\/11\/euromillions.png\" alt=\"wygra\u0107 Euromillions\" width=\"200\" height=\"212\" \/>To zasadnicze pytanie, poniewa\u017c ka\u017cdy kto gra na loterii chcia\u0142by wiedzie\u0107 co trzeba zrobi\u0107, aby wygra\u0107. Prosta odpowied\u017a jest taka, \u017ce aby wygra\u0107 w loterii, gracz musi po prostu dopasowa\u0107 wylosowane numery. Oczywi\u015bcie wszyscy wiemy, \u017ce to nie jest takie proste. W loterii wiele zale\u017cy od szcz\u0119\u015bcia.<\/p>\n<p>W przypadku Euromillions gracz musi wytypowa\u0107 5 cyfr od 1 do 70 oraz 2 Lucky Stars. Kto dopasuje wszystkie 7 wylosowanych cyfr, wygrywa loteri\u0119.<\/p>\n<p>Mo\u017cesz sprawdzi\u0107 przesz\u0142e kombinacje tutaj, aby dowiedzie\u0107 si\u0119, jakie cyfry wyst\u0119puj\u0105 najcz\u0119\u015bciej lub najrzadziej. To mo\u017ce pom\u00f3c Ci w zaplanowaniu strategii wygranej na europejskiej loterii.<\/p>\n<h2>Jak sprawdzi\u0107 zwyci\u0119zc\u0119<\/h2>\n<p>Istnieje kilka sposob\u00f3w na sprawdzenie zwyci\u0119zcy loterii online. Problemem jest jednak sprawdzenie ka\u017cdej przypadkowej strony, poniewa\u017c mo\u017cesz nie uzyska\u0107 dok\u0142adnych informacji. Ponadto, je\u015bli sprawdzisz strony informacyjne, mo\u017cesz dowiedzie\u0107 si\u0119 tylko o kombinacji, kt\u00f3ra wygra\u0142a jackpot.<\/p>\n<p>Europejska loteria ma kilka kategorii nagr\u00f3d i nawet je\u015bli nie wygra\u0142e\u015b g\u0142\u00f3wnej nagrody, nadal mo\u017cesz wr\u00f3ci\u0107 do domu z niez\u0142\u0105 sum\u0105. Dlatego wa\u017cne jest, aby sprawdzi\u0107 sw\u00f3j bilet z innymi podzia\u0142ami nagr\u00f3d.<\/p>\n<p>Je\u015bli <a href=\"https:\/\/jackpotlotteryonline.com\/pl\/kupic-bilety\/euromillions\">kupisz sw\u00f3j bilet na loterii<\/a> na jackpotlotteryonline.com, wy\u015blemy Ci e-mail, jak tylko wygrasz nagrod\u0119. Wi\u0119c, nie musisz si\u0119 martwi\u0107 o utrat\u0119 nagr\u00f3d.<\/p>\n<h2>Dost\u0119p do swojej wygranej<\/h2>\n<p>Poniewa\u017c <a href=\"https:\/\/jackpotlotteryonline.com\/pl\/jak-grac\/euromillions\">grasz na loterii online,<\/a> naturalnym jest, \u017ce zastanawiasz si\u0119 co si\u0119 stanie, gdy wygrasz nagrod\u0119. Je\u015bli grasz z nami, to dost\u0119p do wygranej jest tak prosty, jak zakup losu. Oznacza to, \u017ce mo\u017cesz \u0142atwo wyp\u0142aci\u0107 swoje wygrane z naszej strony. Bez k\u0142opot\u00f3w i komplikacji.<\/p>\n<p>Je\u015bli wygrasz jackpota lub kwot\u0119, kt\u00f3ra jest wy\u017csza ni\u017c \u20ac2500, to by\u0107 mo\u017ce b\u0119dziesz musia\u0142 wype\u0142ni\u0107 formularz roszczenia. Nie martw si\u0119 jednak, nie jest to skomplikowany proces, a my Ci\u0119 przez niego przeprowadzimy.<\/p>\n<section class=\"layout\" style=\"border: solid 1px; width: 100%;\">\n<div class=\"img-div\" style=\"margin-top: 5px;\"><img decoding=\"async\" class=\"wp-image-17212 alignleft\" style=\"height: 45px; margin: 8px 8px 0px;\" src=\"https:\/\/jackpotlotteryonline.com\/wp-content\/uploads\/2022\/11\/read1.jpg\" alt=\"czytaj\" width=\"\" height=\"\" \/><\/div>\n<div style=\"padding-left: 5px;\">\n<div style=\"font-size: 1.1em;\">\n<p><strong>Jak mog\u0119 otrzyma\u0107 zap\u0142at\u0119, je\u015bli wygram na loterii online?<\/strong><\/p>\n<p style=\"font-size: 0.85em; margin-top: -1.5em;\">Oto jak otrzymasz swoje pieni\u0105dze, je\u015bli wygrasz na loterii online\u00a0 <a href=\"https:\/\/jackpotlotteryonline.com\/pl\/jak-otrzymam-zaplate-jesli-wygram-na-loterii-online\">wi\u0119cej<\/a><\/p>\n<\/div>\n<\/div>\n<\/section>\n<h2>Sprawd\u017a swoje zwyci\u0119skie numery Euromillions ju\u017c dzi\u015b<\/h2>\n<p>Ci\u0119\u017cko pracowali\u015bmy, aby stworzy\u0107 bezpieczne \u015brodowisko online dla naszych graczy. Zapewniamy wszystko, czego potrzebujesz, aby wygodnie gra\u0107 na loterii. Z nami masz dost\u0119p do najlepszych mi\u0119dzynarodowych loterii i mo\u017cesz bra\u0107 udzia\u0142 w wielu losowaniach z wyprzedzeniem. Ponadto, mo\u017cesz \u0142atwo sprawdzi\u0107 losowania tutaj i wyp\u0142aci\u0107 swoje wygrane.<\/p>\n","protected":false},"excerpt":{"rendered":"<p>Gracze, kt\u00f3rzy kupuj\u0105 kupony loteryjne cz\u0119sto martwi\u0105 si\u0119 o utrat\u0119 swoich nagr\u00f3d loteryjnych. Dzieje si\u0119 tak dlatego, \u017ce ludzie s\u0105 nieostro\u017cni i brakuje im bilet\u00f3w, a bez biletu nie mo\u017cna odebra\u0107 nagrody. Ale kiedy grasz na loterii online, nigdy nie musisz si\u0119 martwi\u0107 o brakuj\u0105ce bilety, poniewa\u017c wszystko jest cyfrowe. Jednak sprawdzenie zwyci\u0119skich numer\u00f3w mo\u017ce [&hellip;]<\/p>\n","protected":false},"author":1,"featured_media":0,"parent":35844,"menu_order":3,"comment_status":"closed","ping_status":"closed","template":"euromillions-results.php","meta":{"_et_pb_use_builder":"","_et_pb_old_content":"","_et_gb_content_width":"","exclude_from_search":false,"footnotes":""},"class_list":["post-40605","page","type-page","status-publish","hentry"],"yoast_head":"<!-- This site is optimized with the Yoast SEO plugin v23.3 - https:\/\/yoast.com\/wordpress\/plugins\/seo\/ -->\n<title>Zwyci\u0119skie numery Euromillions i wyniki losowania<\/title>\n<meta name=\"description\" content=\"Wyniki losowania Euromillions - zwyci\u0119skie liczby dla najnowszego losowania, a tak\u017ce archiwum poprzednich wynik\u00f3w.\" \/>\n<meta name=\"robots\" content=\"index, follow, max-snippet:-1, max-image-preview:large, max-video-preview:-1\" \/>\n<link rel=\"canonical\" href=\"https:\/\/jackpotlotteryonline.com\/pl\/zwycieskie-numery\/euromillions\/\" \/>\n<meta property=\"og:locale\" content=\"pl_PL\" \/>\n<meta property=\"og:type\" content=\"article\" \/>\n<meta property=\"og:title\" content=\"Zwyci\u0119skie numery Euromillions i wyniki losowania\" \/>\n<meta property=\"og:description\" content=\"Wyniki losowania Euromillions - zwyci\u0119skie liczby dla najnowszego losowania, a tak\u017ce archiwum poprzednich wynik\u00f3w.\" \/>\n<meta property=\"og:url\" content=\"https:\/\/jackpotlotteryonline.com\/pl\/zwycieskie-numery\/euromillions\/\" \/>\n<meta property=\"og:site_name\" content=\"Lotto Online - Crack The International Lottery Jackpots\" \/>\n<meta property=\"article:modified_time\" content=\"2022-12-27T08:34:57+00:00\" \/>\n<meta property=\"og:image\" content=\"https:\/\/jackpotlotteryonline.com\/wp-content\/uploads\/2022\/11\/euromillions.png\" \/>\n<meta name=\"twitter:card\" content=\"summary_large_image\" \/>\n<meta name=\"twitter:label1\" content=\"Szacowany czas czytania\" \/>\n\t<meta name=\"twitter:data1\" content=\"3 minuty\" \/>\n<!-- \/ Yoast SEO plugin. -->","yoast_head_json":{"title":"Zwyci\u0119skie numery Euromillions i wyniki losowania","description":"Wyniki losowania Euromillions - zwyci\u0119skie liczby dla najnowszego losowania, a tak\u017ce archiwum poprzednich wynik\u00f3w.","robots":{"index":"index","follow":"follow","max-snippet":"max-snippet:-1","max-image-preview":"max-image-preview:large","max-video-preview":"max-video-preview:-1"},"canonical":"https:\/\/jackpotlotteryonline.com\/pl\/zwycieskie-numery\/euromillions\/","og_locale":"pl_PL","og_type":"article","og_title":"Zwyci\u0119skie numery Euromillions i wyniki losowania","og_description":"Wyniki losowania Euromillions - zwyci\u0119skie liczby dla najnowszego losowania, a tak\u017ce archiwum poprzednich wynik\u00f3w.","og_url":"https:\/\/jackpotlotteryonline.com\/pl\/zwycieskie-numery\/euromillions\/","og_site_name":"Lotto Online - Crack The International Lottery Jackpots","article_modified_time":"2022-12-27T08:34:57+00:00","og_image":[{"url":"https:\/\/jackpotlotteryonline.com\/wp-content\/uploads\/2022\/11\/euromillions.png"}],"twitter_card":"summary_large_image","twitter_misc":{"Szacowany czas czytania":"3 minuty"},"schema":{"@context":"https:\/\/schema.org","@graph":[{"@type":"WebPage","@id":"https:\/\/jackpotlotteryonline.com\/pl\/zwycieskie-numery\/euromillions\/","url":"https:\/\/jackpotlotteryonline.com\/pl\/zwycieskie-numery\/euromillions\/","name":"Zwyci\u0119skie numery Euromillions i wyniki losowania","isPartOf":{"@id":"https:\/\/jackpotlotteryonline.com\/#website"},"primaryImageOfPage":{"@id":"https:\/\/jackpotlotteryonline.com\/pl\/zwycieskie-numery\/euromillions\/#primaryimage"},"image":{"@id":"https:\/\/jackpotlotteryonline.com\/pl\/zwycieskie-numery\/euromillions\/#primaryimage"},"thumbnailUrl":"https:\/\/jackpotlotteryonline.com\/wp-content\/uploads\/2022\/11\/euromillions.png","datePublished":"2022-12-05T13:30:49+00:00","dateModified":"2022-12-27T08:34:57+00:00","description":"Wyniki losowania Euromillions - zwyci\u0119skie liczby dla najnowszego losowania, a tak\u017ce archiwum poprzednich wynik\u00f3w.","breadcrumb":{"@id":"https:\/\/jackpotlotteryonline.com\/pl\/zwycieskie-numery\/euromillions\/#breadcrumb"},"inLanguage":"pl-PL","potentialAction":[{"@type":"ReadAction","target":["https:\/\/jackpotlotteryonline.com\/pl\/zwycieskie-numery\/euromillions\/"]}]},{"@type":"ImageObject","inLanguage":"pl-PL","@id":"https:\/\/jackpotlotteryonline.com\/pl\/zwycieskie-numery\/euromillions\/#primaryimage","url":"https:\/\/jackpotlotteryonline.com\/wp-content\/uploads\/2022\/11\/euromillions.png","contentUrl":"https:\/\/jackpotlotteryonline.com\/wp-content\/uploads\/2022\/11\/euromillions.png"},{"@type":"BreadcrumbList","@id":"https:\/\/jackpotlotteryonline.com\/pl\/zwycieskie-numery\/euromillions\/#breadcrumb","itemListElement":[{"@type":"ListItem","position":1,"name":"Home","item":"https:\/\/jackpotlotteryonline.com\/pl\/"},{"@type":"ListItem","position":2,"name":"Wyniki loterii","item":"https:\/\/jackpotlotteryonline.com\/winning-numbers\/"},{"@type":"ListItem","position":3,"name":"Wyniki losowania Euromillions"}]},{"@type":"WebSite","@id":"https:\/\/jackpotlotteryonline.com\/#website","url":"https:\/\/jackpotlotteryonline.com\/","name":"Lotto Online - Crack The International Lottery Jackpots","description":"","potentialAction":[{"@type":"SearchAction","target":{"@type":"EntryPoint","urlTemplate":"https:\/\/jackpotlotteryonline.com\/?s={search_term_string}"},"query-input":"required name=search_term_string"}],"inLanguage":"pl-PL"}]}},"_links":{"self":[{"href":"https:\/\/jackpotlotteryonline.com\/pl\/wp-json\/wp\/v2\/pages\/40605","targetHints":{"allow":["GET"]}}],"collection":[{"href":"https:\/\/jackpotlotteryonline.com\/pl\/wp-json\/wp\/v2\/pages"}],"about":[{"href":"https:\/\/jackpotlotteryonline.com\/pl\/wp-json\/wp\/v2\/types\/page"}],"author":[{"embeddable":true,"href":"https:\/\/jackpotlotteryonline.com\/pl\/wp-json\/wp\/v2\/users\/1"}],"replies":[{"embeddable":true,"href":"https:\/\/jackpotlotteryonline.com\/pl\/wp-json\/wp\/v2\/comments?post=40605"}],"version-history":[{"count":0,"href":"https:\/\/jackpotlotteryonline.com\/pl\/wp-json\/wp\/v2\/pages\/40605\/revisions"}],"up":[{"embeddable":true,"href":"https:\/\/jackpotlotteryonline.com\/pl\/wp-json\/wp\/v2\/pages\/35844"}],"wp:attachment":[{"href":"https:\/\/jackpotlotteryonline.com\/pl\/wp-json\/wp\/v2\/media?parent=40605"}],"curies":[{"name":"wp","href":"https:\/\/api.w.org\/{rel}","templated":true}]}}