{"id":40676,"date":"2022-12-06T07:20:17","date_gmt":"2022-12-06T07:20:17","guid":{"rendered":"https:\/\/jackpotlotteryonline.com\/?page_id=40676"},"modified":"2022-12-28T08:42:16","modified_gmt":"2022-12-28T08:42:16","slug":"eurojackpot","status":"publish","type":"page","link":"https:\/\/jackpotlotteryonline.com\/pl\/zwycieskie-numery\/eurojackpot\/","title":{"rendered":"Wyniki losowania Eurojackpot"},"content":{"rendered":"<p>Jak sprawdzi\u0107 zwyci\u0119skie numery loterii Eurojackpot? Jako jedna z bardziej popularnych loterii w Europie, gracze na ca\u0142ym \u015bwiecie s\u0105 spragnieni okazji do wielkiej wygranej. Je\u015bli mieszkasz poza Europ\u0105, mo\u017cesz r\u00f3wnie\u017c kupi\u0107 bilety na t\u0119 loteri\u0119 i sprawdzi\u0107 wyniki losowania online.<\/p>\n<p>Kiedy odwiedzasz jackpotlotteryonline.com otrzymujesz dost\u0119p do najlepszych mi\u0119dzynarodowych loterii na ca\u0142ym \u015bwiecie. Zapewniamy prosty i wygodny spos\u00f3b na gr\u0119 na loterii i sprawdzenie losowa\u0144 w jednym miejscu.<\/p>\n<h2>Co to jest Zwyci\u0119ska Kombinacja?<\/h2>\n<p><img loading=\"lazy\" decoding=\"async\" class=\"size-full wp-image-28751 alignright\" src=\"https:\/\/jackpotlotteryonline.com\/wp-content\/uploads\/2022\/11\/1_online_ticket_eurojackpot.jpg\" alt=\"Eurojackpot zwyci\u0119skie kombinacje\" width=\"300\" height=\"210\" \/>Wi\u0119kszo\u015b\u0107 ludzi <a href=\"https:\/\/jackpotlotteryonline.com\/pl\/jak-grac\/eurojackpot\">gra na loterii<\/a>, aby mie\u0107 szans\u0119 na wielk\u0105 wygran\u0105, a gracze szczeg\u00f3lnie kochaj\u0105 Eurojackpot z wielu powod\u00f3w. Jednym z nich jest wysoka szansa na wygran\u0105. Loteria ta wyprodukowa\u0142a wielu milioner\u00f3w od momentu jej uruchomienia.<\/p>\n<p>Zasadniczo, zwyci\u0119zc\u0105 jest kupon, kt\u00f3ry pasuje do wylosowanych liczb. Je\u015bli grasz online, musisz wybra\u0107 5 cyfr z przedzia\u0142u od 1 do 50 i 2 inne od 1 do 12. Kto dopasuje siedem wylosowanych cyfr, wygrywa jackpot.<\/p>\n<p>Wybieraj\u0105c swoje liczby, mo\u017cesz wybra\u0107 te, kt\u00f3re s\u0105 dla Ciebie szczeg\u00f3lne lub losowe. Niekt\u00f3rzy gracze wol\u0105 skorzysta\u0107 z naszego automatycznego generatora, aby wybra\u0107 losowo. Najwa\u017cniejsze jest to, aby zdoby\u0107 sw\u00f3j kupon przed losowaniem.<\/p>\n<h2>Jak sprawdzi\u0107 wyniki losowania<\/h2>\n<p>Ta europejska loteria ma dwa dni losowania, we wtorek i pi\u0105tek ka\u017cdego tygodnia. Wyniki losowa\u0144 cz\u0119sto og\u0142aszane s\u0105 podczas pokazu na \u017cywo. Jednak czekanie na losowania na \u017cywo mo\u017ce by\u0107 nieco k\u0142opotliwe. Szczeg\u00f3lnie je\u015bli koliduje to z wa\u017cn\u0105 funkcj\u0105 lub np. Twoj\u0105 prac\u0105. Dlatego w\u0142a\u015bnie gra na loterii z nami jest fantastyczn\u0105 opcj\u0105.<\/p>\n<p>Kiedy grasz z nami, wystarczy, \u017ce sprawdzisz wyniki losowania. To dlatego, \u017ce publikujemy wyniki losowania w\u0142a\u015bnie tutaj, na naszej stronie.<\/p>\n<p>Ponadto, je\u015bli wygrasz nagrod\u0119, poinformujemy Ci\u0119 o tym jak tylko j\u0105 zdob\u0119dziesz poprzez email. A gdy tylko zalogujesz si\u0119 na swoje konto na naszej platformie, otrzymasz powiadomienie. Gra na loterii jest jeszcze \u0142atwiejsza i wygodniejsza, gdy kupisz swoje kupony od nas.<\/p>\n<h2>Co zrobi\u0107, gdy wygrasz<\/h2>\n<p>Uwielbiamy, gdy nasi klienci wygrywaj\u0105 na loterii, poniewa\u017c w\u0142a\u015bnie dlatego jeste\u015bmy tutaj w pierwszej kolejno\u015bci. Aby da\u0107 graczom wsz\u0119dzie dost\u0119p do najlepszych mi\u0119dzynarodowych loterii z wygody ich komputer\u00f3w lub urz\u0105dze\u0144 mobilnych.<\/p>\n<p>Tak wi\u0119c, je\u015bli wygrasz nagrod\u0119, nie tylko powiadomimy Ci\u0119 o tym, ale mo\u017cesz \u0142atwo wyp\u0142aci\u0107 swoje wygrane z naszej platformy. W\u0142a\u015bnie tak. Nie musisz nigdzie i\u015b\u0107, aby uzyska\u0107 dost\u0119p do swojej loteryjnej nagrody, wystarczy, \u017ce wyp\u0142acisz j\u0105 prosto na swoje konto.<\/p>\n<p>Powinni\u015bmy jednak wspomnie\u0107, \u017ce gdy wygrana przekracza pewn\u0105 kwot\u0119, mo\u017ce by\u0107 konieczne wype\u0142nienie formularza roszczenia. Ma to na celu pom\u00f3c Ci uzyska\u0107 wygran\u0105 od firmy loteryjnej. My jednak jeste\u015bmy tutaj, aby Ci pom\u00f3c i sprawi\u0107, \u017ce proces ten b\u0119dzie tak \u0142atwy i prosty, jak to tylko mo\u017cliwe.<\/p>\n<section class=\"layout\" style=\"border: solid 1px; width: 100%;\">\n<div class=\"img-div\" style=\"margin-top: 5px;\"><img decoding=\"async\" class=\"wp-image-17212 alignleft\" style=\"height: 45px; margin: 8px 8px 0px;\" src=\"https:\/\/jackpotlotteryonline.com\/wp-content\/uploads\/2022\/11\/read1.jpg\" alt=\"czytaj\" width=\"\" height=\"\" \/><\/div>\n<div style=\"padding-left: 5px;\">\n<div style=\"font-size: 1.1em;\">\n<p><strong>Jak mog\u0119 otrzyma\u0107 zap\u0142at\u0119, je\u015bli wygram na loterii online?<\/strong><\/p>\n<p style=\"font-size: 0.85em; margin-top: -1.5em;\">Oto jak otrzymasz swoje pieni\u0105dze, je\u015bli wygrasz na loterii online\u00a0 <a href=\"https:\/\/jackpotlotteryonline.com\/pl\/jak-otrzymam-zaplate-jesli-wygram-na-loterii-online\">wi\u0119cej<\/a><\/p>\n<\/div>\n<\/div>\n<\/section>\n<h2>Sprawd\u017a swoje zwyci\u0119skie numery Eurojackpot tutaj<\/h2>\n<p><a href=\"https:\/\/jackpotlotteryonline.com\/pl\/kupic-bilety\/eurojackpot\">Kup swoje kupony loteryjne<\/a>, wejd\u017a na losowania i sprawd\u017a wyniki losowa\u0144, wszystko z jednej strony. Odwied\u017a jackpotlotteryonline.com ju\u017c dzi\u015b.<\/p>\n","protected":false},"excerpt":{"rendered":"<p>Jak sprawdzi\u0107 zwyci\u0119skie numery loterii Eurojackpot? Jako jedna z bardziej popularnych loterii w Europie, gracze na ca\u0142ym \u015bwiecie s\u0105 spragnieni okazji do wielkiej wygranej. Je\u015bli mieszkasz poza Europ\u0105, mo\u017cesz r\u00f3wnie\u017c kupi\u0107 bilety na t\u0119 loteri\u0119 i sprawdzi\u0107 wyniki losowania online. Kiedy odwiedzasz jackpotlotteryonline.com otrzymujesz dost\u0119p do najlepszych mi\u0119dzynarodowych loterii na ca\u0142ym \u015bwiecie. Zapewniamy prosty i [&hellip;]<\/p>\n","protected":false},"author":1,"featured_media":0,"parent":35844,"menu_order":4,"comment_status":"closed","ping_status":"closed","template":"eurojackpot-results.php","meta":{"_et_pb_use_builder":"","_et_pb_old_content":"","_et_gb_content_width":"","exclude_from_search":false,"footnotes":""},"class_list":["post-40676","page","type-page","status-publish","hentry"],"yoast_head":"<!-- This site is optimized with the Yoast SEO plugin v23.3 - https:\/\/yoast.com\/wordpress\/plugins\/seo\/ -->\n<title>Eurojackpot zwyci\u0119skie numery i wyniki losowa\u0144<\/title>\n<meta name=\"description\" content=\"Nie chcesz zna\u0107 zwyci\u0119skich liczb dla Eurojackpot? Sprawd\u017a wszystkie wyniki losowa\u0144 Eurojackpot i wielu innych loterii tutaj!\" \/>\n<meta name=\"robots\" content=\"index, follow, max-snippet:-1, max-image-preview:large, max-video-preview:-1\" \/>\n<link rel=\"canonical\" href=\"https:\/\/jackpotlotteryonline.com\/pl\/zwycieskie-numery\/eurojackpot\/\" \/>\n<meta property=\"og:locale\" content=\"pl_PL\" \/>\n<meta property=\"og:type\" content=\"article\" \/>\n<meta property=\"og:title\" content=\"Eurojackpot zwyci\u0119skie numery i wyniki losowa\u0144\" \/>\n<meta property=\"og:description\" content=\"Nie chcesz zna\u0107 zwyci\u0119skich liczb dla Eurojackpot? Sprawd\u017a wszystkie wyniki losowa\u0144 Eurojackpot i wielu innych loterii tutaj!\" \/>\n<meta property=\"og:url\" content=\"https:\/\/jackpotlotteryonline.com\/pl\/zwycieskie-numery\/eurojackpot\/\" \/>\n<meta property=\"og:site_name\" content=\"Lotto Online - Crack The International Lottery Jackpots\" \/>\n<meta property=\"article:modified_time\" content=\"2022-12-28T08:42:16+00:00\" \/>\n<meta property=\"og:image\" content=\"https:\/\/jackpotlotteryonline.com\/wp-content\/uploads\/2022\/11\/1_online_ticket_eurojackpot.jpg\" \/>\n<meta name=\"twitter:card\" content=\"summary_large_image\" \/>\n<meta name=\"twitter:label1\" content=\"Szacowany czas czytania\" \/>\n\t<meta name=\"twitter:data1\" content=\"3 minuty\" \/>\n<!-- \/ Yoast SEO plugin. -->","yoast_head_json":{"title":"Eurojackpot zwyci\u0119skie numery i wyniki losowa\u0144","description":"Nie chcesz zna\u0107 zwyci\u0119skich liczb dla Eurojackpot? Sprawd\u017a wszystkie wyniki losowa\u0144 Eurojackpot i wielu innych loterii tutaj!","robots":{"index":"index","follow":"follow","max-snippet":"max-snippet:-1","max-image-preview":"max-image-preview:large","max-video-preview":"max-video-preview:-1"},"canonical":"https:\/\/jackpotlotteryonline.com\/pl\/zwycieskie-numery\/eurojackpot\/","og_locale":"pl_PL","og_type":"article","og_title":"Eurojackpot zwyci\u0119skie numery i wyniki losowa\u0144","og_description":"Nie chcesz zna\u0107 zwyci\u0119skich liczb dla Eurojackpot? Sprawd\u017a wszystkie wyniki losowa\u0144 Eurojackpot i wielu innych loterii tutaj!","og_url":"https:\/\/jackpotlotteryonline.com\/pl\/zwycieskie-numery\/eurojackpot\/","og_site_name":"Lotto Online - Crack The International Lottery Jackpots","article_modified_time":"2022-12-28T08:42:16+00:00","og_image":[{"url":"https:\/\/jackpotlotteryonline.com\/wp-content\/uploads\/2022\/11\/1_online_ticket_eurojackpot.jpg"}],"twitter_card":"summary_large_image","twitter_misc":{"Szacowany czas czytania":"3 minuty"},"schema":{"@context":"https:\/\/schema.org","@graph":[{"@type":"WebPage","@id":"https:\/\/jackpotlotteryonline.com\/pl\/zwycieskie-numery\/eurojackpot\/","url":"https:\/\/jackpotlotteryonline.com\/pl\/zwycieskie-numery\/eurojackpot\/","name":"Eurojackpot zwyci\u0119skie numery i wyniki losowa\u0144","isPartOf":{"@id":"https:\/\/jackpotlotteryonline.com\/#website"},"primaryImageOfPage":{"@id":"https:\/\/jackpotlotteryonline.com\/pl\/zwycieskie-numery\/eurojackpot\/#primaryimage"},"image":{"@id":"https:\/\/jackpotlotteryonline.com\/pl\/zwycieskie-numery\/eurojackpot\/#primaryimage"},"thumbnailUrl":"https:\/\/jackpotlotteryonline.com\/wp-content\/uploads\/2022\/11\/1_online_ticket_eurojackpot.jpg","datePublished":"2022-12-06T07:20:17+00:00","dateModified":"2022-12-28T08:42:16+00:00","description":"Nie chcesz zna\u0107 zwyci\u0119skich liczb dla Eurojackpot? Sprawd\u017a wszystkie wyniki losowa\u0144 Eurojackpot i wielu innych loterii tutaj!","breadcrumb":{"@id":"https:\/\/jackpotlotteryonline.com\/pl\/zwycieskie-numery\/eurojackpot\/#breadcrumb"},"inLanguage":"pl-PL","potentialAction":[{"@type":"ReadAction","target":["https:\/\/jackpotlotteryonline.com\/pl\/zwycieskie-numery\/eurojackpot\/"]}]},{"@type":"ImageObject","inLanguage":"pl-PL","@id":"https:\/\/jackpotlotteryonline.com\/pl\/zwycieskie-numery\/eurojackpot\/#primaryimage","url":"https:\/\/jackpotlotteryonline.com\/wp-content\/uploads\/2022\/11\/1_online_ticket_eurojackpot.jpg","contentUrl":"https:\/\/jackpotlotteryonline.com\/wp-content\/uploads\/2022\/11\/1_online_ticket_eurojackpot.jpg"},{"@type":"BreadcrumbList","@id":"https:\/\/jackpotlotteryonline.com\/pl\/zwycieskie-numery\/eurojackpot\/#breadcrumb","itemListElement":[{"@type":"ListItem","position":1,"name":"Home","item":"https:\/\/jackpotlotteryonline.com\/pl\/"},{"@type":"ListItem","position":2,"name":"Wyniki loterii","item":"https:\/\/jackpotlotteryonline.com\/winning-numbers\/"},{"@type":"ListItem","position":3,"name":"Wyniki losowania Eurojackpot"}]},{"@type":"WebSite","@id":"https:\/\/jackpotlotteryonline.com\/#website","url":"https:\/\/jackpotlotteryonline.com\/","name":"Lotto Online - Crack The International Lottery Jackpots","description":"","potentialAction":[{"@type":"SearchAction","target":{"@type":"EntryPoint","urlTemplate":"https:\/\/jackpotlotteryonline.com\/?s={search_term_string}"},"query-input":"required name=search_term_string"}],"inLanguage":"pl-PL"}]}},"_links":{"self":[{"href":"https:\/\/jackpotlotteryonline.com\/pl\/wp-json\/wp\/v2\/pages\/40676","targetHints":{"allow":["GET"]}}],"collection":[{"href":"https:\/\/jackpotlotteryonline.com\/pl\/wp-json\/wp\/v2\/pages"}],"about":[{"href":"https:\/\/jackpotlotteryonline.com\/pl\/wp-json\/wp\/v2\/types\/page"}],"author":[{"embeddable":true,"href":"https:\/\/jackpotlotteryonline.com\/pl\/wp-json\/wp\/v2\/users\/1"}],"replies":[{"embeddable":true,"href":"https:\/\/jackpotlotteryonline.com\/pl\/wp-json\/wp\/v2\/comments?post=40676"}],"version-history":[{"count":0,"href":"https:\/\/jackpotlotteryonline.com\/pl\/wp-json\/wp\/v2\/pages\/40676\/revisions"}],"up":[{"embeddable":true,"href":"https:\/\/jackpotlotteryonline.com\/pl\/wp-json\/wp\/v2\/pages\/35844"}],"wp:attachment":[{"href":"https:\/\/jackpotlotteryonline.com\/pl\/wp-json\/wp\/v2\/media?parent=40676"}],"curies":[{"name":"wp","href":"https:\/\/api.w.org\/{rel}","templated":true}]}}