{"id":40728,"date":"2022-12-06T08:40:55","date_gmt":"2022-12-06T08:40:55","guid":{"rendered":"https:\/\/jackpotlotteryonline.com\/?page_id=40728"},"modified":"2022-12-27T10:10:03","modified_gmt":"2022-12-27T10:10:03","slug":"superenalotto","status":"publish","type":"page","link":"https:\/\/jackpotlotteryonline.com\/pl\/zwycieskie-numery\/superenalotto\/","title":{"rendered":"Wyniki losowania Superenalotto"},"content":{"rendered":"<p>Superenalotto jest narodow\u0105 loteri\u0105 W\u0142och i jest popularn\u0105 loteri\u0105 w\u015br\u00f3d graczy w tym kraju. Je\u015bli grasz spoza W\u0142och, warto dowiedzie\u0107 si\u0119 jak sprawdzi\u0107 zwyci\u0119skie numery. Czytaj dalej, aby dowiedzie\u0107 si\u0119 wi\u0119cej.<\/p>\n<h2>Kroki do gry w Superenalotto online<\/h2>\n<p><a href=\"https:\/\/jackpotlotteryonline.com\/pl\/jak-grac\/superenalotto\">Gra w Superenalotto online<\/a> jest jak gra offline, ale z wi\u0119ksz\u0105 wygod\u0105 i \u0142atwo\u015bci\u0105. Po przej\u015bciu na stron\u0119 Superenalotto na jackpotlotteryoneline.com, mo\u017cesz wybra\u0107 6 numer\u00f3w od 1 do 90. Nast\u0119pnie wybierz liczb\u0119 losowa\u0144, w kt\u00f3re chcesz wej\u015b\u0107, a mo\u017cesz wej\u015b\u0107 a\u017c do 5 tygodni wcze\u015bniej. Im wi\u0119cej losowa\u0144, tym wi\u0119ksze szanse na wygran\u0105.<\/p>\n<p>Superenalotto organizuje trzy cotygodniowe losowania we wtorki, czwartki i soboty. Mo\u017cesz wi\u0119c wzi\u0105\u0107 udzia\u0142 w jednym z nich lub we wszystkich. Mo\u017cesz wybra\u0107 numer SuperStar, aby zwi\u0119kszy\u0107 swoje szanse na wygran\u0105 w loterii. Istnieje tak\u017ce &#8220;Weso\u0142y Numer&#8221;, kt\u00f3ry mie\u015bci si\u0119 w przedziale od 1 do 90 i jest u\u017cywany do okre\u015blenia zwyci\u0119zcy drugiego stopnia.<\/p>\n<h2>Jak sprawdzi\u0107 swoje zwyci\u0119skie numery<\/h2>\n<p><img loading=\"lazy\" decoding=\"async\" class=\"alignright size-full wp-image-31316\" src=\"https:\/\/jackpotlotteryonline.com\/wp-content\/uploads\/2022\/11\/logo_superenalotto.png\" alt=\"Wyniki losowania Superenalotto\" width=\"200\" height=\"212\" \/>Istniej\u0105 r\u00f3\u017cne sposoby, aby sprawdzi\u0107 zwyci\u0119skie numery podczas gry w Superenalotto. Mo\u017cesz ogl\u0105da\u0107 losowania na \u017cywo w telewizji, ale jest to mo\u017cliwe tylko wtedy, gdy mieszkasz we W\u0142oszech i m\u00f3wisz po w\u0142osku. Na szcz\u0119\u015bcie mo\u017cna r\u00f3wnie\u017c sprawdzi\u0107 zwyci\u0119skie numery online po losowaniach. Wi\u0119kszo\u015b\u0107 serwis\u00f3w informacyjnych publikuje wyniki losowania.<\/p>\n<p>Jest jednak kilka problem\u00f3w z tym zwi\u0105zanych. Po pierwsze, mo\u017cna \u0142atwo zapomnie\u0107 o sprawdzeniu wynik\u00f3w losowania. Istniej\u0105 historie nagr\u00f3d jackpot, kt\u00f3re pozosta\u0142y nieodebrane, prawdopodobnie dlatego, \u017ce zwyci\u0119zcy zapomnieli sprawdzi\u0107 swoje bilety. Ponadto, wiele stron publikuje tylko zwyci\u0119skie numery dla pierwszego poziomu. Wi\u0119kszo\u015b\u0107 loterii ma wiele poziom\u00f3w nagr\u00f3d.<\/p>\n<p>Je\u015bli grasz Superenalotto z nami, nie musisz si\u0119 martwi\u0107, \u017ce przegapisz jak\u0105\u015b nagrod\u0119. Nie tylko poinformujemy Ci\u0119 jak tylko wygrasz nagrod\u0119, ale otrzymasz powiadomienie po zalogowaniu. Poza tym, publikujemy wyniki loterii zaraz po losowaniach tutaj na naszej stronie. Wr\u00f3\u0107 wi\u0119c po losowaniach, aby sprawdzi\u0107, czy masz zwyci\u0119skie numery na Superenalotto.<\/p>\n<h2>Poziomy nagr\u00f3d Superenalotto<\/h2>\n<p>Wspomnieli\u015bmy ju\u017c, \u017ce loteria Superenalotto ma pul\u0119 nagr\u00f3d wynosz\u0105c\u0105 2 miliony euro. Ale czy wiesz, \u017ce nie ma limitu na kwot\u0119 jackpota? Oznacza to, \u017ce je\u015bli nie ma zwyci\u0119zcy po losowaniu, nagroda nadal si\u0119 kr\u0119ci, dop\u00f3ki nie znajdzie si\u0119 zwyci\u0119zca. W 2019 roku jackpot przewr\u00f3ci\u0142 si\u0119 tak wiele razy, \u017ce osi\u0105gn\u0105\u0142 rekordow\u0105 kwot\u0119 209,1 mln euro.<\/p>\n<p>Opr\u00f3cz jackpota, kt\u00f3ry jest nagrod\u0105 za pierwszy poziom, istniej\u0105 inne nagrody, kt\u00f3re gracz mo\u017ce wygra\u0107. Nagrody s\u0105 okre\u015blane przez pul\u0119 nagr\u00f3d, wi\u0119c nie ma ustalonej kwoty. Podzielimy si\u0119 jednak \u015bredni\u0105 kwot\u0105 na jedno losowanie.<\/p>\n<p>Mecz 6 &#8211; \u20ac92,056,091.66<\/p>\n<p>Match 5 + Jolly number &#8211; \u20ac594,951.95<\/p>\n<p>Mecz 5 &#8211; \u20ac49,736.38<\/p>\n<p>Mecz 4 liczb &#8211; \u20ac354,83<\/p>\n<p>Match 3 numery &#8211; \u20ac27.15<\/p>\n<p>Match 2 numery &#8211; \u20ac5.48<\/p>\n<section class=\"layout\" style=\"border: solid 1px; width: 100%;\">\n<div class=\"img-div\" style=\"margin-top: 5px;\"><img decoding=\"async\" class=\"wp-image-17212 alignleft\" style=\"height: 45px; margin: 8px 8px 0px;\" src=\"https:\/\/jackpotlotteryonline.com\/wp-content\/uploads\/2022\/11\/read1.jpg\" alt=\"czytaj\" width=\"\" height=\"\" \/><\/div>\n<div style=\"padding-left: 5px;\">\n<div style=\"font-size: 1.1em;\">\n<p><strong>Loterie, kt\u00f3re maj\u0105 najwi\u0119ksze szanse na wygran\u0105<\/strong><\/p>\n<p style=\"font-size: 0.85em; margin-top: -1.5em;\">Kt\u00f3ra loteria ma najwi\u0119ksze szanse na wygran\u0105?\u00a0 <a href=\"https:\/\/jackpotlotteryonline.com\/pl\/ktora-loteria-ma-najwieksze-szanse-na-wygrana\"> wi\u0119cej<\/a><\/p>\n<\/div>\n<\/div>\n<\/section>\n<h2>Odbieranie wygranych w Superenalotto<\/h2>\n<p>Skoro grasz w Superenalotto online, to naturalne jest, \u017ce zastanawiasz si\u0119, co si\u0119 dzieje, gdy wygrasz nagrod\u0119. Tutaj podzielimy si\u0119 z Tob\u0105 tym, jak mo\u017cesz odebra\u0107 swoj\u0105 wygran\u0105 w Superenalotto, nawet je\u015bli mieszkasz poza W\u0142ochami.<\/p>\n<p>Kiedy grasz z nami w Superenalotto, odebranie wygranej jest tak proste, jak zalogowanie si\u0119 na swoje konto tutaj. W przypadku wygranych poni\u017cej \u20ac2500, mo\u017cesz wyp\u0142aci\u0107 pieni\u0105dze bezpo\u015brednio z naszej platformy na swoje konto. Jest to naprawd\u0119 proste i bezproblemowe, dzi\u0119ki czemu mo\u017cesz skupi\u0107 si\u0119 na wspania\u0142ym do\u015bwiadczeniu loteryjnym.<\/p>\n<p>W przypadku wy\u017cszych kwot, by\u0107 mo\u017ce b\u0119dziesz musia\u0142 skontaktowa\u0107 si\u0119 z firm\u0105 loteryjn\u0105 i wype\u0142ni\u0107 formularz zg\u0142oszeniowy. Ale my b\u0119dziemy tutaj, aby poprowadzi\u0107 Ci\u0119 przez ten proces. Wi\u0119c <a href=\"https:\/\/jackpotlotteryonline.com\/pl\/kupic-bilety\/superenalotto\">kupi\u0107 bilet Superenalotto dzisiaj<\/a> i wybra\u0107 swoje zwyci\u0119skie numery.<\/p>\n","protected":false},"excerpt":{"rendered":"<p>Superenalotto jest narodow\u0105 loteri\u0105 W\u0142och i jest popularn\u0105 loteri\u0105 w\u015br\u00f3d graczy w tym kraju. Je\u015bli grasz spoza W\u0142och, warto dowiedzie\u0107 si\u0119 jak sprawdzi\u0107 zwyci\u0119skie numery. Czytaj dalej, aby dowiedzie\u0107 si\u0119 wi\u0119cej. Kroki do gry w Superenalotto online Gra w Superenalotto online jest jak gra offline, ale z wi\u0119ksz\u0105 wygod\u0105 i \u0142atwo\u015bci\u0105. Po przej\u015bciu na stron\u0119 [&hellip;]<\/p>\n","protected":false},"author":1,"featured_media":0,"parent":35844,"menu_order":5,"comment_status":"closed","ping_status":"closed","template":"superenalotto-results.php","meta":{"_et_pb_use_builder":"","_et_pb_old_content":"","_et_gb_content_width":"","exclude_from_search":false,"footnotes":""},"class_list":["post-40728","page","type-page","status-publish","hentry"],"yoast_head":"<!-- This site is optimized with the Yoast SEO plugin v23.3 - https:\/\/yoast.com\/wordpress\/plugins\/seo\/ -->\n<title>Zwyci\u0119skie numery Superenalotto i wyniki losowania<\/title>\n<meta name=\"description\" content=\"Pobierz wyniki losowania i zwyci\u0119skie numery w\u0142oskiego Superenalotto, z codziennymi aktualizacjami tutaj na naszej stronie loterii.\" \/>\n<meta name=\"robots\" content=\"index, follow, max-snippet:-1, max-image-preview:large, max-video-preview:-1\" \/>\n<link rel=\"canonical\" href=\"https:\/\/jackpotlotteryonline.com\/pl\/zwycieskie-numery\/superenalotto\/\" \/>\n<meta property=\"og:locale\" content=\"pl_PL\" \/>\n<meta property=\"og:type\" content=\"article\" \/>\n<meta property=\"og:title\" content=\"Zwyci\u0119skie numery Superenalotto i wyniki losowania\" \/>\n<meta property=\"og:description\" content=\"Pobierz wyniki losowania i zwyci\u0119skie numery w\u0142oskiego Superenalotto, z codziennymi aktualizacjami tutaj na naszej stronie loterii.\" \/>\n<meta property=\"og:url\" content=\"https:\/\/jackpotlotteryonline.com\/pl\/zwycieskie-numery\/superenalotto\/\" \/>\n<meta property=\"og:site_name\" content=\"Lotto Online - Crack The International Lottery Jackpots\" \/>\n<meta property=\"article:modified_time\" content=\"2022-12-27T10:10:03+00:00\" \/>\n<meta property=\"og:image\" content=\"https:\/\/jackpotlotteryonline.com\/wp-content\/uploads\/2022\/11\/logo_superenalotto.png\" \/>\n<meta name=\"twitter:card\" content=\"summary_large_image\" \/>\n<meta name=\"twitter:label1\" content=\"Szacowany czas czytania\" \/>\n\t<meta name=\"twitter:data1\" content=\"3 minuty\" \/>\n<!-- \/ Yoast SEO plugin. -->","yoast_head_json":{"title":"Zwyci\u0119skie numery Superenalotto i wyniki losowania","description":"Pobierz wyniki losowania i zwyci\u0119skie numery w\u0142oskiego Superenalotto, z codziennymi aktualizacjami tutaj na naszej stronie loterii.","robots":{"index":"index","follow":"follow","max-snippet":"max-snippet:-1","max-image-preview":"max-image-preview:large","max-video-preview":"max-video-preview:-1"},"canonical":"https:\/\/jackpotlotteryonline.com\/pl\/zwycieskie-numery\/superenalotto\/","og_locale":"pl_PL","og_type":"article","og_title":"Zwyci\u0119skie numery Superenalotto i wyniki losowania","og_description":"Pobierz wyniki losowania i zwyci\u0119skie numery w\u0142oskiego Superenalotto, z codziennymi aktualizacjami tutaj na naszej stronie loterii.","og_url":"https:\/\/jackpotlotteryonline.com\/pl\/zwycieskie-numery\/superenalotto\/","og_site_name":"Lotto Online - Crack The International Lottery Jackpots","article_modified_time":"2022-12-27T10:10:03+00:00","og_image":[{"url":"https:\/\/jackpotlotteryonline.com\/wp-content\/uploads\/2022\/11\/logo_superenalotto.png"}],"twitter_card":"summary_large_image","twitter_misc":{"Szacowany czas czytania":"3 minuty"},"schema":{"@context":"https:\/\/schema.org","@graph":[{"@type":"WebPage","@id":"https:\/\/jackpotlotteryonline.com\/pl\/zwycieskie-numery\/superenalotto\/","url":"https:\/\/jackpotlotteryonline.com\/pl\/zwycieskie-numery\/superenalotto\/","name":"Zwyci\u0119skie numery Superenalotto i wyniki losowania","isPartOf":{"@id":"https:\/\/jackpotlotteryonline.com\/#website"},"primaryImageOfPage":{"@id":"https:\/\/jackpotlotteryonline.com\/pl\/zwycieskie-numery\/superenalotto\/#primaryimage"},"image":{"@id":"https:\/\/jackpotlotteryonline.com\/pl\/zwycieskie-numery\/superenalotto\/#primaryimage"},"thumbnailUrl":"https:\/\/jackpotlotteryonline.com\/wp-content\/uploads\/2022\/11\/logo_superenalotto.png","datePublished":"2022-12-06T08:40:55+00:00","dateModified":"2022-12-27T10:10:03+00:00","description":"Pobierz wyniki losowania i zwyci\u0119skie numery w\u0142oskiego Superenalotto, z codziennymi aktualizacjami tutaj na naszej stronie loterii.","breadcrumb":{"@id":"https:\/\/jackpotlotteryonline.com\/pl\/zwycieskie-numery\/superenalotto\/#breadcrumb"},"inLanguage":"pl-PL","potentialAction":[{"@type":"ReadAction","target":["https:\/\/jackpotlotteryonline.com\/pl\/zwycieskie-numery\/superenalotto\/"]}]},{"@type":"ImageObject","inLanguage":"pl-PL","@id":"https:\/\/jackpotlotteryonline.com\/pl\/zwycieskie-numery\/superenalotto\/#primaryimage","url":"https:\/\/jackpotlotteryonline.com\/wp-content\/uploads\/2022\/11\/logo_superenalotto.png","contentUrl":"https:\/\/jackpotlotteryonline.com\/wp-content\/uploads\/2022\/11\/logo_superenalotto.png"},{"@type":"BreadcrumbList","@id":"https:\/\/jackpotlotteryonline.com\/pl\/zwycieskie-numery\/superenalotto\/#breadcrumb","itemListElement":[{"@type":"ListItem","position":1,"name":"Home","item":"https:\/\/jackpotlotteryonline.com\/pl\/"},{"@type":"ListItem","position":2,"name":"Wyniki loterii","item":"https:\/\/jackpotlotteryonline.com\/winning-numbers\/"},{"@type":"ListItem","position":3,"name":"Wyniki losowania Superenalotto"}]},{"@type":"WebSite","@id":"https:\/\/jackpotlotteryonline.com\/#website","url":"https:\/\/jackpotlotteryonline.com\/","name":"Lotto Online - Crack The International Lottery Jackpots","description":"","potentialAction":[{"@type":"SearchAction","target":{"@type":"EntryPoint","urlTemplate":"https:\/\/jackpotlotteryonline.com\/?s={search_term_string}"},"query-input":"required name=search_term_string"}],"inLanguage":"pl-PL"}]}},"_links":{"self":[{"href":"https:\/\/jackpotlotteryonline.com\/pl\/wp-json\/wp\/v2\/pages\/40728","targetHints":{"allow":["GET"]}}],"collection":[{"href":"https:\/\/jackpotlotteryonline.com\/pl\/wp-json\/wp\/v2\/pages"}],"about":[{"href":"https:\/\/jackpotlotteryonline.com\/pl\/wp-json\/wp\/v2\/types\/page"}],"author":[{"embeddable":true,"href":"https:\/\/jackpotlotteryonline.com\/pl\/wp-json\/wp\/v2\/users\/1"}],"replies":[{"embeddable":true,"href":"https:\/\/jackpotlotteryonline.com\/pl\/wp-json\/wp\/v2\/comments?post=40728"}],"version-history":[{"count":0,"href":"https:\/\/jackpotlotteryonline.com\/pl\/wp-json\/wp\/v2\/pages\/40728\/revisions"}],"up":[{"embeddable":true,"href":"https:\/\/jackpotlotteryonline.com\/pl\/wp-json\/wp\/v2\/pages\/35844"}],"wp:attachment":[{"href":"https:\/\/jackpotlotteryonline.com\/pl\/wp-json\/wp\/v2\/media?parent=40728"}],"curies":[{"name":"wp","href":"https:\/\/api.w.org\/{rel}","templated":true}]}}